	{"id":18445,"date":"2024-03-22T09:31:50","date_gmt":"2024-03-22T08:31:50","guid":{"rendered":"https:\/\/rebub.u-bordeaux.fr\/?page_id=18445"},"modified":"2026-02-13T17:04:09","modified_gmt":"2026-02-13T16:04:09","slug":"les-nouveaux-environnements-de-tests","status":"publish","type":"page","link":"http:\/\/rebub.u-bordeaux.fr\/index.php\/alma\/procedures\/generalites\/acceder-a-alma\/les-nouveaux-environnements-de-tests\/","title":{"rendered":"Les environnements de tests"},"content":{"rendered":"<div id='wpig-floatingbar' class='wpig-floatingbar'><div id='wpig-switch-wrapper' class='wpig-switch-wrapper'><span id='wpig-floating-switch' class='wpig-floating-switch'><img src='http:\/\/rebub.u-bordeaux.fr\/wp-content\/plugins\/sticky-toc-advance-table-of-contents\/\\assets\\menu.png'><\/span><\/div><div id='wpig-contents' class='wpig-contents  wpig-sidebar-widget wpig-style-3'><span class='wpig-headline'>Table des mati\u00e8res<span><a data-action='show' class='wpig-btn-toggledisplay'>[ Show ]<\/a><\/span><\/span><!-- Table of Contents --><div id='wpig-table-of-content' class='wpig-table-of-content'><ol><li class='stoc-les-environnement-de-tests'><a href='#stoc-les-environnement-de-tests'>Les environnement de tests<\/a><\/li><li class='stoc-liens-vers-les-environnements-de-test'><a href='#stoc-liens-vers-les-environnements-de-test'>Liens vers les environnements de test<\/a><\/li><li class='stoc-se-connecter-aux-environnements-de-test'><a href='#stoc-se-connecter-aux-environnements-de-test'>Se connecter aux environnements de test<\/a><\/li><li class='stoc-les-donnees-disponibles-dans-les-environnements-de-tests'><a href='#stoc-les-donnees-disponibles-dans-les-environnements-de-tests'>Les donn\u00e9es disponibles dans les environnements de tests<\/a><\/li><\/ol><\/div><!-- END OF Table of Contents --><\/div><\/div><p><div id='wpig-contents' class='wpig-contents  wpig-sidebar-widget wpig-style-1'><span class='wpig-headline'>Table des mati\u00e8res<span><a data-action='show' class='wpig-btn-toggledisplay'>[ Show ]<\/a><\/span><\/span><!-- Table of Contents --><div id='wpig-table-of-content' class='wpig-table-of-content' ><ol><li class='stoc-les-environnement-de-tests'><a href='#stoc-les-environnement-de-tests'>Les environnement de tests<\/a><\/li><li class='stoc-liens-vers-les-environnements-de-test'><a href='#stoc-liens-vers-les-environnements-de-test'>Liens vers les environnements de test<\/a><\/li><li class='stoc-se-connecter-aux-environnements-de-test'><a href='#stoc-se-connecter-aux-environnements-de-test'>Se connecter aux environnements de test<\/a><\/li><li class='stoc-les-donnees-disponibles-dans-les-environnements-de-tests'><a href='#stoc-les-donnees-disponibles-dans-les-environnements-de-tests'>Les donn\u00e9es disponibles dans les environnements de tests<\/a><\/li><\/ol><\/div><!-- END OF Table of Contents --><\/div><\/p>\n<p>Retrouvez sur cette page les liens vers les environnements de tests appel\u00e9s aussi \u00ab\u00a0bacs \u00e0 sable\u00a0\u00bb.<\/p>\n\n\n\n<p>Ces environnements servent \u00e0 r\u00e9aliser des tests sur les fonctionnalit\u00e9s d&rsquo;Alma et sont utilis\u00e9s dans le cadre des formations.<\/p>\n\n\n\n<h3 id=\"stoc-les-environnement-de-tests\" class=\"wpig-heading\">Les environnement de tests<\/h3>\n\n\n\n<p>Le r\u00e9seau dispose de trois environnements de test :<\/p>\n\n\n\n<ul>\n<li>&nbsp;un Alma test r\u00e9seau<\/li>\n\n\n\n<li>&nbsp;un Alma test <span style=\"color: #009de0;\">Universit\u00e9 de Bordeaux<\/span><\/li>\n\n\n\n<li>&nbsp;un Alma test <span style=\"color: #81b129;\">Bordeaux Sciences Agro<\/span><\/li>\n<\/ul>\n\n\n\n<div class=\"is-layout-flex wp-container-3 wp-block-columns bord-bloc-reutilisable has-background\" style=\"background-color:#ffeec2\">\n<div class=\"is-layout-flow wp-block-column\" style=\"flex-basis:7%\">\n<figure class=\"wp-block-image alignfull size-full is-style-default\"><img decoding=\"async\" loading=\"lazy\" width=\"512\" height=\"512\" src=\"https:\/\/rebub.u-bordeaux.fr\/wp-content\/uploads\/2024\/04\/nouvelles-idees-en-cours.png\" alt=\"\" class=\"wp-image-19897\" srcset=\"https:\/\/rebub.u-bordeaux.fr\/wp-content\/uploads\/2024\/04\/nouvelles-idees-en-cours.png 512w, https:\/\/rebub.u-bordeaux.fr\/wp-content\/uploads\/2024\/04\/nouvelles-idees-en-cours-300x300.png 300w, https:\/\/rebub.u-bordeaux.fr\/wp-content\/uploads\/2024\/04\/nouvelles-idees-en-cours-150x150.png 150w\" sizes=\"(max-width: 512px) 100vw, 512px\" \/><\/figure>\n<\/div>\n\n\n\n<div class=\"is-layout-flow wp-block-column\" style=\"flex-basis:85%\">\n<p><strong>Note<\/strong> : Les coll\u00e8gues de l&rsquo;Universit\u00e9 Bordeaux Montaigne, Sciences Po Bordeaux et Bordeaux INP ne disposent pas d&rsquo;environnements d\u00e9di\u00e9s.<\/p>\n\n\n\n<p>Des comptes pour chacun d&rsquo;entre eux ont \u00e9t\u00e9 cr\u00e9\u00e9s afin qu&rsquo;ils puissent utiliser l&rsquo;environnement de test de l&rsquo;Universit\u00e9 de Bordeaux.<\/p>\n<\/div>\n<\/div>\n\n\n\n<h3 id=\"stoc-liens-vers-les-environnements-de-test\" class=\"wpig-heading\">Liens vers les environnements de test<\/h3>\n\n\n\n<ul>\n<li>\u00a0Alma <span style=\"color: #009de0;\">Universit\u00e9 de Bordeaux<\/span> : <a href=\"https:\/\/pudb-ub-psb.alma.exlibrisgroup.com\/institution\/33PUDB_UB\/SAML\/idpCode\/UB_SAML\" target=\"_blank\" rel=\"noreferrer noopener\">https:\/\/pudb-ub-psb.alma.exlibrisgroup.com\/institution\/33PUDB_UB\/SAML\/idpCode\/UB_SAML<\/a><\/li>\n\n\n\n<li>\u00a0Alma <span style=\"color: #81b129;\">Bordeaux Sciences Agro<\/span> : <a href=\"https:\/\/pudb-bxsa-psb.alma.exlibrisgroup.com\/institution\/33PUDB_BXSA\/SAML\/idpCode\/BXSA_SAML\" target=\"_blank\" rel=\"noreferrer noopener\">https:\/\/pudb-bxsa-psb.alma.exlibrisgroup.com\/institution\/33PUDB_BXSA\/SAML\/idpCode\/BXSA_SAML<\/a><\/li>\n<\/ul>\n\n\n\n<ul>\n<li>lien vers l&rsquo;environnement de test de l&rsquo;Universit\u00e9 de Bordeaux pour les coll\u00e8gues de l&rsquo;Universit\u00e9 Bordeaux Montaigne : <a href=\"https:\/\/pudb-ub-psb.alma.exlibrisgroup.com\/institution\/33PUDB_UB\/SAML\/idpCode\/UBM_SAML\" target=\"_blank\" rel=\"noreferrer noopener\">https:\/\/pudb-ub-psb.alma.exlibrisgroup.com\/institution\/33PUDB_UB\/SAML\/idpCode\/UBM_SAML<\/a><\/li>\n\n\n\n<li>lien vers l&rsquo;environnement de test de l&rsquo;Universit\u00e9 de Bordeaux pour les coll\u00e8gues de Bordeaux Sciences Po : <a href=\"https:\/\/pudb-ub-psb.alma.exlibrisgroup.com\/institution\/33PUDB_UB\/SAML\/idpCode\/IEP_SAML\" target=\"_blank\" rel=\"noreferrer noopener\">https:\/\/pudb-ub-psb.alma.exlibrisgroup.com\/institution\/33PUDB_UB\/SAML\/idpCode\/IEP_SAML<\/a><\/li>\n\n\n\n<li>\u00a0lien vers l&rsquo;environnement de test de l&rsquo;Universit\u00e9 de Bordeaux pour les coll\u00e8gues de Bordeaux INP : <a href=\"https:\/\/pudb-ub-psb.alma.exlibrisgroup.com\/institution\/33PUDB_UB\/SAML\/idpCode\/INP_SAML\" target=\"_blank\" rel=\"noreferrer noopener\">https:\/\/pudb-ub-psb.alma.exlibrisgroup.com\/institution\/33PUDB_UB\/SAML\/idpCode\/INP_SAML<\/a><\/li>\n\n\n\n<li>lien vers l&rsquo;environnement de test Universit\u00e9 de Bordeaux pour les acc\u00e8s provisoires (via l\u2019authentification Ex Libris) : <a href=\"https:\/\/pudb-ub-psb.alma.exlibrisgroup.com\/mng\/login?mode=ajax\" target=\"_blank\" rel=\"noopener noreferrer\">https:\/\/pudb-ub-psb.alma.exlibrisgroup.com\/mng\/login?mode=ajax<\/a><\/li>\n<\/ul>\n\n\n\n<h3 id=\"stoc-se-connecter-aux-environnements-de-test\" class=\"wpig-heading\">Se connecter aux environnements de test<\/h3>\n\n\n\n<p>Rien de plus simple, vous vous connectez de la m\u00eame mani\u00e8re que les environnements de production, avec vos identifiants et mots de passe \u00e9tablissement.<\/p>\n\n\n\n<h3 id=\"stoc-les-donnees-disponibles-dans-les-environnements-de-tests\" class=\"wpig-heading\">Les donn\u00e9es disponibles dans les environnements de tests<\/h3>\n\n\n\n<p>Dans chaque environnement de test, nous retrouvons les donn\u00e9es lecteurs et de collections propres \u00e0 chaque \u00e9tablissement.<\/p>\n\n\n\n<div class=\"is-layout-flex wp-container-6 wp-block-columns bord-bloc-reutilisable has-background\" style=\"background-color:#ffeec2\">\n<div class=\"is-layout-flow wp-block-column\" style=\"flex-basis:7%\">\n<figure class=\"wp-block-image alignfull size-full is-style-default\"><img decoding=\"async\" loading=\"lazy\" width=\"512\" height=\"512\" src=\"https:\/\/rebub.u-bordeaux.fr\/wp-content\/uploads\/2024\/04\/nouvelles-idees-en-cours.png\" alt=\"\" class=\"wp-image-19897\" srcset=\"https:\/\/rebub.u-bordeaux.fr\/wp-content\/uploads\/2024\/04\/nouvelles-idees-en-cours.png 512w, https:\/\/rebub.u-bordeaux.fr\/wp-content\/uploads\/2024\/04\/nouvelles-idees-en-cours-300x300.png 300w, https:\/\/rebub.u-bordeaux.fr\/wp-content\/uploads\/2024\/04\/nouvelles-idees-en-cours-150x150.png 150w\" sizes=\"(max-width: 512px) 100vw, 512px\" \/><\/figure>\n<\/div>\n\n\n\n<div class=\"is-layout-flow wp-block-column\" style=\"flex-basis:85%\">\n<p><strong>Note<\/strong> : Les coll\u00e8gues de l&rsquo;Universit\u00e9 Bordeaux Montaigne, de Sciences Po Bordeaux et Bordeaux INP r\u00e9aliseront, par cons\u00e9quent, leurs tests sur des donn\u00e9es de l&rsquo;Universit\u00e9 de Bordeaux.<\/p>\n<\/div>\n<\/div>\n\n\n\n<p>Les donn\u00e9es dans les environnements de test sont actualis\u00e9es <strong>deux fois par an aux mois de f\u00e9vrier et d&rsquo;ao\u00fbt<\/strong>.<\/p>\n\n\n\n<p>Si vous rencontrez des probl\u00e8mes de connexion et si vous voulez des renseignements compl\u00e9mentaires, contactez le scoop : <a href=\"mailto:scoop@diff.u-bordeaux.fr\" target=\"_blank\" rel=\"noreferrer noopener\">scoop@diff.u-bordeaux.fr<\/a><\/p>\n\n\n\n<div class=\"is-layout-flex wp-container-12 wp-block-columns bord-bloc-reutilisable has-background\" style=\"background-color:#d9edf7\">\n<div class=\"is-layout-flow wp-block-column is-vertically-aligned-center\" style=\"font-size:15px;flex-basis:20%\">\n<p style=\"font-size:15px\"><strong>Date de publication<\/strong> <\/p>\n\n\n<div style=\"font-size:15px;\" class=\"wp-block-post-date\"><time datetime=\"2024-03-22T09:31:50+01:00\">22 mars 2024<\/time><\/div><\/div>\n\n\n\n<div class=\"is-layout-flow wp-block-column is-vertically-aligned-center\" style=\"font-size:15px;flex-basis:20%\">\n<p><strong>Mis \u00e0 jour le <\/strong><\/p>\n\n\n<div style=\"font-size:15px;\" class=\"wp-block-post-date\"><time datetime=\"2026-02-13T17:04:09+01:00\">13 f\u00e9vrier 2026<\/time><\/div><\/div>\n\n\n\n<div class=\"is-layout-flow wp-block-column is-vertically-aligned-center\" style=\"font-size:15px;flex-basis:40%\">\n<p><\/p>\n\n\n\n<p><strong>Attention ! <\/strong>Certains \u00e9tablissements utilisent parfois de proc\u00e9dures compl\u00e9mentaires <\/p>\n<\/div>\n\n\n\n<div class=\"is-layout-flow wp-block-column is-vertically-aligned-center\" style=\"font-size:15px;flex-basis:25%\">\n<div class=\"is-horizontal is-content-justification-center is-layout-flex wp-container-10 wp-block-buttons alignfull has-custom-font-size\" style=\"font-size:16px\">\n<div class=\"wp-block-button has-custom-width wp-block-button__width-75 has-custom-font-size is-style-fill\" style=\"font-size:15px\"><a class=\"wp-block-button__link has-white-color has-text-color has-background wp-element-button\" href=\"mailto:scoop@u-bordeaux.fr\" style=\"border-radius:65px;background-color:#000000db\"><strong>Signaler une erreur<\/strong><\/a><\/div>\n<\/div>\n<\/div>\n<\/div>\n","protected":false},"excerpt":{"rendered":"<p>Table des mati\u00e8res[ Show ]Les environnement de testsLiens vers les environnements de testSe connecter aux environnements de testLes donn\u00e9es disponibles dans les environnements de testsRetrouvez sur cette page les liens vers les environnements de tests appel\u00e9s aussi \u00ab\u00a0bacs \u00e0 sable\u00a0\u00bb&#8230;.<\/p>\n","protected":false},"author":46,"featured_media":0,"parent":18441,"menu_order":2,"comment_status":"closed","ping_status":"closed","template":"","meta":[],"post_mailing_queue_ids":[],"_links":{"self":[{"href":"http:\/\/rebub.u-bordeaux.fr\/index.php\/wp-json\/wp\/v2\/pages\/18445"}],"collection":[{"href":"http:\/\/rebub.u-bordeaux.fr\/index.php\/wp-json\/wp\/v2\/pages"}],"about":[{"href":"http:\/\/rebub.u-bordeaux.fr\/index.php\/wp-json\/wp\/v2\/types\/page"}],"author":[{"embeddable":true,"href":"http:\/\/rebub.u-bordeaux.fr\/index.php\/wp-json\/wp\/v2\/users\/46"}],"replies":[{"embeddable":true,"href":"http:\/\/rebub.u-bordeaux.fr\/index.php\/wp-json\/wp\/v2\/comments?post=18445"}],"version-history":[{"count":7,"href":"http:\/\/rebub.u-bordeaux.fr\/index.php\/wp-json\/wp\/v2\/pages\/18445\/revisions"}],"predecessor-version":[{"id":24693,"href":"http:\/\/rebub.u-bordeaux.fr\/index.php\/wp-json\/wp\/v2\/pages\/18445\/revisions\/24693"}],"up":[{"embeddable":true,"href":"http:\/\/rebub.u-bordeaux.fr\/index.php\/wp-json\/wp\/v2\/pages\/18441"}],"wp:attachment":[{"href":"http:\/\/rebub.u-bordeaux.fr\/index.php\/wp-json\/wp\/v2\/media?parent=18445"}],"curies":[{"name":"wp","href":"https:\/\/api.w.org\/{rel}","templated":true}]}}