	{"id":18460,"date":"2024-03-22T09:32:03","date_gmt":"2024-03-22T08:32:03","guid":{"rendered":"https:\/\/rebub.u-bordeaux.fr\/?page_id=18460"},"modified":"2024-04-19T10:42:21","modified_gmt":"2024-04-19T08:42:21","slug":"les-perimetres-de-recherche-dans-alma","status":"publish","type":"page","link":"http:\/\/rebub.u-bordeaux.fr\/index.php\/alma\/procedures\/generalites\/la-recherche\/les-perimetres-de-recherche-dans-alma\/","title":{"rendered":"Les p\u00e9rim\u00e8tres de recherche dans Alma"},"content":{"rendered":"<div id='wpig-floatingbar' class='wpig-floatingbar'><div id='wpig-switch-wrapper' class='wpig-switch-wrapper'><span id='wpig-floating-switch' class='wpig-floating-switch'><img src='http:\/\/rebub.u-bordeaux.fr\/wp-content\/plugins\/sticky-toc-advance-table-of-contents\/\\assets\\menu.png'><\/span><\/div><\/div><p><\/p>\n<p>Dans Alma, il y a trois p\u00e9rim\u00e8tres ou zones qui d\u00e9limitent une recherche et les donn\u00e9es que l&rsquo;on va rechercher. Les trois p\u00e9rim\u00e8tres sont symbolis\u00e9s par les ic\u00f4nes suivants :<\/p>\n\n\n\n<p><img decoding=\"async\" loading=\"lazy\" class=\"size-full wp-image-3994 alignnone\" src=\"http:\/\/rebub.u-bordeaux.fr\/wp-content\/uploads\/2018\/07\/P\u00e9rim\u00e8tre-institution.png\" alt=\"\" width=\"37\" height=\"35\"> <strong>L&rsquo;institution<\/strong> : dans ce p\u00e9rim\u00e8tre, on recherche les ressources de son \u00e9tablissement (Universit\u00e9 de Bordeaux, Universit\u00e9 Bordeaux Montaigne, Bordeaux Sciences Agro, Science Po Bordeaux, Bordeaux INP)<\/p>\n\n\n\n<p><img decoding=\"async\" loading=\"lazy\" class=\"size-full wp-image-3995 alignnone\" src=\"http:\/\/rebub.u-bordeaux.fr\/wp-content\/uploads\/2018\/07\/P\u00e9rim\u00e8tre-r\u00e9seau.png\" alt=\"\" width=\"42\" height=\"41\"> <strong>Le r\u00e9seau<\/strong> : dans ce p\u00e9rim\u00e8tre, on recherche les ressources de tous les \u00e9tablissements du r\u00e9seau bordelais<\/p>\n\n\n\n<p><img decoding=\"async\" loading=\"lazy\" class=\"size-full wp-image-3996 alignnone\" src=\"http:\/\/rebub.u-bordeaux.fr\/wp-content\/uploads\/2018\/07\/P\u00e9rim\u00e8tre-communaut\u00e9.png\" alt=\"\" width=\"33\" height=\"35\"> <strong>La communaut\u00e9<\/strong> : dans ce p\u00e9rim\u00e8tre, on recherche les ressources \u00e9lectroniques de l&rsquo;ensemble des clients du prestataire Ex Libris<\/p>\n\n\n\n<p>Donn\u00e9es recherch\u00e9es par p\u00e9rim\u00e8tres :<\/p>\n\n\n<div class=\"wp-block-image\">\n<figure class=\"aligncenter\"><a href=\"http:\/\/rebub.u-bordeaux.fr\/wp-content\/uploads\/2018\/07\/D\u00e9couverte-Alma_les-donn\u00e9es-dans-Alma.png\" target=\"_blank\" rel=\"noopener noreferrer\"><img decoding=\"async\" loading=\"lazy\" width=\"800\" height=\"842\" src=\"http:\/\/rebub.u-bordeaux.fr\/wp-content\/uploads\/2018\/07\/D\u00e9couverte-Alma_les-donn\u00e9es-dans-Alma.png\" alt=\"\" class=\"wp-image-4000\" srcset=\"https:\/\/rebub.u-bordeaux.fr\/wp-content\/uploads\/2018\/07\/D\u00e9couverte-Alma_les-donn\u00e9es-dans-Alma.png 800w, https:\/\/rebub.u-bordeaux.fr\/wp-content\/uploads\/2018\/07\/D\u00e9couverte-Alma_les-donn\u00e9es-dans-Alma-285x300.png 285w, https:\/\/rebub.u-bordeaux.fr\/wp-content\/uploads\/2018\/07\/D\u00e9couverte-Alma_les-donn\u00e9es-dans-Alma-768x808.png 768w\" sizes=\"(max-width: 800px) 100vw, 800px\" \/><\/a><\/figure><\/div>\n\n\n<div class=\"is-layout-flex wp-container-6 wp-block-columns bord-bloc-reutilisable has-background\" style=\"background-color:#d9edf7\">\n<div class=\"is-layout-flow wp-block-column is-vertically-aligned-center\" style=\"font-size:15px;flex-basis:20%\">\n<p style=\"font-size:15px\"><strong>Date de publication<\/strong> <\/p>\n\n\n<div style=\"font-size:15px;\" class=\"wp-block-post-date\"><time datetime=\"2024-03-22T09:32:03+01:00\">22 mars 2024<\/time><\/div><\/div>\n\n\n\n<div class=\"is-layout-flow wp-block-column is-vertically-aligned-center\" style=\"font-size:15px;flex-basis:20%\">\n<p><strong>Mis \u00e0 jour le <\/strong><\/p>\n\n\n<div style=\"font-size:15px;\" class=\"wp-block-post-date\"><time datetime=\"2024-04-19T10:42:21+02:00\">19 avril 2024<\/time><\/div><\/div>\n\n\n\n<div class=\"is-layout-flow wp-block-column is-vertically-aligned-center\" style=\"font-size:15px;flex-basis:40%\">\n<p><\/p>\n\n\n\n<p><strong>Attention ! <\/strong>Certains \u00e9tablissements utilisent parfois de proc\u00e9dures compl\u00e9mentaires <\/p>\n<\/div>\n\n\n\n<div class=\"is-layout-flow wp-block-column is-vertically-aligned-center\" style=\"font-size:15px;flex-basis:25%\">\n<div class=\"is-horizontal is-content-justification-center is-layout-flex wp-container-4 wp-block-buttons alignfull has-custom-font-size\" style=\"font-size:16px\">\n<div class=\"wp-block-button has-custom-width wp-block-button__width-75 has-custom-font-size is-style-fill\" style=\"font-size:15px\"><a class=\"wp-block-button__link has-white-color has-text-color has-background wp-element-button\" href=\"mailto:scoop@u-bordeaux.fr\" style=\"border-radius:65px;background-color:#000000db\"><strong>Signaler une erreur<\/strong><\/a><\/div>\n<\/div>\n<\/div>\n<\/div>\n","protected":false},"excerpt":{"rendered":"<p>Dans Alma, il y a trois p\u00e9rim\u00e8tres ou zones qui d\u00e9limitent une recherche et les donn\u00e9es que l&rsquo;on va rechercher. Les trois p\u00e9rim\u00e8tres sont symbolis\u00e9s par les ic\u00f4nes suivants : L&rsquo;institution : dans ce p\u00e9rim\u00e8tre, on recherche les ressources de&#8230;<\/p>\n","protected":false},"author":46,"featured_media":4793,"parent":18443,"menu_order":1,"comment_status":"closed","ping_status":"closed","template":"","meta":[],"post_mailing_queue_ids":[],"_links":{"self":[{"href":"http:\/\/rebub.u-bordeaux.fr\/index.php\/wp-json\/wp\/v2\/pages\/18460"}],"collection":[{"href":"http:\/\/rebub.u-bordeaux.fr\/index.php\/wp-json\/wp\/v2\/pages"}],"about":[{"href":"http:\/\/rebub.u-bordeaux.fr\/index.php\/wp-json\/wp\/v2\/types\/page"}],"author":[{"embeddable":true,"href":"http:\/\/rebub.u-bordeaux.fr\/index.php\/wp-json\/wp\/v2\/users\/46"}],"replies":[{"embeddable":true,"href":"http:\/\/rebub.u-bordeaux.fr\/index.php\/wp-json\/wp\/v2\/comments?post=18460"}],"version-history":[{"count":4,"href":"http:\/\/rebub.u-bordeaux.fr\/index.php\/wp-json\/wp\/v2\/pages\/18460\/revisions"}],"predecessor-version":[{"id":20139,"href":"http:\/\/rebub.u-bordeaux.fr\/index.php\/wp-json\/wp\/v2\/pages\/18460\/revisions\/20139"}],"up":[{"embeddable":true,"href":"http:\/\/rebub.u-bordeaux.fr\/index.php\/wp-json\/wp\/v2\/pages\/18443"}],"wp:featuredmedia":[{"embeddable":true,"href":"http:\/\/rebub.u-bordeaux.fr\/index.php\/wp-json\/wp\/v2\/media\/4793"}],"wp:attachment":[{"href":"http:\/\/rebub.u-bordeaux.fr\/index.php\/wp-json\/wp\/v2\/media?parent=18460"}],"curies":[{"name":"wp","href":"https:\/\/api.w.org\/{rel}","templated":true}]}}