	{"id":18475,"date":"2024-03-22T09:32:15","date_gmt":"2024-03-22T08:32:15","guid":{"rendered":"https:\/\/rebub.u-bordeaux.fr\/?page_id=18475"},"modified":"2026-02-06T16:20:00","modified_gmt":"2026-02-06T15:20:00","slug":"faire-un-retour","status":"publish","type":"page","link":"http:\/\/rebub.u-bordeaux.fr\/index.php\/alma\/procedures\/services-aux-usagers\/pret-retour\/faire-un-retour\/","title":{"rendered":"Faire un retour"},"content":{"rendered":"<div id='wpig-floatingbar' class='wpig-floatingbar'><div id='wpig-switch-wrapper' class='wpig-switch-wrapper'><span id='wpig-floating-switch' class='wpig-floating-switch'><img src='http:\/\/rebub.u-bordeaux.fr\/wp-content\/plugins\/sticky-toc-advance-table-of-contents\/\\assets\\menu.png'><\/span><\/div><div id='wpig-contents' class='wpig-contents  wpig-sidebar-widget wpig-style-3'><span class='wpig-headline'>Table des mati\u00e8res<span><a data-action='show' class='wpig-btn-toggledisplay'>[ Show ]<\/a><\/span><\/span><!-- Table of Contents --><div id='wpig-table-of-content' class='wpig-table-of-content'><ol><li class='faire un retour'><a href='#faire un retour'>Ouvrir la page de retour<\/a><\/li><li class='stoc-faire-un-retour-simple-sans-platine-rfid'><a href='#stoc-faire-un-retour-simple-sans-platine-rfid'>Faire un retour simple (sans platine RFID)<\/a><ol><li class='stoc-faire-un-retour-simple'><a href='#stoc-faire-un-retour-simple'>Faire un retour simple<\/a><\/li><\/ol><li class='stoc-faire-un-retour-avec-une-platine-rfid'><a href='#stoc-faire-un-retour-avec-une-platine-rfid'>Faire un retour avec une platine RFID<\/a><ol><li class='stoc-connecter-la-platine'><a href='#stoc-connecter-la-platine'>Connecter la platine<\/a><\/li><li class='stoc-faire-les-operations'><a href='#stoc-faire-les-operations'>Faire les op\u00e9rations<\/a><\/li><\/ol><li class='stoc-delivrer-un-recu-de-retour'><a href='#stoc-delivrer-un-recu-de-retour'>D\u00e9livrer un re\u00e7u de retour<\/a><\/li><li class='stoc-retour-dun-document-reserve'><a href='#stoc-retour-dun-document-reserve'>Retour d\u2019un document r\u00e9serv\u00e9<\/a><\/li><li class='stoc-alma-en-circuits-retour-dun-document'><a href='#stoc-alma-en-circuits-retour-dun-document'>Alma en circuits\u00a0: retour d\u2019un document<\/a><\/li><\/ol><\/li><\/li><\/div><!-- END OF Table of Contents --><\/div><\/div><p><div id='wpig-contents' class='wpig-contents  wpig-sidebar-widget wpig-style-1'><span class='wpig-headline'>Table des mati\u00e8res<span><a data-action='show' class='wpig-btn-toggledisplay'>[ Show ]<\/a><\/span><\/span><!-- Table of Contents --><div id='wpig-table-of-content' class='wpig-table-of-content' ><ol><li class='faire un retour'><a href='#faire un retour'>Ouvrir la page de retour<\/a><\/li><li class='stoc-faire-un-retour-simple-sans-platine-rfid'><a href='#stoc-faire-un-retour-simple-sans-platine-rfid'>Faire un retour simple (sans platine RFID)<\/a><ol><li class='stoc-faire-un-retour-simple'><a href='#stoc-faire-un-retour-simple'>Faire un retour simple<\/a><\/li><\/ol><li class='stoc-faire-un-retour-avec-une-platine-rfid'><a href='#stoc-faire-un-retour-avec-une-platine-rfid'>Faire un retour avec une platine RFID<\/a><ol><li class='stoc-connecter-la-platine'><a href='#stoc-connecter-la-platine'>Connecter la platine<\/a><\/li><li class='stoc-faire-les-operations'><a href='#stoc-faire-les-operations'>Faire les op\u00e9rations<\/a><\/li><\/ol><li class='stoc-delivrer-un-recu-de-retour'><a href='#stoc-delivrer-un-recu-de-retour'>D\u00e9livrer un re\u00e7u de retour<\/a><\/li><li class='stoc-retour-dun-document-reserve'><a href='#stoc-retour-dun-document-reserve'>Retour d\u2019un document r\u00e9serv\u00e9<\/a><\/li><li class='stoc-alma-en-circuits-retour-dun-document'><a href='#stoc-alma-en-circuits-retour-dun-document'>Alma en circuits\u00a0: retour d\u2019un document<\/a><\/li><\/ol><\/li><\/li><\/div><!-- END OF Table of Contents --><\/div><\/p>\n<div class=\"is-layout-flex wp-container-4 wp-block-columns bord-bloc-reutilisable has-background\" style=\"background-color:#ff303047\">\n<div class=\"is-layout-flow wp-block-column is-vertically-aligned-center\" style=\"flex-basis:7%\">\n<figure class=\"wp-block-image alignfull size-full\"><img decoding=\"async\" loading=\"lazy\" width=\"512\" height=\"512\" src=\"https:\/\/rebub.u-bordeaux.fr\/wp-content\/uploads\/2024\/04\/point-dexclamation.png\" alt=\"\" class=\"wp-image-19898\" srcset=\"https:\/\/rebub.u-bordeaux.fr\/wp-content\/uploads\/2024\/04\/point-dexclamation.png 512w, https:\/\/rebub.u-bordeaux.fr\/wp-content\/uploads\/2024\/04\/point-dexclamation-300x300.png 300w, https:\/\/rebub.u-bordeaux.fr\/wp-content\/uploads\/2024\/04\/point-dexclamation-150x150.png 150w\" sizes=\"(max-width: 512px) 100vw, 512px\" \/><\/figure>\n<\/div>\n\n\n\n<div class=\"is-layout-flow wp-block-column is-vertically-aligned-center\" style=\"flex-basis:52%\">\n<p class=\"has-text-align-left\"><strong>Attention !<\/strong> Avant toute op\u00e9ration, v\u00e9rifier que l&rsquo;on est localis\u00e9 \u00e0 un bureau de pr\u00eat de la biblioth\u00e8que dans laquelle vous vous trouvez.<br>Cliquer sur l&rsquo;ic\u00f4ne <img decoding=\"async\" style=\"width: 27px;\" src=\"http:\/\/rebub.u-bordeaux.fr\/wp-content\/uploads\/2018\/06\/Icone-localisation.png\" alt=\"\"> dans la barre de navigation principale d&rsquo;Alma et choisir son bureau de pr\u00eat.<br>Si l&rsquo;on coche le bouton \u00ab\u00a0Toujours afficher la localisation actuelle\u00a0\u00bb, la localisation appara\u00eet toujours sur la barre de navigation principale \u00e0 la place du bouton <img decoding=\"async\" src=\"http:\/\/rebub.u-bordeaux.fr\/wp-content\/uploads\/2018\/06\/Icone-localisation.png\" alt=\"\" style=\"width: 27px;\"><br><\/p>\n<\/div>\n\n\n\n<div class=\"is-layout-flow wp-block-column is-vertically-aligned-center\"><div class=\"wp-block-image\">\n<figure class=\"aligncenter size-full is-resized\"><img decoding=\"async\" loading=\"lazy\" src=\"https:\/\/rebub.u-bordeaux.fr\/wp-content\/uploads\/2024\/04\/Localisation-1.png\" alt=\"\" class=\"wp-image-20156\" width=\"255\" height=\"208\" srcset=\"https:\/\/rebub.u-bordeaux.fr\/wp-content\/uploads\/2024\/04\/Localisation-1.png 329w, https:\/\/rebub.u-bordeaux.fr\/wp-content\/uploads\/2024\/04\/Localisation-1-300x245.png 300w\" sizes=\"(max-width: 255px) 100vw, 255px\" \/><\/figure><\/div><\/div>\n<\/div>\n\n\n\n<h2 id=\"faire un retour\" id=\"faire un retour\" class=\"wpig-heading\">Ouvrir la page de retour<\/h2>\n\n\n\n<p>Aller dans le menu \u00ab\u00a0Services aux usagers\u00a0\u00bb dans la barre de navigation principale d&rsquo;Alma et s\u00e9lectionner \u00ab\u00a0Retourner des exemplaires\u00a0\u00bb dans le sous-menu \u00ab\u00a0Pr\u00eats\/retours\u00a0\u00bb :<\/p>\n\n\n\n<figure class=\"wp-block-image\"><a href=\"http:\/\/rebub.u-bordeaux.fr\/wp-content\/uploads\/2020\/02\/Services_Aux_Usagers-2.png\" target=\"_blank\" rel=\"noopener noreferrer\"><img decoding=\"async\" loading=\"lazy\" width=\"712\" height=\"189\" src=\"http:\/\/rebub.u-bordeaux.fr\/wp-content\/uploads\/2020\/02\/Services_Aux_Usagers-2.png\" alt=\"\" class=\"wp-image-7821\" srcset=\"https:\/\/rebub.u-bordeaux.fr\/wp-content\/uploads\/2020\/02\/Services_Aux_Usagers-2.png 712w, https:\/\/rebub.u-bordeaux.fr\/wp-content\/uploads\/2020\/02\/Services_Aux_Usagers-2-300x80.png 300w\" sizes=\"(max-width: 712px) 100vw, 712px\" \/><\/a><\/figure>\n\n\n\n<h2 id=\"stoc-faire-un-retour-simple-sans-platine-rfid\" class=\"wpig-heading\">Faire un retour simple (sans platine RFID)<\/h2>\n\n\n\n<h3 id=\"stoc-faire-un-retour-simple\" class=\"wpig-heading\">Faire un retour simple<\/h3>\n\n\n\n<p>Doucher le code-barres du document. Le code-barres va renseigner la bo\u00eete de dialogue \u00ab\u00a0Scanner le code-barres de l&rsquo;exemplaire\u00a0\u00bb :<\/p>\n\n\n<div class=\"wp-block-image\">\n<figure class=\"aligncenter size-large\"><img decoding=\"async\" loading=\"lazy\" width=\"1024\" height=\"233\" src=\"https:\/\/rebub.u-bordeaux.fr\/wp-content\/uploads\/2025\/02\/Services-aux-usagers_rentrer-exemplaire-1-1024x233.jpg\" alt=\"\" class=\"wp-image-23116\" srcset=\"https:\/\/rebub.u-bordeaux.fr\/wp-content\/uploads\/2025\/02\/Services-aux-usagers_rentrer-exemplaire-1-1024x233.jpg 1024w, https:\/\/rebub.u-bordeaux.fr\/wp-content\/uploads\/2025\/02\/Services-aux-usagers_rentrer-exemplaire-1-300x68.jpg 300w, https:\/\/rebub.u-bordeaux.fr\/wp-content\/uploads\/2025\/02\/Services-aux-usagers_rentrer-exemplaire-1-768x175.jpg 768w, https:\/\/rebub.u-bordeaux.fr\/wp-content\/uploads\/2025\/02\/Services-aux-usagers_rentrer-exemplaire-1.jpg 1208w\" sizes=\"(max-width: 1024px) 100vw, 1024px\" \/><\/figure><\/div>\n\n\n<p>Le document en retour appara\u00eet dans un tableau avec des informations comme le nom du lecteur, la date de retour initiale et la date de retour :<\/p>\n\n\n<div class=\"wp-block-image\">\n<figure class=\"aligncenter size-large\"><img decoding=\"async\" loading=\"lazy\" width=\"1024\" height=\"398\" src=\"https:\/\/rebub.u-bordeaux.fr\/wp-content\/uploads\/2025\/02\/Services-aux-usagers_liste-exemplaire-rentre-1024x398.jpg\" alt=\"\" class=\"wp-image-23118\" srcset=\"https:\/\/rebub.u-bordeaux.fr\/wp-content\/uploads\/2025\/02\/Services-aux-usagers_liste-exemplaire-rentre-1024x398.jpg 1024w, https:\/\/rebub.u-bordeaux.fr\/wp-content\/uploads\/2025\/02\/Services-aux-usagers_liste-exemplaire-rentre-300x117.jpg 300w, https:\/\/rebub.u-bordeaux.fr\/wp-content\/uploads\/2025\/02\/Services-aux-usagers_liste-exemplaire-rentre-768x298.jpg 768w, https:\/\/rebub.u-bordeaux.fr\/wp-content\/uploads\/2025\/02\/Services-aux-usagers_liste-exemplaire-rentre.jpg 1205w\" sizes=\"(max-width: 1024px) 100vw, 1024px\" \/><\/figure><\/div>\n\n\n<p>Lorsque les t\u00e2ches de retour sont termin\u00e9es, cliquer sur le bouton \u00ab\u00a0Termin\u00e9\u00a0\u00bb :<\/p>\n\n\n<div class=\"wp-block-image\">\n<figure class=\"aligncenter size-large\"><img decoding=\"async\" loading=\"lazy\" width=\"1024\" height=\"398\" src=\"https:\/\/rebub.u-bordeaux.fr\/wp-content\/uploads\/2025\/02\/Services-aux-usagers_liste-exemplaire-rentre-Copie-1024x398.jpg\" alt=\"\" class=\"wp-image-23119\" srcset=\"https:\/\/rebub.u-bordeaux.fr\/wp-content\/uploads\/2025\/02\/Services-aux-usagers_liste-exemplaire-rentre-Copie-1024x398.jpg 1024w, https:\/\/rebub.u-bordeaux.fr\/wp-content\/uploads\/2025\/02\/Services-aux-usagers_liste-exemplaire-rentre-Copie-300x117.jpg 300w, https:\/\/rebub.u-bordeaux.fr\/wp-content\/uploads\/2025\/02\/Services-aux-usagers_liste-exemplaire-rentre-Copie-768x298.jpg 768w, https:\/\/rebub.u-bordeaux.fr\/wp-content\/uploads\/2025\/02\/Services-aux-usagers_liste-exemplaire-rentre-Copie.jpg 1205w\" sizes=\"(max-width: 1024px) 100vw, 1024px\" \/><\/figure><\/div>\n\n\n<p><strong>Sans douchette<\/strong>, saisir le code-barres dans la bo\u00eete de dialogue et cliquer sur le bouton <img decoding=\"async\" loading=\"lazy\" width=\"31\" height=\"27\" class=\"wp-image-23107\" style=\"width: 31px;\" src=\"https:\/\/rebub.u-bordeaux.fr\/wp-content\/uploads\/2025\/02\/bouton-ok.jpg\" alt=\"\"> :<\/p>\n\n\n<div class=\"wp-block-image\">\n<figure class=\"aligncenter size-large\"><img decoding=\"async\" loading=\"lazy\" width=\"1024\" height=\"224\" src=\"https:\/\/rebub.u-bordeaux.fr\/wp-content\/uploads\/2025\/02\/Services-aux-usagers_rentrer-exemplaire-Copie-1024x224.jpg\" alt=\"\" class=\"wp-image-23121\" srcset=\"https:\/\/rebub.u-bordeaux.fr\/wp-content\/uploads\/2025\/02\/Services-aux-usagers_rentrer-exemplaire-Copie-1024x224.jpg 1024w, https:\/\/rebub.u-bordeaux.fr\/wp-content\/uploads\/2025\/02\/Services-aux-usagers_rentrer-exemplaire-Copie-300x66.jpg 300w, https:\/\/rebub.u-bordeaux.fr\/wp-content\/uploads\/2025\/02\/Services-aux-usagers_rentrer-exemplaire-Copie-768x168.jpg 768w, https:\/\/rebub.u-bordeaux.fr\/wp-content\/uploads\/2025\/02\/Services-aux-usagers_rentrer-exemplaire-Copie.jpg 1205w\" sizes=\"(max-width: 1024px) 100vw, 1024px\" \/><\/figure><\/div>\n\n\n<h2 id=\"stoc-faire-un-retour-avec-une-platine-rfid\" class=\"wpig-heading\">Faire un retour avec une platine RFID<\/h2>\n\n\n\n<h3 id=\"stoc-connecter-la-platine\" class=\"wpig-heading\">Connecter la platine<\/h3>\n\n\n\n<p>Cliquer sur le bouton <img decoding=\"async\" loading=\"lazy\" class=\"alignnone wp-image-3468\" src=\"http:\/\/rebub.u-bordeaux.fr\/wp-content\/uploads\/2018\/06\/bouton-RFID.jpg\" alt=\"\" width=\"35\" height=\"34\"> dans la barre de navigation principale d&rsquo;Alma pour connecter la platine :<\/p>\n\n\n<div class=\"wp-block-image\">\n<figure class=\"aligncenter\"><a href=\"http:\/\/rebub.u-bordeaux.fr\/wp-content\/uploads\/2018\/07\/Services-aux-usagers_connexion-platine-RFID.png\" target=\"_blank\" rel=\"noopener noreferrer\"><img decoding=\"async\" loading=\"lazy\" width=\"842\" height=\"218\" src=\"http:\/\/rebub.u-bordeaux.fr\/wp-content\/uploads\/2018\/07\/Services-aux-usagers_connexion-platine-RFID.png\" alt=\"\" class=\"wp-image-3646\" srcset=\"https:\/\/rebub.u-bordeaux.fr\/wp-content\/uploads\/2018\/07\/Services-aux-usagers_connexion-platine-RFID.png 842w, https:\/\/rebub.u-bordeaux.fr\/wp-content\/uploads\/2018\/07\/Services-aux-usagers_connexion-platine-RFID-300x78.png 300w, https:\/\/rebub.u-bordeaux.fr\/wp-content\/uploads\/2018\/07\/Services-aux-usagers_connexion-platine-RFID-768x199.png 768w\" sizes=\"(max-width: 842px) 100vw, 842px\" \/><\/a><\/figure><\/div>\n\n\n<p>Une fen\u00eatre s&rsquo;ouvre et il faut la garder ouverte pendant toute la session :<\/p>\n\n\n<div class=\"wp-block-image\">\n<figure class=\"aligncenter size-full\"><img decoding=\"async\" loading=\"lazy\" width=\"517\" height=\"345\" src=\"https:\/\/rebub.u-bordeaux.fr\/wp-content\/uploads\/2018\/10\/Fenetre-RFID.png\" alt=\"\" class=\"wp-image-4567\" srcset=\"https:\/\/rebub.u-bordeaux.fr\/wp-content\/uploads\/2018\/10\/Fenetre-RFID.png 517w, https:\/\/rebub.u-bordeaux.fr\/wp-content\/uploads\/2018\/10\/Fenetre-RFID-300x200.png 300w\" sizes=\"(max-width: 517px) 100vw, 517px\" \/><\/figure><\/div>\n\n\n<p>Cette op\u00e9ration n&rsquo;est n\u00e9cessaire qu&rsquo;\u00e0 l&rsquo;ouverture d&rsquo;une session.<\/p>\n\n\n\n<h3 id=\"stoc-faire-les-operations\" class=\"wpig-heading\">Faire les op\u00e9rations<\/h3>\n\n\n\n<p>Suivre <a href=\"#faire un retour\">les \u00e9tapes du retour pr\u00e9c\u00e9demment expliqu\u00e9es<\/a> en utilisant la platine RFID.<\/p>\n\n\n\n<p>Si la platine ne lit pas les puces, poser le document sur cette m\u00eame platine et cliquer sur le bouton RFID pour lancer la lecture :<\/p>\n\n\n<div class=\"wp-block-image\">\n<figure class=\"aligncenter size-large\"><img decoding=\"async\" loading=\"lazy\" width=\"1024\" height=\"242\" src=\"https:\/\/rebub.u-bordeaux.fr\/wp-content\/uploads\/2025\/02\/Services-aux-usagers_retour-platine-rfid-1024x242.jpg\" alt=\"\" class=\"wp-image-23122\" srcset=\"https:\/\/rebub.u-bordeaux.fr\/wp-content\/uploads\/2025\/02\/Services-aux-usagers_retour-platine-rfid-1024x242.jpg 1024w, https:\/\/rebub.u-bordeaux.fr\/wp-content\/uploads\/2025\/02\/Services-aux-usagers_retour-platine-rfid-300x71.jpg 300w, https:\/\/rebub.u-bordeaux.fr\/wp-content\/uploads\/2025\/02\/Services-aux-usagers_retour-platine-rfid-768x181.jpg 768w, https:\/\/rebub.u-bordeaux.fr\/wp-content\/uploads\/2025\/02\/Services-aux-usagers_retour-platine-rfid.jpg 1208w\" sizes=\"(max-width: 1024px) 100vw, 1024px\" \/><\/figure><\/div>\n\n\n<h2 id=\"stoc-delivrer-un-recu-de-retour\" class=\"wpig-heading\">D\u00e9livrer un re\u00e7u de retour<\/h2>\n\n\n\n<p>Au moment du retour de document(s), si un lecteur a formul\u00e9 son souhait d&rsquo;avoir un re\u00e7u de retour, il faut alors passer par le menu \u00ab\u00a0Services aux usagers\u00a0\u00bb et s\u00e9lectionner \u00ab\u00a0Services aux usagers\u00a0\u00bb :<\/p>\n\n\n\n<figure class=\"wp-block-image\"><a href=\"http:\/\/rebub.u-bordeaux.fr\/wp-content\/uploads\/2020\/02\/Services_Aux_Usagers-1.png\" target=\"_blank\" rel=\"noopener noreferrer\"><img decoding=\"async\" loading=\"lazy\" width=\"693\" height=\"189\" src=\"http:\/\/rebub.u-bordeaux.fr\/wp-content\/uploads\/2020\/02\/Services_Aux_Usagers-1.png\" alt=\"\" class=\"wp-image-7822\" srcset=\"https:\/\/rebub.u-bordeaux.fr\/wp-content\/uploads\/2020\/02\/Services_Aux_Usagers-1.png 693w, https:\/\/rebub.u-bordeaux.fr\/wp-content\/uploads\/2020\/02\/Services_Aux_Usagers-1-300x82.png 300w\" sizes=\"(max-width: 693px) 100vw, 693px\" \/><\/a><\/figure>\n\n\n\n<p>Identifier le lecteur en douchant le code-barres de sa carte ou en saisissant son nom dans la bo\u00eete de dialogue :<\/p>\n\n\n<div class=\"wp-block-image\">\n<figure class=\"aligncenter\"><a href=\"http:\/\/rebub.u-bordeaux.fr\/wp-content\/uploads\/2018\/07\/Annulation-r\u00e9servation_saisie-lecteur.png\" target=\"_blank\" rel=\"noopener noreferrer\"><img decoding=\"async\" loading=\"lazy\" width=\"1705\" height=\"440\" src=\"http:\/\/rebub.u-bordeaux.fr\/wp-content\/uploads\/2018\/07\/Annulation-r\u00e9servation_saisie-lecteur.png\" alt=\"\" class=\"wp-image-3798\" srcset=\"https:\/\/rebub.u-bordeaux.fr\/wp-content\/uploads\/2018\/07\/Annulation-r\u00e9servation_saisie-lecteur.png 1705w, https:\/\/rebub.u-bordeaux.fr\/wp-content\/uploads\/2018\/07\/Annulation-r\u00e9servation_saisie-lecteur-300x77.png 300w, https:\/\/rebub.u-bordeaux.fr\/wp-content\/uploads\/2018\/07\/Annulation-r\u00e9servation_saisie-lecteur-768x198.png 768w, https:\/\/rebub.u-bordeaux.fr\/wp-content\/uploads\/2018\/07\/Annulation-r\u00e9servation_saisie-lecteur-1024x264.png 1024w\" sizes=\"(max-width: 1705px) 100vw, 1705px\" \/><\/a><\/figure><\/div>\n\n\n<p>Sur la fiche lecteur \u00e0 gauche de la page, se positionner sur l&rsquo;onglet \u00ab\u00a0Retour\u00a0\u00bb :<\/p>\n\n\n<div class=\"wp-block-image\">\n<figure class=\"aligncenter size-large\"><img decoding=\"async\" loading=\"lazy\" width=\"1024\" height=\"431\" src=\"https:\/\/rebub.u-bordeaux.fr\/wp-content\/uploads\/2025\/02\/Services-aux-usagers_onglet-retour-fiche-lecteur-1024x431.jpg\" alt=\"\" class=\"wp-image-23123\" srcset=\"https:\/\/rebub.u-bordeaux.fr\/wp-content\/uploads\/2025\/02\/Services-aux-usagers_onglet-retour-fiche-lecteur-1024x431.jpg 1024w, https:\/\/rebub.u-bordeaux.fr\/wp-content\/uploads\/2025\/02\/Services-aux-usagers_onglet-retour-fiche-lecteur-300x126.jpg 300w, https:\/\/rebub.u-bordeaux.fr\/wp-content\/uploads\/2025\/02\/Services-aux-usagers_onglet-retour-fiche-lecteur-768x323.jpg 768w, https:\/\/rebub.u-bordeaux.fr\/wp-content\/uploads\/2025\/02\/Services-aux-usagers_onglet-retour-fiche-lecteur.jpg 1203w\" sizes=\"(max-width: 1024px) 100vw, 1024px\" \/><\/figure><\/div>\n\n\n<p>Une fois les retours effectu\u00e9s, cliquer sur \u00ab\u00a0&#8230;\u00a0\u00bb puis sur le bouton \u00ab\u00a0Envoyer un re\u00e7u de retour\u00a0\u00bb :<\/p>\n\n\n<div class=\"wp-block-image\">\n<figure class=\"aligncenter size-large\"><img decoding=\"async\" loading=\"lazy\" width=\"1024\" height=\"433\" src=\"https:\/\/rebub.u-bordeaux.fr\/wp-content\/uploads\/2025\/02\/Services-aux-usagers_recu-retour-1024x433.jpg\" alt=\"\" class=\"wp-image-23124\" srcset=\"https:\/\/rebub.u-bordeaux.fr\/wp-content\/uploads\/2025\/02\/Services-aux-usagers_recu-retour-1024x433.jpg 1024w, https:\/\/rebub.u-bordeaux.fr\/wp-content\/uploads\/2025\/02\/Services-aux-usagers_recu-retour-300x127.jpg 300w, https:\/\/rebub.u-bordeaux.fr\/wp-content\/uploads\/2025\/02\/Services-aux-usagers_recu-retour-768x325.jpg 768w, https:\/\/rebub.u-bordeaux.fr\/wp-content\/uploads\/2025\/02\/Services-aux-usagers_recu-retour.jpg 1206w\" sizes=\"(max-width: 1024px) 100vw, 1024px\" \/><\/figure><\/div>\n\n\n<p>Le lecteur re\u00e7oit la liste de ses retours sur l&rsquo;adresse de messagerie pr\u00e9f\u00e9r\u00e9e qui est renseign\u00e9e dans les informations de contact de son compte.<\/p>\n\n\n\n<div class=\"is-layout-flex wp-container-7 wp-block-columns bord-bloc-reutilisable has-background\" style=\"background-color:#ffeec2\">\n<div class=\"is-layout-flow wp-block-column\" style=\"flex-basis:7%\">\n<figure class=\"wp-block-image alignfull size-full is-style-default\"><img decoding=\"async\" loading=\"lazy\" width=\"512\" height=\"512\" src=\"https:\/\/rebub.u-bordeaux.fr\/wp-content\/uploads\/2024\/04\/nouvelles-idees-en-cours.png\" alt=\"\" class=\"wp-image-19897\" srcset=\"https:\/\/rebub.u-bordeaux.fr\/wp-content\/uploads\/2024\/04\/nouvelles-idees-en-cours.png 512w, https:\/\/rebub.u-bordeaux.fr\/wp-content\/uploads\/2024\/04\/nouvelles-idees-en-cours-300x300.png 300w, https:\/\/rebub.u-bordeaux.fr\/wp-content\/uploads\/2024\/04\/nouvelles-idees-en-cours-150x150.png 150w\" sizes=\"(max-width: 512px) 100vw, 512px\" \/><\/figure>\n<\/div>\n\n\n\n<div class=\"is-layout-flow wp-block-column\" style=\"flex-basis:85%\">\n<p><strong>Note<\/strong> : Pour <img decoding=\"async\" loading=\"lazy\" width=\"100\" height=\"29\" src=\"http:\/\/rebub.u-bordeaux.fr\/wp-content\/uploads\/2018\/07\/UBM-LOGOSOLO-ZS-N-300x87.png\" alt=\"\">, un re\u00e7u papier est automatiquement imprim\u00e9 d\u00e8s que l&rsquo;on clique sur le bouton \u00ab\u00a0Effectu\u00e9\u00a0\u00bb.<\/p>\n<\/div>\n<\/div>\n\n\n\n<h2 id=\"stoc-retour-dun-document-reserve\" class=\"wpig-heading\">Retour d\u2019un document r\u00e9serv\u00e9<\/h2>\n\n\n\n<p>Lorsqu\u2019un document r\u00e9serv\u00e9 par un autre lecteur est pass\u00e9 en retour, une fen\u00eatre d\u2019information s\u2019affiche&nbsp;:<\/p>\n\n\n\n<figure class=\"wp-block-image\"><a href=\"http:\/\/rebub.u-bordeaux.fr\/wp-content\/uploads\/2020\/02\/Rayon_Des_Reservations.png\" target=\"_blank\" rel=\"noopener noreferrer\"><img decoding=\"async\" loading=\"lazy\" width=\"768\" height=\"247\" src=\"http:\/\/rebub.u-bordeaux.fr\/wp-content\/uploads\/2020\/02\/Rayon_Des_Reservations.png\" alt=\"\" class=\"wp-image-7772\" srcset=\"https:\/\/rebub.u-bordeaux.fr\/wp-content\/uploads\/2020\/02\/Rayon_Des_Reservations.png 768w, https:\/\/rebub.u-bordeaux.fr\/wp-content\/uploads\/2020\/02\/Rayon_Des_Reservations-300x96.png 300w\" sizes=\"(max-width: 768px) 100vw, 768px\" \/><\/a><\/figure>\n\n\n\n<p>Le message indique qu\u2019il faut placer le document sur le rayon des r\u00e9servations pour le lecteur demandeur. Ce dernier aura re\u00e7u un mail au moment du retour pour lui indiquer que le document est disponible.<\/p>\n\n\n\n<hr class=\"wp-block-separator has-alpha-channel-opacity\"\/>\n\n\n\n<h2 id=\"stoc-alma-en-circuits-retour-dun-document\" class=\"wpig-heading\">Alma en circuits\u00a0: retour d\u2019un document<\/h2>\n\n\n<div class=\"wp-block-image\">\n<figure class=\"aligncenter size-full\"><img decoding=\"async\" loading=\"lazy\" width=\"581\" height=\"231\" src=\"https:\/\/rebub.u-bordeaux.fr\/wp-content\/uploads\/2026\/02\/Processus-pret-retour-2.png\" alt=\"\" class=\"wp-image-24621\" srcset=\"https:\/\/rebub.u-bordeaux.fr\/wp-content\/uploads\/2026\/02\/Processus-pret-retour-2.png 581w, https:\/\/rebub.u-bordeaux.fr\/wp-content\/uploads\/2026\/02\/Processus-pret-retour-2-300x119.png 300w\" sizes=\"(max-width: 581px) 100vw, 581px\" \/><\/figure><\/div>\n\n\n<p>Un exemplaire est retourn\u00e9 par un lecteur. Apr\u00e8s l\u2019action de retour, il passe du statut \u00ab&nbsp;<strong>Pas en rayon<\/strong>&nbsp;\u00bb au statut \u00ab&nbsp;<strong>En rayon<\/strong>&nbsp;\u00bb. Dans Babord+, il passe de l\u2019affichage \u00ab&nbsp;<strong>Indisponible<\/strong>&nbsp;\u00bb \u00e0 l\u2019affichage \u00ab&nbsp;<strong>Disponible<\/strong>&nbsp;\u00bb&nbsp;; il est de nouveau <strong>pr\u00eatable<\/strong>. Pour les situations de<strong> retard <\/strong>ou de<strong> perte du document<\/strong>, se r\u00e9f\u00e9rer \u00e0 la proc\u00e9dure \u00ab&nbsp;Pr\u00eat perdu et retour en contestation&nbsp;\u00bb.<\/p>\n\n\n\n<div class=\"is-layout-flex wp-container-13 wp-block-columns bord-bloc-reutilisable has-background\" style=\"background-color:#d9edf7\">\n<div class=\"is-layout-flow wp-block-column is-vertically-aligned-center\" style=\"font-size:15px;flex-basis:20%\">\n<p style=\"font-size:15px\"><strong>Date de publication<\/strong> <\/p>\n\n\n<div style=\"font-size:15px;\" class=\"wp-block-post-date\"><time datetime=\"2024-03-22T09:32:15+01:00\">22 mars 2024<\/time><\/div><\/div>\n\n\n\n<div class=\"is-layout-flow wp-block-column is-vertically-aligned-center\" style=\"font-size:15px;flex-basis:20%\">\n<p><strong>Mis \u00e0 jour le <\/strong><\/p>\n\n\n<div style=\"font-size:15px;\" class=\"wp-block-post-date\"><time datetime=\"2026-02-06T16:20:00+01:00\">6 f\u00e9vrier 2026<\/time><\/div><\/div>\n\n\n\n<div class=\"is-layout-flow wp-block-column is-vertically-aligned-center\" style=\"font-size:15px;flex-basis:40%\">\n<p><\/p>\n\n\n\n<p><strong>Attention ! <\/strong>Certains \u00e9tablissements utilisent parfois de proc\u00e9dures compl\u00e9mentaires <\/p>\n<\/div>\n\n\n\n<div class=\"is-layout-flow wp-block-column is-vertically-aligned-center\" style=\"font-size:15px;flex-basis:25%\">\n<div class=\"is-horizontal is-content-justification-center is-layout-flex wp-container-11 wp-block-buttons alignfull has-custom-font-size\" style=\"font-size:16px\">\n<div class=\"wp-block-button has-custom-width wp-block-button__width-75 has-custom-font-size is-style-fill\" style=\"font-size:15px\"><a class=\"wp-block-button__link has-white-color has-text-color has-background wp-element-button\" href=\"mailto:scoop@u-bordeaux.fr\" style=\"border-radius:65px;background-color:#000000db\"><strong>Signaler une erreur<\/strong><\/a><\/div>\n<\/div>\n<\/div>\n<\/div>\n","protected":false},"excerpt":{"rendered":"<p>Table des mati\u00e8res[ Show ]Ouvrir la page de retourFaire un retour simple (sans platine RFID)Faire un retour simpleFaire un retour avec une platine RFIDConnecter la platineFaire les op\u00e9rationsD\u00e9livrer un re\u00e7u de retourRetour d\u2019un document r\u00e9serv\u00e9Alma en circuits\u00a0: retour d\u2019un documentOuvrir&#8230;<\/p>\n","protected":false},"author":46,"featured_media":4793,"parent":18468,"menu_order":2,"comment_status":"closed","ping_status":"closed","template":"","meta":[],"post_mailing_queue_ids":[],"_links":{"self":[{"href":"http:\/\/rebub.u-bordeaux.fr\/index.php\/wp-json\/wp\/v2\/pages\/18475"}],"collection":[{"href":"http:\/\/rebub.u-bordeaux.fr\/index.php\/wp-json\/wp\/v2\/pages"}],"about":[{"href":"http:\/\/rebub.u-bordeaux.fr\/index.php\/wp-json\/wp\/v2\/types\/page"}],"author":[{"embeddable":true,"href":"http:\/\/rebub.u-bordeaux.fr\/index.php\/wp-json\/wp\/v2\/users\/46"}],"replies":[{"embeddable":true,"href":"http:\/\/rebub.u-bordeaux.fr\/index.php\/wp-json\/wp\/v2\/comments?post=18475"}],"version-history":[{"count":10,"href":"http:\/\/rebub.u-bordeaux.fr\/index.php\/wp-json\/wp\/v2\/pages\/18475\/revisions"}],"predecessor-version":[{"id":24626,"href":"http:\/\/rebub.u-bordeaux.fr\/index.php\/wp-json\/wp\/v2\/pages\/18475\/revisions\/24626"}],"up":[{"embeddable":true,"href":"http:\/\/rebub.u-bordeaux.fr\/index.php\/wp-json\/wp\/v2\/pages\/18468"}],"wp:featuredmedia":[{"embeddable":true,"href":"http:\/\/rebub.u-bordeaux.fr\/index.php\/wp-json\/wp\/v2\/media\/4793"}],"wp:attachment":[{"href":"http:\/\/rebub.u-bordeaux.fr\/index.php\/wp-json\/wp\/v2\/media?parent=18475"}],"curies":[{"name":"wp","href":"https:\/\/api.w.org\/{rel}","templated":true}]}}