	{"id":18476,"date":"2024-03-22T09:32:17","date_gmt":"2024-03-22T08:32:17","guid":{"rendered":"https:\/\/rebub.u-bordeaux.fr\/?page_id=18476"},"modified":"2025-02-03T10:13:33","modified_gmt":"2025-02-03T09:13:33","slug":"renouveler-un-pret","status":"publish","type":"page","link":"http:\/\/rebub.u-bordeaux.fr\/index.php\/alma\/procedures\/services-aux-usagers\/pret-retour\/renouveler-un-pret\/","title":{"rendered":"Renouveler un pr\u00eat"},"content":{"rendered":"<div id='wpig-floatingbar' class='wpig-floatingbar'><div id='wpig-switch-wrapper' class='wpig-switch-wrapper'><span id='wpig-floating-switch' class='wpig-floating-switch'><img src='http:\/\/rebub.u-bordeaux.fr\/wp-content\/plugins\/sticky-toc-advance-table-of-contents\/\\assets\\menu.png'><\/span><\/div><div id='wpig-contents' class='wpig-contents  wpig-sidebar-widget wpig-style-3'><span class='wpig-headline'>Table des mati\u00e8res<span><a data-action='show' class='wpig-btn-toggledisplay'>[ Show ]<\/a><\/span><\/span><!-- Table of Contents --><div id='wpig-table-of-content' class='wpig-table-of-content'><ol><li class='stoc-le-principe-du-renouvellement-dans-alma'><a href='#stoc-le-principe-du-renouvellement-dans-alma'>Le principe du renouvellement dans Alma<\/a><\/li><li class='stoc-renouveler-le-pret-dun-document'><a href='#stoc-renouveler-le-pret-dun-document'>Renouveler&nbsp; le pr\u00eat d&rsquo;un document<\/a><\/li><\/div><!-- END OF Table of Contents --><\/div><\/div><p><div id='wpig-contents' class='wpig-contents  wpig-sidebar-widget wpig-style-1'><span class='wpig-headline'>Table des mati\u00e8res<span><a data-action='show' class='wpig-btn-toggledisplay'>[ Show ]<\/a><\/span><\/span><!-- Table of Contents --><div id='wpig-table-of-content' class='wpig-table-of-content' ><ol><li class='stoc-le-principe-du-renouvellement-dans-alma'><a href='#stoc-le-principe-du-renouvellement-dans-alma'>Le principe du renouvellement dans Alma<\/a><\/li><li class='stoc-renouveler-le-pret-dun-document'><a href='#stoc-renouveler-le-pret-dun-document'>Renouveler&nbsp; le pr\u00eat d&rsquo;un document<\/a><\/li><\/div><!-- END OF Table of Contents --><\/div><\/p>\n<div class=\"is-layout-flex wp-container-4 wp-block-columns bord-bloc-reutilisable has-background\" style=\"background-color:#ff303047\">\n<div class=\"is-layout-flow wp-block-column is-vertically-aligned-center\" style=\"flex-basis:7%\">\n<figure class=\"wp-block-image alignfull size-full\"><img decoding=\"async\" loading=\"lazy\" width=\"512\" height=\"512\" src=\"https:\/\/rebub.u-bordeaux.fr\/wp-content\/uploads\/2024\/04\/point-dexclamation.png\" alt=\"\" class=\"wp-image-19898\" srcset=\"https:\/\/rebub.u-bordeaux.fr\/wp-content\/uploads\/2024\/04\/point-dexclamation.png 512w, https:\/\/rebub.u-bordeaux.fr\/wp-content\/uploads\/2024\/04\/point-dexclamation-300x300.png 300w, https:\/\/rebub.u-bordeaux.fr\/wp-content\/uploads\/2024\/04\/point-dexclamation-150x150.png 150w\" sizes=\"(max-width: 512px) 100vw, 512px\" \/><\/figure>\n<\/div>\n\n\n\n<div class=\"is-layout-flow wp-block-column is-vertically-aligned-center\" style=\"flex-basis:52%\">\n<p class=\"has-text-align-left\"><strong>Attention !<\/strong> Avant toute op\u00e9ration, v\u00e9rifier que l&rsquo;on est localis\u00e9 \u00e0 un bureau de pr\u00eat de la biblioth\u00e8que dans laquelle vous vous trouvez.<br>Cliquer sur l&rsquo;ic\u00f4ne <img decoding=\"async\" style=\"width: 27px;\" src=\"http:\/\/rebub.u-bordeaux.fr\/wp-content\/uploads\/2018\/06\/Icone-localisation.png\" alt=\"\"> dans la barre de navigation principale d&rsquo;Alma et choisir son bureau de pr\u00eat.<br>Si l&rsquo;on coche le bouton \u00ab\u00a0Toujours afficher la localisation actuelle\u00a0\u00bb, la localisation appara\u00eet toujours sur la barre de navigation principale \u00e0 la place du bouton <img decoding=\"async\" src=\"http:\/\/rebub.u-bordeaux.fr\/wp-content\/uploads\/2018\/06\/Icone-localisation.png\" alt=\"\" style=\"width: 27px;\"><br><\/p>\n<\/div>\n\n\n\n<div class=\"is-layout-flow wp-block-column is-vertically-aligned-center\"><div class=\"wp-block-image\">\n<figure class=\"aligncenter size-full is-resized\"><img decoding=\"async\" loading=\"lazy\" src=\"https:\/\/rebub.u-bordeaux.fr\/wp-content\/uploads\/2024\/04\/Localisation-1.png\" alt=\"\" class=\"wp-image-20156\" width=\"255\" height=\"208\" srcset=\"https:\/\/rebub.u-bordeaux.fr\/wp-content\/uploads\/2024\/04\/Localisation-1.png 329w, https:\/\/rebub.u-bordeaux.fr\/wp-content\/uploads\/2024\/04\/Localisation-1-300x245.png 300w\" sizes=\"(max-width: 255px) 100vw, 255px\" \/><\/figure><\/div><\/div>\n<\/div>\n\n\n\n<h2 id=\"stoc-le-principe-du-renouvellement-dans-alma\" class=\"wpig-heading\">Le principe du renouvellement dans Alma<\/h2>\n\n\n\n<p>Pour les collections renouvelables, la date de retour maximal varie selon les biblioth\u00e8ques et les publics&nbsp;:<\/p>\n\n\n\n<ul>\n<li>Pour l\u2019Universit\u00e9 Bordeaux Montaigne, date de retour fix\u00e9e lors du pr\u00eat + <strong>une semaine<\/strong><\/li>\n\n\n\n<li>Pour Sciences Po Bordeaux, date de retour fix\u00e9e lors du pr\u00eat + <strong>deux semaines<\/strong><\/li>\n\n\n\n<li>Pour Bordeaux Sciences Agro, date de retour fix\u00e9e lors du pr\u00eat + <strong>un mois<\/strong><\/li>\n\n\n\n<li>Pour Universit\u00e9 de Bordeaux, date de retour fix\u00e9e lors du pr\u00eat + <strong>un mois<\/strong> pour les \u00e9tudiants et + <strong>deux mois<\/strong> pour les doctorants, enseignants-chercheurs et personnels.<\/li>\n<\/ul>\n\n\n\n<p>Mais la date du retour va aussi d\u00e9pendre du moment o\u00f9 l\u2019on effectue le renouvellement.<\/p>\n\n\n\n<p>Concr\u00e8tement, pour un document dont le pr\u00eat initial de 2 mois et emprunt\u00e9 le 3 octobre, la date de retour est le 3 d\u00e9cembre&nbsp;:<\/p>\n\n\n\n<ul>\n<li>Renouveler le pr\u00eat d\u00e8s le lendemain (le 4 octobre)&nbsp;: la date de retour sera repouss\u00e9e au 4 d\u00e9cembre<\/li>\n\n\n\n<li>Renouveler le pr\u00eat le 20 octobre\u00a0: la date de retour sera repouss\u00e9e au 20 d\u00e9cembre<\/li>\n\n\n\n<li>Renouveler le pr\u00eat le 10 novembre\u00a0: le pr\u00eat sera repouss\u00e9 le 10 janvier<\/li>\n\n\n\n<li>Renouveler le pr\u00eat le 20 novembre\u00a0: le pr\u00eat sera repouss\u00e9 le 20 janvier<\/li>\n\n\n\n<li>Renouveler le pr\u00eat le 3 d\u00e9cembre\u00a0: le pr\u00eat sera repouss\u00e9 le 3 f\u00e9vrier<\/li>\n<\/ul>\n\n\n<div class=\"wp-block-image\">\n<figure class=\"aligncenter size-full\"><img decoding=\"async\" loading=\"lazy\" width=\"734\" height=\"320\" src=\"https:\/\/rebub.u-bordeaux.fr\/wp-content\/uploads\/2025\/02\/Principe-de-renouvellement.jpg\" alt=\"\" class=\"wp-image-23146\" srcset=\"https:\/\/rebub.u-bordeaux.fr\/wp-content\/uploads\/2025\/02\/Principe-de-renouvellement.jpg 734w, https:\/\/rebub.u-bordeaux.fr\/wp-content\/uploads\/2025\/02\/Principe-de-renouvellement-300x131.jpg 300w\" sizes=\"(max-width: 734px) 100vw, 734px\" \/><\/figure><\/div>\n\n\n<p>Afin de b\u00e9n\u00e9ficier de la dur\u00e9e maximale suppl\u00e9mentaire de pr\u00eat, le lecteur devra effectuer l\u2019op\u00e9ration au moins une semaine apr\u00e8s le pr\u00eat. Par ailleurs, le nombre de renouvellements n\u2019est pas limit\u00e9\u00a0: si le premier renouvellement ne permet pas d\u2019atteindre la dur\u00e9e de pr\u00eat maximale, il est toujours possible de renouveler le pr\u00eat au bout de quelques jours pour atteindre la dur\u00e9e de pr\u00eat maximale. Par contre, le renouvellement n&rsquo;est plus possible au-del\u00e0 de la date de retour indiqu\u00e9e : l&rsquo;ouvrage bascule en retard et doit \u00eatre rendu.<\/p>\n\n\n\n<h2 id=\"stoc-renouveler-le-pret-dun-document\" class=\"wpig-heading\">Renouveler&nbsp; le pr\u00eat d&rsquo;un document<\/h2>\n\n\n\n<p>Aller dans le menu \u00ab\u00a0Services aux usagers\u00a0\u00bb dans la barre de navigation principale d&rsquo;Alma et s\u00e9lectionner \u00ab\u00a0Services aux usagers\u00a0\u00bb dans le sous-menu \u00ab\u00a0Pr\u00eats\/retours\u00a0\u00bb :<\/p>\n\n\n<div class=\"wp-block-image\">\n<figure class=\"aligncenter\"><a href=\"http:\/\/rebub.u-bordeaux.fr\/wp-content\/uploads\/2018\/07\/Services-aux-usagers_menu-services-usagers.png\" target=\"_blank\" rel=\"noopener noreferrer\"><img decoding=\"async\" loading=\"lazy\" width=\"1112\" height=\"677\" src=\"http:\/\/rebub.u-bordeaux.fr\/wp-content\/uploads\/2018\/07\/Services-aux-usagers_menu-services-usagers.png\" alt=\"\" class=\"wp-image-3673\" srcset=\"https:\/\/rebub.u-bordeaux.fr\/wp-content\/uploads\/2018\/07\/Services-aux-usagers_menu-services-usagers.png 1112w, https:\/\/rebub.u-bordeaux.fr\/wp-content\/uploads\/2018\/07\/Services-aux-usagers_menu-services-usagers-300x183.png 300w, https:\/\/rebub.u-bordeaux.fr\/wp-content\/uploads\/2018\/07\/Services-aux-usagers_menu-services-usagers-768x468.png 768w, https:\/\/rebub.u-bordeaux.fr\/wp-content\/uploads\/2018\/07\/Services-aux-usagers_menu-services-usagers-1024x623.png 1024w\" sizes=\"(max-width: 1112px) 100vw, 1112px\" \/><\/a><\/figure><\/div>\n\n\n<p>Doucher la carte du lecteur ou rechercher le lecteur depuis la bo\u00eete de dialogue :<\/p>\n\n\n<div class=\"wp-block-image\">\n<figure class=\"aligncenter\"><a href=\"http:\/\/rebub.u-bordeaux.fr\/wp-content\/uploads\/2018\/07\/Services-aux-usagers_identification-lecteur.png\" target=\"_blank\" rel=\"noopener noreferrer\"><img decoding=\"async\" loading=\"lazy\" width=\"827\" height=\"281\" src=\"http:\/\/rebub.u-bordeaux.fr\/wp-content\/uploads\/2018\/07\/Services-aux-usagers_identification-lecteur.png\" alt=\"\" class=\"wp-image-3633\" srcset=\"https:\/\/rebub.u-bordeaux.fr\/wp-content\/uploads\/2018\/07\/Services-aux-usagers_identification-lecteur.png 827w, https:\/\/rebub.u-bordeaux.fr\/wp-content\/uploads\/2018\/07\/Services-aux-usagers_identification-lecteur-300x102.png 300w, https:\/\/rebub.u-bordeaux.fr\/wp-content\/uploads\/2018\/07\/Services-aux-usagers_identification-lecteur-768x261.png 768w\" sizes=\"(max-width: 827px) 100vw, 827px\" \/><\/a><\/figure><\/div>\n\n\n<p>Se positionner sur l&rsquo;onglet \u00ab\u00a0Pr\u00eats\u00a0\u00bb :<\/p>\n\n\n<div class=\"wp-block-image\">\n<figure class=\"aligncenter size-large\"><img decoding=\"async\" loading=\"lazy\" width=\"1024\" height=\"414\" src=\"https:\/\/rebub.u-bordeaux.fr\/wp-content\/uploads\/2025\/02\/Onglet-pret-1-1024x414.jpg\" alt=\"\" class=\"wp-image-23147\" srcset=\"https:\/\/rebub.u-bordeaux.fr\/wp-content\/uploads\/2025\/02\/Onglet-pret-1-1024x414.jpg 1024w, https:\/\/rebub.u-bordeaux.fr\/wp-content\/uploads\/2025\/02\/Onglet-pret-1-300x121.jpg 300w, https:\/\/rebub.u-bordeaux.fr\/wp-content\/uploads\/2025\/02\/Onglet-pret-1-768x310.jpg 768w, https:\/\/rebub.u-bordeaux.fr\/wp-content\/uploads\/2025\/02\/Onglet-pret-1.jpg 1260w\" sizes=\"(max-width: 1024px) 100vw, 1024px\" \/><\/figure><\/div>\n\n\n<p>S\u00e9lectionner le pr\u00eat \u00e0 renouveler et cliquer sur \u00ab\u00a0Renouveler la s\u00e9lection\u00a0\u00bb :<\/p>\n\n\n<div class=\"wp-block-image\">\n<figure class=\"aligncenter size-large\"><img decoding=\"async\" loading=\"lazy\" width=\"1024\" height=\"416\" src=\"https:\/\/rebub.u-bordeaux.fr\/wp-content\/uploads\/2025\/02\/Selectionner-et-renouveler-1024x416.jpg\" alt=\"\" class=\"wp-image-23148\" srcset=\"https:\/\/rebub.u-bordeaux.fr\/wp-content\/uploads\/2025\/02\/Selectionner-et-renouveler-1024x416.jpg 1024w, https:\/\/rebub.u-bordeaux.fr\/wp-content\/uploads\/2025\/02\/Selectionner-et-renouveler-300x122.jpg 300w, https:\/\/rebub.u-bordeaux.fr\/wp-content\/uploads\/2025\/02\/Selectionner-et-renouveler-768x312.jpg 768w, https:\/\/rebub.u-bordeaux.fr\/wp-content\/uploads\/2025\/02\/Selectionner-et-renouveler.jpg 1254w\" sizes=\"(max-width: 1024px) 100vw, 1024px\" \/><\/figure><\/div>\n\n\n<p>Si le lecteur souhaite renouveler tous ses pr\u00eats, cliquer sur \u00ab\u00a0Tout renouveler\u00a0\u00bb :<\/p>\n\n\n<div class=\"wp-block-image\">\n<figure class=\"aligncenter size-large\"><img decoding=\"async\" loading=\"lazy\" width=\"1024\" height=\"405\" src=\"https:\/\/rebub.u-bordeaux.fr\/wp-content\/uploads\/2025\/02\/Tout-renouveler-1024x405.jpg\" alt=\"\" class=\"wp-image-23149\" srcset=\"https:\/\/rebub.u-bordeaux.fr\/wp-content\/uploads\/2025\/02\/Tout-renouveler-1024x405.jpg 1024w, https:\/\/rebub.u-bordeaux.fr\/wp-content\/uploads\/2025\/02\/Tout-renouveler-300x119.jpg 300w, https:\/\/rebub.u-bordeaux.fr\/wp-content\/uploads\/2025\/02\/Tout-renouveler-768x304.jpg 768w, https:\/\/rebub.u-bordeaux.fr\/wp-content\/uploads\/2025\/02\/Tout-renouveler.jpg 1289w\" sizes=\"(max-width: 1024px) 100vw, 1024px\" \/><\/figure><\/div>\n\n\n<p>Cliquer sur le bouton \u00ab\u00a0Termin\u00e9\u00a0\u00bb pour terminer l&rsquo;op\u00e9ration :<\/p>\n\n\n<div class=\"wp-block-image\">\n<figure class=\"aligncenter size-large\"><img decoding=\"async\" loading=\"lazy\" width=\"1024\" height=\"404\" src=\"https:\/\/rebub.u-bordeaux.fr\/wp-content\/uploads\/2025\/02\/Bouton-effectue-1024x404.jpg\" alt=\"\" class=\"wp-image-23150\" srcset=\"https:\/\/rebub.u-bordeaux.fr\/wp-content\/uploads\/2025\/02\/Bouton-effectue-1024x404.jpg 1024w, https:\/\/rebub.u-bordeaux.fr\/wp-content\/uploads\/2025\/02\/Bouton-effectue-300x118.jpg 300w, https:\/\/rebub.u-bordeaux.fr\/wp-content\/uploads\/2025\/02\/Bouton-effectue-768x303.jpg 768w, https:\/\/rebub.u-bordeaux.fr\/wp-content\/uploads\/2025\/02\/Bouton-effectue.jpg 1286w\" sizes=\"(max-width: 1024px) 100vw, 1024px\" \/><\/figure><\/div>\n\n\n<div class=\"is-layout-flex wp-container-10 wp-block-columns bord-bloc-reutilisable has-background\" style=\"background-color:#d9edf7\">\n<div class=\"is-layout-flow wp-block-column is-vertically-aligned-center\" style=\"font-size:15px;flex-basis:20%\">\n<p style=\"font-size:15px\"><strong>Date de publication<\/strong> <\/p>\n\n\n<div style=\"font-size:15px;\" class=\"wp-block-post-date\"><time datetime=\"2024-03-22T09:32:17+01:00\">22 mars 2024<\/time><\/div><\/div>\n\n\n\n<div class=\"is-layout-flow wp-block-column is-vertically-aligned-center\" style=\"font-size:15px;flex-basis:20%\">\n<p><strong>Mis \u00e0 jour le <\/strong><\/p>\n\n\n<div style=\"font-size:15px;\" class=\"wp-block-post-date\"><time datetime=\"2025-02-03T10:13:33+01:00\">3 f\u00e9vrier 2025<\/time><\/div><\/div>\n\n\n\n<div class=\"is-layout-flow wp-block-column is-vertically-aligned-center\" style=\"font-size:15px;flex-basis:40%\">\n<p><\/p>\n\n\n\n<p><strong>Attention ! <\/strong>Certains \u00e9tablissements utilisent parfois de proc\u00e9dures compl\u00e9mentaires <\/p>\n<\/div>\n\n\n\n<div class=\"is-layout-flow wp-block-column is-vertically-aligned-center\" style=\"font-size:15px;flex-basis:25%\">\n<div class=\"is-horizontal is-content-justification-center is-layout-flex wp-container-8 wp-block-buttons alignfull has-custom-font-size\" style=\"font-size:16px\">\n<div class=\"wp-block-button has-custom-width wp-block-button__width-75 has-custom-font-size is-style-fill\" style=\"font-size:15px\"><a class=\"wp-block-button__link has-white-color has-text-color has-background wp-element-button\" href=\"mailto:scoop@u-bordeaux.fr\" style=\"border-radius:65px;background-color:#000000db\"><strong>Signaler une erreur<\/strong><\/a><\/div>\n<\/div>\n<\/div>\n<\/div>\n","protected":false},"excerpt":{"rendered":"<p>Table des mati\u00e8res[ Show ]Le principe du renouvellement dans AlmaRenouveler&nbsp; le pr\u00eat d&rsquo;un documentLe principe du renouvellement dans Alma Pour les collections renouvelables, la date de retour maximal varie selon les biblioth\u00e8ques et les publics&nbsp;: Mais la date du retour&#8230;<\/p>\n","protected":false},"author":46,"featured_media":4793,"parent":18468,"menu_order":4,"comment_status":"closed","ping_status":"closed","template":"","meta":[],"post_mailing_queue_ids":[],"_links":{"self":[{"href":"http:\/\/rebub.u-bordeaux.fr\/index.php\/wp-json\/wp\/v2\/pages\/18476"}],"collection":[{"href":"http:\/\/rebub.u-bordeaux.fr\/index.php\/wp-json\/wp\/v2\/pages"}],"about":[{"href":"http:\/\/rebub.u-bordeaux.fr\/index.php\/wp-json\/wp\/v2\/types\/page"}],"author":[{"embeddable":true,"href":"http:\/\/rebub.u-bordeaux.fr\/index.php\/wp-json\/wp\/v2\/users\/46"}],"replies":[{"embeddable":true,"href":"http:\/\/rebub.u-bordeaux.fr\/index.php\/wp-json\/wp\/v2\/comments?post=18476"}],"version-history":[{"count":4,"href":"http:\/\/rebub.u-bordeaux.fr\/index.php\/wp-json\/wp\/v2\/pages\/18476\/revisions"}],"predecessor-version":[{"id":23151,"href":"http:\/\/rebub.u-bordeaux.fr\/index.php\/wp-json\/wp\/v2\/pages\/18476\/revisions\/23151"}],"up":[{"embeddable":true,"href":"http:\/\/rebub.u-bordeaux.fr\/index.php\/wp-json\/wp\/v2\/pages\/18468"}],"wp:featuredmedia":[{"embeddable":true,"href":"http:\/\/rebub.u-bordeaux.fr\/index.php\/wp-json\/wp\/v2\/media\/4793"}],"wp:attachment":[{"href":"http:\/\/rebub.u-bordeaux.fr\/index.php\/wp-json\/wp\/v2\/media?parent=18476"}],"curies":[{"name":"wp","href":"https:\/\/api.w.org\/{rel}","templated":true}]}}