	{"id":18477,"date":"2024-03-22T09:32:18","date_gmt":"2024-03-22T08:32:18","guid":{"rendered":"https:\/\/rebub.u-bordeaux.fr\/?page_id=18477"},"modified":"2025-02-03T10:19:00","modified_gmt":"2025-02-03T09:19:00","slug":"changer-les-dates-dun-pret","status":"publish","type":"page","link":"http:\/\/rebub.u-bordeaux.fr\/index.php\/alma\/procedures\/services-aux-usagers\/pret-retour\/changer-les-dates-dun-pret\/","title":{"rendered":"Modifier la date de retour d\u2019un pr\u00eat"},"content":{"rendered":"<div id='wpig-floatingbar' class='wpig-floatingbar'><div id='wpig-switch-wrapper' class='wpig-switch-wrapper'><span id='wpig-floating-switch' class='wpig-floating-switch'><img src='http:\/\/rebub.u-bordeaux.fr\/wp-content\/plugins\/sticky-toc-advance-table-of-contents\/\\assets\\menu.png'><\/span><\/div><\/div><p><\/p>\n<div class=\"is-layout-flex wp-container-4 wp-block-columns bord-bloc-reutilisable has-background\" style=\"background-color:#ff303047\">\n<div class=\"is-layout-flow wp-block-column is-vertically-aligned-center\" style=\"flex-basis:7%\">\n<figure class=\"wp-block-image alignfull size-full\"><img decoding=\"async\" loading=\"lazy\" width=\"512\" height=\"512\" src=\"https:\/\/rebub.u-bordeaux.fr\/wp-content\/uploads\/2024\/04\/point-dexclamation.png\" alt=\"\" class=\"wp-image-19898\" srcset=\"https:\/\/rebub.u-bordeaux.fr\/wp-content\/uploads\/2024\/04\/point-dexclamation.png 512w, https:\/\/rebub.u-bordeaux.fr\/wp-content\/uploads\/2024\/04\/point-dexclamation-300x300.png 300w, https:\/\/rebub.u-bordeaux.fr\/wp-content\/uploads\/2024\/04\/point-dexclamation-150x150.png 150w\" sizes=\"(max-width: 512px) 100vw, 512px\" \/><\/figure>\n<\/div>\n\n\n\n<div class=\"is-layout-flow wp-block-column is-vertically-aligned-center\" style=\"flex-basis:52%\">\n<p class=\"has-text-align-left\"><strong>Attention !<\/strong> Avant toute op\u00e9ration, v\u00e9rifier que l&rsquo;on est localis\u00e9 \u00e0 un bureau de pr\u00eat de la biblioth\u00e8que dans laquelle vous vous trouvez.<br>Cliquer sur l&rsquo;ic\u00f4ne <img decoding=\"async\" style=\"width: 27px;\" src=\"http:\/\/rebub.u-bordeaux.fr\/wp-content\/uploads\/2018\/06\/Icone-localisation.png\" alt=\"\"> dans la barre de navigation principale d&rsquo;Alma et choisir son bureau de pr\u00eat.<br>Si l&rsquo;on coche le bouton \u00ab\u00a0Toujours afficher la localisation actuelle\u00a0\u00bb, la localisation appara\u00eet toujours sur la barre de navigation principale \u00e0 la place du bouton <img decoding=\"async\" src=\"http:\/\/rebub.u-bordeaux.fr\/wp-content\/uploads\/2018\/06\/Icone-localisation.png\" alt=\"\" style=\"width: 27px;\"><br><\/p>\n<\/div>\n\n\n\n<div class=\"is-layout-flow wp-block-column is-vertically-aligned-center\"><div class=\"wp-block-image\">\n<figure class=\"aligncenter size-full is-resized\"><img decoding=\"async\" loading=\"lazy\" src=\"https:\/\/rebub.u-bordeaux.fr\/wp-content\/uploads\/2024\/04\/Localisation-1.png\" alt=\"\" class=\"wp-image-20156\" width=\"255\" height=\"208\" srcset=\"https:\/\/rebub.u-bordeaux.fr\/wp-content\/uploads\/2024\/04\/Localisation-1.png 329w, https:\/\/rebub.u-bordeaux.fr\/wp-content\/uploads\/2024\/04\/Localisation-1-300x245.png 300w\" sizes=\"(max-width: 255px) 100vw, 255px\" \/><\/figure><\/div><\/div>\n<\/div>\n\n\n\n<p>Aller dans le menu \u00ab\u00a0Services aux usagers\u00a0\u00bb dans la barre de navigation principale d&rsquo;Alma et s\u00e9lectionner \u00ab\u00a0Services aux usagers\u00a0\u00bb dans le sous-menu \u00ab\u00a0Pr\u00eats\/retours\u00a0\u00bb :<\/p>\n\n\n\n<figure class=\"wp-block-image\"><a href=\"http:\/\/rebub.u-bordeaux.fr\/wp-content\/uploads\/2020\/03\/Services_Aux_Usagers_2.png\" target=\"_blank\" rel=\"noopener noreferrer\"><img decoding=\"async\" loading=\"lazy\" width=\"1024\" height=\"623\" src=\"http:\/\/rebub.u-bordeaux.fr\/wp-content\/uploads\/2020\/03\/Services_Aux_Usagers_2.png\" alt=\"\" class=\"wp-image-8636\" srcset=\"https:\/\/rebub.u-bordeaux.fr\/wp-content\/uploads\/2020\/03\/Services_Aux_Usagers_2.png 1024w, https:\/\/rebub.u-bordeaux.fr\/wp-content\/uploads\/2020\/03\/Services_Aux_Usagers_2-300x183.png 300w, https:\/\/rebub.u-bordeaux.fr\/wp-content\/uploads\/2020\/03\/Services_Aux_Usagers_2-768x467.png 768w\" sizes=\"(max-width: 1024px) 100vw, 1024px\" \/><\/a><\/figure>\n\n\n\n<p>Doucher la carte du lecteur ou rechercher le lecteur depuis la bo\u00eete de dialogue :<\/p>\n\n\n<div class=\"wp-block-image\">\n<figure class=\"aligncenter\"><a href=\"http:\/\/rebub.u-bordeaux.fr\/wp-content\/uploads\/2018\/07\/Services-aux-usagers_identification-lecteur.png\" target=\"_blank\" rel=\"noopener noreferrer\"><img decoding=\"async\" loading=\"lazy\" width=\"827\" height=\"281\" src=\"http:\/\/rebub.u-bordeaux.fr\/wp-content\/uploads\/2018\/07\/Services-aux-usagers_identification-lecteur.png\" alt=\"\" class=\"wp-image-3633\" srcset=\"https:\/\/rebub.u-bordeaux.fr\/wp-content\/uploads\/2018\/07\/Services-aux-usagers_identification-lecteur.png 827w, https:\/\/rebub.u-bordeaux.fr\/wp-content\/uploads\/2018\/07\/Services-aux-usagers_identification-lecteur-300x102.png 300w, https:\/\/rebub.u-bordeaux.fr\/wp-content\/uploads\/2018\/07\/Services-aux-usagers_identification-lecteur-768x261.png 768w\" sizes=\"(max-width: 827px) 100vw, 827px\" \/><\/a><\/figure><\/div>\n\n\n<p>Se positionner sur l&rsquo;onglet \u00ab\u00a0Pr\u00eats\u00a0\u00bb :<\/p>\n\n\n<div class=\"wp-block-image\">\n<figure class=\"aligncenter size-large\"><img decoding=\"async\" loading=\"lazy\" width=\"1024\" height=\"414\" src=\"https:\/\/rebub.u-bordeaux.fr\/wp-content\/uploads\/2025\/02\/Onglet-pret-1-1024x414.jpg\" alt=\"\" class=\"wp-image-23147\" srcset=\"https:\/\/rebub.u-bordeaux.fr\/wp-content\/uploads\/2025\/02\/Onglet-pret-1-1024x414.jpg 1024w, https:\/\/rebub.u-bordeaux.fr\/wp-content\/uploads\/2025\/02\/Onglet-pret-1-300x121.jpg 300w, https:\/\/rebub.u-bordeaux.fr\/wp-content\/uploads\/2025\/02\/Onglet-pret-1-768x310.jpg 768w, https:\/\/rebub.u-bordeaux.fr\/wp-content\/uploads\/2025\/02\/Onglet-pret-1.jpg 1260w\" sizes=\"(max-width: 1024px) 100vw, 1024px\" \/><\/figure><\/div>\n\n\n<p>S\u00e9lectionner le pr\u00eat pour lequel on souhaite modifier la date de retour et cliquer sur \u00ab\u00a0Changer la date de retour\u00a0\u00bb :<\/p>\n\n\n<div class=\"wp-block-image\">\n<figure class=\"aligncenter size-large\"><img decoding=\"async\" loading=\"lazy\" width=\"1024\" height=\"416\" src=\"https:\/\/rebub.u-bordeaux.fr\/wp-content\/uploads\/2025\/02\/Selectionner-et-renouveler-1-1024x416.jpg\" alt=\"\" class=\"wp-image-23153\" srcset=\"https:\/\/rebub.u-bordeaux.fr\/wp-content\/uploads\/2025\/02\/Selectionner-et-renouveler-1-1024x416.jpg 1024w, https:\/\/rebub.u-bordeaux.fr\/wp-content\/uploads\/2025\/02\/Selectionner-et-renouveler-1-300x122.jpg 300w, https:\/\/rebub.u-bordeaux.fr\/wp-content\/uploads\/2025\/02\/Selectionner-et-renouveler-1-768x312.jpg 768w, https:\/\/rebub.u-bordeaux.fr\/wp-content\/uploads\/2025\/02\/Selectionner-et-renouveler-1.jpg 1254w\" sizes=\"(max-width: 1024px) 100vw, 1024px\" \/><\/figure><\/div>\n\n\n<p>Ou cliquer directement sur les trois petits points \u00e0 droite du document concern\u00e9 et s\u00e9lectionner dans le menu \u00ab&nbsp;Modifier la date limite&nbsp;\u00bb.<\/p>\n\n\n\n<p>Une fen\u00eatre \u00ab\u00a0pop up\u00a0\u00bb s&rsquo;ouvre. Choisir la date depuis le bouton calendrier <img decoding=\"async\" loading=\"lazy\" width=\"35\" height=\"31\" class=\"alignnone size-full wp-image-8638\" src=\"http:\/\/rebub.u-bordeaux.fr\/wp-content\/uploads\/2020\/03\/Calendrier.png\" alt=\"\"> et cliquer sur le bouton \u00ab\u00a0Changer la date de retour\u00a0\u00bb :<\/p>\n\n\n<div class=\"wp-block-image\">\n<figure class=\"aligncenter size-full\"><img decoding=\"async\" loading=\"lazy\" width=\"537\" height=\"255\" src=\"https:\/\/rebub.u-bordeaux.fr\/wp-content\/uploads\/2025\/02\/calendrier.jpg\" alt=\"\" class=\"wp-image-23154\" srcset=\"https:\/\/rebub.u-bordeaux.fr\/wp-content\/uploads\/2025\/02\/calendrier.jpg 537w, https:\/\/rebub.u-bordeaux.fr\/wp-content\/uploads\/2025\/02\/calendrier-300x142.jpg 300w\" sizes=\"(max-width: 537px) 100vw, 537px\" \/><\/figure><\/div>\n\n\n<p>Il est possible de changer la date de plusieurs documents en une seule fois en les s\u00e9lectionnant en cochant les cases \u00e0 gauche, puis cliquer sur \u00ab\u00a0Changer la date de retour\u00a0\u00bb.<\/p>\n\n\n\n<p>Pour terminer l&rsquo;op\u00e9ration cliquer sur le bouton \u00ab\u00a0Termin\u00e9\u00a0\u00bb :<\/p>\n\n\n<div class=\"wp-block-image\">\n<figure class=\"aligncenter size-large\"><img decoding=\"async\" loading=\"lazy\" width=\"1024\" height=\"404\" src=\"https:\/\/rebub.u-bordeaux.fr\/wp-content\/uploads\/2025\/02\/Bouton-effectue-1024x404.jpg\" alt=\"\" class=\"wp-image-23150\" srcset=\"https:\/\/rebub.u-bordeaux.fr\/wp-content\/uploads\/2025\/02\/Bouton-effectue-1024x404.jpg 1024w, https:\/\/rebub.u-bordeaux.fr\/wp-content\/uploads\/2025\/02\/Bouton-effectue-300x118.jpg 300w, https:\/\/rebub.u-bordeaux.fr\/wp-content\/uploads\/2025\/02\/Bouton-effectue-768x303.jpg 768w, https:\/\/rebub.u-bordeaux.fr\/wp-content\/uploads\/2025\/02\/Bouton-effectue.jpg 1286w\" sizes=\"(max-width: 1024px) 100vw, 1024px\" \/><\/figure><\/div>\n\n\n<div class=\"is-layout-flex wp-container-10 wp-block-columns bord-bloc-reutilisable has-background\" style=\"background-color:#d9edf7\">\n<div class=\"is-layout-flow wp-block-column is-vertically-aligned-center\" style=\"font-size:15px;flex-basis:20%\">\n<p style=\"font-size:15px\"><strong>Date de publication<\/strong> <\/p>\n\n\n<div style=\"font-size:15px;\" class=\"wp-block-post-date\"><time datetime=\"2024-03-22T09:32:18+01:00\">22 mars 2024<\/time><\/div><\/div>\n\n\n\n<div class=\"is-layout-flow wp-block-column is-vertically-aligned-center\" style=\"font-size:15px;flex-basis:20%\">\n<p><strong>Mis \u00e0 jour le <\/strong><\/p>\n\n\n<div style=\"font-size:15px;\" class=\"wp-block-post-date\"><time datetime=\"2025-02-03T10:19:00+01:00\">3 f\u00e9vrier 2025<\/time><\/div><\/div>\n\n\n\n<div class=\"is-layout-flow wp-block-column is-vertically-aligned-center\" style=\"font-size:15px;flex-basis:40%\">\n<p><\/p>\n\n\n\n<p><strong>Attention ! <\/strong>Certains \u00e9tablissements utilisent parfois de proc\u00e9dures compl\u00e9mentaires <\/p>\n<\/div>\n\n\n\n<div class=\"is-layout-flow wp-block-column is-vertically-aligned-center\" style=\"font-size:15px;flex-basis:25%\">\n<div class=\"is-horizontal is-content-justification-center is-layout-flex wp-container-8 wp-block-buttons alignfull has-custom-font-size\" style=\"font-size:16px\">\n<div class=\"wp-block-button has-custom-width wp-block-button__width-75 has-custom-font-size is-style-fill\" style=\"font-size:15px\"><a class=\"wp-block-button__link has-white-color has-text-color has-background wp-element-button\" href=\"mailto:scoop@u-bordeaux.fr\" style=\"border-radius:65px;background-color:#000000db\"><strong>Signaler une erreur<\/strong><\/a><\/div>\n<\/div>\n<\/div>\n<\/div>\n","protected":false},"excerpt":{"rendered":"<p>Aller dans le menu \u00ab\u00a0Services aux usagers\u00a0\u00bb dans la barre de navigation principale d&rsquo;Alma et s\u00e9lectionner \u00ab\u00a0Services aux usagers\u00a0\u00bb dans le sous-menu \u00ab\u00a0Pr\u00eats\/retours\u00a0\u00bb : Doucher la carte du lecteur ou rechercher le lecteur depuis la bo\u00eete de dialogue : Se&#8230;<\/p>\n","protected":false},"author":46,"featured_media":4793,"parent":18468,"menu_order":5,"comment_status":"closed","ping_status":"closed","template":"","meta":[],"post_mailing_queue_ids":[],"_links":{"self":[{"href":"http:\/\/rebub.u-bordeaux.fr\/index.php\/wp-json\/wp\/v2\/pages\/18477"}],"collection":[{"href":"http:\/\/rebub.u-bordeaux.fr\/index.php\/wp-json\/wp\/v2\/pages"}],"about":[{"href":"http:\/\/rebub.u-bordeaux.fr\/index.php\/wp-json\/wp\/v2\/types\/page"}],"author":[{"embeddable":true,"href":"http:\/\/rebub.u-bordeaux.fr\/index.php\/wp-json\/wp\/v2\/users\/46"}],"replies":[{"embeddable":true,"href":"http:\/\/rebub.u-bordeaux.fr\/index.php\/wp-json\/wp\/v2\/comments?post=18477"}],"version-history":[{"count":4,"href":"http:\/\/rebub.u-bordeaux.fr\/index.php\/wp-json\/wp\/v2\/pages\/18477\/revisions"}],"predecessor-version":[{"id":23155,"href":"http:\/\/rebub.u-bordeaux.fr\/index.php\/wp-json\/wp\/v2\/pages\/18477\/revisions\/23155"}],"up":[{"embeddable":true,"href":"http:\/\/rebub.u-bordeaux.fr\/index.php\/wp-json\/wp\/v2\/pages\/18468"}],"wp:featuredmedia":[{"embeddable":true,"href":"http:\/\/rebub.u-bordeaux.fr\/index.php\/wp-json\/wp\/v2\/media\/4793"}],"wp:attachment":[{"href":"http:\/\/rebub.u-bordeaux.fr\/index.php\/wp-json\/wp\/v2\/media?parent=18477"}],"curies":[{"name":"wp","href":"https:\/\/api.w.org\/{rel}","templated":true}]}}