	{"id":18479,"date":"2024-03-22T09:32:22","date_gmt":"2024-03-22T08:32:22","guid":{"rendered":"https:\/\/rebub.u-bordeaux.fr\/?page_id=18479"},"modified":"2025-02-03T17:30:00","modified_gmt":"2025-02-03T16:30:00","slug":"communiquer-un-document-du-magasin","status":"publish","type":"page","link":"http:\/\/rebub.u-bordeaux.fr\/index.php\/alma\/procedures\/services-aux-usagers\/pret-retour\/communiquer-un-document-du-magasin\/","title":{"rendered":"Communiquer un document du magasin"},"content":{"rendered":"<div id='wpig-floatingbar' class='wpig-floatingbar'><div id='wpig-switch-wrapper' class='wpig-switch-wrapper'><span id='wpig-floating-switch' class='wpig-floating-switch'><img src='http:\/\/rebub.u-bordeaux.fr\/wp-content\/plugins\/sticky-toc-advance-table-of-contents\/\\assets\\menu.png'><\/span><\/div><div id='wpig-contents' class='wpig-contents  wpig-sidebar-widget wpig-style-3'><span class='wpig-headline'>Table des mati\u00e8res<span><a data-action='show' class='wpig-btn-toggledisplay'>[ Show ]<\/a><\/span><\/span><!-- Table of Contents --><div id='wpig-table-of-content' class='wpig-table-of-content'><ol><li class='ci-dessus'><a href='#ci-dessus'>Le document est consultable sur place uniquement<\/a><ol><li class='stoc-faire-un-pret'><a href='#stoc-faire-un-pret'>Faire un pr\u00eat<\/a><\/li><li class='stoc-faire-un-retour'><a href='#stoc-faire-un-retour'>Faire un retour<\/a><\/li><\/ol><li class='stoc-le-document-est-empruntable'><a href='#stoc-le-document-est-empruntable'>Le document est empruntable<\/a><ol><li class='stoc-faire-un-pret-directement'><a href='#stoc-faire-un-pret-directement'>Faire un pr\u00eat directement<\/a><\/li><li class='stoc-faire-une-consultation-sur-place'><a href='#stoc-faire-une-consultation-sur-place'>Faire une consultation sur place<\/a><\/li><\/ol><\/li><\/li><\/div><!-- END OF Table of Contents --><\/div><\/div><p><div id='wpig-contents' class='wpig-contents  wpig-sidebar-widget wpig-style-1'><span class='wpig-headline'>Table des mati\u00e8res<span><a data-action='show' class='wpig-btn-toggledisplay'>[ Show ]<\/a><\/span><\/span><!-- Table of Contents --><div id='wpig-table-of-content' class='wpig-table-of-content' ><ol><li class='ci-dessus'><a href='#ci-dessus'>Le document est consultable sur place uniquement<\/a><ol><li class='stoc-faire-un-pret'><a href='#stoc-faire-un-pret'>Faire un pr\u00eat<\/a><\/li><li class='stoc-faire-un-retour'><a href='#stoc-faire-un-retour'>Faire un retour<\/a><\/li><\/ol><li class='stoc-le-document-est-empruntable'><a href='#stoc-le-document-est-empruntable'>Le document est empruntable<\/a><ol><li class='stoc-faire-un-pret-directement'><a href='#stoc-faire-un-pret-directement'>Faire un pr\u00eat directement<\/a><\/li><li class='stoc-faire-une-consultation-sur-place'><a href='#stoc-faire-une-consultation-sur-place'>Faire une consultation sur place<\/a><\/li><\/ol><\/li><\/li><\/div><!-- END OF Table of Contents --><\/div><\/p>\n<p>Lorsque l&rsquo;on a r\u00e9cup\u00e9r\u00e9 le document en magasin, deux cas de figures impliquent des traitements diff\u00e9rents :<\/p>\n\n\n\n<h2 id=\"ci-dessus\" id=\"ci-dessus\" class=\"wpig-heading\">Le document est consultable sur place uniquement<\/h2>\n\n\n\n<div class=\"is-layout-flex wp-container-4 wp-block-columns are-vertically-aligned-top bord-bloc-reutilisable has-background\" style=\"background-color:#ff303047\">\n<div class=\"is-layout-flow wp-block-column is-vertically-aligned-top\" style=\"flex-basis:7%\">\n<figure class=\"wp-block-image alignfull size-full\"><img decoding=\"async\" loading=\"lazy\" width=\"512\" height=\"512\" src=\"https:\/\/rebub.u-bordeaux.fr\/wp-content\/uploads\/2024\/04\/point-dexclamation.png\" alt=\"\" class=\"wp-image-19898\" srcset=\"https:\/\/rebub.u-bordeaux.fr\/wp-content\/uploads\/2024\/04\/point-dexclamation.png 512w, https:\/\/rebub.u-bordeaux.fr\/wp-content\/uploads\/2024\/04\/point-dexclamation-300x300.png 300w, https:\/\/rebub.u-bordeaux.fr\/wp-content\/uploads\/2024\/04\/point-dexclamation-150x150.png 150w\" sizes=\"(max-width: 512px) 100vw, 512px\" \/><\/figure>\n<\/div>\n\n\n\n<div class=\"is-layout-flow wp-block-column is-vertically-aligned-top\" style=\"flex-basis:40%\">\n<p class=\"has-text-align-left\">La premi\u00e8re \u00e9tape consiste \u00e0 se localiser \u00e0 un bureau de pr\u00eat configur\u00e9 en \u00ab\u00a0salle de lecture\u00a0\u00bb. Les bureaux de pr\u00eat \u00ab\u00a0salle de lecture\u00a0\u00bb servent \u00e0 comptabiliser les consultations sur place de document conserv\u00e9 en magasin. Ils ont la plupart du temps \u00ab\u00a0<strong>Consultation sur place<\/strong>\u00a0\u00bb comme intitul\u00e9.<br>Cliquer sur l&rsquo;ic\u00f4ne <img decoding=\"async\" style=\"width: 27px;\" src=\"http:\/\/rebub.u-bordeaux.fr\/wp-content\/uploads\/2018\/06\/Icone-localisation.png\" alt=\"\"> dans la barre de navigation principale d&rsquo;Alma et choisir son bureau de pr\u00eat<\/p>\n<\/div>\n\n\n\n<div class=\"is-layout-flow wp-block-column\" style=\"flex-basis:50%\">\n<figure class=\"wp-block-image size-full\"><img decoding=\"async\" loading=\"lazy\" width=\"457\" height=\"322\" src=\"https:\/\/rebub.u-bordeaux.fr\/wp-content\/uploads\/2024\/04\/Consultation-sur-place.png\" alt=\"\" class=\"wp-image-20659\" srcset=\"https:\/\/rebub.u-bordeaux.fr\/wp-content\/uploads\/2024\/04\/Consultation-sur-place.png 457w, https:\/\/rebub.u-bordeaux.fr\/wp-content\/uploads\/2024\/04\/Consultation-sur-place-300x211.png 300w\" sizes=\"(max-width: 457px) 100vw, 457px\" \/><\/figure>\n<\/div>\n<\/div>\n\n\n\n<h3 id=\"stoc-faire-un-pret\" class=\"wpig-heading\">Faire un pr\u00eat<\/h3>\n\n\n\n<p>Suivre la proc\u00e9dure de <a href=\"https:\/\/rebub.u-bordeaux.fr\/index.php\/alma\/procedures\/services-aux-usagers\/pret-retour\/faire-un-pret\/\" data-type=\"URL\" data-id=\"https:\/\/rebub.u-bordeaux.fr\/index.php\/alma\/procedures\/services-aux-usagers\/pret-retour\/faire-un-pret\/\">pr\u00eat d&rsquo;un document<\/a>.<\/p>\n\n\n\n<p>Lorsque le pr\u00eat est effectu\u00e9, la date de retour est la date du jour :<\/p>\n\n\n<div class=\"wp-block-image\">\n<figure class=\"aligncenter size-large\"><img decoding=\"async\" loading=\"lazy\" width=\"1024\" height=\"589\" src=\"https:\/\/rebub.u-bordeaux.fr\/wp-content\/uploads\/2025\/02\/Capture-02_Pret-en-consultation-sur-place-1024x589.png\" alt=\"\" class=\"wp-image-23177\" srcset=\"https:\/\/rebub.u-bordeaux.fr\/wp-content\/uploads\/2025\/02\/Capture-02_Pret-en-consultation-sur-place-1024x589.png 1024w, https:\/\/rebub.u-bordeaux.fr\/wp-content\/uploads\/2025\/02\/Capture-02_Pret-en-consultation-sur-place-300x172.png 300w, https:\/\/rebub.u-bordeaux.fr\/wp-content\/uploads\/2025\/02\/Capture-02_Pret-en-consultation-sur-place-768x441.png 768w, https:\/\/rebub.u-bordeaux.fr\/wp-content\/uploads\/2025\/02\/Capture-02_Pret-en-consultation-sur-place.png 1451w\" sizes=\"(max-width: 1024px) 100vw, 1024px\" \/><\/figure><\/div>\n\n\n<h3 id=\"stoc-faire-un-retour\" class=\"wpig-heading\">Faire un retour<\/h3>\n\n\n\n<p><strong>Retour non d\u00e9finitif<\/strong><\/p>\n\n\n\n<p>Suivre la proc\u00e9dure de <a href=\"https:\/\/rebub.u-bordeaux.fr\/index.php\/alma\/procedures\/services-aux-usagers\/pret-retour\/faire-un-retour\/\" data-type=\"URL\" data-id=\"https:\/\/rebub.u-bordeaux.fr\/index.php\/alma\/procedures\/services-aux-usagers\/pret-retour\/faire-un-retour\/\">retour d&rsquo;un document<\/a>.<\/p>\n\n\n\n<p>Se rendre sur l\u2019onglet \u00ab&nbsp;Retours&nbsp;\u00bb et veiller \u00e0 d\u00e9cocher la case \u00ab&nbsp;Mode retour final&nbsp;\u00bb :<\/p>\n\n\n<div class=\"wp-block-image\">\n<figure class=\"aligncenter size-large\"><img decoding=\"async\" loading=\"lazy\" width=\"1024\" height=\"94\" src=\"https:\/\/rebub.u-bordeaux.fr\/wp-content\/uploads\/2025\/02\/Capture-03_Retour-non-definitif-en-consultation-sur-place-1024x94.png\" alt=\"\" class=\"wp-image-23178\" srcset=\"https:\/\/rebub.u-bordeaux.fr\/wp-content\/uploads\/2025\/02\/Capture-03_Retour-non-definitif-en-consultation-sur-place-1024x94.png 1024w, https:\/\/rebub.u-bordeaux.fr\/wp-content\/uploads\/2025\/02\/Capture-03_Retour-non-definitif-en-consultation-sur-place-300x28.png 300w, https:\/\/rebub.u-bordeaux.fr\/wp-content\/uploads\/2025\/02\/Capture-03_Retour-non-definitif-en-consultation-sur-place-768x71.png 768w, https:\/\/rebub.u-bordeaux.fr\/wp-content\/uploads\/2025\/02\/Capture-03_Retour-non-definitif-en-consultation-sur-place.png 1476w\" sizes=\"(max-width: 1024px) 100vw, 1024px\" \/><\/figure><\/div>\n\n\n<p>Scanner ensuite le code-barres de l\u2019exemplaire. Une fen\u00eatre pop-up s\u2019ouvre alors et indique que le document doit \u00eatre remis sur le rayon des r\u00e9servations et non rang\u00e9 en magasin :<\/p>\n\n\n<div class=\"wp-block-image\">\n<figure class=\"aligncenter size-full\"><img decoding=\"async\" loading=\"lazy\" width=\"472\" height=\"231\" src=\"https:\/\/rebub.u-bordeaux.fr\/wp-content\/uploads\/2025\/02\/Capture-04_Remise-en-rayon-en-consultation-sur-place.png\" alt=\"\" class=\"wp-image-23179\" srcset=\"https:\/\/rebub.u-bordeaux.fr\/wp-content\/uploads\/2025\/02\/Capture-04_Remise-en-rayon-en-consultation-sur-place.png 472w, https:\/\/rebub.u-bordeaux.fr\/wp-content\/uploads\/2025\/02\/Capture-04_Remise-en-rayon-en-consultation-sur-place-300x147.png 300w\" sizes=\"(max-width: 472px) 100vw, 472px\" \/><\/figure><\/div>\n\n\n<p>Sur la fiche du lecteur, le document est toujours dans la liste de ses pr\u00eats avec un statut indiquent qu&rsquo;il est \u00ab\u00a0sur le rayon des r\u00e9servations\u00a0\u00bb :<\/p>\n\n\n<div class=\"wp-block-image\">\n<figure class=\"aligncenter size-large\"><img decoding=\"async\" loading=\"lazy\" width=\"1024\" height=\"586\" src=\"https:\/\/rebub.u-bordeaux.fr\/wp-content\/uploads\/2025\/02\/Capture-05_Compte-du-lecteur-consultation-sur-place-1024x586.png\" alt=\"\" class=\"wp-image-23180\" srcset=\"https:\/\/rebub.u-bordeaux.fr\/wp-content\/uploads\/2025\/02\/Capture-05_Compte-du-lecteur-consultation-sur-place-1024x586.png 1024w, https:\/\/rebub.u-bordeaux.fr\/wp-content\/uploads\/2025\/02\/Capture-05_Compte-du-lecteur-consultation-sur-place-300x172.png 300w, https:\/\/rebub.u-bordeaux.fr\/wp-content\/uploads\/2025\/02\/Capture-05_Compte-du-lecteur-consultation-sur-place-768x439.png 768w, https:\/\/rebub.u-bordeaux.fr\/wp-content\/uploads\/2025\/02\/Capture-05_Compte-du-lecteur-consultation-sur-place.png 1451w\" sizes=\"(max-width: 1024px) 100vw, 1024px\" \/><\/figure><\/div>\n\n\n<p>A tout moment le lecteur peut reprendre le document. Il faudra suivre la proc\u00e9dure de pr\u00eat pour indiquer que le document est en sa possession et changer le statut sur la fiche lecteur :<\/p>\n\n\n<div class=\"wp-block-image\">\n<figure class=\"aligncenter size-large\"><img decoding=\"async\" loading=\"lazy\" width=\"1024\" height=\"588\" src=\"https:\/\/rebub.u-bordeaux.fr\/wp-content\/uploads\/2025\/02\/Capture-06_Indication-document-en-possession-du-lecteur-1024x588.png\" alt=\"\" class=\"wp-image-23181\" srcset=\"https:\/\/rebub.u-bordeaux.fr\/wp-content\/uploads\/2025\/02\/Capture-06_Indication-document-en-possession-du-lecteur-1024x588.png 1024w, https:\/\/rebub.u-bordeaux.fr\/wp-content\/uploads\/2025\/02\/Capture-06_Indication-document-en-possession-du-lecteur-300x172.png 300w, https:\/\/rebub.u-bordeaux.fr\/wp-content\/uploads\/2025\/02\/Capture-06_Indication-document-en-possession-du-lecteur-768x441.png 768w, https:\/\/rebub.u-bordeaux.fr\/wp-content\/uploads\/2025\/02\/Capture-06_Indication-document-en-possession-du-lecteur.png 1450w\" sizes=\"(max-width: 1024px) 100vw, 1024px\" \/><\/figure><\/div>\n\n\n<p><strong>Retour d\u00e9finitif<\/strong><\/p>\n\n\n\n<p>Suivre la proc\u00e9dure de <a href=\"https:\/\/rebub.u-bordeaux.fr\/index.php\/alma\/procedures\/services-aux-usagers\/pret-retour\/faire-un-retour\/\">retour d&rsquo;un document<\/a>.<\/p>\n\n\n\n<p>Se rendre sur l\u2019onglet \u00ab&nbsp;Retours&nbsp;\u00bb et cocher la case \u00ab&nbsp;Mode retour final&nbsp;\u00bb :<\/p>\n\n\n<div class=\"wp-block-image\">\n<figure class=\"aligncenter size-large\"><img decoding=\"async\" loading=\"lazy\" width=\"1024\" height=\"95\" src=\"https:\/\/rebub.u-bordeaux.fr\/wp-content\/uploads\/2025\/02\/Capture-07__Retour-definitif-en-consultation-sur-place-1024x95.png\" alt=\"\" class=\"wp-image-23182\" srcset=\"https:\/\/rebub.u-bordeaux.fr\/wp-content\/uploads\/2025\/02\/Capture-07__Retour-definitif-en-consultation-sur-place-1024x95.png 1024w, https:\/\/rebub.u-bordeaux.fr\/wp-content\/uploads\/2025\/02\/Capture-07__Retour-definitif-en-consultation-sur-place-300x28.png 300w, https:\/\/rebub.u-bordeaux.fr\/wp-content\/uploads\/2025\/02\/Capture-07__Retour-definitif-en-consultation-sur-place-768x71.png 768w, https:\/\/rebub.u-bordeaux.fr\/wp-content\/uploads\/2025\/02\/Capture-07__Retour-definitif-en-consultation-sur-place.png 1474w\" sizes=\"(max-width: 1024px) 100vw, 1024px\" \/><\/figure><\/div>\n\n\n<p>Le document sera alors indiqu\u00e9 comme \u00ab&nbsp;retourn\u00e9&nbsp;\u00bb sur le compte lecteur, de la m\u00eame mani\u00e8re qu\u2019un document empruntable&nbsp;:<\/p>\n\n\n<div class=\"wp-block-image\">\n<figure class=\"aligncenter size-large\"><img decoding=\"async\" loading=\"lazy\" width=\"1024\" height=\"279\" src=\"https:\/\/rebub.u-bordeaux.fr\/wp-content\/uploads\/2025\/02\/Capture-08_Compte-du-lecteur-indication-de-retour-du-document-1024x279.png\" alt=\"\" class=\"wp-image-23183\" srcset=\"https:\/\/rebub.u-bordeaux.fr\/wp-content\/uploads\/2025\/02\/Capture-08_Compte-du-lecteur-indication-de-retour-du-document-1024x279.png 1024w, https:\/\/rebub.u-bordeaux.fr\/wp-content\/uploads\/2025\/02\/Capture-08_Compte-du-lecteur-indication-de-retour-du-document-300x82.png 300w, https:\/\/rebub.u-bordeaux.fr\/wp-content\/uploads\/2025\/02\/Capture-08_Compte-du-lecteur-indication-de-retour-du-document-768x210.png 768w, https:\/\/rebub.u-bordeaux.fr\/wp-content\/uploads\/2025\/02\/Capture-08_Compte-du-lecteur-indication-de-retour-du-document.png 1451w\" sizes=\"(max-width: 1024px) 100vw, 1024px\" \/><\/figure><\/div>\n\n\n<p>On constate alors que le document a disparu des pr\u00eats en cours sur le compte lecteur&nbsp;:<\/p>\n\n\n<div class=\"wp-block-image\">\n<figure class=\"aligncenter size-large\"><img decoding=\"async\" loading=\"lazy\" width=\"1024\" height=\"391\" src=\"https:\/\/rebub.u-bordeaux.fr\/wp-content\/uploads\/2025\/02\/Capture-09_Compte-du-lecteur-disparition-du-document-1024x391.png\" alt=\"\" class=\"wp-image-23184\" srcset=\"https:\/\/rebub.u-bordeaux.fr\/wp-content\/uploads\/2025\/02\/Capture-09_Compte-du-lecteur-disparition-du-document-1024x391.png 1024w, https:\/\/rebub.u-bordeaux.fr\/wp-content\/uploads\/2025\/02\/Capture-09_Compte-du-lecteur-disparition-du-document-300x115.png 300w, https:\/\/rebub.u-bordeaux.fr\/wp-content\/uploads\/2025\/02\/Capture-09_Compte-du-lecteur-disparition-du-document-768x293.png 768w, https:\/\/rebub.u-bordeaux.fr\/wp-content\/uploads\/2025\/02\/Capture-09_Compte-du-lecteur-disparition-du-document.png 1487w\" sizes=\"(max-width: 1024px) 100vw, 1024px\" \/><\/figure><\/div>\n\n\n<h2 id=\"stoc-le-document-est-empruntable\" class=\"wpig-heading\">Le document est empruntable<\/h2>\n\n\n\n<div class=\"is-layout-flex wp-container-8 wp-block-columns are-vertically-aligned-top bord-bloc-reutilisable has-background\" style=\"background-color:#ff303047\">\n<div class=\"is-layout-flow wp-block-column is-vertically-aligned-top\" style=\"flex-basis:7%\">\n<figure class=\"wp-block-image alignfull size-full\"><img decoding=\"async\" loading=\"lazy\" width=\"512\" height=\"512\" src=\"https:\/\/rebub.u-bordeaux.fr\/wp-content\/uploads\/2024\/04\/point-dexclamation.png\" alt=\"\" class=\"wp-image-19898\" srcset=\"https:\/\/rebub.u-bordeaux.fr\/wp-content\/uploads\/2024\/04\/point-dexclamation.png 512w, https:\/\/rebub.u-bordeaux.fr\/wp-content\/uploads\/2024\/04\/point-dexclamation-300x300.png 300w, https:\/\/rebub.u-bordeaux.fr\/wp-content\/uploads\/2024\/04\/point-dexclamation-150x150.png 150w\" sizes=\"(max-width: 512px) 100vw, 512px\" \/><\/figure>\n<\/div>\n\n\n\n<div class=\"is-layout-flow wp-block-column is-vertically-aligned-top\" style=\"flex-basis:52%\">\n<p class=\"has-text-align-left\"><strong>Attention !<\/strong> Il faut se localiser \u00e0 un bureau de pr\u00eat classique (donc non configur\u00e9 en \u00ab\u00a0salle de lecture\u00a0\u00bb).<br>Cliquer sur l&rsquo;ic\u00f4ne <img decoding=\"async\" style=\"width: 27px;\" src=\"http:\/\/rebub.u-bordeaux.fr\/wp-content\/uploads\/2018\/06\/Icone-localisation.png\" alt=\"\"> dans la barre de navigation principale d&rsquo;Alma et choisir son bureau de pr\u00eat.<br><\/p>\n<\/div>\n\n\n\n<div class=\"is-layout-flow wp-block-column\">\n<figure class=\"wp-block-image size-full\"><img decoding=\"async\" loading=\"lazy\" width=\"329\" height=\"269\" src=\"https:\/\/rebub.u-bordeaux.fr\/wp-content\/uploads\/2025\/02\/Capture-01_Bureau-de-Pret-1.png\" alt=\"\" class=\"wp-image-23216\" srcset=\"https:\/\/rebub.u-bordeaux.fr\/wp-content\/uploads\/2025\/02\/Capture-01_Bureau-de-Pret-1.png 329w, https:\/\/rebub.u-bordeaux.fr\/wp-content\/uploads\/2025\/02\/Capture-01_Bureau-de-Pret-1-300x245.png 300w\" sizes=\"(max-width: 329px) 100vw, 329px\" \/><\/figure>\n<\/div>\n<\/div>\n\n\n\n<h3 id=\"stoc-faire-un-pret-directement\" class=\"wpig-heading\">Faire un pr\u00eat directement<\/h3>\n\n\n\n<p>Si le lecteur souhaite emprunter le document : suivre la <a href=\"https:\/\/rebub.u-bordeaux.fr\/index.php\/alma\/procedures\/services-aux-usagers\/pret-retour\/faire-un-pret\/\">proc\u00e9dure de pr\u00eat<\/a>.<\/p>\n\n\n\n<h3 id=\"stoc-faire-une-consultation-sur-place\" class=\"wpig-heading\">Faire une consultation sur place<\/h3>\n\n\n\n<p>Suivre la proc\u00e9dure de pr\u00eat d&rsquo;un document pour consultation sur place d\u00e9taill\u00e9e <a href=\"#ci-dessus\">ci-dessus<\/a>.<\/p>\n\n\n\n<div class=\"is-layout-flex wp-container-11 wp-block-columns bord-bloc-reutilisable has-background\" style=\"background-color:#ffeec2\">\n<div class=\"is-layout-flow wp-block-column\" style=\"flex-basis:7%\">\n<figure class=\"wp-block-image alignfull size-full is-style-default\"><img decoding=\"async\" loading=\"lazy\" width=\"512\" height=\"512\" src=\"https:\/\/rebub.u-bordeaux.fr\/wp-content\/uploads\/2024\/04\/nouvelles-idees-en-cours.png\" alt=\"\" class=\"wp-image-19897\" srcset=\"https:\/\/rebub.u-bordeaux.fr\/wp-content\/uploads\/2024\/04\/nouvelles-idees-en-cours.png 512w, https:\/\/rebub.u-bordeaux.fr\/wp-content\/uploads\/2024\/04\/nouvelles-idees-en-cours-300x300.png 300w, https:\/\/rebub.u-bordeaux.fr\/wp-content\/uploads\/2024\/04\/nouvelles-idees-en-cours-150x150.png 150w\" sizes=\"(max-width: 512px) 100vw, 512px\" \/><\/figure>\n<\/div>\n\n\n\n<div class=\"is-layout-flow wp-block-column\" style=\"flex-basis:85%\">\n<p><strong>Note<\/strong> : La date de retour qui s&rsquo;affichera ne sera pas la date du jour (contrairement \u00e0 un vrai document uniquement consultable sur place) mais sera calcul\u00e9e en fonction de la r\u00e8gle de circulation appliqu\u00e9e sur le document.<\/p>\n<\/div>\n<\/div>\n\n\n\n<p>Si apr\u00e8s consultation, le lecteur souhaite emprunter le document, faire un retour \u00ab\u00a0final\u00a0\u00bb sur le bureau de pr\u00eat configur\u00e9 en \u00ab\u00a0salle de lecture\u00a0\u00bb et renvoyer le lecteur sur un bureau de pr\u00eat classique.<\/p>\n\n\n\n<p>Suivre la <a href=\"https:\/\/rebub.u-bordeaux.fr\/index.php\/alma\/procedures\/services-aux-usagers\/pret-retour\/faire-un-pret\/\" data-type=\"URL\" data-id=\"https:\/\/rebub.u-bordeaux.fr\/index.php\/alma\/procedures\/services-aux-usagers\/pret-retour\/faire-un-pret\/\">proc\u00e9dure de pr\u00eat<\/a>.<\/p>\n\n\n\n<div class=\"is-layout-flex wp-container-17 wp-block-columns bord-bloc-reutilisable has-background\" style=\"background-color:#d9edf7\">\n<div class=\"is-layout-flow wp-block-column is-vertically-aligned-center\" style=\"font-size:15px;flex-basis:20%\">\n<p style=\"font-size:15px\"><strong>Date de publication<\/strong> <\/p>\n\n\n<div style=\"font-size:15px;\" class=\"wp-block-post-date\"><time datetime=\"2024-03-22T09:32:22+01:00\">22 mars 2024<\/time><\/div><\/div>\n\n\n\n<div class=\"is-layout-flow wp-block-column is-vertically-aligned-center\" style=\"font-size:15px;flex-basis:20%\">\n<p><strong>Mis \u00e0 jour le <\/strong><\/p>\n\n\n<div style=\"font-size:15px;\" class=\"wp-block-post-date\"><time datetime=\"2025-02-03T17:30:00+01:00\">3 f\u00e9vrier 2025<\/time><\/div><\/div>\n\n\n\n<div class=\"is-layout-flow wp-block-column is-vertically-aligned-center\" style=\"font-size:15px;flex-basis:40%\">\n<p><\/p>\n\n\n\n<p><strong>Attention ! <\/strong>Certains \u00e9tablissements utilisent parfois de proc\u00e9dures compl\u00e9mentaires <\/p>\n<\/div>\n\n\n\n<div class=\"is-layout-flow wp-block-column is-vertically-aligned-center\" style=\"font-size:15px;flex-basis:25%\">\n<div class=\"is-horizontal is-content-justification-center is-layout-flex wp-container-15 wp-block-buttons alignfull has-custom-font-size\" style=\"font-size:16px\">\n<div class=\"wp-block-button has-custom-width wp-block-button__width-75 has-custom-font-size is-style-fill\" style=\"font-size:15px\"><a class=\"wp-block-button__link has-white-color has-text-color has-background wp-element-button\" href=\"mailto:scoop@u-bordeaux.fr\" style=\"border-radius:65px;background-color:#000000db\"><strong>Signaler une erreur<\/strong><\/a><\/div>\n<\/div>\n<\/div>\n<\/div>\n","protected":false},"excerpt":{"rendered":"<p>Table des mati\u00e8res[ Show ]Le document est consultable sur place uniquementFaire un pr\u00eatFaire un retourLe document est empruntableFaire un pr\u00eat directementFaire une consultation sur placeLorsque l&rsquo;on a r\u00e9cup\u00e9r\u00e9 le document en magasin, deux cas de figures impliquent des traitements diff\u00e9rents&#8230;<\/p>\n","protected":false},"author":46,"featured_media":4793,"parent":18468,"menu_order":8,"comment_status":"closed","ping_status":"closed","template":"","meta":[],"post_mailing_queue_ids":[],"_links":{"self":[{"href":"http:\/\/rebub.u-bordeaux.fr\/index.php\/wp-json\/wp\/v2\/pages\/18479"}],"collection":[{"href":"http:\/\/rebub.u-bordeaux.fr\/index.php\/wp-json\/wp\/v2\/pages"}],"about":[{"href":"http:\/\/rebub.u-bordeaux.fr\/index.php\/wp-json\/wp\/v2\/types\/page"}],"author":[{"embeddable":true,"href":"http:\/\/rebub.u-bordeaux.fr\/index.php\/wp-json\/wp\/v2\/users\/46"}],"replies":[{"embeddable":true,"href":"http:\/\/rebub.u-bordeaux.fr\/index.php\/wp-json\/wp\/v2\/comments?post=18479"}],"version-history":[{"count":16,"href":"http:\/\/rebub.u-bordeaux.fr\/index.php\/wp-json\/wp\/v2\/pages\/18479\/revisions"}],"predecessor-version":[{"id":23271,"href":"http:\/\/rebub.u-bordeaux.fr\/index.php\/wp-json\/wp\/v2\/pages\/18479\/revisions\/23271"}],"up":[{"embeddable":true,"href":"http:\/\/rebub.u-bordeaux.fr\/index.php\/wp-json\/wp\/v2\/pages\/18468"}],"wp:featuredmedia":[{"embeddable":true,"href":"http:\/\/rebub.u-bordeaux.fr\/index.php\/wp-json\/wp\/v2\/media\/4793"}],"wp:attachment":[{"href":"http:\/\/rebub.u-bordeaux.fr\/index.php\/wp-json\/wp\/v2\/media?parent=18479"}],"curies":[{"name":"wp","href":"https:\/\/api.w.org\/{rel}","templated":true}]}}