	{"id":18482,"date":"2024-03-22T09:32:21","date_gmt":"2024-03-22T08:32:21","guid":{"rendered":"https:\/\/rebub.u-bordeaux.fr\/?page_id=18482"},"modified":"2025-02-03T12:00:46","modified_gmt":"2025-02-03T11:00:46","slug":"corriger-ou-modifier-un-code-barres-sur-un-exemplaire-en-situation-daccueil","status":"publish","type":"page","link":"http:\/\/rebub.u-bordeaux.fr\/index.php\/alma\/procedures\/services-aux-usagers\/pret-retour\/corriger-ou-modifier-un-code-barres-sur-un-exemplaire-en-situation-daccueil\/","title":{"rendered":"Corriger ou modifier un code-barres sur un exemplaire en situation d\u2019accueil"},"content":{"rendered":"<div id='wpig-floatingbar' class='wpig-floatingbar'><div id='wpig-switch-wrapper' class='wpig-switch-wrapper'><span id='wpig-floating-switch' class='wpig-floating-switch'><img src='http:\/\/rebub.u-bordeaux.fr\/wp-content\/plugins\/sticky-toc-advance-table-of-contents\/\\assets\\menu.png'><\/span><\/div><\/div><p><\/p>\n<div class=\"is-layout-flex wp-container-3 wp-block-columns bord-bloc-reutilisable has-background\" style=\"background-color:#ffeec2\">\n<div class=\"is-layout-flow wp-block-column\" style=\"flex-basis:7%\">\n<figure class=\"wp-block-image alignfull size-full is-style-default\"><img decoding=\"async\" loading=\"lazy\" width=\"512\" height=\"512\" src=\"https:\/\/rebub.u-bordeaux.fr\/wp-content\/uploads\/2024\/04\/nouvelles-idees-en-cours.png\" alt=\"\" class=\"wp-image-19897\" srcset=\"https:\/\/rebub.u-bordeaux.fr\/wp-content\/uploads\/2024\/04\/nouvelles-idees-en-cours.png 512w, https:\/\/rebub.u-bordeaux.fr\/wp-content\/uploads\/2024\/04\/nouvelles-idees-en-cours-300x300.png 300w, https:\/\/rebub.u-bordeaux.fr\/wp-content\/uploads\/2024\/04\/nouvelles-idees-en-cours-150x150.png 150w\" sizes=\"(max-width: 512px) 100vw, 512px\" \/><\/figure>\n<\/div>\n\n\n\n<div class=\"is-layout-flow wp-block-column\" style=\"flex-basis:85%\">\n<p><strong>Note<\/strong> : dans quels cas utiliser cette proc\u00e9dure :<\/p>\n\n\n\n<ul>\n<li>le code-barres sur le document est manquant<\/li>\n\n\n\n<li>le code-barres sur le document ne correspond pas \u00e0 la norme EAN<\/li>\n\n\n\n<li>le code-barres sur le document ne correspond pas \u00e0 l&rsquo;exemplaire dans Alma<\/li>\n<\/ul>\n<\/div>\n<\/div>\n\n\n\n<p>Depuis la barre de recherche, s\u00e9lectionner l&rsquo;environnement de recherche \u00ab\u00a0Exemplaires physiques\u00a0\u00bb puis faire une recherche \u00e0 partir du code-barres si il y en a un ou \u00e0 partir de tout autre \u00e9l\u00e9ment permet d&rsquo;identifier le document (ISBN par exemple) :<\/p>\n\n\n<div class=\"wp-block-image\">\n<figure class=\"aligncenter size-large\"><img decoding=\"async\" loading=\"lazy\" width=\"1024\" height=\"395\" src=\"https:\/\/rebub.u-bordeaux.fr\/wp-content\/uploads\/2025\/02\/Capture-01_Recherche-exemplaires-physiques-1024x395.png\" alt=\"\" class=\"wp-image-23167\" srcset=\"https:\/\/rebub.u-bordeaux.fr\/wp-content\/uploads\/2025\/02\/Capture-01_Recherche-exemplaires-physiques-1024x395.png 1024w, https:\/\/rebub.u-bordeaux.fr\/wp-content\/uploads\/2025\/02\/Capture-01_Recherche-exemplaires-physiques-300x116.png 300w, https:\/\/rebub.u-bordeaux.fr\/wp-content\/uploads\/2025\/02\/Capture-01_Recherche-exemplaires-physiques-768x296.png 768w, https:\/\/rebub.u-bordeaux.fr\/wp-content\/uploads\/2025\/02\/Capture-01_Recherche-exemplaires-physiques.png 1510w\" sizes=\"(max-width: 1024px) 100vw, 1024px\" \/><\/figure><\/div>\n\n\n<div class=\"is-layout-flex wp-container-6 wp-block-columns bord-bloc-reutilisable has-background\" style=\"background-color:#ffeec2\">\n<div class=\"is-layout-flow wp-block-column\" style=\"flex-basis:7%\">\n<figure class=\"wp-block-image alignfull size-full is-style-default\"><img decoding=\"async\" loading=\"lazy\" width=\"512\" height=\"512\" src=\"https:\/\/rebub.u-bordeaux.fr\/wp-content\/uploads\/2024\/04\/nouvelles-idees-en-cours.png\" alt=\"\" class=\"wp-image-19897\" srcset=\"https:\/\/rebub.u-bordeaux.fr\/wp-content\/uploads\/2024\/04\/nouvelles-idees-en-cours.png 512w, https:\/\/rebub.u-bordeaux.fr\/wp-content\/uploads\/2024\/04\/nouvelles-idees-en-cours-300x300.png 300w, https:\/\/rebub.u-bordeaux.fr\/wp-content\/uploads\/2024\/04\/nouvelles-idees-en-cours-150x150.png 150w\" sizes=\"(max-width: 512px) 100vw, 512px\" \/><\/figure>\n<\/div>\n\n\n\n<div class=\"is-layout-flow wp-block-column\" style=\"flex-basis:85%\">\n<p><strong>Astuce : <\/strong><\/p>\n\n\n\n<p>Par d\u00e9faut la recherche s&rsquo;effectue sur l&rsquo;index \u00ab\u00a0Mots cl\u00e9s\u00a0\u00bb qui correspond \u00e0 tout. Si besoin d&rsquo;affiner votre recherche on peut filtrer sur les index code-barres ou ISBN si on recherche sur ces informations.<\/p>\n\n\n<div class=\"wp-block-image\">\n<figure class=\"alignleft is-resized\"><a href=\"http:\/\/rebub.u-bordeaux.fr\/wp-content\/uploads\/2021\/05\/Index-code-barres.png\" target=\"_blank\" rel=\"noreferrer noopener\"><img decoding=\"async\" loading=\"lazy\" src=\"http:\/\/rebub.u-bordeaux.fr\/wp-content\/uploads\/2021\/05\/Index-code-barres.png\" alt=\"\" class=\"wp-image-10735\" width=\"312\" height=\"39\" srcset=\"https:\/\/rebub.u-bordeaux.fr\/wp-content\/uploads\/2021\/05\/Index-code-barres.png 312w, https:\/\/rebub.u-bordeaux.fr\/wp-content\/uploads\/2021\/05\/Index-code-barres-300x38.png 300w\" sizes=\"(max-width: 312px) 100vw, 312px\" \/><\/a><\/figure><\/div>\n\n<div class=\"wp-block-image\">\n<figure class=\"alignleft is-resized\"><a href=\"http:\/\/rebub.u-bordeaux.fr\/wp-content\/uploads\/2021\/05\/Index-ISBN.png\" target=\"_blank\" rel=\"noreferrer noopener\"><img decoding=\"async\" loading=\"lazy\" src=\"http:\/\/rebub.u-bordeaux.fr\/wp-content\/uploads\/2021\/05\/Index-ISBN.png\" alt=\"\" class=\"wp-image-10736\" width=\"279\" height=\"40\"\/><\/a><\/figure><\/div><\/div>\n<\/div>\n\n\n\n<p>Dans la liste des r\u00e9sultats, depuis l&rsquo;exemplaire concern\u00e9, cliquer sur le bouton \u00ab\u00a0Modifier l&rsquo;exemplaire\u00a0\u00bb si il est en acc\u00e8s direct sinon sur le bouton <img decoding=\"async\" loading=\"lazy\" class=\"alignnone wp-image-3871\" src=\"http:\/\/rebub.u-bordeaux.fr\/wp-content\/uploads\/2018\/07\/bouton-actions-suppl\u00e9mentaires-blue.jpg\" alt=\"\" width=\"36\" height=\"31\"> :<\/p>\n\n\n<div class=\"wp-block-image\">\n<figure class=\"aligncenter size-large\"><img decoding=\"async\" loading=\"lazy\" width=\"1024\" height=\"398\" src=\"https:\/\/rebub.u-bordeaux.fr\/wp-content\/uploads\/2025\/02\/Capture-02_Modifier-lexemplaire-1024x398.png\" alt=\"\" class=\"wp-image-23168\" srcset=\"https:\/\/rebub.u-bordeaux.fr\/wp-content\/uploads\/2025\/02\/Capture-02_Modifier-lexemplaire-1024x398.png 1024w, https:\/\/rebub.u-bordeaux.fr\/wp-content\/uploads\/2025\/02\/Capture-02_Modifier-lexemplaire-300x117.png 300w, https:\/\/rebub.u-bordeaux.fr\/wp-content\/uploads\/2025\/02\/Capture-02_Modifier-lexemplaire-768x299.png 768w, https:\/\/rebub.u-bordeaux.fr\/wp-content\/uploads\/2025\/02\/Capture-02_Modifier-lexemplaire.png 1512w\" sizes=\"(max-width: 1024px) 100vw, 1024px\" \/><\/figure><\/div>\n\n\n<p>Saisir le code-barres dans le champ correspondant puis cliquer sur le bouton \u00ab\u00a0Enregistrer\u00a0\u00bb :<\/p>\n\n\n<div class=\"wp-block-image\">\n<figure class=\"aligncenter size-large\"><img decoding=\"async\" loading=\"lazy\" width=\"1024\" height=\"472\" src=\"https:\/\/rebub.u-bordeaux.fr\/wp-content\/uploads\/2025\/02\/Capture-03_Enregistrer-lexemplaire-1024x472.png\" alt=\"\" class=\"wp-image-23169\" srcset=\"https:\/\/rebub.u-bordeaux.fr\/wp-content\/uploads\/2025\/02\/Capture-03_Enregistrer-lexemplaire-1024x472.png 1024w, https:\/\/rebub.u-bordeaux.fr\/wp-content\/uploads\/2025\/02\/Capture-03_Enregistrer-lexemplaire-300x138.png 300w, https:\/\/rebub.u-bordeaux.fr\/wp-content\/uploads\/2025\/02\/Capture-03_Enregistrer-lexemplaire-768x354.png 768w, https:\/\/rebub.u-bordeaux.fr\/wp-content\/uploads\/2025\/02\/Capture-03_Enregistrer-lexemplaire.png 1511w\" sizes=\"(max-width: 1024px) 100vw, 1024px\" \/><\/figure><\/div>\n\n\n<p>Un message s&rsquo;affiche pour confirmer que \u00ab\u00a0les donn\u00e9es [&#8230;] ont \u00e9t\u00e9 mises \u00e0 jour avec succ\u00e8s\u00a0\u00bb :<\/p>\n\n\n<div class=\"wp-block-image\">\n<figure class=\"aligncenter size-large\"><img decoding=\"async\" loading=\"lazy\" width=\"1024\" height=\"325\" src=\"https:\/\/rebub.u-bordeaux.fr\/wp-content\/uploads\/2025\/02\/Capture-04_Message-de-confirmation-1024x325.png\" alt=\"\" class=\"wp-image-23170\" srcset=\"https:\/\/rebub.u-bordeaux.fr\/wp-content\/uploads\/2025\/02\/Capture-04_Message-de-confirmation-1024x325.png 1024w, https:\/\/rebub.u-bordeaux.fr\/wp-content\/uploads\/2025\/02\/Capture-04_Message-de-confirmation-300x95.png 300w, https:\/\/rebub.u-bordeaux.fr\/wp-content\/uploads\/2025\/02\/Capture-04_Message-de-confirmation-768x244.png 768w, https:\/\/rebub.u-bordeaux.fr\/wp-content\/uploads\/2025\/02\/Capture-04_Message-de-confirmation-1536x488.png 1536w, https:\/\/rebub.u-bordeaux.fr\/wp-content\/uploads\/2025\/02\/Capture-04_Message-de-confirmation.png 1823w\" sizes=\"(max-width: 1024px) 100vw, 1024px\" \/><\/figure><\/div>\n\n<div class=\"wp-block-image\">\n<figure class=\"aligncenter size-full\"><img decoding=\"async\" loading=\"lazy\" width=\"262\" height=\"154\" src=\"https:\/\/rebub.u-bordeaux.fr\/wp-content\/uploads\/2025\/02\/Capture-05_Affichage-du-message.png\" alt=\"\" class=\"wp-image-23171\"\/><\/figure><\/div>\n\n\n<p>Il ne reste plus qu&rsquo;\u00e0 apposer le code-barres sur le document physique.<\/p>\n\n\n\n<div class=\"is-layout-flex wp-container-12 wp-block-columns bord-bloc-reutilisable has-background\" style=\"background-color:#d9edf7\">\n<div class=\"is-layout-flow wp-block-column is-vertically-aligned-center\" style=\"font-size:15px;flex-basis:20%\">\n<p style=\"font-size:15px\"><strong>Date de publication<\/strong> <\/p>\n\n\n<div style=\"font-size:15px;\" class=\"wp-block-post-date\"><time datetime=\"2024-03-22T09:32:21+01:00\">22 mars 2024<\/time><\/div><\/div>\n\n\n\n<div class=\"is-layout-flow wp-block-column is-vertically-aligned-center\" style=\"font-size:15px;flex-basis:20%\">\n<p><strong>Mis \u00e0 jour le <\/strong><\/p>\n\n\n<div style=\"font-size:15px;\" class=\"wp-block-post-date\"><time datetime=\"2025-02-03T12:00:46+01:00\">3 f\u00e9vrier 2025<\/time><\/div><\/div>\n\n\n\n<div class=\"is-layout-flow wp-block-column is-vertically-aligned-center\" style=\"font-size:15px;flex-basis:40%\">\n<p><\/p>\n\n\n\n<p><strong>Attention ! <\/strong>Certains \u00e9tablissements utilisent parfois de proc\u00e9dures compl\u00e9mentaires <\/p>\n<\/div>\n\n\n\n<div class=\"is-layout-flow wp-block-column is-vertically-aligned-center\" style=\"font-size:15px;flex-basis:25%\">\n<div class=\"is-horizontal is-content-justification-center is-layout-flex wp-container-10 wp-block-buttons alignfull has-custom-font-size\" style=\"font-size:16px\">\n<div class=\"wp-block-button has-custom-width wp-block-button__width-75 has-custom-font-size is-style-fill\" style=\"font-size:15px\"><a class=\"wp-block-button__link has-white-color has-text-color has-background wp-element-button\" href=\"mailto:scoop@u-bordeaux.fr\" style=\"border-radius:65px;background-color:#000000db\"><strong>Signaler une erreur<\/strong><\/a><\/div>\n<\/div>\n<\/div>\n<\/div>\n","protected":false},"excerpt":{"rendered":"<p>Note : dans quels cas utiliser cette proc\u00e9dure : Depuis la barre de recherche, s\u00e9lectionner l&rsquo;environnement de recherche \u00ab\u00a0Exemplaires physiques\u00a0\u00bb puis faire une recherche \u00e0 partir du code-barres si il y en a un ou \u00e0 partir de tout autre&#8230;<\/p>\n","protected":false},"author":46,"featured_media":4793,"parent":18468,"menu_order":7,"comment_status":"closed","ping_status":"closed","template":"","meta":[],"post_mailing_queue_ids":[],"_links":{"self":[{"href":"http:\/\/rebub.u-bordeaux.fr\/index.php\/wp-json\/wp\/v2\/pages\/18482"}],"collection":[{"href":"http:\/\/rebub.u-bordeaux.fr\/index.php\/wp-json\/wp\/v2\/pages"}],"about":[{"href":"http:\/\/rebub.u-bordeaux.fr\/index.php\/wp-json\/wp\/v2\/types\/page"}],"author":[{"embeddable":true,"href":"http:\/\/rebub.u-bordeaux.fr\/index.php\/wp-json\/wp\/v2\/users\/46"}],"replies":[{"embeddable":true,"href":"http:\/\/rebub.u-bordeaux.fr\/index.php\/wp-json\/wp\/v2\/comments?post=18482"}],"version-history":[{"count":6,"href":"http:\/\/rebub.u-bordeaux.fr\/index.php\/wp-json\/wp\/v2\/pages\/18482\/revisions"}],"predecessor-version":[{"id":23174,"href":"http:\/\/rebub.u-bordeaux.fr\/index.php\/wp-json\/wp\/v2\/pages\/18482\/revisions\/23174"}],"up":[{"embeddable":true,"href":"http:\/\/rebub.u-bordeaux.fr\/index.php\/wp-json\/wp\/v2\/pages\/18468"}],"wp:featuredmedia":[{"embeddable":true,"href":"http:\/\/rebub.u-bordeaux.fr\/index.php\/wp-json\/wp\/v2\/media\/4793"}],"wp:attachment":[{"href":"http:\/\/rebub.u-bordeaux.fr\/index.php\/wp-json\/wp\/v2\/media?parent=18482"}],"curies":[{"name":"wp","href":"https:\/\/api.w.org\/{rel}","templated":true}]}}