	{"id":18483,"date":"2024-03-22T09:32:13","date_gmt":"2024-03-22T08:32:13","guid":{"rendered":"https:\/\/rebub.u-bordeaux.fr\/?page_id=18483"},"modified":"2025-02-03T08:44:04","modified_gmt":"2025-02-03T07:44:04","slug":"la-rfid","status":"publish","type":"page","link":"http:\/\/rebub.u-bordeaux.fr\/index.php\/alma\/procedures\/services-aux-usagers\/pret-retour\/la-rfid\/","title":{"rendered":"La RFID"},"content":{"rendered":"<div id='wpig-floatingbar' class='wpig-floatingbar'><div id='wpig-switch-wrapper' class='wpig-switch-wrapper'><span id='wpig-floating-switch' class='wpig-floating-switch'><img src='http:\/\/rebub.u-bordeaux.fr\/wp-content\/plugins\/sticky-toc-advance-table-of-contents\/\\assets\\menu.png'><\/span><\/div><div id='wpig-contents' class='wpig-contents  wpig-sidebar-widget wpig-style-3'><span class='wpig-headline'>Table des mati\u00e8res<span><a data-action='show' class='wpig-btn-toggledisplay'>[ Show ]<\/a><\/span><\/span><!-- Table of Contents --><div id='wpig-table-of-content' class='wpig-table-of-content'><ol><li class='stoc-connecter-la-platine'><a href='#stoc-connecter-la-platine'>Connecter la platine<\/a><\/li><li class='stoc-deconnecter-la-platine'><a href='#stoc-deconnecter-la-platine'>D\u00e9connecter la platine<\/a><\/li><li class='stoc-utiliser-la-platine-rfid-en-services-aux-usagers'><a href='#stoc-utiliser-la-platine-rfid-en-services-aux-usagers'>Utiliser la platine RFID en services aux usagers<\/a><ol><li class='stoc-pour-le-pret-dun-document'><a href='#stoc-pour-le-pret-dun-document'>Pour le pr\u00eat d&rsquo;un document<\/a><\/li><li class='stoc-pour-le-retour-dun-document'><a href='#stoc-pour-le-retour-dun-document'>Pour le retour d&rsquo;un document<\/a><\/li><\/ol><li class='stoc-sensibiliser-desensibiliser-un-document-sans-enregistrer-de-transaction'><a href='#stoc-sensibiliser-desensibiliser-un-document-sans-enregistrer-de-transaction'>Sensibiliser \/ d\u00e9sensibiliser un document sans enregistrer de transaction<\/a><\/li><\/ol><\/li><\/div><!-- END OF Table of Contents --><\/div><\/div><p><div id='wpig-contents' class='wpig-contents  wpig-sidebar-widget wpig-style-1'><span class='wpig-headline'>Table des mati\u00e8res<span><a data-action='show' class='wpig-btn-toggledisplay'>[ Show ]<\/a><\/span><\/span><!-- Table of Contents --><div id='wpig-table-of-content' class='wpig-table-of-content' ><ol><li class='stoc-connecter-la-platine'><a href='#stoc-connecter-la-platine'>Connecter la platine<\/a><\/li><li class='stoc-deconnecter-la-platine'><a href='#stoc-deconnecter-la-platine'>D\u00e9connecter la platine<\/a><\/li><li class='stoc-utiliser-la-platine-rfid-en-services-aux-usagers'><a href='#stoc-utiliser-la-platine-rfid-en-services-aux-usagers'>Utiliser la platine RFID en services aux usagers<\/a><ol><li class='stoc-pour-le-pret-dun-document'><a href='#stoc-pour-le-pret-dun-document'>Pour le pr\u00eat d&rsquo;un document<\/a><\/li><li class='stoc-pour-le-retour-dun-document'><a href='#stoc-pour-le-retour-dun-document'>Pour le retour d&rsquo;un document<\/a><\/li><\/ol><li class='stoc-sensibiliser-desensibiliser-un-document-sans-enregistrer-de-transaction'><a href='#stoc-sensibiliser-desensibiliser-un-document-sans-enregistrer-de-transaction'>Sensibiliser \/ d\u00e9sensibiliser un document sans enregistrer de transaction<\/a><\/li><\/ol><\/li><\/div><!-- END OF Table of Contents --><\/div><\/p>\n<p>Pour les biblioth\u00e8ques \u00e9quip\u00e9es en platine RFID, Alma int\u00e8gre une application qui permet de communiquer avec les \u00e9quipements.<\/p>\n\n\n\n<p>Pour ces biblioth\u00e8ques, voici la d\u00e9marche \u00e0 suivre afin de faire cohabiter Alma et la RFID :<\/p>\n\n\n\n<h2 id=\"stoc-connecter-la-platine\" class=\"wpig-heading\">Connecter la platine<\/h2>\n\n\n\n<p>Depuis la page d&rsquo;accueil d&rsquo;Alma, cliquer sur le bouton <img decoding=\"async\" loading=\"lazy\" class=\"alignnone wp-image-3468\" src=\"http:\/\/rebub.u-bordeaux.fr\/wp-content\/uploads\/2018\/06\/bouton-RFID.jpg\" alt=\"\" width=\"30\" height=\"29\"> depuis la barre de navigation principale pour connecter la platine RFID :<\/p>\n\n\n<div class=\"wp-block-image\">\n<figure class=\"aligncenter\"><a href=\"http:\/\/rebub.u-bordeaux.fr\/wp-content\/uploads\/2018\/07\/Services-aux-usagers_connexion-platine-RFID.png\" target=\"_blank\" rel=\"noopener noreferrer\"><img decoding=\"async\" loading=\"lazy\" width=\"842\" height=\"218\" src=\"http:\/\/rebub.u-bordeaux.fr\/wp-content\/uploads\/2018\/07\/Services-aux-usagers_connexion-platine-RFID.png\" alt=\"\" class=\"wp-image-3646\" srcset=\"https:\/\/rebub.u-bordeaux.fr\/wp-content\/uploads\/2018\/07\/Services-aux-usagers_connexion-platine-RFID.png 842w, https:\/\/rebub.u-bordeaux.fr\/wp-content\/uploads\/2018\/07\/Services-aux-usagers_connexion-platine-RFID-300x78.png 300w, https:\/\/rebub.u-bordeaux.fr\/wp-content\/uploads\/2018\/07\/Services-aux-usagers_connexion-platine-RFID-768x199.png 768w\" sizes=\"(max-width: 842px) 100vw, 842px\" \/><\/a><\/figure><\/div>\n\n\n<p>Une fen\u00eatre s&rsquo;ouvre :<\/p>\n\n\n<div class=\"wp-block-image\">\n<figure class=\"aligncenter size-full\"><img decoding=\"async\" loading=\"lazy\" width=\"517\" height=\"345\" src=\"https:\/\/rebub.u-bordeaux.fr\/wp-content\/uploads\/2018\/10\/Fenetre-RFID.png\" alt=\"\" class=\"wp-image-4567\" srcset=\"https:\/\/rebub.u-bordeaux.fr\/wp-content\/uploads\/2018\/10\/Fenetre-RFID.png 517w, https:\/\/rebub.u-bordeaux.fr\/wp-content\/uploads\/2018\/10\/Fenetre-RFID-300x200.png 300w\" sizes=\"(max-width: 517px) 100vw, 517px\" \/><\/figure><\/div>\n\n\n<div class=\"is-layout-constrained wp-block-group bord-bloc-reutilisable\"><div class=\"wp-block-group__inner-container\">\n<div class=\"is-layout-flex wp-container-3 wp-block-columns alignfull are-vertically-aligned-top bord-bloc-reutilisable has-background\" style=\"background-color:#ff303047\">\n<div class=\"is-layout-flow wp-block-column is-vertically-aligned-top\" style=\"flex-basis:7%\">\n<figure class=\"wp-block-image alignfull size-full\"><img decoding=\"async\" loading=\"lazy\" width=\"512\" height=\"512\" src=\"https:\/\/rebub.u-bordeaux.fr\/wp-content\/uploads\/2024\/04\/point-dexclamation.png\" alt=\"\" class=\"wp-image-19898\" srcset=\"https:\/\/rebub.u-bordeaux.fr\/wp-content\/uploads\/2024\/04\/point-dexclamation.png 512w, https:\/\/rebub.u-bordeaux.fr\/wp-content\/uploads\/2024\/04\/point-dexclamation-300x300.png 300w, https:\/\/rebub.u-bordeaux.fr\/wp-content\/uploads\/2024\/04\/point-dexclamation-150x150.png 150w\" sizes=\"(max-width: 512px) 100vw, 512px\" \/><\/figure>\n<\/div>\n\n\n\n<div class=\"is-layout-flow wp-block-column is-vertically-aligned-top\" style=\"flex-basis:85%\">\n<p><strong>Attention !<\/strong> R\u00e9duire cette fen\u00eatre mais <strong>ne jamais la fermer<\/strong> !<\/p>\n<\/div>\n<\/div>\n<\/div><\/div>\n\n\n\n<p>Le bouton RFID est maintenant activ\u00e9, vous pouvez r\u00e9aliser des op\u00e9rations de services au usagers :<\/p>\n\n\n<div class=\"wp-block-image\">\n<figure class=\"aligncenter\"><a href=\"http:\/\/rebub.u-bordeaux.fr\/wp-content\/uploads\/2018\/10\/RFID_RFID-activ\u00e9e-1.png\" target=\"_blank\" rel=\"noopener noreferrer\"><img decoding=\"async\" loading=\"lazy\" width=\"1915\" height=\"898\" src=\"http:\/\/rebub.u-bordeaux.fr\/wp-content\/uploads\/2018\/10\/RFID_RFID-activ\u00e9e-1.png\" alt=\"\" class=\"wp-image-4565\" srcset=\"https:\/\/rebub.u-bordeaux.fr\/wp-content\/uploads\/2018\/10\/RFID_RFID-activ\u00e9e-1.png 1915w, https:\/\/rebub.u-bordeaux.fr\/wp-content\/uploads\/2018\/10\/RFID_RFID-activ\u00e9e-1-300x141.png 300w, https:\/\/rebub.u-bordeaux.fr\/wp-content\/uploads\/2018\/10\/RFID_RFID-activ\u00e9e-1-768x360.png 768w, https:\/\/rebub.u-bordeaux.fr\/wp-content\/uploads\/2018\/10\/RFID_RFID-activ\u00e9e-1-1024x480.png 1024w\" sizes=\"(max-width: 1915px) 100vw, 1915px\" \/><\/a><\/figure><\/div>\n\n\n<div class=\"is-layout-flex wp-container-7 wp-block-columns bord-bloc-reutilisable has-background\" style=\"background-color:#ffeec2\">\n<div class=\"is-layout-flow wp-block-column\" style=\"flex-basis:7%\">\n<figure class=\"wp-block-image alignfull size-full is-style-default\"><img decoding=\"async\" loading=\"lazy\" width=\"512\" height=\"512\" src=\"https:\/\/rebub.u-bordeaux.fr\/wp-content\/uploads\/2024\/04\/nouvelles-idees-en-cours.png\" alt=\"\" class=\"wp-image-19897\" srcset=\"https:\/\/rebub.u-bordeaux.fr\/wp-content\/uploads\/2024\/04\/nouvelles-idees-en-cours.png 512w, https:\/\/rebub.u-bordeaux.fr\/wp-content\/uploads\/2024\/04\/nouvelles-idees-en-cours-300x300.png 300w, https:\/\/rebub.u-bordeaux.fr\/wp-content\/uploads\/2024\/04\/nouvelles-idees-en-cours-150x150.png 150w\" sizes=\"(max-width: 512px) 100vw, 512px\" \/><\/figure>\n<\/div>\n\n\n\n<div class=\"is-layout-flow wp-block-column\" style=\"flex-basis:85%\">\n<p><strong>Note<\/strong> : Alma garde en m\u00e9moire l&rsquo;activation de la RFID. Cela signifie qu&rsquo;\u00e0 la prochaine ouverture d&rsquo;Alma, la RFID sera toujours activ\u00e9e.<\/p>\n<\/div>\n<\/div>\n\n\n\n<h2 id=\"stoc-deconnecter-la-platine\" class=\"wpig-heading\">D\u00e9connecter la platine<\/h2>\n\n\n\n<p>Pour d\u00e9sactiver la RFID dans Alma, il suffit de cliquer sur le bouton <img decoding=\"async\" loading=\"lazy\" class=\"alignnone wp-image-3468\" src=\"http:\/\/rebub.u-bordeaux.fr\/wp-content\/uploads\/2018\/06\/bouton-RFID.jpg\" alt=\"\" width=\"30\" height=\"29\"> :<\/p>\n\n\n<div class=\"wp-block-image\">\n<figure class=\"aligncenter size-full\"><img decoding=\"async\" loading=\"lazy\" width=\"517\" height=\"345\" src=\"https:\/\/rebub.u-bordeaux.fr\/wp-content\/uploads\/2018\/10\/Fenetre-RFID.png\" alt=\"\" class=\"wp-image-4567\" srcset=\"https:\/\/rebub.u-bordeaux.fr\/wp-content\/uploads\/2018\/10\/Fenetre-RFID.png 517w, https:\/\/rebub.u-bordeaux.fr\/wp-content\/uploads\/2018\/10\/Fenetre-RFID-300x200.png 300w\" sizes=\"(max-width: 517px) 100vw, 517px\" \/><\/figure><\/div>\n\n\n<div class=\"is-layout-constrained wp-block-group bord-bloc-reutilisable\"><div class=\"wp-block-group__inner-container\">\n<div class=\"is-layout-flex wp-container-10 wp-block-columns alignfull are-vertically-aligned-top bord-bloc-reutilisable has-background\" style=\"background-color:#ff303047\">\n<div class=\"is-layout-flow wp-block-column is-vertically-aligned-top\" style=\"flex-basis:7%\">\n<figure class=\"wp-block-image alignfull size-full\"><img decoding=\"async\" loading=\"lazy\" width=\"512\" height=\"512\" src=\"https:\/\/rebub.u-bordeaux.fr\/wp-content\/uploads\/2024\/04\/point-dexclamation.png\" alt=\"\" class=\"wp-image-19898\" srcset=\"https:\/\/rebub.u-bordeaux.fr\/wp-content\/uploads\/2024\/04\/point-dexclamation.png 512w, https:\/\/rebub.u-bordeaux.fr\/wp-content\/uploads\/2024\/04\/point-dexclamation-300x300.png 300w, https:\/\/rebub.u-bordeaux.fr\/wp-content\/uploads\/2024\/04\/point-dexclamation-150x150.png 150w\" sizes=\"(max-width: 512px) 100vw, 512px\" \/><\/figure>\n<\/div>\n\n\n\n<div class=\"is-layout-flow wp-block-column is-vertically-aligned-top\" style=\"flex-basis:85%\">\n<p><strong>Attention !<\/strong> <strong>Ne jamais fermer la fen\u00eatre qui se trouve en fond<\/strong>. Elle se ferme \u00e0 partir du moment o\u00f9 on d\u00e9sactive la RFID.<\/p>\n<\/div>\n<\/div>\n<\/div><\/div>\n\n\n\n<p>Le bouton est maintenant gris\u00e9, la connexion avec la platine RFID est rompue :<\/p>\n\n\n<div class=\"wp-block-image\">\n<figure class=\"aligncenter\"><a href=\"http:\/\/rebub.u-bordeaux.fr\/wp-content\/uploads\/2018\/10\/RFID_page-accueil.png\" target=\"_blank\" rel=\"noopener noreferrer\"><img decoding=\"async\" loading=\"lazy\" width=\"1910\" height=\"893\" src=\"http:\/\/rebub.u-bordeaux.fr\/wp-content\/uploads\/2018\/10\/RFID_page-accueil.png\" alt=\"\" class=\"wp-image-4568\" srcset=\"https:\/\/rebub.u-bordeaux.fr\/wp-content\/uploads\/2018\/10\/RFID_page-accueil.png 1910w, https:\/\/rebub.u-bordeaux.fr\/wp-content\/uploads\/2018\/10\/RFID_page-accueil-300x140.png 300w, https:\/\/rebub.u-bordeaux.fr\/wp-content\/uploads\/2018\/10\/RFID_page-accueil-768x359.png 768w, https:\/\/rebub.u-bordeaux.fr\/wp-content\/uploads\/2018\/10\/RFID_page-accueil-1024x479.png 1024w\" sizes=\"(max-width: 1910px) 100vw, 1910px\" \/><\/a><\/figure><\/div>\n\n\n<h2 id=\"stoc-utiliser-la-platine-rfid-en-services-aux-usagers\" class=\"wpig-heading\">Utiliser la platine RFID en services aux usagers<\/h2>\n\n\n\n<p>La platine RFID ne lira pas la puce, il faut forcer la lecture depuis Alma.<\/p>\n\n\n\n<h3 id=\"stoc-pour-le-pret-dun-document\" class=\"wpig-heading\">Pour le pr\u00eat d&rsquo;un document<\/h3>\n\n\n\n<p>Depuis la fiche du lecteur, poser le document sur la platine et cliquer sur le bouton RFID ci-dessous :<\/p>\n\n\n<div class=\"wp-block-image\">\n<figure class=\"aligncenter size-large\"><img decoding=\"async\" loading=\"lazy\" width=\"1024\" height=\"334\" src=\"https:\/\/rebub.u-bordeaux.fr\/wp-content\/uploads\/2025\/02\/Services-aux-usagers_pret-par-rfid-1024x334.jpg\" alt=\"\" class=\"wp-image-23098\" srcset=\"https:\/\/rebub.u-bordeaux.fr\/wp-content\/uploads\/2025\/02\/Services-aux-usagers_pret-par-rfid-1024x334.jpg 1024w, https:\/\/rebub.u-bordeaux.fr\/wp-content\/uploads\/2025\/02\/Services-aux-usagers_pret-par-rfid-300x98.jpg 300w, https:\/\/rebub.u-bordeaux.fr\/wp-content\/uploads\/2025\/02\/Services-aux-usagers_pret-par-rfid-768x250.jpg 768w, https:\/\/rebub.u-bordeaux.fr\/wp-content\/uploads\/2025\/02\/Services-aux-usagers_pret-par-rfid.jpg 1132w\" sizes=\"(max-width: 1024px) 100vw, 1024px\" \/><\/figure><\/div>\n\n\n<h3 id=\"stoc-pour-le-retour-dun-document\" class=\"wpig-heading\">Pour le retour d&rsquo;un document<\/h3>\n\n\n\n<p>Depuis la page \u00ab\u00a0Retour\u00a0\u00bb, poser le document sur la platine et cliquer sur le bouton RFID ci-dessous :<\/p>\n\n\n<div class=\"wp-block-image\">\n<figure class=\"aligncenter size-full\"><img decoding=\"async\" loading=\"lazy\" width=\"895\" height=\"226\" src=\"https:\/\/rebub.u-bordeaux.fr\/wp-content\/uploads\/2025\/02\/RFID_Bouton-lecture-forcee-retour.jpg\" alt=\"\" class=\"wp-image-23099\" srcset=\"https:\/\/rebub.u-bordeaux.fr\/wp-content\/uploads\/2025\/02\/RFID_Bouton-lecture-forcee-retour.jpg 895w, https:\/\/rebub.u-bordeaux.fr\/wp-content\/uploads\/2025\/02\/RFID_Bouton-lecture-forcee-retour-300x76.jpg 300w, https:\/\/rebub.u-bordeaux.fr\/wp-content\/uploads\/2025\/02\/RFID_Bouton-lecture-forcee-retour-768x194.jpg 768w\" sizes=\"(max-width: 895px) 100vw, 895px\" \/><\/figure><\/div>\n\n\n<div class=\"is-layout-flex wp-container-14 wp-block-columns bord-bloc-reutilisable has-background\" style=\"background-color:#ffeec2\">\n<div class=\"is-layout-flow wp-block-column\" style=\"flex-basis:7%\">\n<figure class=\"wp-block-image alignfull size-full is-style-default\"><img decoding=\"async\" loading=\"lazy\" width=\"512\" height=\"512\" src=\"https:\/\/rebub.u-bordeaux.fr\/wp-content\/uploads\/2024\/04\/nouvelles-idees-en-cours.png\" alt=\"\" class=\"wp-image-19897\" srcset=\"https:\/\/rebub.u-bordeaux.fr\/wp-content\/uploads\/2024\/04\/nouvelles-idees-en-cours.png 512w, https:\/\/rebub.u-bordeaux.fr\/wp-content\/uploads\/2024\/04\/nouvelles-idees-en-cours-300x300.png 300w, https:\/\/rebub.u-bordeaux.fr\/wp-content\/uploads\/2024\/04\/nouvelles-idees-en-cours-150x150.png 150w\" sizes=\"(max-width: 512px) 100vw, 512px\" \/><\/figure>\n<\/div>\n\n\n\n<div class=\"is-layout-flow wp-block-column\" style=\"flex-basis:85%\">\n<p><strong>Note<\/strong> : Si vous rencontrez des difficult\u00e9s avec votre platine RFID, rapprochez-vous de votre administrateur afin v\u00e9rifier la liste aupr\u00e8s du fournisseur.<\/p>\n<\/div>\n<\/div>\n\n\n\n<h2 id=\"stoc-sensibiliser-desensibiliser-un-document-sans-enregistrer-de-transaction\" class=\"wpig-heading\">Sensibiliser \/ d\u00e9sensibiliser un document sans enregistrer de transaction<\/h2>\n\n\n\n<p>Ouvrir le module Bibliotheca Enhanced pad<\/p>\n\n\n<div class=\"wp-block-image\">\n<figure class=\"aligncenter\"><img decoding=\"async\" loading=\"lazy\" width=\"52\" height=\"56\" src=\"http:\/\/rebub.u-bordeaux.fr\/wp-content\/uploads\/2018\/12\/RFID_Logo-Bibliotheca.png\" alt=\"\" class=\"wp-image-5030\"\/><\/figure><\/div>\n\n\n<p>Une fois ouvert, une petite fen\u00eatre appara\u00eet en bas \u00e0 droit de votre \u00e9cran :<\/p>\n\n\n<div class=\"wp-block-image\">\n<figure class=\"aligncenter\"><a href=\"http:\/\/rebub.u-bordeaux.fr\/wp-content\/uploads\/2018\/12\/RFID_Petite-fen\u00eatre-Bibliotheca.png\" target=\"_blank\" rel=\"noopener noreferrer\"><img decoding=\"async\" loading=\"lazy\" width=\"264\" height=\"218\" src=\"http:\/\/rebub.u-bordeaux.fr\/wp-content\/uploads\/2018\/12\/RFID_Petite-fen\u00eatre-Bibliotheca.png\" alt=\"\" class=\"wp-image-5031\"\/><\/a><\/figure><\/div>\n\n\n<p>Ouvrir totalement le module en double cliquant sur l&rsquo;ic\u00f4ne pr\u00e9sente dans la barre d&rsquo;outils (ou en ouvrant l&rsquo;ic\u00f4ne triangulaire).<\/p>\n\n\n\n<p>En posant un document sur la platine, son code-barres s&rsquo;affiche dans la fen\u00eatre ouverte :<\/p>\n\n\n<div class=\"wp-block-image\">\n<figure class=\"aligncenter\"><a href=\"http:\/\/rebub.u-bordeaux.fr\/wp-content\/uploads\/2018\/12\/RFID_Grande-fen\u00eatre-Bibliotheca.png\" target=\"_blank\" rel=\"noopener noreferrer\"><img decoding=\"async\" loading=\"lazy\" width=\"510\" height=\"405\" src=\"http:\/\/rebub.u-bordeaux.fr\/wp-content\/uploads\/2018\/12\/RFID_Grande-fen\u00eatre-Bibliotheca.png\" alt=\"\" class=\"wp-image-5032\" srcset=\"https:\/\/rebub.u-bordeaux.fr\/wp-content\/uploads\/2018\/12\/RFID_Grande-fen\u00eatre-Bibliotheca.png 510w, https:\/\/rebub.u-bordeaux.fr\/wp-content\/uploads\/2018\/12\/RFID_Grande-fen\u00eatre-Bibliotheca-300x238.png 300w\" sizes=\"(max-width: 510px) 100vw, 510px\" \/><\/a><\/figure><\/div>\n\n\n<p>Aller dans Fichier &gt; Etablir la s\u00e9curit\u00e9 sur tous les articles \u00e0 puis cliquer sur :<\/p>\n\n\n\n<ul>\n<li>&nbsp;S\u00e9curis\u00e9 pour sensibiliser<\/li>\n\n\n\n<li>&nbsp;Non s\u00e9curis\u00e9 pour d\u00e9sensibiliser<\/li>\n<\/ul>\n\n\n\n<p>La valeur pr\u00e9sente dans la colonne s\u00e9curis\u00e9e est alors modifi\u00e9e (oui pour un document sensibilis\u00e9, non pour un document non sensibilis\u00e9).<\/p>\n\n\n\n<div class=\"is-layout-constrained wp-block-group bord-bloc-reutilisable\"><div class=\"wp-block-group__inner-container\">\n<div class=\"is-layout-flex wp-container-17 wp-block-columns alignfull are-vertically-aligned-top bord-bloc-reutilisable has-background\" style=\"background-color:#ff303047\">\n<div class=\"is-layout-flow wp-block-column is-vertically-aligned-top\" style=\"flex-basis:7%\">\n<figure class=\"wp-block-image alignfull size-full\"><img decoding=\"async\" loading=\"lazy\" width=\"512\" height=\"512\" src=\"https:\/\/rebub.u-bordeaux.fr\/wp-content\/uploads\/2024\/04\/point-dexclamation.png\" alt=\"\" class=\"wp-image-19898\" srcset=\"https:\/\/rebub.u-bordeaux.fr\/wp-content\/uploads\/2024\/04\/point-dexclamation.png 512w, https:\/\/rebub.u-bordeaux.fr\/wp-content\/uploads\/2024\/04\/point-dexclamation-300x300.png 300w, https:\/\/rebub.u-bordeaux.fr\/wp-content\/uploads\/2024\/04\/point-dexclamation-150x150.png 150w\" sizes=\"(max-width: 512px) 100vw, 512px\" \/><\/figure>\n<\/div>\n\n\n\n<div class=\"is-layout-flow wp-block-column is-vertically-aligned-top\" style=\"flex-basis:85%\">\n<p><strong>Attention !<\/strong> Avec cette manipulation le pr\u00eat ou le retour n&rsquo;est pas enregistr\u00e9 dans Alma.<\/p>\n<\/div>\n<\/div>\n<\/div><\/div>\n\n\n\n<div class=\"is-layout-flex wp-container-24 wp-block-columns bord-bloc-reutilisable has-background\" style=\"background-color:#d9edf7\">\n<div class=\"is-layout-flow wp-block-column is-vertically-aligned-center\" style=\"font-size:15px;flex-basis:20%\">\n<p style=\"font-size:15px\"><strong>Date de publication<\/strong> <\/p>\n\n\n<div style=\"font-size:15px;\" class=\"wp-block-post-date\"><time datetime=\"2024-03-22T09:32:13+01:00\">22 mars 2024<\/time><\/div><\/div>\n\n\n\n<div class=\"is-layout-flow wp-block-column is-vertically-aligned-center\" style=\"font-size:15px;flex-basis:20%\">\n<p><strong>Mis \u00e0 jour le <\/strong><\/p>\n\n\n<div style=\"font-size:15px;\" class=\"wp-block-post-date\"><time datetime=\"2025-02-03T08:44:04+01:00\">3 f\u00e9vrier 2025<\/time><\/div><\/div>\n\n\n\n<div class=\"is-layout-flow wp-block-column is-vertically-aligned-center\" style=\"font-size:15px;flex-basis:40%\">\n<p><\/p>\n\n\n\n<p><strong>Attention ! <\/strong>Certains \u00e9tablissements utilisent parfois de proc\u00e9dures compl\u00e9mentaires <\/p>\n<\/div>\n\n\n\n<div class=\"is-layout-flow wp-block-column is-vertically-aligned-center\" style=\"font-size:15px;flex-basis:25%\">\n<div class=\"is-horizontal is-content-justification-center is-layout-flex wp-container-22 wp-block-buttons alignfull has-custom-font-size\" style=\"font-size:16px\">\n<div class=\"wp-block-button has-custom-width wp-block-button__width-75 has-custom-font-size is-style-fill\" style=\"font-size:15px\"><a class=\"wp-block-button__link has-white-color has-text-color has-background wp-element-button\" href=\"mailto:scoop@u-bordeaux.fr\" style=\"border-radius:65px;background-color:#000000db\"><strong>Signaler une erreur<\/strong><\/a><\/div>\n<\/div>\n<\/div>\n<\/div>\n","protected":false},"excerpt":{"rendered":"<p>Table des mati\u00e8res[ Show ]Connecter la platineD\u00e9connecter la platineUtiliser la platine RFID en services aux usagersPour le pr\u00eat d&rsquo;un documentPour le retour d&rsquo;un documentSensibiliser \/ d\u00e9sensibiliser un document sans enregistrer de transactionPour les biblioth\u00e8ques \u00e9quip\u00e9es en platine RFID, Alma int\u00e8gre&#8230;<\/p>\n","protected":false},"author":46,"featured_media":4793,"parent":18468,"menu_order":0,"comment_status":"closed","ping_status":"closed","template":"","meta":[],"post_mailing_queue_ids":[],"_links":{"self":[{"href":"http:\/\/rebub.u-bordeaux.fr\/index.php\/wp-json\/wp\/v2\/pages\/18483"}],"collection":[{"href":"http:\/\/rebub.u-bordeaux.fr\/index.php\/wp-json\/wp\/v2\/pages"}],"about":[{"href":"http:\/\/rebub.u-bordeaux.fr\/index.php\/wp-json\/wp\/v2\/types\/page"}],"author":[{"embeddable":true,"href":"http:\/\/rebub.u-bordeaux.fr\/index.php\/wp-json\/wp\/v2\/users\/46"}],"replies":[{"embeddable":true,"href":"http:\/\/rebub.u-bordeaux.fr\/index.php\/wp-json\/wp\/v2\/comments?post=18483"}],"version-history":[{"count":8,"href":"http:\/\/rebub.u-bordeaux.fr\/index.php\/wp-json\/wp\/v2\/pages\/18483\/revisions"}],"predecessor-version":[{"id":23100,"href":"http:\/\/rebub.u-bordeaux.fr\/index.php\/wp-json\/wp\/v2\/pages\/18483\/revisions\/23100"}],"up":[{"embeddable":true,"href":"http:\/\/rebub.u-bordeaux.fr\/index.php\/wp-json\/wp\/v2\/pages\/18468"}],"wp:featuredmedia":[{"embeddable":true,"href":"http:\/\/rebub.u-bordeaux.fr\/index.php\/wp-json\/wp\/v2\/media\/4793"}],"wp:attachment":[{"href":"http:\/\/rebub.u-bordeaux.fr\/index.php\/wp-json\/wp\/v2\/media?parent=18483"}],"curies":[{"name":"wp","href":"https:\/\/api.w.org\/{rel}","templated":true}]}}