	{"id":18485,"date":"2024-03-22T09:32:23","date_gmt":"2024-03-22T08:32:23","guid":{"rendered":"https:\/\/rebub.u-bordeaux.fr\/?page_id=18485"},"modified":"2025-02-03T17:06:30","modified_gmt":"2025-02-03T16:06:30","slug":"modifier-un-compte-peb","status":"publish","type":"page","link":"http:\/\/rebub.u-bordeaux.fr\/index.php\/alma\/procedures\/services-aux-usagers\/pret-retour\/modifier-un-compte-peb\/","title":{"rendered":"Modifier un compte PEB"},"content":{"rendered":"<div id='wpig-floatingbar' class='wpig-floatingbar'><div id='wpig-switch-wrapper' class='wpig-switch-wrapper'><span id='wpig-floating-switch' class='wpig-floating-switch'><img src='http:\/\/rebub.u-bordeaux.fr\/wp-content\/plugins\/sticky-toc-advance-table-of-contents\/\\assets\\menu.png'><\/span><\/div><\/div><p><\/p>\n<div class=\"is-layout-constrained wp-block-group bord-bloc-reutilisable\"><div class=\"wp-block-group__inner-container\">\n<div class=\"is-layout-flex wp-container-3 wp-block-columns alignfull are-vertically-aligned-top bord-bloc-reutilisable has-background\" style=\"background-color:#ff303047\">\n<div class=\"is-layout-flow wp-block-column is-vertically-aligned-top\" style=\"flex-basis:7%\">\n<figure class=\"wp-block-image alignfull size-full\"><img decoding=\"async\" loading=\"lazy\" width=\"512\" height=\"512\" src=\"https:\/\/rebub.u-bordeaux.fr\/wp-content\/uploads\/2024\/04\/point-dexclamation.png\" alt=\"\" class=\"wp-image-19898\" srcset=\"https:\/\/rebub.u-bordeaux.fr\/wp-content\/uploads\/2024\/04\/point-dexclamation.png 512w, https:\/\/rebub.u-bordeaux.fr\/wp-content\/uploads\/2024\/04\/point-dexclamation-300x300.png 300w, https:\/\/rebub.u-bordeaux.fr\/wp-content\/uploads\/2024\/04\/point-dexclamation-150x150.png 150w\" sizes=\"(max-width: 512px) 100vw, 512px\" \/><\/figure>\n<\/div>\n\n\n\n<div class=\"is-layout-flow wp-block-column is-vertically-aligned-top\" style=\"flex-basis:85%\">\n<p><strong>Attention !<\/strong> Depuis la modification du programme de distribution des comptes ext\u00e9rieurs, il n&rsquo;est plus n\u00e9cessaire de changer la <strong>Cat\u00e9gorie. Modifiez <\/strong>le compte, <strong>enregistrez <\/strong>et les modifications seront <strong>imm\u00e9diatement<\/strong> r\u00e9pliquer sur les autres institutions<\/p>\n<\/div>\n<\/div>\n<\/div><\/div>\n\n\n\n<p>Ouvrir le compte PEB \u00e0 modifier.<\/p>\n\n\n\n<p>Effectuer la ou les modifications souhait\u00e9es :<\/p>\n\n\n<div class=\"wp-block-image\">\n<figure class=\"aligncenter\"><a href=\"http:\/\/rebub.u-bordeaux.fr\/wp-content\/uploads\/2019\/12\/BibPEB_Bouton-PEB-non-list%C3%A9.png\" target=\"_blank\" rel=\"noopener noreferrer\"><img decoding=\"async\" loading=\"lazy\" width=\"799\" height=\"548\" src=\"http:\/\/rebub.u-bordeaux.fr\/wp-content\/uploads\/2019\/12\/BibPEB_Bouton-PEB-non-list\u00e9.png\" alt=\"\" class=\"wp-image-7003\" srcset=\"https:\/\/rebub.u-bordeaux.fr\/wp-content\/uploads\/2019\/12\/BibPEB_Bouton-PEB-non-list\u00e9.png 799w, https:\/\/rebub.u-bordeaux.fr\/wp-content\/uploads\/2019\/12\/BibPEB_Bouton-PEB-non-list\u00e9-300x206.png 300w, https:\/\/rebub.u-bordeaux.fr\/wp-content\/uploads\/2019\/12\/BibPEB_Bouton-PEB-non-list\u00e9-768x527.png 768w\" sizes=\"(max-width: 799px) 100vw, 799px\" \/><\/a><\/figure><\/div>\n\n<div class=\"wp-block-image\">\n<figure class=\"aligncenter\"><a href=\"http:\/\/rebub.u-bordeaux.fr\/wp-content\/uploads\/2019\/12\/BibPEB_Cat%C3%A9gorie-biblioth%C3%A8que-PEB.png\" target=\"_blank\" rel=\"noopener noreferrer\"><img decoding=\"async\" loading=\"lazy\" width=\"757\" height=\"823\" src=\"http:\/\/rebub.u-bordeaux.fr\/wp-content\/uploads\/2019\/12\/BibPEB_Cat\u00e9gorie-biblioth\u00e8que-PEB.png\" alt=\"\" class=\"wp-image-7004\" srcset=\"https:\/\/rebub.u-bordeaux.fr\/wp-content\/uploads\/2019\/12\/BibPEB_Cat\u00e9gorie-biblioth\u00e8que-PEB.png 757w, https:\/\/rebub.u-bordeaux.fr\/wp-content\/uploads\/2019\/12\/BibPEB_Cat\u00e9gorie-biblioth\u00e8que-PEB-276x300.png 276w\" sizes=\"(max-width: 757px) 100vw, 757px\" \/><\/a><\/figure><\/div>\n\n\n<p>Pour valider, cliquer sur le bouton \u00ab\u00a0Enregistrer\u00a0\u00bb :<\/p>\n\n\n<div class=\"wp-block-image\">\n<figure class=\"aligncenter\"><a href=\"http:\/\/rebub.u-bordeaux.fr\/wp-content\/uploads\/2019\/12\/BibPEB_Bouton-enregistrer-apr%C3%A8s-modif.png\" target=\"_blank\" rel=\"noopener noreferrer\"><img decoding=\"async\" loading=\"lazy\" width=\"691\" height=\"322\" src=\"http:\/\/rebub.u-bordeaux.fr\/wp-content\/uploads\/2019\/12\/BibPEB_Bouton-enregistrer-apr\u00e8s-modif.png\" alt=\"\" class=\"wp-image-7005\" srcset=\"https:\/\/rebub.u-bordeaux.fr\/wp-content\/uploads\/2019\/12\/BibPEB_Bouton-enregistrer-apr\u00e8s-modif.png 691w, https:\/\/rebub.u-bordeaux.fr\/wp-content\/uploads\/2019\/12\/BibPEB_Bouton-enregistrer-apr\u00e8s-modif-300x140.png 300w\" sizes=\"(max-width: 691px) 100vw, 691px\" \/><\/a><\/figure><\/div>\n\n\n<p>Dans les 5-10 minutes qui suivent les modifications sont copi\u00e9es dans les autres institutions.<\/p>\n\n\n\n<div class=\"is-layout-flex wp-container-10 wp-block-columns bord-bloc-reutilisable has-background\" style=\"background-color:#d9edf7\">\n<div class=\"is-layout-flow wp-block-column is-vertically-aligned-center\" style=\"font-size:15px;flex-basis:20%\">\n<p style=\"font-size:15px\"><strong>Date de publication<\/strong> <\/p>\n\n\n<div style=\"font-size:15px;\" class=\"wp-block-post-date\"><time datetime=\"2024-03-22T09:32:23+01:00\">22 mars 2024<\/time><\/div><\/div>\n\n\n\n<div class=\"is-layout-flow wp-block-column is-vertically-aligned-center\" style=\"font-size:15px;flex-basis:20%\">\n<p><strong>Mis \u00e0 jour le <\/strong><\/p>\n\n\n<div style=\"font-size:15px;\" class=\"wp-block-post-date\"><time datetime=\"2025-02-03T17:06:30+01:00\">3 f\u00e9vrier 2025<\/time><\/div><\/div>\n\n\n\n<div class=\"is-layout-flow wp-block-column is-vertically-aligned-center\" style=\"font-size:15px;flex-basis:40%\">\n<p><\/p>\n\n\n\n<p><strong>Attention ! <\/strong>Certains \u00e9tablissements utilisent parfois de proc\u00e9dures compl\u00e9mentaires <\/p>\n<\/div>\n\n\n\n<div class=\"is-layout-flow wp-block-column is-vertically-aligned-center\" style=\"font-size:15px;flex-basis:25%\">\n<div class=\"is-horizontal is-content-justification-center is-layout-flex wp-container-8 wp-block-buttons alignfull has-custom-font-size\" style=\"font-size:16px\">\n<div class=\"wp-block-button has-custom-width wp-block-button__width-75 has-custom-font-size is-style-fill\" style=\"font-size:15px\"><a class=\"wp-block-button__link has-white-color has-text-color has-background wp-element-button\" href=\"mailto:scoop@u-bordeaux.fr\" style=\"border-radius:65px;background-color:#000000db\"><strong>Signaler une erreur<\/strong><\/a><\/div>\n<\/div>\n<\/div>\n<\/div>\n","protected":false},"excerpt":{"rendered":"<p>Attention ! Depuis la modification du programme de distribution des comptes ext\u00e9rieurs, il n&rsquo;est plus n\u00e9cessaire de changer la Cat\u00e9gorie. Modifiez le compte, enregistrez et les modifications seront imm\u00e9diatement r\u00e9pliquer sur les autres institutions Ouvrir le compte PEB \u00e0 modifier&#8230;.<\/p>\n","protected":false},"author":46,"featured_media":0,"parent":18468,"menu_order":12,"comment_status":"closed","ping_status":"closed","template":"","meta":[],"post_mailing_queue_ids":[],"_links":{"self":[{"href":"http:\/\/rebub.u-bordeaux.fr\/index.php\/wp-json\/wp\/v2\/pages\/18485"}],"collection":[{"href":"http:\/\/rebub.u-bordeaux.fr\/index.php\/wp-json\/wp\/v2\/pages"}],"about":[{"href":"http:\/\/rebub.u-bordeaux.fr\/index.php\/wp-json\/wp\/v2\/types\/page"}],"author":[{"embeddable":true,"href":"http:\/\/rebub.u-bordeaux.fr\/index.php\/wp-json\/wp\/v2\/users\/46"}],"replies":[{"embeddable":true,"href":"http:\/\/rebub.u-bordeaux.fr\/index.php\/wp-json\/wp\/v2\/comments?post=18485"}],"version-history":[{"count":5,"href":"http:\/\/rebub.u-bordeaux.fr\/index.php\/wp-json\/wp\/v2\/pages\/18485\/revisions"}],"predecessor-version":[{"id":23263,"href":"http:\/\/rebub.u-bordeaux.fr\/index.php\/wp-json\/wp\/v2\/pages\/18485\/revisions\/23263"}],"up":[{"embeddable":true,"href":"http:\/\/rebub.u-bordeaux.fr\/index.php\/wp-json\/wp\/v2\/pages\/18468"}],"wp:attachment":[{"href":"http:\/\/rebub.u-bordeaux.fr\/index.php\/wp-json\/wp\/v2\/media?parent=18485"}],"curies":[{"name":"wp","href":"https:\/\/api.w.org\/{rel}","templated":true}]}}