	{"id":18502,"date":"2024-03-22T09:32:37","date_gmt":"2024-03-22T08:32:37","guid":{"rendered":"https:\/\/rebub.u-bordeaux.fr\/?page_id=18502"},"modified":"2025-10-02T15:44:27","modified_gmt":"2025-10-02T13:44:27","slug":"supprimer-un-lecteur","status":"publish","type":"page","link":"http:\/\/rebub.u-bordeaux.fr\/index.php\/alma\/procedures\/services-aux-usagers\/gestion-des-lecteurs\/supprimer-un-lecteur\/","title":{"rendered":"Supprimer un lecteur"},"content":{"rendered":"<div id='wpig-floatingbar' class='wpig-floatingbar'><div id='wpig-switch-wrapper' class='wpig-switch-wrapper'><span id='wpig-floating-switch' class='wpig-floating-switch'><img src='http:\/\/rebub.u-bordeaux.fr\/wp-content\/plugins\/sticky-toc-advance-table-of-contents\/\\assets\\menu.png'><\/span><\/div><div id='wpig-contents' class='wpig-contents  wpig-sidebar-widget wpig-style-3'><span class='wpig-headline'>Table des mati\u00e8res<span><a data-action='show' class='wpig-btn-toggledisplay'>[ Show ]<\/a><\/span><\/span><!-- Table of Contents --><div id='wpig-table-of-content' class='wpig-table-of-content'><ol><li class='stoc-vous-ne-pouvez-pas-supprimer-un-compte-lecteur'><a href='#stoc-vous-ne-pouvez-pas-supprimer-un-compte-lecteur'>Vous ne pouvez pas supprimer un compte lecteur&#8230;<\/a><\/li><li class='stoc-mais-vous-pouvez-le-desactiver'><a href='#stoc-mais-vous-pouvez-le-desactiver'>&#8230; Mais vous pouvez le d\u00e9sactiver<\/a><\/li><\/div><!-- END OF Table of Contents --><\/div><\/div><p><div id='wpig-contents' class='wpig-contents  wpig-sidebar-widget wpig-style-1'><span class='wpig-headline'>Table des mati\u00e8res<span><a data-action='show' class='wpig-btn-toggledisplay'>[ Show ]<\/a><\/span><\/span><!-- Table of Contents --><div id='wpig-table-of-content' class='wpig-table-of-content' ><ol><li class='stoc-vous-ne-pouvez-pas-supprimer-un-compte-lecteur'><a href='#stoc-vous-ne-pouvez-pas-supprimer-un-compte-lecteur'>Vous ne pouvez pas supprimer un compte lecteur&#8230;<\/a><\/li><li class='stoc-mais-vous-pouvez-le-desactiver'><a href='#stoc-mais-vous-pouvez-le-desactiver'>&#8230; Mais vous pouvez le d\u00e9sactiver<\/a><\/li><\/div><!-- END OF Table of Contents --><\/div><\/p>\n<h2 id=\"stoc-vous-ne-pouvez-pas-supprimer-un-compte-lecteur\" class=\"wpig-heading\">Vous ne pouvez pas supprimer un compte lecteur&#8230;<\/h2>\n\n\n\n<p>Dans Alma, vous n&rsquo;avez pas la possibilit\u00e9 de supprimer un compte lecteur. En effet, les <strong>comptes externes<\/strong> (\u00e9tudiants et personnels ) sont g\u00e9r\u00e9s depuis la<strong> zone r\u00e9seau<\/strong> et sont import\u00e9s chaque jour \u00e0 partir des <strong>syst\u00e8mes d&rsquo;information <\/strong>de vos \u00e9tablissements. Ainsi le compte que vous supprimez un jour peut <strong>redescendre dans Alma le lendemain<\/strong>. Pour les <strong>comptes internes<\/strong> (i. e. les comptes compt\u00e9s cr\u00e9\u00e9s par vos soins comme les lecteurs ext\u00e9rieurs), la suppression est aussi impossible car lors de la cr\u00e9ation ces comptes <strong>sont r\u00e9pliqu\u00e9s sur toutes les instances Alma du r\u00e9seau<\/strong>. Pour supprimer le compte proprement, il faudrait alors que vous puissiez <strong>intervenir sur toutes les instances <\/strong>Alma. La suppression des comptes est assur\u00e9e par le SCOOP lors des campagnes de purge qui ont lieu chaque ann\u00e9e en janvier.<\/p>\n\n\n\n<p>Il se peut toutefois que vous ayez besoin de vous assurer qu&rsquo;un compte ne soit plus utilis\u00e9. Lorsque par exemple un lecteur ext\u00e9rieur est d\u00e9sormais inscrit dans votre \u00e9tablissement ou encore lorsqu&rsquo;un compte provisoire a \u00e9t\u00e9 cr\u00e9\u00e9 pour l&rsquo;usager et que son compte institutionnelle est redescendu dans Alma.<\/p>\n\n\n\n<h2 id=\"stoc-mais-vous-pouvez-le-desactiver\" class=\"wpig-heading\">&#8230; Mais vous pouvez le d\u00e9sactiver<\/h2>\n\n\n\n<p>Dans ce cas, nous vous proposons de d\u00e9sactiver simplement le compte qui ne sera plus utilis\u00e9. Cette action emp\u00eachera toute transaction vers le compte du lecteur. Un message bloquant apparaitra d\u00e9s la saisie du code barre dans l&rsquo;\u00e9cran de services aux usagers.<\/p>\n\n\n\n<figure class=\"wp-block-image size-large\"><img decoding=\"async\" loading=\"lazy\" width=\"1024\" height=\"484\" src=\"https:\/\/rebub.u-bordeaux.fr\/wp-content\/uploads\/2023\/01\/Identification-lecteur1-1024x484.png\" alt=\"\" class=\"wp-image-14498\" srcset=\"https:\/\/rebub.u-bordeaux.fr\/wp-content\/uploads\/2023\/01\/Identification-lecteur1-1024x484.png 1024w, https:\/\/rebub.u-bordeaux.fr\/wp-content\/uploads\/2023\/01\/Identification-lecteur1-300x142.png 300w, https:\/\/rebub.u-bordeaux.fr\/wp-content\/uploads\/2023\/01\/Identification-lecteur1-768x363.png 768w, https:\/\/rebub.u-bordeaux.fr\/wp-content\/uploads\/2023\/01\/Identification-lecteur1-1536x726.png 1536w, https:\/\/rebub.u-bordeaux.fr\/wp-content\/uploads\/2023\/01\/Identification-lecteur1.png 1903w\" sizes=\"(max-width: 1024px) 100vw, 1024px\" \/><\/figure>\n\n\n\n<p>De plus, le compte inactif est signal\u00e9 par une coche gris\u00e9e dans la liste des r\u00e9sultats de recherche :<\/p>\n\n\n\n<figure class=\"wp-block-image size-large\"><img decoding=\"async\" loading=\"lazy\" width=\"1024\" height=\"484\" src=\"https:\/\/rebub.u-bordeaux.fr\/wp-content\/uploads\/2023\/01\/Rechercher-et-gerer-les-utilisateurs1-1024x484.png\" alt=\"\" class=\"wp-image-14499\" srcset=\"https:\/\/rebub.u-bordeaux.fr\/wp-content\/uploads\/2023\/01\/Rechercher-et-gerer-les-utilisateurs1-1024x484.png 1024w, https:\/\/rebub.u-bordeaux.fr\/wp-content\/uploads\/2023\/01\/Rechercher-et-gerer-les-utilisateurs1-300x142.png 300w, https:\/\/rebub.u-bordeaux.fr\/wp-content\/uploads\/2023\/01\/Rechercher-et-gerer-les-utilisateurs1-768x363.png 768w, https:\/\/rebub.u-bordeaux.fr\/wp-content\/uploads\/2023\/01\/Rechercher-et-gerer-les-utilisateurs1-1536x726.png 1536w, https:\/\/rebub.u-bordeaux.fr\/wp-content\/uploads\/2023\/01\/Rechercher-et-gerer-les-utilisateurs1.png 1903w\" sizes=\"(max-width: 1024px) 100vw, 1024px\" \/><\/figure>\n\n\n\n<p>Pour d\u00e9sactiver le compte, il convient <strong>d&rsquo;\u00e9diter <\/strong>ce dernier et de modifier le champ <strong>statut <\/strong>en <strong>inactif<\/strong>. <\/p>\n\n\n\n<p>Une fois le compte \u00e0 modifier ouvert, cliquez sur l&rsquo;encart <strong>Ouvert pour mise \u00e0 jour<\/strong> :<\/p>\n\n\n\n<figure class=\"wp-block-image size-large\"><img decoding=\"async\" loading=\"lazy\" width=\"1024\" height=\"451\" src=\"https:\/\/rebub.u-bordeaux.fr\/wp-content\/uploads\/2025\/10\/Desactivation-dun-compte-lecteur_Ouvert-pour-mise-a-jour-1024x451.png\" alt=\"\" class=\"wp-image-24100\" srcset=\"https:\/\/rebub.u-bordeaux.fr\/wp-content\/uploads\/2025\/10\/Desactivation-dun-compte-lecteur_Ouvert-pour-mise-a-jour-1024x451.png 1024w, https:\/\/rebub.u-bordeaux.fr\/wp-content\/uploads\/2025\/10\/Desactivation-dun-compte-lecteur_Ouvert-pour-mise-a-jour-300x132.png 300w, https:\/\/rebub.u-bordeaux.fr\/wp-content\/uploads\/2025\/10\/Desactivation-dun-compte-lecteur_Ouvert-pour-mise-a-jour-768x338.png 768w, https:\/\/rebub.u-bordeaux.fr\/wp-content\/uploads\/2025\/10\/Desactivation-dun-compte-lecteur_Ouvert-pour-mise-a-jour-1536x676.png 1536w, https:\/\/rebub.u-bordeaux.fr\/wp-content\/uploads\/2025\/10\/Desactivation-dun-compte-lecteur_Ouvert-pour-mise-a-jour.png 1812w\" sizes=\"(max-width: 1024px) 100vw, 1024px\" \/><\/figure>\n\n\n\n<p>Un message d&rsquo;avertissement appara\u00eet alors \u00e0 l&rsquo;\u00e9cran (voir capture ci-dessous). Cliquez sur <strong>Non<\/strong> (par d\u00e9faut, le statut est prot\u00e9g\u00e9 des modifications externes) :<\/p>\n\n\n\n<figure class=\"wp-block-image size-full is-resized\"><img decoding=\"async\" loading=\"lazy\" src=\"https:\/\/rebub.u-bordeaux.fr\/wp-content\/uploads\/2025\/10\/Desactivation-dun-compte-lecteur_Message-de-protection-des-champs.png\" alt=\"\" class=\"wp-image-24099\" width=\"726\" height=\"275\" srcset=\"https:\/\/rebub.u-bordeaux.fr\/wp-content\/uploads\/2025\/10\/Desactivation-dun-compte-lecteur_Message-de-protection-des-champs.png 897w, https:\/\/rebub.u-bordeaux.fr\/wp-content\/uploads\/2025\/10\/Desactivation-dun-compte-lecteur_Message-de-protection-des-champs-300x114.png 300w, https:\/\/rebub.u-bordeaux.fr\/wp-content\/uploads\/2025\/10\/Desactivation-dun-compte-lecteur_Message-de-protection-des-champs-768x291.png 768w\" sizes=\"(max-width: 726px) 100vw, 726px\" \/><\/figure>\n\n\n\n<p>Changez alors le statut en <strong>inactif<\/strong> puis enregistrez le compte :<\/p>\n\n\n\n<figure class=\"wp-block-image size-large\"><img decoding=\"async\" loading=\"lazy\" width=\"1024\" height=\"451\" src=\"https:\/\/rebub.u-bordeaux.fr\/wp-content\/uploads\/2025\/10\/Desactivation-dun-compte-lecteur_Passage-en-inactif-et-enregistrement-1024x451.png\" alt=\"\" class=\"wp-image-24101\" srcset=\"https:\/\/rebub.u-bordeaux.fr\/wp-content\/uploads\/2025\/10\/Desactivation-dun-compte-lecteur_Passage-en-inactif-et-enregistrement-1024x451.png 1024w, https:\/\/rebub.u-bordeaux.fr\/wp-content\/uploads\/2025\/10\/Desactivation-dun-compte-lecteur_Passage-en-inactif-et-enregistrement-300x132.png 300w, https:\/\/rebub.u-bordeaux.fr\/wp-content\/uploads\/2025\/10\/Desactivation-dun-compte-lecteur_Passage-en-inactif-et-enregistrement-768x338.png 768w, https:\/\/rebub.u-bordeaux.fr\/wp-content\/uploads\/2025\/10\/Desactivation-dun-compte-lecteur_Passage-en-inactif-et-enregistrement-1536x676.png 1536w, https:\/\/rebub.u-bordeaux.fr\/wp-content\/uploads\/2025\/10\/Desactivation-dun-compte-lecteur_Passage-en-inactif-et-enregistrement.png 1819w\" sizes=\"(max-width: 1024px) 100vw, 1024px\" \/><\/figure>\n\n\n\n<p>Le compte en question est d\u00e9sormais <strong>d\u00e9sactiv\u00e9<\/strong> dans Alma :<\/p>\n\n\n\n<figure class=\"wp-block-image size-large\"><img decoding=\"async\" loading=\"lazy\" width=\"1024\" height=\"28\" src=\"https:\/\/rebub.u-bordeaux.fr\/wp-content\/uploads\/2025\/10\/Desactivation-dun-compte-lecteur_Enregistrement-du-compte-inactif-1024x28.png\" alt=\"\" class=\"wp-image-24102\" srcset=\"https:\/\/rebub.u-bordeaux.fr\/wp-content\/uploads\/2025\/10\/Desactivation-dun-compte-lecteur_Enregistrement-du-compte-inactif-1024x28.png 1024w, https:\/\/rebub.u-bordeaux.fr\/wp-content\/uploads\/2025\/10\/Desactivation-dun-compte-lecteur_Enregistrement-du-compte-inactif-300x8.png 300w, https:\/\/rebub.u-bordeaux.fr\/wp-content\/uploads\/2025\/10\/Desactivation-dun-compte-lecteur_Enregistrement-du-compte-inactif-768x21.png 768w, https:\/\/rebub.u-bordeaux.fr\/wp-content\/uploads\/2025\/10\/Desactivation-dun-compte-lecteur_Enregistrement-du-compte-inactif-1536x41.png 1536w, https:\/\/rebub.u-bordeaux.fr\/wp-content\/uploads\/2025\/10\/Desactivation-dun-compte-lecteur_Enregistrement-du-compte-inactif.png 1673w\" sizes=\"(max-width: 1024px) 100vw, 1024px\" \/><\/figure>\n\n\n\n<div class=\"is-layout-flex wp-container-6 wp-block-columns bord-bloc-reutilisable has-background\" style=\"background-color:#d9edf7\">\n<div class=\"is-layout-flow wp-block-column is-vertically-aligned-center\" style=\"font-size:15px;flex-basis:20%\">\n<p style=\"font-size:15px\"><strong>Date de publication<\/strong> <\/p>\n\n\n<div style=\"font-size:15px;\" class=\"wp-block-post-date\"><time datetime=\"2024-03-22T09:32:37+01:00\">22 mars 2024<\/time><\/div><\/div>\n\n\n\n<div class=\"is-layout-flow wp-block-column is-vertically-aligned-center\" style=\"font-size:15px;flex-basis:20%\">\n<p><strong>Mis \u00e0 jour le <\/strong><\/p>\n\n\n<div style=\"font-size:15px;\" class=\"wp-block-post-date\"><time datetime=\"2025-10-02T15:44:27+02:00\">2 octobre 2025<\/time><\/div><\/div>\n\n\n\n<div class=\"is-layout-flow wp-block-column is-vertically-aligned-center\" style=\"font-size:15px;flex-basis:40%\">\n<p><\/p>\n\n\n\n<p><strong>Attention ! <\/strong>Certains \u00e9tablissements utilisent parfois de proc\u00e9dures compl\u00e9mentaires <\/p>\n<\/div>\n\n\n\n<div class=\"is-layout-flow wp-block-column is-vertically-aligned-center\" style=\"font-size:15px;flex-basis:25%\">\n<div class=\"is-horizontal is-content-justification-center is-layout-flex wp-container-4 wp-block-buttons alignfull has-custom-font-size\" style=\"font-size:16px\">\n<div class=\"wp-block-button has-custom-width wp-block-button__width-75 has-custom-font-size is-style-fill\" style=\"font-size:15px\"><a class=\"wp-block-button__link has-white-color has-text-color has-background wp-element-button\" href=\"mailto:scoop@u-bordeaux.fr\" style=\"border-radius:65px;background-color:#000000db\"><strong>Signaler une erreur<\/strong><\/a><\/div>\n<\/div>\n<\/div>\n<\/div>\n","protected":false},"excerpt":{"rendered":"<p>Table des mati\u00e8res[ Show ]Vous ne pouvez pas supprimer un compte lecteur&#8230;&#8230; Mais vous pouvez le d\u00e9sactiverVous ne pouvez pas supprimer un compte lecteur&#8230; Dans Alma, vous n&rsquo;avez pas la possibilit\u00e9 de supprimer un compte lecteur. En effet, les comptes&#8230;<\/p>\n","protected":false},"author":2,"featured_media":0,"parent":18469,"menu_order":11,"comment_status":"closed","ping_status":"closed","template":"","meta":[],"post_mailing_queue_ids":[],"_links":{"self":[{"href":"http:\/\/rebub.u-bordeaux.fr\/index.php\/wp-json\/wp\/v2\/pages\/18502"}],"collection":[{"href":"http:\/\/rebub.u-bordeaux.fr\/index.php\/wp-json\/wp\/v2\/pages"}],"about":[{"href":"http:\/\/rebub.u-bordeaux.fr\/index.php\/wp-json\/wp\/v2\/types\/page"}],"author":[{"embeddable":true,"href":"http:\/\/rebub.u-bordeaux.fr\/index.php\/wp-json\/wp\/v2\/users\/2"}],"replies":[{"embeddable":true,"href":"http:\/\/rebub.u-bordeaux.fr\/index.php\/wp-json\/wp\/v2\/comments?post=18502"}],"version-history":[{"count":6,"href":"http:\/\/rebub.u-bordeaux.fr\/index.php\/wp-json\/wp\/v2\/pages\/18502\/revisions"}],"predecessor-version":[{"id":24104,"href":"http:\/\/rebub.u-bordeaux.fr\/index.php\/wp-json\/wp\/v2\/pages\/18502\/revisions\/24104"}],"up":[{"embeddable":true,"href":"http:\/\/rebub.u-bordeaux.fr\/index.php\/wp-json\/wp\/v2\/pages\/18469"}],"wp:attachment":[{"href":"http:\/\/rebub.u-bordeaux.fr\/index.php\/wp-json\/wp\/v2\/media?parent=18502"}],"curies":[{"name":"wp","href":"https:\/\/api.w.org\/{rel}","templated":true}]}}