	{"id":18504,"date":"2024-03-22T09:32:30","date_gmt":"2024-03-22T08:32:30","guid":{"rendered":"https:\/\/rebub.u-bordeaux.fr\/?page_id=18504"},"modified":"2025-02-03T11:23:21","modified_gmt":"2025-02-03T10:23:21","slug":"delivrer-une-simple-carte-de-lecteur-exterieur","status":"publish","type":"page","link":"http:\/\/rebub.u-bordeaux.fr\/index.php\/alma\/procedures\/services-aux-usagers\/gestion-des-lecteurs\/delivrer-une-simple-carte-de-lecteur-exterieur\/","title":{"rendered":"D\u00e9livrer une simple carte de lecteur ext\u00e9rieur"},"content":{"rendered":"<div id='wpig-floatingbar' class='wpig-floatingbar'><div id='wpig-switch-wrapper' class='wpig-switch-wrapper'><span id='wpig-floating-switch' class='wpig-floating-switch'><img src='http:\/\/rebub.u-bordeaux.fr\/wp-content\/plugins\/sticky-toc-advance-table-of-contents\/\\assets\\menu.png'><\/span><\/div><div id='wpig-contents' class='wpig-contents  wpig-sidebar-widget wpig-style-3'><span class='wpig-headline'>Table des mati\u00e8res<span><a data-action='show' class='wpig-btn-toggledisplay'>[ Show ]<\/a><\/span><\/span><!-- Table of Contents --><div id='wpig-table-of-content' class='wpig-table-of-content'><ol><li class='stoc-rechercher-le-lecteur'><a href='#stoc-rechercher-le-lecteur'>Rechercher le lecteur<\/a><\/li><li class='stoc-ajouter-une-carte-de-lecteur'><a href='#stoc-ajouter-une-carte-de-lecteur'>Ajouter une carte de lecteur<\/a><\/li><\/div><!-- END OF Table of Contents --><\/div><\/div><p><div id='wpig-contents' class='wpig-contents  wpig-sidebar-widget wpig-style-1'><span class='wpig-headline'>Table des mati\u00e8res<span><a data-action='show' class='wpig-btn-toggledisplay'>[ Show ]<\/a><\/span><\/span><!-- Table of Contents --><div id='wpig-table-of-content' class='wpig-table-of-content' ><ol><li class='stoc-rechercher-le-lecteur'><a href='#stoc-rechercher-le-lecteur'>Rechercher le lecteur<\/a><\/li><li class='stoc-ajouter-une-carte-de-lecteur'><a href='#stoc-ajouter-une-carte-de-lecteur'>Ajouter une carte de lecteur<\/a><\/li><\/div><!-- END OF Table of Contents --><\/div><\/p>\n<div class=\"is-layout-flex wp-container-3 wp-block-columns bord-bloc-reutilisable has-background\" style=\"background-color:#ffeec2\">\n<div class=\"is-layout-flow wp-block-column is-vertically-aligned-center\" style=\"flex-basis:7%\">\n<figure class=\"wp-block-image alignfull size-full is-style-default\"><img decoding=\"async\" loading=\"lazy\" width=\"512\" height=\"512\" src=\"https:\/\/rebub.u-bordeaux.fr\/wp-content\/uploads\/2024\/04\/nouvelles-idees-en-cours.png\" alt=\"\" class=\"wp-image-19897\" srcset=\"https:\/\/rebub.u-bordeaux.fr\/wp-content\/uploads\/2024\/04\/nouvelles-idees-en-cours.png 512w, https:\/\/rebub.u-bordeaux.fr\/wp-content\/uploads\/2024\/04\/nouvelles-idees-en-cours-300x300.png 300w, https:\/\/rebub.u-bordeaux.fr\/wp-content\/uploads\/2024\/04\/nouvelles-idees-en-cours-150x150.png 150w\" sizes=\"(max-width: 512px) 100vw, 512px\" \/><\/figure>\n<\/div>\n\n\n\n<div class=\"is-layout-flow wp-block-column is-vertically-aligned-center\" style=\"flex-basis:85%\">\n<p><strong>Note<\/strong> : Dans quel cas utiliser cette proc\u00e9dure : un lecteur a un compte dans Alma mais n&rsquo;a pas et n&rsquo;aura pas de carte Aquipass.<\/p>\n<\/div>\n<\/div>\n\n\n\n<div class=\"is-layout-flex wp-container-7 wp-block-columns bord-bloc-reutilisable has-background\" style=\"background-color:#ff303047\">\n<div class=\"is-layout-flow wp-block-column is-vertically-aligned-center\" style=\"flex-basis:7%\">\n<figure class=\"wp-block-image alignfull size-full\"><img decoding=\"async\" loading=\"lazy\" width=\"512\" height=\"512\" src=\"https:\/\/rebub.u-bordeaux.fr\/wp-content\/uploads\/2024\/04\/point-dexclamation.png\" alt=\"\" class=\"wp-image-19898\" srcset=\"https:\/\/rebub.u-bordeaux.fr\/wp-content\/uploads\/2024\/04\/point-dexclamation.png 512w, https:\/\/rebub.u-bordeaux.fr\/wp-content\/uploads\/2024\/04\/point-dexclamation-300x300.png 300w, https:\/\/rebub.u-bordeaux.fr\/wp-content\/uploads\/2024\/04\/point-dexclamation-150x150.png 150w\" sizes=\"(max-width: 512px) 100vw, 512px\" \/><\/figure>\n<\/div>\n\n\n\n<div class=\"is-layout-flow wp-block-column is-vertically-aligned-center\" style=\"flex-basis:52%\">\n<p class=\"has-text-align-left\"><strong>Attention !<\/strong> Avant toute op\u00e9ration, v\u00e9rifier que l&rsquo;on est localis\u00e9 \u00e0 un bureau de pr\u00eat de la biblioth\u00e8que dans laquelle vous vous trouvez.<br>Cliquer sur l&rsquo;ic\u00f4ne <img decoding=\"async\" style=\"width: 27px;\" src=\"http:\/\/rebub.u-bordeaux.fr\/wp-content\/uploads\/2018\/06\/Icone-localisation.png\" alt=\"\"> dans la barre de navigation principale d&rsquo;Alma et choisir son bureau de pr\u00eat.<br>Si l&rsquo;on coche le bouton \u00ab\u00a0Toujours afficher la localisation actuelle\u00a0\u00bb, la localisation appara\u00eet toujours sur la barre de navigation principale \u00e0 la place du bouton <img decoding=\"async\" src=\"http:\/\/rebub.u-bordeaux.fr\/wp-content\/uploads\/2018\/06\/Icone-localisation.png\" alt=\"\" style=\"width: 27px;\"><br><\/p>\n<\/div>\n\n\n\n<div class=\"is-layout-flow wp-block-column is-vertically-aligned-center\"><div class=\"wp-block-image\">\n<figure class=\"aligncenter size-full is-resized\"><img decoding=\"async\" loading=\"lazy\" src=\"https:\/\/rebub.u-bordeaux.fr\/wp-content\/uploads\/2024\/04\/Localisation-1.png\" alt=\"\" class=\"wp-image-20156\" width=\"255\" height=\"208\" srcset=\"https:\/\/rebub.u-bordeaux.fr\/wp-content\/uploads\/2024\/04\/Localisation-1.png 329w, https:\/\/rebub.u-bordeaux.fr\/wp-content\/uploads\/2024\/04\/Localisation-1-300x245.png 300w\" sizes=\"(max-width: 255px) 100vw, 255px\" \/><\/figure><\/div><\/div>\n<\/div>\n\n\n\n<h2 id=\"stoc-rechercher-le-lecteur\" class=\"wpig-heading\">Rechercher le lecteur<\/h2>\n\n\n\n<p>Aller dans le menu \u00ab Services aux usagers \u00bb dans la barre de navigation principale d\u2019Alma et s\u00e9lectionner \u00ab Services aux usagers \u00bb dans le sous-menu \u00ab Pr\u00eats\/retours \u00bb :<\/p>\n\n\n<div class=\"wp-block-image\">\n<figure class=\"aligncenter\"><a href=\"http:\/\/rebub.u-bordeaux.fr\/wp-content\/uploads\/2018\/07\/Services-aux-usagers_menu-services-usagers.png\" target=\"_blank\" rel=\"noopener noreferrer\"><img decoding=\"async\" loading=\"lazy\" width=\"1112\" height=\"677\" src=\"http:\/\/rebub.u-bordeaux.fr\/wp-content\/uploads\/2018\/07\/Services-aux-usagers_menu-services-usagers.png\" alt=\"\" class=\"wp-image-3673\" srcset=\"https:\/\/rebub.u-bordeaux.fr\/wp-content\/uploads\/2018\/07\/Services-aux-usagers_menu-services-usagers.png 1112w, https:\/\/rebub.u-bordeaux.fr\/wp-content\/uploads\/2018\/07\/Services-aux-usagers_menu-services-usagers-300x183.png 300w, https:\/\/rebub.u-bordeaux.fr\/wp-content\/uploads\/2018\/07\/Services-aux-usagers_menu-services-usagers-768x468.png 768w, https:\/\/rebub.u-bordeaux.fr\/wp-content\/uploads\/2018\/07\/Services-aux-usagers_menu-services-usagers-1024x623.png 1024w\" sizes=\"(max-width: 1112px) 100vw, 1112px\" \/><\/a><\/figure><\/div>\n\n\n<p>Rechercher le lecteur :<\/p>\n\n\n<div class=\"wp-block-image\">\n<figure class=\"aligncenter\"><a href=\"http:\/\/rebub.u-bordeaux.fr\/wp-content\/uploads\/2018\/07\/Services-aux-usagers_identification-lecteur.png\" target=\"_blank\" rel=\"noopener noreferrer\"><img decoding=\"async\" loading=\"lazy\" width=\"827\" height=\"281\" src=\"http:\/\/rebub.u-bordeaux.fr\/wp-content\/uploads\/2018\/07\/Services-aux-usagers_identification-lecteur.png\" alt=\"\" class=\"wp-image-3633\" srcset=\"https:\/\/rebub.u-bordeaux.fr\/wp-content\/uploads\/2018\/07\/Services-aux-usagers_identification-lecteur.png 827w, https:\/\/rebub.u-bordeaux.fr\/wp-content\/uploads\/2018\/07\/Services-aux-usagers_identification-lecteur-300x102.png 300w, https:\/\/rebub.u-bordeaux.fr\/wp-content\/uploads\/2018\/07\/Services-aux-usagers_identification-lecteur-768x261.png 768w\" sizes=\"(max-width: 827px) 100vw, 827px\" \/><\/a><\/figure><\/div>\n\n\n<p>Depuis la fiche du lecteur, cliquer sur le nom du lecteur pour afficher son compte :<\/p>\n\n\n<div class=\"wp-block-image\">\n<figure class=\"aligncenter size-large\"><img decoding=\"async\" loading=\"lazy\" width=\"1024\" height=\"418\" src=\"https:\/\/rebub.u-bordeaux.fr\/wp-content\/uploads\/2025\/02\/Inscription-lecteur_bouton-modifier-les-informations-utilisateur-1024x418.jpg\" alt=\"\" class=\"wp-image-23139\" srcset=\"https:\/\/rebub.u-bordeaux.fr\/wp-content\/uploads\/2025\/02\/Inscription-lecteur_bouton-modifier-les-informations-utilisateur-1024x418.jpg 1024w, https:\/\/rebub.u-bordeaux.fr\/wp-content\/uploads\/2025\/02\/Inscription-lecteur_bouton-modifier-les-informations-utilisateur-300x122.jpg 300w, https:\/\/rebub.u-bordeaux.fr\/wp-content\/uploads\/2025\/02\/Inscription-lecteur_bouton-modifier-les-informations-utilisateur-768x314.jpg 768w, https:\/\/rebub.u-bordeaux.fr\/wp-content\/uploads\/2025\/02\/Inscription-lecteur_bouton-modifier-les-informations-utilisateur.jpg 1254w\" sizes=\"(max-width: 1024px) 100vw, 1024px\" \/><\/figure><\/div>\n\n\n<p>Un popup s&rsquo;ouvre sur le d\u00e9tail du compte du lecteur. <\/p>\n\n\n\n<h2 id=\"stoc-ajouter-une-carte-de-lecteur\" class=\"wpig-heading\">Ajouter une carte de lecteur<\/h2>\n\n\n\n<p>Se positionner sur l&rsquo;onglet \u00ab\u00a0Identifiant\u00a0\u00bb :<\/p>\n\n\n<div class=\"wp-block-image\">\n<figure class=\"aligncenter\"><a href=\"http:\/\/rebub.u-bordeaux.fr\/wp-content\/uploads\/2018\/09\/Inscription-lecteur_onglet-identifiant.png\" target=\"_blank\" rel=\"noopener noreferrer\"><img decoding=\"async\" loading=\"lazy\" width=\"1550\" height=\"607\" src=\"http:\/\/rebub.u-bordeaux.fr\/wp-content\/uploads\/2018\/09\/Inscription-lecteur_onglet-identifiant.png\" alt=\"\" class=\"wp-image-4283\" srcset=\"https:\/\/rebub.u-bordeaux.fr\/wp-content\/uploads\/2018\/09\/Inscription-lecteur_onglet-identifiant.png 1550w, https:\/\/rebub.u-bordeaux.fr\/wp-content\/uploads\/2018\/09\/Inscription-lecteur_onglet-identifiant-300x117.png 300w, https:\/\/rebub.u-bordeaux.fr\/wp-content\/uploads\/2018\/09\/Inscription-lecteur_onglet-identifiant-768x301.png 768w, https:\/\/rebub.u-bordeaux.fr\/wp-content\/uploads\/2018\/09\/Inscription-lecteur_onglet-identifiant-1024x401.png 1024w\" sizes=\"(max-width: 1550px) 100vw, 1550px\" \/><\/a><\/figure><\/div>\n\n\n<p>Cliquer sur \u00ab\u00a0Ajouter un identifiant\u00a0\u00bb :<\/p>\n\n\n<div class=\"wp-block-image\">\n<figure class=\"aligncenter\"><a href=\"http:\/\/rebub.u-bordeaux.fr\/wp-content\/uploads\/2018\/09\/Inscription-lecteur_bouton-ajouter-un-identifiant-1.png\" target=\"_blank\" rel=\"noopener noreferrer\"><img decoding=\"async\" loading=\"lazy\" width=\"1551\" height=\"593\" src=\"http:\/\/rebub.u-bordeaux.fr\/wp-content\/uploads\/2018\/09\/Inscription-lecteur_bouton-ajouter-un-identifiant-1.png\" alt=\"\" class=\"wp-image-4358\" srcset=\"https:\/\/rebub.u-bordeaux.fr\/wp-content\/uploads\/2018\/09\/Inscription-lecteur_bouton-ajouter-un-identifiant-1.png 1551w, https:\/\/rebub.u-bordeaux.fr\/wp-content\/uploads\/2018\/09\/Inscription-lecteur_bouton-ajouter-un-identifiant-1-300x115.png 300w, https:\/\/rebub.u-bordeaux.fr\/wp-content\/uploads\/2018\/09\/Inscription-lecteur_bouton-ajouter-un-identifiant-1-768x294.png 768w, https:\/\/rebub.u-bordeaux.fr\/wp-content\/uploads\/2018\/09\/Inscription-lecteur_bouton-ajouter-un-identifiant-1-1024x392.png 1024w\" sizes=\"(max-width: 1551px) 100vw, 1551px\" \/><\/a><\/figure><\/div>\n\n\n<p>Une bo\u00eete de dialogue s&rsquo;ouvre :<\/p>\n\n\n<div class=\"wp-block-image\">\n<figure class=\"aligncenter\"><a href=\"http:\/\/rebub.u-bordeaux.fr\/wp-content\/uploads\/2018\/09\/Saisie-code-barres.png\" target=\"_blank\" rel=\"noopener noreferrer\"><img decoding=\"async\" loading=\"lazy\" width=\"1555\" height=\"880\" src=\"http:\/\/rebub.u-bordeaux.fr\/wp-content\/uploads\/2018\/09\/Saisie-code-barres.png\" alt=\"\" class=\"wp-image-4359\" srcset=\"https:\/\/rebub.u-bordeaux.fr\/wp-content\/uploads\/2018\/09\/Saisie-code-barres.png 1555w, https:\/\/rebub.u-bordeaux.fr\/wp-content\/uploads\/2018\/09\/Saisie-code-barres-300x170.png 300w, https:\/\/rebub.u-bordeaux.fr\/wp-content\/uploads\/2018\/09\/Saisie-code-barres-768x435.png 768w, https:\/\/rebub.u-bordeaux.fr\/wp-content\/uploads\/2018\/09\/Saisie-code-barres-1024x579.png 1024w\" sizes=\"(max-width: 1555px) 100vw, 1555px\" \/><\/a><\/figure><\/div>\n\n\n<p>Renseigner les champs suivants :<\/p>\n\n\n\n<table id=\"tablepress-35\" class=\"tablepress tablepress-id-35\">\n<thead>\n<tr class=\"row-1\">\n\t<th class=\"column-1\">CHAMPS<\/th><th class=\"column-2\">VALEURS<\/th>\n<\/tr>\n<\/thead>\n<tbody class=\"row-hover\">\n<tr class=\"row-2\">\n\t<td class=\"column-1\"><strong>Type d&rsquo;identifiant<\/strong><\/td><td class=\"column-2\">Choisir \u00ab\u00a0Code-barres\u00a0\u00bb dans la liste.<\/td>\n<\/tr>\n<tr class=\"row-3\">\n\t<td class=\"column-1\"><strong>Valeur<\/strong><\/td><td class=\"column-2\">Saisir le code-barres de la carte d\u00e9livr\u00e9e au lecteur.<\/td>\n<\/tr>\n<\/tbody>\n<\/table>\n<!-- #tablepress-35 from cache -->\n\n\n<p>Le nouvel identifiant appara\u00eet alors dans la liste des identifiants du lecteur :<\/p>\n\n\n<div class=\"wp-block-image\">\n<figure class=\"aligncenter\"><a href=\"http:\/\/rebub.u-bordeaux.fr\/wp-content\/uploads\/2018\/09\/Code-barres-enregistr\u00e9.png\" target=\"_blank\" rel=\"noopener noreferrer\"><img decoding=\"async\" loading=\"lazy\" width=\"1551\" height=\"603\" src=\"http:\/\/rebub.u-bordeaux.fr\/wp-content\/uploads\/2018\/09\/Code-barres-enregistr\u00e9.png\" alt=\"\" class=\"wp-image-4361\" srcset=\"https:\/\/rebub.u-bordeaux.fr\/wp-content\/uploads\/2018\/09\/Code-barres-enregistr\u00e9.png 1551w, https:\/\/rebub.u-bordeaux.fr\/wp-content\/uploads\/2018\/09\/Code-barres-enregistr\u00e9-300x117.png 300w, https:\/\/rebub.u-bordeaux.fr\/wp-content\/uploads\/2018\/09\/Code-barres-enregistr\u00e9-768x299.png 768w, https:\/\/rebub.u-bordeaux.fr\/wp-content\/uploads\/2018\/09\/Code-barres-enregistr\u00e9-1024x398.png 1024w\" sizes=\"(max-width: 1551px) 100vw, 1551px\" \/><\/a><\/figure><\/div>\n\n\n<p>Cliquer sur le bouton \u00ab\u00a0Enregistrer\u00a0\u00bb pour terminer :<\/p>\n\n\n<div class=\"wp-block-image\">\n<figure class=\"aligncenter\"><a href=\"http:\/\/rebub.u-bordeaux.fr\/wp-content\/uploads\/2018\/09\/Bouton-enregistrer.png\" target=\"_blank\" rel=\"noopener noreferrer\"><img decoding=\"async\" loading=\"lazy\" width=\"1546\" height=\"629\" src=\"http:\/\/rebub.u-bordeaux.fr\/wp-content\/uploads\/2018\/09\/Bouton-enregistrer.png\" alt=\"\" class=\"wp-image-4360\" srcset=\"https:\/\/rebub.u-bordeaux.fr\/wp-content\/uploads\/2018\/09\/Bouton-enregistrer.png 1546w, https:\/\/rebub.u-bordeaux.fr\/wp-content\/uploads\/2018\/09\/Bouton-enregistrer-300x122.png 300w, https:\/\/rebub.u-bordeaux.fr\/wp-content\/uploads\/2018\/09\/Bouton-enregistrer-768x312.png 768w, https:\/\/rebub.u-bordeaux.fr\/wp-content\/uploads\/2018\/09\/Bouton-enregistrer-1024x417.png 1024w\" sizes=\"(max-width: 1546px) 100vw, 1546px\" \/><\/a><\/figure><\/div>\n\n\n<p>Le lecteur peut d\u00e9sormais effectuer des pr\u00eats et des retours de documents.<\/p>\n\n\n\n<div class=\"is-layout-flex wp-container-13 wp-block-columns bord-bloc-reutilisable has-background\" style=\"background-color:#d9edf7\">\n<div class=\"is-layout-flow wp-block-column is-vertically-aligned-center\" style=\"font-size:15px;flex-basis:20%\">\n<p style=\"font-size:15px\"><strong>Date de publication<\/strong> <\/p>\n\n\n<div style=\"font-size:15px;\" class=\"wp-block-post-date\"><time datetime=\"2024-03-22T09:32:30+01:00\">22 mars 2024<\/time><\/div><\/div>\n\n\n\n<div class=\"is-layout-flow wp-block-column is-vertically-aligned-center\" style=\"font-size:15px;flex-basis:20%\">\n<p><strong>Mis \u00e0 jour le <\/strong><\/p>\n\n\n<div style=\"font-size:15px;\" class=\"wp-block-post-date\"><time datetime=\"2025-02-03T11:23:21+01:00\">3 f\u00e9vrier 2025<\/time><\/div><\/div>\n\n\n\n<div class=\"is-layout-flow wp-block-column is-vertically-aligned-center\" style=\"font-size:15px;flex-basis:40%\">\n<p><\/p>\n\n\n\n<p><strong>Attention ! <\/strong>Certains \u00e9tablissements utilisent parfois de proc\u00e9dures compl\u00e9mentaires <\/p>\n<\/div>\n\n\n\n<div class=\"is-layout-flow wp-block-column is-vertically-aligned-center\" style=\"font-size:15px;flex-basis:25%\">\n<div class=\"is-horizontal is-content-justification-center is-layout-flex wp-container-11 wp-block-buttons alignfull has-custom-font-size\" style=\"font-size:16px\">\n<div class=\"wp-block-button has-custom-width wp-block-button__width-75 has-custom-font-size is-style-fill\" style=\"font-size:15px\"><a class=\"wp-block-button__link has-white-color has-text-color has-background wp-element-button\" href=\"mailto:scoop@u-bordeaux.fr\" style=\"border-radius:65px;background-color:#000000db\"><strong>Signaler une erreur<\/strong><\/a><\/div>\n<\/div>\n<\/div>\n<\/div>\n","protected":false},"excerpt":{"rendered":"<p>Table des mati\u00e8res[ Show ]Rechercher le lecteurAjouter une carte de lecteurNote : Dans quel cas utiliser cette proc\u00e9dure : un lecteur a un compte dans Alma mais n&rsquo;a pas et n&rsquo;aura pas de carte Aquipass. Attention ! Avant toute op\u00e9ration,&#8230;<\/p>\n","protected":false},"author":46,"featured_media":4793,"parent":18469,"menu_order":3,"comment_status":"closed","ping_status":"closed","template":"","meta":[],"post_mailing_queue_ids":[],"_links":{"self":[{"href":"http:\/\/rebub.u-bordeaux.fr\/index.php\/wp-json\/wp\/v2\/pages\/18504"}],"collection":[{"href":"http:\/\/rebub.u-bordeaux.fr\/index.php\/wp-json\/wp\/v2\/pages"}],"about":[{"href":"http:\/\/rebub.u-bordeaux.fr\/index.php\/wp-json\/wp\/v2\/types\/page"}],"author":[{"embeddable":true,"href":"http:\/\/rebub.u-bordeaux.fr\/index.php\/wp-json\/wp\/v2\/users\/46"}],"replies":[{"embeddable":true,"href":"http:\/\/rebub.u-bordeaux.fr\/index.php\/wp-json\/wp\/v2\/comments?post=18504"}],"version-history":[{"count":5,"href":"http:\/\/rebub.u-bordeaux.fr\/index.php\/wp-json\/wp\/v2\/pages\/18504\/revisions"}],"predecessor-version":[{"id":23157,"href":"http:\/\/rebub.u-bordeaux.fr\/index.php\/wp-json\/wp\/v2\/pages\/18504\/revisions\/23157"}],"up":[{"embeddable":true,"href":"http:\/\/rebub.u-bordeaux.fr\/index.php\/wp-json\/wp\/v2\/pages\/18469"}],"wp:featuredmedia":[{"embeddable":true,"href":"http:\/\/rebub.u-bordeaux.fr\/index.php\/wp-json\/wp\/v2\/media\/4793"}],"wp:attachment":[{"href":"http:\/\/rebub.u-bordeaux.fr\/index.php\/wp-json\/wp\/v2\/media?parent=18504"}],"curies":[{"name":"wp","href":"https:\/\/api.w.org\/{rel}","templated":true}]}}