	{"id":18505,"date":"2024-03-22T09:32:33","date_gmt":"2024-03-22T08:32:33","guid":{"rendered":"https:\/\/rebub.u-bordeaux.fr\/?page_id=18505"},"modified":"2025-02-03T11:27:42","modified_gmt":"2025-02-03T10:27:42","slug":"mettre-a-jour-le-code-barres-de-la-carte-lecteur","status":"publish","type":"page","link":"http:\/\/rebub.u-bordeaux.fr\/index.php\/alma\/procedures\/services-aux-usagers\/gestion-des-lecteurs\/mettre-a-jour-le-code-barres-de-la-carte-lecteur\/","title":{"rendered":"Mettre \u00e0 jour le code-barre de la carte lecteur"},"content":{"rendered":"<div id='wpig-floatingbar' class='wpig-floatingbar'><div id='wpig-switch-wrapper' class='wpig-switch-wrapper'><span id='wpig-floating-switch' class='wpig-floating-switch'><img src='http:\/\/rebub.u-bordeaux.fr\/wp-content\/plugins\/sticky-toc-advance-table-of-contents\/\\assets\\menu.png'><\/span><\/div><div id='wpig-contents' class='wpig-contents  wpig-sidebar-widget wpig-style-3'><span class='wpig-headline'>Table des mati\u00e8res<span><a data-action='show' class='wpig-btn-toggledisplay'>[ Show ]<\/a><\/span><\/span><!-- Table of Contents --><div id='wpig-table-of-content' class='wpig-table-of-content'><ol><li class='stoc-verifier-la-presence-dun-code-barre'><a href='#stoc-verifier-la-presence-dun-code-barre'>V\u00e9rifier la pr\u00e9sence d&rsquo;un code-barre<\/a><\/li><li class='stoc-desactiver-un-code-barre'><a href='#stoc-desactiver-un-code-barre'>D\u00e9sactiver un code-barre<\/a><\/li><li class='stoc-ajouter-un-code-barre'><a href='#stoc-ajouter-un-code-barre'>Ajouter un code-barre<\/a><\/li><\/ol><\/div><!-- END OF Table of Contents --><\/div><\/div><p><div id='wpig-contents' class='wpig-contents  wpig-sidebar-widget wpig-style-1'><span class='wpig-headline'>Table des mati\u00e8res<span><a data-action='show' class='wpig-btn-toggledisplay'>[ Show ]<\/a><\/span><\/span><!-- Table of Contents --><div id='wpig-table-of-content' class='wpig-table-of-content' ><ol><li class='stoc-verifier-la-presence-dun-code-barre'><a href='#stoc-verifier-la-presence-dun-code-barre'>V\u00e9rifier la pr\u00e9sence d&rsquo;un code-barre<\/a><\/li><li class='stoc-desactiver-un-code-barre'><a href='#stoc-desactiver-un-code-barre'>D\u00e9sactiver un code-barre<\/a><\/li><li class='stoc-ajouter-un-code-barre'><a href='#stoc-ajouter-un-code-barre'>Ajouter un code-barre<\/a><\/li><\/ol><\/div><!-- END OF Table of Contents --><\/div><\/p>\n<p>Suite \u00e0 la recherche manuelle d&rsquo;un lecteur, il s&rsquo;av\u00e8re que son compte existe dans Alma.<\/p>\n\n\n\n<p>Sa carte n&rsquo;est pas reconnue, il faut donc v\u00e9rifier que les informations du code-barres sont bien renseign\u00e9es dans son compte.<\/p>\n\n\n\n<h2 id=\"stoc-verifier-la-presence-dun-code-barre\" class=\"wpig-heading\">V\u00e9rifier la pr\u00e9sence d&rsquo;un code-barre<\/h2>\n\n\n\n<div class=\"is-layout-flex wp-container-3 wp-block-columns bord-bloc-reutilisable has-background\" style=\"background-color:#ffeec2\">\n<div class=\"is-layout-flow wp-block-column is-vertically-aligned-center\" style=\"flex-basis:7%\">\n<figure class=\"wp-block-image alignfull size-full is-style-default\"><img decoding=\"async\" loading=\"lazy\" width=\"512\" height=\"512\" src=\"https:\/\/rebub.u-bordeaux.fr\/wp-content\/uploads\/2024\/04\/nouvelles-idees-en-cours.png\" alt=\"\" class=\"wp-image-19897\" srcset=\"https:\/\/rebub.u-bordeaux.fr\/wp-content\/uploads\/2024\/04\/nouvelles-idees-en-cours.png 512w, https:\/\/rebub.u-bordeaux.fr\/wp-content\/uploads\/2024\/04\/nouvelles-idees-en-cours-300x300.png 300w, https:\/\/rebub.u-bordeaux.fr\/wp-content\/uploads\/2024\/04\/nouvelles-idees-en-cours-150x150.png 150w\" sizes=\"(max-width: 512px) 100vw, 512px\" \/><\/figure>\n<\/div>\n\n\n\n<div class=\"is-layout-flow wp-block-column is-vertically-aligned-center\" style=\"flex-basis:85%\">\n<p><strong>Note<\/strong> : Il peut arriver que des comptes lecteurs soient import\u00e9s dans Alma sans code-barre.<\/p>\n<\/div>\n<\/div>\n\n\n\n<p>Depuis la fiche du lecteur, cliquer sur le nom du lecteur pour afficher son compte :<\/p>\n\n\n<div class=\"wp-block-image\">\n<figure class=\"aligncenter size-large\"><img decoding=\"async\" loading=\"lazy\" width=\"1024\" height=\"418\" src=\"https:\/\/rebub.u-bordeaux.fr\/wp-content\/uploads\/2025\/02\/Inscription-lecteur_bouton-modifier-les-informations-utilisateur-1024x418.jpg\" alt=\"\" class=\"wp-image-23139\" srcset=\"https:\/\/rebub.u-bordeaux.fr\/wp-content\/uploads\/2025\/02\/Inscription-lecteur_bouton-modifier-les-informations-utilisateur-1024x418.jpg 1024w, https:\/\/rebub.u-bordeaux.fr\/wp-content\/uploads\/2025\/02\/Inscription-lecteur_bouton-modifier-les-informations-utilisateur-300x122.jpg 300w, https:\/\/rebub.u-bordeaux.fr\/wp-content\/uploads\/2025\/02\/Inscription-lecteur_bouton-modifier-les-informations-utilisateur-768x314.jpg 768w, https:\/\/rebub.u-bordeaux.fr\/wp-content\/uploads\/2025\/02\/Inscription-lecteur_bouton-modifier-les-informations-utilisateur.jpg 1254w\" sizes=\"(max-width: 1024px) 100vw, 1024px\" \/><\/figure><\/div>\n\n\n<p>Se positionner sur l&rsquo;onglet \u00ab\u00a0Identifiants\u00a0\u00bb :<\/p>\n\n\n<div class=\"wp-block-image\">\n<figure class=\"aligncenter\"><img decoding=\"async\" loading=\"lazy\" width=\"1024\" height=\"601\" src=\"http:\/\/rebub.u-bordeaux.fr\/wp-content\/uploads\/2018\/07\/Codebarres_onget-identifiant-1024x601.png\" alt=\"\" class=\"wp-image-3876\" srcset=\"https:\/\/rebub.u-bordeaux.fr\/wp-content\/uploads\/2018\/07\/Codebarres_onget-identifiant-1024x601.png 1024w, https:\/\/rebub.u-bordeaux.fr\/wp-content\/uploads\/2018\/07\/Codebarres_onget-identifiant-300x176.png 300w, https:\/\/rebub.u-bordeaux.fr\/wp-content\/uploads\/2018\/07\/Codebarres_onget-identifiant-768x451.png 768w, https:\/\/rebub.u-bordeaux.fr\/wp-content\/uploads\/2018\/07\/Codebarres_onget-identifiant.png 1705w\" sizes=\"(max-width: 1024px) 100vw, 1024px\" \/><\/figure><\/div>\n\n\n<p>On constate qu&rsquo;il n&rsquo;y a aucun code-barres renseign\u00e9 (ou un code-barres inactif ou un ancien code-barres) :<\/p>\n\n\n<div class=\"wp-block-image\">\n<figure class=\"aligncenter\"><img decoding=\"async\" loading=\"lazy\" width=\"1024\" height=\"415\" src=\"http:\/\/rebub.u-bordeaux.fr\/wp-content\/uploads\/2018\/07\/Codebarres_ligne-code-barres-1024x415.png\" alt=\"\" class=\"wp-image-3877\" srcset=\"https:\/\/rebub.u-bordeaux.fr\/wp-content\/uploads\/2018\/07\/Codebarres_ligne-code-barres-1024x415.png 1024w, https:\/\/rebub.u-bordeaux.fr\/wp-content\/uploads\/2018\/07\/Codebarres_ligne-code-barres-300x121.png 300w, https:\/\/rebub.u-bordeaux.fr\/wp-content\/uploads\/2018\/07\/Codebarres_ligne-code-barres-768x311.png 768w, https:\/\/rebub.u-bordeaux.fr\/wp-content\/uploads\/2018\/07\/Codebarres_ligne-code-barres.png 1734w\" sizes=\"(max-width: 1024px) 100vw, 1024px\" \/><\/figure><\/div>\n\n\n<h2 id=\"stoc-desactiver-un-code-barre\" class=\"wpig-heading\">D\u00e9sactiver un code-barre<\/h2>\n\n\n\n<p>Dans certains cas, un code-barres sera peut-\u00eatre pr\u00e9sent mais obsol\u00e8te car le lecteur ne poss\u00e8de plus cette carte :<\/p>\n\n\n<div class=\"wp-block-image\">\n<figure class=\"aligncenter\"><img decoding=\"async\" loading=\"lazy\" width=\"1024\" height=\"476\" src=\"http:\/\/rebub.u-bordeaux.fr\/wp-content\/uploads\/2019\/03\/Code-barres-lecteur_pr\u00e9sence-code-barres-1024x476.png\" alt=\"\" class=\"wp-image-5694\" srcset=\"https:\/\/rebub.u-bordeaux.fr\/wp-content\/uploads\/2019\/03\/Code-barres-lecteur_pr\u00e9sence-code-barres-1024x476.png 1024w, https:\/\/rebub.u-bordeaux.fr\/wp-content\/uploads\/2019\/03\/Code-barres-lecteur_pr\u00e9sence-code-barres-300x140.png 300w, https:\/\/rebub.u-bordeaux.fr\/wp-content\/uploads\/2019\/03\/Code-barres-lecteur_pr\u00e9sence-code-barres-768x357.png 768w, https:\/\/rebub.u-bordeaux.fr\/wp-content\/uploads\/2019\/03\/Code-barres-lecteur_pr\u00e9sence-code-barres.png 1907w\" sizes=\"(max-width: 1024px) 100vw, 1024px\" \/><\/figure><\/div>\n\n\n<p>Avant d&rsquo;ajouter le nouveau code-barres, comme c&rsquo;est expliqu\u00e9 dans le chapitre suivant de cette proc\u00e9dure, cliquer sur le bouton ci-dessous pour d\u00e9sactiver l&rsquo;ancienne carte :<\/p>\n\n\n<div class=\"wp-block-image\">\n<figure class=\"aligncenter\"><img decoding=\"async\" loading=\"lazy\" width=\"1024\" height=\"476\" src=\"http:\/\/rebub.u-bordeaux.fr\/wp-content\/uploads\/2019\/03\/Code-barres-lecteur_bouton-pour-d\u00e9sactiver-1024x476.png\" alt=\"\" class=\"wp-image-5695\" srcset=\"https:\/\/rebub.u-bordeaux.fr\/wp-content\/uploads\/2019\/03\/Code-barres-lecteur_bouton-pour-d\u00e9sactiver-1024x476.png 1024w, https:\/\/rebub.u-bordeaux.fr\/wp-content\/uploads\/2019\/03\/Code-barres-lecteur_bouton-pour-d\u00e9sactiver-300x140.png 300w, https:\/\/rebub.u-bordeaux.fr\/wp-content\/uploads\/2019\/03\/Code-barres-lecteur_bouton-pour-d\u00e9sactiver-768x357.png 768w, https:\/\/rebub.u-bordeaux.fr\/wp-content\/uploads\/2019\/03\/Code-barres-lecteur_bouton-pour-d\u00e9sactiver.png 1907w\" sizes=\"(max-width: 1024px) 100vw, 1024px\" \/><\/figure><\/div>\n\n\n<p>Le bouton est alors gris\u00e9 et le code-barres n&rsquo;est plus actif :<\/p>\n\n\n<div class=\"wp-block-image\">\n<figure class=\"aligncenter\"><img decoding=\"async\" loading=\"lazy\" width=\"1024\" height=\"476\" src=\"http:\/\/rebub.u-bordeaux.fr\/wp-content\/uploads\/2019\/03\/Code-barres-lecteur_pr\u00e9sence-code-barres-1-1024x476.png\" alt=\"\" class=\"wp-image-5696\" srcset=\"https:\/\/rebub.u-bordeaux.fr\/wp-content\/uploads\/2019\/03\/Code-barres-lecteur_pr\u00e9sence-code-barres-1-1024x476.png 1024w, https:\/\/rebub.u-bordeaux.fr\/wp-content\/uploads\/2019\/03\/Code-barres-lecteur_pr\u00e9sence-code-barres-1-300x140.png 300w, https:\/\/rebub.u-bordeaux.fr\/wp-content\/uploads\/2019\/03\/Code-barres-lecteur_pr\u00e9sence-code-barres-1-768x357.png 768w, https:\/\/rebub.u-bordeaux.fr\/wp-content\/uploads\/2019\/03\/Code-barres-lecteur_pr\u00e9sence-code-barres-1.png 1907w\" sizes=\"(max-width: 1024px) 100vw, 1024px\" \/><\/figure><\/div>\n\n\n<h2 id=\"stoc-ajouter-un-code-barre\" class=\"wpig-heading\">Ajouter un code-barre<\/h2>\n\n\n\n<p>Si le compte lecteur n&rsquo;a pas le code-barre correspondant \u00e0 sa carte, cliquer sur \u00ab\u00a0Ajouter un identifiant\u00a0\u00bb :<\/p>\n\n\n<div class=\"wp-block-image\">\n<figure class=\"aligncenter\"><img decoding=\"async\" loading=\"lazy\" width=\"1024\" height=\"386\" src=\"http:\/\/rebub.u-bordeaux.fr\/wp-content\/uploads\/2018\/07\/Code-barres_ajout-identifiant-1024x386.png\" alt=\"\" class=\"wp-image-3878\" srcset=\"https:\/\/rebub.u-bordeaux.fr\/wp-content\/uploads\/2018\/07\/Code-barres_ajout-identifiant-1024x386.png 1024w, https:\/\/rebub.u-bordeaux.fr\/wp-content\/uploads\/2018\/07\/Code-barres_ajout-identifiant-300x113.png 300w, https:\/\/rebub.u-bordeaux.fr\/wp-content\/uploads\/2018\/07\/Code-barres_ajout-identifiant-768x289.png 768w, https:\/\/rebub.u-bordeaux.fr\/wp-content\/uploads\/2018\/07\/Code-barres_ajout-identifiant.png 1745w\" sizes=\"(max-width: 1024px) 100vw, 1024px\" \/><\/figure><\/div>\n\n\n<p>Une fen\u00eatre s&rsquo;ouvre :<\/p>\n\n\n<div class=\"wp-block-image\">\n<figure class=\"aligncenter\"><img decoding=\"async\" loading=\"lazy\" width=\"455\" height=\"595\" src=\"http:\/\/rebub.u-bordeaux.fr\/wp-content\/uploads\/2018\/07\/Codebarres_saisie-code-barres.png\" alt=\"\" class=\"wp-image-3879\" srcset=\"https:\/\/rebub.u-bordeaux.fr\/wp-content\/uploads\/2018\/07\/Codebarres_saisie-code-barres.png 455w, https:\/\/rebub.u-bordeaux.fr\/wp-content\/uploads\/2018\/07\/Codebarres_saisie-code-barres-229x300.png 229w\" sizes=\"(max-width: 455px) 100vw, 455px\" \/><\/figure><\/div>\n\n\n<ol>\n<li>&nbsp;<strong>Ne pas cocher<\/strong> \u00ab\u00a0Ajouter comme externe\u00a0\u00bb<\/li>\n\n\n\n<li>&nbsp;Choisir \u00ab\u00a0code-barre\u00a0\u00bb pour le \u00ab\u00a0Type d&rsquo;identifiant\u00a0\u00bb<\/li>\n\n\n\n<li>&nbsp;Doucher le code-barre de la carte pour renseigner le champ \u00ab\u00a0Valeur\u00a0\u00bb<\/li>\n<\/ol>\n\n\n\n<p>Cliquer sur \u00ab\u00a0Ajouter et fermer\u00a0\u00bb. Une ligne code-barre est ajout\u00e9 dans l&rsquo;onglet identifiant :<\/p>\n\n\n<div class=\"wp-block-image\">\n<figure class=\"aligncenter\"><img decoding=\"async\" loading=\"lazy\" width=\"1024\" height=\"436\" src=\"http:\/\/rebub.u-bordeaux.fr\/wp-content\/uploads\/2018\/07\/Codebarres_code-barres-enregistr\u00e9-1024x436.png\" alt=\"\" class=\"wp-image-3880\" srcset=\"https:\/\/rebub.u-bordeaux.fr\/wp-content\/uploads\/2018\/07\/Codebarres_code-barres-enregistr\u00e9-1024x436.png 1024w, https:\/\/rebub.u-bordeaux.fr\/wp-content\/uploads\/2018\/07\/Codebarres_code-barres-enregistr\u00e9-300x128.png 300w, https:\/\/rebub.u-bordeaux.fr\/wp-content\/uploads\/2018\/07\/Codebarres_code-barres-enregistr\u00e9-768x327.png 768w, https:\/\/rebub.u-bordeaux.fr\/wp-content\/uploads\/2018\/07\/Codebarres_code-barres-enregistr\u00e9.png 1744w\" sizes=\"(max-width: 1024px) 100vw, 1024px\" \/><\/figure><\/div>\n\n\n<div class=\"is-layout-flex wp-container-6 wp-block-columns bord-bloc-reutilisable has-background\" style=\"background-color:#ffeec2\">\n<div class=\"is-layout-flow wp-block-column is-vertically-aligned-center\" style=\"flex-basis:7%\">\n<figure class=\"wp-block-image alignfull size-full is-style-default\"><img decoding=\"async\" loading=\"lazy\" width=\"512\" height=\"512\" src=\"https:\/\/rebub.u-bordeaux.fr\/wp-content\/uploads\/2024\/04\/nouvelles-idees-en-cours.png\" alt=\"\" class=\"wp-image-19897\" srcset=\"https:\/\/rebub.u-bordeaux.fr\/wp-content\/uploads\/2024\/04\/nouvelles-idees-en-cours.png 512w, https:\/\/rebub.u-bordeaux.fr\/wp-content\/uploads\/2024\/04\/nouvelles-idees-en-cours-300x300.png 300w, https:\/\/rebub.u-bordeaux.fr\/wp-content\/uploads\/2024\/04\/nouvelles-idees-en-cours-150x150.png 150w\" sizes=\"(max-width: 512px) 100vw, 512px\" \/><\/figure>\n<\/div>\n\n\n\n<div class=\"is-layout-flow wp-block-column is-vertically-aligned-center\" style=\"flex-basis:85%\">\n<p><strong>Note<\/strong> : A tout moment on peut \u00e0 partir de la ligne code-barres, d\u00e9sactiver ce dernier en cliquant sur le bouton pour le rendre inactif :<\/p>\n\n\n<div class=\"wp-block-image\">\n<figure class=\"aligncenter\"><img decoding=\"async\" loading=\"lazy\" width=\"1024\" height=\"83\" src=\"http:\/\/rebub.u-bordeaux.fr\/wp-content\/uploads\/2018\/07\/Code-barres_d\u00e9sactiver-code-barres-1024x83.png\" alt=\"\" class=\"wp-image-3881\" srcset=\"https:\/\/rebub.u-bordeaux.fr\/wp-content\/uploads\/2018\/07\/Code-barres_d\u00e9sactiver-code-barres-1024x83.png 1024w, https:\/\/rebub.u-bordeaux.fr\/wp-content\/uploads\/2018\/07\/Code-barres_d\u00e9sactiver-code-barres-300x24.png 300w, https:\/\/rebub.u-bordeaux.fr\/wp-content\/uploads\/2018\/07\/Code-barres_d\u00e9sactiver-code-barres-768x62.png 768w, https:\/\/rebub.u-bordeaux.fr\/wp-content\/uploads\/2018\/07\/Code-barres_d\u00e9sactiver-code-barres.png 1463w\" sizes=\"(max-width: 1024px) 100vw, 1024px\" \/><\/figure><\/div><\/div>\n<\/div>\n\n\n\n<div class=\"is-layout-constrained wp-block-group bord-bloc-reutilisable\"><div class=\"wp-block-group__inner-container\">\n<div class=\"is-layout-flex wp-container-9 wp-block-columns alignfull bord-bloc-reutilisable has-background\" style=\"background-color:#ff303047\">\n<div class=\"is-layout-flow wp-block-column is-vertically-aligned-center\" style=\"flex-basis:7%\">\n<figure class=\"wp-block-image alignfull size-full\"><img decoding=\"async\" loading=\"lazy\" width=\"512\" height=\"512\" src=\"https:\/\/rebub.u-bordeaux.fr\/wp-content\/uploads\/2024\/04\/point-dexclamation.png\" alt=\"\" class=\"wp-image-19898\" srcset=\"https:\/\/rebub.u-bordeaux.fr\/wp-content\/uploads\/2024\/04\/point-dexclamation.png 512w, https:\/\/rebub.u-bordeaux.fr\/wp-content\/uploads\/2024\/04\/point-dexclamation-300x300.png 300w, https:\/\/rebub.u-bordeaux.fr\/wp-content\/uploads\/2024\/04\/point-dexclamation-150x150.png 150w\" sizes=\"(max-width: 512px) 100vw, 512px\" \/><\/figure>\n<\/div>\n\n\n\n<div class=\"is-layout-flow wp-block-column is-vertically-aligned-center\" style=\"flex-basis:85%\">\n<p><strong>Attention !<\/strong> Pour les lecteurs inscrits dans une scolarit\u00e9 : la mise \u00e0 jour du code-barre de la carte lecteur s&rsquo;appliquera uniquement dans l&rsquo;institution dans laquelle on l&rsquo;effectue. Les autres institutions devront r\u00e9p\u00e9ter la proc\u00e9dure si le lecteur s&rsquo;y pr\u00e9sente.<\/p>\n<\/div>\n<\/div>\n<\/div><\/div>\n\n\n\n<div class=\"is-layout-flex wp-container-16 wp-block-columns bord-bloc-reutilisable has-background\" style=\"background-color:#d9edf7\">\n<div class=\"is-layout-flow wp-block-column is-vertically-aligned-center\" style=\"font-size:15px;flex-basis:20%\">\n<p style=\"font-size:15px\"><strong>Date de publication<\/strong> <\/p>\n\n\n<div style=\"font-size:15px;\" class=\"wp-block-post-date\"><time datetime=\"2024-03-22T09:32:33+01:00\">22 mars 2024<\/time><\/div><\/div>\n\n\n\n<div class=\"is-layout-flow wp-block-column is-vertically-aligned-center\" style=\"font-size:15px;flex-basis:20%\">\n<p><strong>Mis \u00e0 jour le <\/strong><\/p>\n\n\n<div style=\"font-size:15px;\" class=\"wp-block-post-date\"><time datetime=\"2025-02-03T11:27:42+01:00\">3 f\u00e9vrier 2025<\/time><\/div><\/div>\n\n\n\n<div class=\"is-layout-flow wp-block-column is-vertically-aligned-center\" style=\"font-size:15px;flex-basis:40%\">\n<p><\/p>\n\n\n\n<p><strong>Attention ! <\/strong>Certains \u00e9tablissements utilisent parfois de proc\u00e9dures compl\u00e9mentaires <\/p>\n<\/div>\n\n\n\n<div class=\"is-layout-flow wp-block-column is-vertically-aligned-center\" style=\"font-size:15px;flex-basis:25%\">\n<div class=\"is-horizontal is-content-justification-center is-layout-flex wp-container-14 wp-block-buttons alignfull has-custom-font-size\" style=\"font-size:16px\">\n<div class=\"wp-block-button has-custom-width wp-block-button__width-75 has-custom-font-size is-style-fill\" style=\"font-size:15px\"><a class=\"wp-block-button__link has-white-color has-text-color has-background wp-element-button\" href=\"mailto:scoop@u-bordeaux.fr\" style=\"border-radius:65px;background-color:#000000db\"><strong>Signaler une erreur<\/strong><\/a><\/div>\n<\/div>\n<\/div>\n<\/div>\n","protected":false},"excerpt":{"rendered":"<p>Table des mati\u00e8res[ Show ]V\u00e9rifier la pr\u00e9sence d&rsquo;un code-barreD\u00e9sactiver un code-barreAjouter un code-barreSuite \u00e0 la recherche manuelle d&rsquo;un lecteur, il s&rsquo;av\u00e8re que son compte existe dans Alma. Sa carte n&rsquo;est pas reconnue, il faut donc v\u00e9rifier que les informations du&#8230;<\/p>\n","protected":false},"author":46,"featured_media":4793,"parent":18469,"menu_order":5,"comment_status":"closed","ping_status":"closed","template":"","meta":[],"post_mailing_queue_ids":[],"_links":{"self":[{"href":"http:\/\/rebub.u-bordeaux.fr\/index.php\/wp-json\/wp\/v2\/pages\/18505"}],"collection":[{"href":"http:\/\/rebub.u-bordeaux.fr\/index.php\/wp-json\/wp\/v2\/pages"}],"about":[{"href":"http:\/\/rebub.u-bordeaux.fr\/index.php\/wp-json\/wp\/v2\/types\/page"}],"author":[{"embeddable":true,"href":"http:\/\/rebub.u-bordeaux.fr\/index.php\/wp-json\/wp\/v2\/users\/46"}],"replies":[{"embeddable":true,"href":"http:\/\/rebub.u-bordeaux.fr\/index.php\/wp-json\/wp\/v2\/comments?post=18505"}],"version-history":[{"count":5,"href":"http:\/\/rebub.u-bordeaux.fr\/index.php\/wp-json\/wp\/v2\/pages\/18505\/revisions"}],"predecessor-version":[{"id":23161,"href":"http:\/\/rebub.u-bordeaux.fr\/index.php\/wp-json\/wp\/v2\/pages\/18505\/revisions\/23161"}],"up":[{"embeddable":true,"href":"http:\/\/rebub.u-bordeaux.fr\/index.php\/wp-json\/wp\/v2\/pages\/18469"}],"wp:featuredmedia":[{"embeddable":true,"href":"http:\/\/rebub.u-bordeaux.fr\/index.php\/wp-json\/wp\/v2\/media\/4793"}],"wp:attachment":[{"href":"http:\/\/rebub.u-bordeaux.fr\/index.php\/wp-json\/wp\/v2\/media?parent=18505"}],"curies":[{"name":"wp","href":"https:\/\/api.w.org\/{rel}","templated":true}]}}