	{"id":18506,"date":"2024-03-22T09:32:36","date_gmt":"2024-03-22T08:32:36","guid":{"rendered":"https:\/\/rebub.u-bordeaux.fr\/?page_id=18506"},"modified":"2024-08-19T16:48:09","modified_gmt":"2024-08-19T14:48:09","slug":"messages-de-rappels-aux-lecteurs-en-retard","status":"publish","type":"page","link":"http:\/\/rebub.u-bordeaux.fr\/index.php\/alma\/procedures\/services-aux-usagers\/gestion-des-lecteurs\/messages-de-rappels-aux-lecteurs-en-retard\/","title":{"rendered":"Blocages automatiques des pr\u00eats en retard"},"content":{"rendered":"<div id='wpig-floatingbar' class='wpig-floatingbar'><div id='wpig-switch-wrapper' class='wpig-switch-wrapper'><span id='wpig-floating-switch' class='wpig-floating-switch'><img src='http:\/\/rebub.u-bordeaux.fr\/wp-content\/plugins\/sticky-toc-advance-table-of-contents\/\\assets\\menu.png'><\/span><\/div><\/div><p><\/p>\n<div class=\"is-layout-flex wp-container-3 wp-block-columns bord-bloc-reutilisable has-background\" style=\"background-color:#ffeec2\">\n<div class=\"is-layout-flow wp-block-column is-vertically-aligned-center\" style=\"flex-basis:7%\">\n<figure class=\"wp-block-image alignfull size-full is-style-default\"><img decoding=\"async\" loading=\"lazy\" width=\"512\" height=\"512\" src=\"https:\/\/rebub.u-bordeaux.fr\/wp-content\/uploads\/2024\/04\/nouvelles-idees-en-cours.png\" alt=\"\" class=\"wp-image-19897\" srcset=\"https:\/\/rebub.u-bordeaux.fr\/wp-content\/uploads\/2024\/04\/nouvelles-idees-en-cours.png 512w, https:\/\/rebub.u-bordeaux.fr\/wp-content\/uploads\/2024\/04\/nouvelles-idees-en-cours-300x300.png 300w, https:\/\/rebub.u-bordeaux.fr\/wp-content\/uploads\/2024\/04\/nouvelles-idees-en-cours-150x150.png 150w\" sizes=\"(max-width: 512px) 100vw, 512px\" \/><\/figure>\n<\/div>\n\n\n\n<div class=\"is-layout-flow wp-block-column is-vertically-aligned-center\" style=\"flex-basis:85%\">\n<p><strong>Note<\/strong> : Pour la gestion des grands retards, sup\u00e9rieurs \u00e0 35 jours, voir la <a href=\"http:\/\/rebub.u-bordeaux.fr\/index.php\/alma\/procedures\/services-aux-usagers\/gestion-des-lecteurs\/gestion-des-rappels-et-du-contentieux\/\">proc\u00e9dure suivante<\/a>. <\/p>\n<\/div>\n<\/div>\n\n\n\n<p>Un pr\u00eat en retard g\u00e9n\u00e8re un blocage automatique dans Alma. <\/p>\n\n\n\n<p>Ce message s\u2019affiche lorsqu\u2019on acc\u00e8de au compte lecteur&nbsp;et qu\u2019il a des documents en retard, ici le lecteur a un document en retard&nbsp;:<\/p>\n\n\n\n<figure class=\"wp-block-image\"><a href=\"http:\/\/rebub.u-bordeaux.fr\/wp-content\/uploads\/2020\/03\/Message_Blocage.png\" target=\"_blank\" rel=\"noopener noreferrer\"><img decoding=\"async\" loading=\"lazy\" width=\"1011\" height=\"353\" src=\"http:\/\/rebub.u-bordeaux.fr\/wp-content\/uploads\/2020\/03\/Message_Blocage.png\" alt=\"\" class=\"wp-image-8403\" srcset=\"https:\/\/rebub.u-bordeaux.fr\/wp-content\/uploads\/2020\/03\/Message_Blocage.png 1011w, https:\/\/rebub.u-bordeaux.fr\/wp-content\/uploads\/2020\/03\/Message_Blocage-300x105.png 300w, https:\/\/rebub.u-bordeaux.fr\/wp-content\/uploads\/2020\/03\/Message_Blocage-768x268.png 768w\" sizes=\"(max-width: 1011px) 100vw, 1011px\" \/><\/a><\/figure>\n\n\n\n<p>Lorsqu\u2019on passe un ouvrage en retour, le message disparait m\u00eame si l&rsquo;ouvrage a \u00e9t\u00e9 rendu en retard.<\/p>\n\n\n\n<div class=\"is-layout-constrained wp-block-group bord-bloc-reutilisable\"><div class=\"wp-block-group__inner-container\">\n<div class=\"is-layout-flex wp-container-6 wp-block-columns alignfull bord-bloc-reutilisable has-background\" style=\"background-color:#ff303047\">\n<div class=\"is-layout-flow wp-block-column is-vertically-aligned-center\" style=\"flex-basis:7%\">\n<figure class=\"wp-block-image alignfull size-full\"><img decoding=\"async\" loading=\"lazy\" width=\"512\" height=\"512\" src=\"https:\/\/rebub.u-bordeaux.fr\/wp-content\/uploads\/2024\/04\/point-dexclamation.png\" alt=\"\" class=\"wp-image-19898\" srcset=\"https:\/\/rebub.u-bordeaux.fr\/wp-content\/uploads\/2024\/04\/point-dexclamation.png 512w, https:\/\/rebub.u-bordeaux.fr\/wp-content\/uploads\/2024\/04\/point-dexclamation-300x300.png 300w, https:\/\/rebub.u-bordeaux.fr\/wp-content\/uploads\/2024\/04\/point-dexclamation-150x150.png 150w\" sizes=\"(max-width: 512px) 100vw, 512px\" \/><\/figure>\n<\/div>\n\n\n\n<div class=\"is-layout-flow wp-block-column is-vertically-aligned-center\" style=\"flex-basis:85%\">\n<p><strong>Attention !<\/strong> Dans certaines situations, il est possible qu&rsquo;apr\u00e8s le retour d&rsquo;un document en retard, ce message s&rsquo;affiche : <\/p>\n\n\n\n<figure class=\"wp-block-image is-resized\"><a href=\"http:\/\/rebub.u-bordeaux.fr\/wp-content\/uploads\/2020\/03\/Lecteur_Bloqu\u00e9.png\" target=\"_blank\" rel=\"noopener noreferrer\"><img decoding=\"async\" loading=\"lazy\" src=\"http:\/\/rebub.u-bordeaux.fr\/wp-content\/uploads\/2020\/03\/Lecteur_Bloqu\u00e9.png\" alt=\"\" class=\"wp-image-8404\" width=\"641\" height=\"69\" srcset=\"https:\/\/rebub.u-bordeaux.fr\/wp-content\/uploads\/2020\/03\/Lecteur_Bloqu\u00e9.png 775w, https:\/\/rebub.u-bordeaux.fr\/wp-content\/uploads\/2020\/03\/Lecteur_Bloqu\u00e9-300x33.png 300w, https:\/\/rebub.u-bordeaux.fr\/wp-content\/uploads\/2020\/03\/Lecteur_Bloqu\u00e9-768x83.png 768w\" sizes=\"(max-width: 641px) 100vw, 641px\" \/><\/a><\/figure>\n\n\n\n<p>Lorsqu\u2019on acc\u00e8de au compte lecteur, ce message indique que le lecteur a d\u00e9j\u00e0 r\u00e9gularis\u00e9 son retard mais qu\u2019il est encore bloqu\u00e9 et ne peut donc pas emprunter :<\/p>\n\n\n\n<figure class=\"wp-block-image\"><a href=\"http:\/\/rebub.u-bordeaux.fr\/wp-content\/uploads\/2020\/03\/Message_Blocage_2.png\" target=\"_blank\" rel=\"noopener noreferrer\"><img decoding=\"async\" loading=\"lazy\" width=\"919\" height=\"320\" src=\"http:\/\/rebub.u-bordeaux.fr\/wp-content\/uploads\/2020\/03\/Message_Blocage_2.png\" alt=\"\" class=\"wp-image-8405\" srcset=\"https:\/\/rebub.u-bordeaux.fr\/wp-content\/uploads\/2020\/03\/Message_Blocage_2.png 919w, https:\/\/rebub.u-bordeaux.fr\/wp-content\/uploads\/2020\/03\/Message_Blocage_2-300x104.png 300w, https:\/\/rebub.u-bordeaux.fr\/wp-content\/uploads\/2020\/03\/Message_Blocage_2-768x267.png 768w\" sizes=\"(max-width: 919px) 100vw, 919px\" \/><\/a><\/figure>\n\n\n\n<p>Ces \u00ab\u00a0p\u00e9nalit\u00e9s de retard\u00a0\u00bb ne sont plus appliqu\u00e9es. Sauf \u00e0 l&rsquo;<strong>INP<\/strong> et dans les <strong>INSPE<\/strong>. Si vous rencontrez ce blocage dans une autre situation, <strong>merci de le signaler au Scoop. <\/strong><\/p>\n\n\n\n<p>Pour avoir les d\u00e9tails du blocage li\u00e9 au retard, dans les \u00ab\u00a0D\u00e9tails de l&rsquo;utilisateur\u00a0\u00bb, cliquez sur l\u2019onglet \u00ab\u00a0Blocage\u00a0\u00bb \u00a0:<\/p>\n\n\n\n<figure class=\"wp-block-image\"><a href=\"http:\/\/rebub.u-bordeaux.fr\/wp-content\/uploads\/2020\/03\/Utilisateur_Bloque.png\" target=\"_blank\" rel=\"noopener noreferrer\"><img decoding=\"async\" loading=\"lazy\" width=\"1523\" height=\"415\" src=\"http:\/\/rebub.u-bordeaux.fr\/wp-content\/uploads\/2020\/03\/Utilisateur_Bloque.png\" alt=\"\" class=\"wp-image-8406\" srcset=\"https:\/\/rebub.u-bordeaux.fr\/wp-content\/uploads\/2020\/03\/Utilisateur_Bloque.png 1523w, https:\/\/rebub.u-bordeaux.fr\/wp-content\/uploads\/2020\/03\/Utilisateur_Bloque-300x82.png 300w, https:\/\/rebub.u-bordeaux.fr\/wp-content\/uploads\/2020\/03\/Utilisateur_Bloque-1024x279.png 1024w, https:\/\/rebub.u-bordeaux.fr\/wp-content\/uploads\/2020\/03\/Utilisateur_Bloque-768x209.png 768w\" sizes=\"(max-width: 1523px) 100vw, 1523px\" \/><\/a><\/figure>\n\n\n\n<p>La <strong>date de cr\u00e9ation<\/strong> correspond \u00e0 la date \u00e0 laquelle le blocage a \u00e9t\u00e9 mis en place, et la <strong>date d\u2019expiration<\/strong> indique jusqu\u2019\u00e0 quand le lecteur sera bloqu\u00e9.<\/p>\n\n\n\n<p>Si un lecteur rend plusieurs ouvrages en retard en m\u00eame temps, un blocage par document s\u2019affiche, m\u00eame s\u2019ils expirent tous \u00e0 la m\u00eame date.<\/p>\n<\/div>\n<\/div>\n<\/div><\/div>\n\n\n\n<div class=\"is-layout-flex wp-container-13 wp-block-columns bord-bloc-reutilisable has-background\" style=\"background-color:#d9edf7\">\n<div class=\"is-layout-flow wp-block-column is-vertically-aligned-center\" style=\"font-size:15px;flex-basis:20%\">\n<p style=\"font-size:15px\"><strong>Date de publication<\/strong> <\/p>\n\n\n<div style=\"font-size:15px;\" class=\"wp-block-post-date\"><time datetime=\"2024-03-22T09:32:36+01:00\">22 mars 2024<\/time><\/div><\/div>\n\n\n\n<div class=\"is-layout-flow wp-block-column is-vertically-aligned-center\" style=\"font-size:15px;flex-basis:20%\">\n<p><strong>Mis \u00e0 jour le <\/strong><\/p>\n\n\n<div style=\"font-size:15px;\" class=\"wp-block-post-date\"><time datetime=\"2024-08-19T16:48:09+02:00\">19 ao\u00fbt 2024<\/time><\/div><\/div>\n\n\n\n<div class=\"is-layout-flow wp-block-column is-vertically-aligned-center\" style=\"font-size:15px;flex-basis:40%\">\n<p><\/p>\n\n\n\n<p><strong>Attention ! <\/strong>Certains \u00e9tablissements utilisent parfois de proc\u00e9dures compl\u00e9mentaires <\/p>\n<\/div>\n\n\n\n<div class=\"is-layout-flow wp-block-column is-vertically-aligned-center\" style=\"font-size:15px;flex-basis:25%\">\n<div class=\"is-horizontal is-content-justification-center is-layout-flex wp-container-11 wp-block-buttons alignfull has-custom-font-size\" style=\"font-size:16px\">\n<div class=\"wp-block-button has-custom-width wp-block-button__width-75 has-custom-font-size is-style-fill\" style=\"font-size:15px\"><a class=\"wp-block-button__link has-white-color has-text-color has-background wp-element-button\" href=\"mailto:scoop@u-bordeaux.fr\" style=\"border-radius:65px;background-color:#000000db\"><strong>Signaler une erreur<\/strong><\/a><\/div>\n<\/div>\n<\/div>\n<\/div>\n","protected":false},"excerpt":{"rendered":"<p>Note : Pour la gestion des grands retards, sup\u00e9rieurs \u00e0 35 jours, voir la proc\u00e9dure suivante. Un pr\u00eat en retard g\u00e9n\u00e8re un blocage automatique dans Alma. Ce message s\u2019affiche lorsqu\u2019on acc\u00e8de au compte lecteur&nbsp;et qu\u2019il a des documents en retard,&#8230;<\/p>\n","protected":false},"author":46,"featured_media":4793,"parent":18469,"menu_order":8,"comment_status":"closed","ping_status":"closed","template":"","meta":[],"post_mailing_queue_ids":[],"_links":{"self":[{"href":"http:\/\/rebub.u-bordeaux.fr\/index.php\/wp-json\/wp\/v2\/pages\/18506"}],"collection":[{"href":"http:\/\/rebub.u-bordeaux.fr\/index.php\/wp-json\/wp\/v2\/pages"}],"about":[{"href":"http:\/\/rebub.u-bordeaux.fr\/index.php\/wp-json\/wp\/v2\/types\/page"}],"author":[{"embeddable":true,"href":"http:\/\/rebub.u-bordeaux.fr\/index.php\/wp-json\/wp\/v2\/users\/46"}],"replies":[{"embeddable":true,"href":"http:\/\/rebub.u-bordeaux.fr\/index.php\/wp-json\/wp\/v2\/comments?post=18506"}],"version-history":[{"count":13,"href":"http:\/\/rebub.u-bordeaux.fr\/index.php\/wp-json\/wp\/v2\/pages\/18506\/revisions"}],"predecessor-version":[{"id":22394,"href":"http:\/\/rebub.u-bordeaux.fr\/index.php\/wp-json\/wp\/v2\/pages\/18506\/revisions\/22394"}],"up":[{"embeddable":true,"href":"http:\/\/rebub.u-bordeaux.fr\/index.php\/wp-json\/wp\/v2\/pages\/18469"}],"wp:featuredmedia":[{"embeddable":true,"href":"http:\/\/rebub.u-bordeaux.fr\/index.php\/wp-json\/wp\/v2\/media\/4793"}],"wp:attachment":[{"href":"http:\/\/rebub.u-bordeaux.fr\/index.php\/wp-json\/wp\/v2\/media?parent=18506"}],"curies":[{"name":"wp","href":"https:\/\/api.w.org\/{rel}","templated":true}]}}