	{"id":18522,"date":"2024-03-22T09:32:42","date_gmt":"2024-03-22T08:32:42","guid":{"rendered":"https:\/\/rebub.u-bordeaux.fr\/?page_id=18522"},"modified":"2026-02-06T15:09:16","modified_gmt":"2026-02-06T14:09:16","slug":"traiter-une-reservation-dun-document-disponible","status":"publish","type":"page","link":"http:\/\/rebub.u-bordeaux.fr\/index.php\/alma\/procedures\/services-aux-usagers\/les-reservations\/traiter-une-reservation-dun-document-disponible\/","title":{"rendered":"Traiter une r\u00e9servation d\u2019un document disponible"},"content":{"rendered":"<div id='wpig-floatingbar' class='wpig-floatingbar'><div id='wpig-switch-wrapper' class='wpig-switch-wrapper'><span id='wpig-floating-switch' class='wpig-floating-switch'><img src='http:\/\/rebub.u-bordeaux.fr\/wp-content\/plugins\/sticky-toc-advance-table-of-contents\/\\assets\\menu.png'><\/span><\/div><div id='wpig-contents' class='wpig-contents  wpig-sidebar-widget wpig-style-3'><span class='wpig-headline'>Table des mati\u00e8res<span><a data-action='show' class='wpig-btn-toggledisplay'>[ Show ]<\/a><\/span><\/span><!-- Table of Contents --><div id='wpig-table-of-content' class='wpig-table-of-content'><ol><li class='stoc-prendre-en-rayon'><a href='#stoc-prendre-en-rayon'>Prendre en rayon<\/a><\/li><li class='stoc-mettre-sur-le-rayon-des-reservations'><a href='#stoc-mettre-sur-le-rayon-des-reservations'>Mettre sur le rayon des r\u00e9servations<\/a><\/li><li class='stoc-faire-le-pret'><a href='#stoc-faire-le-pret'>Faire le pr\u00eat<\/a><\/li><\/ol><\/div><!-- END OF Table of Contents --><\/div><\/div><p><div id='wpig-contents' class='wpig-contents  wpig-sidebar-widget wpig-style-1'><span class='wpig-headline'>Table des mati\u00e8res<span><a data-action='show' class='wpig-btn-toggledisplay'>[ Show ]<\/a><\/span><\/span><!-- Table of Contents --><div id='wpig-table-of-content' class='wpig-table-of-content' ><ol><li class='stoc-prendre-en-rayon'><a href='#stoc-prendre-en-rayon'>Prendre en rayon<\/a><\/li><li class='stoc-mettre-sur-le-rayon-des-reservations'><a href='#stoc-mettre-sur-le-rayon-des-reservations'>Mettre sur le rayon des r\u00e9servations<\/a><\/li><li class='stoc-faire-le-pret'><a href='#stoc-faire-le-pret'>Faire le pr\u00eat<\/a><\/li><\/ol><\/div><!-- END OF Table of Contents --><\/div><\/p>\n<div class=\"is-layout-flex wp-container-4 wp-block-columns bord-bloc-reutilisable has-background\" style=\"background-color:#ff303047\">\n<div class=\"is-layout-flow wp-block-column is-vertically-aligned-center\" style=\"flex-basis:7%\"><div class=\"wp-block-image\">\n<figure class=\"aligncenter size-full\"><img decoding=\"async\" loading=\"lazy\" width=\"512\" height=\"512\" src=\"https:\/\/rebub.u-bordeaux.fr\/wp-content\/uploads\/2024\/04\/point-dexclamation.png\" alt=\"\" class=\"wp-image-19898\" srcset=\"https:\/\/rebub.u-bordeaux.fr\/wp-content\/uploads\/2024\/04\/point-dexclamation.png 512w, https:\/\/rebub.u-bordeaux.fr\/wp-content\/uploads\/2024\/04\/point-dexclamation-300x300.png 300w, https:\/\/rebub.u-bordeaux.fr\/wp-content\/uploads\/2024\/04\/point-dexclamation-150x150.png 150w\" sizes=\"(max-width: 512px) 100vw, 512px\" \/><\/figure><\/div><\/div>\n\n\n\n<div class=\"is-layout-flow wp-block-column is-vertically-aligned-center\" style=\"flex-basis:52%\">\n<p class=\"has-text-align-left\"><strong>Attention !<\/strong> Pour traiter une r\u00e9servation, il faut \u00eatre localis\u00e9 sur le bureau de pr\u00eat de la biblioth\u00e8que qui poss\u00e8de le rayon des r\u00e9servations sur lequel sera mis \u00e0 disposition le document.<br><\/p>\n<\/div>\n\n\n\n<div class=\"is-layout-flow wp-block-column\"><div class=\"wp-block-image\">\n<figure class=\"aligncenter size-full is-resized\"><img decoding=\"async\" loading=\"lazy\" src=\"https:\/\/rebub.u-bordeaux.fr\/wp-content\/uploads\/2024\/04\/Localisation-1.png\" alt=\"\" class=\"wp-image-20156\" width=\"255\" height=\"208\" srcset=\"https:\/\/rebub.u-bordeaux.fr\/wp-content\/uploads\/2024\/04\/Localisation-1.png 329w, https:\/\/rebub.u-bordeaux.fr\/wp-content\/uploads\/2024\/04\/Localisation-1-300x245.png 300w\" sizes=\"(max-width: 255px) 100vw, 255px\" \/><\/figure><\/div><\/div>\n<\/div>\n\n\n\n<h2 id=\"stoc-prendre-en-rayon\" class=\"wpig-heading\">Prendre en rayon<\/h2>\n\n\n\n<p>Une fois la r\u00e9servation valid\u00e9e par le lecteur, la demande s&rsquo;imprime (si une imprimante a \u00e9t\u00e9 param\u00e9tr\u00e9e dans la biblioth\u00e8que).<\/p>\n\n\n\n<p>On retrouve \u00e9galement le document qui fait l&rsquo;objet d&rsquo;une r\u00e9servation dans le sous-menu \u00ab\u00a0Prendre en rayon\u00a0\u00bb qui se trouve dans le menu \u00ab\u00a0Services aux usagers\u00a0\u00bb :<\/p>\n\n\n<div class=\"wp-block-image\">\n<figure class=\"aligncenter\"><a href=\"http:\/\/rebub.u-bordeaux.fr\/wp-content\/uploads\/2020\/05\/R\u00e9servation_Prendre-en-rayon.png\" target=\"_blank\" rel=\"noopener noreferrer\"><img decoding=\"async\" loading=\"lazy\" width=\"4422\" height=\"3434\" src=\"http:\/\/rebub.u-bordeaux.fr\/wp-content\/uploads\/2020\/05\/R\u00e9servation_Prendre-en-rayon.png\" alt=\"\" class=\"wp-image-8921\" srcset=\"https:\/\/rebub.u-bordeaux.fr\/wp-content\/uploads\/2020\/05\/R\u00e9servation_Prendre-en-rayon.png 4422w, https:\/\/rebub.u-bordeaux.fr\/wp-content\/uploads\/2020\/05\/R\u00e9servation_Prendre-en-rayon-300x233.png 300w, https:\/\/rebub.u-bordeaux.fr\/wp-content\/uploads\/2020\/05\/R\u00e9servation_Prendre-en-rayon-1024x795.png 1024w, https:\/\/rebub.u-bordeaux.fr\/wp-content\/uploads\/2020\/05\/R\u00e9servation_Prendre-en-rayon-768x596.png 768w, https:\/\/rebub.u-bordeaux.fr\/wp-content\/uploads\/2020\/05\/R\u00e9servation_Prendre-en-rayon-1536x1193.png 1536w, https:\/\/rebub.u-bordeaux.fr\/wp-content\/uploads\/2020\/05\/R\u00e9servation_Prendre-en-rayon-2048x1590.png 2048w\" sizes=\"(max-width: 4422px) 100vw, 4422px\" \/><\/a><\/figure><\/div>\n\n<div class=\"wp-block-image\">\n<figure class=\"aligncenter\"><a href=\"http:\/\/rebub.u-bordeaux.fr\/wp-content\/uploads\/2020\/05\/R\u00e9servation_Exemplaire-dans-prendre-en-rayon.png\" target=\"_blank\" rel=\"noopener noreferrer\"><img decoding=\"async\" loading=\"lazy\" width=\"1875\" height=\"511\" src=\"http:\/\/rebub.u-bordeaux.fr\/wp-content\/uploads\/2020\/05\/R\u00e9servation_Exemplaire-dans-prendre-en-rayon.png\" alt=\"\" class=\"wp-image-8922\" srcset=\"https:\/\/rebub.u-bordeaux.fr\/wp-content\/uploads\/2020\/05\/R\u00e9servation_Exemplaire-dans-prendre-en-rayon.png 1875w, https:\/\/rebub.u-bordeaux.fr\/wp-content\/uploads\/2020\/05\/R\u00e9servation_Exemplaire-dans-prendre-en-rayon-300x82.png 300w, https:\/\/rebub.u-bordeaux.fr\/wp-content\/uploads\/2020\/05\/R\u00e9servation_Exemplaire-dans-prendre-en-rayon-1024x279.png 1024w, https:\/\/rebub.u-bordeaux.fr\/wp-content\/uploads\/2020\/05\/R\u00e9servation_Exemplaire-dans-prendre-en-rayon-768x209.png 768w, https:\/\/rebub.u-bordeaux.fr\/wp-content\/uploads\/2020\/05\/R\u00e9servation_Exemplaire-dans-prendre-en-rayon-1536x419.png 1536w\" sizes=\"(max-width: 1875px) 100vw, 1875px\" \/><\/a><\/figure><\/div>\n\n\n<p>L&rsquo;\u00e9tape suivante consiste donc \u00e0 r\u00e9cup\u00e9rer le document \u00e0 son emplacement.<\/p>\n\n\n\n<p>Si le document est manquant, penser \u00e0 annuler la r\u00e9servation afin d&rsquo;avertir le lecteur (voir la <a href=\"http:\/\/rebub.u-bordeaux.fr\/index.php\/alma\/procedures\/services-aux-usagers\/les-reservations\/annuler-une-reservation\/\" target=\"_blank\" rel=\"noreferrer noopener\">proc\u00e9dure sur les annulations<\/a>) <\/p>\n\n\n\n<h2 id=\"stoc-mettre-sur-le-rayon-des-reservations\" class=\"wpig-heading\">Mettre sur le rayon des r\u00e9servations<\/h2>\n\n\n\n<p>Une fois le document r\u00e9cup\u00e9r\u00e9, il faut le mettre sur le rayon des r\u00e9servations afin qu&rsquo;il soit disponible pour la r\u00e9cup\u00e9ration par le lecteur.<\/p>\n\n\n\n<p>Pour cela, se rendre dans le menu \u00ab\u00a0Services aux usagers\u00a0\u00bb et cliquer sur \u00ab\u00a0Scanner les exemplaires\u00a0\u00bb :<\/p>\n\n\n<div class=\"wp-block-image\">\n<figure class=\"aligncenter\"><a href=\"http:\/\/rebub.u-bordeaux.fr\/wp-content\/uploads\/2020\/05\/R\u00e9servation_Scanner-les-exemplaires.png\" target=\"_blank\" rel=\"noopener noreferrer\"><img decoding=\"async\" loading=\"lazy\" width=\"4184\" height=\"3346\" src=\"http:\/\/rebub.u-bordeaux.fr\/wp-content\/uploads\/2020\/05\/R\u00e9servation_Scanner-les-exemplaires.png\" alt=\"\" class=\"wp-image-8923\" srcset=\"https:\/\/rebub.u-bordeaux.fr\/wp-content\/uploads\/2020\/05\/R\u00e9servation_Scanner-les-exemplaires.png 4184w, https:\/\/rebub.u-bordeaux.fr\/wp-content\/uploads\/2020\/05\/R\u00e9servation_Scanner-les-exemplaires-300x240.png 300w, https:\/\/rebub.u-bordeaux.fr\/wp-content\/uploads\/2020\/05\/R\u00e9servation_Scanner-les-exemplaires-1024x819.png 1024w, https:\/\/rebub.u-bordeaux.fr\/wp-content\/uploads\/2020\/05\/R\u00e9servation_Scanner-les-exemplaires-768x614.png 768w, https:\/\/rebub.u-bordeaux.fr\/wp-content\/uploads\/2020\/05\/R\u00e9servation_Scanner-les-exemplaires-1536x1228.png 1536w, https:\/\/rebub.u-bordeaux.fr\/wp-content\/uploads\/2020\/05\/R\u00e9servation_Scanner-les-exemplaires-2048x1638.png 2048w\" sizes=\"(max-width: 4184px) 100vw, 4184px\" \/><\/a><\/figure><\/div>\n\n\n<p>Scanner le code-barres dans le champ pr\u00e9vu :<\/p>\n\n\n<div class=\"wp-block-image\">\n<figure class=\"aligncenter\"><a href=\"http:\/\/rebub.u-bordeaux.fr\/wp-content\/uploads\/2020\/05\/R\u00e9servation_Exemplaire-scann\u00e9.png\" target=\"_blank\" rel=\"noopener noreferrer\"><img decoding=\"async\" loading=\"lazy\" width=\"3308\" height=\"1600\" src=\"http:\/\/rebub.u-bordeaux.fr\/wp-content\/uploads\/2020\/05\/R\u00e9servation_Exemplaire-scann\u00e9.png\" alt=\"\" class=\"wp-image-8924\" srcset=\"https:\/\/rebub.u-bordeaux.fr\/wp-content\/uploads\/2020\/05\/R\u00e9servation_Exemplaire-scann\u00e9.png 3308w, https:\/\/rebub.u-bordeaux.fr\/wp-content\/uploads\/2020\/05\/R\u00e9servation_Exemplaire-scann\u00e9-300x145.png 300w, https:\/\/rebub.u-bordeaux.fr\/wp-content\/uploads\/2020\/05\/R\u00e9servation_Exemplaire-scann\u00e9-1024x495.png 1024w, https:\/\/rebub.u-bordeaux.fr\/wp-content\/uploads\/2020\/05\/R\u00e9servation_Exemplaire-scann\u00e9-768x371.png 768w, https:\/\/rebub.u-bordeaux.fr\/wp-content\/uploads\/2020\/05\/R\u00e9servation_Exemplaire-scann\u00e9-1536x743.png 1536w, https:\/\/rebub.u-bordeaux.fr\/wp-content\/uploads\/2020\/05\/R\u00e9servation_Exemplaire-scann\u00e9-2048x991.png 2048w\" sizes=\"(max-width: 3308px) 100vw, 3308px\" \/><\/a><\/figure><\/div>\n\n\n<p>Sur la page suivante, Alma indique de mettre le document sur le rayon des r\u00e9servations.<\/p>\n\n\n<div class=\"wp-block-image\">\n<figure class=\"aligncenter\"><a href=\"http:\/\/rebub.u-bordeaux.fr\/wp-content\/uploads\/2020\/05\/R\u00e9servation_Exemplaire-scann\u00e9_rayon-des-r\u00e9servations.png\" target=\"_blank\" rel=\"noopener noreferrer\"><img decoding=\"async\" loading=\"lazy\" width=\"3226\" height=\"1736\" src=\"http:\/\/rebub.u-bordeaux.fr\/wp-content\/uploads\/2020\/05\/R\u00e9servation_Exemplaire-scann\u00e9_rayon-des-r\u00e9servations.png\" alt=\"\" class=\"wp-image-8925\" srcset=\"https:\/\/rebub.u-bordeaux.fr\/wp-content\/uploads\/2020\/05\/R\u00e9servation_Exemplaire-scann\u00e9_rayon-des-r\u00e9servations.png 3226w, https:\/\/rebub.u-bordeaux.fr\/wp-content\/uploads\/2020\/05\/R\u00e9servation_Exemplaire-scann\u00e9_rayon-des-r\u00e9servations-300x161.png 300w, https:\/\/rebub.u-bordeaux.fr\/wp-content\/uploads\/2020\/05\/R\u00e9servation_Exemplaire-scann\u00e9_rayon-des-r\u00e9servations-1024x551.png 1024w, https:\/\/rebub.u-bordeaux.fr\/wp-content\/uploads\/2020\/05\/R\u00e9servation_Exemplaire-scann\u00e9_rayon-des-r\u00e9servations-768x413.png 768w, https:\/\/rebub.u-bordeaux.fr\/wp-content\/uploads\/2020\/05\/R\u00e9servation_Exemplaire-scann\u00e9_rayon-des-r\u00e9servations-1536x827.png 1536w, https:\/\/rebub.u-bordeaux.fr\/wp-content\/uploads\/2020\/05\/R\u00e9servation_Exemplaire-scann\u00e9_rayon-des-r\u00e9servations-2048x1102.png 2048w\" sizes=\"(max-width: 3226px) 100vw, 3226px\" \/><\/a><\/figure><\/div>\n\n\n<p>Simultan\u00e9ment, un mail est envoy\u00e9 au lecteur pour indiquer que sa r\u00e9servation est disponible pour le retrait.<\/p>\n\n\n\n<h2 id=\"stoc-faire-le-pret\" class=\"wpig-heading\">Faire le pr\u00eat<\/h2>\n\n\n\n<p>Lorsque le lecteur se pr\u00e9sente, faire le pr\u00eat du document r\u00e9serv\u00e9 selon la <a href=\"http:\/\/rebub.u-bordeaux.fr\/index.php\/alma\/procedures\/services-aux-usagers\/pret-retour\/faire-un-pret\/\" target=\"_blank\" rel=\"noreferrer noopener\">proc\u00e9dure de pr\u00eat<\/a>.<\/p>\n\n\n\n<p><\/p>\n\n\n\n<p>Pour une vue synth\u00e9tique des circuits de r\u00e9servations de documents, voir la page \u00ab&nbsp;<a href=\"https:\/\/rebub.u-bordeaux.fr\/index.php\/alma\/procedures\/services-aux-usagers\/les-reservations\/reserver-un-document\/\" data-type=\"URL\" data-id=\"https:\/\/rebub.u-bordeaux.fr\/index.php\/alma\/procedures\/services-aux-usagers\/les-reservations\/reserver-un-document\/\" target=\"_blank\" rel=\"noreferrer noopener\">R\u00e9server un document<\/a>&nbsp;\u00bb. Pour les circuits incluant des transits entre biblioth\u00e8ques, voir la page \u00ab&nbsp;<a href=\"https:\/\/rebub.u-bordeaux.fr\/index.php\/alma\/procedures\/services-aux-usagers\/les-reservations\/alma-en-circuits-documents-en-transit\/\" data-type=\"URL\" data-id=\"https:\/\/rebub.u-bordeaux.fr\/index.php\/alma\/procedures\/services-aux-usagers\/les-reservations\/alma-en-circuits-documents-en-transit\/\" target=\"_blank\" rel=\"noreferrer noopener\">Alma en circuits : documents en transit<\/a>&nbsp;\u00bb.<\/p>\n\n\n\n<div class=\"is-layout-flex wp-container-10 wp-block-columns bord-bloc-reutilisable has-background\" style=\"background-color:#d9edf7\">\n<div class=\"is-layout-flow wp-block-column is-vertically-aligned-center\" style=\"font-size:15px;flex-basis:20%\">\n<p style=\"font-size:15px\"><strong>Date de publication<\/strong> <\/p>\n\n\n<div style=\"font-size:15px;\" class=\"wp-block-post-date\"><time datetime=\"2024-03-22T09:32:42+01:00\">22 mars 2024<\/time><\/div><\/div>\n\n\n\n<div class=\"is-layout-flow wp-block-column is-vertically-aligned-center\" style=\"font-size:15px;flex-basis:20%\">\n<p><strong>Mis \u00e0 jour le <\/strong><\/p>\n\n\n<div style=\"font-size:15px;\" class=\"wp-block-post-date\"><time datetime=\"2026-02-06T15:09:16+01:00\">6 f\u00e9vrier 2026<\/time><\/div><\/div>\n\n\n\n<div class=\"is-layout-flow wp-block-column is-vertically-aligned-center\" style=\"font-size:15px;flex-basis:40%\">\n<p><\/p>\n\n\n\n<p><strong>Attention ! <\/strong>Certains \u00e9tablissements utilisent parfois de proc\u00e9dures compl\u00e9mentaires <\/p>\n<\/div>\n\n\n\n<div class=\"is-layout-flow wp-block-column is-vertically-aligned-center\" style=\"font-size:15px;flex-basis:25%\">\n<div class=\"is-horizontal is-content-justification-center is-layout-flex wp-container-8 wp-block-buttons alignfull has-custom-font-size\" style=\"font-size:16px\">\n<div class=\"wp-block-button has-custom-width wp-block-button__width-75 has-custom-font-size is-style-fill\" style=\"font-size:15px\"><a class=\"wp-block-button__link has-white-color has-text-color has-background wp-element-button\" href=\"mailto:scoop@u-bordeaux.fr\" style=\"border-radius:65px;background-color:#000000db\"><strong>Signaler une erreur<\/strong><\/a><\/div>\n<\/div>\n<\/div>\n<\/div>\n","protected":false},"excerpt":{"rendered":"<p>Table des mati\u00e8res[ Show ]Prendre en rayonMettre sur le rayon des r\u00e9servationsFaire le pr\u00eatAttention ! Pour traiter une r\u00e9servation, il faut \u00eatre localis\u00e9 sur le bureau de pr\u00eat de la biblioth\u00e8que qui poss\u00e8de le rayon des r\u00e9servations sur lequel sera&#8230;<\/p>\n","protected":false},"author":46,"featured_media":4793,"parent":18470,"menu_order":1,"comment_status":"closed","ping_status":"closed","template":"","meta":[],"post_mailing_queue_ids":[],"_links":{"self":[{"href":"http:\/\/rebub.u-bordeaux.fr\/index.php\/wp-json\/wp\/v2\/pages\/18522"}],"collection":[{"href":"http:\/\/rebub.u-bordeaux.fr\/index.php\/wp-json\/wp\/v2\/pages"}],"about":[{"href":"http:\/\/rebub.u-bordeaux.fr\/index.php\/wp-json\/wp\/v2\/types\/page"}],"author":[{"embeddable":true,"href":"http:\/\/rebub.u-bordeaux.fr\/index.php\/wp-json\/wp\/v2\/users\/46"}],"replies":[{"embeddable":true,"href":"http:\/\/rebub.u-bordeaux.fr\/index.php\/wp-json\/wp\/v2\/comments?post=18522"}],"version-history":[{"count":15,"href":"http:\/\/rebub.u-bordeaux.fr\/index.php\/wp-json\/wp\/v2\/pages\/18522\/revisions"}],"predecessor-version":[{"id":24601,"href":"http:\/\/rebub.u-bordeaux.fr\/index.php\/wp-json\/wp\/v2\/pages\/18522\/revisions\/24601"}],"up":[{"embeddable":true,"href":"http:\/\/rebub.u-bordeaux.fr\/index.php\/wp-json\/wp\/v2\/pages\/18470"}],"wp:featuredmedia":[{"embeddable":true,"href":"http:\/\/rebub.u-bordeaux.fr\/index.php\/wp-json\/wp\/v2\/media\/4793"}],"wp:attachment":[{"href":"http:\/\/rebub.u-bordeaux.fr\/index.php\/wp-json\/wp\/v2\/media?parent=18522"}],"curies":[{"name":"wp","href":"https:\/\/api.w.org\/{rel}","templated":true}]}}