	{"id":18525,"date":"2024-03-22T09:32:47","date_gmt":"2024-03-22T08:32:47","guid":{"rendered":"https:\/\/rebub.u-bordeaux.fr\/?page_id=18525"},"modified":"2026-02-06T16:43:21","modified_gmt":"2026-02-06T15:43:21","slug":"faire-une-demande-de-numerisation","status":"publish","type":"page","link":"http:\/\/rebub.u-bordeaux.fr\/index.php\/alma\/procedures\/services-aux-usagers\/demandes-de-numerisation\/faire-une-demande-de-numerisation\/","title":{"rendered":"Faire une demande de num\u00e9risation"},"content":{"rendered":"<div id='wpig-floatingbar' class='wpig-floatingbar'><div id='wpig-switch-wrapper' class='wpig-switch-wrapper'><span id='wpig-floating-switch' class='wpig-floating-switch'><img src='http:\/\/rebub.u-bordeaux.fr\/wp-content\/plugins\/sticky-toc-advance-table-of-contents\/\\assets\\menu.png'><\/span><\/div><div id='wpig-contents' class='wpig-contents  wpig-sidebar-widget wpig-style-3'><span class='wpig-headline'>Table des mati\u00e8res<span><a data-action='show' class='wpig-btn-toggledisplay'>[ Show ]<\/a><\/span><\/span><!-- Table of Contents --><div id='wpig-table-of-content' class='wpig-table-of-content'><ol><li class='stoc-faire-une-demande-de-numerisation-pour-un-lecteur-inscrit'><a href='#stoc-faire-une-demande-de-numerisation-pour-un-lecteur-inscrit'>Faire une demande de num\u00e9risation pour un lecteur inscrit<\/a><\/li><li class='stoc-faire-une-demande-pour-un-lecteur-non-inscrit'><a href='#stoc-faire-une-demande-pour-un-lecteur-non-inscrit'>Faire une demande pour un lecteur non inscrit<\/a><\/li><li class='stoc-alma-en-circuits-demandes-de-numerisation'><a href='#stoc-alma-en-circuits-demandes-de-numerisation'>Alma en circuits&nbsp;: demandes de num\u00e9risation<\/a><ol><li class='stoc-demande-de-numerisation-du-lecteur'><a href='#stoc-demande-de-numerisation-du-lecteur'>Demande de num\u00e9risation du lecteur<\/a><\/li><li class='stoc-demande-de-numerisation-du-personnel'><a href='#stoc-demande-de-numerisation-du-personnel'>Demande de num\u00e9risation du personnel<\/a><\/li><\/ol><\/li><\/div><!-- END OF Table of Contents --><\/div><\/div><p><div id='wpig-contents' class='wpig-contents  wpig-sidebar-widget wpig-style-1'><span class='wpig-headline'>Table des mati\u00e8res<span><a data-action='show' class='wpig-btn-toggledisplay'>[ Show ]<\/a><\/span><\/span><!-- Table of Contents --><div id='wpig-table-of-content' class='wpig-table-of-content' ><ol><li class='stoc-faire-une-demande-de-numerisation-pour-un-lecteur-inscrit'><a href='#stoc-faire-une-demande-de-numerisation-pour-un-lecteur-inscrit'>Faire une demande de num\u00e9risation pour un lecteur inscrit<\/a><\/li><li class='stoc-faire-une-demande-pour-un-lecteur-non-inscrit'><a href='#stoc-faire-une-demande-pour-un-lecteur-non-inscrit'>Faire une demande pour un lecteur non inscrit<\/a><\/li><li class='stoc-alma-en-circuits-demandes-de-numerisation'><a href='#stoc-alma-en-circuits-demandes-de-numerisation'>Alma en circuits&nbsp;: demandes de num\u00e9risation<\/a><ol><li class='stoc-demande-de-numerisation-du-lecteur'><a href='#stoc-demande-de-numerisation-du-lecteur'>Demande de num\u00e9risation du lecteur<\/a><\/li><li class='stoc-demande-de-numerisation-du-personnel'><a href='#stoc-demande-de-numerisation-du-personnel'>Demande de num\u00e9risation du personnel<\/a><\/li><\/ol><\/li><\/div><!-- END OF Table of Contents --><\/div><\/p>\n<div class=\"is-layout-flex wp-container-3 wp-block-columns bord-bloc-reutilisable has-background\" style=\"background-color:#ffeec2\">\n<div class=\"is-layout-flow wp-block-column is-vertically-aligned-center\" style=\"flex-basis:7%\">\n<figure class=\"wp-block-image alignfull size-full is-style-default\"><img decoding=\"async\" loading=\"lazy\" width=\"512\" height=\"512\" src=\"https:\/\/rebub.u-bordeaux.fr\/wp-content\/uploads\/2024\/04\/nouvelles-idees-en-cours.png\" alt=\"\" class=\"wp-image-19897\" srcset=\"https:\/\/rebub.u-bordeaux.fr\/wp-content\/uploads\/2024\/04\/nouvelles-idees-en-cours.png 512w, https:\/\/rebub.u-bordeaux.fr\/wp-content\/uploads\/2024\/04\/nouvelles-idees-en-cours-300x300.png 300w, https:\/\/rebub.u-bordeaux.fr\/wp-content\/uploads\/2024\/04\/nouvelles-idees-en-cours-150x150.png 150w\" sizes=\"(max-width: 512px) 100vw, 512px\" \/><\/figure>\n<\/div>\n\n\n\n<div class=\"is-layout-flow wp-block-column is-vertically-aligned-center\" style=\"flex-basis:85%\">\n<p><strong>Note<\/strong> : La num\u00e9risation de document est un service disponible depuis Babord+. Les lecteurs authentifi\u00e9s peuvent formuler leur demande si le document souhait\u00e9 est \u00e9ligible \u00e0 la num\u00e9risation.<\/p>\n<\/div>\n<\/div>\n\n\n\n<p>Dans certains cas, la demande de num\u00e9risation devra \u00eatre faite depuis Alma qui offre \u00e9galement cette possibilit\u00e9.<\/p>\n\n\n\n<h2 id=\"stoc-faire-une-demande-de-numerisation-pour-un-lecteur-inscrit\" class=\"wpig-heading\">Faire une demande de num\u00e9risation pour un lecteur inscrit<\/h2>\n\n\n\n<div class=\"is-layout-flex wp-container-6 wp-block-columns bord-bloc-reutilisable has-background\" style=\"background-color:#ffeec2\">\n<div class=\"is-layout-flow wp-block-column is-vertically-aligned-center\" style=\"flex-basis:7%\">\n<figure class=\"wp-block-image alignfull size-full is-style-default\"><img decoding=\"async\" loading=\"lazy\" width=\"512\" height=\"512\" src=\"https:\/\/rebub.u-bordeaux.fr\/wp-content\/uploads\/2024\/04\/nouvelles-idees-en-cours.png\" alt=\"\" class=\"wp-image-19897\" srcset=\"https:\/\/rebub.u-bordeaux.fr\/wp-content\/uploads\/2024\/04\/nouvelles-idees-en-cours.png 512w, https:\/\/rebub.u-bordeaux.fr\/wp-content\/uploads\/2024\/04\/nouvelles-idees-en-cours-300x300.png 300w, https:\/\/rebub.u-bordeaux.fr\/wp-content\/uploads\/2024\/04\/nouvelles-idees-en-cours-150x150.png 150w\" sizes=\"(max-width: 512px) 100vw, 512px\" \/><\/figure>\n<\/div>\n\n\n\n<div class=\"is-layout-flow wp-block-column is-vertically-aligned-center\" style=\"flex-basis:85%\">\n<p><strong>Note<\/strong> : Dans quel cas utiliser cette proc\u00e9dure : le lecteur est inscrit dans un \u00e9tablissement et poss\u00e8de un compte dans Alma.<\/p>\n<\/div>\n<\/div>\n\n\n\n<p>Depuis le titre, cliquer sur le bouton <a href=\"http:\/\/rebub.u-bordeaux.fr\/wp-content\/uploads\/2018\/06\/bouton-actions-suppl\u00e9mentaires.jpg\"><img decoding=\"async\" loading=\"lazy\" class=\"size-full wp-image-3417 alignnone\" src=\"http:\/\/rebub.u-bordeaux.fr\/wp-content\/uploads\/2018\/06\/bouton-actions-suppl\u00e9mentaires.jpg\" alt=\"\" width=\"52\" height=\"35\"><\/a> et choisir \u00ab\u00a0Demande\u00a0\u00bb :<\/p>\n\n\n<div class=\"wp-block-image\">\n<figure class=\"aligncenter\"><a href=\"http:\/\/rebub.u-bordeaux.fr\/wp-content\/uploads\/2021\/06\/Demande-num\u00e9risation-lecteur_Bouton-demande.png\" target=\"_blank\" rel=\"noopener noreferrer\"><img decoding=\"async\" loading=\"lazy\" width=\"4023\" height=\"1497\" src=\"http:\/\/rebub.u-bordeaux.fr\/wp-content\/uploads\/2021\/06\/Demande-num\u00e9risation-lecteur_Bouton-demande.png\" alt=\"\" class=\"wp-image-12219\" srcset=\"https:\/\/rebub.u-bordeaux.fr\/wp-content\/uploads\/2021\/06\/Demande-num\u00e9risation-lecteur_Bouton-demande.png 4023w, https:\/\/rebub.u-bordeaux.fr\/wp-content\/uploads\/2021\/06\/Demande-num\u00e9risation-lecteur_Bouton-demande-300x112.png 300w, https:\/\/rebub.u-bordeaux.fr\/wp-content\/uploads\/2021\/06\/Demande-num\u00e9risation-lecteur_Bouton-demande-1024x381.png 1024w, https:\/\/rebub.u-bordeaux.fr\/wp-content\/uploads\/2021\/06\/Demande-num\u00e9risation-lecteur_Bouton-demande-768x286.png 768w, https:\/\/rebub.u-bordeaux.fr\/wp-content\/uploads\/2021\/06\/Demande-num\u00e9risation-lecteur_Bouton-demande-1536x572.png 1536w, https:\/\/rebub.u-bordeaux.fr\/wp-content\/uploads\/2021\/06\/Demande-num\u00e9risation-lecteur_Bouton-demande-2048x762.png 2048w\" sizes=\"(max-width: 4023px) 100vw, 4023px\" \/><\/a><\/figure><\/div>\n\n\n<p>Sur la page suivante, choisir \u00ab\u00a0Demande de num\u00e9risation du lecteur\u00a0\u00bb dans la liste :<\/p>\n\n\n<div class=\"wp-block-image\">\n<figure class=\"aligncenter\"><a href=\"http:\/\/rebub.u-bordeaux.fr\/wp-content\/uploads\/2021\/06\/Demande-num\u00e9risation-lecteur_Demande-num\u00e9risation.png\" target=\"_blank\" rel=\"noopener noreferrer\"><img decoding=\"async\" loading=\"lazy\" width=\"2964\" height=\"1622\" src=\"http:\/\/rebub.u-bordeaux.fr\/wp-content\/uploads\/2021\/06\/Demande-num\u00e9risation-lecteur_Demande-num\u00e9risation.png\" alt=\"\" class=\"wp-image-12220\" srcset=\"https:\/\/rebub.u-bordeaux.fr\/wp-content\/uploads\/2021\/06\/Demande-num\u00e9risation-lecteur_Demande-num\u00e9risation.png 2964w, https:\/\/rebub.u-bordeaux.fr\/wp-content\/uploads\/2021\/06\/Demande-num\u00e9risation-lecteur_Demande-num\u00e9risation-300x164.png 300w, https:\/\/rebub.u-bordeaux.fr\/wp-content\/uploads\/2021\/06\/Demande-num\u00e9risation-lecteur_Demande-num\u00e9risation-1024x560.png 1024w, https:\/\/rebub.u-bordeaux.fr\/wp-content\/uploads\/2021\/06\/Demande-num\u00e9risation-lecteur_Demande-num\u00e9risation-768x420.png 768w, https:\/\/rebub.u-bordeaux.fr\/wp-content\/uploads\/2021\/06\/Demande-num\u00e9risation-lecteur_Demande-num\u00e9risation-1536x841.png 1536w, https:\/\/rebub.u-bordeaux.fr\/wp-content\/uploads\/2021\/06\/Demande-num\u00e9risation-lecteur_Demande-num\u00e9risation-2048x1121.png 2048w\" sizes=\"(max-width: 2964px) 100vw, 2964px\" \/><\/a><\/figure><\/div>\n\n\n<p>Un formulaire s&rsquo;ouvre :<\/p>\n\n\n<div class=\"wp-block-image\">\n<figure class=\"aligncenter\"><a href=\"http:\/\/rebub.u-bordeaux.fr\/wp-content\/uploads\/2021\/06\/Demande-num\u00e9risation-lecteur_Formulaire-et-soumettre.png\" target=\"_blank\" rel=\"noopener noreferrer\"><img decoding=\"async\" loading=\"lazy\" width=\"4782\" height=\"1838\" src=\"http:\/\/rebub.u-bordeaux.fr\/wp-content\/uploads\/2021\/06\/Demande-num\u00e9risation-lecteur_Formulaire-et-soumettre.png\" alt=\"\" class=\"wp-image-12218\" srcset=\"https:\/\/rebub.u-bordeaux.fr\/wp-content\/uploads\/2021\/06\/Demande-num\u00e9risation-lecteur_Formulaire-et-soumettre.png 4782w, https:\/\/rebub.u-bordeaux.fr\/wp-content\/uploads\/2021\/06\/Demande-num\u00e9risation-lecteur_Formulaire-et-soumettre-300x115.png 300w, https:\/\/rebub.u-bordeaux.fr\/wp-content\/uploads\/2021\/06\/Demande-num\u00e9risation-lecteur_Formulaire-et-soumettre-1024x394.png 1024w, https:\/\/rebub.u-bordeaux.fr\/wp-content\/uploads\/2021\/06\/Demande-num\u00e9risation-lecteur_Formulaire-et-soumettre-768x295.png 768w, https:\/\/rebub.u-bordeaux.fr\/wp-content\/uploads\/2021\/06\/Demande-num\u00e9risation-lecteur_Formulaire-et-soumettre-1536x590.png 1536w, https:\/\/rebub.u-bordeaux.fr\/wp-content\/uploads\/2021\/06\/Demande-num\u00e9risation-lecteur_Formulaire-et-soumettre-2048x787.png 2048w\" sizes=\"(max-width: 4782px) 100vw, 4782px\" \/><\/a><\/figure><\/div>\n\n\n<ol>\n<li>Scanner la carte du lecteur ou saisir son nom<\/li>\n\n\n\n<li>Ne pas modifier la destination cible qui doit \u00eatre l&rsquo;atelier de num\u00e9risation.<\/li>\n<\/ol>\n\n\n\n<p>Si la demande ne concerne pas le document entier, cliquer sur \u00ab\u00a0num\u00e9risation partielle\u00a0\u00bb afin de faire appara\u00eetre les champs qui permettront de pr\u00e9ciser la demande :<\/p>\n\n\n<div class=\"wp-block-image\">\n<figure class=\"aligncenter\"><a href=\"http:\/\/rebub.u-bordeaux.fr\/wp-content\/uploads\/2021\/06\/Demande-num\u00e9risation-lecteur_Num\u00e9risation-partielle.png\" target=\"_blank\" rel=\"noreferrer noopener\"><img decoding=\"async\" loading=\"lazy\" width=\"2220\" height=\"2308\" src=\"http:\/\/rebub.u-bordeaux.fr\/wp-content\/uploads\/2021\/06\/Demande-num\u00e9risation-lecteur_Num\u00e9risation-partielle.png\" alt=\"\" class=\"wp-image-12221\" srcset=\"https:\/\/rebub.u-bordeaux.fr\/wp-content\/uploads\/2021\/06\/Demande-num\u00e9risation-lecteur_Num\u00e9risation-partielle.png 2220w, https:\/\/rebub.u-bordeaux.fr\/wp-content\/uploads\/2021\/06\/Demande-num\u00e9risation-lecteur_Num\u00e9risation-partielle-289x300.png 289w, https:\/\/rebub.u-bordeaux.fr\/wp-content\/uploads\/2021\/06\/Demande-num\u00e9risation-lecteur_Num\u00e9risation-partielle-985x1024.png 985w, https:\/\/rebub.u-bordeaux.fr\/wp-content\/uploads\/2021\/06\/Demande-num\u00e9risation-lecteur_Num\u00e9risation-partielle-768x798.png 768w, https:\/\/rebub.u-bordeaux.fr\/wp-content\/uploads\/2021\/06\/Demande-num\u00e9risation-lecteur_Num\u00e9risation-partielle-1477x1536.png 1477w, https:\/\/rebub.u-bordeaux.fr\/wp-content\/uploads\/2021\/06\/Demande-num\u00e9risation-lecteur_Num\u00e9risation-partielle-1970x2048.png 1970w\" sizes=\"(max-width: 2220px) 100vw, 2220px\" \/><\/a><\/figure><\/div>\n\n\n<p>Cliquer sur le bouton \u00ab\u00a0Soumettre\u00a0\u00bb.<\/p>\n\n\n\n<h2 id=\"stoc-faire-une-demande-pour-un-lecteur-non-inscrit\" class=\"wpig-heading\">Faire une demande pour un lecteur non inscrit<\/h2>\n\n\n\n<div class=\"is-layout-flex wp-container-9 wp-block-columns bord-bloc-reutilisable has-background\" style=\"background-color:#ffeec2\">\n<div class=\"is-layout-flow wp-block-column is-vertically-aligned-center\" style=\"flex-basis:7%\">\n<figure class=\"wp-block-image alignfull size-full is-style-default\"><img decoding=\"async\" loading=\"lazy\" width=\"512\" height=\"512\" src=\"https:\/\/rebub.u-bordeaux.fr\/wp-content\/uploads\/2024\/04\/nouvelles-idees-en-cours.png\" alt=\"\" class=\"wp-image-19897\" srcset=\"https:\/\/rebub.u-bordeaux.fr\/wp-content\/uploads\/2024\/04\/nouvelles-idees-en-cours.png 512w, https:\/\/rebub.u-bordeaux.fr\/wp-content\/uploads\/2024\/04\/nouvelles-idees-en-cours-300x300.png 300w, https:\/\/rebub.u-bordeaux.fr\/wp-content\/uploads\/2024\/04\/nouvelles-idees-en-cours-150x150.png 150w\" sizes=\"(max-width: 512px) 100vw, 512px\" \/><\/figure>\n<\/div>\n\n\n\n<div class=\"is-layout-flow wp-block-column is-vertically-aligned-center\" style=\"flex-basis:85%\">\n<p><strong>Note<\/strong> : Dans quel cas utiliser cette proc\u00e9dure : le lecteur n&rsquo;est pas inscrit dans un \u00e9tablissement du r\u00e9seau et ne poss\u00e8de pas de compte dans Alma.<\/p>\n<\/div>\n<\/div>\n\n\n\n<div class=\"is-layout-flex wp-container-12 wp-block-columns bord-bloc-reutilisable has-background\" style=\"background-color:#ffeec2\">\n<div class=\"is-layout-flow wp-block-column is-vertically-aligned-center\" style=\"flex-basis:7%\">\n<figure class=\"wp-block-image alignfull size-full is-style-default\"><img decoding=\"async\" loading=\"lazy\" width=\"512\" height=\"512\" src=\"https:\/\/rebub.u-bordeaux.fr\/wp-content\/uploads\/2024\/04\/nouvelles-idees-en-cours.png\" alt=\"\" class=\"wp-image-19897\" srcset=\"https:\/\/rebub.u-bordeaux.fr\/wp-content\/uploads\/2024\/04\/nouvelles-idees-en-cours.png 512w, https:\/\/rebub.u-bordeaux.fr\/wp-content\/uploads\/2024\/04\/nouvelles-idees-en-cours-300x300.png 300w, https:\/\/rebub.u-bordeaux.fr\/wp-content\/uploads\/2024\/04\/nouvelles-idees-en-cours-150x150.png 150w\" sizes=\"(max-width: 512px) 100vw, 512px\" \/><\/figure>\n<\/div>\n\n\n\n<div class=\"is-layout-flow wp-block-column is-vertically-aligned-center\" style=\"flex-basis:85%\">\n<p><strong>Astuce : <\/strong>Avantage de cette m\u00e9thode : elle va \u00e9galement vous permettre de formuler des demandes de num\u00e9risations sur des documents sur lesquels le service n&rsquo;est pas ouvert.<\/p>\n<\/div>\n<\/div>\n\n\n\n<p>Depuis le titre, cliquer sur le bouton <a href=\"http:\/\/rebub.u-bordeaux.fr\/wp-content\/uploads\/2018\/06\/bouton-actions-suppl\u00e9mentaires.jpg\"><img decoding=\"async\" loading=\"lazy\" class=\"size-full wp-image-3417 alignnone\" src=\"http:\/\/rebub.u-bordeaux.fr\/wp-content\/uploads\/2018\/06\/bouton-actions-suppl\u00e9mentaires.jpg\" alt=\"\" width=\"52\" height=\"35\"><\/a> et choisir \u00ab\u00a0Demande\u00a0\u00bb :<\/p>\n\n\n<div class=\"wp-block-image\">\n<figure class=\"aligncenter\"><a href=\"http:\/\/rebub.u-bordeaux.fr\/wp-content\/uploads\/2021\/06\/Untitled-12.png\" target=\"_blank\" rel=\"noopener noreferrer\"><img decoding=\"async\" loading=\"lazy\" width=\"1513\" height=\"574\" src=\"http:\/\/rebub.u-bordeaux.fr\/wp-content\/uploads\/2021\/06\/Untitled-12.png\" alt=\"\" class=\"wp-image-12223\" srcset=\"https:\/\/rebub.u-bordeaux.fr\/wp-content\/uploads\/2021\/06\/Untitled-12.png 1513w, https:\/\/rebub.u-bordeaux.fr\/wp-content\/uploads\/2021\/06\/Untitled-12-300x114.png 300w, https:\/\/rebub.u-bordeaux.fr\/wp-content\/uploads\/2021\/06\/Untitled-12-1024x388.png 1024w, https:\/\/rebub.u-bordeaux.fr\/wp-content\/uploads\/2021\/06\/Untitled-12-768x291.png 768w\" sizes=\"(max-width: 1513px) 100vw, 1513px\" \/><\/a><\/figure><\/div>\n\n\n<p>Le type de demande \u00e0 choisir est \u00ab\u00a0Demande de num\u00e9risation du personnel\u00a0\u00bb :<\/p>\n\n\n<div class=\"wp-block-image\">\n<figure class=\"aligncenter\"><a href=\"http:\/\/rebub.u-bordeaux.fr\/wp-content\/uploads\/2021\/06\/Untitled-13.png\" target=\"_blank\" rel=\"noopener noreferrer\"><img decoding=\"async\" loading=\"lazy\" width=\"1513\" height=\"990\" src=\"http:\/\/rebub.u-bordeaux.fr\/wp-content\/uploads\/2021\/06\/Untitled-13.png\" alt=\"\" class=\"wp-image-12224\" srcset=\"https:\/\/rebub.u-bordeaux.fr\/wp-content\/uploads\/2021\/06\/Untitled-13.png 1513w, https:\/\/rebub.u-bordeaux.fr\/wp-content\/uploads\/2021\/06\/Untitled-13-300x196.png 300w, https:\/\/rebub.u-bordeaux.fr\/wp-content\/uploads\/2021\/06\/Untitled-13-1024x670.png 1024w, https:\/\/rebub.u-bordeaux.fr\/wp-content\/uploads\/2021\/06\/Untitled-13-768x503.png 768w\" sizes=\"(max-width: 1513px) 100vw, 1513px\" \/><\/a><\/figure><\/div>\n\n\n<p>Dans ce formulaire, laisser la destination cible sur \u00ab\u00a0Atelier de num\u00e9risation\u00a0\u00bb.<\/p>\n\n\n\n<p>La section \u00ab\u00a0Attributs de num\u00e9risation\u00a0\u00bb va permettre d&rsquo;affiner la demande si n\u00e9cessaire (et si le lecteur a apport\u00e9 des pr\u00e9cisions sur la num\u00e9risation qu&rsquo;il souhaite).<\/p>\n\n\n\n<p>Cliquer sur \u00ab\u00a0Soumettre\u00a0\u00bb une fois la saisie du formulaire termin\u00e9e.<\/p>\n\n\n\n<hr class=\"wp-block-separator has-alpha-channel-opacity\"\/>\n\n\n\n<h2 id=\"stoc-alma-en-circuits-demandes-de-numerisation\" class=\"wpig-heading\">Alma en circuits&nbsp;: demandes de num\u00e9risation<\/h2>\n\n\n\n<h3 id=\"stoc-demande-de-numerisation-du-lecteur\" class=\"wpig-heading\">Demande de num\u00e9risation du lecteur<\/h3>\n\n\n<div class=\"wp-block-image\">\n<figure class=\"aligncenter size-full\"><img decoding=\"async\" loading=\"lazy\" width=\"741\" height=\"266\" src=\"https:\/\/rebub.u-bordeaux.fr\/wp-content\/uploads\/2026\/02\/Processus-demande-de-numerisation-dun-document_lecteur-1.png\" alt=\"\" class=\"wp-image-24642\" srcset=\"https:\/\/rebub.u-bordeaux.fr\/wp-content\/uploads\/2026\/02\/Processus-demande-de-numerisation-dun-document_lecteur-1.png 741w, https:\/\/rebub.u-bordeaux.fr\/wp-content\/uploads\/2026\/02\/Processus-demande-de-numerisation-dun-document_lecteur-1-300x108.png 300w\" sizes=\"(max-width: 741px) 100vw, 741px\" \/><\/figure><\/div>\n\n\n<p>Un document est en <strong>rayon<\/strong>. Un lecteur effectue une demande de num\u00e9risation. Une fois cette derni\u00e8re valid\u00e9e, l\u2019exemplaire prend le statut \u00ab&nbsp;<strong>Pas en rayon<\/strong>&nbsp;\u00bb dans Alma et est indiqu\u00e9 en <strong>demande de num\u00e9risation du lecteur<\/strong>. L\u2019affichage dans Babord+ indique que le document est indisponible et affiche \u00e9galement la mention \u00ab&nbsp;<strong>Demande de num\u00e9risation du lecteur&nbsp;<\/strong>\u00bb. <\/p>\n\n\n\n<p>Une fois la demande de num\u00e9risation termin\u00e9e ou annul\u00e9e, le document repasse en rayon et est de nouveau affich\u00e9 \u00ab&nbsp;<strong>Disponible<\/strong>&nbsp;\u00bb et \u00ab&nbsp;<strong>Pr\u00eatable<\/strong>&nbsp;\u00bb dans Babord+.<\/p>\n\n\n\n<h3 id=\"stoc-demande-de-numerisation-du-personnel\" class=\"wpig-heading\">Demande de num\u00e9risation du personnel<\/h3>\n\n\n\n<div class=\"is-layout-flex wp-container-15 wp-block-columns bord-bloc-reutilisable has-background\" style=\"background-color:#ffeec2\">\n<div class=\"is-layout-flow wp-block-column is-vertically-aligned-center\" style=\"flex-basis:7%\">\n<figure class=\"wp-block-image alignfull size-full is-style-default\"><img decoding=\"async\" loading=\"lazy\" width=\"512\" height=\"512\" src=\"https:\/\/rebub.u-bordeaux.fr\/wp-content\/uploads\/2024\/04\/nouvelles-idees-en-cours.png\" alt=\"\" class=\"wp-image-19897\" srcset=\"https:\/\/rebub.u-bordeaux.fr\/wp-content\/uploads\/2024\/04\/nouvelles-idees-en-cours.png 512w, https:\/\/rebub.u-bordeaux.fr\/wp-content\/uploads\/2024\/04\/nouvelles-idees-en-cours-300x300.png 300w, https:\/\/rebub.u-bordeaux.fr\/wp-content\/uploads\/2024\/04\/nouvelles-idees-en-cours-150x150.png 150w\" sizes=\"(max-width: 512px) 100vw, 512px\" \/><\/figure>\n<\/div>\n\n\n\n<div class=\"is-layout-flow wp-block-column is-vertically-aligned-center\" style=\"flex-basis:85%\">\n<p>Ce type de demande peut \u00e9galement \u00eatre utilis\u00e9 pour une personne non inscrite \u00e0 l&rsquo;universit\u00e9<\/p>\n<\/div>\n<\/div>\n\n\n<div class=\"wp-block-image\">\n<figure class=\"aligncenter size-full\"><img decoding=\"async\" loading=\"lazy\" width=\"741\" height=\"266\" src=\"https:\/\/rebub.u-bordeaux.fr\/wp-content\/uploads\/2026\/02\/Processus-demande-de-numerisation-dun-document_personnel-1.png\" alt=\"\" class=\"wp-image-24643\" srcset=\"https:\/\/rebub.u-bordeaux.fr\/wp-content\/uploads\/2026\/02\/Processus-demande-de-numerisation-dun-document_personnel-1.png 741w, https:\/\/rebub.u-bordeaux.fr\/wp-content\/uploads\/2026\/02\/Processus-demande-de-numerisation-dun-document_personnel-1-300x108.png 300w\" sizes=\"(max-width: 741px) 100vw, 741px\" \/><\/figure><\/div>\n\n\n<p>Un document est en <strong>rayon<\/strong>. Un personnel effectue une demande de num\u00e9risation. Une fois l\u2019exemplaire scann\u00e9 pour la satisfaire, il prend le statut \u00ab\u00a0<strong>Pas en rayon<\/strong>\u00a0\u00bb dans Alma et le pro\u00e9cessus <strong>demande de num\u00e9risation du personnel<\/strong>. L\u2019affichage dans Babord+ indique que le document est indisponible et affiche \u00e9galement la mention \u00ab\u00a0<strong>Demande de num\u00e9risation du personnel\u00a0<\/strong>\u00bb. <\/p>\n\n\n\n<p>Une fois la demande de num\u00e9risation termin\u00e9e ou annul\u00e9e, le document repasse en rayon&nbsp;; il est de nouveau affich\u00e9 \u00ab&nbsp;<strong>Disponible<\/strong>&nbsp;\u00bb et \u00ab&nbsp;<strong>Pr\u00eatable<\/strong>&nbsp;\u00bb dans Babord+.<\/p>\n\n\n\n<div class=\"is-layout-flex wp-container-21 wp-block-columns bord-bloc-reutilisable has-background\" style=\"background-color:#d9edf7\">\n<div class=\"is-layout-flow wp-block-column is-vertically-aligned-center\" style=\"font-size:15px;flex-basis:20%\">\n<p style=\"font-size:15px\"><strong>Date de publication<\/strong> <\/p>\n\n\n<div style=\"font-size:15px;\" class=\"wp-block-post-date\"><time datetime=\"2024-03-22T09:32:47+01:00\">22 mars 2024<\/time><\/div><\/div>\n\n\n\n<div class=\"is-layout-flow wp-block-column is-vertically-aligned-center\" style=\"font-size:15px;flex-basis:20%\">\n<p><strong>Mis \u00e0 jour le <\/strong><\/p>\n\n\n<div style=\"font-size:15px;\" class=\"wp-block-post-date\"><time datetime=\"2026-02-06T16:43:21+01:00\">6 f\u00e9vrier 2026<\/time><\/div><\/div>\n\n\n\n<div class=\"is-layout-flow wp-block-column is-vertically-aligned-center\" style=\"font-size:15px;flex-basis:40%\">\n<p><\/p>\n\n\n\n<p><strong>Attention ! <\/strong>Certains \u00e9tablissements utilisent parfois de proc\u00e9dures compl\u00e9mentaires <\/p>\n<\/div>\n\n\n\n<div class=\"is-layout-flow wp-block-column is-vertically-aligned-center\" style=\"font-size:15px;flex-basis:25%\">\n<div class=\"is-horizontal is-content-justification-center is-layout-flex wp-container-19 wp-block-buttons alignfull has-custom-font-size\" style=\"font-size:16px\">\n<div class=\"wp-block-button has-custom-width wp-block-button__width-75 has-custom-font-size is-style-fill\" style=\"font-size:15px\"><a class=\"wp-block-button__link has-white-color has-text-color has-background wp-element-button\" href=\"mailto:scoop@u-bordeaux.fr\" style=\"border-radius:65px;background-color:#000000db\"><strong>Signaler une erreur<\/strong><\/a><\/div>\n<\/div>\n<\/div>\n<\/div>\n","protected":false},"excerpt":{"rendered":"<p>Table des mati\u00e8res[ Show ]Faire une demande de num\u00e9risation pour un lecteur inscritFaire une demande pour un lecteur non inscritAlma en circuits&nbsp;: demandes de num\u00e9risationDemande de num\u00e9risation du lecteurDemande de num\u00e9risation du personnelNote : La num\u00e9risation de document est un&#8230;<\/p>\n","protected":false},"author":46,"featured_media":0,"parent":18471,"menu_order":0,"comment_status":"closed","ping_status":"closed","template":"","meta":[],"post_mailing_queue_ids":[],"_links":{"self":[{"href":"http:\/\/rebub.u-bordeaux.fr\/index.php\/wp-json\/wp\/v2\/pages\/18525"}],"collection":[{"href":"http:\/\/rebub.u-bordeaux.fr\/index.php\/wp-json\/wp\/v2\/pages"}],"about":[{"href":"http:\/\/rebub.u-bordeaux.fr\/index.php\/wp-json\/wp\/v2\/types\/page"}],"author":[{"embeddable":true,"href":"http:\/\/rebub.u-bordeaux.fr\/index.php\/wp-json\/wp\/v2\/users\/46"}],"replies":[{"embeddable":true,"href":"http:\/\/rebub.u-bordeaux.fr\/index.php\/wp-json\/wp\/v2\/comments?post=18525"}],"version-history":[{"count":6,"href":"http:\/\/rebub.u-bordeaux.fr\/index.php\/wp-json\/wp\/v2\/pages\/18525\/revisions"}],"predecessor-version":[{"id":24644,"href":"http:\/\/rebub.u-bordeaux.fr\/index.php\/wp-json\/wp\/v2\/pages\/18525\/revisions\/24644"}],"up":[{"embeddable":true,"href":"http:\/\/rebub.u-bordeaux.fr\/index.php\/wp-json\/wp\/v2\/pages\/18471"}],"wp:attachment":[{"href":"http:\/\/rebub.u-bordeaux.fr\/index.php\/wp-json\/wp\/v2\/media?parent=18525"}],"curies":[{"name":"wp","href":"https:\/\/api.w.org\/{rel}","templated":true}]}}