	{"id":18526,"date":"2024-03-22T09:32:48","date_gmt":"2024-03-22T08:32:48","guid":{"rendered":"https:\/\/rebub.u-bordeaux.fr\/?page_id=18526"},"modified":"2026-02-06T15:30:41","modified_gmt":"2026-02-06T14:30:41","slug":"traiter-une-demande-de-numerisation","status":"publish","type":"page","link":"http:\/\/rebub.u-bordeaux.fr\/index.php\/alma\/procedures\/services-aux-usagers\/demandes-de-numerisation\/traiter-une-demande-de-numerisation\/","title":{"rendered":"Traiter une demande de num\u00e9risation"},"content":{"rendered":"<div id='wpig-floatingbar' class='wpig-floatingbar'><div id='wpig-switch-wrapper' class='wpig-switch-wrapper'><span id='wpig-floating-switch' class='wpig-floating-switch'><img src='http:\/\/rebub.u-bordeaux.fr\/wp-content\/plugins\/sticky-toc-advance-table-of-contents\/\\assets\\menu.png'><\/span><\/div><div id='wpig-contents' class='wpig-contents  wpig-sidebar-widget wpig-style-3'><span class='wpig-headline'>Table des mati\u00e8res<span><a data-action='show' class='wpig-btn-toggledisplay'>[ Show ]<\/a><\/span><\/span><!-- Table of Contents --><div id='wpig-table-of-content' class='wpig-table-of-content'><ol><li class='stoc-etape-1-depuis-la-bibliotheque'><a href='#stoc-etape-1-depuis-la-bibliotheque'>\u00c9tape 1 : depuis la biblioth\u00e8que<\/a><\/li><li class='stoc-etape-2-depuis-latelier-de-numerisation'><a href='#stoc-etape-2-depuis-latelier-de-numerisation'>\u00c9tape 2 : depuis l&rsquo;atelier de num\u00e9risation<\/a><\/li><li class='stoc-etape-3-depuis-la-bibliotheque-proprietaire'><a href='#stoc-etape-3-depuis-la-bibliotheque-proprietaire'>\u00c9tape 3 : depuis la biblioth\u00e8que propri\u00e9taire<\/a><\/li><\/ol><\/div><!-- END OF Table of Contents --><\/div><\/div><p><div id='wpig-contents' class='wpig-contents  wpig-sidebar-widget wpig-style-1'><span class='wpig-headline'>Table des mati\u00e8res<span><a data-action='show' class='wpig-btn-toggledisplay'>[ Show ]<\/a><\/span><\/span><!-- Table of Contents --><div id='wpig-table-of-content' class='wpig-table-of-content' ><ol><li class='stoc-etape-1-depuis-la-bibliotheque'><a href='#stoc-etape-1-depuis-la-bibliotheque'>\u00c9tape 1 : depuis la biblioth\u00e8que<\/a><\/li><li class='stoc-etape-2-depuis-latelier-de-numerisation'><a href='#stoc-etape-2-depuis-latelier-de-numerisation'>\u00c9tape 2 : depuis l&rsquo;atelier de num\u00e9risation<\/a><\/li><li class='stoc-etape-3-depuis-la-bibliotheque-proprietaire'><a href='#stoc-etape-3-depuis-la-bibliotheque-proprietaire'>\u00c9tape 3 : depuis la biblioth\u00e8que propri\u00e9taire<\/a><\/li><\/ol><\/div><!-- END OF Table of Contents --><\/div><\/p>\n<div class=\"is-layout-flex wp-container-4 wp-block-columns bord-bloc-reutilisable has-background\" style=\"background-color:#ff303047\">\n<div class=\"is-layout-flow wp-block-column is-vertically-aligned-center\" style=\"flex-basis:7%\">\n<figure class=\"wp-block-image alignfull size-full\"><img decoding=\"async\" loading=\"lazy\" width=\"512\" height=\"512\" src=\"https:\/\/rebub.u-bordeaux.fr\/wp-content\/uploads\/2024\/04\/point-dexclamation.png\" alt=\"\" class=\"wp-image-19898\" srcset=\"https:\/\/rebub.u-bordeaux.fr\/wp-content\/uploads\/2024\/04\/point-dexclamation.png 512w, https:\/\/rebub.u-bordeaux.fr\/wp-content\/uploads\/2024\/04\/point-dexclamation-300x300.png 300w, https:\/\/rebub.u-bordeaux.fr\/wp-content\/uploads\/2024\/04\/point-dexclamation-150x150.png 150w\" sizes=\"(max-width: 512px) 100vw, 512px\" \/><\/figure>\n<\/div>\n\n\n\n<div class=\"is-layout-flow wp-block-column is-vertically-aligned-center\" style=\"flex-basis:52%\">\n<p class=\"has-text-align-left\"><strong>Attention !<\/strong> Avant toute op\u00e9ration, v\u00e9rifier que l&rsquo;on est localis\u00e9 \u00e0 un bureau de pr\u00eat de la biblioth\u00e8que dans laquelle vous vous trouvez.<br>Cliquer sur l&rsquo;ic\u00f4ne <img decoding=\"async\" style=\"width: 27px;\" src=\"http:\/\/rebub.u-bordeaux.fr\/wp-content\/uploads\/2018\/06\/Icone-localisation.png\" alt=\"\"> dans la barre de navigation principale d&rsquo;Alma et choisir son bureau de pr\u00eat.<br>Si l&rsquo;on coche le bouton \u00ab\u00a0Toujours afficher la localisation actuelle\u00a0\u00bb, la localisation appara\u00eet toujours sur la barre de navigation principale \u00e0 la place du bouton <img decoding=\"async\" src=\"http:\/\/rebub.u-bordeaux.fr\/wp-content\/uploads\/2018\/06\/Icone-localisation.png\" alt=\"\" style=\"width: 27px;\"><br><\/p>\n<\/div>\n\n\n\n<div class=\"is-layout-flow wp-block-column is-vertically-aligned-center\"><div class=\"wp-block-image\">\n<figure class=\"aligncenter size-full is-resized\"><img decoding=\"async\" loading=\"lazy\" src=\"https:\/\/rebub.u-bordeaux.fr\/wp-content\/uploads\/2024\/04\/Localisation-1.png\" alt=\"\" class=\"wp-image-20156\" width=\"255\" height=\"208\" srcset=\"https:\/\/rebub.u-bordeaux.fr\/wp-content\/uploads\/2024\/04\/Localisation-1.png 329w, https:\/\/rebub.u-bordeaux.fr\/wp-content\/uploads\/2024\/04\/Localisation-1-300x245.png 300w\" sizes=\"(max-width: 255px) 100vw, 255px\" \/><\/figure><\/div><\/div>\n<\/div>\n\n\n\n<p>En amont, une demande de num\u00e9risation a \u00e9t\u00e9 formul\u00e9e via le catalogue Babord + ou l&rsquo;interface professionnelle Alma.<\/p>\n\n\n\n<h2 id=\"stoc-etape-1-depuis-la-bibliotheque\" class=\"wpig-heading\">\u00c9tape 1 : depuis la biblioth\u00e8que<\/h2>\n\n\n\n<p>La demande de num\u00e9risation s&rsquo;imprime et nous la retrouvons sur la page \u00ab\u00a0Prendre en rayon\u00a0\u00bb du menu des \u00ab\u00a0Services aux usagers\u00a0\u00bb :<\/p>\n\n\n<div class=\"wp-block-image\">\n<figure class=\"aligncenter\"><a href=\"http:\/\/rebub.u-bordeaux.fr\/wp-content\/uploads\/2021\/06\/Untitled.png\" target=\"_blank\" rel=\"noopener noreferrer\"><img decoding=\"async\" loading=\"lazy\" width=\"1513\" height=\"469\" src=\"http:\/\/rebub.u-bordeaux.fr\/wp-content\/uploads\/2021\/06\/Untitled.png\" alt=\"\" class=\"wp-image-12190\" srcset=\"https:\/\/rebub.u-bordeaux.fr\/wp-content\/uploads\/2021\/06\/Untitled.png 1513w, https:\/\/rebub.u-bordeaux.fr\/wp-content\/uploads\/2021\/06\/Untitled-300x93.png 300w, https:\/\/rebub.u-bordeaux.fr\/wp-content\/uploads\/2021\/06\/Untitled-1024x317.png 1024w, https:\/\/rebub.u-bordeaux.fr\/wp-content\/uploads\/2021\/06\/Untitled-768x238.png 768w\" sizes=\"(max-width: 1513px) 100vw, 1513px\" \/><\/a><\/figure><\/div>\n\n\n<div class=\"is-layout-constrained wp-block-group bord-bloc-reutilisable\"><div class=\"wp-block-group__inner-container\">\n<div class=\"is-layout-flex wp-container-7 wp-block-columns alignfull bord-bloc-reutilisable has-background\" style=\"background-color:#ff303047\">\n<div class=\"is-layout-flow wp-block-column is-vertically-aligned-center\" style=\"flex-basis:7%\">\n<figure class=\"wp-block-image alignfull size-full\"><img decoding=\"async\" loading=\"lazy\" width=\"512\" height=\"512\" src=\"https:\/\/rebub.u-bordeaux.fr\/wp-content\/uploads\/2024\/04\/point-dexclamation.png\" alt=\"\" class=\"wp-image-19898\" srcset=\"https:\/\/rebub.u-bordeaux.fr\/wp-content\/uploads\/2024\/04\/point-dexclamation.png 512w, https:\/\/rebub.u-bordeaux.fr\/wp-content\/uploads\/2024\/04\/point-dexclamation-300x300.png 300w, https:\/\/rebub.u-bordeaux.fr\/wp-content\/uploads\/2024\/04\/point-dexclamation-150x150.png 150w\" sizes=\"(max-width: 512px) 100vw, 512px\" \/><\/figure>\n<\/div>\n\n\n\n<div class=\"is-layout-flow wp-block-column is-vertically-aligned-center\" style=\"flex-basis:85%\">\n<p><strong>Attention !<\/strong> Attendre que le service du patrimoine documentaire entre en contact avec vous avant de sortir le document des collections.<\/p>\n\n\n\n<p>Le service du patrimoine documentaire v\u00e9rifie d&rsquo;abord si le document est disponible en ligne sur une autre plateforme.<\/p>\n<\/div>\n<\/div>\n<\/div><\/div>\n\n\n\n<p>S&rsquo;il n&rsquo;existe pas de version num\u00e9riser en ligne, le service du patrimoine se rendra sur placer pour v\u00e9rifier l&rsquo;\u00e9tat du document et d\u00e9cider s&rsquo;il est num\u00e9risable.<\/p>\n\n\n\n<p>Si la num\u00e9risation est confirm\u00e9e, sortir de document de sont emplacement puis le scanner depuis la page \u00ab\u00a0Scanner les exemplaires\u00a0\u00bb du menu \u00ab\u00a0Services aux usagers\u00a0\u00bb :<\/p>\n\n\n<div class=\"wp-block-image\">\n<figure class=\"aligncenter\"><a href=\"http:\/\/rebub.u-bordeaux.fr\/wp-content\/uploads\/2021\/06\/Untitled-1.png\" target=\"_blank\" rel=\"noopener noreferrer\"><img decoding=\"async\" loading=\"lazy\" width=\"1509\" height=\"587\" src=\"http:\/\/rebub.u-bordeaux.fr\/wp-content\/uploads\/2021\/06\/Untitled-1.png\" alt=\"\" class=\"wp-image-12194\" srcset=\"https:\/\/rebub.u-bordeaux.fr\/wp-content\/uploads\/2021\/06\/Untitled-1.png 1509w, https:\/\/rebub.u-bordeaux.fr\/wp-content\/uploads\/2021\/06\/Untitled-1-300x117.png 300w, https:\/\/rebub.u-bordeaux.fr\/wp-content\/uploads\/2021\/06\/Untitled-1-1024x398.png 1024w, https:\/\/rebub.u-bordeaux.fr\/wp-content\/uploads\/2021\/06\/Untitled-1-768x299.png 768w\" sizes=\"(max-width: 1509px) 100vw, 1509px\" \/><\/a><\/figure><\/div>\n\n\n<p>Alma indique l&rsquo;\u00e9tape suivante qui consiste \u00e0 scanner l&rsquo;exemplaire depuis l&rsquo;atelier de num\u00e9risation :<\/p>\n\n\n<div class=\"wp-block-image\">\n<figure class=\"aligncenter\"><a href=\"http:\/\/rebub.u-bordeaux.fr\/wp-content\/uploads\/2021\/06\/Untitled-2.png\" target=\"_blank\" rel=\"noopener noreferrer\"><img decoding=\"async\" loading=\"lazy\" width=\"1506\" height=\"647\" src=\"http:\/\/rebub.u-bordeaux.fr\/wp-content\/uploads\/2021\/06\/Untitled-2.png\" alt=\"\" class=\"wp-image-12195\" srcset=\"https:\/\/rebub.u-bordeaux.fr\/wp-content\/uploads\/2021\/06\/Untitled-2.png 1506w, https:\/\/rebub.u-bordeaux.fr\/wp-content\/uploads\/2021\/06\/Untitled-2-300x129.png 300w, https:\/\/rebub.u-bordeaux.fr\/wp-content\/uploads\/2021\/06\/Untitled-2-1024x440.png 1024w, https:\/\/rebub.u-bordeaux.fr\/wp-content\/uploads\/2021\/06\/Untitled-2-768x330.png 768w\" sizes=\"(max-width: 1506px) 100vw, 1506px\" \/><\/a><\/figure><\/div>\n\n\n<h2 id=\"stoc-etape-2-depuis-latelier-de-numerisation\" class=\"wpig-heading\">\u00c9tape 2 : depuis l&rsquo;atelier de num\u00e9risation<\/h2>\n\n\n\n<p>Se localiser \u00e0 l&rsquo;atelier de num\u00e9risation :<\/p>\n\n\n<div class=\"wp-block-image\">\n<figure class=\"aligncenter size-full\"><img decoding=\"async\" loading=\"lazy\" width=\"569\" height=\"54\" src=\"https:\/\/rebub.u-bordeaux.fr\/wp-content\/uploads\/2025\/02\/Capture-02_Atelier-de-numerisation.png\" alt=\"\" class=\"wp-image-23255\" srcset=\"https:\/\/rebub.u-bordeaux.fr\/wp-content\/uploads\/2025\/02\/Capture-02_Atelier-de-numerisation.png 569w, https:\/\/rebub.u-bordeaux.fr\/wp-content\/uploads\/2025\/02\/Capture-02_Atelier-de-numerisation-300x28.png 300w\" sizes=\"(max-width: 569px) 100vw, 569px\" \/><\/figure><\/div>\n\n\n<p>Aller dans \u00ab\u00a0Services aux usagers\/Scanner les exemplaires\u00a0\u00bb et scanner le code-barres de l&rsquo;exemplaire dans le champ d\u00e9di\u00e9 :<\/p>\n\n\n<div class=\"wp-block-image\">\n<figure class=\"aligncenter\"><a href=\"http:\/\/rebub.u-bordeaux.fr\/wp-content\/uploads\/2021\/06\/Untitled-3.png\" target=\"_blank\" rel=\"noopener noreferrer\"><img decoding=\"async\" loading=\"lazy\" width=\"1523\" height=\"494\" src=\"http:\/\/rebub.u-bordeaux.fr\/wp-content\/uploads\/2021\/06\/Untitled-3.png\" alt=\"\" class=\"wp-image-12199\" srcset=\"https:\/\/rebub.u-bordeaux.fr\/wp-content\/uploads\/2021\/06\/Untitled-3.png 1523w, https:\/\/rebub.u-bordeaux.fr\/wp-content\/uploads\/2021\/06\/Untitled-3-300x97.png 300w, https:\/\/rebub.u-bordeaux.fr\/wp-content\/uploads\/2021\/06\/Untitled-3-1024x332.png 1024w, https:\/\/rebub.u-bordeaux.fr\/wp-content\/uploads\/2021\/06\/Untitled-3-768x249.png 768w\" sizes=\"(max-width: 1523px) 100vw, 1523px\" \/><\/a><\/figure><\/div>\n\n\n<p>Cette \u00e9tape sert \u00e0 indiquer \u00e0 Alma que le document est bien arriv\u00e9 \u00e0 l&rsquo;atelier de num\u00e9risation et que le document va pouvoir \u00eatre num\u00e9ris\u00e9.<\/p>\n\n\n\n<p>Alma indique l&rsquo;\u00e9tape suivante qui est la num\u00e9risation :<\/p>\n\n\n<div class=\"wp-block-image\">\n<figure class=\"aligncenter\"><a href=\"http:\/\/rebub.u-bordeaux.fr\/wp-content\/uploads\/2021\/06\/Untitled-4.png\" target=\"_blank\" rel=\"noopener noreferrer\"><img decoding=\"async\" loading=\"lazy\" width=\"1527\" height=\"567\" src=\"http:\/\/rebub.u-bordeaux.fr\/wp-content\/uploads\/2021\/06\/Untitled-4.png\" alt=\"\" class=\"wp-image-12200\" srcset=\"https:\/\/rebub.u-bordeaux.fr\/wp-content\/uploads\/2021\/06\/Untitled-4.png 1527w, https:\/\/rebub.u-bordeaux.fr\/wp-content\/uploads\/2021\/06\/Untitled-4-300x111.png 300w, https:\/\/rebub.u-bordeaux.fr\/wp-content\/uploads\/2021\/06\/Untitled-4-1024x380.png 1024w, https:\/\/rebub.u-bordeaux.fr\/wp-content\/uploads\/2021\/06\/Untitled-4-768x285.png 768w\" sizes=\"(max-width: 1527px) 100vw, 1527px\" \/><\/a><\/figure><\/div>\n\n\n<p>Une fois la num\u00e9risation effectu\u00e9, aller dans \u00ab\u00a0Services aux usagers\/G\u00e9rer les exemplaires en cours de traitement\u00a0\u00bb pour passer \u00e0 l&rsquo;\u00e9tape suivante.<\/p>\n\n\n\n<p>Depuis la ligne correspondant au document, cliquer sur le bouton d&rsquo;actions suppl\u00e9mentaires :<\/p>\n\n\n<div class=\"wp-block-image\">\n<figure class=\"aligncenter\"><a href=\"http:\/\/rebub.u-bordeaux.fr\/wp-content\/uploads\/2021\/06\/Untitled-5.png\"><img decoding=\"async\" loading=\"lazy\" width=\"1526\" height=\"398\" src=\"http:\/\/rebub.u-bordeaux.fr\/wp-content\/uploads\/2021\/06\/Untitled-5.png\" alt=\"\" class=\"wp-image-12201\" srcset=\"https:\/\/rebub.u-bordeaux.fr\/wp-content\/uploads\/2021\/06\/Untitled-5.png 1526w, https:\/\/rebub.u-bordeaux.fr\/wp-content\/uploads\/2021\/06\/Untitled-5-300x78.png 300w, https:\/\/rebub.u-bordeaux.fr\/wp-content\/uploads\/2021\/06\/Untitled-5-1024x267.png 1024w, https:\/\/rebub.u-bordeaux.fr\/wp-content\/uploads\/2021\/06\/Untitled-5-768x200.png 768w\" sizes=\"(max-width: 1526px) 100vw, 1526px\" \/><\/a><\/figure><\/div>\n\n\n<p>Puis choisir \u00ab\u00a0\u00c9tape suivante\u00a0\u00bb, le statut change en \u00ab\u00a0Fourniture du document\u00a0\u00bb :<\/p>\n\n\n<div class=\"wp-block-image\">\n<figure class=\"aligncenter size-large\"><img decoding=\"async\" loading=\"lazy\" width=\"1024\" height=\"41\" src=\"https:\/\/rebub.u-bordeaux.fr\/wp-content\/uploads\/2025\/02\/Capture-03_Numerisation_Fourniture-du-document-1024x41.png\" alt=\"\" class=\"wp-image-23257\" srcset=\"https:\/\/rebub.u-bordeaux.fr\/wp-content\/uploads\/2025\/02\/Capture-03_Numerisation_Fourniture-du-document-1024x41.png 1024w, https:\/\/rebub.u-bordeaux.fr\/wp-content\/uploads\/2025\/02\/Capture-03_Numerisation_Fourniture-du-document-300x12.png 300w, https:\/\/rebub.u-bordeaux.fr\/wp-content\/uploads\/2025\/02\/Capture-03_Numerisation_Fourniture-du-document-768x31.png 768w, https:\/\/rebub.u-bordeaux.fr\/wp-content\/uploads\/2025\/02\/Capture-03_Numerisation_Fourniture-du-document.png 1428w\" sizes=\"(max-width: 1024px) 100vw, 1024px\" \/><\/figure><\/div>\n\n\n<p>A cette \u00e9tape il est possible d&rsquo;ins\u00e9rer le document num\u00e9ris\u00e9 dans Alma, il faut cliquer sur \u00ab\u00a0Joindre un document\u00a0\u00bb qui se trouve sous le bouton d&rsquo;actions suppl\u00e9mentaires.<\/p>\n\n\n\n<p>Aller sur la page \u00ab\u00a0Services aux usagers\/scanner les exemplaires\u00a0\u00bb pour scanner le code-barres du document dans le champ d\u00e9di\u00e9 pour mettre fin au circuit de num\u00e9risation et indiquer que le document part vers la biblioth\u00e8que propri\u00e9taire :<\/p>\n\n\n<div class=\"wp-block-image\">\n<figure class=\"aligncenter\"><a href=\"http:\/\/rebub.u-bordeaux.fr\/wp-content\/uploads\/2021\/06\/Untitled-7.png\" target=\"_blank\" rel=\"noopener noreferrer\"><img decoding=\"async\" loading=\"lazy\" width=\"1530\" height=\"539\" src=\"http:\/\/rebub.u-bordeaux.fr\/wp-content\/uploads\/2021\/06\/Untitled-7.png\" alt=\"\" class=\"wp-image-12205\" srcset=\"https:\/\/rebub.u-bordeaux.fr\/wp-content\/uploads\/2021\/06\/Untitled-7.png 1530w, https:\/\/rebub.u-bordeaux.fr\/wp-content\/uploads\/2021\/06\/Untitled-7-300x106.png 300w, https:\/\/rebub.u-bordeaux.fr\/wp-content\/uploads\/2021\/06\/Untitled-7-1024x361.png 1024w, https:\/\/rebub.u-bordeaux.fr\/wp-content\/uploads\/2021\/06\/Untitled-7-768x271.png 768w\" sizes=\"(max-width: 1530px) 100vw, 1530px\" \/><\/a><\/figure><\/div>\n\n\n<h2 id=\"stoc-etape-3-depuis-la-bibliotheque-proprietaire\" class=\"wpig-heading\">\u00c9tape 3 : depuis la biblioth\u00e8que propri\u00e9taire<\/h2>\n\n\n\n<p>Aller sur la page \u00ab\u00a0Services aux usagers\/scanner les exemplaires\u00a0\u00bb et scanner le code-barres du document pour indiquer que le document est de retour dans la biblioth\u00e8que :<\/p>\n\n\n<div class=\"wp-block-image\">\n<figure class=\"aligncenter\"><a href=\"http:\/\/rebub.u-bordeaux.fr\/wp-content\/uploads\/2021\/06\/Untitled-8.png\" target=\"_blank\" rel=\"noopener noreferrer\"><img decoding=\"async\" loading=\"lazy\" width=\"1515\" height=\"655\" src=\"http:\/\/rebub.u-bordeaux.fr\/wp-content\/uploads\/2021\/06\/Untitled-8.png\" alt=\"\" class=\"wp-image-12206\" srcset=\"https:\/\/rebub.u-bordeaux.fr\/wp-content\/uploads\/2021\/06\/Untitled-8.png 1515w, https:\/\/rebub.u-bordeaux.fr\/wp-content\/uploads\/2021\/06\/Untitled-8-300x130.png 300w, https:\/\/rebub.u-bordeaux.fr\/wp-content\/uploads\/2021\/06\/Untitled-8-1024x443.png 1024w, https:\/\/rebub.u-bordeaux.fr\/wp-content\/uploads\/2021\/06\/Untitled-8-768x332.png 768w\" sizes=\"(max-width: 1515px) 100vw, 1515px\" \/><\/a><\/figure><\/div>\n\n\n<p>Alma vous indique l&rsquo;\u00e9tape suivante \u00e0 savoir remettre le document en rayon.<\/p>\n\n\n\n<p><\/p>\n\n\n\n<p>Pour une vue synth\u00e9tique des circuits de demande de num\u00e9risation, voir la page \u00ab\u00a0<a href=\"https:\/\/rebub.u-bordeaux.fr\/index.php\/alma\/procedures\/services-aux-usagers\/demandes-de-numerisation\/faire-une-demande-de-numerisation\/\" data-type=\"URL\" data-id=\"https:\/\/rebub.u-bordeaux.fr\/index.php\/alma\/procedures\/services-aux-usagers\/demandes-de-numerisation\/faire-une-demande-de-numerisation\/\" target=\"_blank\" rel=\"noreferrer noopener\">Faire une demande de num\u00e9risation<\/a>\u00a0\u00bb.<\/p>\n\n\n\n<div class=\"is-layout-flex wp-container-14 wp-block-columns bord-bloc-reutilisable has-background\" style=\"background-color:#d9edf7\">\n<div class=\"is-layout-flow wp-block-column is-vertically-aligned-center\" style=\"font-size:15px;flex-basis:20%\">\n<p style=\"font-size:15px\"><strong>Date de publication<\/strong> <\/p>\n\n\n<div style=\"font-size:15px;\" class=\"wp-block-post-date\"><time datetime=\"2024-03-22T09:32:48+01:00\">22 mars 2024<\/time><\/div><\/div>\n\n\n\n<div class=\"is-layout-flow wp-block-column is-vertically-aligned-center\" style=\"font-size:15px;flex-basis:20%\">\n<p><strong>Mis \u00e0 jour le <\/strong><\/p>\n\n\n<div style=\"font-size:15px;\" class=\"wp-block-post-date\"><time datetime=\"2026-02-06T15:30:41+01:00\">6 f\u00e9vrier 2026<\/time><\/div><\/div>\n\n\n\n<div class=\"is-layout-flow wp-block-column is-vertically-aligned-center\" style=\"font-size:15px;flex-basis:40%\">\n<p><\/p>\n\n\n\n<p><strong>Attention ! <\/strong>Certains \u00e9tablissements utilisent parfois de proc\u00e9dures compl\u00e9mentaires <\/p>\n<\/div>\n\n\n\n<div class=\"is-layout-flow wp-block-column is-vertically-aligned-center\" style=\"font-size:15px;flex-basis:25%\">\n<div class=\"is-horizontal is-content-justification-center is-layout-flex wp-container-12 wp-block-buttons alignfull has-custom-font-size\" style=\"font-size:16px\">\n<div class=\"wp-block-button has-custom-width wp-block-button__width-75 has-custom-font-size is-style-fill\" style=\"font-size:15px\"><a class=\"wp-block-button__link has-white-color has-text-color has-background wp-element-button\" href=\"mailto:scoop@u-bordeaux.fr\" style=\"border-radius:65px;background-color:#000000db\"><strong>Signaler une erreur<\/strong><\/a><\/div>\n<\/div>\n<\/div>\n<\/div>\n","protected":false},"excerpt":{"rendered":"<p>Table des mati\u00e8res[ Show ]\u00c9tape 1 : depuis la biblioth\u00e8que\u00c9tape 2 : depuis l&rsquo;atelier de num\u00e9risation\u00c9tape 3 : depuis la biblioth\u00e8que propri\u00e9taireAttention ! Avant toute op\u00e9ration, v\u00e9rifier que l&rsquo;on est localis\u00e9 \u00e0 un bureau de pr\u00eat de la biblioth\u00e8que dans&#8230;<\/p>\n","protected":false},"author":46,"featured_media":0,"parent":18471,"menu_order":1,"comment_status":"closed","ping_status":"closed","template":"","meta":[],"post_mailing_queue_ids":[],"_links":{"self":[{"href":"http:\/\/rebub.u-bordeaux.fr\/index.php\/wp-json\/wp\/v2\/pages\/18526"}],"collection":[{"href":"http:\/\/rebub.u-bordeaux.fr\/index.php\/wp-json\/wp\/v2\/pages"}],"about":[{"href":"http:\/\/rebub.u-bordeaux.fr\/index.php\/wp-json\/wp\/v2\/types\/page"}],"author":[{"embeddable":true,"href":"http:\/\/rebub.u-bordeaux.fr\/index.php\/wp-json\/wp\/v2\/users\/46"}],"replies":[{"embeddable":true,"href":"http:\/\/rebub.u-bordeaux.fr\/index.php\/wp-json\/wp\/v2\/comments?post=18526"}],"version-history":[{"count":6,"href":"http:\/\/rebub.u-bordeaux.fr\/index.php\/wp-json\/wp\/v2\/pages\/18526\/revisions"}],"predecessor-version":[{"id":24615,"href":"http:\/\/rebub.u-bordeaux.fr\/index.php\/wp-json\/wp\/v2\/pages\/18526\/revisions\/24615"}],"up":[{"embeddable":true,"href":"http:\/\/rebub.u-bordeaux.fr\/index.php\/wp-json\/wp\/v2\/pages\/18471"}],"wp:attachment":[{"href":"http:\/\/rebub.u-bordeaux.fr\/index.php\/wp-json\/wp\/v2\/media?parent=18526"}],"curies":[{"name":"wp","href":"https:\/\/api.w.org\/{rel}","templated":true}]}}