	{"id":18527,"date":"2024-03-22T09:32:49","date_gmt":"2024-03-22T08:32:49","guid":{"rendered":"https:\/\/rebub.u-bordeaux.fr\/?page_id=18527"},"modified":"2026-02-06T15:32:43","modified_gmt":"2026-02-06T14:32:43","slug":"suivre-les-numerisations-de-document","status":"publish","type":"page","link":"http:\/\/rebub.u-bordeaux.fr\/index.php\/alma\/procedures\/services-aux-usagers\/demandes-de-numerisation\/suivre-les-numerisations-de-document\/","title":{"rendered":"Suivre les num\u00e9risations de documents"},"content":{"rendered":"<div id='wpig-floatingbar' class='wpig-floatingbar'><div id='wpig-switch-wrapper' class='wpig-switch-wrapper'><span id='wpig-floating-switch' class='wpig-floating-switch'><img src='http:\/\/rebub.u-bordeaux.fr\/wp-content\/plugins\/sticky-toc-advance-table-of-contents\/\\assets\\menu.png'><\/span><\/div><\/div><p><\/p>\n<div class=\"is-layout-constrained wp-block-group bord-bloc-reutilisable\"><div class=\"wp-block-group__inner-container\">\n<div class=\"is-layout-flex wp-container-3 wp-block-columns alignfull bord-bloc-reutilisable has-background\" style=\"background-color:#ff303047\">\n<div class=\"is-layout-flow wp-block-column is-vertically-aligned-center\" style=\"flex-basis:7%\">\n<figure class=\"wp-block-image alignfull size-full\"><img decoding=\"async\" loading=\"lazy\" width=\"512\" height=\"512\" src=\"https:\/\/rebub.u-bordeaux.fr\/wp-content\/uploads\/2024\/04\/point-dexclamation.png\" alt=\"\" class=\"wp-image-19898\" srcset=\"https:\/\/rebub.u-bordeaux.fr\/wp-content\/uploads\/2024\/04\/point-dexclamation.png 512w, https:\/\/rebub.u-bordeaux.fr\/wp-content\/uploads\/2024\/04\/point-dexclamation-300x300.png 300w, https:\/\/rebub.u-bordeaux.fr\/wp-content\/uploads\/2024\/04\/point-dexclamation-150x150.png 150w\" sizes=\"(max-width: 512px) 100vw, 512px\" \/><\/figure>\n<\/div>\n\n\n\n<div class=\"is-layout-flow wp-block-column is-vertically-aligned-center\" style=\"flex-basis:85%\">\n<p><strong>Attention !<\/strong> Seules les personnes qui ont acc\u00e8s \u00e0 l&rsquo;atelier de num\u00e9risation dans leurs localisations peuvent acc\u00e9der au suivi.<\/p>\n<\/div>\n<\/div>\n<\/div><\/div>\n\n\n\n<p>Se localiser \u00e0 l&rsquo;atelier de num\u00e9risation :<\/p>\n\n\n<div class=\"wp-block-image\">\n<figure class=\"aligncenter size-full\"><img decoding=\"async\" loading=\"lazy\" width=\"569\" height=\"54\" src=\"https:\/\/rebub.u-bordeaux.fr\/wp-content\/uploads\/2025\/02\/Capture-02_Atelier-de-numerisation.png\" alt=\"\" class=\"wp-image-23255\" srcset=\"https:\/\/rebub.u-bordeaux.fr\/wp-content\/uploads\/2025\/02\/Capture-02_Atelier-de-numerisation.png 569w, https:\/\/rebub.u-bordeaux.fr\/wp-content\/uploads\/2025\/02\/Capture-02_Atelier-de-numerisation-300x28.png 300w\" sizes=\"(max-width: 569px) 100vw, 569px\" \/><\/figure><\/div>\n\n\n<p>Aller dans \u00ab\u00a0Services aux usagers\/G\u00e9rer les exemplaires en cours de traitement\u00a0\u00bb :<\/p>\n\n\n<div class=\"wp-block-image\">\n<figure class=\"aligncenter is-resized\"><a href=\"http:\/\/rebub.u-bordeaux.fr\/wp-content\/uploads\/2021\/06\/Page-Gerer-exemplaires-en-traitement.png\" target=\"_blank\" rel=\"noopener noreferrer\"><img decoding=\"async\" loading=\"lazy\" src=\"http:\/\/rebub.u-bordeaux.fr\/wp-content\/uploads\/2021\/06\/Page-Gerer-exemplaires-en-traitement.png\" alt=\"\" class=\"wp-image-12211\" width=\"581\" height=\"438\" srcset=\"https:\/\/rebub.u-bordeaux.fr\/wp-content\/uploads\/2021\/06\/Page-Gerer-exemplaires-en-traitement.png 1876w, https:\/\/rebub.u-bordeaux.fr\/wp-content\/uploads\/2021\/06\/Page-Gerer-exemplaires-en-traitement-300x227.png 300w, https:\/\/rebub.u-bordeaux.fr\/wp-content\/uploads\/2021\/06\/Page-Gerer-exemplaires-en-traitement-1024x774.png 1024w, https:\/\/rebub.u-bordeaux.fr\/wp-content\/uploads\/2021\/06\/Page-Gerer-exemplaires-en-traitement-1536x1161.png 1536w\" sizes=\"(max-width: 581px) 100vw, 581px\" \/><\/a><\/figure><\/div>\n\n\n<p>Sur cette page s&rsquo;affiche tous les documents en cours de traitement \u00e0 l&rsquo;atelier de num\u00e9risation.<\/p>\n\n\n\n<p>La colonne \u00ab\u00a0statut\u00a0\u00bb permet de conna\u00eetre le statut de traitement du document :<\/p>\n\n\n<div class=\"wp-block-image\">\n<figure class=\"aligncenter\"><a href=\"http:\/\/rebub.u-bordeaux.fr\/wp-content\/uploads\/2021\/06\/Untitled-9.png\" target=\"_blank\" rel=\"noopener noreferrer\"><img decoding=\"async\" loading=\"lazy\" width=\"1529\" height=\"430\" src=\"http:\/\/rebub.u-bordeaux.fr\/wp-content\/uploads\/2021\/06\/Untitled-9.png\" alt=\"\" class=\"wp-image-12212\" srcset=\"https:\/\/rebub.u-bordeaux.fr\/wp-content\/uploads\/2021\/06\/Untitled-9.png 1529w, https:\/\/rebub.u-bordeaux.fr\/wp-content\/uploads\/2021\/06\/Untitled-9-300x84.png 300w, https:\/\/rebub.u-bordeaux.fr\/wp-content\/uploads\/2021\/06\/Untitled-9-1024x288.png 1024w, https:\/\/rebub.u-bordeaux.fr\/wp-content\/uploads\/2021\/06\/Untitled-9-768x216.png 768w\" sizes=\"(max-width: 1529px) 100vw, 1529px\" \/><\/a><\/figure><\/div>\n\n\n<p>Le filtre \u00ab\u00a0\u00e9tape\u00a0\u00bb permet de filtrer sur l&rsquo;\u00e9tape de traitement :<\/p>\n\n\n<div class=\"wp-block-image\">\n<figure class=\"aligncenter\"><a href=\"http:\/\/rebub.u-bordeaux.fr\/wp-content\/uploads\/2021\/06\/Untitled-10.png\" target=\"_blank\" rel=\"noopener noreferrer\"><img decoding=\"async\" loading=\"lazy\" width=\"1533\" height=\"384\" src=\"http:\/\/rebub.u-bordeaux.fr\/wp-content\/uploads\/2021\/06\/Untitled-10.png\" alt=\"\" class=\"wp-image-12213\" srcset=\"https:\/\/rebub.u-bordeaux.fr\/wp-content\/uploads\/2021\/06\/Untitled-10.png 1533w, https:\/\/rebub.u-bordeaux.fr\/wp-content\/uploads\/2021\/06\/Untitled-10-300x75.png 300w, https:\/\/rebub.u-bordeaux.fr\/wp-content\/uploads\/2021\/06\/Untitled-10-1024x257.png 1024w, https:\/\/rebub.u-bordeaux.fr\/wp-content\/uploads\/2021\/06\/Untitled-10-768x192.png 768w\" sizes=\"(max-width: 1533px) 100vw, 1533px\" \/><\/a><\/figure><\/div>\n\n\n<p>Un module de recherche permet \u00e9galement de retrouver des documents :<\/p>\n\n\n<div class=\"wp-block-image\">\n<figure class=\"aligncenter\"><a href=\"http:\/\/rebub.u-bordeaux.fr\/wp-content\/uploads\/2021\/06\/Untitled-11.png\" target=\"_blank\" rel=\"noopener noreferrer\"><img decoding=\"async\" loading=\"lazy\" width=\"1523\" height=\"335\" src=\"http:\/\/rebub.u-bordeaux.fr\/wp-content\/uploads\/2021\/06\/Untitled-11.png\" alt=\"\" class=\"wp-image-12214\" srcset=\"https:\/\/rebub.u-bordeaux.fr\/wp-content\/uploads\/2021\/06\/Untitled-11.png 1523w, https:\/\/rebub.u-bordeaux.fr\/wp-content\/uploads\/2021\/06\/Untitled-11-300x66.png 300w, https:\/\/rebub.u-bordeaux.fr\/wp-content\/uploads\/2021\/06\/Untitled-11-1024x225.png 1024w, https:\/\/rebub.u-bordeaux.fr\/wp-content\/uploads\/2021\/06\/Untitled-11-768x169.png 768w\" sizes=\"(max-width: 1523px) 100vw, 1523px\" \/><\/a><\/figure><\/div>\n\n\n<p>Pour une vue synth\u00e9tique des circuits de demande de num\u00e9risation, voir la page \u00ab\u00a0<a href=\"https:\/\/rebub.u-bordeaux.fr\/index.php\/alma\/procedures\/services-aux-usagers\/demandes-de-numerisation\/faire-une-demande-de-numerisation\/\" data-type=\"URL\" data-id=\"https:\/\/rebub.u-bordeaux.fr\/index.php\/alma\/procedures\/services-aux-usagers\/demandes-de-numerisation\/faire-une-demande-de-numerisation\/\" target=\"_blank\" rel=\"noreferrer noopener\">Faire une demande de num\u00e9risation<\/a>\u00a0\u00bb.<\/p>\n\n\n\n<div class=\"is-layout-flex wp-container-10 wp-block-columns bord-bloc-reutilisable has-background\" style=\"background-color:#d9edf7\">\n<div class=\"is-layout-flow wp-block-column is-vertically-aligned-center\" style=\"font-size:15px;flex-basis:20%\">\n<p style=\"font-size:15px\"><strong>Date de publication<\/strong> <\/p>\n\n\n<div style=\"font-size:15px;\" class=\"wp-block-post-date\"><time datetime=\"2024-03-22T09:32:49+01:00\">22 mars 2024<\/time><\/div><\/div>\n\n\n\n<div class=\"is-layout-flow wp-block-column is-vertically-aligned-center\" style=\"font-size:15px;flex-basis:20%\">\n<p><strong>Mis \u00e0 jour le <\/strong><\/p>\n\n\n<div style=\"font-size:15px;\" class=\"wp-block-post-date\"><time datetime=\"2026-02-06T15:32:43+01:00\">6 f\u00e9vrier 2026<\/time><\/div><\/div>\n\n\n\n<div class=\"is-layout-flow wp-block-column is-vertically-aligned-center\" style=\"font-size:15px;flex-basis:40%\">\n<p><\/p>\n\n\n\n<p><strong>Attention ! <\/strong>Certains \u00e9tablissements utilisent parfois de proc\u00e9dures compl\u00e9mentaires <\/p>\n<\/div>\n\n\n\n<div class=\"is-layout-flow wp-block-column is-vertically-aligned-center\" style=\"font-size:15px;flex-basis:25%\">\n<div class=\"is-horizontal is-content-justification-center is-layout-flex wp-container-8 wp-block-buttons alignfull has-custom-font-size\" style=\"font-size:16px\">\n<div class=\"wp-block-button has-custom-width wp-block-button__width-75 has-custom-font-size is-style-fill\" style=\"font-size:15px\"><a class=\"wp-block-button__link has-white-color has-text-color has-background wp-element-button\" href=\"mailto:scoop@u-bordeaux.fr\" style=\"border-radius:65px;background-color:#000000db\"><strong>Signaler une erreur<\/strong><\/a><\/div>\n<\/div>\n<\/div>\n<\/div>\n","protected":false},"excerpt":{"rendered":"<p>Attention ! Seules les personnes qui ont acc\u00e8s \u00e0 l&rsquo;atelier de num\u00e9risation dans leurs localisations peuvent acc\u00e9der au suivi. Se localiser \u00e0 l&rsquo;atelier de num\u00e9risation : Aller dans \u00ab\u00a0Services aux usagers\/G\u00e9rer les exemplaires en cours de traitement\u00a0\u00bb : Sur cette&#8230;<\/p>\n","protected":false},"author":46,"featured_media":0,"parent":18471,"menu_order":2,"comment_status":"closed","ping_status":"closed","template":"","meta":[],"post_mailing_queue_ids":[],"_links":{"self":[{"href":"http:\/\/rebub.u-bordeaux.fr\/index.php\/wp-json\/wp\/v2\/pages\/18527"}],"collection":[{"href":"http:\/\/rebub.u-bordeaux.fr\/index.php\/wp-json\/wp\/v2\/pages"}],"about":[{"href":"http:\/\/rebub.u-bordeaux.fr\/index.php\/wp-json\/wp\/v2\/types\/page"}],"author":[{"embeddable":true,"href":"http:\/\/rebub.u-bordeaux.fr\/index.php\/wp-json\/wp\/v2\/users\/46"}],"replies":[{"embeddable":true,"href":"http:\/\/rebub.u-bordeaux.fr\/index.php\/wp-json\/wp\/v2\/comments?post=18527"}],"version-history":[{"count":7,"href":"http:\/\/rebub.u-bordeaux.fr\/index.php\/wp-json\/wp\/v2\/pages\/18527\/revisions"}],"predecessor-version":[{"id":24616,"href":"http:\/\/rebub.u-bordeaux.fr\/index.php\/wp-json\/wp\/v2\/pages\/18527\/revisions\/24616"}],"up":[{"embeddable":true,"href":"http:\/\/rebub.u-bordeaux.fr\/index.php\/wp-json\/wp\/v2\/pages\/18471"}],"wp:attachment":[{"href":"http:\/\/rebub.u-bordeaux.fr\/index.php\/wp-json\/wp\/v2\/media?parent=18527"}],"curies":[{"name":"wp","href":"https:\/\/api.w.org\/{rel}","templated":true}]}}