	{"id":18528,"date":"2024-03-22T09:32:44","date_gmt":"2024-03-22T08:32:44","guid":{"rendered":"https:\/\/rebub.u-bordeaux.fr\/?page_id=18528"},"modified":"2026-02-06T15:23:05","modified_gmt":"2026-02-06T14:23:05","slug":"imprimer-manuellemnt-un-avis-de-reservation","status":"publish","type":"page","link":"http:\/\/rebub.u-bordeaux.fr\/index.php\/alma\/procedures\/services-aux-usagers\/les-reservations\/imprimer-manuellemnt-un-avis-de-reservation\/","title":{"rendered":"Imprimer manuellement un avis de r\u00e9servation"},"content":{"rendered":"<div id='wpig-floatingbar' class='wpig-floatingbar'><div id='wpig-switch-wrapper' class='wpig-switch-wrapper'><span id='wpig-floating-switch' class='wpig-floating-switch'><img src='http:\/\/rebub.u-bordeaux.fr\/wp-content\/plugins\/sticky-toc-advance-table-of-contents\/\\assets\\menu.png'><\/span><\/div><div id='wpig-contents' class='wpig-contents  wpig-sidebar-widget wpig-style-3'><span class='wpig-headline'>Table des mati\u00e8res<span><a data-action='show' class='wpig-btn-toggledisplay'>[ Show ]<\/a><\/span><\/span><!-- Table of Contents --><div id='wpig-table-of-content' class='wpig-table-of-content'><ol><li class='stoc-affichez-les-reservations-en-attente'><a href='#stoc-affichez-les-reservations-en-attente'>Affichez les r\u00e9servations en attente <\/a><\/li><li class='stoc-imprimez-lavis-de-reservation'><a href='#stoc-imprimez-lavis-de-reservation'>Imprimez l&rsquo;avis de r\u00e9servation<\/a><\/li><li class='stoc-envoyez-limpression-sur-limprimante-de-votre-choix'><a href='#stoc-envoyez-limpression-sur-limprimante-de-votre-choix'>Envoyez l&rsquo;impression sur l&rsquo;imprimante de votre choix<\/a><\/li><li class='stoc-pour-le-scoop'><a href='#stoc-pour-le-scoop'>Pour le SCOOP<\/a><\/li><\/ol><\/div><!-- END OF Table of Contents --><\/div><\/div><p><div id='wpig-contents' class='wpig-contents  wpig-sidebar-widget wpig-style-1'><span class='wpig-headline'>Table des mati\u00e8res<span><a data-action='show' class='wpig-btn-toggledisplay'>[ Show ]<\/a><\/span><\/span><!-- Table of Contents --><div id='wpig-table-of-content' class='wpig-table-of-content' ><ol><li class='stoc-affichez-les-reservations-en-attente'><a href='#stoc-affichez-les-reservations-en-attente'>Affichez les r\u00e9servations en attente <\/a><\/li><li class='stoc-imprimez-lavis-de-reservation'><a href='#stoc-imprimez-lavis-de-reservation'>Imprimez l&rsquo;avis de r\u00e9servation<\/a><\/li><li class='stoc-envoyez-limpression-sur-limprimante-de-votre-choix'><a href='#stoc-envoyez-limpression-sur-limprimante-de-votre-choix'>Envoyez l&rsquo;impression sur l&rsquo;imprimante de votre choix<\/a><\/li><li class='stoc-pour-le-scoop'><a href='#stoc-pour-le-scoop'>Pour le SCOOP<\/a><\/li><\/ol><\/div><!-- END OF Table of Contents --><\/div><\/p>\n<p>En cas d&rsquo;indisponibilit\u00e9 du serveur d&rsquo;impression, il est possible d&rsquo;imprimer manuellement un avis de r\u00e9servation. Voici la marche \u00e0 suivre.<\/p>\n\n\n\n<h2 id=\"stoc-affichez-les-reservations-en-attente\" class=\"wpig-heading\">Affichez les r\u00e9servations en attente <\/h2>\n\n\n\n<p>Assurez-vous d&rsquo;\u00eatre bien positionn\u00e9 sur un bureau de pr\u00eat attach\u00e9 \u00e0 votre biblioth\u00e8que et s\u00e9lectionnez <strong>\u00ab\u00a0Services aux usagers &gt; Demandes de ressources &gt; Prendre en rayon\u00a0\u00bb.<\/strong><\/p>\n\n\n<div class=\"wp-block-image\">\n<figure class=\"aligncenter size-full is-resized\"><img decoding=\"async\" loading=\"lazy\" src=\"https:\/\/rebub.u-bordeaux.fr\/wp-content\/uploads\/2025\/02\/Capture-08_Prendre-en-rayon.png\" alt=\"\" class=\"wp-image-23199\" width=\"529\" height=\"406\" srcset=\"https:\/\/rebub.u-bordeaux.fr\/wp-content\/uploads\/2025\/02\/Capture-08_Prendre-en-rayon.png 643w, https:\/\/rebub.u-bordeaux.fr\/wp-content\/uploads\/2025\/02\/Capture-08_Prendre-en-rayon-300x230.png 300w\" sizes=\"(max-width: 529px) 100vw, 529px\" \/><figcaption class=\"wp-element-caption\"><strong>Services aux usagers &gt; Demandes de ressources &gt; Prendre en rayon<\/strong><\/figcaption><\/figure><\/div>\n\n\n<h2 id=\"stoc-imprimez-lavis-de-reservation\" class=\"wpig-heading\">Imprimez l&rsquo;avis de r\u00e9servation<\/h2>\n\n\n\n<p>\u00c0 partir de la demande, affichez les options suppl\u00e9mentaires (bouton \u00ab\u00a0&#8230;\u00a0\u00bb) et cliquez sur imprimer l&rsquo;avis.<\/p>\n\n\n\n<figure class=\"wp-block-image size-large\"><img decoding=\"async\" loading=\"lazy\" width=\"1024\" height=\"494\" src=\"https:\/\/rebub.u-bordeaux.fr\/wp-content\/uploads\/2024\/01\/Imprimer-lavis-1024x494.png\" alt=\"\" class=\"wp-image-17699\" srcset=\"https:\/\/rebub.u-bordeaux.fr\/wp-content\/uploads\/2024\/01\/Imprimer-lavis-1024x494.png 1024w, https:\/\/rebub.u-bordeaux.fr\/wp-content\/uploads\/2024\/01\/Imprimer-lavis-300x145.png 300w, https:\/\/rebub.u-bordeaux.fr\/wp-content\/uploads\/2024\/01\/Imprimer-lavis-768x371.png 768w, https:\/\/rebub.u-bordeaux.fr\/wp-content\/uploads\/2024\/01\/Imprimer-lavis-1536x742.png 1536w, https:\/\/rebub.u-bordeaux.fr\/wp-content\/uploads\/2024\/01\/Imprimer-lavis.png 1920w\" sizes=\"(max-width: 1024px) 100vw, 1024px\" \/><figcaption class=\"wp-element-caption\">Imprimer l&rsquo;avis<\/figcaption><\/figure>\n\n\n\n<h2 id=\"stoc-envoyez-limpression-sur-limprimante-de-votre-choix\" class=\"wpig-heading\">Envoyez l&rsquo;impression sur l&rsquo;imprimante de votre choix<\/h2>\n\n\n\n<p>Une fen\u00eatre appara\u00eet en haut \u00e0 droite de votre \u00e9cran. Dans cette derni\u00e8re, cliquez sur le lien <strong>Impression rapide.<\/strong><\/p>\n\n\n\n<figure class=\"wp-block-image size-large\"><img decoding=\"async\" loading=\"lazy\" width=\"1024\" height=\"494\" src=\"https:\/\/rebub.u-bordeaux.fr\/wp-content\/uploads\/2024\/01\/screenshot-pudb-ub.alma_.exlibrisgroup.com-2024.01.05-12_19_32-1024x494.png\" alt=\"\" class=\"wp-image-17700\" srcset=\"https:\/\/rebub.u-bordeaux.fr\/wp-content\/uploads\/2024\/01\/screenshot-pudb-ub.alma_.exlibrisgroup.com-2024.01.05-12_19_32-1024x494.png 1024w, https:\/\/rebub.u-bordeaux.fr\/wp-content\/uploads\/2024\/01\/screenshot-pudb-ub.alma_.exlibrisgroup.com-2024.01.05-12_19_32-300x145.png 300w, https:\/\/rebub.u-bordeaux.fr\/wp-content\/uploads\/2024\/01\/screenshot-pudb-ub.alma_.exlibrisgroup.com-2024.01.05-12_19_32-768x371.png 768w, https:\/\/rebub.u-bordeaux.fr\/wp-content\/uploads\/2024\/01\/screenshot-pudb-ub.alma_.exlibrisgroup.com-2024.01.05-12_19_32-1536x742.png 1536w, https:\/\/rebub.u-bordeaux.fr\/wp-content\/uploads\/2024\/01\/screenshot-pudb-ub.alma_.exlibrisgroup.com-2024.01.05-12_19_32.png 1920w\" sizes=\"(max-width: 1024px) 100vw, 1024px\" \/><figcaption class=\"wp-element-caption\">Impression rapide<\/figcaption><\/figure>\n\n\n\n<div class=\"is-layout-constrained wp-block-group bord-bloc-reutilisable\"><div class=\"wp-block-group__inner-container\">\n<div class=\"is-layout-flex wp-container-3 wp-block-columns alignfull bord-bloc-reutilisable has-background\" style=\"background-color:#ff303047\">\n<div class=\"is-layout-flow wp-block-column is-vertically-aligned-center\" style=\"flex-basis:7%\">\n<figure class=\"wp-block-image alignfull size-full\"><img decoding=\"async\" loading=\"lazy\" width=\"512\" height=\"512\" src=\"https:\/\/rebub.u-bordeaux.fr\/wp-content\/uploads\/2024\/04\/point-dexclamation.png\" alt=\"\" class=\"wp-image-19898\" srcset=\"https:\/\/rebub.u-bordeaux.fr\/wp-content\/uploads\/2024\/04\/point-dexclamation.png 512w, https:\/\/rebub.u-bordeaux.fr\/wp-content\/uploads\/2024\/04\/point-dexclamation-300x300.png 300w, https:\/\/rebub.u-bordeaux.fr\/wp-content\/uploads\/2024\/04\/point-dexclamation-150x150.png 150w\" sizes=\"(max-width: 512px) 100vw, 512px\" \/><\/figure>\n<\/div>\n\n\n\n<div class=\"is-layout-flow wp-block-column is-vertically-aligned-center\" style=\"flex-basis:85%\">\n<p><strong>Attention !<\/strong> Si le lien \u00ab\u00a0impression rapide\u00a0\u00bb n&rsquo;appara\u00eet pas, contactez le SCOOP.<\/p>\n<\/div>\n<\/div>\n<\/div><\/div>\n\n\n\n<p>L&rsquo;avis s&rsquo;affiche alors dans le gestionnaire d&rsquo;impression de votre navigateur. Vous pouvez envoyer le document vers l&rsquo;imprimante de votre choix (en fonction bien s\u00fbr des imprimantes d\u00e9clar\u00e9es pour votre poste informatique). Si aucune imprimante n&rsquo;appara\u00eet, contactez votre gestionnaire de parc. <\/p>\n\n\n\n<div class=\"is-layout-constrained wp-block-group bord-bloc-reutilisable\"><div class=\"wp-block-group__inner-container\">\n<div class=\"is-layout-flex wp-container-7 wp-block-columns alignfull bord-bloc-reutilisable has-background\" style=\"background-color:#ff303047\">\n<div class=\"is-layout-flow wp-block-column is-vertically-aligned-center\" style=\"flex-basis:7%\">\n<figure class=\"wp-block-image alignfull size-full\"><img decoding=\"async\" loading=\"lazy\" width=\"512\" height=\"512\" src=\"https:\/\/rebub.u-bordeaux.fr\/wp-content\/uploads\/2024\/04\/point-dexclamation.png\" alt=\"\" class=\"wp-image-19898\" srcset=\"https:\/\/rebub.u-bordeaux.fr\/wp-content\/uploads\/2024\/04\/point-dexclamation.png 512w, https:\/\/rebub.u-bordeaux.fr\/wp-content\/uploads\/2024\/04\/point-dexclamation-300x300.png 300w, https:\/\/rebub.u-bordeaux.fr\/wp-content\/uploads\/2024\/04\/point-dexclamation-150x150.png 150w\" sizes=\"(max-width: 512px) 100vw, 512px\" \/><\/figure>\n<\/div>\n\n\n\n<div class=\"is-layout-flow wp-block-column is-vertically-aligned-center\" style=\"flex-basis:85%\">\n<p><strong>Attention !<\/strong> Si l&rsquo;impression automatique est active, l&rsquo;avis sera en plus imprim\u00e9 vers l&rsquo;imprimante d\u00e9clar\u00e9e au niveau de votre serveur d&rsquo;impression.<\/p>\n<\/div>\n<\/div>\n<\/div><\/div>\n\n\n\n<h2 id=\"stoc-pour-le-scoop\" class=\"wpig-heading\">Pour le SCOOP<\/h2>\n\n\n\n<p>Pour activer cette option, aller dans la configuration des imprimantes et cochez l&rsquo;option <strong>File d&rsquo;attente d&rsquo;impression<\/strong>. <a href=\"https:\/\/knowledge.exlibrisgroup.com\/Alma\/Product_Documentation\/010Alma_Online_Help_(English)\/050Administration\/060Advanced_Tools\/Printouts_Queue#Letters_You_Can_Send_to_Print_Queue\" data-type=\"URL\" data-id=\"https:\/\/knowledge.exlibrisgroup.com\/Alma\/Product_Documentation\/010Alma_Online_Help_(English)\/050Administration\/060Advanced_Tools\/Printouts_Queue#Letters_You_Can_Send_to_Print_Queue\" target=\"_blank\" rel=\"noreferrer noopener\">Cf. la documentation d&rsquo;Exlibris<\/a>.<\/p>\n\n\n\n<div class=\"is-layout-flex wp-container-14 wp-block-columns bord-bloc-reutilisable has-background\" style=\"background-color:#d9edf7\">\n<div class=\"is-layout-flow wp-block-column is-vertically-aligned-center\" style=\"font-size:15px;flex-basis:20%\">\n<p style=\"font-size:15px\"><strong>Date de publication<\/strong> <\/p>\n\n\n<div style=\"font-size:15px;\" class=\"wp-block-post-date\"><time datetime=\"2024-03-22T09:32:44+01:00\">22 mars 2024<\/time><\/div><\/div>\n\n\n\n<div class=\"is-layout-flow wp-block-column is-vertically-aligned-center\" style=\"font-size:15px;flex-basis:20%\">\n<p><strong>Mis \u00e0 jour le <\/strong><\/p>\n\n\n<div style=\"font-size:15px;\" class=\"wp-block-post-date\"><time datetime=\"2026-02-06T15:23:05+01:00\">6 f\u00e9vrier 2026<\/time><\/div><\/div>\n\n\n\n<div class=\"is-layout-flow wp-block-column is-vertically-aligned-center\" style=\"font-size:15px;flex-basis:40%\">\n<p><\/p>\n\n\n\n<p><strong>Attention ! <\/strong>Certains \u00e9tablissements utilisent parfois de proc\u00e9dures compl\u00e9mentaires <\/p>\n<\/div>\n\n\n\n<div class=\"is-layout-flow wp-block-column is-vertically-aligned-center\" style=\"font-size:15px;flex-basis:25%\">\n<div class=\"is-horizontal is-content-justification-center is-layout-flex wp-container-12 wp-block-buttons alignfull has-custom-font-size\" style=\"font-size:16px\">\n<div class=\"wp-block-button has-custom-width wp-block-button__width-75 has-custom-font-size is-style-fill\" style=\"font-size:15px\"><a class=\"wp-block-button__link has-white-color has-text-color has-background wp-element-button\" href=\"mailto:scoop@u-bordeaux.fr\" style=\"border-radius:65px;background-color:#000000db\"><strong>Signaler une erreur<\/strong><\/a><\/div>\n<\/div>\n<\/div>\n<\/div>\n","protected":false},"excerpt":{"rendered":"<p>Table des mati\u00e8res[ Show ]Affichez les r\u00e9servations en attente Imprimez l&rsquo;avis de r\u00e9servationEnvoyez l&rsquo;impression sur l&rsquo;imprimante de votre choixPour le SCOOPEn cas d&rsquo;indisponibilit\u00e9 du serveur d&rsquo;impression, il est possible d&rsquo;imprimer manuellement un avis de r\u00e9servation. Voici la marche \u00e0 suivre&#8230;.<\/p>\n","protected":false},"author":2,"featured_media":0,"parent":18470,"menu_order":5,"comment_status":"closed","ping_status":"closed","template":"","meta":[],"post_mailing_queue_ids":[],"_links":{"self":[{"href":"http:\/\/rebub.u-bordeaux.fr\/index.php\/wp-json\/wp\/v2\/pages\/18528"}],"collection":[{"href":"http:\/\/rebub.u-bordeaux.fr\/index.php\/wp-json\/wp\/v2\/pages"}],"about":[{"href":"http:\/\/rebub.u-bordeaux.fr\/index.php\/wp-json\/wp\/v2\/types\/page"}],"author":[{"embeddable":true,"href":"http:\/\/rebub.u-bordeaux.fr\/index.php\/wp-json\/wp\/v2\/users\/2"}],"replies":[{"embeddable":true,"href":"http:\/\/rebub.u-bordeaux.fr\/index.php\/wp-json\/wp\/v2\/comments?post=18528"}],"version-history":[{"count":5,"href":"http:\/\/rebub.u-bordeaux.fr\/index.php\/wp-json\/wp\/v2\/pages\/18528\/revisions"}],"predecessor-version":[{"id":24611,"href":"http:\/\/rebub.u-bordeaux.fr\/index.php\/wp-json\/wp\/v2\/pages\/18528\/revisions\/24611"}],"up":[{"embeddable":true,"href":"http:\/\/rebub.u-bordeaux.fr\/index.php\/wp-json\/wp\/v2\/pages\/18470"}],"wp:attachment":[{"href":"http:\/\/rebub.u-bordeaux.fr\/index.php\/wp-json\/wp\/v2\/media?parent=18528"}],"curies":[{"name":"wp","href":"https:\/\/api.w.org\/{rel}","templated":true}]}}