	{"id":18544,"date":"2024-03-22T09:32:55","date_gmt":"2024-03-22T08:32:55","guid":{"rendered":"https:\/\/rebub.u-bordeaux.fr\/?page_id=18544"},"modified":"2024-04-22T12:13:18","modified_gmt":"2024-04-22T10:13:18","slug":"la-structure-des-donnees-dans-alma","status":"publish","type":"page","link":"http:\/\/rebub.u-bordeaux.fr\/index.php\/alma\/procedures\/gestion-des-ressources\/circuits-et-architecture-des-donnees\/la-structure-des-donnees-dans-alma\/","title":{"rendered":"Architecture des donn\u00e9es dans Alma"},"content":{"rendered":"<div id='wpig-floatingbar' class='wpig-floatingbar'><div id='wpig-switch-wrapper' class='wpig-switch-wrapper'><span id='wpig-floating-switch' class='wpig-floating-switch'><img src='http:\/\/rebub.u-bordeaux.fr\/wp-content\/plugins\/sticky-toc-advance-table-of-contents\/\\assets\\menu.png'><\/span><\/div><div id='wpig-contents' class='wpig-contents  wpig-sidebar-widget wpig-style-3'><span class='wpig-headline'>Table des mati\u00e8res<span><a data-action='show' class='wpig-btn-toggledisplay'>[ Show ]<\/a><\/span><\/span><!-- Table of Contents --><div id='wpig-table-of-content' class='wpig-table-of-content'><ol><li class='stoc-presentation-des-differents-perimetres-de-gestion-dans-alma'><a href='#stoc-presentation-des-differents-perimetres-de-gestion-dans-alma'>Pr\u00e9sentation des diff\u00e9rents p\u00e9rim\u00e8tres de gestion dans Alma<\/a><\/li><li class='stoc-la-zone-communautaire-cz'><a href='#stoc-la-zone-communautaire-cz'>La zone communautaire (CZ):<\/a><ol><li class='stoc-les-fichiers-dautorite-global-authorities'><a href='#stoc-les-fichiers-dautorite-global-authorities'>Les fichiers d\u2019autorit\u00e9 (Global Authorities) :<\/a><\/li><li class='stoc-le-catalogue-communautaire'><a href='#stoc-le-catalogue-communautaire'>Le catalogue communautaire<\/a><\/li><li class='stoc-la-base-de-connaissance-central-kbc'><a href='#stoc-la-base-de-connaissance-central-kbc'>La base de connaissance central (KBC)<\/a><\/li><\/ol><li class='stoc-la-zone-reseau'><a href='#stoc-la-zone-reseau'>La zone r\u00e9seau<\/a><ol><li class='stoc-le-repertoire-des-notices-bibliographiques'><a href='#stoc-le-repertoire-des-notices-bibliographiques'>Le r\u00e9pertoire des notices bibliographiques<\/a><\/li><li class='stoc-les-collections-electroniques-gerees-par-le-scoop'><a href='#stoc-les-collections-electroniques-gerees-par-le-scoop'>Les collections \u00e9lectroniques g\u00e9r\u00e9es par le SCOOP<\/a><\/li><li class='stoc-les-comptes-lecteurs-institutionnels'><a href='#stoc-les-comptes-lecteurs-institutionnels'>Les comptes lecteurs institutionnels<\/a><\/li><\/ol><li class='stoc-les-zones-institutionnelles'><a href='#stoc-les-zones-institutionnelles'>Les zones institutionnelles<\/a><\/li><li class='stoc-architecture-des-donnees-dinventaires'><a href='#stoc-architecture-des-donnees-dinventaires'>Architecture des donn\u00e9es d&rsquo;inventaires<\/a><ol><li class='stoc-architecture-des-donnees-dinventaires-physique'><a href='#stoc-architecture-des-donnees-dinventaires-physique'> Architecture des donn\u00e9es d&rsquo;inventaires physique <\/a><\/li><li class='stoc-particularite-de-la-documentation-electronique-le-role-de-la-collection-electronique'><a href='#stoc-particularite-de-la-documentation-electronique-le-role-de-la-collection-electronique'> Particularit\u00e9 de la documentation \u00e9lectronique : le r\u00f4le de la collection \u00e9lectronique <\/a><\/li><\/ol><\/li><\/li><\/li><\/div><!-- END OF Table of Contents --><\/div><\/div><p><div id='wpig-contents' class='wpig-contents  wpig-sidebar-widget wpig-style-1'><span class='wpig-headline'>Table des mati\u00e8res<span><a data-action='show' class='wpig-btn-toggledisplay'>[ Show ]<\/a><\/span><\/span><!-- Table of Contents --><div id='wpig-table-of-content' class='wpig-table-of-content' ><ol><li class='stoc-presentation-des-differents-perimetres-de-gestion-dans-alma'><a href='#stoc-presentation-des-differents-perimetres-de-gestion-dans-alma'>Pr\u00e9sentation des diff\u00e9rents p\u00e9rim\u00e8tres de gestion dans Alma<\/a><\/li><li class='stoc-la-zone-communautaire-cz'><a href='#stoc-la-zone-communautaire-cz'>La zone communautaire (CZ):<\/a><ol><li class='stoc-les-fichiers-dautorite-global-authorities'><a href='#stoc-les-fichiers-dautorite-global-authorities'>Les fichiers d\u2019autorit\u00e9 (Global Authorities) :<\/a><\/li><li class='stoc-le-catalogue-communautaire'><a href='#stoc-le-catalogue-communautaire'>Le catalogue communautaire<\/a><\/li><li class='stoc-la-base-de-connaissance-central-kbc'><a href='#stoc-la-base-de-connaissance-central-kbc'>La base de connaissance central (KBC)<\/a><\/li><\/ol><li class='stoc-la-zone-reseau'><a href='#stoc-la-zone-reseau'>La zone r\u00e9seau<\/a><ol><li class='stoc-le-repertoire-des-notices-bibliographiques'><a href='#stoc-le-repertoire-des-notices-bibliographiques'>Le r\u00e9pertoire des notices bibliographiques<\/a><\/li><li class='stoc-les-collections-electroniques-gerees-par-le-scoop'><a href='#stoc-les-collections-electroniques-gerees-par-le-scoop'>Les collections \u00e9lectroniques g\u00e9r\u00e9es par le SCOOP<\/a><\/li><li class='stoc-les-comptes-lecteurs-institutionnels'><a href='#stoc-les-comptes-lecteurs-institutionnels'>Les comptes lecteurs institutionnels<\/a><\/li><\/ol><li class='stoc-les-zones-institutionnelles'><a href='#stoc-les-zones-institutionnelles'>Les zones institutionnelles<\/a><\/li><li class='stoc-architecture-des-donnees-dinventaires'><a href='#stoc-architecture-des-donnees-dinventaires'>Architecture des donn\u00e9es d&rsquo;inventaires<\/a><ol><li class='stoc-architecture-des-donnees-dinventaires-physique'><a href='#stoc-architecture-des-donnees-dinventaires-physique'> Architecture des donn\u00e9es d&rsquo;inventaires physique <\/a><\/li><li class='stoc-particularite-de-la-documentation-electronique-le-role-de-la-collection-electronique'><a href='#stoc-particularite-de-la-documentation-electronique-le-role-de-la-collection-electronique'> Particularit\u00e9 de la documentation \u00e9lectronique : le r\u00f4le de la collection \u00e9lectronique <\/a><\/li><\/ol><\/li><\/li><\/li><\/div><!-- END OF Table of Contents --><\/div><\/p>\n<h2 id=\"stoc-presentation-des-differents-perimetres-de-gestion-dans-alma\" class=\"wpig-heading\">Pr\u00e9sentation des diff\u00e9rents p\u00e9rim\u00e8tres de gestion dans Alma<\/h2>\n\n\n\n<p>Notre topologie r\u00e9seau nous am\u00e8ne \u00e0 avoir 3 environnements de gestion dans Alma<\/p>\n\n\n<div class=\"wp-block-image size-full wp-image-12497\">\n<figure class=\"aligncenter\"><img decoding=\"async\" loading=\"lazy\" width=\"821\" height=\"323\" src=\"http:\/\/rebub.u-bordeaux.fr\/wp-content\/uploads\/2021\/09\/Zone-communautaire-zone-r\u00e9seau-et-zone-institutionnelle-pr\u00e9sentation-des-diff\u00e9rents-p\u00e9rim\u00e8tres-de-gestion-dans-Alma.drawio.png\" alt=\"\" class=\"wp-image-12497\" srcset=\"https:\/\/rebub.u-bordeaux.fr\/wp-content\/uploads\/2021\/09\/Zone-communautaire-zone-r\u00e9seau-et-zone-institutionnelle-pr\u00e9sentation-des-diff\u00e9rents-p\u00e9rim\u00e8tres-de-gestion-dans-Alma.drawio.png 821w, https:\/\/rebub.u-bordeaux.fr\/wp-content\/uploads\/2021\/09\/Zone-communautaire-zone-r\u00e9seau-et-zone-institutionnelle-pr\u00e9sentation-des-diff\u00e9rents-p\u00e9rim\u00e8tres-de-gestion-dans-Alma.drawio-300x118.png 300w, https:\/\/rebub.u-bordeaux.fr\/wp-content\/uploads\/2021\/09\/Zone-communautaire-zone-r\u00e9seau-et-zone-institutionnelle-pr\u00e9sentation-des-diff\u00e9rents-p\u00e9rim\u00e8tres-de-gestion-dans-Alma.drawio-768x302.png 768w\" sizes=\"(max-width: 821px) 100vw, 821px\" \/><figcaption class=\"wp-element-caption\">Zone communautaire, zone r\u00e9seau et zone institutionnelle pr\u00e9sentation des diff\u00e9rents p\u00e9rim\u00e8tres de gestion dans Alma<\/figcaption><\/figure><\/div>\n\n\n<h2 id=\"stoc-la-zone-communautaire-cz\" class=\"wpig-heading\">La zone communautaire (CZ):<\/h2>\n\n\n\n<p>La zone communautaire g\u00e9r\u00e9e par ExLibris est partag\u00e9e pour tous les clients Alma. Elle contient :<\/p>\n\n\n\n<h3 id=\"stoc-les-fichiers-dautorite-global-authorities\" class=\"wpig-heading\">Les fichiers d\u2019autorit\u00e9 (Global Authorities) :<\/h3>\n\n\n\n<p>On y  retrouve les plus grand r\u00e9servoirs d&rsquo;autorit\u00e9s dont IDREF. Le r\u00e9pertoire de l&rsquo;ABES est rafraichi 2 fois par jour.<\/p>\n\n\n\n<h3 id=\"stoc-le-catalogue-communautaire\" class=\"wpig-heading\">Le catalogue communautaire<\/h3>\n\n\n\n<p>Il contient essentiellement des notices bibliographiques de documents \u00e9lectroniques. Ces notices sont en MARC 21 ; elles sont cr\u00e9\u00e9es et g\u00e9r\u00e9es par ExLibris, mais des modifications peuvent \u00eatre apport\u00e9es par les \u00e9tablissements \u00e0 l&rsquo;exception du champ 022 (ISBN). Les notices peuvent aussi \u00eatre copi\u00e9es en local.<\/p>\n\n\n\n<h3 id=\"stoc-la-base-de-connaissance-central-kbc\" class=\"wpig-heading\">La base de connaissance central (KBC)<\/h3>\n\n\n\n<p>Contient les informations d&rsquo;acc\u00e8s et de gestion des abonnements \u00e9lectroniques (Param\u00e8tre de construction des urls d&rsquo;acc\u00e8s, couverture, package,&#8230;)<\/p>\n\n\n\n<h2 id=\"stoc-la-zone-reseau\" class=\"wpig-heading\">La zone r\u00e9seau<\/h2>\n\n\n\n<p>La zone r\u00e9seau correspond au niveau de gestion REBUB. En plus des param\u00e8tres communs \u00e0 tous les \u00e9tablissements du r\u00e9seau et les donn\u00e9es lecteurs, cette zone contient :<\/p>\n\n\n\n<h3 id=\"stoc-le-repertoire-des-notices-bibliographiques\" class=\"wpig-heading\">Le r\u00e9pertoire des notices bibliographiques<\/h3>\n\n\n\n<p>Toute notice cr\u00e9\u00e9e dans Alma est cr\u00e9\u00e9e dans la zone r\u00e9seau. Ceci est valable quel que soit le mode de cr\u00e9ation de la notice, que ce soit par chargement des notices SUDOC, cr\u00e9ation de lignes de bon de commandes, ou par ajout manuel.<\/p>\n\n\n\n<p>Les notices sont publi\u00e9es vers Babord+ \u00e0 partir de cet environnement.<\/p>\n\n\n\n<h3 id=\"stoc-les-collections-electroniques-gerees-par-le-scoop\" class=\"wpig-heading\">Les collections \u00e9lectroniques g\u00e9r\u00e9es par le SCOOP<\/h3>\n\n\n\n<p>La zone r\u00e9seau regroupe \u00e9galement toutes les informations de gestion (donn\u00e9es d&rsquo;acquisition, donn\u00e9es d&rsquo;usage et param\u00e8tre d&rsquo;acc\u00e8s) des bases de donn\u00e9es acquises par le SCOOP pour le r\u00e9seau.<\/p>\n\n\n\n<h3 id=\"stoc-les-comptes-lecteurs-institutionnels\" class=\"wpig-heading\">Les comptes lecteurs institutionnels<\/h3>\n\n\n\n<p>Toutes les informations concernant les lecteurs membres de nos institutions (\u00e9tudiants et personnels) sont charg\u00e9es chaque nuit dans la zone r\u00e9seau.&nbsp; Les informations sont ensuite r\u00e9pliqu\u00e9es dans chaque institution si le lecteur s&rsquo;est pr\u00e9sent\u00e9 au moins une fois au bureau de pr\u00eat ou s&rsquo;il s&rsquo;est authentifi\u00e9.<\/p>\n\n\n\n<h2 id=\"stoc-les-zones-institutionnelles\" class=\"wpig-heading\">Les zones institutionnelles<\/h2>\n\n\n\n<p>Propres \u00e0 chaque institution du r\u00e9seau, ces environnements contiennent les donn\u00e9es d&rsquo;inventaire et les informations de gestion qui leurs sont li\u00e9es (acquisition, usages, &#8230;) :<\/p>\n\n\n\n<ul>\n<li>Les holdings et exemplaires pour la documentation physique<\/li>\n\n\n\n<li>Les collections \u00e9lectroniques et portfolios pour la documentation \u00e9lectronique<\/li>\n\n\n\n<li>Les param\u00e8tres propres \u00e0 l&rsquo;institution (surcharge des \u00e9tats de collection, param\u00e8tre de construction d&rsquo;Url) dans le cas de collections ou portfolios g\u00e9r\u00e9s dans la KBC.<\/li>\n<\/ul>\n\n\n\n<p>Au niveau bibliographique, elle peut contenir des champs propres \u00e0 l&rsquo;institution. Ces champs dits locaux ne sont utilis\u00e9s que par BXSA.<\/p>\n\n\n\n<div class=\"is-layout-flex wp-container-3 wp-block-columns bord-bloc-reutilisable has-background\" style=\"background-color:#ffeec2\">\n<div class=\"is-layout-flow wp-block-column is-vertically-aligned-center\" style=\"flex-basis:7%\">\n<figure class=\"wp-block-image alignfull size-full is-style-default\"><img decoding=\"async\" loading=\"lazy\" width=\"512\" height=\"512\" src=\"https:\/\/rebub.u-bordeaux.fr\/wp-content\/uploads\/2024\/04\/nouvelles-idees-en-cours.png\" alt=\"\" class=\"wp-image-19897\" srcset=\"https:\/\/rebub.u-bordeaux.fr\/wp-content\/uploads\/2024\/04\/nouvelles-idees-en-cours.png 512w, https:\/\/rebub.u-bordeaux.fr\/wp-content\/uploads\/2024\/04\/nouvelles-idees-en-cours-300x300.png 300w, https:\/\/rebub.u-bordeaux.fr\/wp-content\/uploads\/2024\/04\/nouvelles-idees-en-cours-150x150.png 150w\" sizes=\"(max-width: 512px) 100vw, 512px\" \/><\/figure>\n<\/div>\n\n\n\n<div class=\"is-layout-flow wp-block-column is-vertically-aligned-center\" style=\"flex-basis:85%\">\n<p><strong>Astuce : Savoir \u00e0 quel niveau est g\u00e9r\u00e9e une entit\u00e9 dans Alma<\/strong><\/p>\n\n\n\n<p>Pour savoir \u00e0 quel niveau est g\u00e9r\u00e9e une collection \u00e9lectronique, une notice bibliographique ou un portfolio, il suffit de regarder l\u2019ic\u00f4ne \u00e0 gauche du r\u00e9sultat de recherche<\/p>\n\n\n<div class=\"wp-block-image\">\n<figure class=\"aligncenter is-resized\"><img decoding=\"async\" loading=\"lazy\" src=\"http:\/\/rebub.u-bordeaux.fr\/wp-content\/uploads\/2021\/09\/IconesAlmaEtNiveau-de-gestion.drawio.png\" alt=\"\" class=\"wp-image-12509\" width=\"344\" height=\"133\" srcset=\"https:\/\/rebub.u-bordeaux.fr\/wp-content\/uploads\/2021\/09\/IconesAlmaEtNiveau-de-gestion.drawio.png 391w, https:\/\/rebub.u-bordeaux.fr\/wp-content\/uploads\/2021\/09\/IconesAlmaEtNiveau-de-gestion.drawio-300x116.png 300w\" sizes=\"(max-width: 344px) 100vw, 344px\" \/><\/figure><\/div><\/div>\n<\/div>\n\n\n\n<h2 id=\"stoc-architecture-des-donnees-dinventaires\" class=\"wpig-heading\">Architecture des donn\u00e9es d&rsquo;inventaires<\/h2>\n\n\n\n<p>Les donn\u00e9es d&rsquo;inventaires sont stock\u00e9es dans l&rsquo;institution ou dans la CZ en cas d&rsquo;activation d&rsquo;une collection de la base de connaissance centrale. Ces donn\u00e9es d&rsquo;inventaire comprennent 3 niveaux d&rsquo;information :<\/p>\n\n\n\n<ul>\n<li>L&rsquo;e<strong>ntit\u00e9 intellectuelle (EI) :<\/strong> correspond \u00e0 la notice bibliographique. Il s&rsquo;agit \u00e0 minima de l&rsquo;identifiant de la notice dans votre institution (MMS ID). Ce niveau est compl\u00e9tement invisible pour vous. Il permet de faire le lien entre le r\u00e9pertoire bibliographique et le r\u00e9pertoire des inventaires, mais aussi, dans notre topologie, entre la zone r\u00e9seau et la zone institutionnelle.<\/li>\n\n\n\n<li><strong>Le Niveau interm\u00e9diaire :<\/strong> c&rsquo;est un niveau de regroupement, sa nature varie en fonction des ressources :\n<ul>\n<li>Holding pour les ressources physiques<\/li>\n\n\n\n<li>Informations de service \u00e9lectronique (texte int\u00e9gral ou le texte int\u00e9gral s\u00e9lectif) pour les ressources \u00e9lectroniques.<\/li>\n\n\n\n<li>Informations de repr\u00e9sentation pour les inventaires num\u00e9riques. <\/li>\n<\/ul>\n<\/li>\n\n\n\n<li><strong>L&rsquo;exemplaire<\/strong> :  l&rsquo;exemplaire correspond au niveau d&rsquo;inventaire qui permet la gestion, la mise en circulation et l&rsquo;acc\u00e8s au document.<\/li>\n<\/ul>\n\n\n\n<h3 id=\"stoc-architecture-des-donnees-dinventaires-physique\" class=\"wpig-heading\"> Architecture des donn\u00e9es d&rsquo;inventaires physique <\/h3>\n\n\n<div class=\"wp-block-image\">\n<figure class=\"aligncenter size-large\"><img decoding=\"async\" loading=\"lazy\" width=\"761\" height=\"524\" src=\"http:\/\/rebub.u-bordeaux.fr\/wp-content\/uploads\/2021\/09\/Architecture-donn\u00e9es-dinventaires-physiques.drawio.png\" alt=\"\" class=\"wp-image-12528\" srcset=\"https:\/\/rebub.u-bordeaux.fr\/wp-content\/uploads\/2021\/09\/Architecture-donn\u00e9es-dinventaires-physiques.drawio.png 761w, https:\/\/rebub.u-bordeaux.fr\/wp-content\/uploads\/2021\/09\/Architecture-donn\u00e9es-dinventaires-physiques.drawio-300x207.png 300w\" sizes=\"(max-width: 761px) 100vw, 761px\" \/><\/figure><\/div>\n\n\n<p>Les donn\u00e9es dans Alma sont organis\u00e9es en <strong>3 niveaux<\/strong> :<\/p>\n\n\n\n<ul>\n<li>&nbsp;la <strong>notice bibliographique<\/strong> : c&rsquo;est la description d&rsquo;une ressource (physique ou \u00e9lectronique)<\/li>\n\n\n\n<li>la <strong>notice holding<\/strong> : notice interm\u00e9diaire obligatoirement li\u00e9e \u00e0 une notice bibliographique et qui contient les informations suivantes :\n<ul>\n<li>&nbsp;le nom de la biblioth\u00e8que qui d\u00e9tient la ressource<\/li>\n\n\n\n<li>&nbsp;la localisation (l&rsquo;espace de rangement de la ressource dans la biblioth\u00e8que)<\/li>\n\n\n\n<li>&nbsp;la cote de rangement de cette ressource dans la biblioth\u00e8que<\/li>\n\n\n\n<li>&nbsp;l&rsquo;\u00e9tat de collection et le mod\u00e8le de pr\u00e9vision pour les p\u00e9riodiques<\/li>\n<\/ul>\n<\/li>\n\n\n\n<li>&nbsp;la <strong>notice d&rsquo;exemplaire<\/strong> : elle indique la possession physique du document. C&rsquo;est ce qui constitue l&rsquo;inventaire de la biblioth\u00e8que.<\/li>\n<\/ul>\n\n\n\n<div class=\"is-layout-flex wp-container-6 wp-block-columns bord-bloc-reutilisable has-background\" style=\"background-color:#ffeec2\">\n<div class=\"is-layout-flow wp-block-column is-vertically-aligned-center\" style=\"flex-basis:7%\">\n<figure class=\"wp-block-image alignfull size-full is-style-default\"><img decoding=\"async\" loading=\"lazy\" width=\"512\" height=\"512\" src=\"https:\/\/rebub.u-bordeaux.fr\/wp-content\/uploads\/2024\/04\/nouvelles-idees-en-cours.png\" alt=\"\" class=\"wp-image-19897\" srcset=\"https:\/\/rebub.u-bordeaux.fr\/wp-content\/uploads\/2024\/04\/nouvelles-idees-en-cours.png 512w, https:\/\/rebub.u-bordeaux.fr\/wp-content\/uploads\/2024\/04\/nouvelles-idees-en-cours-300x300.png 300w, https:\/\/rebub.u-bordeaux.fr\/wp-content\/uploads\/2024\/04\/nouvelles-idees-en-cours-150x150.png 150w\" sizes=\"(max-width: 512px) 100vw, 512px\" \/><\/figure>\n<\/div>\n\n\n\n<div class=\"is-layout-flow wp-block-column is-vertically-aligned-center\" style=\"flex-basis:85%\">\n<p><strong>A savoir :<\/strong><\/p>\n\n\n\n<ul>\n<li>&nbsp;il n&rsquo;y a pas de notice holding sans notice bibliographique<\/li>\n\n\n\n<li>&nbsp;une notice bibliographique peut avoir plusieurs notices holding (d&rsquo;une m\u00eame biblioth\u00e8que ou d&rsquo;autres biblioth\u00e8ques)<\/li>\n\n\n\n<li>&nbsp;il n&rsquo;y a pas d&rsquo;exemplaire sans notice holding<\/li>\n\n\n\n<li>&nbsp;une notice holding peut g\u00e9rer plusieurs exemplaires<\/li>\n<\/ul>\n<\/div>\n<\/div>\n\n\n\n<h3 id=\"stoc-particularite-de-la-documentation-electronique-le-role-de-la-collection-electronique\" class=\"wpig-heading\"> Particularit\u00e9 de la documentation \u00e9lectronique : le r\u00f4le de la collection \u00e9lectronique <\/h3>\n\n\n\n<p> Pour les ressources \u00e9lectroniques, il existe un niveau suppl\u00e9mentaire la collection \u00e9lectronique.  Cette entit\u00e9 repr\u00e9sente une unit\u00e9 d&rsquo;inventaire qui regroupe plusieurs titres  qui ont \u00e9t\u00e9 acquis chez un m\u00eame fournisseur, sont accessibles sur une m\u00eame plateforme et ont \u00e9t\u00e9 activ\u00e9s en m\u00eame temps. Une collection \u00e9lectronique peut \u00eatre elle aussi li\u00e9e \u00e0 une notice bibliographique. <\/p>\n\n\n<div class=\"wp-block-image\">\n<figure class=\"aligncenter size-large\"><img decoding=\"async\" loading=\"lazy\" width=\"761\" height=\"474\" src=\"http:\/\/rebub.u-bordeaux.fr\/wp-content\/uploads\/2021\/09\/Architecture-donn\u00e9es-dinventaires-\u00e9lectroniques.drawio.png\" alt=\"\" class=\"wp-image-12532\" srcset=\"https:\/\/rebub.u-bordeaux.fr\/wp-content\/uploads\/2021\/09\/Architecture-donn\u00e9es-dinventaires-\u00e9lectroniques.drawio.png 761w, https:\/\/rebub.u-bordeaux.fr\/wp-content\/uploads\/2021\/09\/Architecture-donn\u00e9es-dinventaires-\u00e9lectroniques.drawio-300x187.png 300w\" sizes=\"(max-width: 761px) 100vw, 761px\" \/><\/figure><\/div>\n\n\n<p>Dans la plupart des cas, notices bibliographiques et donn\u00e9es d&rsquo;inventaires sont localis\u00e9es dans la zone communautaire. Toutefois, il est possible :<\/p>\n\n\n\n<ul>\n<li>De surcharger certains informations de la KBC par des informations locales :\n<ul>\n<li>Informations de couvertures<\/li>\n\n\n\n<li>Param\u00e8tres de r\u00e9solutions d&rsquo;URL<\/li>\n\n\n\n<li>Nom publique de la collection<\/li>\n\n\n\n<li>&#8230;.. <\/li>\n<\/ul>\n<\/li>\n\n\n\n<li>De remplacer une notice bibliographique li\u00e9e \u00e0 un portfolio de la KBC par une notice locale<\/li>\n\n\n\n<li>De charger des collections et des portfolios locaux<\/li>\n<\/ul>\n\n\n\n<p>Dans les deux derniers cas la notice sera copi\u00e9e\/vers\u00e9e dans la zone r\u00e9seau. Dans le dernier cas les portfolios seront cr\u00e9\u00e9s dans la zone de l&rsquo;institution.<\/p>\n\n\n\n<div class=\"is-layout-flex wp-container-12 wp-block-columns bord-bloc-reutilisable has-background\" style=\"background-color:#d9edf7\">\n<div class=\"is-layout-flow wp-block-column is-vertically-aligned-center\" style=\"font-size:15px;flex-basis:20%\">\n<p style=\"font-size:15px\"><strong>Date de publication<\/strong> <\/p>\n\n\n<div style=\"font-size:15px;\" class=\"wp-block-post-date\"><time datetime=\"2024-03-22T09:32:55+01:00\">22 mars 2024<\/time><\/div><\/div>\n\n\n\n<div class=\"is-layout-flow wp-block-column is-vertically-aligned-center\" style=\"font-size:15px;flex-basis:20%\">\n<p><strong>Mis \u00e0 jour le <\/strong><\/p>\n\n\n<div style=\"font-size:15px;\" class=\"wp-block-post-date\"><time datetime=\"2024-04-22T12:13:18+02:00\">22 avril 2024<\/time><\/div><\/div>\n\n\n\n<div class=\"is-layout-flow wp-block-column is-vertically-aligned-center\" style=\"font-size:15px;flex-basis:40%\">\n<p><\/p>\n\n\n\n<p><strong>Attention ! <\/strong>Certains \u00e9tablissements utilisent parfois de proc\u00e9dures compl\u00e9mentaires <\/p>\n<\/div>\n\n\n\n<div class=\"is-layout-flow wp-block-column is-vertically-aligned-center\" style=\"font-size:15px;flex-basis:25%\">\n<div class=\"is-horizontal is-content-justification-center is-layout-flex wp-container-10 wp-block-buttons alignfull has-custom-font-size\" style=\"font-size:16px\">\n<div class=\"wp-block-button has-custom-width wp-block-button__width-75 has-custom-font-size is-style-fill\" style=\"font-size:15px\"><a class=\"wp-block-button__link has-white-color has-text-color has-background wp-element-button\" href=\"mailto:scoop@u-bordeaux.fr\" style=\"border-radius:65px;background-color:#000000db\"><strong>Signaler une erreur<\/strong><\/a><\/div>\n<\/div>\n<\/div>\n<\/div>\n","protected":false},"excerpt":{"rendered":"<p>Table des mati\u00e8res[ Show ]Pr\u00e9sentation des diff\u00e9rents p\u00e9rim\u00e8tres de gestion dans AlmaLa zone communautaire (CZ):Les fichiers d\u2019autorit\u00e9 (Global Authorities) :Le catalogue communautaireLa base de connaissance central (KBC)La zone r\u00e9seauLe r\u00e9pertoire des notices bibliographiquesLes collections \u00e9lectroniques g\u00e9r\u00e9es par le SCOOPLes comptes&#8230;<\/p>\n","protected":false},"author":46,"featured_media":4793,"parent":18538,"menu_order":0,"comment_status":"closed","ping_status":"closed","template":"","meta":[],"post_mailing_queue_ids":[],"_links":{"self":[{"href":"http:\/\/rebub.u-bordeaux.fr\/index.php\/wp-json\/wp\/v2\/pages\/18544"}],"collection":[{"href":"http:\/\/rebub.u-bordeaux.fr\/index.php\/wp-json\/wp\/v2\/pages"}],"about":[{"href":"http:\/\/rebub.u-bordeaux.fr\/index.php\/wp-json\/wp\/v2\/types\/page"}],"author":[{"embeddable":true,"href":"http:\/\/rebub.u-bordeaux.fr\/index.php\/wp-json\/wp\/v2\/users\/46"}],"replies":[{"embeddable":true,"href":"http:\/\/rebub.u-bordeaux.fr\/index.php\/wp-json\/wp\/v2\/comments?post=18544"}],"version-history":[{"count":3,"href":"http:\/\/rebub.u-bordeaux.fr\/index.php\/wp-json\/wp\/v2\/pages\/18544\/revisions"}],"predecessor-version":[{"id":20323,"href":"http:\/\/rebub.u-bordeaux.fr\/index.php\/wp-json\/wp\/v2\/pages\/18544\/revisions\/20323"}],"up":[{"embeddable":true,"href":"http:\/\/rebub.u-bordeaux.fr\/index.php\/wp-json\/wp\/v2\/pages\/18538"}],"wp:featuredmedia":[{"embeddable":true,"href":"http:\/\/rebub.u-bordeaux.fr\/index.php\/wp-json\/wp\/v2\/media\/4793"}],"wp:attachment":[{"href":"http:\/\/rebub.u-bordeaux.fr\/index.php\/wp-json\/wp\/v2\/media?parent=18544"}],"curies":[{"name":"wp","href":"https:\/\/api.w.org\/{rel}","templated":true}]}}