	{"id":18545,"date":"2024-03-22T09:32:56","date_gmt":"2024-03-22T08:32:56","guid":{"rendered":"https:\/\/rebub.u-bordeaux.fr\/?page_id=18545"},"modified":"2025-05-22T10:17:20","modified_gmt":"2025-05-22T08:17:20","slug":"la-gestion-des-theses-electroniques-dans-alma-2","status":"publish","type":"page","link":"http:\/\/rebub.u-bordeaux.fr\/index.php\/alma\/procedures\/gestion-des-ressources\/circuits-et-architecture-des-donnees\/la-gestion-des-theses-electroniques-dans-alma-2\/","title":{"rendered":"La gestion des th\u00e8ses et m\u00e9moires \u00e9lectroniques dans Alma"},"content":{"rendered":"<div id='wpig-floatingbar' class='wpig-floatingbar'><div id='wpig-switch-wrapper' class='wpig-switch-wrapper'><span id='wpig-floating-switch' class='wpig-floating-switch'><img src='http:\/\/rebub.u-bordeaux.fr\/wp-content\/plugins\/sticky-toc-advance-table-of-contents\/\\assets\\menu.png'><\/span><\/div><div id='wpig-contents' class='wpig-contents  wpig-sidebar-widget wpig-style-3'><span class='wpig-headline'>Table des mati\u00e8res<span><a data-action='show' class='wpig-btn-toggledisplay'>[ Show ]<\/a><\/span><\/span><!-- Table of Contents --><div id='wpig-table-of-content' class='wpig-table-of-content'><ol><li class='stoc-presentation-du-circuit'><a href='#stoc-presentation-du-circuit'>Pr\u00e9sentation du circuit<\/a><\/li><li class='stoc-configuration-des-profils-dimport'><a href='#stoc-configuration-des-profils-dimport'>Configuration des profils d&rsquo;import<\/a><ol><li class='stoc-regles-dindication'><a href='#stoc-regles-dindication'>R\u00e8gles d&rsquo;indication<\/a><\/li><li class='stoc-regle-de-normalisation'><a href='#stoc-regle-de-normalisation'>R\u00e8gle de normalisation<\/a><\/li><\/ol><li class='stoc-consulter-le-rapport-de-chargement'><a href='#stoc-consulter-le-rapport-de-chargement'>Consulter le rapport de chargement<\/a><\/li><\/ol><\/li><\/div><!-- END OF Table of Contents --><\/div><\/div><p><div id='wpig-contents' class='wpig-contents  wpig-sidebar-widget wpig-style-1'><span class='wpig-headline'>Table des mati\u00e8res<span><a data-action='show' class='wpig-btn-toggledisplay'>[ Show ]<\/a><\/span><\/span><!-- Table of Contents --><div id='wpig-table-of-content' class='wpig-table-of-content' ><ol><li class='stoc-presentation-du-circuit'><a href='#stoc-presentation-du-circuit'>Pr\u00e9sentation du circuit<\/a><\/li><li class='stoc-configuration-des-profils-dimport'><a href='#stoc-configuration-des-profils-dimport'>Configuration des profils d&rsquo;import<\/a><ol><li class='stoc-regles-dindication'><a href='#stoc-regles-dindication'>R\u00e8gles d&rsquo;indication<\/a><\/li><li class='stoc-regle-de-normalisation'><a href='#stoc-regle-de-normalisation'>R\u00e8gle de normalisation<\/a><\/li><\/ol><li class='stoc-consulter-le-rapport-de-chargement'><a href='#stoc-consulter-le-rapport-de-chargement'>Consulter le rapport de chargement<\/a><\/li><\/ol><\/li><\/div><!-- END OF Table of Contents --><\/div><\/p>\n<h2 id=\"stoc-presentation-du-circuit\" class=\"wpig-heading\">Pr\u00e9sentation du circuit<\/h2>\n\n\n\n<p>La cr\u00e9ation des inventaires \u00e9lectroniques dans Alma est enti\u00e8rement automatis\u00e9e. Lors du chargement d&rsquo;une nouvelle notice un portfolio est cr\u00e9\u00e9 sous la collection appropri\u00e9e.<\/p>\n\n\n\n<p>Dans le d\u00e9tail le traitement se d\u00e9roule ainsi :<\/p>\n\n\n<div class=\"wp-block-image\">\n<figure class=\"aligncenter size-full\"><img decoding=\"async\" loading=\"lazy\" width=\"900\" height=\"465\" src=\"https:\/\/rebub.u-bordeaux.fr\/wp-content\/uploads\/2023\/03\/Circuit-dimport-des-theses.drawio.png\" alt=\"\" class=\"wp-image-15048\" srcset=\"https:\/\/rebub.u-bordeaux.fr\/wp-content\/uploads\/2023\/03\/Circuit-dimport-des-theses.drawio.png 900w, https:\/\/rebub.u-bordeaux.fr\/wp-content\/uploads\/2023\/03\/Circuit-dimport-des-theses.drawio-300x155.png 300w, https:\/\/rebub.u-bordeaux.fr\/wp-content\/uploads\/2023\/03\/Circuit-dimport-des-theses.drawio-768x397.png 768w\" sizes=\"(max-width: 900px) 100vw, 900px\" \/><\/figure><\/div>\n\n\n<ol>\n<li>\ud83d\udd534h &#8211; <strong>Zone r\u00e9seau<\/strong> : La notice est charg\u00e9e via les transferts r\u00e9guliers du SUDOC<\/li>\n\n\n\n<li>\ud83d\udd578h &#8211; <strong>Institution<\/strong> : Les fichiers des transferts r\u00e9guliers sont r\u00e9import\u00e9es dans chacune des institutions. Il y a 3 profils d&rsquo;import (un pour UBM et 2 pour UB). Au cours de ce processus d&rsquo;import : \n<ul>\n<li>Les notices sont filtr\u00e9es gr\u00e2ce <strong>aux r\u00e8gles d&rsquo;indication<\/strong> pour ne traiter que les notices concern\u00e9es par chaque profil d&rsquo;import (Th\u00e8ses d&rsquo;\u00e9tat, Th\u00e8ses d&rsquo;exercice ou M\u00e9moires \u00e9lectroniques) . <\/li>\n\n\n\n<li>Lors du processus d&rsquo;import,  la note et le lien qui serviront de base \u00e0 la cr\u00e9ation du portfolio sont d\u00e9finis et mis en forme en fonction des r\u00e8gles de diffusion du travail universitaire. Cette mise en forme est accomplie gr\u00e2ce aux <strong>r\u00e8gles de normalisation attach\u00e9es au profil d&rsquo;import via le champ \u00ab\u00a0Modifier les donn\u00e9es pour la ligne de commande ou l&rsquo;inventaire avec\u00a0<\/strong>:\u00a0\u00bb<strong>.<\/strong> <\/li>\n\n\n\n<li>Enfin, la notice est r\u00e9import\u00e9e et le portfolio est cr\u00e9\u00e9 ou mis \u00e0 jour<\/li>\n<\/ul>\n<\/li>\n<\/ol>\n\n\n\n<h2 id=\"stoc-configuration-des-profils-dimport\" class=\"wpig-heading\">Configuration des profils d&rsquo;import<\/h2>\n\n\n\n<p>Ces profils d&rsquo;imports sont situ\u00e9s dans la zone propre \u00e0 chaque institution. Pour chaque notice trait\u00e9e le profil cr\u00e9\u00e9 ou met \u00e0 jour le portfolio dans la collection correspondante. Il y a 3 profils configur\u00e9 pour ce circuit<\/p>\n\n\n\n<figure class=\"wp-block-table\"><table><thead><tr><th class=\"has-text-align-left\" data-align=\"left\">Institution<\/th><th class=\"has-text-align-left\" data-align=\"left\">Nom du profil<\/th><th class=\"has-text-align-left\" data-align=\"left\">Identifiant de la collection<\/th><\/tr><tr><td class=\"has-text-align-left\" data-align=\"left\">UBM<\/td><td class=\"has-text-align-left\" data-align=\"left\">Import Th\u00e8ses num\u00e9riques UBM SUDOC<\/td><td class=\"has-text-align-left\" data-align=\"left\">61178359790004674<\/td><\/tr><tr><td class=\"has-text-align-left\" data-align=\"left\">UB<\/td><td class=\"has-text-align-left\" data-align=\"left\">Import Th\u00e8ses d\u2019\u00e9tat num\u00e9riques UB SUDOC<\/td><td class=\"has-text-align-left\" data-align=\"left\">61146059250004672<\/td><\/tr><tr><td class=\"has-text-align-left\" data-align=\"left\">UB<\/td><td class=\"has-text-align-left\" data-align=\"left\">Import Th\u00e8ses d\u2019exercice UB SUDOC<\/td><td class=\"has-text-align-left\" data-align=\"left\">61146279980004672<\/td><\/tr><tr><th class=\"has-text-align-left\" data-align=\"left\"><strong>UBM<\/strong><\/th><th class=\"has-text-align-left\" data-align=\"left\">Import M\u00e9moires UBM SUDOC<\/th><th class=\"has-text-align-left\" data-align=\"left\">61145809840004674<\/th><\/tr><\/thead><\/table><\/figure>\n\n\n\n<p>Ces profils utilisent des r\u00e8gles d&rsquo;indication et de normalisation pour filtrer les notices et construire les champs de donn\u00e9es d\u2019inventaires.<\/p>\n\n\n\n<h3 id=\"stoc-regles-dindication\" class=\"wpig-heading\">R\u00e8gles d&rsquo;indication<\/h3>\n\n\n\n<p>Ces r\u00e8gles permettent de filtrer les notices pour les rediriger vers le bon profil de publication. Il y a donc une r\u00e8gle par profil de publication.<\/p>\n\n\n\n<figure class=\"wp-block-table is-style-stripes\"><table><thead><tr><th>Cas<\/th><th>Nom de la r\u00e8gle <\/th><th>Principe <\/th><\/tr><\/thead><tbody><tr><td>Th\u00e8ses UBM<\/td><td><a rel=\"noreferrer noopener\" href=\"https:\/\/github.com\/louxfaure\/regles-de-normalisation-Alma-REBUB\/blob\/master\/R%C3%A8gles%20de%20normalisation\/NR_UBM_Circuit_de_Synchro_Th%C3%A8ses_Electroniques\" target=\"_blank\"><\/a><a rel=\"noreferrer noopener\" href=\"https:\/\/github.com\/louxfaure\/regles-de-normalisation-Alma-REBUB\/blob\/master\/R%C3%A8gles%20d%27indicatation\/R%C3%A8gle%20d%27identification%20Th%C3%A8ses%20UBM\" target=\"_blank\">R\u00e8gle d&rsquo;identification Th\u00e8ses UBM<\/a><\/td><td>Pr\u00e9sence de la chaine de caract\u00e8res <strong>\u00ab\u00a0BOR\u00a0\u00bb<\/strong> dans le champ <strong>029$b<\/strong> et pr\u00e9sence du RCR de la biblioth\u00e8que \u00e9lectronique (335229906) en 930$b<\/td><\/tr><tr><td>Th\u00e8ses d&rsquo;\u00e9tat UB<\/td><td><a href=\"https:\/\/github.com\/louxfaure\/regles-de-normalisation-Alma-REBUB\/blob\/master\/R%C3%A8gles%20d'indicatation\/R%C3%A8gle%20d'identification%20Th%C3%A8ses%20d'%C3%A9tat%20UB\">R\u00e8gle d&rsquo;identification Th\u00e8ses d&rsquo;\u00e9tat UB<\/a><\/td><td>Pr\u00e9sence des la chaines de caract\u00e8res <strong>\u00ab\u00a0BOR\u00a0\u00bb <\/strong>dans le champ <strong>029$b<\/strong>  et pr\u00e9sence du RCR de la biblioth\u00e8que \u00e9lectronique (335229901) en 930$b<\/td><\/tr><tr><td>Th\u00e8ses d&rsquo;exercice UB<\/td><td><a href=\"https:\/\/github.com\/louxfaure\/regles-de-normalisation-Alma-REBUB\/blob\/master\/R%C3%A8gles%20d'indicatation\/R%C3%A8gle%20d'identification%20Th%C3%A8ses%20d'exercice%20UB\">R\u00e8gle d&rsquo;identification Th\u00e8ses d&rsquo;exercice UB<\/a><\/td><td>Pr\u00e9sence des la chaines de caract\u00e8res <strong>\u00ab\u00a0BORD\u00a0\u00bb<\/strong>dans le champ <strong>029$<\/strong>e  et pr\u00e9sence du RCR de la biblioth\u00e8que \u00e9lectronique (335229901) en 930$B<\/td><\/tr><tr><td>M\u00e9moires num\u00e9riques UBM<\/td><td><a href=\"https:\/\/github.com\/louxfaure\/regles-de-normalisation-Alma-REBUB\/blob\/master\/R%C3%A8gles%20d'indicatation\/R%C3%A8gle%20d'identification%20M%C3%A9moires%20UBM\">R\u00e8gle d&rsquo;indentification M\u00e9moires num\u00e9riques UBM<\/a><\/td><td>Est consid\u00e9r\u00e9e comme notice de m\u00e9moire \u00e9lectronique toute notice dont la <strong>856$$u <\/strong>commence par \u00ab\u00a0<strong>https:\/\/extranet.u-bordeaux-montaigne.fr\/memoires\/diffusion.php?id=<\/strong>\u00ab\u00a0<\/td><\/tr><\/tbody><\/table><\/figure>\n\n\n\n<div class=\"is-layout-constrained wp-block-group bord-bloc-reutilisable\"><div class=\"wp-block-group__inner-container\">\n<div class=\"is-layout-flex wp-container-3 wp-block-columns alignfull bord-bloc-reutilisable has-background\" style=\"background-color:#ff303047\">\n<div class=\"is-layout-flow wp-block-column is-vertically-aligned-center\" style=\"flex-basis:7%\">\n<figure class=\"wp-block-image alignfull size-full\"><img decoding=\"async\" loading=\"lazy\" width=\"512\" height=\"512\" src=\"https:\/\/rebub.u-bordeaux.fr\/wp-content\/uploads\/2024\/04\/point-dexclamation.png\" alt=\"\" class=\"wp-image-19898\" srcset=\"https:\/\/rebub.u-bordeaux.fr\/wp-content\/uploads\/2024\/04\/point-dexclamation.png 512w, https:\/\/rebub.u-bordeaux.fr\/wp-content\/uploads\/2024\/04\/point-dexclamation-300x300.png 300w, https:\/\/rebub.u-bordeaux.fr\/wp-content\/uploads\/2024\/04\/point-dexclamation-150x150.png 150w\" sizes=\"(max-width: 512px) 100vw, 512px\" \/><\/figure>\n<\/div>\n\n\n\n<div class=\"is-layout-flow wp-block-column is-vertically-aligned-center\" style=\"flex-basis:85%\">\n<p><strong>Attention !<\/strong> Pour la r\u00e9daction de la r\u00e8gle d&rsquo;indication les conditions sont <strong>invers\u00e9es<\/strong>. Le chargeur ne retient que les notices qui r\u00e9pondent <strong>FAUX<\/strong> \u00e0 la r\u00e8gle.<\/p>\n\n\n\n<p>Exemple de la r\u00e8gle indication qui filtre les th\u00e8ses d&rsquo;\u00e9tat UB.<\/p>\n<\/div>\n<\/div>\n<\/div><\/div>\n\n\n\n<pre class=\"wp-block-code\"><code>rule \"R\u00e8gle d'identification Th\u00e8ses UB\"\nwhen\n((not exists \"029.b.*BOR*\") OR ((exists \"029.b.*BOR*\") AND (not exists \"930.b.335229901\")))\nthen\nset indication.\"true\"\nend<\/code><\/pre>\n\n\n\n<h3 id=\"stoc-regle-de-normalisation\" class=\"wpig-heading\">R\u00e8gle de normalisation<\/h3>\n\n\n\n<p>La r\u00e8gle permet de d\u00e9finir le lien et la note du portfolio en fonction des donn\u00e9es bibliographiques. Elle est d\u00e9finie au niveau de l&rsquo;institution<\/p>\n\n\n\n<p class=\"has-medium-font-size\"><strong>Pour les th\u00e8ses UBM<\/strong><\/p>\n\n\n\n<p><strong>Nom de la r\u00e8gle :  <\/strong><a href=\"https:\/\/github.com\/louxfaure\/regles-de-normalisation-Alma-REBUB\/blob\/master\/R%C3%A8gles%20de%20normalisation\/NR_UBM_LOCAL_Circuit_de_Synchro_Th%C3%A8ses_Electroniques\" target=\"_blank\" rel=\"noreferrer noopener\">NR_UBM_LOCAL_Circuit_de_Synchro_Th\u00e8ses_Electronique<\/a><\/p>\n\n\n\n<figure class=\"wp-block-table is-style-stripes\"><table><thead><tr><th>Cas<\/th><th>Crit\u00e8res d&rsquo;identification Unimarc<\/th><th>Lien vers le texte int\u00e9gral<\/th><th>Note publique<\/th><th>Cas<\/th><\/tr><\/thead><tbody><tr><td><strong>Th\u00e8se accessible<\/strong><\/td><td>Une ou Plusieurs 856 et aucune 310 ou 371<\/td><td><a rel=\"noreferrer noopener\" href=\"http:\/\/www.theses.fr\/%5BNNT%5D\/document\" target=\"_blank\">http:\/\/www.theses.fr\/[NNT]\/document<\/a> (Redirige  vers TEL )<\/td><td><\/td><td><strong>Numnat&nbsp;:<\/strong><br>Nawal Issaoui, PPN 198727747&nbsp;; NNT 2016BOR30042<br><strong>Numeris\u00e9e&nbsp;:<\/strong><br>C\u00e9cile Marshall, PPN 271853786&nbsp;; NNT 2007BOR30059<\/td><\/tr><tr><td><strong>Th\u00e8se sous embargo<\/strong><\/td><td>Une note en 310 ou 371 avec la mention \u00ab\u00a0Th\u00e8se soumise \u00e0 l&#8217;embargo de l&rsquo;auteur\u00a0\u00bb + absence de 856<\/td><td><a rel=\"noreferrer noopener\" href=\"http:\/\/www.theses.fr\/%5BNNT%5D\/document\" target=\"_blank\">http:\/\/www.theses.fr\/[NNT]\/document<\/a> <\/td><td>310$$a + \u00ab\u00a0. Consultation \u00e0 distance r\u00e9serv\u00e9e aux membres de la communaut\u00e9 universitaire. <a href=\"https:\/\/www.u-bordeaux-montaigne.fr\/fr\/documentation\/informations-pratiques\/diffuser-sa-these.html'\">En savoir plus<\/a>\u00ab\u00a0<\/td><td>Ad\u00e8le Delaporte (embargo jusqu\u2019en 2025), PPN 268388598&nbsp;; NNT 2022BOR30055<\/td><\/tr><tr><td><strong>Th\u00e8ses en acc\u00e8s Intranet<\/strong><\/td><td>Pr\u00e9sence d\u2019une 856 avec un champ $z  = \u00ab\u00a0Acc\u00e8s r\u00e9serv\u00e9 au texte int\u00e9gral\u00a0\u00bb<\/td><td>856$u<\/td><td>\u201cTh\u00e8se en acc\u00e8s limit\u00e9<br>accessible \u00e0 distance sur authentification pour les membres de l&rsquo;Universit\u00e9 Bordeaux Montaigne, ou sur place sur les ordinateurs disponibles dans les biblioth\u00e8ques (campus de Pessac).<br>L&rsquo;ensemble de la collection des th\u00e8ses de l&rsquo;Universit\u00e9 Bordeaux Montaigne a \u00e9t\u00e9 num\u00e9ris\u00e9e et est accessible au format num\u00e9rique. Vous \u00eates docteur de notre universit\u00e9 et avez des questions sur la diffusion de votre th\u00e8se ? Nous serons ravis d&rsquo;y r\u00e9pondre : <a href=\"https:\/\/extranet.u-bordeaux-montaigne.fr\/rita_fo\/?num_cg=59&amp;num_form=1\">contactez-nous.<\/a>\u00a0\u00bb <\/td><td><strong>Numnat&nbsp;:<\/strong><br>Henri Wagner, PPN 201727617 ; NNT 2016BOR30059<br><strong>Num\u00e9ris\u00e9e&nbsp;:<\/strong><br>Th\u00e9r\u00e8se Jouve, PPN 27184552X ; NNT 1992BOR30018<\/td><\/tr><tr><td><strong>Th\u00e8se partielle<\/strong><\/td><td>Pr\u00e9sence d\u2019une 856$z = \u201cAcc\u00e8s au texte int\u00e9gral de la version partielle\u201d<\/td><td><a rel=\"noreferrer noopener\" href=\"http:\/\/www.theses.fr\/%5BNNT%5D\/document\" target=\"_blank\">http:\/\/www.theses.fr\/[NNT]\/document<\/a><\/td><td>Acc\u00e8s au texte int\u00e9gral de la version partielle. La version compl\u00e8te est consultable sur place \u00e0 l\u2019Universit\u00e9 Bordeaux Montaigne<\/td><td><\/td><\/tr><tr><td><strong>Th\u00e8se confidentielle<\/strong><\/td><td>Aucune 856 &amp; pr\u00e9sence d\u2019une 310 ou 371<\/td><td><a rel=\"noreferrer noopener\" href=\"http:\/\/www.theses.fr\/%5BNNT%5D\/abes\" target=\"_blank\">http:\/\/www.theses.fr\/[NNT]<\/a><\/td><td>310 ou 371$a + \u00ab. Pas d\u2019acc\u00e8s \u00bb<\/td><td>Franck Peinaud (jusqu\u2019en 2031), PPN 259366749&nbsp;; NNT 2021BOR30022<\/td><\/tr><\/tbody><\/table><\/figure>\n\n\n\n<p><\/p>\n\n\n\n<p class=\"has-medium-font-size\"><strong>Pour les th\u00e8ses d&rsquo;\u00e9tat d&rsquo;UB<\/strong><\/p>\n\n\n\n<p><strong>Nom de la r\u00e8gle : <\/strong><a href=\"https:\/\/github.com\/louxfaure\/regles-de-normalisation-Alma-REBUB\/blob\/master\/R%C3%A8gles%20de%20normalisation\/%20NR_UB_LOCAL_Circuit_de_Synchro_Th%C3%A8ses_D'Etat_Electroniques%20'Etat_Electroniques\">NR_UB_LOCAL_Circuit_de_Synchro_Th\u00e8ses_D&rsquo;Etat_Electroniques<\/a><\/p>\n\n\n\n<figure class=\"wp-block-table is-style-stripes\"><table><thead><tr><th>Cas<\/th><th>Crit\u00e8res d&rsquo;identification Unimarc<\/th><th>Lien vers le texte int\u00e9gral<\/th><th>Note publique<\/th><\/tr><\/thead><tbody><tr><td><strong>Th\u00e8se accessible<\/strong><\/td><td>Une ou Plusieurs 856 et aucune 310 ou 371<\/td><td><a rel=\"noreferrer noopener\" href=\"http:\/\/www.theses.fr\/%5BNNT%5D\/document\" target=\"_blank\">http:\/\/www.theses.fr\/[NNT]\/document<\/a> (Redirige  vers le pdf)<\/td><td><\/td><\/tr><tr><td><strong>Th\u00e8se sous embargo<\/strong><\/td><td>Une note en 310 ou 371 avec la mention \u00ab\u00a0Th\u00e8se soumise \u00e0 l&#8217;embargo de l&rsquo;auteur\u00a0\u00bb + absence de 856<\/td><td><a rel=\"noreferrer noopener\" href=\"http:\/\/www.theses.fr\/%5BNNT%5D\/abes\" target=\"_blank\">http:\/\/www.theses.fr\/[NNT]<\/a>\/document<\/td><td>310$$a<\/td><\/tr><tr><td><strong>Th\u00e8se en consultation sur place<\/strong><\/td><td>Aucune 856 &amp; aucune 310 et 371<\/td><td><a rel=\"noreferrer noopener\" href=\"https:\/\/bibliotheques.u-bordeaux.fr\/Soutien-a-la-recherche\/Theses-et-memoires-numeriques\/These-de-doctorat\/Consulter-une-these-non-disponible-en-libre-acces\" target=\"_blank\">https:\/\/bibliotheques.u-bordeaux.fr\/Soutien-a-la-recherche\/Theses-et-memoires-numeriques\/These-de-doctorat\/Consulter-une-these-non-disponible-en-libre-acces<\/a><\/td><td>Th\u00e8se non accessible sur le web, consultable sur rendez-vous (<a rel=\"noreferrer noopener\" href=\"mailto:doc-thesesnum@u-bordeaux.fr\" target=\"_blank\">doc-thesesnum@u-bordeaux.fr<\/a>) \u00e0 la Biblioth\u00e8que des Sciences et Techniques<\/td><\/tr><\/tbody><\/table><\/figure>\n\n\n\n<p><\/p>\n\n\n\n<p class=\"has-medium-font-size\"><strong>Pour les th\u00e8ses d&rsquo;exercice d&rsquo;UB<\/strong><\/p>\n\n\n\n<p><strong>Nom de la r\u00e8gle : <\/strong><a href=\"https:\/\/github.com\/louxfaure\/regles-de-normalisation-Alma-REBUB\/blob\/master\/R%C3%A8gles%20de%20normalisation\/NR_UB_LOCAL_Circuit_de_Synchro_Th%C3%A8ses_D'Exercice_Electroniques\" target=\"_blank\" rel=\"noreferrer noopener\">NR_UB_LOCAL_Circuit_de_Synchro_Th\u00e8ses_D&rsquo;Exercice_Electroniques<\/a><\/p>\n\n\n\n<figure class=\"wp-block-table is-style-stripes\"><table><thead><tr><th>Cas<\/th><th>Crit\u00e8res d&rsquo;identification Unimarc<\/th><th>Lien vers le texte int\u00e9gral<\/th><th>Note publique<\/th><\/tr><\/thead><tbody><tr><td><strong>Th\u00e8se accessible<\/strong><\/td><td>La 856$$u renvoie vers Dumas<\/td><td>856$$u<\/td><td><\/td><\/tr><tr><td><strong>Th\u00e8se en consultation sur place<\/strong><\/td><td>La 856$$u renvoie vers Oskar<\/td><td>856$$u<\/td><td>L&rsquo;acc\u00e8s \u00e0 la ressource est r\u00e9serv\u00e9 aux usagers de la communaut\u00e9 universitaire de Bordeaux<\/td><\/tr><tr><td><strong>Th\u00e8se sous embargo<\/strong><\/td><td>La 856$$u renvoie vers Dumas et pr\u00e9sence d&rsquo;une 371$$a<\/td><td>856$$u<\/td><td>371$$a<\/td><\/tr><tr><td><strong>Th\u00e8se confidentielle<\/strong><\/td><td>La 856$$u renvoie vers Dumas et pr\u00e9sence d&rsquo;une 371$$a<\/td><td>856$$u<\/td><td>371$$a<\/td><\/tr><\/tbody><\/table><\/figure>\n\n\n\n<p><\/p>\n\n\n\n<p class=\"has-medium-font-size\"><strong>Pour les M\u00e9moires UBM<\/strong><\/p>\n\n\n\n<p><strong>Nom de la r\u00e8gle : <\/strong><a href=\"https:\/\/github.com\/louxfaure\/regles-de-normalisation-Alma-REBUB\/blob\/master\/R%C3%A8gles%20de%20normalisation\/PasserelleSUDOC%20-%20M%C3%A9moires%20UBM\" target=\"_blank\" rel=\"noreferrer noopener\">PasserelleSUDOC &#8211; M\u00e9moires UBM<\/a><\/p>\n\n\n\n<p>Ajoute une note avec la mention \u00ab\u00a0Acc\u00e8s au texte int\u00e9gral r\u00e9serv\u00e9 aux membres de l&rsquo;Universit\u00e9 Bordeaux Montaigne\u00a0\u00bb si un champ 856 contient un sous-champ $$5 sans $$z.<\/p>\n\n\n\n<h2 id=\"stoc-consulter-le-rapport-de-chargement\" class=\"wpig-heading\">Consulter le rapport de chargement<\/h2>\n\n\n\n<figure class=\"wp-block-image size-large\"><img decoding=\"async\" loading=\"lazy\" width=\"1024\" height=\"505\" src=\"https:\/\/rebub.u-bordeaux.fr\/wp-content\/uploads\/2022\/05\/Suivre-et-visualiser-les-imports-1024x505.png\" alt=\"\" class=\"wp-image-13647\" srcset=\"https:\/\/rebub.u-bordeaux.fr\/wp-content\/uploads\/2022\/05\/Suivre-et-visualiser-les-imports-1024x505.png 1024w, https:\/\/rebub.u-bordeaux.fr\/wp-content\/uploads\/2022\/05\/Suivre-et-visualiser-les-imports-300x148.png 300w, https:\/\/rebub.u-bordeaux.fr\/wp-content\/uploads\/2022\/05\/Suivre-et-visualiser-les-imports-768x379.png 768w, https:\/\/rebub.u-bordeaux.fr\/wp-content\/uploads\/2022\/05\/Suivre-et-visualiser-les-imports-1536x757.png 1536w, https:\/\/rebub.u-bordeaux.fr\/wp-content\/uploads\/2022\/05\/Suivre-et-visualiser-les-imports.png 1903w\" sizes=\"(max-width: 1024px) 100vw, 1024px\" \/><\/figure>\n\n\n\n<p>A partir du menu <strong>Ressources (1.)<\/strong>, s\u00e9lectionnez le menu <strong>\u00ab\u00a0Importer&gt;Suivre et visualiser les imports\u00a0\u00bb (2.)<\/strong> Cliquez sur les <strong>\u00ab\u00a0&#8230;\u00a0\u00bb (3.)<\/strong> pour acc\u00e9der au rapport du traitement. Cette option ne sera visible que si le traitement est termin\u00e9.<\/p>\n\n\n\n<figure class=\"wp-block-image size-large\"><img decoding=\"async\" loading=\"lazy\" width=\"1024\" height=\"505\" src=\"https:\/\/rebub.u-bordeaux.fr\/wp-content\/uploads\/2022\/05\/Rapport-de-traitement-1024x505.png\" alt=\"\" class=\"wp-image-13648\" srcset=\"https:\/\/rebub.u-bordeaux.fr\/wp-content\/uploads\/2022\/05\/Rapport-de-traitement-1024x505.png 1024w, https:\/\/rebub.u-bordeaux.fr\/wp-content\/uploads\/2022\/05\/Rapport-de-traitement-300x148.png 300w, https:\/\/rebub.u-bordeaux.fr\/wp-content\/uploads\/2022\/05\/Rapport-de-traitement-768x379.png 768w, https:\/\/rebub.u-bordeaux.fr\/wp-content\/uploads\/2022\/05\/Rapport-de-traitement-1536x757.png 1536w, https:\/\/rebub.u-bordeaux.fr\/wp-content\/uploads\/2022\/05\/Rapport-de-traitement.png 1903w\" sizes=\"(max-width: 1024px) 100vw, 1024px\" \/><\/figure>\n\n\n\n<p>A partir du rapport de traitement cliquez sur les <strong>\u00ab\u00a0&#8230;\u00a0\u00bb<\/strong> et<strong> \u00ab\u00a0Pr\u00e9visualiser les enregistrements\u00a0\u00bb<\/strong> pour identifier les notices import\u00e9es.<\/p>\n\n\n\n<div class=\"is-layout-flex wp-container-10 wp-block-columns bord-bloc-reutilisable has-background\" style=\"background-color:#d9edf7\">\n<div class=\"is-layout-flow wp-block-column is-vertically-aligned-center\" style=\"font-size:15px;flex-basis:20%\">\n<p style=\"font-size:15px\"><strong>Date de publication<\/strong> <\/p>\n\n\n<div style=\"font-size:15px;\" class=\"wp-block-post-date\"><time datetime=\"2024-03-22T09:32:56+01:00\">22 mars 2024<\/time><\/div><\/div>\n\n\n\n<div class=\"is-layout-flow wp-block-column is-vertically-aligned-center\" style=\"font-size:15px;flex-basis:20%\">\n<p><strong>Mis \u00e0 jour le <\/strong><\/p>\n\n\n<div style=\"font-size:15px;\" class=\"wp-block-post-date\"><time datetime=\"2025-05-22T10:17:20+02:00\">22 mai 2025<\/time><\/div><\/div>\n\n\n\n<div class=\"is-layout-flow wp-block-column is-vertically-aligned-center\" style=\"font-size:15px;flex-basis:40%\">\n<p><\/p>\n\n\n\n<p><strong>Attention ! <\/strong>Certains \u00e9tablissements utilisent parfois de proc\u00e9dures compl\u00e9mentaires <\/p>\n<\/div>\n\n\n\n<div class=\"is-layout-flow wp-block-column is-vertically-aligned-center\" style=\"font-size:15px;flex-basis:25%\">\n<div class=\"is-horizontal is-content-justification-center is-layout-flex wp-container-8 wp-block-buttons alignfull has-custom-font-size\" style=\"font-size:16px\">\n<div class=\"wp-block-button has-custom-width wp-block-button__width-75 has-custom-font-size is-style-fill\" style=\"font-size:15px\"><a class=\"wp-block-button__link has-white-color has-text-color has-background wp-element-button\" href=\"mailto:scoop@u-bordeaux.fr\" style=\"border-radius:65px;background-color:#000000db\"><strong>Signaler une erreur<\/strong><\/a><\/div>\n<\/div>\n<\/div>\n<\/div>\n","protected":false},"excerpt":{"rendered":"<p>Table des mati\u00e8res[ Show ]Pr\u00e9sentation du circuitConfiguration des profils d&rsquo;importR\u00e8gles d&rsquo;indicationR\u00e8gle de normalisationConsulter le rapport de chargementPr\u00e9sentation du circuit La cr\u00e9ation des inventaires \u00e9lectroniques dans Alma est enti\u00e8rement automatis\u00e9e. Lors du chargement d&rsquo;une nouvelle notice un portfolio est cr\u00e9\u00e9 sous&#8230;<\/p>\n","protected":false},"author":2,"featured_media":0,"parent":18538,"menu_order":2,"comment_status":"closed","ping_status":"closed","template":"","meta":[],"post_mailing_queue_ids":[],"_links":{"self":[{"href":"http:\/\/rebub.u-bordeaux.fr\/index.php\/wp-json\/wp\/v2\/pages\/18545"}],"collection":[{"href":"http:\/\/rebub.u-bordeaux.fr\/index.php\/wp-json\/wp\/v2\/pages"}],"about":[{"href":"http:\/\/rebub.u-bordeaux.fr\/index.php\/wp-json\/wp\/v2\/types\/page"}],"author":[{"embeddable":true,"href":"http:\/\/rebub.u-bordeaux.fr\/index.php\/wp-json\/wp\/v2\/users\/2"}],"replies":[{"embeddable":true,"href":"http:\/\/rebub.u-bordeaux.fr\/index.php\/wp-json\/wp\/v2\/comments?post=18545"}],"version-history":[{"count":10,"href":"http:\/\/rebub.u-bordeaux.fr\/index.php\/wp-json\/wp\/v2\/pages\/18545\/revisions"}],"predecessor-version":[{"id":23728,"href":"http:\/\/rebub.u-bordeaux.fr\/index.php\/wp-json\/wp\/v2\/pages\/18545\/revisions\/23728"}],"up":[{"embeddable":true,"href":"http:\/\/rebub.u-bordeaux.fr\/index.php\/wp-json\/wp\/v2\/pages\/18538"}],"wp:attachment":[{"href":"http:\/\/rebub.u-bordeaux.fr\/index.php\/wp-json\/wp\/v2\/media?parent=18545"}],"curies":[{"name":"wp","href":"https:\/\/api.w.org\/{rel}","templated":true}]}}