	{"id":18566,"date":"2024-03-22T09:33:04","date_gmt":"2024-03-22T08:33:04","guid":{"rendered":"https:\/\/rebub.u-bordeaux.fr\/?page_id=18566"},"modified":"2024-04-22T13:28:42","modified_gmt":"2024-04-22T11:28:42","slug":"releguer-un-exemplaire-en-magasin","status":"publish","type":"page","link":"http:\/\/rebub.u-bordeaux.fr\/index.php\/alma\/procedures\/gestion-des-ressources\/exemplaires-holding\/releguer-un-exemplaire-en-magasin\/","title":{"rendered":"Rel\u00e9guer un exemplaire en magasin"},"content":{"rendered":"<div id='wpig-floatingbar' class='wpig-floatingbar'><div id='wpig-switch-wrapper' class='wpig-switch-wrapper'><span id='wpig-floating-switch' class='wpig-floating-switch'><img src='http:\/\/rebub.u-bordeaux.fr\/wp-content\/plugins\/sticky-toc-advance-table-of-contents\/\\assets\\menu.png'><\/span><\/div><div id='wpig-contents' class='wpig-contents  wpig-sidebar-widget wpig-style-3'><span class='wpig-headline'>Table des mati\u00e8res<span><a data-action='show' class='wpig-btn-toggledisplay'>[ Show ]<\/a><\/span><\/span><!-- Table of Contents --><div id='wpig-table-of-content' class='wpig-table-of-content'><ol><li class='stoc-cas-1-lexemplaire-a-mettre-en-magasins-est-le-seul-exemplaire-rattache-a-la-holding'><a href='#stoc-cas-1-lexemplaire-a-mettre-en-magasins-est-le-seul-exemplaire-rattache-a-la-holding'>Cas 1&nbsp;: L\u2019exemplaire \u00e0 mettre en magasins est le seul exemplaire rattach\u00e9 \u00e0 la holding.<\/a><\/li><li class='stoc-cas-2-lexemplaire-a-mettre-en-magasins-nest-pas-le-seul-exemplaire-rattache-a-la-holding'><a href='#stoc-cas-2-lexemplaire-a-mettre-en-magasins-nest-pas-le-seul-exemplaire-rattache-a-la-holding'>Cas 2\u00a0: L\u2019exemplaire \u00e0 mettre en magasins n\u2019est pas le seul exemplaire rattach\u00e9 \u00e0 la holding<\/a><\/li><\/div><!-- END OF Table of Contents --><\/div><\/div><p><div id='wpig-contents' class='wpig-contents  wpig-sidebar-widget wpig-style-1'><span class='wpig-headline'>Table des mati\u00e8res<span><a data-action='show' class='wpig-btn-toggledisplay'>[ Show ]<\/a><\/span><\/span><!-- Table of Contents --><div id='wpig-table-of-content' class='wpig-table-of-content' ><ol><li class='stoc-cas-1-lexemplaire-a-mettre-en-magasins-est-le-seul-exemplaire-rattache-a-la-holding'><a href='#stoc-cas-1-lexemplaire-a-mettre-en-magasins-est-le-seul-exemplaire-rattache-a-la-holding'>Cas 1&nbsp;: L\u2019exemplaire \u00e0 mettre en magasins est le seul exemplaire rattach\u00e9 \u00e0 la holding.<\/a><\/li><li class='stoc-cas-2-lexemplaire-a-mettre-en-magasins-nest-pas-le-seul-exemplaire-rattache-a-la-holding'><a href='#stoc-cas-2-lexemplaire-a-mettre-en-magasins-nest-pas-le-seul-exemplaire-rattache-a-la-holding'>Cas 2\u00a0: L\u2019exemplaire \u00e0 mettre en magasins n\u2019est pas le seul exemplaire rattach\u00e9 \u00e0 la holding<\/a><\/li><\/div><!-- END OF Table of Contents --><\/div><\/p>\n<p>Dans Alma\u00a0: se placer dans la notice de l\u2019exemplaire.<\/p>\n\n\n\n<p>\u2022 Jusqu\u2019\u00e0 la mise en place des cotes magasins automatiques :<\/p>\n\n\n\n<ul>\n<li>Copier le num\u00e9ro d\u2019inventaire dans le champ \u00ab&nbsp;Num\u00e9ro d\u2019inventaire&nbsp;\u00bb (CTRL+C).<\/li>\n<\/ul>\n\n\n\n<p>\u2022 Apr\u00e8s la mise en place des cotes magasins automatiques :<\/p>\n\n\n\n<ul>\n<li>Attribuer une cote magasin \u00e0 l\u2019exemplaire \u00e0 l\u2019aide de la cotation automatique (cf proc\u00e9dure d\u00e9di\u00e9e),<\/li>\n\n\n\n<li>Copier cette cote (CTRL+C).<\/li>\n<\/ul>\n\n\n\n<p>Dans Alma&nbsp;: se placer sur l\u2019affichage de la holding.<\/p>\n\n\n\n<p>Il y a alors 2 cas de figure&nbsp;:<\/p>\n\n\n\n<h2 id=\"stoc-cas-1-lexemplaire-a-mettre-en-magasins-est-le-seul-exemplaire-rattache-a-la-holding\" class=\"wpig-heading\">Cas 1&nbsp;: L\u2019exemplaire \u00e0 mettre en magasins est le seul exemplaire rattach\u00e9 \u00e0 la holding.<\/h2>\n\n\n\n<p>Ouvrir la holding dans l\u2019\u00e9diteur de m\u00e9tadonn\u00e9es.<\/p>\n\n\n\n<p>Se placer sur la zone 852 et faire un CTRL+F.<\/p>\n\n\n\n<p>Modifier les champs suivants&nbsp;:<\/p>\n\n\n\n<p>\u2022 1<sup>er<\/sup> indicateur&nbsp; <a href=\"http:\/\/rebub.u-bordeaux.fr\/wp-content\/uploads\/2020\/02\/Zone_852.png\" target=\"_blank\" rel=\"noopener noreferrer\"><img decoding=\"async\" loading=\"lazy\" class=\"alignnone wp-image-7992 size-full\" src=\"http:\/\/rebub.u-bordeaux.fr\/wp-content\/uploads\/2020\/02\/Zone_852.png\" alt=\"\" width=\"99\" height=\"42\"><\/a>&nbsp; 1 = Cotation Dewey<\/p>\n\n\n\n<p>4 = Num\u00e9ro topographique (magasins)<\/p>\n\n\n\n<p>8 = Autres syst\u00e8mes (cotes locales)<\/p>\n\n\n\n<p>\u21d2 Effacer la valeur de l\u2019ind 1 , laisser la zone vide, \u00e0 l&rsquo;enregistrement Alma alimente automatiquement cette zone.<\/p>\n\n\n\n<p>\u2022 852 $c Localisation \u21d2 Remplacer la valeur existante par \u00ab Magasins \u00bb.<\/p>\n\n\n\n<p>\u2022 852 $h Cote \u21d2 Remplacer la valeur existante par la cote magasin automatique.<\/p>\n\n\n\n<h2 id=\"stoc-cas-2-lexemplaire-a-mettre-en-magasins-nest-pas-le-seul-exemplaire-rattache-a-la-holding\" class=\"wpig-heading\">Cas 2\u00a0: L\u2019exemplaire \u00e0 mettre en magasins n\u2019est pas le seul exemplaire rattach\u00e9 \u00e0 la holding<\/h2>\n\n\n\n<p>Dans ce cas, il faut cr\u00e9er une nouvelle holding pour l\u2019exemplaire \u00e0 mettre en magasins.<\/p>\n\n\n\n<p>Dans le SUDOC\u00a0: modifier la cote de l\u2019exemplaire en 930 $a<\/p>\n\n\n\n<div class=\"is-layout-flex wp-container-6 wp-block-columns bord-bloc-reutilisable has-background\" style=\"background-color:#d9edf7\">\n<div class=\"is-layout-flow wp-block-column is-vertically-aligned-center\" style=\"font-size:15px;flex-basis:20%\">\n<p style=\"font-size:15px\"><strong>Date de publication<\/strong> <\/p>\n\n\n<div style=\"font-size:15px;\" class=\"wp-block-post-date\"><time datetime=\"2024-03-22T09:33:04+01:00\">22 mars 2024<\/time><\/div><\/div>\n\n\n\n<div class=\"is-layout-flow wp-block-column is-vertically-aligned-center\" style=\"font-size:15px;flex-basis:20%\">\n<p><strong>Mis \u00e0 jour le <\/strong><\/p>\n\n\n<div style=\"font-size:15px;\" class=\"wp-block-post-date\"><time datetime=\"2024-04-22T13:28:42+02:00\">22 avril 2024<\/time><\/div><\/div>\n\n\n\n<div class=\"is-layout-flow wp-block-column is-vertically-aligned-center\" style=\"font-size:15px;flex-basis:40%\">\n<p><\/p>\n\n\n\n<p><strong>Attention ! <\/strong>Certains \u00e9tablissements utilisent parfois de proc\u00e9dures compl\u00e9mentaires <\/p>\n<\/div>\n\n\n\n<div class=\"is-layout-flow wp-block-column is-vertically-aligned-center\" style=\"font-size:15px;flex-basis:25%\">\n<div class=\"is-horizontal is-content-justification-center is-layout-flex wp-container-4 wp-block-buttons alignfull has-custom-font-size\" style=\"font-size:16px\">\n<div class=\"wp-block-button has-custom-width wp-block-button__width-75 has-custom-font-size is-style-fill\" style=\"font-size:15px\"><a class=\"wp-block-button__link has-white-color has-text-color has-background wp-element-button\" href=\"mailto:scoop@u-bordeaux.fr\" style=\"border-radius:65px;background-color:#000000db\"><strong>Signaler une erreur<\/strong><\/a><\/div>\n<\/div>\n<\/div>\n<\/div>\n","protected":false},"excerpt":{"rendered":"<p>Table des mati\u00e8res[ Show ]Cas 1&nbsp;: L\u2019exemplaire \u00e0 mettre en magasins est le seul exemplaire rattach\u00e9 \u00e0 la holding.Cas 2\u00a0: L\u2019exemplaire \u00e0 mettre en magasins n\u2019est pas le seul exemplaire rattach\u00e9 \u00e0 la holdingDans Alma\u00a0: se placer dans la notice&#8230;<\/p>\n","protected":false},"author":46,"featured_media":4793,"parent":18539,"menu_order":6,"comment_status":"closed","ping_status":"closed","template":"","meta":[],"post_mailing_queue_ids":[],"_links":{"self":[{"href":"http:\/\/rebub.u-bordeaux.fr\/index.php\/wp-json\/wp\/v2\/pages\/18566"}],"collection":[{"href":"http:\/\/rebub.u-bordeaux.fr\/index.php\/wp-json\/wp\/v2\/pages"}],"about":[{"href":"http:\/\/rebub.u-bordeaux.fr\/index.php\/wp-json\/wp\/v2\/types\/page"}],"author":[{"embeddable":true,"href":"http:\/\/rebub.u-bordeaux.fr\/index.php\/wp-json\/wp\/v2\/users\/46"}],"replies":[{"embeddable":true,"href":"http:\/\/rebub.u-bordeaux.fr\/index.php\/wp-json\/wp\/v2\/comments?post=18566"}],"version-history":[{"count":3,"href":"http:\/\/rebub.u-bordeaux.fr\/index.php\/wp-json\/wp\/v2\/pages\/18566\/revisions"}],"predecessor-version":[{"id":20353,"href":"http:\/\/rebub.u-bordeaux.fr\/index.php\/wp-json\/wp\/v2\/pages\/18566\/revisions\/20353"}],"up":[{"embeddable":true,"href":"http:\/\/rebub.u-bordeaux.fr\/index.php\/wp-json\/wp\/v2\/pages\/18539"}],"wp:featuredmedia":[{"embeddable":true,"href":"http:\/\/rebub.u-bordeaux.fr\/index.php\/wp-json\/wp\/v2\/media\/4793"}],"wp:attachment":[{"href":"http:\/\/rebub.u-bordeaux.fr\/index.php\/wp-json\/wp\/v2\/media?parent=18566"}],"curies":[{"name":"wp","href":"https:\/\/api.w.org\/{rel}","templated":true}]}}