	{"id":18568,"date":"2024-03-22T09:33:00","date_gmt":"2024-03-22T08:33:00","guid":{"rendered":"https:\/\/rebub.u-bordeaux.fr\/?page_id=18568"},"modified":"2024-04-22T13:22:40","modified_gmt":"2024-04-22T11:22:40","slug":"rendre-disponible-un-document-dans-un-statut-autre-technique-migration-manquant","status":"publish","type":"page","link":"http:\/\/rebub.u-bordeaux.fr\/index.php\/alma\/procedures\/gestion-des-ressources\/exemplaires-holding\/rendre-disponible-un-document-dans-un-statut-autre-technique-migration-manquant\/","title":{"rendered":"Rendre \u00ab disponible \u00bb un document ayant un statut technique migration, manquant\u2026"},"content":{"rendered":"<div id='wpig-floatingbar' class='wpig-floatingbar'><div id='wpig-switch-wrapper' class='wpig-switch-wrapper'><span id='wpig-floating-switch' class='wpig-floating-switch'><img src='http:\/\/rebub.u-bordeaux.fr\/wp-content\/plugins\/sticky-toc-advance-table-of-contents\/\\assets\\menu.png'><\/span><\/div><\/div><p><\/p>\n<ol>\n<li>S&rsquo;il s&rsquo;agit d&rsquo;exemplaires \u00e9quip\u00e9s, pr\u00eats \u00e0 passer en salle (cas des acquisitions), il faut leur appliquer le statut \u00ab Disponible \u00bb : pour cela voir la proc\u00e9dure <a href=\"http:\/\/rebub.u-bordeaux.fr\/index.php\/alma\/procedures\/acquisitions\/reception\/receptionner-une-commande-de-monographie-new\/\">R\u00e9ceptionner une commande de monographie<\/a><\/li>\n\n\n\n<li>Dans les cas aux statuts suivants :\n<ul>\n<li><strong>Technique migration&nbsp;:<\/strong> tous les exemplaires avec d\u2019anciens statuts provenant d\u2019Horizon (reliure, manquant, manquant inventaire&#8230;) qui n\u2019ont pas trouv\u00e9 d\u2019\u00e9quivalent dans Alma.<\/li>\n\n\n\n<li><strong>Manquant&nbsp;<\/strong>: statut correspondant \u00e0 un exemplaire introuvable en rayon (cf. Proc\u00e9dure \u00ab Basculer un exemplaire introuvable en statut manquant \u00bb).<\/li>\n\n\n\n<li><strong>En transit&nbsp;<\/strong>: ouvrage rendu dans une mauvaise biblioth\u00e8que.<\/li>\n<\/ul>\n<\/li>\n<\/ol>\n\n\n\n<p><span style=\"font-size: 11.5pt;\">Aller dans : Service aux usagers &gt; Scanner des exemplaire. <\/span><\/p>\n\n\n\n<p><span style=\"font-size: 11.5pt;\">D\u00e9cocher \u00ab Enregistrer un usage interne \u00bb si coch\u00e9. <\/span><\/p>\n\n\n\n<p><span style=\"font-size: 11.5pt;\">Scanner le code-barres et valider avec OK.<\/span><\/p>\n\n\n\n<figure class=\"wp-block-image\"><a href=\"http:\/\/rebub.u-bordeaux.fr\/wp-content\/uploads\/2020\/02\/Scanner-_Les_Exemplaires.png\" target=\"_blank\" rel=\"noopener noreferrer\"><img decoding=\"async\" loading=\"lazy\" width=\"1084\" height=\"318\" src=\"http:\/\/rebub.u-bordeaux.fr\/wp-content\/uploads\/2020\/02\/Scanner-_Les_Exemplaires.png\" alt=\"\" class=\"wp-image-7950\" srcset=\"https:\/\/rebub.u-bordeaux.fr\/wp-content\/uploads\/2020\/02\/Scanner-_Les_Exemplaires.png 1084w, https:\/\/rebub.u-bordeaux.fr\/wp-content\/uploads\/2020\/02\/Scanner-_Les_Exemplaires-300x88.png 300w, https:\/\/rebub.u-bordeaux.fr\/wp-content\/uploads\/2020\/02\/Scanner-_Les_Exemplaires-1024x300.png 1024w, https:\/\/rebub.u-bordeaux.fr\/wp-content\/uploads\/2020\/02\/Scanner-_Les_Exemplaires-768x225.png 768w\" sizes=\"(max-width: 1084px) 100vw, 1084px\" \/><\/a><\/figure>\n\n\n\n<p>Suite au traitement, une fen\u00eatre s\u2019ouvre :<\/p>\n\n\n\n<figure class=\"wp-block-image\"><a href=\"http:\/\/rebub.u-bordeaux.fr\/wp-content\/uploads\/2020\/02\/Message_Exemplaire_Manquant.png\" target=\"_blank\" rel=\"noopener noreferrer\"><img decoding=\"async\" loading=\"lazy\" width=\"900\" height=\"266\" src=\"http:\/\/rebub.u-bordeaux.fr\/wp-content\/uploads\/2020\/02\/Message_Exemplaire_Manquant.png\" alt=\"\" class=\"wp-image-7951\" srcset=\"https:\/\/rebub.u-bordeaux.fr\/wp-content\/uploads\/2020\/02\/Message_Exemplaire_Manquant.png 900w, https:\/\/rebub.u-bordeaux.fr\/wp-content\/uploads\/2020\/02\/Message_Exemplaire_Manquant-300x89.png 300w, https:\/\/rebub.u-bordeaux.fr\/wp-content\/uploads\/2020\/02\/Message_Exemplaire_Manquant-768x227.png 768w\" sizes=\"(max-width: 900px) 100vw, 900px\" \/><\/a><\/figure>\n\n\n\n<p>Le traitement s\u2019est bien effectu\u00e9.<\/p>\n\n\n\n<p>L\u2019ouvrage est \u00e0 ranger en rayon.<\/p>\n\n\n\n<figure class=\"wp-block-image\"><a href=\"http:\/\/rebub.u-bordeaux.fr\/wp-content\/uploads\/2020\/02\/A_Ranger_Au_Rayon.png\" target=\"_blank\" rel=\"noopener noreferrer\"><img decoding=\"async\" loading=\"lazy\" width=\"1536\" height=\"653\" src=\"http:\/\/rebub.u-bordeaux.fr\/wp-content\/uploads\/2020\/02\/A_Ranger_Au_Rayon.png\" alt=\"\" class=\"wp-image-7952\" srcset=\"https:\/\/rebub.u-bordeaux.fr\/wp-content\/uploads\/2020\/02\/A_Ranger_Au_Rayon.png 1536w, https:\/\/rebub.u-bordeaux.fr\/wp-content\/uploads\/2020\/02\/A_Ranger_Au_Rayon-300x128.png 300w, https:\/\/rebub.u-bordeaux.fr\/wp-content\/uploads\/2020\/02\/A_Ranger_Au_Rayon-1024x435.png 1024w, https:\/\/rebub.u-bordeaux.fr\/wp-content\/uploads\/2020\/02\/A_Ranger_Au_Rayon-768x327.png 768w\" sizes=\"(max-width: 1536px) 100vw, 1536px\" \/><\/a><\/figure>\n\n\n\n<div class=\"is-layout-flex wp-container-6 wp-block-columns bord-bloc-reutilisable has-background\" style=\"background-color:#d9edf7\">\n<div class=\"is-layout-flow wp-block-column is-vertically-aligned-center\" style=\"font-size:15px;flex-basis:20%\">\n<p style=\"font-size:15px\"><strong>Date de publication<\/strong> <\/p>\n\n\n<div style=\"font-size:15px;\" class=\"wp-block-post-date\"><time datetime=\"2024-03-22T09:33:00+01:00\">22 mars 2024<\/time><\/div><\/div>\n\n\n\n<div class=\"is-layout-flow wp-block-column is-vertically-aligned-center\" style=\"font-size:15px;flex-basis:20%\">\n<p><strong>Mis \u00e0 jour le <\/strong><\/p>\n\n\n<div style=\"font-size:15px;\" class=\"wp-block-post-date\"><time datetime=\"2024-04-22T13:22:40+02:00\">22 avril 2024<\/time><\/div><\/div>\n\n\n\n<div class=\"is-layout-flow wp-block-column is-vertically-aligned-center\" style=\"font-size:15px;flex-basis:40%\">\n<p><\/p>\n\n\n\n<p><strong>Attention ! <\/strong>Certains \u00e9tablissements utilisent parfois de proc\u00e9dures compl\u00e9mentaires <\/p>\n<\/div>\n\n\n\n<div class=\"is-layout-flow wp-block-column is-vertically-aligned-center\" style=\"font-size:15px;flex-basis:25%\">\n<div class=\"is-horizontal is-content-justification-center is-layout-flex wp-container-4 wp-block-buttons alignfull has-custom-font-size\" style=\"font-size:16px\">\n<div class=\"wp-block-button has-custom-width wp-block-button__width-75 has-custom-font-size is-style-fill\" style=\"font-size:15px\"><a class=\"wp-block-button__link has-white-color has-text-color has-background wp-element-button\" href=\"mailto:scoop@u-bordeaux.fr\" style=\"border-radius:65px;background-color:#000000db\"><strong>Signaler une erreur<\/strong><\/a><\/div>\n<\/div>\n<\/div>\n<\/div>\n","protected":false},"excerpt":{"rendered":"<p>Aller dans : Service aux usagers &gt; Scanner des exemplaire. D\u00e9cocher \u00ab Enregistrer un usage interne \u00bb si coch\u00e9. Scanner le code-barres et valider avec OK. Suite au traitement, une fen\u00eatre s\u2019ouvre : Le traitement s\u2019est bien effectu\u00e9. L\u2019ouvrage est&#8230;<\/p>\n","protected":false},"author":46,"featured_media":4793,"parent":18539,"menu_order":2,"comment_status":"closed","ping_status":"closed","template":"","meta":[],"post_mailing_queue_ids":[],"_links":{"self":[{"href":"http:\/\/rebub.u-bordeaux.fr\/index.php\/wp-json\/wp\/v2\/pages\/18568"}],"collection":[{"href":"http:\/\/rebub.u-bordeaux.fr\/index.php\/wp-json\/wp\/v2\/pages"}],"about":[{"href":"http:\/\/rebub.u-bordeaux.fr\/index.php\/wp-json\/wp\/v2\/types\/page"}],"author":[{"embeddable":true,"href":"http:\/\/rebub.u-bordeaux.fr\/index.php\/wp-json\/wp\/v2\/users\/46"}],"replies":[{"embeddable":true,"href":"http:\/\/rebub.u-bordeaux.fr\/index.php\/wp-json\/wp\/v2\/comments?post=18568"}],"version-history":[{"count":3,"href":"http:\/\/rebub.u-bordeaux.fr\/index.php\/wp-json\/wp\/v2\/pages\/18568\/revisions"}],"predecessor-version":[{"id":20345,"href":"http:\/\/rebub.u-bordeaux.fr\/index.php\/wp-json\/wp\/v2\/pages\/18568\/revisions\/20345"}],"up":[{"embeddable":true,"href":"http:\/\/rebub.u-bordeaux.fr\/index.php\/wp-json\/wp\/v2\/pages\/18539"}],"wp:featuredmedia":[{"embeddable":true,"href":"http:\/\/rebub.u-bordeaux.fr\/index.php\/wp-json\/wp\/v2\/media\/4793"}],"wp:attachment":[{"href":"http:\/\/rebub.u-bordeaux.fr\/index.php\/wp-json\/wp\/v2\/media?parent=18568"}],"curies":[{"name":"wp","href":"https:\/\/api.w.org\/{rel}","templated":true}]}}