	{"id":18569,"date":"2024-03-22T09:33:01","date_gmt":"2024-03-22T08:33:01","guid":{"rendered":"https:\/\/rebub.u-bordeaux.fr\/?page_id=18569"},"modified":"2025-01-27T14:14:50","modified_gmt":"2025-01-27T13:14:50","slug":"generer-une-cote-automatiquement-dans-alma","status":"publish","type":"page","link":"http:\/\/rebub.u-bordeaux.fr\/index.php\/alma\/procedures\/gestion-des-ressources\/exemplaires-holding\/generer-une-cote-automatiquement-dans-alma\/","title":{"rendered":"G\u00e9n\u00e9rer une cote automatiquement"},"content":{"rendered":"<div id='wpig-floatingbar' class='wpig-floatingbar'><div id='wpig-switch-wrapper' class='wpig-switch-wrapper'><span id='wpig-floating-switch' class='wpig-floating-switch'><img src='http:\/\/rebub.u-bordeaux.fr\/wp-content\/plugins\/sticky-toc-advance-table-of-contents\/\\assets\\menu.png'><\/span><\/div><div id='wpig-contents' class='wpig-contents  wpig-sidebar-widget wpig-style-3'><span class='wpig-headline'>Table des mati\u00e8res<span><a data-action='show' class='wpig-btn-toggledisplay'>[ Show ]<\/a><\/span><\/span><!-- Table of Contents --><div id='wpig-table-of-content' class='wpig-table-of-content'><ol><li class='stoc-entree-dun-nouveau-titre-dans-alma'><a href='#stoc-entree-dun-nouveau-titre-dans-alma'>Entr\u00e9e d&rsquo;un nouveau titre dans Alma<\/a><\/li><li class='stoc-recotation'><a href='#stoc-recotation'>Recotation<\/a><\/li><\/div><!-- END OF Table of Contents --><\/div><\/div><p><div id='wpig-contents' class='wpig-contents  wpig-sidebar-widget wpig-style-1'><span class='wpig-headline'>Table des mati\u00e8res<span><a data-action='show' class='wpig-btn-toggledisplay'>[ Show ]<\/a><\/span><\/span><!-- Table of Contents --><div id='wpig-table-of-content' class='wpig-table-of-content' ><ol><li class='stoc-entree-dun-nouveau-titre-dans-alma'><a href='#stoc-entree-dun-nouveau-titre-dans-alma'>Entr\u00e9e d&rsquo;un nouveau titre dans Alma<\/a><\/li><li class='stoc-recotation'><a href='#stoc-recotation'>Recotation<\/a><\/li><\/div><!-- END OF Table of Contents --><\/div><\/p>\n<h2 id=\"stoc-entree-dun-nouveau-titre-dans-alma\" class=\"wpig-heading\">Entr\u00e9e d&rsquo;un nouveau titre dans Alma<\/h2>\n\n\n\n<p>Un ouvrage non-trait\u00e9 doit recevoir une cote automatique [cas-type : le r\u00e9tro-catalogage, ou une nouvelle&nbsp; acquisition recevant directement une cote automatique]<\/p>\n\n\n\n<p>Apr\u00e8s avoir effectu\u00e9 les premi\u00e8res \u00e9tapes du traitement documentaire (localisation dans le Sudoc, import de la notice bibliographique ou copier-coller du PPN), lors de la cr\u00e9ation de la notice holding :<br>&#8211; se placer dans la zone 852 de la notice holding<\/p>\n\n\n\n<figure class=\"wp-block-image\"><a href=\"http:\/\/rebub.u-bordeaux.fr\/wp-content\/uploads\/2020\/06\/Holding.png\" target=\"_blank\" rel=\"noopener noreferrer\"><img decoding=\"async\" loading=\"lazy\" width=\"780\" height=\"140\" src=\"http:\/\/rebub.u-bordeaux.fr\/wp-content\/uploads\/2020\/06\/Holding.png\" alt=\"\" class=\"wp-image-8972\" srcset=\"https:\/\/rebub.u-bordeaux.fr\/wp-content\/uploads\/2020\/06\/Holding.png 780w, https:\/\/rebub.u-bordeaux.fr\/wp-content\/uploads\/2020\/06\/Holding-300x54.png 300w, https:\/\/rebub.u-bordeaux.fr\/wp-content\/uploads\/2020\/06\/Holding-768x138.png 768w\" sizes=\"(max-width: 780px) 100vw, 780px\" \/><\/a><\/figure>\n\n\n\n<p>&#8211; CTRL+F pour en faire appara\u00eetre les champs<\/p>\n\n\n\n<figure class=\"wp-block-image\"><a href=\"http:\/\/rebub.u-bordeaux.fr\/wp-content\/uploads\/2020\/06\/Cote-auto.png\" target=\"_blank\" rel=\"noopener noreferrer\"><img decoding=\"async\" loading=\"lazy\" width=\"732\" height=\"129\" src=\"http:\/\/rebub.u-bordeaux.fr\/wp-content\/uploads\/2020\/06\/Cote-auto.png\" alt=\"\" class=\"wp-image-8973\" srcset=\"https:\/\/rebub.u-bordeaux.fr\/wp-content\/uploads\/2020\/06\/Cote-auto.png 732w, https:\/\/rebub.u-bordeaux.fr\/wp-content\/uploads\/2020\/06\/Cote-auto-300x53.png 300w\" sizes=\"(max-width: 732px) 100vw, 732px\" \/><\/a><\/figure>\n\n\n\n<p>&#8211; renseigner la biblioth\u00e8que (champ B)<br>&#8211; renseigner la localisation (champ C)<br>&#8211; ne pas renseigner la cote, mais ouvrir le menu \u00ab Actions de la notice \u00bb > G\u00e9n\u00e9rer un num\u00e9ro d\u2019entr\u00e9e<\/p>\n\n\n<div class=\"wp-block-image\">\n<figure class=\"aligncenter size-full\"><img decoding=\"async\" loading=\"lazy\" width=\"365\" height=\"640\" src=\"https:\/\/rebub.u-bordeaux.fr\/wp-content\/uploads\/2025\/01\/generer_cote_auto.png\" alt=\"\" class=\"wp-image-23008\" srcset=\"https:\/\/rebub.u-bordeaux.fr\/wp-content\/uploads\/2025\/01\/generer_cote_auto.png 365w, https:\/\/rebub.u-bordeaux.fr\/wp-content\/uploads\/2025\/01\/generer_cote_auto-171x300.png 171w\" sizes=\"(max-width: 365px) 100vw, 365px\" \/><\/figure><\/div>\n\n\n<p>&#8211; la cote automatique appara\u00eet dans le champ \u00ab Partie de classification \u00bb (H) de la notice holding<\/p>\n\n\n<div class=\"wp-block-image\">\n<figure class=\"aligncenter\"><a href=\"http:\/\/rebub.u-bordeaux.fr\/wp-content\/uploads\/2020\/06\/Cote-auto-2.png\" target=\"_blank\" rel=\"noopener noreferrer\"><img decoding=\"async\" loading=\"lazy\" width=\"364\" height=\"36\" src=\"http:\/\/rebub.u-bordeaux.fr\/wp-content\/uploads\/2020\/06\/Cote-auto-2.png\" alt=\"\" class=\"wp-image-8976\" srcset=\"https:\/\/rebub.u-bordeaux.fr\/wp-content\/uploads\/2020\/06\/Cote-auto-2.png 364w, https:\/\/rebub.u-bordeaux.fr\/wp-content\/uploads\/2020\/06\/Cote-auto-2-300x30.png 300w\" sizes=\"(max-width: 364px) 100vw, 364px\" \/><\/a><\/figure><\/div>\n\n\n<p>&#8211; sauvegarder la notice holding, passer \u00e0 la cr\u00e9ation du ou des exemplaire(s)<\/p>\n\n\n\n<p>NB : si<strong> plusieurs exemplaires sous cette notice holding doivent porter diff\u00e9rentes cotes<\/strong> g\u00e9n\u00e9r\u00e9es automatiquement, il faut r\u00e9p\u00e9ter le processus et affecter \u00e0 chaque exemplaire la cote g\u00e9n\u00e9r\u00e9e dans le champ \u00ab cote de l\u2019exemplaire\u00a0\u00bb de la notice de l&rsquo;exemplaire. La cote de la holding devra porter une cote g\u00e9n\u00e9rique ou pas de cote, selon ce que d\u00e9finissent les r\u00e8gles locales de la biblioth\u00e8que pour ce cas de figure.<\/p>\n\n\n\n<h2 id=\"stoc-recotation\" class=\"wpig-heading\">Recotation<\/h2>\n\n\n\n<p>Un ouvrage porte d\u00e9j\u00e0 une cote, doit recevoir une cote automatique, et changer de localisation [cas type : un ouvrage de libre-acc\u00e8s est rel\u00e9gu\u00e9 en magasin, un ouvrage de magasin change de cote]<\/p>\n\n\n\n<p>&#8211; Dans l\u2019index \u00ab Titres physiques \u00bb, sous-index \u00ab Codes-barres \u00bb, scanner le code-\u00e0-barres de l\u2019ouvrage \u00e0 recoter automatiquement<\/p>\n\n\n\n<figure class=\"wp-block-image\"><a href=\"http:\/\/rebub.u-bordeaux.fr\/wp-content\/uploads\/2020\/06\/Titres-Physiques.png\" target=\"_blank\" rel=\"noopener noreferrer\"><img decoding=\"async\" loading=\"lazy\" width=\"912\" height=\"53\" src=\"http:\/\/rebub.u-bordeaux.fr\/wp-content\/uploads\/2020\/06\/Titres-Physiques.png\" alt=\"\" class=\"wp-image-8977\" srcset=\"https:\/\/rebub.u-bordeaux.fr\/wp-content\/uploads\/2020\/06\/Titres-Physiques.png 912w, https:\/\/rebub.u-bordeaux.fr\/wp-content\/uploads\/2020\/06\/Titres-Physiques-300x17.png 300w, https:\/\/rebub.u-bordeaux.fr\/wp-content\/uploads\/2020\/06\/Titres-Physiques-768x45.png 768w\" sizes=\"(max-width: 912px) 100vw, 912px\" \/><\/a><\/figure>\n\n\n\n<p>&#8211; Rep\u00e9rer la collection concern\u00e9e et le nombre d\u2019exemplaires dans cette collection<br>Cas 1 : l\u2019exemplaire est seul dans la collection = la cote de la holding peut \u00eatre modifi\u00e9e car il sera seul affect\u00e9<br>&#8211; Cliquer sur le nom de la localisation dans la colonne concern\u00e9e, ou sur \u00ab Toutes les collections \u00bb<\/p>\n\n\n\n<p><a href=\"http:\/\/rebub.u-bordeaux.fr\/wp-content\/uploads\/2020\/06\/Holding-2-1.png\" target=\"_blank\" rel=\"noopener noreferrer\"><img decoding=\"async\" loading=\"lazy\" class=\"alignnone wp-image-8982 size-full\" src=\"http:\/\/rebub.u-bordeaux.fr\/wp-content\/uploads\/2020\/06\/Holding-2-1.png\" alt=\"\" width=\"1484\" height=\"200\" srcset=\"https:\/\/rebub.u-bordeaux.fr\/wp-content\/uploads\/2020\/06\/Holding-2-1.png 1484w, https:\/\/rebub.u-bordeaux.fr\/wp-content\/uploads\/2020\/06\/Holding-2-1-300x40.png 300w, https:\/\/rebub.u-bordeaux.fr\/wp-content\/uploads\/2020\/06\/Holding-2-1-1024x138.png 1024w, https:\/\/rebub.u-bordeaux.fr\/wp-content\/uploads\/2020\/06\/Holding-2-1-768x104.png 768w\" sizes=\"(max-width: 1484px) 100vw, 1484px\" \/><\/a><br>&#8211; \u00c9diter la notice<br>&#8211; se placer dans la zone 852 de la notice holding<\/p>\n\n\n<div class=\"wp-block-image\">\n<figure class=\"aligncenter\"><a href=\"http:\/\/rebub.u-bordeaux.fr\/wp-content\/uploads\/2020\/06\/Holding-3.png\" target=\"_blank\" rel=\"noopener noreferrer\"><img decoding=\"async\" loading=\"lazy\" width=\"164\" height=\"43\" src=\"http:\/\/rebub.u-bordeaux.fr\/wp-content\/uploads\/2020\/06\/Holding-3.png\" alt=\"\" class=\"wp-image-8981\"\/><\/a><\/figure><\/div>\n\n\n<p><br>&#8211; Supprimer tout chiffre \u00e0 droite de la zone 852<\/p>\n\n\n<div class=\"wp-block-image\">\n<figure class=\"aligncenter\"><a href=\"http:\/\/rebub.u-bordeaux.fr\/wp-content\/uploads\/2020\/06\/Holding-4.png\" target=\"_blank\" rel=\"noopener noreferrer\"><img decoding=\"async\" loading=\"lazy\" width=\"136\" height=\"49\" src=\"http:\/\/rebub.u-bordeaux.fr\/wp-content\/uploads\/2020\/06\/Holding-4.png\" alt=\"\" class=\"wp-image-8980\"\/><\/a><\/figure><\/div>\n\n\n<p><br>&#8211; CTRL+F pour en faire appara\u00eetre les champs<br>&#8211; ne pas modifier la biblioth\u00e8que (champ B)<br>&#8211; \u00e9ventuellement modifier la localisation (champ C)<br>&#8211; supprimer toute mention de cote dans le champ H (Partie de classification)<br>&#8211; ouvrir le menu \u00ab Actions de la notice \u00bb > G\u00e9n\u00e9rer un num\u00e9ro d\u2019entr\u00e9e<br>&#8211; la cote automatique appara\u00eet dans le champ \u00ab Partie de classification \u00bb (H) de la notice holding<br>&#8211; sauvegarder la notice holding, passer \u00e0 la cr\u00e9ation du ou des exemplaire(s)<\/p>\n\n\n\n<p>Cas 2 : l\u2019exemplaire n\u2019est pas seul dans la collection = la cote de la holding ne peut \u00eatre modifi\u00e9e car la nouvelle cote affecterait tous les exemplaires<\/p>\n\n\n\n<p>a) S\u2019il s\u2019agit de d\u00e9sherbage avec rel\u00e9gation, collecter pr\u00e9alablement les autres exemplaires et les supprimer puis se reporter au cas 1 une fois que l\u2019exemplaire \u00e0 rel\u00e9guer est seul pr\u00e9sent dans la holding.<\/p>\n\n\n\n<p>b) S\u2019il s\u2019agit d\u2019un autre cas de figure, ou que la rel\u00e9gation doit intervenir sans d\u00e9lai : il s\u2019agit de le d\u00e9placer sous une nouvelle holding, sous laquelle il sera seul, et qui se verra affecter la nouvelle cote<br>&#8211; Cliquer sur \u00ab Toutes les collections \u00bb s\u2019il y a d\u2019autres holdings. S\u2019il n\u2019y a qu\u2019une seule holding, cliquer sur \u00ab Tous les exemplaires \u00bb, puis \u00ab Voir toutes les donn\u00e9es de fonds \u00bb<\/p>\n\n\n\n<figure class=\"wp-block-image\"><a href=\"http:\/\/rebub.u-bordeaux.fr\/wp-content\/uploads\/2020\/06\/Holding-5.png\" target=\"_blank\" rel=\"noopener noreferrer\"><img decoding=\"async\" loading=\"lazy\" width=\"1288\" height=\"402\" src=\"http:\/\/rebub.u-bordeaux.fr\/wp-content\/uploads\/2020\/06\/Holding-5.png\" alt=\"\" class=\"wp-image-8979\" srcset=\"https:\/\/rebub.u-bordeaux.fr\/wp-content\/uploads\/2020\/06\/Holding-5.png 1288w, https:\/\/rebub.u-bordeaux.fr\/wp-content\/uploads\/2020\/06\/Holding-5-300x94.png 300w, https:\/\/rebub.u-bordeaux.fr\/wp-content\/uploads\/2020\/06\/Holding-5-1024x320.png 1024w, https:\/\/rebub.u-bordeaux.fr\/wp-content\/uploads\/2020\/06\/Holding-5-768x240.png 768w\" sizes=\"(max-width: 1288px) 100vw, 1288px\" \/><\/a><\/figure>\n\n\n\n<p>&#8211; Cliquer sur \u00ab Ajouter une nouvelle collection \u00bb<\/p>\n\n\n\n<figure class=\"wp-block-image\"><a href=\"http:\/\/rebub.u-bordeaux.fr\/wp-content\/uploads\/2020\/06\/Ajouter-collection.png\" target=\"_blank\" rel=\"noopener noreferrer\"><img decoding=\"async\" loading=\"lazy\" width=\"796\" height=\"223\" src=\"http:\/\/rebub.u-bordeaux.fr\/wp-content\/uploads\/2020\/06\/Ajouter-collection.png\" alt=\"\" class=\"wp-image-8992\" srcset=\"https:\/\/rebub.u-bordeaux.fr\/wp-content\/uploads\/2020\/06\/Ajouter-collection.png 796w, https:\/\/rebub.u-bordeaux.fr\/wp-content\/uploads\/2020\/06\/Ajouter-collection-300x84.png 300w, https:\/\/rebub.u-bordeaux.fr\/wp-content\/uploads\/2020\/06\/Ajouter-collection-768x215.png 768w\" sizes=\"(max-width: 796px) 100vw, 796px\" \/><\/a><\/figure>\n\n\n\n<p>&#8211; se placer dans la zone 852 de la notice holding<\/p>\n\n\n\n<p>&#8211; CTRL+F pour en faire appara\u00eetre les champs<br>&#8211; renseigner la biblioth\u00e8que (champ B)<br>&#8211; renseigner la localisation (champ C)<br>&#8211; ne pas renseigner la cote, mais ouvrir le menu \u00ab Actions de la notice \u00bb > G\u00e9n\u00e9rer un num\u00e9ro d\u2019entr\u00e9e<br>&#8211; la cote automatique appara\u00eet dans le champ \u00ab Partie de classification \u00bb (H) de la notice holding<br>&#8211; sauvegarder et d\u00e9bloquer la notice holding<br>&#8211; la nouvelle holding \u00e9tant cr\u00e9\u00e9e, cliquer sur les trois points en bout de ligne en face de l\u2019ancienne holding et en afficher les exemplaires<br>&#8211; S\u00e9lectionner l\u2019exemplaire qui doit \u00eatre rel\u00e9gu\u00e9 \/ chang\u00e9 de holding<br>&#8211; Cliquer sur \u00ab Modifier la collection \u00bb<br>&#8211; S\u00e9lectionner la nouvelle collection qui vient d\u2019\u00eatre cr\u00e9\u00e9e avec la cote automatique<br>&#8211; Cliquer sur \u00ab S\u00e9lectionner \u00bb<br>&#8211; L\u2019exemplaire est d\u00e9plac\u00e9 sous sa nouvelle localisation avec sa nouvelle cote<\/p>\n\n\n\n<p>Dans le Sudoc : Aller dans le Sudoc (Colodus ou WiniBW) pour mettre \u00e0 jour les donn\u00e9es si n\u00e9cessaire.<\/p>\n\n\n\n<p><strong>Plusieurs cas de figure :<\/strong><br>&#8211; Si la recotation concerne le dernier exemplaire : recoter l\u2019exemplaire dans le Sudoc<br>&#8211; La recotation ne concerne pas le dernier exemplaire : pas de recotation syst\u00e9matique dans le Sudoc. Choisir la cote la plus appropri\u00e9e pour votre biblioth\u00e8que.<\/p>\n\n\n\n<div class=\"is-layout-flex wp-container-6 wp-block-columns bord-bloc-reutilisable has-background\" style=\"background-color:#d9edf7\">\n<div class=\"is-layout-flow wp-block-column is-vertically-aligned-center\" style=\"font-size:15px;flex-basis:20%\">\n<p style=\"font-size:15px\"><strong>Date de publication<\/strong> <\/p>\n\n\n<div style=\"font-size:15px;\" class=\"wp-block-post-date\"><time datetime=\"2024-03-22T09:33:01+01:00\">22 mars 2024<\/time><\/div><\/div>\n\n\n\n<div class=\"is-layout-flow wp-block-column is-vertically-aligned-center\" style=\"font-size:15px;flex-basis:20%\">\n<p><strong>Mis \u00e0 jour le <\/strong><\/p>\n\n\n<div style=\"font-size:15px;\" class=\"wp-block-post-date\"><time datetime=\"2025-01-27T14:14:50+01:00\">27 janvier 2025<\/time><\/div><\/div>\n\n\n\n<div class=\"is-layout-flow wp-block-column is-vertically-aligned-center\" style=\"font-size:15px;flex-basis:40%\">\n<p><\/p>\n\n\n\n<p><strong>Attention ! <\/strong>Certains \u00e9tablissements utilisent parfois de proc\u00e9dures compl\u00e9mentaires <\/p>\n<\/div>\n\n\n\n<div class=\"is-layout-flow wp-block-column is-vertically-aligned-center\" style=\"font-size:15px;flex-basis:25%\">\n<div class=\"is-horizontal is-content-justification-center is-layout-flex wp-container-4 wp-block-buttons alignfull has-custom-font-size\" style=\"font-size:16px\">\n<div class=\"wp-block-button has-custom-width wp-block-button__width-75 has-custom-font-size is-style-fill\" style=\"font-size:15px\"><a class=\"wp-block-button__link has-white-color has-text-color has-background wp-element-button\" href=\"mailto:scoop@u-bordeaux.fr\" style=\"border-radius:65px;background-color:#000000db\"><strong>Signaler une erreur<\/strong><\/a><\/div>\n<\/div>\n<\/div>\n<\/div>\n","protected":false},"excerpt":{"rendered":"<p>Table des mati\u00e8res[ Show ]Entr\u00e9e d&rsquo;un nouveau titre dans AlmaRecotationEntr\u00e9e d&rsquo;un nouveau titre dans Alma Un ouvrage non-trait\u00e9 doit recevoir une cote automatique [cas-type : le r\u00e9tro-catalogage, ou une nouvelle&nbsp; acquisition recevant directement une cote automatique] Apr\u00e8s avoir effectu\u00e9 les&#8230;<\/p>\n","protected":false},"author":46,"featured_media":4793,"parent":18539,"menu_order":3,"comment_status":"closed","ping_status":"closed","template":"","meta":[],"post_mailing_queue_ids":[],"_links":{"self":[{"href":"http:\/\/rebub.u-bordeaux.fr\/index.php\/wp-json\/wp\/v2\/pages\/18569"}],"collection":[{"href":"http:\/\/rebub.u-bordeaux.fr\/index.php\/wp-json\/wp\/v2\/pages"}],"about":[{"href":"http:\/\/rebub.u-bordeaux.fr\/index.php\/wp-json\/wp\/v2\/types\/page"}],"author":[{"embeddable":true,"href":"http:\/\/rebub.u-bordeaux.fr\/index.php\/wp-json\/wp\/v2\/users\/46"}],"replies":[{"embeddable":true,"href":"http:\/\/rebub.u-bordeaux.fr\/index.php\/wp-json\/wp\/v2\/comments?post=18569"}],"version-history":[{"count":4,"href":"http:\/\/rebub.u-bordeaux.fr\/index.php\/wp-json\/wp\/v2\/pages\/18569\/revisions"}],"predecessor-version":[{"id":23010,"href":"http:\/\/rebub.u-bordeaux.fr\/index.php\/wp-json\/wp\/v2\/pages\/18569\/revisions\/23010"}],"up":[{"embeddable":true,"href":"http:\/\/rebub.u-bordeaux.fr\/index.php\/wp-json\/wp\/v2\/pages\/18539"}],"wp:featuredmedia":[{"embeddable":true,"href":"http:\/\/rebub.u-bordeaux.fr\/index.php\/wp-json\/wp\/v2\/media\/4793"}],"wp:attachment":[{"href":"http:\/\/rebub.u-bordeaux.fr\/index.php\/wp-json\/wp\/v2\/media?parent=18569"}],"curies":[{"name":"wp","href":"https:\/\/api.w.org\/{rel}","templated":true}]}}