	{"id":18570,"date":"2024-03-22T09:33:02","date_gmt":"2024-03-22T08:33:02","guid":{"rendered":"https:\/\/rebub.u-bordeaux.fr\/?page_id=18570"},"modified":"2024-04-22T13:26:08","modified_gmt":"2024-04-22T11:26:08","slug":"verification-et-modification-en-masse-des-types-de-cotes","status":"publish","type":"page","link":"http:\/\/rebub.u-bordeaux.fr\/index.php\/alma\/procedures\/gestion-des-ressources\/exemplaires-holding\/verification-et-modification-en-masse-des-types-de-cotes\/","title":{"rendered":"V\u00e9rifier et modifier en masse des types de cotes"},"content":{"rendered":"<div id='wpig-floatingbar' class='wpig-floatingbar'><div id='wpig-switch-wrapper' class='wpig-switch-wrapper'><span id='wpig-floating-switch' class='wpig-floating-switch'><img src='http:\/\/rebub.u-bordeaux.fr\/wp-content\/plugins\/sticky-toc-advance-table-of-contents\/\\assets\\menu.png'><\/span><\/div><\/div><p><\/p>\n<p>Le Scoop met \u00e0 disposition un rapport Analytics permettant pour une biblioth\u00e8que et une localisation de v\u00e9rifier que l\u2019indicateur 1 de la 852 (HOL) est en coh\u00e9rence avec le type de cote d\u00e9clar\u00e9 pour chaque localisation. (<em>Analytique collections\/Suivi des mouvements de collection et des anomalies\/Rep\u00e9rer les incoh\u00e9rences entre les indicateurs de la 852 holding et le type de cote d\u2019exemplaire<\/em>)<\/p>\n\n\n<div class=\"wp-block-image\">\n<figure class=\"aligncenter is-resized\"><img decoding=\"async\" loading=\"lazy\" src=\"https:\/\/rebub.u-bordeaux.fr\/wp-content\/uploads\/2024\/01\/Oracle-Analytics-Interactive-Dashboards-anomalies852-300x92.png\" alt=\"\" class=\"wp-image-17722\" width=\"571\" height=\"175\" srcset=\"https:\/\/rebub.u-bordeaux.fr\/wp-content\/uploads\/2024\/01\/Oracle-Analytics-Interactive-Dashboards-anomalies852-300x92.png 300w, https:\/\/rebub.u-bordeaux.fr\/wp-content\/uploads\/2024\/01\/Oracle-Analytics-Interactive-Dashboards-anomalies852.png 740w\" sizes=\"(max-width: 571px) 100vw, 571px\" \/><\/figure><\/div>\n\n\n<p>S\u00e9lectionner dans les invites la biblioth\u00e8que et la localisation.<\/p>\n\n\n<div class=\"wp-block-image\">\n<figure class=\"aligncenter is-resized\"><img decoding=\"async\" loading=\"lazy\" src=\"https:\/\/rebub.u-bordeaux.fr\/wp-content\/uploads\/2024\/01\/Oracle-Analytics-Interactive-Dashboards-ano-298x300.png\" alt=\"\" class=\"wp-image-17725\" width=\"530\" height=\"534\" srcset=\"https:\/\/rebub.u-bordeaux.fr\/wp-content\/uploads\/2024\/01\/Oracle-Analytics-Interactive-Dashboards-ano-298x300.png 298w, https:\/\/rebub.u-bordeaux.fr\/wp-content\/uploads\/2024\/01\/Oracle-Analytics-Interactive-Dashboards-ano-150x150.png 150w, https:\/\/rebub.u-bordeaux.fr\/wp-content\/uploads\/2024\/01\/Oracle-Analytics-Interactive-Dashboards-ano-768x774.png 768w, https:\/\/rebub.u-bordeaux.fr\/wp-content\/uploads\/2024\/01\/Oracle-Analytics-Interactive-Dashboards-ano.png 827w\" sizes=\"(max-width: 530px) 100vw, 530px\" \/><\/figure><\/div>\n\n\n<p>Le rapport fait \u00e9tat de la biblioth\u00e8que et de la localisation analys\u00e9e ainsi que de la valeur param\u00e9tr\u00e9e pour la localisation. Dans cet exemple la localisation<em> Arts\/EPS<\/em> du CRD INSPE M\u00e9rignac est param\u00e9tr\u00e9e pour un type de cote Classification D\u00e9cimale Dewey (valeur 1 du 1<sup>er<\/sup> indicateur de la 852).<\/p>\n\n\n\n<p>Pour chaque code-barre le rapport renvoie l\u2019ind. 1 de la 852 de sa HOL (colonne <em>Type de cote de la HOL (ind. 1)<\/em>).<\/p>\n\n\n\n<p>Enfin la derni\u00e8re colonne \u00ab Correct\/incorrect \u00bb renvoie la valeur <em>CORRECT<\/em> quand l\u2019ind. 1 de la 852 correspond \u00e0 la valeur param\u00e9tr\u00e9e pour la localisation et la valeur <span style=\"color: #f60501;\"><em>INCORRECT<\/em><\/span> lorsque l\u2019indicateur de la 852 est diff\u00e9rent avec ce qui a \u00e9t\u00e9 d\u00e9clar\u00e9e dans le param\u00e8tre de localisation.<\/p>\n\n\n\n<p>Exportez dans Excel votre rapport en utilisant la roue <em>Options de page :<\/em><\/p>\n\n\n<div class=\"wp-block-image\">\n<figure class=\"aligncenter is-resized\"><img decoding=\"async\" loading=\"lazy\" src=\"https:\/\/rebub.u-bordeaux.fr\/wp-content\/uploads\/2024\/01\/exporter-300x205.png\" alt=\"\" class=\"wp-image-17729\" width=\"369\" height=\"252\" srcset=\"https:\/\/rebub.u-bordeaux.fr\/wp-content\/uploads\/2024\/01\/exporter-300x205.png 300w, https:\/\/rebub.u-bordeaux.fr\/wp-content\/uploads\/2024\/01\/exporter.png 549w\" sizes=\"(max-width: 369px) 100vw, 369px\" \/><\/figure><\/div>\n\n\n<p>Dans Excel, filtrer la colonne CORRECT\/INCORRECT sur la valeur <em>INCORRECT<\/em> pour retrouver tous les EXE dont la HOL est en erreur.<\/p>\n\n\n<div class=\"wp-block-image\">\n<figure class=\"aligncenter is-resized\"><img decoding=\"async\" loading=\"lazy\" src=\"https:\/\/rebub.u-bordeaux.fr\/wp-content\/uploads\/2024\/01\/excel-1-300x157.png\" alt=\"\" class=\"wp-image-17735\" width=\"586\" height=\"307\" srcset=\"https:\/\/rebub.u-bordeaux.fr\/wp-content\/uploads\/2024\/01\/excel-1-300x157.png 300w, https:\/\/rebub.u-bordeaux.fr\/wp-content\/uploads\/2024\/01\/excel-1-1024x537.png 1024w, https:\/\/rebub.u-bordeaux.fr\/wp-content\/uploads\/2024\/01\/excel-1-768x403.png 768w, https:\/\/rebub.u-bordeaux.fr\/wp-content\/uploads\/2024\/01\/excel-1.png 1253w\" sizes=\"(max-width: 586px) 100vw, 586px\" \/><\/figure><\/div>\n\n\n<p>Pr\u00e9parez les lots pour corriger en masse : dans l\u2019exemple ci-dessus (encart rouge) l\u2019indicateur des HOL de CB a pour valeur 4 alors que la localisation est param\u00e9tr\u00e9e sur la valeur 1.<\/p>\n\n\n<div class=\"wp-block-image\">\n<figure class=\"aligncenter\"><img decoding=\"async\" loading=\"lazy\" width=\"221\" height=\"300\" src=\"https:\/\/rebub.u-bordeaux.fr\/wp-content\/uploads\/2024\/01\/excel-2-221x300.png\" alt=\"\" class=\"wp-image-17740\" srcset=\"https:\/\/rebub.u-bordeaux.fr\/wp-content\/uploads\/2024\/01\/excel-2-221x300.png 221w, https:\/\/rebub.u-bordeaux.fr\/wp-content\/uploads\/2024\/01\/excel-2.png 275w\" sizes=\"(max-width: 221px) 100vw, 221px\" \/><\/figure><\/div>\n\n\n<p>Copier les CB dans un nouveau fichier Excel avec \u00ab barcode \u00bb comme en-t\u00eate.<\/p>\n\n\n\n<p>Cr\u00e9ez un jeu exemplaris\u00e9 (<em>Admin\/G\u00e9rer les traitements et les ensembles : G\u00e9rer les ensembles<\/em>) \u00e0 partir de votre fichier Excel.<\/p>\n\n\n<div class=\"wp-block-image\">\n<figure class=\"aligncenter is-resized\"><img decoding=\"async\" loading=\"lazy\" src=\"https:\/\/rebub.u-bordeaux.fr\/wp-content\/uploads\/2024\/01\/Gerer-les-ensembles-300x214.png\" alt=\"\" class=\"wp-image-17736\" width=\"692\" height=\"493\" srcset=\"https:\/\/rebub.u-bordeaux.fr\/wp-content\/uploads\/2024\/01\/Gerer-les-ensembles-300x214.png 300w, https:\/\/rebub.u-bordeaux.fr\/wp-content\/uploads\/2024\/01\/Gerer-les-ensembles-1024x731.png 1024w, https:\/\/rebub.u-bordeaux.fr\/wp-content\/uploads\/2024\/01\/Gerer-les-ensembles-768x548.png 768w, https:\/\/rebub.u-bordeaux.fr\/wp-content\/uploads\/2024\/01\/Gerer-les-ensembles-676x483.png 676w, https:\/\/rebub.u-bordeaux.fr\/wp-content\/uploads\/2024\/01\/Gerer-les-ensembles-321x229.png 321w, https:\/\/rebub.u-bordeaux.fr\/wp-content\/uploads\/2024\/01\/Gerer-les-ensembles.png 1164w\" sizes=\"(max-width: 692px) 100vw, 692px\" \/><\/figure><\/div>\n\n<div class=\"wp-block-image\">\n<figure class=\"aligncenter is-resized\"><img decoding=\"async\" loading=\"lazy\" src=\"https:\/\/rebub.u-bordeaux.fr\/wp-content\/uploads\/2024\/01\/confirmation-300x111.png\" alt=\"\" class=\"wp-image-17739\" width=\"366\" height=\"135\" srcset=\"https:\/\/rebub.u-bordeaux.fr\/wp-content\/uploads\/2024\/01\/confirmation-300x111.png 300w, https:\/\/rebub.u-bordeaux.fr\/wp-content\/uploads\/2024\/01\/confirmation.png 350w\" sizes=\"(max-width: 366px) 100vw, 366px\" \/><\/figure><\/div>\n\n\n<p>Ex\u00e9cuter un traitement pour corriger les valeurs en erreur (<em>Admin\/G\u00e9rer les traitements et les ensembles : Ex\u00e9cuter un traitement)<\/em><\/p>\n\n\n\n<p>S\u00e9lectionner le traitement \u00ab Changer les informations des holdings \u00bb puis \u00ab Suivant \u00bb.<\/p>\n\n\n<div class=\"wp-block-image\">\n<figure class=\"aligncenter is-resized\"><img decoding=\"async\" loading=\"lazy\" src=\"https:\/\/rebub.u-bordeaux.fr\/wp-content\/uploads\/2024\/01\/Executer-un-traitement-Selectionner-un-traitement-a-executer-300x78.png\" alt=\"\" class=\"wp-image-17741\" width=\"848\" height=\"220\" srcset=\"https:\/\/rebub.u-bordeaux.fr\/wp-content\/uploads\/2024\/01\/Executer-un-traitement-Selectionner-un-traitement-a-executer-300x78.png 300w, https:\/\/rebub.u-bordeaux.fr\/wp-content\/uploads\/2024\/01\/Executer-un-traitement-Selectionner-un-traitement-a-executer-1024x266.png 1024w, https:\/\/rebub.u-bordeaux.fr\/wp-content\/uploads\/2024\/01\/Executer-un-traitement-Selectionner-un-traitement-a-executer-768x199.png 768w, https:\/\/rebub.u-bordeaux.fr\/wp-content\/uploads\/2024\/01\/Executer-un-traitement-Selectionner-un-traitement-a-executer.png 1510w\" sizes=\"(max-width: 848px) 100vw, 848px\" \/><\/figure><\/div>\n\n\n<p>S\u00e9lectionner le jeu sur lequel appliquer le traitement (puis Suivant).<\/p>\n\n\n<div class=\"wp-block-image\">\n<figure class=\"aligncenter is-resized\"><img decoding=\"async\" loading=\"lazy\" src=\"https:\/\/rebub.u-bordeaux.fr\/wp-content\/uploads\/2024\/01\/Executer-un-traitement-Selectionner-un-jeu-300x57.png\" alt=\"\" class=\"wp-image-17742\" width=\"856\" height=\"162\" srcset=\"https:\/\/rebub.u-bordeaux.fr\/wp-content\/uploads\/2024\/01\/Executer-un-traitement-Selectionner-un-jeu-300x57.png 300w, https:\/\/rebub.u-bordeaux.fr\/wp-content\/uploads\/2024\/01\/Executer-un-traitement-Selectionner-un-jeu-1024x194.png 1024w, https:\/\/rebub.u-bordeaux.fr\/wp-content\/uploads\/2024\/01\/Executer-un-traitement-Selectionner-un-jeu-768x145.png 768w, https:\/\/rebub.u-bordeaux.fr\/wp-content\/uploads\/2024\/01\/Executer-un-traitement-Selectionner-un-jeu.png 1510w\" sizes=\"(max-width: 856px) 100vw, 856px\" \/><\/figure><\/div>\n\n\n<p>S\u00e9lectionner et choisir le param\u00e8tre \u00e0 appliquer au jeu.<\/p>\n\n\n<div class=\"wp-block-image\">\n<figure class=\"aligncenter is-resized\"><img decoding=\"async\" loading=\"lazy\" src=\"https:\/\/rebub.u-bordeaux.fr\/wp-content\/uploads\/2024\/01\/Executer-un-traitement-Entrer-les-parametres-de-la-tache-300x82.png\" alt=\"\" class=\"wp-image-17743\" width=\"761\" height=\"208\" srcset=\"https:\/\/rebub.u-bordeaux.fr\/wp-content\/uploads\/2024\/01\/Executer-un-traitement-Entrer-les-parametres-de-la-tache-300x82.png 300w, https:\/\/rebub.u-bordeaux.fr\/wp-content\/uploads\/2024\/01\/Executer-un-traitement-Entrer-les-parametres-de-la-tache-1024x279.png 1024w, https:\/\/rebub.u-bordeaux.fr\/wp-content\/uploads\/2024\/01\/Executer-un-traitement-Entrer-les-parametres-de-la-tache-768x209.png 768w, https:\/\/rebub.u-bordeaux.fr\/wp-content\/uploads\/2024\/01\/Executer-un-traitement-Entrer-les-parametres-de-la-tache.png 1512w\" sizes=\"(max-width: 761px) 100vw, 761px\" \/><\/figure><\/div>\n\n\n<p>Puis valider (<em>Suivant<\/em>).<\/p>\n\n\n\n<p>Les HOL ont bien \u00e9t\u00e9 modifi\u00e9es.<\/p>\n\n\n<div class=\"wp-block-image\">\n<figure class=\"aligncenter is-resized\"><img decoding=\"async\" loading=\"lazy\" src=\"https:\/\/rebub.u-bordeaux.fr\/wp-content\/uploads\/2024\/01\/Consulter-la-notice-300x217.png\" alt=\"\" class=\"wp-image-17744\" width=\"459\" height=\"332\" srcset=\"https:\/\/rebub.u-bordeaux.fr\/wp-content\/uploads\/2024\/01\/Consulter-la-notice-300x217.png 300w, https:\/\/rebub.u-bordeaux.fr\/wp-content\/uploads\/2024\/01\/Consulter-la-notice.png 449w\" sizes=\"(max-width: 459px) 100vw, 459px\" \/><\/figure><\/div>\n\n\n<div class=\"is-layout-flex wp-container-6 wp-block-columns bord-bloc-reutilisable has-background\" style=\"background-color:#d9edf7\">\n<div class=\"is-layout-flow wp-block-column is-vertically-aligned-center\" style=\"font-size:15px;flex-basis:20%\">\n<p style=\"font-size:15px\"><strong>Date de publication<\/strong> <\/p>\n\n\n<div style=\"font-size:15px;\" class=\"wp-block-post-date\"><time datetime=\"2024-03-22T09:33:02+01:00\">22 mars 2024<\/time><\/div><\/div>\n\n\n\n<div class=\"is-layout-flow wp-block-column is-vertically-aligned-center\" style=\"font-size:15px;flex-basis:20%\">\n<p><strong>Mis \u00e0 jour le <\/strong><\/p>\n\n\n<div style=\"font-size:15px;\" class=\"wp-block-post-date\"><time datetime=\"2024-04-22T13:26:08+02:00\">22 avril 2024<\/time><\/div><\/div>\n\n\n\n<div class=\"is-layout-flow wp-block-column is-vertically-aligned-center\" style=\"font-size:15px;flex-basis:40%\">\n<p><\/p>\n\n\n\n<p><strong>Attention ! <\/strong>Certains \u00e9tablissements utilisent parfois de proc\u00e9dures compl\u00e9mentaires <\/p>\n<\/div>\n\n\n\n<div class=\"is-layout-flow wp-block-column is-vertically-aligned-center\" style=\"font-size:15px;flex-basis:25%\">\n<div class=\"is-horizontal is-content-justification-center is-layout-flex wp-container-4 wp-block-buttons alignfull has-custom-font-size\" style=\"font-size:16px\">\n<div class=\"wp-block-button has-custom-width wp-block-button__width-75 has-custom-font-size is-style-fill\" style=\"font-size:15px\"><a class=\"wp-block-button__link has-white-color has-text-color has-background wp-element-button\" href=\"mailto:scoop@u-bordeaux.fr\" style=\"border-radius:65px;background-color:#000000db\"><strong>Signaler une erreur<\/strong><\/a><\/div>\n<\/div>\n<\/div>\n<\/div>\n","protected":false},"excerpt":{"rendered":"<p>Le Scoop met \u00e0 disposition un rapport Analytics permettant pour une biblioth\u00e8que et une localisation de v\u00e9rifier que l\u2019indicateur 1 de la 852 (HOL) est en coh\u00e9rence avec le type de cote d\u00e9clar\u00e9 pour chaque localisation. (Analytique collections\/Suivi des mouvements&#8230;<\/p>\n","protected":false},"author":46,"featured_media":4793,"parent":18539,"menu_order":4,"comment_status":"closed","ping_status":"closed","template":"","meta":[],"post_mailing_queue_ids":[],"_links":{"self":[{"href":"http:\/\/rebub.u-bordeaux.fr\/index.php\/wp-json\/wp\/v2\/pages\/18570"}],"collection":[{"href":"http:\/\/rebub.u-bordeaux.fr\/index.php\/wp-json\/wp\/v2\/pages"}],"about":[{"href":"http:\/\/rebub.u-bordeaux.fr\/index.php\/wp-json\/wp\/v2\/types\/page"}],"author":[{"embeddable":true,"href":"http:\/\/rebub.u-bordeaux.fr\/index.php\/wp-json\/wp\/v2\/users\/46"}],"replies":[{"embeddable":true,"href":"http:\/\/rebub.u-bordeaux.fr\/index.php\/wp-json\/wp\/v2\/comments?post=18570"}],"version-history":[{"count":4,"href":"http:\/\/rebub.u-bordeaux.fr\/index.php\/wp-json\/wp\/v2\/pages\/18570\/revisions"}],"predecessor-version":[{"id":20350,"href":"http:\/\/rebub.u-bordeaux.fr\/index.php\/wp-json\/wp\/v2\/pages\/18570\/revisions\/20350"}],"up":[{"embeddable":true,"href":"http:\/\/rebub.u-bordeaux.fr\/index.php\/wp-json\/wp\/v2\/pages\/18539"}],"wp:featuredmedia":[{"embeddable":true,"href":"http:\/\/rebub.u-bordeaux.fr\/index.php\/wp-json\/wp\/v2\/media\/4793"}],"wp:attachment":[{"href":"http:\/\/rebub.u-bordeaux.fr\/index.php\/wp-json\/wp\/v2\/media?parent=18570"}],"curies":[{"name":"wp","href":"https:\/\/api.w.org\/{rel}","templated":true}]}}