	{"id":18571,"date":"2024-03-22T09:33:03","date_gmt":"2024-03-22T08:33:03","guid":{"rendered":"https:\/\/rebub.u-bordeaux.fr\/?page_id=18571"},"modified":"2024-04-22T13:27:42","modified_gmt":"2024-04-22T11:27:42","slug":"gerer-la-tomaison","status":"publish","type":"page","link":"http:\/\/rebub.u-bordeaux.fr\/index.php\/alma\/procedures\/gestion-des-ressources\/exemplaires-holding\/gerer-la-tomaison\/","title":{"rendered":"G\u00e9rer la tomaison"},"content":{"rendered":"<div id='wpig-floatingbar' class='wpig-floatingbar'><div id='wpig-switch-wrapper' class='wpig-switch-wrapper'><span id='wpig-floating-switch' class='wpig-floating-switch'><img src='http:\/\/rebub.u-bordeaux.fr\/wp-content\/plugins\/sticky-toc-advance-table-of-contents\/\\assets\\menu.png'><\/span><\/div><\/div><p><\/p>\n<p>Les indications de tomaison des monographies (y compris th\u00e8ses, DVD, documents d\u2019accompagnement\u2026) sont donn\u00e9es dans <strong>le champ \u00ab Description \u00bb <\/strong>des exemplaires Alma.<\/p>\n\n\n\n<p>Ce champ est rempli manuellement. On n\u2019utilise pas le bouton \u00ab G\u00e9n\u00e9rer \u00bb.<\/p>\n\n\n\n<p>Dans le cadre d\u2019une rectification (informations h\u00e9rit\u00e9es du pr\u00e9c\u00e9dent SIGB, etc.), on v\u00e9rifie que :<\/p>\n\n\n\n<p>&#8211; les champs \u00ab Chronologie I et J \u00bb et \u00ab Num\u00e9rotation A et B \u00bb n\u2019ont pas \u00e9t\u00e9 utilis\u00e9s ; si c\u2019est le cas, on les efface.<\/p>\n\n\n\n<p>&#8211; le champ \u00ab Note publique \u00bb n\u2019a pas \u00e9t\u00e9 utilis\u00e9 ; si c\u2019est le cas, on l\u2019efface.<\/p>\n\n\n\n<table id=\"tablepress-93\" class=\"tablepress tablepress-id-93\">\n<thead>\n<tr class=\"row-1\">\n\t<th class=\"column-1\">Chaque volume est d\u00e9crit par une notice Sudoc diff\u00e9rente = l\u2019exemplaire de chaque tome est sous une notice bibliographique diff\u00e9rente <\/th><th colspan=\"2\" class=\"column-2\">L\u2019ensemble des volumes est d\u00e9crit par une seule notice Sudoc = les exemplaires de chaque tome sont regroup\u00e9s sous la m\u00eame notice bibliographique <\/th>\n<\/tr>\n<\/thead>\n<tbody class=\"row-hover\">\n<tr class=\"row-2\">\n\t<td class=\"column-1\">Aucun champ des exemplaires dans Alma ne mentionne d\u2019indication de tome : cette information est dans la description bibliographique <\/td><td class=\"column-2\">Cas 1 : les volumes mentionnent une tomaison (par ex. : tome 1, volume III, premi\u00e8re partie, 1919-1938, ann\u00e9es de jeunesse\u2026) <\/td><td class=\"column-3\">Cas 2 : les volumes mentionnent une nature de document sans mention de volume (par ex. : rapport \/ annexes ; trait\u00e9 \/ exercices\u2026) <\/td>\n<\/tr>\n<tr class=\"row-3\">\n\t<td class=\"column-1\">On supprime ce type d\u2019indication quand on en trouve <\/td><td class=\"column-2\">Dans le champ \u00ab description \u00bb de l\u2019exemplaire Alma, on mentionne la tomaison en la normalisant de la fa\u00e7on suivante : Volume 1, Volume 2\u2026 <br \/>\nEn cas de subdivision, on emploi des tirets : <br \/>\nVolume 2-1, Volume 2-2\u2026 <\/td><td class=\"column-3\">Dans le champ \u00ab description \u00bb de l\u2019exemplaire Alma, on mentionne cette nature en respectant la mani\u00e8re dont le document l\u2019indique <\/td>\n<\/tr>\n<\/tbody>\n<\/table>\n<!-- #tablepress-93 from cache -->\n\n\n<table id=\"tablepress-94\" class=\"tablepress tablepress-id-94\">\n<thead>\n<tr class=\"row-1\">\n\t<th class=\"column-1\">Exemples Mention sur le document <\/th><th class=\"column-2\">Mention dans Alma<\/th>\n<\/tr>\n<\/thead>\n<tbody class=\"row-hover\">\n<tr class=\"row-2\">\n\t<td class=\"column-1\">Tome 1 <\/td><td class=\"column-2\">Volume 1 <\/td>\n<\/tr>\n<tr class=\"row-3\">\n\t<td class=\"column-1\">Vol. XXIII <\/td><td class=\"column-2\">Volume 23 <\/td>\n<\/tr>\n<tr class=\"row-4\">\n\t<td class=\"column-1\">Premi\u00e8re partie <\/td><td class=\"column-2\">Volume 1 <\/td>\n<\/tr>\n<tr class=\"row-5\">\n\t<td class=\"column-1\">Ann\u00e9es de jeunesse [c\u2019est le 2e volume] <\/td><td class=\"column-2\">Volume 2 <\/td>\n<\/tr>\n<tr class=\"row-6\">\n\t<td class=\"column-1\">1939-1945 [c\u2019est le 1er volume] <\/td><td class=\"column-2\">Volume 1 <\/td>\n<\/tr>\n<tr class=\"row-7\">\n\t<td class=\"column-1\">Tome II, volume 1 <\/td><td class=\"column-2\">Volume 2-1 <\/td>\n<\/tr>\n<tr class=\"row-8\">\n\t<td class=\"column-1\">Premi\u00e8re partie, tome 3 <\/td><td class=\"column-2\">Volume 1-3 <\/td>\n<\/tr>\n<tr class=\"row-9\">\n\t<td class=\"column-1\">Rapport [sans mention de volume] <\/td><td class=\"column-2\">Rapport <\/td>\n<\/tr>\n<tr class=\"row-10\">\n\t<td class=\"column-1\">Tome 1 : rapport <\/td><td class=\"column-2\">Volume 1 <\/td>\n<\/tr>\n<tr class=\"row-11\">\n\t<td class=\"column-1\">Annexe <\/td><td class=\"column-2\">Annexe <\/td>\n<\/tr>\n<\/tbody>\n<\/table>\n<!-- #tablepress-94 from cache -->\n\n\n<div class=\"is-layout-flex wp-container-6 wp-block-columns bord-bloc-reutilisable has-background\" style=\"background-color:#d9edf7\">\n<div class=\"is-layout-flow wp-block-column is-vertically-aligned-center\" style=\"font-size:15px;flex-basis:20%\">\n<p style=\"font-size:15px\"><strong>Date de publication<\/strong> <\/p>\n\n\n<div style=\"font-size:15px;\" class=\"wp-block-post-date\"><time datetime=\"2024-03-22T09:33:03+01:00\">22 mars 2024<\/time><\/div><\/div>\n\n\n\n<div class=\"is-layout-flow wp-block-column is-vertically-aligned-center\" style=\"font-size:15px;flex-basis:20%\">\n<p><strong>Mis \u00e0 jour le <\/strong><\/p>\n\n\n<div style=\"font-size:15px;\" class=\"wp-block-post-date\"><time datetime=\"2024-04-22T13:27:42+02:00\">22 avril 2024<\/time><\/div><\/div>\n\n\n\n<div class=\"is-layout-flow wp-block-column is-vertically-aligned-center\" style=\"font-size:15px;flex-basis:40%\">\n<p><\/p>\n\n\n\n<p><strong>Attention ! <\/strong>Certains \u00e9tablissements utilisent parfois de proc\u00e9dures compl\u00e9mentaires <\/p>\n<\/div>\n\n\n\n<div class=\"is-layout-flow wp-block-column is-vertically-aligned-center\" style=\"font-size:15px;flex-basis:25%\">\n<div class=\"is-horizontal is-content-justification-center is-layout-flex wp-container-4 wp-block-buttons alignfull has-custom-font-size\" style=\"font-size:16px\">\n<div class=\"wp-block-button has-custom-width wp-block-button__width-75 has-custom-font-size is-style-fill\" style=\"font-size:15px\"><a class=\"wp-block-button__link has-white-color has-text-color has-background wp-element-button\" href=\"mailto:scoop@u-bordeaux.fr\" style=\"border-radius:65px;background-color:#000000db\"><strong>Signaler une erreur<\/strong><\/a><\/div>\n<\/div>\n<\/div>\n<\/div>\n","protected":false},"excerpt":{"rendered":"<p>Les indications de tomaison des monographies (y compris th\u00e8ses, DVD, documents d\u2019accompagnement\u2026) sont donn\u00e9es dans le champ \u00ab Description \u00bb des exemplaires Alma. Ce champ est rempli manuellement. On n\u2019utilise pas le bouton \u00ab G\u00e9n\u00e9rer \u00bb. Dans le cadre d\u2019une&#8230;<\/p>\n","protected":false},"author":46,"featured_media":4793,"parent":18539,"menu_order":5,"comment_status":"closed","ping_status":"closed","template":"","meta":[],"post_mailing_queue_ids":[],"_links":{"self":[{"href":"http:\/\/rebub.u-bordeaux.fr\/index.php\/wp-json\/wp\/v2\/pages\/18571"}],"collection":[{"href":"http:\/\/rebub.u-bordeaux.fr\/index.php\/wp-json\/wp\/v2\/pages"}],"about":[{"href":"http:\/\/rebub.u-bordeaux.fr\/index.php\/wp-json\/wp\/v2\/types\/page"}],"author":[{"embeddable":true,"href":"http:\/\/rebub.u-bordeaux.fr\/index.php\/wp-json\/wp\/v2\/users\/46"}],"replies":[{"embeddable":true,"href":"http:\/\/rebub.u-bordeaux.fr\/index.php\/wp-json\/wp\/v2\/comments?post=18571"}],"version-history":[{"count":3,"href":"http:\/\/rebub.u-bordeaux.fr\/index.php\/wp-json\/wp\/v2\/pages\/18571\/revisions"}],"predecessor-version":[{"id":20351,"href":"http:\/\/rebub.u-bordeaux.fr\/index.php\/wp-json\/wp\/v2\/pages\/18571\/revisions\/20351"}],"up":[{"embeddable":true,"href":"http:\/\/rebub.u-bordeaux.fr\/index.php\/wp-json\/wp\/v2\/pages\/18539"}],"wp:featuredmedia":[{"embeddable":true,"href":"http:\/\/rebub.u-bordeaux.fr\/index.php\/wp-json\/wp\/v2\/media\/4793"}],"wp:attachment":[{"href":"http:\/\/rebub.u-bordeaux.fr\/index.php\/wp-json\/wp\/v2\/media?parent=18571"}],"curies":[{"name":"wp","href":"https:\/\/api.w.org\/{rel}","templated":true}]}}