	{"id":18572,"date":"2024-03-22T09:32:59","date_gmt":"2024-03-22T08:32:59","guid":{"rendered":"https:\/\/rebub.u-bordeaux.fr\/?page_id=18572"},"modified":"2025-07-09T08:43:44","modified_gmt":"2025-07-09T06:43:44","slug":"recolement","status":"publish","type":"page","link":"http:\/\/rebub.u-bordeaux.fr\/index.php\/alma\/procedures\/gestion-des-ressources\/exemplaires-holding\/recolement\/","title":{"rendered":"Faire du r\u00e9colement"},"content":{"rendered":"<div id='wpig-floatingbar' class='wpig-floatingbar'><div id='wpig-switch-wrapper' class='wpig-switch-wrapper'><span id='wpig-floating-switch' class='wpig-floating-switch'><img src='http:\/\/rebub.u-bordeaux.fr\/wp-content\/plugins\/sticky-toc-advance-table-of-contents\/\\assets\\menu.png'><\/span><\/div><div id='wpig-contents' class='wpig-contents  wpig-sidebar-widget wpig-style-3'><span class='wpig-headline'>Table des mati\u00e8res<span><a data-action='show' class='wpig-btn-toggledisplay'>[ Show ]<\/a><\/span><\/span><!-- Table of Contents --><div id='wpig-table-of-content' class='wpig-table-of-content'><ol><li class='stoc-lecture-des-codes-a-barres'><a href='#stoc-lecture-des-codes-a-barres'>Lecture des codes \u00e0 barres<\/a><\/li><li class='stoc-le-chargement-du-fichier-excel'><a href='#stoc-le-chargement-du-fichier-excel'>Le chargement du fichier Excel<\/a><\/li><li class='stoc-inventaire-par-intervalle'><a href='#stoc-inventaire-par-intervalle'>Inventaire par Intervalle<\/a><\/li><li class='stoc-inventaire-par-ensemble'><a href='#stoc-inventaire-par-ensemble'>Inventaire par Ensemble<\/a><\/li><li class='stoc-le-rapport-du-traitement'><a href='#stoc-le-rapport-du-traitement'>Le rapport du traitement<\/a><\/li><\/ol><\/div><!-- END OF Table of Contents --><\/div><\/div><p><div id='wpig-contents' class='wpig-contents  wpig-sidebar-widget wpig-style-1'><span class='wpig-headline'>Table des mati\u00e8res<span><a data-action='show' class='wpig-btn-toggledisplay'>[ Show ]<\/a><\/span><\/span><!-- Table of Contents --><div id='wpig-table-of-content' class='wpig-table-of-content' ><ol><li class='stoc-lecture-des-codes-a-barres'><a href='#stoc-lecture-des-codes-a-barres'>Lecture des codes \u00e0 barres<\/a><\/li><li class='stoc-le-chargement-du-fichier-excel'><a href='#stoc-le-chargement-du-fichier-excel'>Le chargement du fichier Excel<\/a><\/li><li class='stoc-inventaire-par-intervalle'><a href='#stoc-inventaire-par-intervalle'>Inventaire par Intervalle<\/a><\/li><li class='stoc-inventaire-par-ensemble'><a href='#stoc-inventaire-par-ensemble'>Inventaire par Ensemble<\/a><\/li><li class='stoc-le-rapport-du-traitement'><a href='#stoc-le-rapport-du-traitement'>Le rapport du traitement<\/a><\/li><\/ol><\/div><!-- END OF Table of Contents --><\/div><\/p>\n<p>Le r\u00e9colement consiste \u00e0 lire \u00e0 l\u2019aide d\u2019une douchette et d\u2019un ordinateur portable les codes-barres des ouvrages du fonds concern\u00e9 et les lister dans un fichier Excel.<\/p>\n\n\n\n<p>Les codes-barres du fichier Excel seront ensuite charg\u00e9s dans Alma. Alma compare ces donn\u00e9es avec l\u2019existant et \u00e9tablit un rapport qui d\u00e9termine les exemplaires en rayon et les anomalies.<\/p>\n\n\n\n<p>Le r\u00e9colement peut concerner une tranche de cotes appel\u00e9e \u00ab Intervalle \u00bb dans Alma ou un \u00ab Ensemble \u00bb (exemple, une localisation) d\u00e9fini au pr\u00e9alable par un jeu de r\u00e9sultats (voir la <a href=\"http:\/\/rebub.u-bordeaux.fr\/index.php\/alma\/procedures\/generalites\/la-recherche\/creer-des-jeux-de-resultat\/\" data-type=\"URL\" data-id=\"http:\/\/rebub.u-bordeaux.fr\/index.php\/alma\/procedures\/generalites\/la-recherche\/creer-des-jeux-de-resultat\/\">proc\u00e9dure pour cr\u00e9er un jeu de r\u00e9sultats<\/a>).<\/p>\n\n\n\n<h2 id=\"stoc-lecture-des-codes-a-barres\" class=\"wpig-heading\">Lecture des codes \u00e0 barres<\/h2>\n\n\n\n<p>Ouvrir un fichier Excel (.xls ou .xlsx) sur l\u2019ordinateur.<\/p>\n\n\n\n<p>Enregistrer et nommer le fichier.<\/p>\n\n\n\n<p>Scanner les codes-barres. La douchette doit \u00eatre param\u00e9tr\u00e9e d\u2019un \u00ab retour chariot \u00bb afin de passer \u00e0 la cellule suivante.<\/p>\n\n\n\n<p>Enregistrer r\u00e9guli\u00e8rement le fichier lors de la lecture des codes-barres.<\/p>\n\n\n\n<p>Si le m\u00eame code-barres est lu deux fois, il n\u2019est pas n\u00e9cessaire de supprimer le doublon, Alma le d\u00e9tectera et ne le traitera pas.<\/p>\n\n\n\n<p>Enregistrer le fichier \u00e0 la fin de la lecture des codes-barres.<\/p>\n\n\n\n<h2 id=\"stoc-le-chargement-du-fichier-excel\" class=\"wpig-heading\">Le chargement du fichier Excel<\/h2>\n\n\n\n<p>Aller dans <strong>Ressources &gt; G\u00e9rer l\u2019inventaire &gt; R\u00e9colement.<\/strong><\/p>\n\n\n\n<p>Dans la partie <strong>Inventaire <\/strong>\u2460, choisir la d\u00e9finition de l\u2019inventaire : \u00ab Intervalle \u00bb ou \u00ab Ensemble \u00bb.<\/p>\n\n\n\n<figure class=\"wp-block-image\"><a href=\"http:\/\/rebub.u-bordeaux.fr\/wp-content\/uploads\/2020\/02\/Inventaire_Ensemble-1.png\" target=\"_blank\" rel=\"noopener noreferrer\"><img decoding=\"async\" loading=\"lazy\" width=\"590\" height=\"143\" src=\"http:\/\/rebub.u-bordeaux.fr\/wp-content\/uploads\/2020\/02\/Inventaire_Ensemble-1.png\" alt=\"\" class=\"wp-image-7825\" srcset=\"https:\/\/rebub.u-bordeaux.fr\/wp-content\/uploads\/2020\/02\/Inventaire_Ensemble-1.png 590w, https:\/\/rebub.u-bordeaux.fr\/wp-content\/uploads\/2020\/02\/Inventaire_Ensemble-1-300x73.png 300w\" sizes=\"(max-width: 590px) 100vw, 590px\" \/><\/a><\/figure>\n\n\n\n<h2 id=\"stoc-inventaire-par-intervalle\" class=\"wpig-heading\">Inventaire par Intervalle<\/h2>\n\n\n\n<p>Remplir les champs Biblioth\u00e8que, Localisation, Type de cote (celui de la collection r\u00e9col\u00e9e) et indiquer les cotes extr\u00eames du fonds inventori\u00e9.<\/p>\n\n\n\n<p>Pour la saisie des intervalles de cotes en Dewey, indiquer l\u2019indice du d\u00e9but puis l\u2019indice de fin.<\/p>\n\n\n\n<div class=\"is-layout-constrained wp-block-group bord-bloc-reutilisable\"><div class=\"wp-block-group__inner-container\">\n<div class=\"is-layout-flex wp-container-3 wp-block-columns alignfull bord-bloc-reutilisable has-background\" style=\"background-color:#ff303047\">\n<div class=\"is-layout-flow wp-block-column is-vertically-aligned-center\" style=\"flex-basis:7%\">\n<figure class=\"wp-block-image alignfull size-full\"><img decoding=\"async\" loading=\"lazy\" width=\"512\" height=\"512\" src=\"https:\/\/rebub.u-bordeaux.fr\/wp-content\/uploads\/2024\/04\/point-dexclamation.png\" alt=\"\" class=\"wp-image-19898\" srcset=\"https:\/\/rebub.u-bordeaux.fr\/wp-content\/uploads\/2024\/04\/point-dexclamation.png 512w, https:\/\/rebub.u-bordeaux.fr\/wp-content\/uploads\/2024\/04\/point-dexclamation-300x300.png 300w, https:\/\/rebub.u-bordeaux.fr\/wp-content\/uploads\/2024\/04\/point-dexclamation-150x150.png 150w\" sizes=\"(max-width: 512px) 100vw, 512px\" \/><\/figure>\n<\/div>\n\n\n\n<div class=\"is-layout-flow wp-block-column is-vertically-aligned-center\" style=\"flex-basis:85%\">\n<p><strong>Attention !<\/strong> L&rsquo;indice de cote renseign\u00e9 dans le champ \u00ab\u00a0\u00c0 la cote\u00a0\u00bb n&rsquo;est pas inclus. L&rsquo;analyse s&rsquo;arr\u00eatera \u00e0 la cote renseign\u00e9e.<\/p>\n<\/div>\n<\/div>\n<\/div><\/div>\n\n\n\n<div class=\"is-layout-flex wp-container-7 wp-block-columns bord-bloc-reutilisable has-background\" style=\"background-color:#ffeec2\">\n<div class=\"is-layout-flow wp-block-column is-vertically-aligned-center\" style=\"flex-basis:7%\">\n<figure class=\"wp-block-image alignfull size-full is-style-default\"><img decoding=\"async\" loading=\"lazy\" width=\"512\" height=\"512\" src=\"https:\/\/rebub.u-bordeaux.fr\/wp-content\/uploads\/2024\/04\/nouvelles-idees-en-cours.png\" alt=\"\" class=\"wp-image-19897\" srcset=\"https:\/\/rebub.u-bordeaux.fr\/wp-content\/uploads\/2024\/04\/nouvelles-idees-en-cours.png 512w, https:\/\/rebub.u-bordeaux.fr\/wp-content\/uploads\/2024\/04\/nouvelles-idees-en-cours-300x300.png 300w, https:\/\/rebub.u-bordeaux.fr\/wp-content\/uploads\/2024\/04\/nouvelles-idees-en-cours-150x150.png 150w\" sizes=\"(max-width: 512px) 100vw, 512px\" \/><\/figure>\n<\/div>\n\n\n\n<div class=\"is-layout-flow wp-block-column is-vertically-aligned-center\" style=\"flex-basis:85%\">\n<p><strong>Note<\/strong> : la troncature ne fonctionne pas.<\/p>\n<\/div>\n<\/div>\n\n\n\n<p>Dans la partie <strong>S\u00e9lectionner un fichier <\/strong>\u2461, charger le fichier Excel des documents inventori\u00e9s.<\/p>\n\n\n\n<p>Valider le traitement en cliquant sur <strong>Soumettre <\/strong>\u2462.<\/p>\n\n\n\n<h2 id=\"stoc-inventaire-par-ensemble\" class=\"wpig-heading\">Inventaire par Ensemble<\/h2>\n\n\n\n<p>Dans la partie <strong>Inventaire <\/strong>\u2460<strong>, <\/strong>s\u00e9lectionner le jeu de r\u00e9sultats cr\u00e9\u00e9 au pr\u00e9alable, choisir la biblioth\u00e8que concern\u00e9e ainsi que la location.<\/p>\n\n\n\n<p>Dans la partie <strong>S\u00e9lectionner un fichier <\/strong>\u2461, charger le fichier Excel des documents inventori\u00e9s.<\/p>\n\n\n\n<p>Valider le traitement en cliquant sur <strong>Soumettre <\/strong>\u2462.<\/p>\n\n\n\n<figure class=\"wp-block-image\"><a href=\"http:\/\/rebub.u-bordeaux.fr\/wp-content\/uploads\/2020\/02\/Inventaire_Ensemble.png\" target=\"_blank\" rel=\"noopener noreferrer\"><img decoding=\"async\" loading=\"lazy\" width=\"590\" height=\"143\" src=\"http:\/\/rebub.u-bordeaux.fr\/wp-content\/uploads\/2020\/02\/Inventaire_Ensemble.png\" alt=\"\" class=\"wp-image-7784\" srcset=\"https:\/\/rebub.u-bordeaux.fr\/wp-content\/uploads\/2020\/02\/Inventaire_Ensemble.png 590w, https:\/\/rebub.u-bordeaux.fr\/wp-content\/uploads\/2020\/02\/Inventaire_Ensemble-300x73.png 300w\" sizes=\"(max-width: 590px) 100vw, 590px\" \/><\/a><\/figure>\n\n\n\n<p>Le traitement s\u2019effectue en quelques secondes.<\/p>\n\n\n\n<h2 id=\"stoc-le-rapport-du-traitement\" class=\"wpig-heading\">Le rapport du traitement<\/h2>\n\n\n\n<p>L\u2019analyse du r\u00e9colement est dans un rapport fournit par Alma<\/p>\n\n\n\n<p>Pour retrouver le rapport, aller dans <strong>Admin &gt; Suivi des traitements <\/strong>puis l\u2019onglet <strong>Historique. <\/strong><\/p>\n\n\n\n<p>Choisir son rapport. Le nom du rapport d\u00e9bute par \u00ab Shelf Report \u00bb + nom du fonds r\u00e9col\u00e9 + \u00ab Shelving control number \u00bb.<\/p>\n\n\n\n<p>Tous les traitements effectu\u00e9s par Alma sont pr\u00e9sents dans l\u2019historique. Pour retrouver le bon, si besoin, pr\u00e9ciser la date dans la case pr\u00e9vue \u00e0 cet effet \u00ab Intervalle des dates de soumission \u00bb.<\/p>\n\n\n\n<p>Ouvrir le rapport en cliquant sur <img decoding=\"async\" loading=\"lazy\" class=\"alignnone size-full wp-image-7785\" src=\"http:\/\/rebub.u-bordeaux.fr\/wp-content\/uploads\/2020\/02\/Bouton_Trois_Points_B.png\" alt=\"\" width=\"26\" height=\"22\">.<\/p>\n\n\n\n<figure class=\"wp-block-image\"><a href=\"http:\/\/rebub.u-bordeaux.fr\/wp-content\/uploads\/2020\/02\/Ouverture_Rapport.png\" target=\"_blank\" rel=\"noopener noreferrer\"><img decoding=\"async\" loading=\"lazy\" width=\"556\" height=\"157\" src=\"http:\/\/rebub.u-bordeaux.fr\/wp-content\/uploads\/2020\/02\/Ouverture_Rapport.png\" alt=\"\" class=\"wp-image-7786\" srcset=\"https:\/\/rebub.u-bordeaux.fr\/wp-content\/uploads\/2020\/02\/Ouverture_Rapport.png 556w, https:\/\/rebub.u-bordeaux.fr\/wp-content\/uploads\/2020\/02\/Ouverture_Rapport-300x85.png 300w\" sizes=\"(max-width: 556px) 100vw, 556px\" \/><\/a><\/figure>\n\n\n\n<p>Dans la partie <strong>Analyse <\/strong>du rapport, Alma classe les exemplaires dans 6 cat\u00e9gories : pour acc\u00e9der aux exemplaires, cliquer sur en face de chaque cat\u00e9gorie.<\/p>\n\n\n\n<table id=\"tablepress-98\" class=\"tablepress tablepress-id-98\">\n<thead>\n<tr class=\"row-1\">\n\t<th class=\"column-1\">Cat\u00e9gorie <\/th><th class=\"column-2\">Intitul\u00e9 Alma <\/th><th class=\"column-3\">Commentaire <\/th><th class=\"column-4\">Traitement <\/th>\n<\/tr>\n<\/thead>\n<tbody class=\"row-hover\">\n<tr class=\"row-2\">\n\t<td class=\"column-1\">1<\/td><td class=\"column-2\">Items in place <\/td><td class=\"column-3\">CB lus, aucune anomalie : bonne notice de fonds, statut \u00ab En rayon \u00bb dans Alma <\/td><td class=\"column-4\">Tout est normal, aucune intervention n\u00e9cessaire <\/td>\n<\/tr>\n<tr class=\"row-3\">\n\t<td class=\"column-1\">2<\/td><td class=\"column-2\">Missing items but marked in place <\/td><td class=\"column-3\">Exemplaires avec le statut \u00ab En rayon \u00bb dans Alma mais le CB n\u2019a pas \u00e9t\u00e9 lu. Ce sont les manquants r\u00e9colement <\/td><td class=\"column-4\">Refaire la v\u00e9rification dans Alma + en rayon + en interne puis d\u00e9clarer les vrais manquants <\/td>\n<\/tr>\n<tr class=\"row-4\">\n\t<td class=\"column-1\">3<\/td><td class=\"column-2\">Items on shelf but marked not in place <\/td><td class=\"column-3\">CB lus, ouvrages en rayon mais dans Alma statut autre que \u201cEn rayon\u201d (ex : emprunt\u00e9, en transit\u2026) <\/td><td class=\"column-4\">Retrouver les ouvrages et attribuer le statut \u00ab En rayon \u00bb en cas \u00e9ch\u00e9ant <\/td>\n<\/tr>\n<tr class=\"row-5\">\n\t<td class=\"column-1\">4<\/td><td class=\"column-2\">Known items not in place <\/td><td class=\"column-3\">Exemplaires avec la bonne notice de fonds mais CB non lus lors de l\u2019inventaire et statuts dans Alma autre que \u00ab Exemplaire en rayon \u00bb (ex : emprunt\u00e9, en traitement\u2026) <\/td><td class=\"column-4\">Rien \u00e0 faire si ouvrages emprunt\u00e9s. Voir pour les autres statuts si corrections n\u00e9cessaires en fonction du statut <\/td>\n<\/tr>\n<tr class=\"row-6\">\n\t<td class=\"column-1\">5<\/td><td class=\"column-2\">Items on shelf but out of range\/set <\/td><td class=\"column-3\">CB lus, exemplaires en rayon mais ne font pas partis de l&rsquo;ensemble\/intervalle, soit car ils sont sur la mauvaise notice de fonds ou mal rang\u00e9s (ne font pas partie de la tranche de cote d\u00e9finie) ou  parce qu&rsquo;il y a un mauvais indicateur dans la 852<br \/>\n(mauvais type de cote)<\/td><td class=\"column-4\">Retrouver l\u2019ouvrage. V\u00e9rification dans Alma, corriger les erreurs <\/td>\n<\/tr>\n<tr class=\"row-7\">\n\t<td class=\"column-1\">6<\/td><td class=\"column-2\">Barcodes with no matched item<\/td><td class=\"column-3\">CB inconnus dans Alma<\/td><td class=\"column-4\">Erreur de lecture de la douchette ou ouvrage en rayon mais supprim\u00e9 d\u2019Alma. Reprendre la liste des CB lus (Barcode), trouver le CB lu juste avant ou apr\u00e8s, le chercher dans Alma pour obtenir la cote et retrouver en rayon le CB inconnu.<\/td>\n<\/tr>\n<\/tbody>\n<\/table>\n<!-- #tablepress-98 from cache -->\n\n\n<p>Extraire les r\u00e9sultats<\/p>\n\n\n\n<p>Il est possible d\u2019extraire les donn\u00e9es de chaque cat\u00e9gorie dans un fichier Excel, il n\u2019est pas possible d\u2019extraire globalement toutes les donn\u00e9es d\u2019un inventaire dans Excel.<br>Pour extraire les donn\u00e9es par cat\u00e9gories d\u2019erreur dans la partie analyse de votre rapport de traitement, les boutons d\u2019actions proposent deux choix :<\/p>\n\n\n\n<figure class=\"wp-block-image\"><img decoding=\"async\" loading=\"lazy\" width=\"797\" height=\"353\" src=\"https:\/\/rebub.u-bordeaux.fr\/wp-content\/uploads\/2023\/03\/extr_exemplaires.jpg\" alt=\"\" class=\"wp-image-15304\" srcset=\"https:\/\/rebub.u-bordeaux.fr\/wp-content\/uploads\/2023\/03\/extr_exemplaires.jpg 797w, https:\/\/rebub.u-bordeaux.fr\/wp-content\/uploads\/2023\/03\/extr_exemplaires-300x133.jpg 300w, https:\/\/rebub.u-bordeaux.fr\/wp-content\/uploads\/2023\/03\/extr_exemplaires-768x340.jpg 768w\" sizes=\"(max-width: 797px) 100vw, 797px\" \/><\/figure>\n\n\n\n<p>\u00ab Pr\u00e9visualiser les exemplaires \u00bb : permet de visualiser les 50 premiers r\u00e9sultats.<br>\u00ab Cr\u00e9er un ensemble exemplaris\u00e9 \u00bb : permet de g\u00e9n\u00e9rer un jeu de r\u00e9sultat, disponible dans l\u2019onglet \u00ab Admin&gt;G\u00e9rer les jeux \u00bb. A partir de ce jeu, on peut extraire le fichier complet.<\/p>\n\n\n\n<div class=\"is-layout-flex wp-container-13 wp-block-columns bord-bloc-reutilisable has-background\" style=\"background-color:#d9edf7\">\n<div class=\"is-layout-flow wp-block-column is-vertically-aligned-center\" style=\"font-size:15px;flex-basis:20%\">\n<p style=\"font-size:15px\"><strong>Date de publication<\/strong> <\/p>\n\n\n<div style=\"font-size:15px;\" class=\"wp-block-post-date\"><time datetime=\"2024-03-22T09:32:59+01:00\">22 mars 2024<\/time><\/div><\/div>\n\n\n\n<div class=\"is-layout-flow wp-block-column is-vertically-aligned-center\" style=\"font-size:15px;flex-basis:20%\">\n<p><strong>Mis \u00e0 jour le <\/strong><\/p>\n\n\n<div style=\"font-size:15px;\" class=\"wp-block-post-date\"><time datetime=\"2025-07-09T08:43:44+02:00\">9 juillet 2025<\/time><\/div><\/div>\n\n\n\n<div class=\"is-layout-flow wp-block-column is-vertically-aligned-center\" style=\"font-size:15px;flex-basis:40%\">\n<p><\/p>\n\n\n\n<p><strong>Attention ! <\/strong>Certains \u00e9tablissements utilisent parfois de proc\u00e9dures compl\u00e9mentaires <\/p>\n<\/div>\n\n\n\n<div class=\"is-layout-flow wp-block-column is-vertically-aligned-center\" style=\"font-size:15px;flex-basis:25%\">\n<div class=\"is-horizontal is-content-justification-center is-layout-flex wp-container-11 wp-block-buttons alignfull has-custom-font-size\" style=\"font-size:16px\">\n<div class=\"wp-block-button has-custom-width wp-block-button__width-75 has-custom-font-size is-style-fill\" style=\"font-size:15px\"><a class=\"wp-block-button__link has-white-color has-text-color has-background wp-element-button\" href=\"mailto:scoop@u-bordeaux.fr\" style=\"border-radius:65px;background-color:#000000db\"><strong>Signaler une erreur<\/strong><\/a><\/div>\n<\/div>\n<\/div>\n<\/div>\n","protected":false},"excerpt":{"rendered":"<p>Table des mati\u00e8res[ Show ]Lecture des codes \u00e0 barresLe chargement du fichier ExcelInventaire par IntervalleInventaire par EnsembleLe rapport du traitementLe r\u00e9colement consiste \u00e0 lire \u00e0 l\u2019aide d\u2019une douchette et d\u2019un ordinateur portable les codes-barres des ouvrages du fonds concern\u00e9 et&#8230;<\/p>\n","protected":false},"author":46,"featured_media":4793,"parent":18539,"menu_order":1,"comment_status":"closed","ping_status":"closed","template":"","meta":[],"post_mailing_queue_ids":[],"_links":{"self":[{"href":"http:\/\/rebub.u-bordeaux.fr\/index.php\/wp-json\/wp\/v2\/pages\/18572"}],"collection":[{"href":"http:\/\/rebub.u-bordeaux.fr\/index.php\/wp-json\/wp\/v2\/pages"}],"about":[{"href":"http:\/\/rebub.u-bordeaux.fr\/index.php\/wp-json\/wp\/v2\/types\/page"}],"author":[{"embeddable":true,"href":"http:\/\/rebub.u-bordeaux.fr\/index.php\/wp-json\/wp\/v2\/users\/46"}],"replies":[{"embeddable":true,"href":"http:\/\/rebub.u-bordeaux.fr\/index.php\/wp-json\/wp\/v2\/comments?post=18572"}],"version-history":[{"count":5,"href":"http:\/\/rebub.u-bordeaux.fr\/index.php\/wp-json\/wp\/v2\/pages\/18572\/revisions"}],"predecessor-version":[{"id":23914,"href":"http:\/\/rebub.u-bordeaux.fr\/index.php\/wp-json\/wp\/v2\/pages\/18572\/revisions\/23914"}],"up":[{"embeddable":true,"href":"http:\/\/rebub.u-bordeaux.fr\/index.php\/wp-json\/wp\/v2\/pages\/18539"}],"wp:featuredmedia":[{"embeddable":true,"href":"http:\/\/rebub.u-bordeaux.fr\/index.php\/wp-json\/wp\/v2\/media\/4793"}],"wp:attachment":[{"href":"http:\/\/rebub.u-bordeaux.fr\/index.php\/wp-json\/wp\/v2\/media?parent=18572"}],"curies":[{"name":"wp","href":"https:\/\/api.w.org\/{rel}","templated":true}]}}