	{"id":18591,"date":"2024-03-22T09:33:21","date_gmt":"2024-03-22T08:33:21","guid":{"rendered":"https:\/\/rebub.u-bordeaux.fr\/?page_id=18591"},"modified":"2026-02-06T15:37:41","modified_gmt":"2026-02-06T14:37:41","slug":"utiliser-les-demandes-internes-pour-mettre-un-document-de-cote","status":"publish","type":"page","link":"http:\/\/rebub.u-bordeaux.fr\/index.php\/alma\/procedures\/gestion-des-ressources\/les-traitements-internes\/utiliser-les-demandes-internes-pour-mettre-un-document-de-cote\/","title":{"rendered":"Utiliser les demandes internes pour mettre un document de c\u00f4t\u00e9"},"content":{"rendered":"<div id='wpig-floatingbar' class='wpig-floatingbar'><div id='wpig-switch-wrapper' class='wpig-switch-wrapper'><span id='wpig-floating-switch' class='wpig-floating-switch'><img src='http:\/\/rebub.u-bordeaux.fr\/wp-content\/plugins\/sticky-toc-advance-table-of-contents\/\\assets\\menu.png'><\/span><\/div><\/div><p><\/p>\n<p>Cette proc\u00e9dure est un compl\u00e9ment \u00e0 l\u2019utilisation des traitements internes.&nbsp; Elle est utile dans le cas o\u00f9&nbsp;vous voulez mettre de c\u00f4t\u00e9 un exemplaire emprunt\u00e9 pour du travail interne (recotation, etc.), en particulier dans le cas o\u00f9 les retours peuvent passer par un automate de pr\u00eat.<\/p>\n\n\n\n<div class=\"is-layout-flex wp-container-3 wp-block-columns are-vertically-aligned-center has-background\" style=\"background-color:#ff303047\">\n<div class=\"is-layout-flow wp-block-column is-vertically-aligned-center\" style=\"flex-basis:10%\">\n<figure class=\"wp-block-image alignfull size-full\"><img decoding=\"async\" loading=\"lazy\" width=\"512\" height=\"512\" src=\"https:\/\/rebub.u-bordeaux.fr\/wp-content\/uploads\/2024\/04\/point-dexclamation.png\" alt=\"\" class=\"wp-image-19898\" srcset=\"https:\/\/rebub.u-bordeaux.fr\/wp-content\/uploads\/2024\/04\/point-dexclamation.png 512w, https:\/\/rebub.u-bordeaux.fr\/wp-content\/uploads\/2024\/04\/point-dexclamation-300x300.png 300w, https:\/\/rebub.u-bordeaux.fr\/wp-content\/uploads\/2024\/04\/point-dexclamation-150x150.png 150w\" sizes=\"(max-width: 512px) 100vw, 512px\" \/><\/figure>\n<\/div>\n\n\n\n<div class=\"is-layout-flow wp-block-column is-vertically-aligned-center\" style=\"flex-basis:85%\">\n<p><strong>Attention !<\/strong> les traitements internes sont diff\u00e9rents suivant les institutions. Les exemples utilis\u00e9s dans cette note sont issus de l\u2019institution UB. Si vous avez besoin de travailler sur ce sujet, le Scoop est \u00e0 votre disposition via un ticket \u00e0 l\u2019adresse <a href=\"mailto:scoop@u-bordeaux.fr\">scoop@u-bordeaux.fr<\/a>.<\/p>\n<\/div>\n<\/div>\n\n\n\n<p>La \u201cnote de services aux lecteurs\u201d dans la notice de l\u2019exemplaire, g\u00e9n\u00e8re un pop-up au moment du retour quand on est sur l\u2019interface d\u2019Alma, mais ne g\u00e9n\u00e8re pas de blocage sur les automates de pr\u00eat.<\/p>\n\n\n\n<p>Seules les \u201cdemandes\u201d dans Alma sont bloquantes sur les automates (demande de r\u00e9servation, de num\u00e9risation).<\/p>\n\n\n\n<p>Il existe un circuit de demande sp\u00e9cifique pour les demandes internes.<\/p>\n\n\n\n<div class=\"is-layout-flex wp-container-6 wp-block-columns has-background\" style=\"background-color:#ff303047\">\n<div class=\"is-layout-flow wp-block-column is-vertically-aligned-center\" style=\"flex-basis:10%\">\n<figure class=\"wp-block-image alignfull size-full\"><img decoding=\"async\" loading=\"lazy\" width=\"512\" height=\"512\" src=\"https:\/\/rebub.u-bordeaux.fr\/wp-content\/uploads\/2024\/04\/point-dexclamation.png\" alt=\"\" class=\"wp-image-19898\" srcset=\"https:\/\/rebub.u-bordeaux.fr\/wp-content\/uploads\/2024\/04\/point-dexclamation.png 512w, https:\/\/rebub.u-bordeaux.fr\/wp-content\/uploads\/2024\/04\/point-dexclamation-300x300.png 300w, https:\/\/rebub.u-bordeaux.fr\/wp-content\/uploads\/2024\/04\/point-dexclamation-150x150.png 150w\" sizes=\"(max-width: 512px) 100vw, 512px\" \/><\/figure>\n<\/div>\n\n\n\n<div class=\"is-layout-flow wp-block-column is-vertically-aligned-center\" style=\"flex-basis:85%\">\n<p><strong>Attention !<\/strong> ces op\u00e9rations doivent \u00eatre effectu\u00e9es dans le bureau de pr\u00eat de la biblioth\u00e8que du document que vous voulez traiter. A noter, si le traitement concerne des exemplaires appartenant \u00e0 une localisation enti\u00e8rement exclue du pr\u00eat, les demandes devront \u00eatre faites avec le bureau \u00ab consultation sur place \u00bb.<\/p>\n<\/div>\n<\/div>\n\n\n\n<p>Depuis la recherche d\u2019un exemplaire :<\/p>\n\n\n<div class=\"wp-block-image\">\n<figure class=\"aligncenter size-full\"><img decoding=\"async\" loading=\"lazy\" width=\"290\" height=\"194\" src=\"https:\/\/rebub.u-bordeaux.fr\/wp-content\/uploads\/2023\/12\/copie1.png\" alt=\"\" class=\"wp-image-17595\"\/><\/figure><\/div>\n\n\n<p>Choisir le processus : traitement interne<\/p>\n\n\n\n<figure class=\"wp-block-image size-full\"><img decoding=\"async\" loading=\"lazy\" width=\"688\" height=\"682\" src=\"https:\/\/rebub.u-bordeaux.fr\/wp-content\/uploads\/2023\/12\/copie2.png\" alt=\"\" class=\"wp-image-17596\" srcset=\"https:\/\/rebub.u-bordeaux.fr\/wp-content\/uploads\/2023\/12\/copie2.png 688w, https:\/\/rebub.u-bordeaux.fr\/wp-content\/uploads\/2023\/12\/copie2-300x297.png 300w, https:\/\/rebub.u-bordeaux.fr\/wp-content\/uploads\/2023\/12\/copie2-150x150.png 150w\" sizes=\"(max-width: 688px) 100vw, 688px\" \/><\/figure>\n\n\n\n<p>Sur l\u2019\u00e9cran suivant :<\/p>\n\n\n<div class=\"wp-block-image\">\n<figure class=\"aligncenter size-full\"><img decoding=\"async\" loading=\"lazy\" width=\"682\" height=\"444\" src=\"https:\/\/rebub.u-bordeaux.fr\/wp-content\/uploads\/2023\/12\/copie3.png\" alt=\"\" class=\"wp-image-17597\" srcset=\"https:\/\/rebub.u-bordeaux.fr\/wp-content\/uploads\/2023\/12\/copie3.png 682w, https:\/\/rebub.u-bordeaux.fr\/wp-content\/uploads\/2023\/12\/copie3-300x195.png 300w\" sizes=\"(max-width: 682px) 100vw, 682px\" \/><\/figure><\/div>\n\n\n<div class=\"is-layout-flex wp-container-9 wp-block-columns has-background\" style=\"background-color:#ffeec2\">\n<div class=\"is-layout-flow wp-block-column is-vertically-aligned-center\" style=\"flex-basis:10%\">\n<figure class=\"wp-block-image alignfull size-full is-style-default\"><img decoding=\"async\" loading=\"lazy\" width=\"512\" height=\"512\" src=\"https:\/\/rebub.u-bordeaux.fr\/wp-content\/uploads\/2024\/04\/nouvelles-idees-en-cours.png\" alt=\"\" class=\"wp-image-19897\" srcset=\"https:\/\/rebub.u-bordeaux.fr\/wp-content\/uploads\/2024\/04\/nouvelles-idees-en-cours.png 512w, https:\/\/rebub.u-bordeaux.fr\/wp-content\/uploads\/2024\/04\/nouvelles-idees-en-cours-300x300.png 300w, https:\/\/rebub.u-bordeaux.fr\/wp-content\/uploads\/2024\/04\/nouvelles-idees-en-cours-150x150.png 150w\" sizes=\"(max-width: 512px) 100vw, 512px\" \/><\/figure>\n<\/div>\n\n\n\n<div class=\"is-layout-flow wp-block-column is-vertically-aligned-center\" style=\"flex-basis:85%\">\n<p><strong>Astuce : <\/strong>Si vous voulez qu\u2019un courrier soit g\u00e9n\u00e9r\u00e9 au moment de retour du document sur la m\u00eame imprimante que les r\u00e9servations, laisser la case \u201cNe pas prendre en rayon\u201d vide.<\/p>\n\n\n\n<p>Si vous ne voulez pas qu\u2019un courrier soit g\u00e9n\u00e9r\u00e9, cocher la case \u201cNe pas prendre en rayon\u201d.<\/p>\n<\/div>\n<\/div>\n\n\n\n<p>Cliquer sur le bouton \u201cSoumettre\u201d.<\/p>\n\n\n\n<p>Au moment du retour le document passera en processus \u201cTraitement interne\u201d avec une demande. Vous pouvez le visualiser dans les menus \u201cG\u00e9rer les exemplaires en cours de traitement\u201d.<\/p>\n\n\n\n<p>Pour sortir le document du processus de traitement interne, il faut le scanner :<\/p>\n\n\n\n<p>Choisir le type de traitement interne : \u201cTraitement interne\u201d<\/p>\n\n\n\n<p>Changer le statut en : choisir la ligne vide<\/p>\n\n\n\n<p>Effectu\u00e9 : cocher \u201cOui\u201d<\/p>\n\n\n\n<p>Puis scanner votre code-barre<\/p>\n\n\n<div class=\"wp-block-image\">\n<figure class=\"aligncenter size-full\"><img decoding=\"async\" loading=\"lazy\" width=\"805\" height=\"419\" src=\"https:\/\/rebub.u-bordeaux.fr\/wp-content\/uploads\/2023\/12\/copie4.png\" alt=\"\" class=\"wp-image-17598\" srcset=\"https:\/\/rebub.u-bordeaux.fr\/wp-content\/uploads\/2023\/12\/copie4.png 805w, https:\/\/rebub.u-bordeaux.fr\/wp-content\/uploads\/2023\/12\/copie4-300x156.png 300w, https:\/\/rebub.u-bordeaux.fr\/wp-content\/uploads\/2023\/12\/copie4-768x400.png 768w\" sizes=\"(max-width: 805px) 100vw, 805px\" \/><\/figure><\/div>\n\n\n<p>Vous pouvez faire des demandes internes sur un lot de documents en appliquant le traitement \u00ab&nbsp;Cr\u00e9er des demandes de traitement interne sur les exemplaires physiques&nbsp;\u00bb.<\/p>\n\n\n\n<p><\/p>\n\n\n\n<p>Pour une vue synth\u00e9tique des circuits de traitements internes, voir la page \u00ab\u00a0<a href=\"https:\/\/rebub.u-bordeaux.fr\/index.php\/alma\/procedures\/gestion-des-ressources\/les-traitements-internes\/appliquer-un-traitement-interne-a-un-exemplaire\/\" data-type=\"URL\" data-id=\"https:\/\/rebub.u-bordeaux.fr\/index.php\/alma\/procedures\/gestion-des-ressources\/les-traitements-internes\/appliquer-un-traitement-interne-a-un-exemplaire\/\" target=\"_blank\" rel=\"noreferrer noopener\">Appliquer un traitement interne \u00e0 un (ou plusieurs) exemplaire(s)<\/a>\u00a0\u00bb.<\/p>\n\n\n\n<div class=\"is-layout-flex wp-container-15 wp-block-columns has-background has-small-font-size\" style=\"background-color:#d9edf7\">\n<div class=\"is-layout-flow wp-block-column\" style=\"flex-basis:20%\">\n<p class=\"has-small-font-size\"><strong>Date de publication<\/strong> <\/p>\n\n\n<div class=\"wp-block-post-date has-small-font-size\"><time datetime=\"2024-03-22T09:33:21+01:00\">22 mars 2024<\/time><\/div><\/div>\n\n\n\n<div class=\"is-layout-flow wp-block-column\" style=\"flex-basis:25%\">\n<p class=\"has-small-font-size\"><strong>Derni\u00e8re modification<\/strong><\/p>\n\n\n<div class=\"wp-block-post-date\"><time datetime=\"2026-02-06T15:37:41+01:00\">6 f\u00e9vrier 2026<\/time><\/div><\/div>\n\n\n\n<div class=\"is-layout-flow wp-block-column has-small-font-size\" style=\"flex-basis:25%\">\n<p class=\"has-small-font-size\"><strong>Attention ! <\/strong>Certains \u00e9tablissements disposent parfois de proc\u00e9dures sp\u00e9cifiques <\/p>\n<\/div>\n\n\n\n<div class=\"is-layout-flow wp-block-column has-small-font-size\" style=\"flex-basis:20%\">\n<div class=\"is-horizontal is-content-justification-space-between is-layout-flex wp-container-13 wp-block-buttons has-custom-font-size has-small-font-size\">\n<div class=\"wp-block-button has-custom-width wp-block-button__width-100 is-style-fill\"><a class=\"wp-block-button__link has-white-color has-black-background-color has-text-color has-background wp-element-button\" href=\"mailto:scoop@u-bordeaux.fr\" style=\"border-radius:100px\">Signaler une erreur<\/a><\/div>\n<\/div>\n<\/div>\n<\/div>\n","protected":false},"excerpt":{"rendered":"<p>Cette proc\u00e9dure est un compl\u00e9ment \u00e0 l\u2019utilisation des traitements internes.&nbsp; Elle est utile dans le cas o\u00f9&nbsp;vous voulez mettre de c\u00f4t\u00e9 un exemplaire emprunt\u00e9 pour du travail interne (recotation, etc.), en particulier dans le cas o\u00f9 les retours peuvent passer&#8230;<\/p>\n","protected":false},"author":82,"featured_media":0,"parent":18541,"menu_order":2,"comment_status":"closed","ping_status":"closed","template":"","meta":[],"post_mailing_queue_ids":[],"_links":{"self":[{"href":"http:\/\/rebub.u-bordeaux.fr\/index.php\/wp-json\/wp\/v2\/pages\/18591"}],"collection":[{"href":"http:\/\/rebub.u-bordeaux.fr\/index.php\/wp-json\/wp\/v2\/pages"}],"about":[{"href":"http:\/\/rebub.u-bordeaux.fr\/index.php\/wp-json\/wp\/v2\/types\/page"}],"author":[{"embeddable":true,"href":"http:\/\/rebub.u-bordeaux.fr\/index.php\/wp-json\/wp\/v2\/users\/82"}],"replies":[{"embeddable":true,"href":"http:\/\/rebub.u-bordeaux.fr\/index.php\/wp-json\/wp\/v2\/comments?post=18591"}],"version-history":[{"count":7,"href":"http:\/\/rebub.u-bordeaux.fr\/index.php\/wp-json\/wp\/v2\/pages\/18591\/revisions"}],"predecessor-version":[{"id":24618,"href":"http:\/\/rebub.u-bordeaux.fr\/index.php\/wp-json\/wp\/v2\/pages\/18591\/revisions\/24618"}],"up":[{"embeddable":true,"href":"http:\/\/rebub.u-bordeaux.fr\/index.php\/wp-json\/wp\/v2\/pages\/18541"}],"wp:attachment":[{"href":"http:\/\/rebub.u-bordeaux.fr\/index.php\/wp-json\/wp\/v2\/media?parent=18591"}],"curies":[{"name":"wp","href":"https:\/\/api.w.org\/{rel}","templated":true}]}}