	{"id":18594,"date":"2024-03-22T09:33:22","date_gmt":"2024-03-22T08:33:22","guid":{"rendered":"https:\/\/rebub.u-bordeaux.fr\/?page_id=18594"},"modified":"2026-02-06T15:39:22","modified_gmt":"2026-02-06T14:39:22","slug":"modifier-en-masse-des-exemplaires","status":"publish","type":"page","link":"http:\/\/rebub.u-bordeaux.fr\/index.php\/alma\/procedures\/gestion-des-ressources\/les-traitements-internes\/modifier-en-masse-des-exemplaires\/","title":{"rendered":"Modifier en masse des exemplaires"},"content":{"rendered":"<div id='wpig-floatingbar' class='wpig-floatingbar'><div id='wpig-switch-wrapper' class='wpig-switch-wrapper'><span id='wpig-floating-switch' class='wpig-floating-switch'><img src='http:\/\/rebub.u-bordeaux.fr\/wp-content\/plugins\/sticky-toc-advance-table-of-contents\/\\assets\\menu.png'><\/span><\/div><\/div><p><\/p>\n<p>Pour modifier en masse des exemplaires, il faut au pr\u00e9alable avoir constitu\u00e9 un jeu de r\u00e9sultat (cf. la proc\u00e9dure correspondante).<\/p>\n\n\n\n<p>Dans le menu \u00ab Admin \u00bb s\u00e9lectionner \u00ab Ex\u00e9cuter un traitement \u00bb:<\/p>\n\n\n\n<p>Rechercher le traitement \u00ab <span id=\"SPAN_SELENIUM_ID_taskChains_ROW_3_COL_jobTranslationNamerowIndex\" class=\"labelField\" dir=\"auto\" title=\"Changer les informations des exemplaires physiques\">Changer les informations des exemplaires physiques<\/span> \u00bb par exemple en tapant \u00ab exemplaires \u00bb dans la case de recherche et cocher le traitement concern\u00e9 :<\/p>\n\n\n\n<figure class=\"wp-block-image\"><a href=\"https:\/\/rebub.u-bordeaux.fr\/wp-content\/uploads\/2022\/05\/Modifier-masse-exemplaires_nom-traitement.png\" target=\"_blank\" rel=\"noopener\"><img decoding=\"async\" loading=\"lazy\" width=\"1532\" height=\"718\" src=\"https:\/\/rebub.u-bordeaux.fr\/wp-content\/uploads\/2022\/05\/Modifier-masse-exemplaires_nom-traitement.png\" alt=\"\" class=\"wp-image-13917\" srcset=\"https:\/\/rebub.u-bordeaux.fr\/wp-content\/uploads\/2022\/05\/Modifier-masse-exemplaires_nom-traitement.png 1532w, https:\/\/rebub.u-bordeaux.fr\/wp-content\/uploads\/2022\/05\/Modifier-masse-exemplaires_nom-traitement-300x141.png 300w, https:\/\/rebub.u-bordeaux.fr\/wp-content\/uploads\/2022\/05\/Modifier-masse-exemplaires_nom-traitement-1024x480.png 1024w, https:\/\/rebub.u-bordeaux.fr\/wp-content\/uploads\/2022\/05\/Modifier-masse-exemplaires_nom-traitement-768x360.png 768w\" sizes=\"(max-width: 1532px) 100vw, 1532px\" \/><\/a><\/figure>\n\n\n\n<p>Cliquer sur \u00ab&nbsp;Suivant&nbsp;\u00bb.<\/p>\n\n\n\n<p>Choisir dans la liste des jeux de r\u00e9sultats celui auquel le traitement devra \u00eatre appliqu\u00e9.<\/p>\n\n\n\n<figure class=\"wp-block-image\"><a href=\"https:\/\/rebub.u-bordeaux.fr\/wp-content\/uploads\/2022\/05\/Modifier-masse-exemplaires_lot-a-traiter.png\" target=\"_blank\" rel=\"noopener\"><img decoding=\"async\" loading=\"lazy\" width=\"1537\" height=\"468\" src=\"https:\/\/rebub.u-bordeaux.fr\/wp-content\/uploads\/2022\/05\/Modifier-masse-exemplaires_lot-a-traiter.png\" alt=\"\" class=\"wp-image-13918\" srcset=\"https:\/\/rebub.u-bordeaux.fr\/wp-content\/uploads\/2022\/05\/Modifier-masse-exemplaires_lot-a-traiter.png 1537w, https:\/\/rebub.u-bordeaux.fr\/wp-content\/uploads\/2022\/05\/Modifier-masse-exemplaires_lot-a-traiter-300x91.png 300w, https:\/\/rebub.u-bordeaux.fr\/wp-content\/uploads\/2022\/05\/Modifier-masse-exemplaires_lot-a-traiter-1024x312.png 1024w, https:\/\/rebub.u-bordeaux.fr\/wp-content\/uploads\/2022\/05\/Modifier-masse-exemplaires_lot-a-traiter-768x234.png 768w\" sizes=\"(max-width: 1537px) 100vw, 1537px\" \/><\/a><\/figure>\n\n\n\n<p>S\u00e9lectionner les champs que l\u2019on souhaite modifier en les cochant et indiquer la modification souhait\u00e9e&nbsp;:<\/p>\n\n\n\n<p>\u2022 S\u00e9lectionner un champ ET le laisser vide permet d\u2019effacer l\u2019int\u00e9gralit\u00e9 du contenu du champ de mani\u00e8re syst\u00e9matique pour tous les exemplaires.<\/p>\n\n\n\n<p>\u2022 Les conditions permettent de remplir \/ modifier un champ s\u2019il est vide \/ pas vide, ce qui permet de ne pas \u00e9craser les autres informations d\u00e9j\u00e0 remplies et correctes.<\/p>\n\n\n\n<p>Un menu d\u00e9roulant permet d\u2019entrer des conditions.<\/p>\n\n\n\n<p>Cliquer sur \u00ab Suivant \u00bb puis sur \u00ab Soumettre \u00bb et sur \u00ab Confirmer \u00bb. Le traitement est en cours. Il est visible dans le menu \u00ab Suivi des traitements \u00bb, onglet \u00ab En cours \u00bb.<\/p>\n\n\n\n<p>Cliquer sur \u00ab&nbsp;Rafra\u00eechir&nbsp;\u00bb pour suivre l\u2019avancement du traitement.<\/p>\n\n\n\n<figure class=\"wp-block-image\"><a href=\"http:\/\/rebub.u-bordeaux.fr\/wp-content\/uploads\/2020\/02\/Modifier_En_Masse_Des_Exemplaires_Suivi_Des_Traitements.png\" target=\"_blank\" rel=\"noopener noreferrer\"><img decoding=\"async\" loading=\"lazy\" width=\"1526\" height=\"333\" src=\"http:\/\/rebub.u-bordeaux.fr\/wp-content\/uploads\/2020\/02\/Modifier_En_Masse_Des_Exemplaires_Suivi_Des_Traitements.png\" alt=\"\" class=\"wp-image-7636\" srcset=\"https:\/\/rebub.u-bordeaux.fr\/wp-content\/uploads\/2020\/02\/Modifier_En_Masse_Des_Exemplaires_Suivi_Des_Traitements.png 1526w, https:\/\/rebub.u-bordeaux.fr\/wp-content\/uploads\/2020\/02\/Modifier_En_Masse_Des_Exemplaires_Suivi_Des_Traitements-300x65.png 300w, https:\/\/rebub.u-bordeaux.fr\/wp-content\/uploads\/2020\/02\/Modifier_En_Masse_Des_Exemplaires_Suivi_Des_Traitements-1024x223.png 1024w, https:\/\/rebub.u-bordeaux.fr\/wp-content\/uploads\/2020\/02\/Modifier_En_Masse_Des_Exemplaires_Suivi_Des_Traitements-768x168.png 768w\" sizes=\"(max-width: 1526px) 100vw, 1526px\" \/><\/a><\/figure>\n\n\n\n<p>Lorsque le traitement est termin\u00e9, il passe dans l\u2019onglet \u00ab&nbsp;Historique&nbsp;\u00bb. Il est alors possible de v\u00e9rifier le statut du traitement&nbsp;: \u00ab&nbsp;Termin\u00e9 avec succ\u00e8s&nbsp;\u00bb ou \u00ab&nbsp;Termin\u00e9 avec des erreurs&nbsp;\u00bb.<\/p>\n\n\n\n<p>Un r\u00e9capitulatif appara\u00eet :<\/p>\n\n\n\n<p>\u2022 \u00ab false \u00bb est indiqu\u00e9 devant tous les champs qui n\u2019ont pas \u00e9t\u00e9 s\u00e9lectionn\u00e9s,<\/p>\n\n\n\n<p>\u2022 \u00ab true \u00bb est indiqu\u00e9 devant tous les champs qui ont \u00e9t\u00e9 s\u00e9lectionn\u00e9s.<\/p>\n\n\n\n<p>Un courriel est re\u00e7u lorsque le traitement est achev\u00e9.<\/p>\n\n\n\n<div class=\"is-layout-constrained wp-block-group bord-bloc-reutilisable\"><div class=\"wp-block-group__inner-container\">\n<div class=\"is-layout-flex wp-container-3 wp-block-columns alignfull bord-bloc-reutilisable has-background\" style=\"background-color:#ff303047\">\n<div class=\"is-layout-flow wp-block-column is-vertically-aligned-center\" style=\"flex-basis:7%\">\n<figure class=\"wp-block-image alignfull size-full\"><img decoding=\"async\" loading=\"lazy\" width=\"512\" height=\"512\" src=\"https:\/\/rebub.u-bordeaux.fr\/wp-content\/uploads\/2024\/04\/point-dexclamation.png\" alt=\"\" class=\"wp-image-19898\" srcset=\"https:\/\/rebub.u-bordeaux.fr\/wp-content\/uploads\/2024\/04\/point-dexclamation.png 512w, https:\/\/rebub.u-bordeaux.fr\/wp-content\/uploads\/2024\/04\/point-dexclamation-300x300.png 300w, https:\/\/rebub.u-bordeaux.fr\/wp-content\/uploads\/2024\/04\/point-dexclamation-150x150.png 150w\" sizes=\"(max-width: 512px) 100vw, 512px\" \/><\/figure>\n<\/div>\n\n\n\n<div class=\"is-layout-flow wp-block-column is-vertically-aligned-center\" style=\"flex-basis:85%\">\n<p><strong>Attention !<\/strong> l\u2019indicateur \u00ab Type de cote \u00bb de la holding n\u2019est pas modifi\u00e9 \u00e0 l\u2019issue de la modification en masse d\u2019un jeu d\u2019exemplaires.<\/p>\n<\/div>\n<\/div>\n<\/div><\/div>\n\n\n\n<p>Pour une vue synth\u00e9tique des circuits de traitements internes, voir la page \u00ab\u00a0<a href=\"https:\/\/rebub.u-bordeaux.fr\/index.php\/alma\/procedures\/gestion-des-ressources\/les-traitements-internes\/appliquer-un-traitement-interne-a-un-exemplaire\/\" data-type=\"URL\" data-id=\"https:\/\/rebub.u-bordeaux.fr\/index.php\/alma\/procedures\/gestion-des-ressources\/les-traitements-internes\/appliquer-un-traitement-interne-a-un-exemplaire\/\" target=\"_blank\" rel=\"noreferrer noopener\">Appliquer un traitement interne \u00e0 un (ou plusieurs) exemplaire(s)<\/a>\u00a0\u00bb.<\/p>\n\n\n\n<div class=\"is-layout-flex wp-container-10 wp-block-columns bord-bloc-reutilisable has-background\" style=\"background-color:#d9edf7\">\n<div class=\"is-layout-flow wp-block-column is-vertically-aligned-center\" style=\"font-size:15px;flex-basis:20%\">\n<p style=\"font-size:15px\"><strong>Date de publication<\/strong> <\/p>\n\n\n<div style=\"font-size:15px;\" class=\"wp-block-post-date\"><time datetime=\"2024-03-22T09:33:22+01:00\">22 mars 2024<\/time><\/div><\/div>\n\n\n\n<div class=\"is-layout-flow wp-block-column is-vertically-aligned-center\" style=\"font-size:15px;flex-basis:20%\">\n<p><strong>Mis \u00e0 jour le <\/strong><\/p>\n\n\n<div style=\"font-size:15px;\" class=\"wp-block-post-date\"><time datetime=\"2026-02-06T15:39:22+01:00\">6 f\u00e9vrier 2026<\/time><\/div><\/div>\n\n\n\n<div class=\"is-layout-flow wp-block-column is-vertically-aligned-center\" style=\"font-size:15px;flex-basis:40%\">\n<p><\/p>\n\n\n\n<p><strong>Attention ! <\/strong>Certains \u00e9tablissements utilisent parfois de proc\u00e9dures compl\u00e9mentaires <\/p>\n<\/div>\n\n\n\n<div class=\"is-layout-flow wp-block-column is-vertically-aligned-center\" style=\"font-size:15px;flex-basis:25%\">\n<div class=\"is-horizontal is-content-justification-center is-layout-flex wp-container-8 wp-block-buttons alignfull has-custom-font-size\" style=\"font-size:16px\">\n<div class=\"wp-block-button has-custom-width wp-block-button__width-75 has-custom-font-size is-style-fill\" style=\"font-size:15px\"><a class=\"wp-block-button__link has-white-color has-text-color has-background wp-element-button\" href=\"mailto:scoop@u-bordeaux.fr\" style=\"border-radius:65px;background-color:#000000db\"><strong>Signaler une erreur<\/strong><\/a><\/div>\n<\/div>\n<\/div>\n<\/div>\n","protected":false},"excerpt":{"rendered":"<p>Pour modifier en masse des exemplaires, il faut au pr\u00e9alable avoir constitu\u00e9 un jeu de r\u00e9sultat (cf. la proc\u00e9dure correspondante). Dans le menu \u00ab Admin \u00bb s\u00e9lectionner \u00ab Ex\u00e9cuter un traitement \u00bb: Rechercher le traitement \u00ab Changer les informations des&#8230;<\/p>\n","protected":false},"author":46,"featured_media":4793,"parent":18541,"menu_order":3,"comment_status":"closed","ping_status":"closed","template":"","meta":[],"post_mailing_queue_ids":[],"_links":{"self":[{"href":"http:\/\/rebub.u-bordeaux.fr\/index.php\/wp-json\/wp\/v2\/pages\/18594"}],"collection":[{"href":"http:\/\/rebub.u-bordeaux.fr\/index.php\/wp-json\/wp\/v2\/pages"}],"about":[{"href":"http:\/\/rebub.u-bordeaux.fr\/index.php\/wp-json\/wp\/v2\/types\/page"}],"author":[{"embeddable":true,"href":"http:\/\/rebub.u-bordeaux.fr\/index.php\/wp-json\/wp\/v2\/users\/46"}],"replies":[{"embeddable":true,"href":"http:\/\/rebub.u-bordeaux.fr\/index.php\/wp-json\/wp\/v2\/comments?post=18594"}],"version-history":[{"count":5,"href":"http:\/\/rebub.u-bordeaux.fr\/index.php\/wp-json\/wp\/v2\/pages\/18594\/revisions"}],"predecessor-version":[{"id":24619,"href":"http:\/\/rebub.u-bordeaux.fr\/index.php\/wp-json\/wp\/v2\/pages\/18594\/revisions\/24619"}],"up":[{"embeddable":true,"href":"http:\/\/rebub.u-bordeaux.fr\/index.php\/wp-json\/wp\/v2\/pages\/18541"}],"wp:featuredmedia":[{"embeddable":true,"href":"http:\/\/rebub.u-bordeaux.fr\/index.php\/wp-json\/wp\/v2\/media\/4793"}],"wp:attachment":[{"href":"http:\/\/rebub.u-bordeaux.fr\/index.php\/wp-json\/wp\/v2\/media?parent=18594"}],"curies":[{"name":"wp","href":"https:\/\/api.w.org\/{rel}","templated":true}]}}