	{"id":18602,"date":"2024-03-22T09:33:29","date_gmt":"2024-03-22T08:33:29","guid":{"rendered":"https:\/\/rebub.u-bordeaux.fr\/?page_id=18602"},"modified":"2024-04-26T08:59:13","modified_gmt":"2024-04-26T06:59:13","slug":"exemples-de-modeles-de-prevision","status":"publish","type":"page","link":"http:\/\/rebub.u-bordeaux.fr\/index.php\/alma\/procedures\/gestion-des-ressources\/gerer-les-periodiques\/exemples-de-modeles-de-prevision\/","title":{"rendered":"Exemples de mod\u00e8les de pr\u00e9vision et utilisation du $$y"},"content":{"rendered":"<div id='wpig-floatingbar' class='wpig-floatingbar'><div id='wpig-switch-wrapper' class='wpig-switch-wrapper'><span id='wpig-floating-switch' class='wpig-floating-switch'><img src='http:\/\/rebub.u-bordeaux.fr\/wp-content\/plugins\/sticky-toc-advance-table-of-contents\/\\assets\\menu.png'><\/span><\/div><\/div><p><\/p>\n<p><strong><u>Triennal (tous les 3 ans)<\/u><\/strong><br>$a Jg. $i (year) $w h<br>$a (ann\u00e9e) $i (y) $w h $y pyyyy1\/yyy3<\/p>\n\n\n\n<p><strong><u>Biennal (tous les 2 ans)<\/u><\/strong><br>$a (vol.) $i (year) $w g<br>$a (ann\u00e9e) $i (y) $w g $y pyyyy1\/yyy2<\/p>\n\n\n\n<p><strong><u>Annuel<\/u><\/strong><br>$a (vol.) $i (year) $w a<br>$a no $i (year) $j (month) $w a<br>$a n.s., anno $b n. $u 1 $v c $i (year) $j (month) $w a $y pm12<br>$a (ann\u00e9e) $i (y) $w a $y pyyyy1\/yyy2<\/p>\n\n\n\n<p><strong><u>Annuel avec double num\u00e9rotation<\/u><\/strong><br>$a ser. 3, n. $g vol. $i (year) $w a<\/p>\n\n\n\n<p><strong><u>Annuel avec chronologie uniquement<\/u><\/strong><br>$a (year) $w a<\/p>\n\n\n\n<p><strong><u>Semestriel<\/u><\/strong><br>$a no $u 2 $v c $i (year) $w 2<br>$a vol. $b no $u 2 $v c $i (year) $w 2<br>$a vol. $b n. $u 2 $v c $i (year) $j (month) $w f $y pm01\/06,07\/12<br>$a +sem. $u 2 $v r $g no. $i (y) $w 2<\/p>\n\n\n\n<p><strong><u>Semestriel avec chronologie uniquement<\/u><\/strong><br>$a (year) $b (season) $w 2 $x 21 $y ps21,23<\/p>\n\n\n\n<p><strong><u>Semestriel avec vol. d\u00e9butant au printemps<\/u><\/strong><br>$a v. $b no. $u 2 $v r $i (year) $j (season) $w f $x 21<\/p>\n\n\n\n<p><strong><u>3 x par an<\/u><\/strong><br>$a no. $u 3 $v c $i (year) $w 3<br>$a no $i (year) $j (season) $w 3 $y ps21,22,24<br>$a (no) $u 3 $v r $g (no) $i (year) $w 3<\/p>\n\n\n\n<p><strong><u>3 x par an avec un vol. par ann\u00e9e<\/u><\/strong><br>$a v. $b no. $u 3 $v r $i (year) $j (month) $w t $x 02<\/p>\n\n\n\n<p><strong><u>Trimestriel<\/u><\/strong><br>$a anno $b (n.) $u 4 $v c $i (year) $j (month) $w q<br>$a vol. $b no. $u 4 $v r $i (year) $j (month) $w q $y pm01\/03,04\/06,07\/09,10\/12<br>$a vol. $b no. $u 4 $v c $i (year) $j (season) $w q $y ps21,22,23,24<br>$a no. $i (year) $j (season) $w q $y ps21,22,23,24<br>$a no $i (year) $j (month) $w q<br>$a +trim. $u 4 $v r $g (n) $i (year) $w 4<br>$a Jg. $b H. $u 4 $v r $i (year) $w 4<br>$a (n) $u 4 $v c $i (year) $w 4<br>$a (year) $b (season) $w q $x 21 $y ps21,22,23,24<\/p>\n\n\n\n<p><strong><u>Trimestriel sans chronologie, \u00e9num\u00e9ration uniquement<\/u><\/strong><br>$a v. $b pt. $u 4 $v r $w 4<\/p>\n\n\n\n<p><strong><u>Trimestriel publi\u00e9 pendant l&rsquo;ann\u00e9e scolaire<\/u><\/strong><br>$a v. $b no. $u 4 $v r $i (year) $j (month) $w 4 $x 09 $y pm01,03,09,11<\/p>\n\n\n\n<p><strong><u>Trimestriel avec num\u00e9rotation double continue<\/u><\/strong><br>$a vol. $b fasc. $u 4 $v r $g no. $i (y) $w 4<\/p>\n\n\n\n<p><strong><u>Trimestriel num\u00e9rotation parall\u00e8le continue avec 4 fascicules de 1 \u00e0 4<\/u><\/strong><br>$a Vol. $b anno $u 1 $v c $c fasc. $u 4 $v r $i (y) $w 4<\/p>\n\n\n\n<p><strong><u>Trimestriel dont le vol. change en \u00e9t\u00e9 et l&rsquo;ann\u00e9e au printemps<\/u><\/strong><br>$a v. $b no. $u 4 $v r $i (year) $j (season) $w q $x 22 $y ps21,22,23,24<\/p>\n\n\n\n<p><strong><u>Trimestriel dont le vol. change en automne et l&rsquo;ann\u00e9e en hiver<\/u><\/strong><br>$a v. $b no. $u 4 $v r $i (year) $j (season) $w q $x 23 $y ps24,21,22,23<\/p>\n\n\n\n<p><strong><u>Trimestriel avec 1 vol. pour 2 ans et 4 num\u00e9ros par an<\/u><\/strong><br>$a vol. $b no $u 8 $v c $i (year) $w 4<\/p>\n\n\n\n<p><strong><u>5 x par an<\/u><\/strong><br>$a no $u 5 $v c $i (year) $w 5<\/p>\n\n\n\n<p><strong><u>Bimestriel<\/u><\/strong><br>$a vol. $b no. $u 6 $v r $i (year) $j (month) $w b<br>$a vol. $b no. $u 6 $v r $i (year) $j (month) $w b $x 09 $y pm09\/10,11\/12,01\/02,03\/04,05\/06,07\/08<br>$a Jg. $b (Nr.) $u 6 $v r $i (year) $j (month) $w b $y pm02,04,06,08,10,12<br>$a no $u 6 $v c $i (year) $j (month) $w b<br>$a Jg. $b (H.) $u 6 $v r $i (year) $w 6<\/p>\n\n\n\n<p><strong><u>Le 6\u00e8me num\u00e9ro comporte l&rsquo;ann\u00e9e de janvier<\/u><\/strong><br>$a no $u 6 $v c $i (year) $j (month) $w b $y pm02\/03,04\/05,06\/07,08\/09,10\/11,12\/01<\/p>\n\n\n\n<p><strong><u>7 x par an<\/u><\/strong><br>$a n. $i (year) $j (month) $w 7 $y pm01\/02,03,04,05\/06,07\/08,09\/10,11\/12<\/p>\n\n\n\n<p><strong><u>8 x par an<\/u><\/strong><br>$a vol. $b no. $u 8 $v r $i (year) $j (month) $w 8 $x 02 $y pm02\/03,04,05,06,07\/08,09\/10,11,12\/01<\/p>\n\n\n\n<p><strong><u>9x par an<\/u><\/strong><br>$a (n.) $u 9 $v c $i (year) $j (month) $w 9 $y pm01\/02,03,04,05,06,07\/08,09\/10,11,12<br>$a (n.) $u 9 $v r $i (year) $w 9<\/p>\n\n\n\n<p><strong><u>10 x par an<\/u><\/strong><br>$a vol. $b no. $u 10 $v r $i (year) $j (month) $w m $x 09 $y pm01,02,03,04,05,06\/08,09,10,11,12<br>$a (vol.) $b n. $u 10 $v c $i (year) $j (month) $w m $x 02 $y pm02,03,04,05,06,07\/08,09,10,11,12\/01<br>$a no $u 10 $v c $i (year) $w 10<br>$a no $u 10 $v r $i (month) $w m $y pm01\/02,03,04,05,06,07\/08,09,10,11,12<br>$a no $u 10 $v r $i (month) $w 10 $y pm01,02,04,05,06,08,09,10,11,12<\/p>\n\n\n\n<p><strong><u>11 x par an<\/u><\/strong><br>$a ann\u00e9e $b no $u 11 $v c $i (year) $j (month) $w m $x 01 $y pm01,02,03,04,05,06,07\/08,09,10,11,12<br>$a anno $b n. $u 11 $v r $g (n.) $i (year) $j (month) $w m $y pm01,02,03,04,05,06,07\/08,09,10,11,12<br>$a n. $i (year) $j (month) $w m $y cm07\/08<br>$a vol. $i (year) $j (month) $w 11 $y pm01,02,03,04,05,06,07,09,10,11,12<br>$a Jg. $b H. $u 11 $v r $i (year) $j (month) $w 11 $y pm01,02,03,04,05,06,07,08,09,11,12<br>$a (year) $b (month) $w m $y cm07\/08<\/p>\n\n\n\n<p><strong><u>11 fascicules par an, mais num\u00e9rotation jusqu&rsquo;\u00e0 12<\/u><\/strong><br>$a Vol. $b fasc. $u 12 $v r $i (year) $j (month) $w m $y cm07\/08 $y ce2 7\/8<\/p>\n\n\n\n<p><strong><u>Mensuel<\/u><\/strong><br>$a vol. $b no. $u 12 $v r $i (year) $j (month) $w m<br>$a vol. $b no $u 12 $g no $i (year) $j (month) $w m<br>$a (Nr.) $u 12 $v r $i (y) $j (m) $w m<br>$a no. $u 12 $v r $i (y) $w 12<br>$a Jg. $b (Nr.) $u 12 $v r $i (year) $w 12<\/p>\n\n\n\n<p><strong><u>Mensuel avec num\u00e9rotation continue<\/u><\/strong><br>$a n. $i (year) $j (month) $w m<\/p>\n\n\n\n<p><strong><u>Mensuel 2 tomes par volume, 6 livraisons par tome, 1 vol. par an<\/u><\/strong><br>$a V. $b s\u00e9rie C, t. $u 2 $v c $c livr. $u 6 $v c $i (year) $j (month) $w m<\/p>\n\n\n\n<p><strong><u>Bimensuel<\/u><\/strong><br>$a ann\u00e9e $b no $u 26 $v r $i (year) $j (month) $k (day) $w e<br>$a no $u 24 $v c $i (year) $j (month) $k (day) $w 24<br>$a no $u 24 $v c $i (year) $w 24<\/p>\n\n\n\n<p><strong><u>Hebdomadaire<\/u><\/strong><br>$a vol. $b no. $u 52 $v r $i (year) $j (month) $k (day) $w w<br>$a vol. $b no. $u 26 $v r $i (year) $j (month) $k (day) $w w $x 01,07<\/p>\n\n\n\n<p><strong><u>Hebdomadaire avec pause de la 2\u00e8me semaine de juillet \u00e0 la 3\u00e8me semaine d&rsquo;ao\u00fbt<\/u><\/strong><br>$a no $i (year) $j (month) $k (day) $w w $y ow0702,0703,0704,0799,0801,0802,0803<\/p>\n\n\n\n<p><strong><u>Bihebdomadaire<\/u><\/strong><br>$a Jg. $b (Nr.) $u 104 $v r $i (year) $j (month) $k (day) $w c $y pdwe,fr<\/p>\n\n\n\n<h2 id=\"stoc-utilisation-du-y\" class=\"wpig-heading\">Utilisation du $$y<\/h2>\n\n\n\n<p>853 03 $ 81 $ a (an) $ b (mois) $ c (jour) $ jj $ yodsa<\/p>\n\n\n\n<p>[L&rsquo;article est publi\u00e9 tous les jours sauf le samedi.]<\/p>\n\n\n\n<p>853 02 $ 81 $ av $ bno. $ U11 $ vr $ i (ann\u00e9e) $ j (mois) $ wm $ x01 $ ypm01,02,03,04,05,06,07 \/ 08,09,10,11, 12<\/p>\n\n\n\n<p>[La publication est mensuelle, le premier num\u00e9ro apparaissant en janvier et un num\u00e9ro combin\u00e9 datant de juillet \/ ao\u00fbt.]<\/p>\n\n\n\n<p>853 03 $ 81 $ moyen $ bno. $ U10 $ vr $ i (ann\u00e9e) $ j (mois) $ w10 $ x09 $ yom07,08<\/p>\n\n\n\n<p>[L&rsquo;\u00e9l\u00e9ment a dix num\u00e9ros par volume; dix num\u00e9ros par an commen\u00e7ant par no. 1 en septembre; aucun num\u00e9ro publi\u00e9 en juillet ou ao\u00fbt.]<\/p>\n\n\n\n<p>853 03 $ 81 $ av $ bno. $ U4 $ vr $ i (ann\u00e9e) $ j (mois) $ w4 $ x01 $ yps21,22,23,24<\/p>\n\n\n\n<p>[L&rsquo;\u00e9l\u00e9ment a quatre num\u00e9ros par volume; quatre num\u00e9ros par an, publi\u00e9s au printemps, en \u00e9t\u00e9, en automne et en hiver]<\/p>\n\n\n\n<p>853 03 $ 81 $ moyen $ bno. $ Ww $ yow0100we, 0699we, 0700we, 0801we, 0802we, 0803we, 0803we, 0804we, 98we, 99we<\/p>\n\n\n\n<p>[La publication est omise toutes les semaines de janvier (01); dernier mercredi en juin (0699we); chaque mercredi en juillet (7 h 00); 1er, 2e, 3e et 4e mercredi en ao\u00fbt (0801we, 0802we, 0803we, 0804we); avant-dernier mercredi (98we) et mercredi dernier. (99we)]<\/p>\n\n\n\n<p>853 20 $ 81 $ av $ bno. $ U48 $ vr $ ww $ x0101 $ yow05we<\/p>\n\n\n\n<p>[Cet article est hebdomadaire, mais le cinqui\u00e8me mercredi du mois est omis.]<\/p>\n\n\n\n<p>853 03 $ moyen $ bno. $ U12 $ vr $ i (ann\u00e9e) $ j (mois) $ wm $ x01 $ ypw02we $ ypw0402e, 0501we<\/p>\n\n\n\n<p>[La publication est mensuelle et publi\u00e9e tous les deuxi\u00e8mes mercredis du mois, sauf en avril, o\u00f9 elle est publi\u00e9e le deuxi\u00e8me jeudi de mai, le premier mercredi.]<\/p>\n\n\n\n<p>853 02 $ moyen $ bno. $ U52 $ vr $ wc $ x07 $ ypw00mo, 00e $ yod0101,0704,1225 $ yow0901mo, 1104e<\/p>\n\n\n\n<p>[Cet article est publi\u00e9 chaque lundi et jeudi, sauf lorsque le jour du Nouvel An, le 4 juillet, la f\u00eate du Travail, Thanksgiving et No\u00ebl tombent un lundi ou un jeudi.]<\/p>\n\n\n\n<p>853 02 $ av $ i (ann\u00e9e) $ wg $ ypyyyy1 \/ yyy2<\/p>\n\n\n\n<p>863 02 $ a10 $ i1999 \/ 2000<\/p>\n\n\n\n<p>853 02 $ 81.0 $ moyen $ US $ u51 $ vc $ i (ann\u00e9e) $ j (mois) $ ww $ ycw1204 \/ 1205 $ yce251 \/ 52<\/p>\n\n\n\n<p>[Le document est publi\u00e9 dans cinquante et un num\u00e9ros hebdomadaires num\u00e9rot\u00e9s en continu. Les num\u00e9ros des quatri\u00e8me et cinqui\u00e8me semaines de d\u00e9cembre (les cinquante et uni\u00e8me et cinquante-deuxi\u00e8me num\u00e9ros de l&rsquo;ann\u00e9e de souscription) sont publi\u00e9s dans un num\u00e9ro combin\u00e9.]<\/p>\n\n\n\n<p>853 02 81,01 $ US moyen $ US $ u6 $ US $ i (ann\u00e9e) $ j (mois) $ US $ ype21,3,5,7,9,11<\/p>\n\n\n\n<p>[L\u2019article est publi\u00e9 six fois par an et son \u00e9num\u00e9ration \u00ab\u00a0saute\u00a0\u00bb les num\u00e9ros du deuxi\u00e8me niveau en utilisant uniquement les nombres impairs qui recommencent \u00e0 la fin de l\u2019ann\u00e9e civile.]<\/p>\n\n\n\n<p>853 02 $ 81.0 $ av $ bno. $ U12 $ vr $ i (ann\u00e9e) $ j (mois) $ wm $ yce27 \/ 8 $ ycm07 \/ 08<\/p>\n\n\n\n<p>[Ce titre est publi\u00e9 onze fois par an. Il combine dans son deuxi\u00e8me niveau d&rsquo;\u00e9num\u00e9ration (pour les num\u00e9ros sept et huit) et dans une chronologie (juillet et ao\u00fbt).]<\/p>\n\n\n\n<p>853 02 $ av $ bno. $ U6 $ vr $ we $ ypw02we, 04we $ yce21 \/ 3,4 \/ 6<\/p>\n\n\n\n<p>[Cet article est publi\u00e9 24 fois par an, les deuxi\u00e8me et quatri\u00e8me mercredis de chaque mois. Le deuxi\u00e8me niveau de recensement regroupe les num\u00e9ros 1 \u00e0 3 le deuxi\u00e8me mercredi de chaque mois et les num\u00e9ros 4 \u00e0 6 le quatri\u00e8me mercredi de chaque mois.]<\/p>\n\n\n\n<p>853 02 81,01 $ av $ bno. $ U52 $ vc $ ww $ yce251 \/ 52<\/p>\n\n\n\n<p>[Le point est publi\u00e9 chaque semaine, sauf pour une combinaison des deux derni\u00e8res semaines de d\u00e9cembre. \u00c9tant donn\u00e9 que la description des num\u00e9ros se limite \u00e0 un d\u00e9nombrement et que le deuxi\u00e8me niveau est \u00e9galement continu, le mod\u00e8le repr\u00e9sente la combinaison de probl\u00e8mes en termes de combinaison des cinquante et uni\u00e8me et cinquante-deuxi\u00e8me num\u00e9ros publi\u00e9s cette ann\u00e9e.]<\/p>\n\n\n\n<p>853 20 $ 81,0 $ a (an) $ b (mois) $ c (jour) $ ww $ ycw1203 \/ 1204<\/p>\n\n\n\n<p>[Cet article est publi\u00e9 toutes les semaines sauf qu&rsquo;il combine les troisi\u00e8me et quatri\u00e8me semaines de d\u00e9cembre.]<\/p>\n\n\n\n<p>853 02 $ 81.0 $ av $ bno. $ U12 $ vr $ i (ann\u00e9e) $ j (mois) $ wm $ yce27 \/ 8 $ yom08<\/p>\n\n\n\n<p>[Le document est publi\u00e9 onze fois par an avec un d\u00e9nombrement combin\u00e9 en juillet et aucune publication en ao\u00fbt. Le sous-champ est r\u00e9p\u00e9t\u00e9 pour l&rsquo;exception d&rsquo;\u00e9num\u00e9ration ainsi que l&rsquo;exception de chronologie du mod\u00e8le de r\u00e9gularit\u00e9 g\u00e9n\u00e9ral.]<\/p>\n\n\n\n<p>853 02 $ 81.0 $ av $ $ bno. $ U11 $ vr $ i (ann\u00e9e) $ j (mois) $ w11 $ ycm07 \/ 08<\/p>\n\n\n\n<p>[Article publi\u00e9 onze fois par an avec une chronologie combin\u00e9e et aucune combinaison dans le recensement.]<\/p>\n\n\n\n<p>853<\/p>\n\n\n\n<p>02 81,01 $ US $ vno.l $ u92 $ vc $ i (ann\u00e9e) $ j (mois) $ wd $ x01,04,07,10 $ ycd0704 \/ 0705, 1224\/1225 $ yce2185 \/ 186,358 \/ 359 $ nBas\u00e9 sur v. 11, no. 2172\/2173, les 24 et 25 d\u00e9cembre 2001.<\/p>\n\n\n\n<p>[Le document est publi\u00e9 dans trois cent soixante-trois num\u00e9ros num\u00e9rot\u00e9s de fa\u00e7on continue en quatre volumes chaque ann\u00e9e. Les num\u00e9ros des 4 juillet et 25 d\u00e9cembre sont publi\u00e9s sous forme de num\u00e9ros combin\u00e9s.]<\/p>\n\n\n\n<div class=\"is-layout-flex wp-container-6 wp-block-columns bord-bloc-reutilisable has-background\" style=\"background-color:#d9edf7\">\n<div class=\"is-layout-flow wp-block-column is-vertically-aligned-center\" style=\"font-size:15px;flex-basis:20%\">\n<p style=\"font-size:15px\"><strong>Date de publication<\/strong> <\/p>\n\n\n<div style=\"font-size:15px;\" class=\"wp-block-post-date\"><time datetime=\"2024-03-22T09:33:29+01:00\">22 mars 2024<\/time><\/div><\/div>\n\n\n\n<div class=\"is-layout-flow wp-block-column is-vertically-aligned-center\" style=\"font-size:15px;flex-basis:20%\">\n<p><strong>Mis \u00e0 jour le <\/strong><\/p>\n\n\n<div style=\"font-size:15px;\" class=\"wp-block-post-date\"><time datetime=\"2024-04-26T08:59:13+02:00\">26 avril 2024<\/time><\/div><\/div>\n\n\n\n<div class=\"is-layout-flow wp-block-column is-vertically-aligned-center\" style=\"font-size:15px;flex-basis:40%\">\n<p><\/p>\n\n\n\n<p><strong>Attention ! <\/strong>Certains \u00e9tablissements utilisent parfois de proc\u00e9dures compl\u00e9mentaires <\/p>\n<\/div>\n\n\n\n<div class=\"is-layout-flow wp-block-column is-vertically-aligned-center\" style=\"font-size:15px;flex-basis:25%\">\n<div class=\"is-horizontal is-content-justification-center is-layout-flex wp-container-4 wp-block-buttons alignfull has-custom-font-size\" style=\"font-size:16px\">\n<div class=\"wp-block-button has-custom-width wp-block-button__width-75 has-custom-font-size is-style-fill\" style=\"font-size:15px\"><a class=\"wp-block-button__link has-white-color has-text-color has-background wp-element-button\" href=\"mailto:scoop@u-bordeaux.fr\" style=\"border-radius:65px;background-color:#000000db\"><strong>Signaler une erreur<\/strong><\/a><\/div>\n<\/div>\n<\/div>\n<\/div>\n","protected":false},"excerpt":{"rendered":"<p>Triennal (tous les 3 ans)$a Jg. $i (year) $w h$a (ann\u00e9e) $i (y) $w h $y pyyyy1\/yyy3 Biennal (tous les 2 ans)$a (vol.) $i (year) $w g$a (ann\u00e9e) $i (y) $w g $y pyyyy1\/yyy2 Annuel$a (vol.) $i (year) $w a$a&#8230;<\/p>\n","protected":false},"author":46,"featured_media":4793,"parent":18542,"menu_order":2,"comment_status":"closed","ping_status":"closed","template":"","meta":[],"post_mailing_queue_ids":[],"_links":{"self":[{"href":"http:\/\/rebub.u-bordeaux.fr\/index.php\/wp-json\/wp\/v2\/pages\/18602"}],"collection":[{"href":"http:\/\/rebub.u-bordeaux.fr\/index.php\/wp-json\/wp\/v2\/pages"}],"about":[{"href":"http:\/\/rebub.u-bordeaux.fr\/index.php\/wp-json\/wp\/v2\/types\/page"}],"author":[{"embeddable":true,"href":"http:\/\/rebub.u-bordeaux.fr\/index.php\/wp-json\/wp\/v2\/users\/46"}],"replies":[{"embeddable":true,"href":"http:\/\/rebub.u-bordeaux.fr\/index.php\/wp-json\/wp\/v2\/comments?post=18602"}],"version-history":[{"count":5,"href":"http:\/\/rebub.u-bordeaux.fr\/index.php\/wp-json\/wp\/v2\/pages\/18602\/revisions"}],"predecessor-version":[{"id":20466,"href":"http:\/\/rebub.u-bordeaux.fr\/index.php\/wp-json\/wp\/v2\/pages\/18602\/revisions\/20466"}],"up":[{"embeddable":true,"href":"http:\/\/rebub.u-bordeaux.fr\/index.php\/wp-json\/wp\/v2\/pages\/18542"}],"wp:featuredmedia":[{"embeddable":true,"href":"http:\/\/rebub.u-bordeaux.fr\/index.php\/wp-json\/wp\/v2\/media\/4793"}],"wp:attachment":[{"href":"http:\/\/rebub.u-bordeaux.fr\/index.php\/wp-json\/wp\/v2\/media?parent=18602"}],"curies":[{"name":"wp","href":"https:\/\/api.w.org\/{rel}","templated":true}]}}