	{"id":18605,"date":"2024-03-22T09:33:28","date_gmt":"2024-03-22T08:33:28","guid":{"rendered":"https:\/\/rebub.u-bordeaux.fr\/?page_id=18605"},"modified":"2024-04-26T08:52:00","modified_gmt":"2024-04-26T06:52:00","slug":"description-des-modeles-de-prevision-au-format-marc-21-v2-new","status":"publish","type":"page","link":"http:\/\/rebub.u-bordeaux.fr\/index.php\/alma\/procedures\/gestion-des-ressources\/gerer-les-periodiques\/description-des-modeles-de-prevision-au-format-marc-21-v2-new\/","title":{"rendered":"Description des mod\u00e8les de pr\u00e9vision au format Marc 21"},"content":{"rendered":"<div id='wpig-floatingbar' class='wpig-floatingbar'><div id='wpig-switch-wrapper' class='wpig-switch-wrapper'><span id='wpig-floating-switch' class='wpig-floating-switch'><img src='http:\/\/rebub.u-bordeaux.fr\/wp-content\/plugins\/sticky-toc-advance-table-of-contents\/\\assets\\menu.png'><\/span><\/div><div id='wpig-contents' class='wpig-contents  wpig-sidebar-widget wpig-style-3'><span class='wpig-headline'>Table des mati\u00e8res<span><a data-action='show' class='wpig-btn-toggledisplay'>[ Show ]<\/a><\/span><\/span><!-- Table of Contents --><div id='wpig-table-of-content' class='wpig-table-of-content'><ol><li class='stoc-numerotation'><a href='#stoc-numerotation'>Num\u00e9rotation<\/a><\/li><li class='stoc-chronologie'><a href='#stoc-chronologie'>Chronologie<\/a><\/li><li class='stoc-modele-de-publication-periodicite'><a href='#stoc-modele-de-publication-periodicite'>Mod\u00e8le de publication (p\u00e9riodicit\u00e9)<\/a><ol><li class='stoc-n-note-de-modele'><a href='#stoc-n-note-de-modele'>$n &#8211; note de mod\u00e8le<\/a><\/li><li class='stoc-u-unites-physiques-attendues-par-le-niveau-le-plus-eleve'><a href='#stoc-u-unites-physiques-attendues-par-le-niveau-le-plus-eleve'>$u &#8211; unit\u00e9s physiques attendues par le niveau le plus \u00e9lev\u00e9<\/a><\/li><li class='stoc-v-motif-ou-schema-de-numerotation'><a href='#stoc-v-motif-ou-schema-de-numerotation'>$v &#8211; motif ou sch\u00e9ma de num\u00e9rotation<\/a><\/li><li class='stoc-w-frequence-de-publication-periodicite'><a href='#stoc-w-frequence-de-publication-periodicite'>$w &#8211; fr\u00e9quence de publication (p\u00e9riodicit\u00e9)<\/a><\/li><li class='stoc-x-changement-de-calendrier'><a href='#stoc-x-changement-de-calendrier'>$x &#8211; changement de calendrier<\/a><\/li><li class='stoc-y-regularite-du-motif'><a href='#stoc-y-regularite-du-motif'>$y &#8211; r\u00e9gularit\u00e9 du motif<\/a><\/li><li class='stoc-z-systeme-de-numerotation'><a href='#stoc-z-systeme-de-numerotation'>$z &#8211; syst\u00e8me de num\u00e9rotation<\/a><\/li><li class='stoc-quelques-exemples'><a href='#stoc-quelques-exemples'>Quelques exemples<\/a><\/li><\/ol><li class='stoc-autres-sous-champs'><a href='#stoc-autres-sous-champs'>Autres sous-champs<\/a><\/li><\/ol><\/li><\/div><!-- END OF Table of Contents --><\/div><\/div><p><div id='wpig-contents' class='wpig-contents  wpig-sidebar-widget wpig-style-1'><span class='wpig-headline'>Table des mati\u00e8res<span><a data-action='show' class='wpig-btn-toggledisplay'>[ Show ]<\/a><\/span><\/span><!-- Table of Contents --><div id='wpig-table-of-content' class='wpig-table-of-content' ><ol><li class='stoc-numerotation'><a href='#stoc-numerotation'>Num\u00e9rotation<\/a><\/li><li class='stoc-chronologie'><a href='#stoc-chronologie'>Chronologie<\/a><\/li><li class='stoc-modele-de-publication-periodicite'><a href='#stoc-modele-de-publication-periodicite'>Mod\u00e8le de publication (p\u00e9riodicit\u00e9)<\/a><ol><li class='stoc-n-note-de-modele'><a href='#stoc-n-note-de-modele'>$n &#8211; note de mod\u00e8le<\/a><\/li><li class='stoc-u-unites-physiques-attendues-par-le-niveau-le-plus-eleve'><a href='#stoc-u-unites-physiques-attendues-par-le-niveau-le-plus-eleve'>$u &#8211; unit\u00e9s physiques attendues par le niveau le plus \u00e9lev\u00e9<\/a><\/li><li class='stoc-v-motif-ou-schema-de-numerotation'><a href='#stoc-v-motif-ou-schema-de-numerotation'>$v &#8211; motif ou sch\u00e9ma de num\u00e9rotation<\/a><\/li><li class='stoc-w-frequence-de-publication-periodicite'><a href='#stoc-w-frequence-de-publication-periodicite'>$w &#8211; fr\u00e9quence de publication (p\u00e9riodicit\u00e9)<\/a><\/li><li class='stoc-x-changement-de-calendrier'><a href='#stoc-x-changement-de-calendrier'>$x &#8211; changement de calendrier<\/a><\/li><li class='stoc-y-regularite-du-motif'><a href='#stoc-y-regularite-du-motif'>$y &#8211; r\u00e9gularit\u00e9 du motif<\/a><\/li><li class='stoc-z-systeme-de-numerotation'><a href='#stoc-z-systeme-de-numerotation'>$z &#8211; syst\u00e8me de num\u00e9rotation<\/a><\/li><li class='stoc-quelques-exemples'><a href='#stoc-quelques-exemples'>Quelques exemples<\/a><\/li><\/ol><li class='stoc-autres-sous-champs'><a href='#stoc-autres-sous-champs'>Autres sous-champs<\/a><\/li><\/ol><\/li><\/div><!-- END OF Table of Contents --><\/div><\/p>\n<p>Cette page descriptive des mod\u00e8les de pr\u00e9vision au format Marc 21 dans Alma a \u00e9t\u00e9 r\u00e9alis\u00e9e \u00e0 partir de la documentation suivante : <a href=\"http:\/\/www.loc.gov\/marc\/holdings\/hd853855.html\">http:\/\/www.loc.gov\/marc\/holdings\/hd853855.html<\/a><\/p>\n\n\n\n<p>Les sous-champs qui composent le mod\u00e8le de pr\u00e9vision :<\/p>\n\n\n\n<h2 id=\"stoc-numerotation\" class=\"wpig-heading\">Num\u00e9rotation<\/h2>\n\n\n\n<p>$a &#8211; premier niveau de num\u00e9rotation (niveau de num\u00e9rotation le plus \u00e9lev\u00e9) (NR)<\/p>\n\n\n\n<p>$b &#8211; second niveau de num\u00e9rotation (NR)<\/p>\n\n\n\n<p>$c &#8211; troisi\u00e8me niveau de num\u00e9rotation (NR)<\/p>\n\n\n\n<p>$d &#8211; quatri\u00e8me niveau de num\u00e9rotation (NR)<\/p>\n\n\n\n<p>$e &#8211; cinqui\u00e8me niveau de num\u00e9rotation (NR)<\/p>\n\n\n\n<p>$f &#8211; sixi\u00e8me niveau de num\u00e9rotation (NR)<\/p>\n\n\n\n<p>$g &#8211; num\u00e9rotation alternative (premier niveau)<\/p>\n\n\n\n<p>$h &#8211; num\u00e9rotation alternative (second niveau)<\/p>\n\n\n\n<h2 id=\"stoc-chronologie\" class=\"wpig-heading\">Chronologie<\/h2>\n\n\n\n<p>$i &#8211; premier niveau de chronologie (NR)<\/p>\n\n\n\n<p>$j &#8211; second niveau de chronologie (NR)<\/p>\n\n\n\n<p>$k &#8211; troisi\u00e8me niveau de chronologie (NR)<\/p>\n\n\n\n<p>$l &#8211; quatri\u00e8me niveau de chronologie (NR)<\/p>\n\n\n\n<p>$m &#8211; chronologie alternative<\/p>\n\n\n\n<h2 id=\"stoc-modele-de-publication-periodicite\" class=\"wpig-heading\">Mod\u00e8le de publication (p\u00e9riodicit\u00e9)<\/h2>\n\n\n\n<h3 id=\"stoc-n-note-de-modele\" class=\"wpig-heading\">$n &#8211; note de mod\u00e8le<\/h3>\n\n\n\n<p>Cette sous-zone contient une note explicative qui pr\u00e9sente l&rsquo;ann\u00e9e et la livraison utilis\u00e9es pour pr\u00e9parer les codes du mod\u00e8le de r\u00e9gularit\u00e9 qui figurent dans la zone.<\/p>\n\n\n\n<p>Cette sous-zone est facultative.<\/p>\n\n\n\n<div class=\"unimarc\">\n<p>853 02$81$av.$bno.$u365$vc $i(ann\u00e9e)$j(mois) $k(jour)$wd$x0101$yce2358\/359 <span style=\"color: #81b129;\">$nDescription d&rsquo;apr\u00e8s v. 11, no. 2172\/2173, December 24\/December 25, 2001<\/span><\/p>\n<\/div>\n\n\n\n<h3 id=\"stoc-u-unites-physiques-attendues-par-le-niveau-le-plus-eleve\" class=\"wpig-heading\">$u &#8211; unit\u00e9s physiques attendues par le niveau le plus \u00e9lev\u00e9<\/h3>\n\n\n\n<p>Sous-champ <span style=\"color: #f60501;\">$u<\/span> d\u00e9crit le nombre de num\u00e9ros que le niveau de num\u00e9rotation le plus \u00e9lev\u00e9 est cens\u00e9 comprendre. Lorsqu&rsquo;on l&rsquo;utilise, la sous-zone <span style=\"color: #f60501;\">$u<\/span> suit <span style=\"color: #81b129;\">la sous-zone du libell\u00e9 du niveau d&rsquo;\u00e9num\u00e9ration auquel elle s&rsquo;applique<\/span>.<\/p>\n\n\n\n<div class=\"unimarc\">\n<p>853<br>03$81$av.$bno.<span style=\"color: #f60501;\">$u12<\/span>$vr<span style=\"color: #81b129;\">$cpt.$u3<\/span>$wj<br><i>L\u2019objet d\u00e9crit contient <\/i><span style=\"color: #f60501;\"><i>12 n\u00b0 par volume<\/i><\/span><i> et <\/i><span style=\"color: #81b129;\"><i>3 parties par num\u00e9ro<\/i><\/span><i>)<\/i><\/p>\n<\/div>\n\n\n\n<h3 id=\"stoc-v-motif-ou-schema-de-numerotation\" class=\"wpig-heading\">$v &#8211; motif ou sch\u00e9ma de num\u00e9rotation<\/h3>\n\n\n\n<p>Sous-champ $v d\u00e9crit le sch\u00e9ma de num\u00e9rotation (Numbering continuity)<\/p>\n\n\n\n<p>C\u2019est un code alphab\u00e9tique sur un seul caract\u00e8re qui indique si la num\u00e9rotation du niveau d\u00e9crit doit s\u2019incr\u00e9menter ou se r\u00e9initialiser.<\/p>\n\n\n\n<p>Peut \u00eatre utilis\u00e9 avec chaque niveau d\u2019\u00e9num\u00e9ration sauf le premier niveau $a ou $g [\u00e9num\u00e9ration alternative]<\/p>\n\n\n\n<table id=\"tablepress-41\" class=\"tablepress tablepress-id-41\">\n<tbody class=\"row-hover\">\n<tr class=\"row-1\">\n\t<td class=\"column-1\"><strong>c<\/strong><\/td><td class=\"column-2\">Incr\u00e9mentation de la num\u00e9rotation<\/td>\n<\/tr>\n<tr class=\"row-2\">\n\t<td class=\"column-1\"><strong>r<\/strong><\/td><td class=\"column-2\">R\u00e9initialisation de la num\u00e9rotation<\/td>\n<\/tr>\n<\/tbody>\n<\/table>\n<!-- #tablepress-41 from cache -->\n\n\n<h3 id=\"stoc-w-frequence-de-publication-periodicite\" class=\"wpig-heading\">$w &#8211; fr\u00e9quence de publication (p\u00e9riodicit\u00e9)<\/h3>\n\n\n\n<p>Code alphab\u00e9tique qui indique la p\u00e9riodicit\u00e9.<\/p>\n\n\n\n<table id=\"tablepress-42\" class=\"tablepress tablepress-id-42\">\n<tbody class=\"row-hover\">\n<tr class=\"row-1\">\n\t<td class=\"column-1\"><strong>a<\/strong><\/td><td class=\"column-2\">annuel<\/td>\n<\/tr>\n<tr class=\"row-2\">\n\t<td class=\"column-1\"><strong>b<\/strong><\/td><td class=\"column-2\">bimestriel (une publication tous les 2 mois)<br \/>\n<em>bimonthly<\/em><\/td>\n<\/tr>\n<tr class=\"row-3\">\n\t<td class=\"column-1\"><strong>c<\/strong><\/td><td class=\"column-2\">bihebdomadaire (deux publication par semaine)<br \/>\n<em>semiweekly<\/em><\/td>\n<\/tr>\n<tr class=\"row-4\">\n\t<td class=\"column-1\"><strong>d<\/strong><\/td><td class=\"column-2\">quotidien<\/td>\n<\/tr>\n<tr class=\"row-5\">\n\t<td class=\"column-1\"><strong>e<\/strong><\/td><td class=\"column-2\">quinzomadaire (une publication toutes les deux semaines)<br \/>\n<em>biweekly<\/em><\/td>\n<\/tr>\n<tr class=\"row-6\">\n\t<td class=\"column-1\"><strong>f<\/strong><\/td><td class=\"column-2\">biannuel (deux publications par an)<br \/>\n<em>semiannual<\/em><\/td>\n<\/tr>\n<tr class=\"row-7\">\n\t<td class=\"column-1\"><strong>g<\/strong><\/td><td class=\"column-2\">bisannuel (une publication tous les deux ans)<br \/>\n<em>biennial>\/em><\/td>\n<\/tr>\n<tr class=\"row-8\">\n\t<td class=\"column-1\"><strong>h<\/strong><\/td><td class=\"column-2\">triennal (une publication tous les trois ans)<br \/>\n<em>triennial<\/em><\/td>\n<\/tr>\n<tr class=\"row-9\">\n\t<td class=\"column-1\"><strong>i<\/strong><\/td><td class=\"column-2\">trois publications par semaine<br \/>\n<em>three times a week<\/em><\/td>\n<\/tr>\n<tr class=\"row-10\">\n\t<td class=\"column-1\"><strong>j<\/strong><\/td><td class=\"column-2\">trois fois par mois<br \/>\n<em>three times a month<\/em><\/td>\n<\/tr>\n<tr class=\"row-11\">\n\t<td class=\"column-1\"><strong>k<\/strong><\/td><td class=\"column-2\">mise \u00e0 jour continue<\/td>\n<\/tr>\n<tr class=\"row-12\">\n\t<td class=\"column-1\"><strong>m<\/strong><\/td><td class=\"column-2\">mensuel<\/td>\n<\/tr>\n<tr class=\"row-13\">\n\t<td class=\"column-1\"><strong>q<\/strong><\/td><td class=\"column-2\">trimestriel (une publication tous les trois mois)<br \/>\n<em>quarterly<\/em><\/td>\n<\/tr>\n<tr class=\"row-14\">\n\t<td class=\"column-1\"><strong>s<\/strong><\/td><td class=\"column-2\">semi-mensuel (deux publications par mois)<br \/>\n<em>semimonthly<\/em><\/td>\n<\/tr>\n<tr class=\"row-15\">\n\t<td class=\"column-1\"><strong>t<\/strong><\/td><td class=\"column-2\">quadrimestriel (une publication tous les 4 mois)<br \/>\n<em>three times a year<\/em><\/td>\n<\/tr>\n<tr class=\"row-16\">\n\t<td class=\"column-1\"><strong>w<\/strong><\/td><td class=\"column-2\">hebdomadaire<\/td>\n<\/tr>\n<tr class=\"row-17\">\n\t<td class=\"column-1\"><strong>x<\/strong><\/td><td class=\"column-2\">compl\u00e8tement irr\u00e9gulier<\/td>\n<\/tr>\n<\/tbody>\n<\/table>\n<!-- #tablepress-42 from cache -->\n\n\n<h3 id=\"stoc-x-changement-de-calendrier\" class=\"wpig-heading\">$x &#8211; changement de calendrier<\/h3>\n\n\n\n<p>Un code de deux ou quatre caract\u00e8res qui indique la date \u00e0 laquelle le niveau de num\u00e9rotation le plus \u00e9lev\u00e9 s\u2019incr\u00e9mente.<\/p>\n\n\n\n<p>Un code sur 2 caract\u00e8res identifie le mois ou la saison de changement.<\/p>\n\n\n\n<p>Un code 4 caract\u00e8re (mmdd) indique le jour et le mois du changement.<\/p>\n\n\n\n<table id=\"tablepress-43\" class=\"tablepress tablepress-id-43\">\n<thead>\n<tr class=\"row-1\">\n\t<th class=\"column-1\"><strong>Mois<\/strong><\/th><th class=\"column-2\"><strong>Jour<\/strong><\/th><th class=\"column-3\"><strong>Saison<\/strong><\/th>\n<\/tr>\n<\/thead>\n<tbody class=\"row-hover\">\n<tr class=\"row-2\">\n\t<td class=\"column-1\">01-12<\/td><td class=\"column-2\">01-31<\/td><td class=\"column-3\">21 (printemps)<\/td>\n<\/tr>\n<tr class=\"row-3\">\n\t<td class=\"column-1\"><\/td><td class=\"column-2\"><\/td><td class=\"column-3\">22 (\u00e9t\u00e9)<\/td>\n<\/tr>\n<tr class=\"row-4\">\n\t<td class=\"column-1\"><\/td><td class=\"column-2\"><\/td><td class=\"column-3\">23 (automne)<\/td>\n<\/tr>\n<tr class=\"row-5\">\n\t<td class=\"column-1\"><\/td><td class=\"column-2\"><\/td><td class=\"column-3\">24 (hiver)<\/td>\n<\/tr>\n<\/tbody>\n<\/table>\n<!-- #tablepress-43 from cache -->\n\n\n<div class=\"unimarc\">\n<p>853&nbsp; 23$81$av.$bno.$u4$vr$i(year)$j(season)<span style=\"color: #f60501;\">$wq<\/span><span style=\"color: #81b129;\">$x21<\/span><\/p>\n<p><i>[<\/i><span style=\"color: #f60501;\"><i>un trimestriel<\/i><\/span><i> pour lequel <\/i><span style=\"color: #81b129;\"><i>le n\u00b0 1 de chaque vol. para\u00eet au printemps<\/i><\/span>]<\/p>\n<p>853&nbsp; 20$81$av.$bno.<span style=\"color: #009de0;\">$u12<\/span>$vc$i(year)$j(month)<span style=\"color: #f60501;\">$wm<\/span><span style=\"color: #81b129;\">$x07<\/span><\/p>\n<p><i>[<\/i><span style=\"color: #f60501;\"><i>un mensuel<\/i><\/span><i> qui contient <\/i><span style=\"color: #009de0;\"><i>12 n\u00b0 par volume<\/i><\/span><i> ; <span style=\"color: #81b129;\">l<\/span><\/i><span style=\"color: #81b129;\"><i>e n\u00b0 de volume s\u2019incr\u00e9mente en juillet<\/i><\/span><i>]<\/i><\/p>\n<\/div>\n\n\n\n<h3 id=\"stoc-y-regularite-du-motif\" class=\"wpig-heading\">$y &#8211; r\u00e9gularit\u00e9 du motif<\/h3>\n\n\n\n<p>Codes d\u00e9crivant la r\u00e9gularit\u00e9 la p\u00e9riodicit\u00e9 d\u00e9crit en <b>$w<\/b><\/p>\n\n\n\n<p>Ce sous-champ est compos\u00e9 :<\/p>\n\n\n\n<ul>\n<li>&nbsp;d&rsquo;un code de publication<\/li>\n<\/ul>\n\n\n\n<p><strong>c<\/strong> = combined (regroupement)<\/p>\n\n\n\n<p><strong>o<\/strong> = omitted (omission)<\/p>\n\n\n\n<p><strong>p<\/strong> = published (jour de publication)<\/p>\n\n\n\n<ul>\n<li>&nbsp;d&rsquo;un code de d\u00e9finition de la chronologie : indique le type de l&rsquo;objet d\u00e9crit dans le champ suivant<\/li>\n<\/ul>\n\n\n\n<p><strong>d<\/strong> = day<\/p>\n\n\n\n<p><strong>m<\/strong> = month<\/p>\n\n\n\n<p><strong>s<\/strong> = season<\/p>\n\n\n\n<p><strong>w<\/strong> = week<\/p>\n\n\n\n<p><strong>y<\/strong> = year<\/p>\n\n\n\n<ul>\n<li>&nbsp;d&rsquo;un code de chronologie : d\u00e9signe la ou les partie(s) pour la ou lesquelles des informations sont fournies. Plusieurs parties ou codes peuvent \u00eatre utilis\u00e9s. Le symbole \/ [slash] est utilis\u00e9 pour d\u00e9signer des n\u00b0 regroup\u00e9s.<\/li>\n<\/ul>\n\n\n\n<p>Codes alpha ou num\u00e9rique sur 2 caract\u00e8res sont utilis\u00e9s pour les jours, semaines, mois et\/ou saisons. Un code sur 4 caract\u00e8res est utilis\u00e9 pour les ann\u00e9es ou ann\u00e9es regroup\u00e9es.<\/p>\n\n\n\n<table id=\"tablepress-44\" class=\"tablepress tablepress-id-44\">\n<thead>\n<tr class=\"row-1\">\n\t<th class=\"column-1\"><strong>Codes type chronologie<\/strong><\/th><th class=\"column-2\"><strong>Codes possibles<\/strong><\/th><th class=\"column-3\"><strong>Exemples<\/strong><\/th><th class=\"column-4\"><strong>Signification exemples<\/strong><\/th>\n<\/tr>\n<\/thead>\n<tbody class=\"row-hover\">\n<tr class=\"row-2\">\n\t<td class=\"column-1\">d<\/td><td class=\"column-2\">dd<\/td><td class=\"column-3\">su<\/td><td class=\"column-4\">Dimanche<\/td>\n<\/tr>\n<tr class=\"row-3\">\n\t<td class=\"column-1\">d<\/td><td class=\"column-2\">DD<\/td><td class=\"column-3\">08<\/td><td class=\"column-4\">8\u00e8me jour de chaque mois<\/td>\n<\/tr>\n<tr class=\"row-4\">\n\t<td class=\"column-1\">m<\/td><td class=\"column-2\">MM<\/td><td class=\"column-3\">09<\/td><td class=\"column-4\">Septembre<\/td>\n<\/tr>\n<tr class=\"row-5\">\n\t<td class=\"column-1\">d<\/td><td class=\"column-2\">MMDD<\/td><td class=\"column-3\">0925<\/td><td class=\"column-4\">25 septembre<\/td>\n<\/tr>\n<tr class=\"row-6\">\n\t<td class=\"column-1\">s<\/td><td class=\"column-2\">SS<\/td><td class=\"column-3\">22<\/td><td class=\"column-4\">Et\u00e9<\/td>\n<\/tr>\n<tr class=\"row-7\">\n\t<td class=\"column-1\">w<\/td><td class=\"column-2\">WWdd<\/td><td class=\"column-3\">03we<\/td><td class=\"column-4\">Mercredi 3<\/td>\n<\/tr>\n<tr class=\"row-8\">\n\t<td class=\"column-1\">w<\/td><td class=\"column-2\">MMWWdd<\/td><td class=\"column-3\">0599tu<\/td><td class=\"column-4\">Dernier jeudi de mai<\/td>\n<\/tr>\n<tr class=\"row-9\">\n\t<td class=\"column-1\">w<\/td><td class=\"column-2\">MMWWdd<\/td><td class=\"column-3\">0802we<\/td><td class=\"column-4\">Second mercredi d&rsquo;ao\u00fbt<\/td>\n<\/tr>\n<tr class=\"row-10\">\n\t<td class=\"column-1\">w<\/td><td class=\"column-2\">MMWW<\/td><td class=\"column-3\">1204<\/td><td class=\"column-4\">4\u00e8me semaine de d\u00e9cembre<\/td>\n<\/tr>\n<tr class=\"row-11\">\n\t<td class=\"column-1\">y<\/td><td class=\"column-2\">YYYY<\/td><td class=\"column-3\">yyy1\/yyy2<\/td><td class=\"column-4\">Regroupement de deux ann\u00e9es<\/td>\n<\/tr>\n<\/tbody>\n<\/table>\n<!-- #tablepress-44 from cache -->\n\n\n<div class=\"unimarc\">\n<p>854 03$81$a(year)$b(month)$c(day)<strong>$w<\/strong><span style=\"color: #f60501;\"><b>d<\/b><\/span><span style=\"color: #81b129;\"><b>$yodsa<\/b><\/span><br>[publication <span style=\"color: #f60501;\"><b>quotidien<\/b><\/span> <span style=\"color: #81b129;\"><b>sauf le samedi<\/b><\/span>]<br><span style=\"color: #81b129;\"><b>o<\/b><\/span> = omitted<br><span style=\"color: #81b129;\"><b>d<\/b><\/span> = omission sur un jour (day)<br><span style=\"color: #81b129;\"><b>sa<\/b><\/span> = saturday<\/p>\n<\/div>\n\n\n\n<p>Pour d\u00e9crire un num. double &nbsp;= $yc [niveau de num e1\/e2] <i>num. \u00e0 combiner <\/i><br><i>il faut conna\u00eetre \/ d\u00e9terminer les n\u00b0 doubles<\/i><\/p>\n\n\n\n<h3 id=\"stoc-z-systeme-de-numerotation\" class=\"wpig-heading\">$z &#8211; syst\u00e8me de num\u00e9rotation<\/h3>\n\n\n\n<p>Ce sous-champ sert \u00e0 d\u00e9crire le formalisme du syst\u00e8me utilis\u00e9 pour d\u00e9crire le num\u00e9ro. En fonction du mod\u00e8le de description param\u00e9tr\u00e9 et g\u00e9n\u00e9r\u00e9 dans Alma, ce sous-champ sera utilis\u00e9 ou non.<\/p>\n\n\n\n<h3 id=\"stoc-quelques-exemples\" class=\"wpig-heading\">Quelques exemples<\/h3>\n\n\n\n<p class=\"has-medium-font-size\"><strong>Bimensuel<\/strong><\/p>\n\n\n\n<p>Un bimensuel, 6 num\u00e9ros par volume, chaque num\u00e9ro regroupe deux mois. La publication commence par janvier\/f\u00e9vrier. Le nouveau volume (ou volume suivant) para\u00eet en janvier :<\/p>\n\n\n\n<div class=\"unimarc\">\n<p>$$a v. $$b no. $$u 6 $$v r $$i (year) $$j (month) $$w m $$x 01 $$y cm01\/02,03\/04,05\/06,07\/08,09\/10,11\/12<\/p>\n<p>$u = <strong>6<\/strong> pour le nombre de num\u00e9ros que le niveau de num\u00e9rotation le plus \u00e9lev\u00e9 est cens\u00e9 comprendre (ne pas renseigner $u si qu&rsquo;un seul niveau de num\u00e9rotation)<\/p>\n<p>$v =<strong> r<\/strong> pour r\u00e9initialisation de la num\u00e9rotation<\/p>\n<p>$w = <strong>m<\/strong> (mensuel) plut\u00f4t que b (bimensuel) pour avoir des mois \u00e0 regrouper<\/p>\n<p>$x = <strong>01<\/strong> (janvier)<\/p>\n<p>$y = <strong>c<\/strong> pour combined, <strong>m<\/strong> pour month suivi des mois \u00e0 regrouper<\/p>\n<\/div>\n\n\n\n<p>Un bimensuel, 6 num\u00e9ros par volume, non regroup\u00e9s, le nouveau volume para\u00eet en septembre :<\/p>\n\n\n\n<div class=\"unimarc\">\n<p>$$a v. $$b no. $$u 6 $$v r $$i (year) $$j (month) $$w b $$x 09<\/p>\n<\/div>\n\n\n\n<p>Un bimensuel, 6 num\u00e9ros par volume. Le nouveau volume para\u00eet en janvier :<\/p>\n\n\n\n<div class=\"unimarc\">\n<p>$$a v. $$b no. $$u 6 $$v r $$i (year) $$j (month) $$w b $$x 01<\/p>\n<\/div>\n\n\n\n<p class=\"has-medium-font-size\"><strong>Mensuel<\/strong><\/p>\n\n\n\n<p>Un mensuel de 12 num\u00e9ros par volume, le nouveau volume para\u00eet en janvier :<\/p>\n\n\n\n<div class=\"unimarc\">\n<p>$$a v. $$b no. $$u 12 $$v r $$i (year) $$j (month) $$w m $$x 01<\/p>\n<\/div>\n\n\n\n<p>Un mensuel de 12 num\u00e9ros par volume, le nouveau volume para\u00eet en ao\u00fbt :<\/p>\n\n\n\n<div class=\"unimarc\">\n<p>$$a v. $$b no. $$u 12 $$v r $$i (year) $$j (month) $$w m $$x 08<\/p>\n<\/div>\n\n\n\n<p class=\"has-medium-font-size\"><strong>Trois publications par mois<\/strong><\/p>\n\n\n\n<div class=\"unimarc\">\n<p>$$a v. $$b no. <b>$$u 36<\/b> $$v r $$i (year) $$j (month) $$k (day) <b>$$w j<\/b> $$y pd0101,0110,0120,0201,0210,0220,0301,0310,0320,0401,0410,0420,0501,0510,0520,0601,<br>0610,0620,0701,0710,0720,0801,0810,0820,0901,0910,090,1001,1010,1020,1101,1110,1120,<br>1201,1210,1220 $$8 0<\/p>\n<p><b>36 num\u00e9ros attendus composant un volume (niveau de num\u00e9rotation le plus \u00e9lev\u00e9)<\/b><\/p>\n<\/div>\n\n\n\n<h2 id=\"stoc-autres-sous-champs\" class=\"wpig-heading\">Autres sous-champs<\/h2>\n\n\n\n<p>$o &#8211; type de l&rsquo;unit\u00e9<\/p>\n\n\n\n<p>$t &#8211; num\u00e9ro d&rsquo;exemplaire<\/p>\n\n\n\n<div class=\"is-layout-flex wp-container-6 wp-block-columns bord-bloc-reutilisable has-background\" style=\"background-color:#d9edf7\">\n<div class=\"is-layout-flow wp-block-column is-vertically-aligned-center\" style=\"font-size:15px;flex-basis:20%\">\n<p style=\"font-size:15px\"><strong>Date de publication<\/strong> <\/p>\n\n\n<div style=\"font-size:15px;\" class=\"wp-block-post-date\"><time datetime=\"2024-03-22T09:33:28+01:00\">22 mars 2024<\/time><\/div><\/div>\n\n\n\n<div class=\"is-layout-flow wp-block-column is-vertically-aligned-center\" style=\"font-size:15px;flex-basis:20%\">\n<p><strong>Mis \u00e0 jour le <\/strong><\/p>\n\n\n<div style=\"font-size:15px;\" class=\"wp-block-post-date\"><time datetime=\"2024-04-26T08:52:00+02:00\">26 avril 2024<\/time><\/div><\/div>\n\n\n\n<div class=\"is-layout-flow wp-block-column is-vertically-aligned-center\" style=\"font-size:15px;flex-basis:40%\">\n<p><\/p>\n\n\n\n<p><strong>Attention ! <\/strong>Certains \u00e9tablissements utilisent parfois de proc\u00e9dures compl\u00e9mentaires <\/p>\n<\/div>\n\n\n\n<div class=\"is-layout-flow wp-block-column is-vertically-aligned-center\" style=\"font-size:15px;flex-basis:25%\">\n<div class=\"is-horizontal is-content-justification-center is-layout-flex wp-container-4 wp-block-buttons alignfull has-custom-font-size\" style=\"font-size:16px\">\n<div class=\"wp-block-button has-custom-width wp-block-button__width-75 has-custom-font-size is-style-fill\" style=\"font-size:15px\"><a class=\"wp-block-button__link has-white-color has-text-color has-background wp-element-button\" href=\"mailto:scoop@u-bordeaux.fr\" style=\"border-radius:65px;background-color:#000000db\"><strong>Signaler une erreur<\/strong><\/a><\/div>\n<\/div>\n<\/div>\n<\/div>\n","protected":false},"excerpt":{"rendered":"<p>Table des mati\u00e8res[ Show ]Num\u00e9rotationChronologieMod\u00e8le de publication (p\u00e9riodicit\u00e9)$n &#8211; note de mod\u00e8le$u &#8211; unit\u00e9s physiques attendues par le niveau le plus \u00e9lev\u00e9$v &#8211; motif ou sch\u00e9ma de num\u00e9rotation$w &#8211; fr\u00e9quence de publication (p\u00e9riodicit\u00e9)$x &#8211; changement de calendrier$y &#8211; r\u00e9gularit\u00e9 du&#8230;<\/p>\n","protected":false},"author":46,"featured_media":4793,"parent":18542,"menu_order":0,"comment_status":"closed","ping_status":"closed","template":"","meta":[],"post_mailing_queue_ids":[],"_links":{"self":[{"href":"http:\/\/rebub.u-bordeaux.fr\/index.php\/wp-json\/wp\/v2\/pages\/18605"}],"collection":[{"href":"http:\/\/rebub.u-bordeaux.fr\/index.php\/wp-json\/wp\/v2\/pages"}],"about":[{"href":"http:\/\/rebub.u-bordeaux.fr\/index.php\/wp-json\/wp\/v2\/types\/page"}],"author":[{"embeddable":true,"href":"http:\/\/rebub.u-bordeaux.fr\/index.php\/wp-json\/wp\/v2\/users\/46"}],"replies":[{"embeddable":true,"href":"http:\/\/rebub.u-bordeaux.fr\/index.php\/wp-json\/wp\/v2\/comments?post=18605"}],"version-history":[{"count":4,"href":"http:\/\/rebub.u-bordeaux.fr\/index.php\/wp-json\/wp\/v2\/pages\/18605\/revisions"}],"predecessor-version":[{"id":20459,"href":"http:\/\/rebub.u-bordeaux.fr\/index.php\/wp-json\/wp\/v2\/pages\/18605\/revisions\/20459"}],"up":[{"embeddable":true,"href":"http:\/\/rebub.u-bordeaux.fr\/index.php\/wp-json\/wp\/v2\/pages\/18542"}],"wp:featuredmedia":[{"embeddable":true,"href":"http:\/\/rebub.u-bordeaux.fr\/index.php\/wp-json\/wp\/v2\/media\/4793"}],"wp:attachment":[{"href":"http:\/\/rebub.u-bordeaux.fr\/index.php\/wp-json\/wp\/v2\/media?parent=18605"}],"curies":[{"name":"wp","href":"https:\/\/api.w.org\/{rel}","templated":true}]}}