	{"id":18622,"date":"2024-03-22T09:33:47","date_gmt":"2024-03-22T08:33:47","guid":{"rendered":"https:\/\/rebub.u-bordeaux.fr\/?page_id=18622"},"modified":"2024-04-26T09:11:56","modified_gmt":"2024-04-26T07:11:56","slug":"comment-savoir-qui-dans-le-reseau-a-activer-une-colection-electronique","status":"publish","type":"page","link":"http:\/\/rebub.u-bordeaux.fr\/index.php\/alma\/procedures\/documentation-electronique\/portfolios-collections\/comment-savoir-qui-dans-le-reseau-a-activer-une-colection-electronique\/","title":{"rendered":"Savoir qui dans le r\u00e9seau a activ\u00e9 une collection \u00e9lectronique"},"content":{"rendered":"<div id='wpig-floatingbar' class='wpig-floatingbar'><div id='wpig-switch-wrapper' class='wpig-switch-wrapper'><span id='wpig-floating-switch' class='wpig-floating-switch'><img src='http:\/\/rebub.u-bordeaux.fr\/wp-content\/plugins\/sticky-toc-advance-table-of-contents\/\\assets\\menu.png'><\/span><\/div><\/div><p><\/p>\n<p> Dans l&rsquo;interface Alma il n&rsquo;est pas possible de lister pour une collection \u00e9lectronique donn\u00e9e les \u00e9tablissements qui ont activ\u00e9 la  ressource a part si l&rsquo;activation a \u00e9t\u00e9 r\u00e9alis\u00e9e depuis la zone r\u00e9seau.<br>En  revanche, il est possible d&rsquo;afficher cette information au niveau des  r\u00e9sultats de la recherche <strong>tous les titres<\/strong>. <\/p>\n\n\n\n<p>Il suffit donc d&rsquo;effectuer  une recherche avanc\u00e9e dans la zone r\u00e9seau en utilisant les mots clefs  de votre choix mais en ajoutant en filtre le type de ressource =  \u00ab\u00a0Collection\u00a0\u00bb.<\/p>\n\n\n\n<figure class=\"wp-block-image size-large\"><a href=\"http:\/\/rebub.u-bordeaux.fr\/wp-content\/uploads\/2021\/02\/Tous-les-titres3-1024x499.png\" target=\"_blank\" rel=\"noreferrer noopener\"><img decoding=\"async\" loading=\"lazy\" width=\"1024\" height=\"499\" src=\"http:\/\/rebub.u-bordeaux.fr\/wp-content\/uploads\/2021\/02\/Tous-les-titres3-1024x499.png\" alt=\"\" class=\"wp-image-10269\" srcset=\"https:\/\/rebub.u-bordeaux.fr\/wp-content\/uploads\/2021\/02\/Tous-les-titres3-1024x499.png 1024w, https:\/\/rebub.u-bordeaux.fr\/wp-content\/uploads\/2021\/02\/Tous-les-titres3-300x146.png 300w, https:\/\/rebub.u-bordeaux.fr\/wp-content\/uploads\/2021\/02\/Tous-les-titres3-768x374.png 768w, https:\/\/rebub.u-bordeaux.fr\/wp-content\/uploads\/2021\/02\/Tous-les-titres3-1536x748.png 1536w, https:\/\/rebub.u-bordeaux.fr\/wp-content\/uploads\/2021\/02\/Tous-les-titres3.png 1903w\" sizes=\"(max-width: 1024px) 100vw, 1024px\" \/><\/a><\/figure>\n\n\n\n<p>Dans l&rsquo;onglet r\u00e9seau vous verrez qui poss\u00e8de cette collection.  <\/p>\n\n\n\n<figure class=\"wp-block-image size-large\"><a href=\"http:\/\/rebub.u-bordeaux.fr\/wp-content\/uploads\/2021\/02\/Tous-les-titres2-1024x499.png\" target=\"_blank\" rel=\"noreferrer noopener\"><img decoding=\"async\" loading=\"lazy\" width=\"1024\" height=\"499\" src=\"http:\/\/rebub.u-bordeaux.fr\/wp-content\/uploads\/2021\/02\/Tous-les-titres2-1024x499.png\" alt=\"\" class=\"wp-image-10270\" srcset=\"https:\/\/rebub.u-bordeaux.fr\/wp-content\/uploads\/2021\/02\/Tous-les-titres2-1024x499.png 1024w, https:\/\/rebub.u-bordeaux.fr\/wp-content\/uploads\/2021\/02\/Tous-les-titres2-300x146.png 300w, https:\/\/rebub.u-bordeaux.fr\/wp-content\/uploads\/2021\/02\/Tous-les-titres2-768x374.png 768w, https:\/\/rebub.u-bordeaux.fr\/wp-content\/uploads\/2021\/02\/Tous-les-titres2-1536x748.png 1536w, https:\/\/rebub.u-bordeaux.fr\/wp-content\/uploads\/2021\/02\/Tous-les-titres2.png 1903w\" sizes=\"(max-width: 1024px) 100vw, 1024px\" \/><\/a><\/figure>\n\n\n\n<div style=\"position: relative; padding-bottom: 56.25%; height: 0;\"><iframe src=\"https:\/\/www.loom.com\/embed\/dbbc0418946044d080f882c36819a221\" webkitallowfullscreen=\"\" mozallowfullscreen=\"\" allowfullscreen=\"\" style=\"position: absolute; top: 0; left: 0; width: 100%; height: 100%;\" frameborder=\"0\"><\/iframe><\/div>\n\n\n\n<p><\/p>\n\n\n\n<div class=\"is-layout-flex wp-container-6 wp-block-columns bord-bloc-reutilisable has-background\" style=\"background-color:#d9edf7\">\n<div class=\"is-layout-flow wp-block-column is-vertically-aligned-center\" style=\"font-size:15px;flex-basis:20%\">\n<p style=\"font-size:15px\"><strong>Date de publication<\/strong> <\/p>\n\n\n<div style=\"font-size:15px;\" class=\"wp-block-post-date\"><time datetime=\"2024-03-22T09:33:47+01:00\">22 mars 2024<\/time><\/div><\/div>\n\n\n\n<div class=\"is-layout-flow wp-block-column is-vertically-aligned-center\" style=\"font-size:15px;flex-basis:20%\">\n<p><strong>Mis \u00e0 jour le <\/strong><\/p>\n\n\n<div style=\"font-size:15px;\" class=\"wp-block-post-date\"><time datetime=\"2024-04-26T09:11:56+02:00\">26 avril 2024<\/time><\/div><\/div>\n\n\n\n<div class=\"is-layout-flow wp-block-column is-vertically-aligned-center\" style=\"font-size:15px;flex-basis:40%\">\n<p><\/p>\n\n\n\n<p><strong>Attention ! <\/strong>Certains \u00e9tablissements utilisent parfois de proc\u00e9dures compl\u00e9mentaires <\/p>\n<\/div>\n\n\n\n<div class=\"is-layout-flow wp-block-column is-vertically-aligned-center\" style=\"font-size:15px;flex-basis:25%\">\n<div class=\"is-horizontal is-content-justification-center is-layout-flex wp-container-4 wp-block-buttons alignfull has-custom-font-size\" style=\"font-size:16px\">\n<div class=\"wp-block-button has-custom-width wp-block-button__width-75 has-custom-font-size is-style-fill\" style=\"font-size:15px\"><a class=\"wp-block-button__link has-white-color has-text-color has-background wp-element-button\" href=\"mailto:scoop@u-bordeaux.fr\" style=\"border-radius:65px;background-color:#000000db\"><strong>Signaler une erreur<\/strong><\/a><\/div>\n<\/div>\n<\/div>\n<\/div>\n","protected":false},"excerpt":{"rendered":"<p>Dans l&rsquo;interface Alma il n&rsquo;est pas possible de lister pour une collection \u00e9lectronique donn\u00e9e les \u00e9tablissements qui ont activ\u00e9 la ressource a part si l&rsquo;activation a \u00e9t\u00e9 r\u00e9alis\u00e9e depuis la zone r\u00e9seau.En revanche, il est possible d&rsquo;afficher cette information au&#8230;<\/p>\n","protected":false},"author":2,"featured_media":0,"parent":18610,"menu_order":1,"comment_status":"closed","ping_status":"closed","template":"","meta":[],"post_mailing_queue_ids":[],"_links":{"self":[{"href":"http:\/\/rebub.u-bordeaux.fr\/index.php\/wp-json\/wp\/v2\/pages\/18622"}],"collection":[{"href":"http:\/\/rebub.u-bordeaux.fr\/index.php\/wp-json\/wp\/v2\/pages"}],"about":[{"href":"http:\/\/rebub.u-bordeaux.fr\/index.php\/wp-json\/wp\/v2\/types\/page"}],"author":[{"embeddable":true,"href":"http:\/\/rebub.u-bordeaux.fr\/index.php\/wp-json\/wp\/v2\/users\/2"}],"replies":[{"embeddable":true,"href":"http:\/\/rebub.u-bordeaux.fr\/index.php\/wp-json\/wp\/v2\/comments?post=18622"}],"version-history":[{"count":4,"href":"http:\/\/rebub.u-bordeaux.fr\/index.php\/wp-json\/wp\/v2\/pages\/18622\/revisions"}],"predecessor-version":[{"id":20478,"href":"http:\/\/rebub.u-bordeaux.fr\/index.php\/wp-json\/wp\/v2\/pages\/18622\/revisions\/20478"}],"up":[{"embeddable":true,"href":"http:\/\/rebub.u-bordeaux.fr\/index.php\/wp-json\/wp\/v2\/pages\/18610"}],"wp:attachment":[{"href":"http:\/\/rebub.u-bordeaux.fr\/index.php\/wp-json\/wp\/v2\/media?parent=18622"}],"curies":[{"name":"wp","href":"https:\/\/api.w.org\/{rel}","templated":true}]}}