	{"id":18656,"date":"2024-03-22T09:34:24","date_gmt":"2024-03-22T08:34:24","guid":{"rendered":"https:\/\/rebub.u-bordeaux.fr\/?page_id=18656"},"modified":"2024-07-15T11:35:40","modified_gmt":"2024-07-15T09:35:40","slug":"corriger-des-donnees-bibliographiques","status":"publish","type":"page","link":"http:\/\/rebub.u-bordeaux.fr\/index.php\/alma\/procedures\/documentation-electronique\/controles\/corriger-des-donnees-bibliographiques\/","title":{"rendered":"Corriger des donn\u00e9es bibliographiques"},"content":{"rendered":"<div id='wpig-floatingbar' class='wpig-floatingbar'><div id='wpig-switch-wrapper' class='wpig-switch-wrapper'><span id='wpig-floating-switch' class='wpig-floating-switch'><img src='http:\/\/rebub.u-bordeaux.fr\/wp-content\/plugins\/sticky-toc-advance-table-of-contents\/\\assets\\menu.png'><\/span><\/div><div id='wpig-contents' class='wpig-contents  wpig-sidebar-widget wpig-style-3'><span class='wpig-headline'>Table des mati\u00e8res<span><a data-action='show' class='wpig-btn-toggledisplay'>[ Show ]<\/a><\/span><\/span><!-- Table of Contents --><div id='wpig-table-of-content' class='wpig-table-of-content'><ol><li class='copier_la_notice_dans_notre_catalogue'><a href='#copier_la_notice_dans_notre_catalogue'>Copier la notice dans notre catalogue<\/a><\/li><li class='gerer_les_flags_openaccess_et_peer_reviewed'><a href='#gerer_les_flags_openaccess_et_peer_reviewed'>G\u00e9rer les flags &lsquo;OpenAccess&rsquo; et &lsquo;Peer Reviewed&rsquo;<\/a><\/li><li class='choisir_une_nouvelle_notice_de_collection'><a href='#choisir_une_nouvelle_notice_de_collection'>Choisir une nouvelle notice de collection<\/a><\/li><li class='choisir_une_nouvelle_notice_de_portefolio'><a href='#choisir_une_nouvelle_notice_de_portefolio'>Choisir une nouvelle notice de portefolio<\/a><\/li><\/ol><\/div><!-- END OF Table of Contents --><\/div><\/div><p><div id='wpig-contents' class='wpig-contents  wpig-sidebar-widget wpig-style-1'><span class='wpig-headline'>Table des mati\u00e8res<span><a data-action='show' class='wpig-btn-toggledisplay'>[ Show ]<\/a><\/span><\/span><!-- Table of Contents --><div id='wpig-table-of-content' class='wpig-table-of-content' ><ol><li class='copier_la_notice_dans_notre_catalogue'><a href='#copier_la_notice_dans_notre_catalogue'>Copier la notice dans notre catalogue<\/a><\/li><li class='gerer_les_flags_openaccess_et_peer_reviewed'><a href='#gerer_les_flags_openaccess_et_peer_reviewed'>G\u00e9rer les flags &lsquo;OpenAccess&rsquo; et &lsquo;Peer Reviewed&rsquo;<\/a><\/li><li class='choisir_une_nouvelle_notice_de_collection'><a href='#choisir_une_nouvelle_notice_de_collection'>Choisir une nouvelle notice de collection<\/a><\/li><li class='choisir_une_nouvelle_notice_de_portefolio'><a href='#choisir_une_nouvelle_notice_de_portefolio'>Choisir une nouvelle notice de portefolio<\/a><\/li><\/ol><\/div><!-- END OF Table of Contents --><\/div><\/p>\n<h2 id=\"copier_la_notice_dans_notre_catalogue\" id=\"copier_la_notice_dans_notre_catalogue\" class=\"wpig-heading\">Copier la notice dans notre catalogue<\/h2>\n\n\n\n<p>Par d\u00e9faut, les notices d\u00e9crivant les documents \u00e9lectroniques sont stock\u00e9es dans zone communautaire. Avant d&rsquo;effectuer toute modification, nous vous invitons \u00e0 d\u00e9river localement la notice et la partager dans la zone r\u00e9seau. Pour se faire :<\/p>\n\n\n\n<ol>\n<li>\u00c9diter la notice<\/li>\n\n\n\n<li>Dans le menu <strong>Fichier<\/strong> s\u00e9lectionner \u201ccopier vers le catalogue\u201d<\/li>\n\n\n\n<li>Retourner dans le menu <strong>Fichier<\/strong> et s\u00e9lectionner \u201cpartager avec le r\u00e9seau\u201d<\/li>\n<\/ol>\n\n\n\n<p>Avant de d\u00e9river la notice, assurez vous qu&rsquo;un autre \u00e9tablissement bordelais n&rsquo;a pas d\u00e9j\u00e0 cr\u00e9\u00e9 une copie en recherchant votre document dans la zone r\u00e9seau.<\/p>\n\n\n\n<h2 id=\"gerer_les_flags_openaccess_et_peer_reviewed\" id=\"gerer_les_flags_openaccess_et_peer_reviewed\" class=\"wpig-heading\">G\u00e9rer les flags &lsquo;OpenAccess&rsquo; et &lsquo;Peer Reviewed&rsquo;<\/h2>\n\n\n\n<p>Ces flags (dans Alma) sont bas\u00e9s sur des champs MARC21.<\/p>\n\n\n\n<ul>\n<li>peer-reviewed : champ 500 $a avec valeur &lsquo;Refereed\/Peer-reviewed&rsquo;<\/li>\n\n\n\n<li>open-access : champs 506 &#8211; 1er indicateur &lsquo;0&rsquo; \/ $f = &lsquo;Unrestricted online access&rsquo; et $2 = &lsquo;star&rsquo;<\/li>\n<\/ul>\n\n\n\n<p>Il suffit donc d&rsquo;\u00e9diter ces champs dans la notice pour corriger l&rsquo;information.<\/p>\n\n\n\n<p>Et en Unimarc, peut-on faire quelque chose ?<\/p>\n\n\n\n<h2 id=\"choisir_une_nouvelle_notice_de_collection\" id=\"choisir_une_nouvelle_notice_de_collection\" class=\"wpig-heading\">Choisir une nouvelle notice de collection<\/h2>\n\n\n\n<p>Pour changer la notice bibliographique associ\u00e9e avec une collection, il faut se rendre en modification de la collection dans l&rsquo;onglet &lsquo;Information suppl\u00e9mentaire&rsquo; et modifier le champ &lsquo;Information descriptive suppl\u00e9mentaire&rsquo;. Cliquer sur le bouton en forme de liste permet de lancer une recherche dans le catalogue et de choisir une nouvelle notice \u00e0 associer.<\/p>\n\n\n<div class=\"wp-block-image\">\n<figure class=\"aligncenter\"><a href=\"http:\/\/rebub.u-bordeaux.fr\/wp-content\/uploads\/2021\/06\/20190125_noticedocelecsuodccollection.png\" target=\"_blank\" rel=\"noreferrer noopener\"><img decoding=\"async\" loading=\"lazy\" width=\"909\" height=\"782\" src=\"http:\/\/rebub.u-bordeaux.fr\/wp-content\/uploads\/2021\/06\/20190125_noticedocelecsuodccollection.png\" alt=\"\" class=\"wp-image-12273\" srcset=\"https:\/\/rebub.u-bordeaux.fr\/wp-content\/uploads\/2021\/06\/20190125_noticedocelecsuodccollection.png 909w, https:\/\/rebub.u-bordeaux.fr\/wp-content\/uploads\/2021\/06\/20190125_noticedocelecsuodccollection-300x258.png 300w, https:\/\/rebub.u-bordeaux.fr\/wp-content\/uploads\/2021\/06\/20190125_noticedocelecsuodccollection-768x661.png 768w\" sizes=\"(max-width: 909px) 100vw, 909px\" \/><\/a><\/figure><\/div>\n\n\n<h2 id=\"choisir_une_nouvelle_notice_de_portefolio\" id=\"choisir_une_nouvelle_notice_de_portefolio\" class=\"wpig-heading\">Choisir une nouvelle notice de portefolio<\/h2>\n\n\n\n<p>En \u00e9dition du portefolio, il existe en haut de page un bouton &lsquo;Lier \u00e0 une autre notice bibliographique&rsquo;. Ce bouton ouvre un menu permettant de chercher dans le catalogue sa notice et de l&rsquo;associer au bon titre.<\/p>\n\n\n<div class=\"wp-block-image\">\n<figure class=\"aligncenter\"><a href=\"http:\/\/rebub.u-bordeaux.fr\/wp-content\/uploads\/2021\/06\/20190125_noticedocelecsuodcportefolio.png\" target=\"_blank\" rel=\"noopener noreferrer\"><img decoding=\"async\" loading=\"lazy\" width=\"923\" height=\"527\" src=\"http:\/\/rebub.u-bordeaux.fr\/wp-content\/uploads\/2021\/06\/20190125_noticedocelecsuodcportefolio.png\" alt=\"\" class=\"wp-image-12274\" srcset=\"https:\/\/rebub.u-bordeaux.fr\/wp-content\/uploads\/2021\/06\/20190125_noticedocelecsuodcportefolio.png 923w, https:\/\/rebub.u-bordeaux.fr\/wp-content\/uploads\/2021\/06\/20190125_noticedocelecsuodcportefolio-300x171.png 300w, https:\/\/rebub.u-bordeaux.fr\/wp-content\/uploads\/2021\/06\/20190125_noticedocelecsuodcportefolio-768x439.png 768w\" sizes=\"(max-width: 923px) 100vw, 923px\" \/><\/a><\/figure><\/div>\n\n\n<div class=\"is-layout-flex wp-container-6 wp-block-columns bord-bloc-reutilisable has-background\" style=\"background-color:#d9edf7\">\n<div class=\"is-layout-flow wp-block-column is-vertically-aligned-center\" style=\"font-size:15px;flex-basis:20%\">\n<p style=\"font-size:15px\"><strong>Date de publication<\/strong> <\/p>\n\n\n<div style=\"font-size:15px;\" class=\"wp-block-post-date\"><time datetime=\"2024-03-22T09:34:24+01:00\">22 mars 2024<\/time><\/div><\/div>\n\n\n\n<div class=\"is-layout-flow wp-block-column is-vertically-aligned-center\" style=\"font-size:15px;flex-basis:20%\">\n<p><strong>Mis \u00e0 jour le <\/strong><\/p>\n\n\n<div style=\"font-size:15px;\" class=\"wp-block-post-date\"><time datetime=\"2024-07-15T11:35:40+02:00\">15 juillet 2024<\/time><\/div><\/div>\n\n\n\n<div class=\"is-layout-flow wp-block-column is-vertically-aligned-center\" style=\"font-size:15px;flex-basis:40%\">\n<p><\/p>\n\n\n\n<p><strong>Attention ! <\/strong>Certains \u00e9tablissements utilisent parfois de proc\u00e9dures compl\u00e9mentaires <\/p>\n<\/div>\n\n\n\n<div class=\"is-layout-flow wp-block-column is-vertically-aligned-center\" style=\"font-size:15px;flex-basis:25%\">\n<div class=\"is-horizontal is-content-justification-center is-layout-flex wp-container-4 wp-block-buttons alignfull has-custom-font-size\" style=\"font-size:16px\">\n<div class=\"wp-block-button has-custom-width wp-block-button__width-75 has-custom-font-size is-style-fill\" style=\"font-size:15px\"><a class=\"wp-block-button__link has-white-color has-text-color has-background wp-element-button\" href=\"mailto:scoop@u-bordeaux.fr\" style=\"border-radius:65px;background-color:#000000db\"><strong>Signaler une erreur<\/strong><\/a><\/div>\n<\/div>\n<\/div>\n<\/div>\n","protected":false},"excerpt":{"rendered":"<p>Table des mati\u00e8res[ Show ]Copier la notice dans notre catalogueG\u00e9rer les flags &lsquo;OpenAccess&rsquo; et &lsquo;Peer Reviewed&rsquo;Choisir une nouvelle notice de collectionChoisir une nouvelle notice de portefolioCopier la notice dans notre catalogue Par d\u00e9faut, les notices d\u00e9crivant les documents \u00e9lectroniques sont&#8230;<\/p>\n","protected":false},"author":46,"featured_media":0,"parent":18670,"menu_order":0,"comment_status":"closed","ping_status":"closed","template":"","meta":[],"post_mailing_queue_ids":[],"_links":{"self":[{"href":"http:\/\/rebub.u-bordeaux.fr\/index.php\/wp-json\/wp\/v2\/pages\/18656"}],"collection":[{"href":"http:\/\/rebub.u-bordeaux.fr\/index.php\/wp-json\/wp\/v2\/pages"}],"about":[{"href":"http:\/\/rebub.u-bordeaux.fr\/index.php\/wp-json\/wp\/v2\/types\/page"}],"author":[{"embeddable":true,"href":"http:\/\/rebub.u-bordeaux.fr\/index.php\/wp-json\/wp\/v2\/users\/46"}],"replies":[{"embeddable":true,"href":"http:\/\/rebub.u-bordeaux.fr\/index.php\/wp-json\/wp\/v2\/comments?post=18656"}],"version-history":[{"count":6,"href":"http:\/\/rebub.u-bordeaux.fr\/index.php\/wp-json\/wp\/v2\/pages\/18656\/revisions"}],"predecessor-version":[{"id":22227,"href":"http:\/\/rebub.u-bordeaux.fr\/index.php\/wp-json\/wp\/v2\/pages\/18656\/revisions\/22227"}],"up":[{"embeddable":true,"href":"http:\/\/rebub.u-bordeaux.fr\/index.php\/wp-json\/wp\/v2\/pages\/18670"}],"wp:attachment":[{"href":"http:\/\/rebub.u-bordeaux.fr\/index.php\/wp-json\/wp\/v2\/media?parent=18656"}],"curies":[{"name":"wp","href":"https:\/\/api.w.org\/{rel}","templated":true}]}}