	{"id":18661,"date":"2024-03-22T09:34:26","date_gmt":"2024-03-22T08:34:26","guid":{"rendered":"https:\/\/rebub.u-bordeaux.fr\/?page_id=18661"},"modified":"2024-07-15T11:42:06","modified_gmt":"2024-07-15T09:42:06","slug":"controler-une-collection-dans-la-cz","status":"publish","type":"page","link":"http:\/\/rebub.u-bordeaux.fr\/index.php\/alma\/procedures\/documentation-electronique\/controles\/controler-une-collection-dans-la-cz\/","title":{"rendered":"Contr\u00f4ler une collection dans la CZ"},"content":{"rendered":"<div id='wpig-floatingbar' class='wpig-floatingbar'><div id='wpig-switch-wrapper' class='wpig-switch-wrapper'><span id='wpig-floating-switch' class='wpig-floating-switch'><img src='http:\/\/rebub.u-bordeaux.fr\/wp-content\/plugins\/sticky-toc-advance-table-of-contents\/\\assets\\menu.png'><\/span><\/div><div id='wpig-contents' class='wpig-contents  wpig-sidebar-widget wpig-style-3'><span class='wpig-headline'>Table des mati\u00e8res<span><a data-action='show' class='wpig-btn-toggledisplay'>[ Show ]<\/a><\/span><\/span><!-- Table of Contents --><div id='wpig-table-of-content' class='wpig-table-of-content'><ol><li class='completude'><a href='#completude'>Compl\u00e9tude<\/a><\/li><li class='mises_a_jour'><a href='#mises_a_jour'>Mises \u00e0 jour<\/a><\/li><li class='url'><a href='#url'>URL<\/a><\/li><li class='personnaliser_une_url'><a href='#personnaliser_une_url'>Personnaliser une url<\/a><ol><li class='url_de_niveau_collection'><a href='#url_de_niveau_collection'>Url de niveau collection<\/a><\/li><li class='url_de_niveau_service'><a href='#url_de_niveau_service'>Url de niveau service<\/a><\/li><\/ol><\/li><\/div><!-- END OF Table of Contents --><\/div><\/div><p><div id='wpig-contents' class='wpig-contents  wpig-sidebar-widget wpig-style-1'><span class='wpig-headline'>Table des mati\u00e8res<span><a data-action='show' class='wpig-btn-toggledisplay'>[ Show ]<\/a><\/span><\/span><!-- Table of Contents --><div id='wpig-table-of-content' class='wpig-table-of-content' ><ol><li class='completude'><a href='#completude'>Compl\u00e9tude<\/a><\/li><li class='mises_a_jour'><a href='#mises_a_jour'>Mises \u00e0 jour<\/a><\/li><li class='url'><a href='#url'>URL<\/a><\/li><li class='personnaliser_une_url'><a href='#personnaliser_une_url'>Personnaliser une url<\/a><ol><li class='url_de_niveau_collection'><a href='#url_de_niveau_collection'>Url de niveau collection<\/a><\/li><li class='url_de_niveau_service'><a href='#url_de_niveau_service'>Url de niveau service<\/a><\/li><\/ol><\/li><\/div><!-- END OF Table of Contents --><\/div><\/p>\n<h2 id=\"completude\" id=\"completude\" class=\"wpig-heading\">Compl\u00e9tude<\/h2>\n\n\n\n<p>Pour les tests de recouvrement : voir <a href=\"http:\/\/rebub.u-bordeaux.fr\/index.php\/alma\/procedures\/documentation-electronique\/controles\/verifier-une-collection-dans-alma\/\" data-type=\"URL\" data-id=\"http:\/\/rebub.u-bordeaux.fr\/index.php\/alma\/procedures\/documentation-electronique\/controles\/verifier-une-collection-dans-alma\/\" target=\"_blank\" rel=\"noreferrer noopener\">V\u00e9rifier une collection<\/a><\/p>\n\n\n\n<h2 id=\"mises_a_jour\" id=\"mises_a_jour\" class=\"wpig-heading\">Mises \u00e0 jour<\/h2>\n\n\n\n<div class=\"is-layout-flex wp-container-3 wp-block-columns bord-bloc-reutilisable has-background\" style=\"background-color:#ffeec2\">\n<div class=\"is-layout-flow wp-block-column is-vertically-aligned-center\" style=\"flex-basis:7%\">\n<figure class=\"wp-block-image alignfull size-full is-style-default\"><img decoding=\"async\" loading=\"lazy\" width=\"512\" height=\"512\" src=\"https:\/\/rebub.u-bordeaux.fr\/wp-content\/uploads\/2024\/04\/nouvelles-idees-en-cours.png\" alt=\"\" class=\"wp-image-19897\" srcset=\"https:\/\/rebub.u-bordeaux.fr\/wp-content\/uploads\/2024\/04\/nouvelles-idees-en-cours.png 512w, https:\/\/rebub.u-bordeaux.fr\/wp-content\/uploads\/2024\/04\/nouvelles-idees-en-cours-300x300.png 300w, https:\/\/rebub.u-bordeaux.fr\/wp-content\/uploads\/2024\/04\/nouvelles-idees-en-cours-150x150.png 150w\" sizes=\"(max-width: 512px) 100vw, 512px\" \/><\/figure>\n<\/div>\n\n\n\n<div class=\"is-layout-flow wp-block-column is-vertically-aligned-center\" style=\"flex-basis:85%\">\n<p><strong>Note<\/strong> : La date de modification de la collection ne correspond qu&rsquo;aux corrections apport\u00e9es \u00e0 l&rsquo;objet collection, il ne prend pas en compte les mises \u00e0 jour de titres ou de services situ\u00e9s au niveau en-dessous.<\/p>\n<\/div>\n<\/div>\n\n\n\n<p>Des informations sont disponibles sur le site d&rsquo;Ex Libris \u00e0 <a href=\"https:\/\/knowledge.exlibrisgroup.com\/Content\/New_and_Upcoming_Collections\/Alma_CKB_Release_Notes\" data-type=\"URL\" data-id=\"https:\/\/knowledge.exlibrisgroup.com\/Content\/New_and_Upcoming_Collections\/Alma_CKB_Release_Notes\">cette adresse<\/a>. <\/p>\n\n\n\n<p>Chaque release note Alma comporte \u00e9galement la liste des collections ajout\u00e9es \u00e0 la KB. Dans le cadre des transmissions d&rsquo;information li\u00e9es au suivi des versions Alma, ces listes vous seront transmises.<\/p>\n\n\n\n<p>Pour le cas d&rsquo;une activation nouvelle de collection, la meilleure technique trouv\u00e9e \u00e0 ce jour consiste \u00e0 t\u00e9l\u00e9charger la liste des portefolios et \u00e0 la trier par date pour obtenir la date la plus r\u00e9cente. Le passage par des outils du type OpenRefine peut s&rsquo;av\u00e9rer n\u00e9cessaire lorsque les collections sont trop volumineuses pour \u00eatre trait\u00e9es par Excel. (Exemple : pour Factiva, au 26\/11\/2018, la date de derni\u00e8re modification d&rsquo;un titre datait du 13\/11\/2018 alors que la mise \u00e0 jour indiqu\u00e9e pour la collection \u00e9tait le 4\/2\/2010)<\/p>\n\n\n\n<div class=\"is-layout-flex wp-container-6 wp-block-columns bord-bloc-reutilisable has-background\" style=\"background-color:#ffeec2\">\n<div class=\"is-layout-flow wp-block-column is-vertically-aligned-center\" style=\"flex-basis:7%\">\n<figure class=\"wp-block-image alignfull size-full is-style-default\"><img decoding=\"async\" loading=\"lazy\" width=\"512\" height=\"512\" src=\"https:\/\/rebub.u-bordeaux.fr\/wp-content\/uploads\/2024\/04\/nouvelles-idees-en-cours.png\" alt=\"\" class=\"wp-image-19897\" srcset=\"https:\/\/rebub.u-bordeaux.fr\/wp-content\/uploads\/2024\/04\/nouvelles-idees-en-cours.png 512w, https:\/\/rebub.u-bordeaux.fr\/wp-content\/uploads\/2024\/04\/nouvelles-idees-en-cours-300x300.png 300w, https:\/\/rebub.u-bordeaux.fr\/wp-content\/uploads\/2024\/04\/nouvelles-idees-en-cours-150x150.png 150w\" sizes=\"(max-width: 512px) 100vw, 512px\" \/><\/figure>\n<\/div>\n\n\n\n<div class=\"is-layout-flow wp-block-column is-vertically-aligned-center\" style=\"flex-basis:85%\">\n<p><strong>Note<\/strong> : Suggestion \u00e0 faire pour demander l&rsquo;int\u00e9gration de cette date dans les donn\u00e9es de collection.<\/p>\n<\/div>\n<\/div>\n\n\n\n<p>Pour les collections d\u00e9j\u00e0 activ\u00e9es, les modifications apport\u00e9es sont trac\u00e9es dans &lsquo;Ressources>Liste des t\u00e2ches de mise \u00e0 jour de la Zone communautaire&rsquo;. L&rsquo;onglet &lsquo;Tous&rsquo; permet de voir l&rsquo;ensemble des modifications apport\u00e9es.<\/p>\n\n\n\n<h2 id=\"url\" id=\"url\" class=\"wpig-heading\">URL<\/h2>\n\n\n\n<p>Pour le moment, \u00e0 moins d&rsquo;activer la collection, je n&rsquo;ai pas trouv\u00e9 de moyen d&rsquo;acc\u00e9der \u00e0 l&rsquo;url de niveau collection.<\/p>\n\n\n\n<h2 id=\"personnaliser_une_url\" id=\"personnaliser_une_url\" class=\"wpig-heading\">Personnaliser une url<\/h2>\n\n\n\n<p>Il est possible de changer l&rsquo;url utilis\u00e9e par Alma, tant au niveau collection qu&rsquo;au niveau service.<\/p>\n\n\n\n<h3 id=\"url_de_niveau_collection\" id=\"url_de_niveau_collection\" class=\"wpig-heading\">Url de niveau collection<\/h3>\n\n\n\n<p>Elle permet de proposer un lien direct au niveau collection sur la notice de collection. Elle est affich\u00e9e dans le 1er champ (gris\u00e9) &lsquo;URL Niveau de la collection \u00e9lectronique&rsquo; dans l&rsquo;onglet &lsquo;Informations suppl\u00e9mentaires&rsquo; en \u00e9dition de la collection.<\/p>\n\n\n<div class=\"wp-block-image\">\n<figure class=\"aligncenter\"><a href=\"http:\/\/rebub.u-bordeaux.fr\/wp-content\/uploads\/2021\/06\/20181126_urls.png\" target=\"_blank\" rel=\"noreferrer noopener\"><img decoding=\"async\" loading=\"lazy\" width=\"1026\" height=\"548\" src=\"http:\/\/rebub.u-bordeaux.fr\/wp-content\/uploads\/2021\/06\/20181126_urls.png\" alt=\"\" class=\"wp-image-12288\" srcset=\"https:\/\/rebub.u-bordeaux.fr\/wp-content\/uploads\/2021\/06\/20181126_urls.png 1026w, https:\/\/rebub.u-bordeaux.fr\/wp-content\/uploads\/2021\/06\/20181126_urls-300x160.png 300w, https:\/\/rebub.u-bordeaux.fr\/wp-content\/uploads\/2021\/06\/20181126_urls-1024x547.png 1024w, https:\/\/rebub.u-bordeaux.fr\/wp-content\/uploads\/2021\/06\/20181126_urls-768x410.png 768w\" sizes=\"(max-width: 1026px) 100vw, 1026px\" \/><\/a><\/figure><\/div>\n\n\n<div class=\"is-layout-flex wp-container-9 wp-block-columns bord-bloc-reutilisable has-background\" style=\"background-color:#ffeec2\">\n<div class=\"is-layout-flow wp-block-column is-vertically-aligned-center\" style=\"flex-basis:7%\">\n<figure class=\"wp-block-image alignfull size-full is-style-default\"><img decoding=\"async\" loading=\"lazy\" width=\"512\" height=\"512\" src=\"https:\/\/rebub.u-bordeaux.fr\/wp-content\/uploads\/2024\/04\/nouvelles-idees-en-cours.png\" alt=\"\" class=\"wp-image-19897\" srcset=\"https:\/\/rebub.u-bordeaux.fr\/wp-content\/uploads\/2024\/04\/nouvelles-idees-en-cours.png 512w, https:\/\/rebub.u-bordeaux.fr\/wp-content\/uploads\/2024\/04\/nouvelles-idees-en-cours-300x300.png 300w, https:\/\/rebub.u-bordeaux.fr\/wp-content\/uploads\/2024\/04\/nouvelles-idees-en-cours-150x150.png 150w\" sizes=\"(max-width: 512px) 100vw, 512px\" \/><\/figure>\n<\/div>\n\n\n\n<div class=\"is-layout-flow wp-block-column is-vertically-aligned-center\" style=\"flex-basis:85%\">\n<p><strong>Note<\/strong> : Les impacts sur le comportement dans Babord+, notamment pour les titres r\u00e9seaux ne sont pas encore compl\u00e8tement analys\u00e9s.<\/p>\n<\/div>\n<\/div>\n\n\n\n<p>Cette url est modifiable : il suffit de mettre l&rsquo;url de remplacement dans le second champ portant le m\u00eame nom. Il vient alors outrepasser l&rsquo;url de la base de connaissance et ce m\u00eame apr\u00e8s une mise \u00e0 jour. Il n&rsquo;est pas possible \u00e0 cette \u00e9tape d&rsquo;utiliser une url dynamique ou avec des param\u00e8tres.<\/p>\n\n\n\n<h3 id=\"url_de_niveau_service\" id=\"url_de_niveau_service\" class=\"wpig-heading\">Url de niveau service<\/h3>\n\n\n\n<p>Le mod\u00e8le d&rsquo;url d\u00e9fini \u00e0 ce niveau s&rsquo;applique \u00e0 tous les portefolios associ\u00e9s au service. On la trouve dans le service, dans l&rsquo;onglet &lsquo;Informations de lien&rsquo;. Il comporte diff\u00e9rents \u00e9lements de construction.<\/p>\n\n\n<div class=\"wp-block-image\">\n<figure class=\"aligncenter\"><a href=\"http:\/\/rebub.u-bordeaux.fr\/wp-content\/uploads\/2021\/06\/20181126_urlsservice.png\" target=\"_blank\" rel=\"noreferrer noopener\"><img decoding=\"async\" loading=\"lazy\" width=\"1024\" height=\"615\" src=\"http:\/\/rebub.u-bordeaux.fr\/wp-content\/uploads\/2021\/06\/20181126_urlsservice.png\" alt=\"\" class=\"wp-image-12289\" srcset=\"https:\/\/rebub.u-bordeaux.fr\/wp-content\/uploads\/2021\/06\/20181126_urlsservice.png 1024w, https:\/\/rebub.u-bordeaux.fr\/wp-content\/uploads\/2021\/06\/20181126_urlsservice-300x180.png 300w, https:\/\/rebub.u-bordeaux.fr\/wp-content\/uploads\/2021\/06\/20181126_urlsservice-768x461.png 768w\" sizes=\"(max-width: 1024px) 100vw, 1024px\" \/><\/a><\/figure><\/div>\n\n\n<div class=\"is-layout-flex wp-container-12 wp-block-columns bord-bloc-reutilisable has-background\" style=\"background-color:#ff303047\">\n<div class=\"is-layout-flow wp-block-column is-vertically-aligned-center\" style=\"flex-basis:7%\">\n<figure class=\"wp-block-image alignfull size-full\"><img decoding=\"async\" loading=\"lazy\" width=\"512\" height=\"512\" src=\"https:\/\/rebub.u-bordeaux.fr\/wp-content\/uploads\/2024\/04\/point-dexclamation.png\" alt=\"\" class=\"wp-image-19898\" srcset=\"https:\/\/rebub.u-bordeaux.fr\/wp-content\/uploads\/2024\/04\/point-dexclamation.png 512w, https:\/\/rebub.u-bordeaux.fr\/wp-content\/uploads\/2024\/04\/point-dexclamation-300x300.png 300w, https:\/\/rebub.u-bordeaux.fr\/wp-content\/uploads\/2024\/04\/point-dexclamation-150x150.png 150w\" sizes=\"(max-width: 512px) 100vw, 512px\" \/><\/figure>\n<\/div>\n\n\n\n<div class=\"is-layout-flow wp-block-column is-vertically-aligned-center\" style=\"flex-basis:85%\">\n<p><strong>Attention !<\/strong> Certains champs peuvent \u00eatre vide, notamment dans le cas de collections o\u00f9 l&rsquo;url est g\u00e9r\u00e9 au niveau de chaque titre. Dans ce cas, un titre erron\u00e9 doit \u00eatre corrig\u00e9 dans le portefolio correspondant.<\/p>\n<\/div>\n<\/div>\n\n\n\n<ul>\n<li>Analyseur : c&rsquo;est l&rsquo;outil qu&rsquo;utilise Ex Libris pour construire les urls, il d\u00e9pend des \u00e9diteurs et du chemin d&rsquo;acc\u00e8s choisi (par exemple Bulk:BKEYdoi permet de fournir comme cl\u00e9 pour chaque portefolio uniquement le doi). Il est possible de proposer un autre analyseur dans le champs &lsquo;Analyseur (outrepasser)&rsquo; mais pour ce faire, il faut trouver les r\u00e9f\u00e9rences dans un autre bouquet.<\/li>\n\n\n\n<li>Param\u00e8tres d&rsquo;analyseur : ce sont les param\u00e8tres qui vont avec l&rsquo;analyseur ; l\u00e0 encore il est possible de proposer un changement en s&rsquo;inspirant du champ existant dans &lsquo;Param\u00e8tres d&rsquo;analyseur (outrepasser)&rsquo;.<\/li>\n\n\n\n<li>Type d&rsquo;url : cette option permet de ne pas utiliser les lignes pr\u00e9c\u00e9dentes en saisisant \u00e0 la place une &lsquo;URL dynamique&rsquo;, cette url doit \u00eatre construite avec la syntaxe openUrl<\/li>\n\n\n\n<li>Un tableau &lsquo;Param\u00e8tres de liens&rsquo; est propos\u00e9 en bas de page : il permet de renseigner les donn\u00e9es sp\u00e9cifiques \u00e0 la base lorsque l&rsquo;url de l&rsquo;analyseur comprend des param\u00e8tres (le code client Factiva par exemple) &#8211; il se peuple automatique lorsque l&rsquo;url renseign\u00e9e en &lsquo;param\u00e8tres d&rsquo;analyseur&rsquo; comprend des variables de type $$NOM_DE_LA_VARIABLE<\/li>\n<\/ul>\n\n\n\n<div class=\"is-layout-flex wp-container-18 wp-block-columns bord-bloc-reutilisable has-background\" style=\"background-color:#d9edf7\">\n<div class=\"is-layout-flow wp-block-column is-vertically-aligned-center\" style=\"font-size:15px;flex-basis:20%\">\n<p style=\"font-size:15px\"><strong>Date de publication<\/strong> <\/p>\n\n\n<div style=\"font-size:15px;\" class=\"wp-block-post-date\"><time datetime=\"2024-03-22T09:34:26+01:00\">22 mars 2024<\/time><\/div><\/div>\n\n\n\n<div class=\"is-layout-flow wp-block-column is-vertically-aligned-center\" style=\"font-size:15px;flex-basis:20%\">\n<p><strong>Mis \u00e0 jour le <\/strong><\/p>\n\n\n<div style=\"font-size:15px;\" class=\"wp-block-post-date\"><time datetime=\"2024-07-15T11:42:06+02:00\">15 juillet 2024<\/time><\/div><\/div>\n\n\n\n<div class=\"is-layout-flow wp-block-column is-vertically-aligned-center\" style=\"font-size:15px;flex-basis:40%\">\n<p><\/p>\n\n\n\n<p><strong>Attention ! <\/strong>Certains \u00e9tablissements utilisent parfois de proc\u00e9dures compl\u00e9mentaires <\/p>\n<\/div>\n\n\n\n<div class=\"is-layout-flow wp-block-column is-vertically-aligned-center\" style=\"font-size:15px;flex-basis:25%\">\n<div class=\"is-horizontal is-content-justification-center is-layout-flex wp-container-16 wp-block-buttons alignfull has-custom-font-size\" style=\"font-size:16px\">\n<div class=\"wp-block-button has-custom-width wp-block-button__width-75 has-custom-font-size is-style-fill\" style=\"font-size:15px\"><a class=\"wp-block-button__link has-white-color has-text-color has-background wp-element-button\" href=\"mailto:scoop@u-bordeaux.fr\" style=\"border-radius:65px;background-color:#000000db\"><strong>Signaler une erreur<\/strong><\/a><\/div>\n<\/div>\n<\/div>\n<\/div>\n","protected":false},"excerpt":{"rendered":"<p>Table des mati\u00e8res[ Show ]Compl\u00e9tudeMises \u00e0 jourURLPersonnaliser une urlUrl de niveau collectionUrl de niveau serviceCompl\u00e9tude Pour les tests de recouvrement : voir V\u00e9rifier une collection Mises \u00e0 jour Note : La date de modification de la collection ne correspond qu&rsquo;aux&#8230;<\/p>\n","protected":false},"author":46,"featured_media":0,"parent":18670,"menu_order":3,"comment_status":"closed","ping_status":"closed","template":"","meta":[],"post_mailing_queue_ids":[],"_links":{"self":[{"href":"http:\/\/rebub.u-bordeaux.fr\/index.php\/wp-json\/wp\/v2\/pages\/18661"}],"collection":[{"href":"http:\/\/rebub.u-bordeaux.fr\/index.php\/wp-json\/wp\/v2\/pages"}],"about":[{"href":"http:\/\/rebub.u-bordeaux.fr\/index.php\/wp-json\/wp\/v2\/types\/page"}],"author":[{"embeddable":true,"href":"http:\/\/rebub.u-bordeaux.fr\/index.php\/wp-json\/wp\/v2\/users\/46"}],"replies":[{"embeddable":true,"href":"http:\/\/rebub.u-bordeaux.fr\/index.php\/wp-json\/wp\/v2\/comments?post=18661"}],"version-history":[{"count":5,"href":"http:\/\/rebub.u-bordeaux.fr\/index.php\/wp-json\/wp\/v2\/pages\/18661\/revisions"}],"predecessor-version":[{"id":22229,"href":"http:\/\/rebub.u-bordeaux.fr\/index.php\/wp-json\/wp\/v2\/pages\/18661\/revisions\/22229"}],"up":[{"embeddable":true,"href":"http:\/\/rebub.u-bordeaux.fr\/index.php\/wp-json\/wp\/v2\/pages\/18670"}],"wp:attachment":[{"href":"http:\/\/rebub.u-bordeaux.fr\/index.php\/wp-json\/wp\/v2\/media?parent=18661"}],"curies":[{"name":"wp","href":"https:\/\/api.w.org\/{rel}","templated":true}]}}