	{"id":18664,"date":"2024-03-22T09:34:25","date_gmt":"2024-03-22T08:34:25","guid":{"rendered":"https:\/\/rebub.u-bordeaux.fr\/?page_id=18664"},"modified":"2024-07-15T09:58:29","modified_gmt":"2024-07-15T07:58:29","slug":"verifier-une-collection-dans-alma","status":"publish","type":"page","link":"http:\/\/rebub.u-bordeaux.fr\/index.php\/alma\/procedures\/documentation-electronique\/controles\/verifier-une-collection-dans-alma\/","title":{"rendered":"V\u00e9rifier une collection dans Alma"},"content":{"rendered":"<div id='wpig-floatingbar' class='wpig-floatingbar'><div id='wpig-switch-wrapper' class='wpig-switch-wrapper'><span id='wpig-floating-switch' class='wpig-floating-switch'><img src='http:\/\/rebub.u-bordeaux.fr\/wp-content\/plugins\/sticky-toc-advance-table-of-contents\/\\assets\\menu.png'><\/span><\/div><div id='wpig-contents' class='wpig-contents  wpig-sidebar-widget wpig-style-3'><span class='wpig-headline'>Table des mati\u00e8res<span><a data-action='show' class='wpig-btn-toggledisplay'>[ Show ]<\/a><\/span><\/span><!-- Table of Contents --><div id='wpig-table-of-content' class='wpig-table-of-content'><ol><li class='chercher_une_collection_dans_la_kb'><a href='#chercher_une_collection_dans_la_kb'>Chercher une collection dans la KB<\/a><ol><li class='infos_disponibles_dans_les_resultats_de_la_cz'><a href='#infos_disponibles_dans_les_resultats_de_la_cz'>Infos disponibles dans les r\u00e9sultats de la CZ<\/a><\/li><li class='lire_les_symboles_sur_le_cote'><a href='#lire_les_symboles_sur_le_cote'>Lire les symboles sur le cot\u00e9<\/a><\/li><\/ol><li class='verifier_si_un_abonnement_est_mis_a_ma_disposition_par_le_reseau'><a href='#verifier_si_un_abonnement_est_mis_a_ma_disposition_par_le_reseau'>V\u00e9rifier si un abonnement est mis \u00e0 ma disposition par le r\u00e9seau<\/a><\/li><li class='quelques_elements_de_comparaison_des_collections'><a href='#quelques_elements_de_comparaison_des_collections'>Quelques \u00e9l\u00e9ments de comparaison des collections<\/a><\/li><li class='stoc-verifier-quun-autre-etablissement-du-reseau-na-pas-deja-active-une-collection-similaire'><a href='#stoc-verifier-quun-autre-etablissement-du-reseau-na-pas-deja-active-une-collection-similaire'>V\u00e9rifier qu&rsquo;un autre \u00e9tablissement du r\u00e9seau n&rsquo;a pas d\u00e9j\u00e0 activ\u00e9 une collection similaire<\/a><\/li><\/ol><\/li><\/div><!-- END OF Table of Contents --><\/div><\/div><p><div id='wpig-contents' class='wpig-contents  wpig-sidebar-widget wpig-style-1'><span class='wpig-headline'>Table des mati\u00e8res<span><a data-action='show' class='wpig-btn-toggledisplay'>[ Show ]<\/a><\/span><\/span><!-- Table of Contents --><div id='wpig-table-of-content' class='wpig-table-of-content' ><ol><li class='chercher_une_collection_dans_la_kb'><a href='#chercher_une_collection_dans_la_kb'>Chercher une collection dans la KB<\/a><ol><li class='infos_disponibles_dans_les_resultats_de_la_cz'><a href='#infos_disponibles_dans_les_resultats_de_la_cz'>Infos disponibles dans les r\u00e9sultats de la CZ<\/a><\/li><li class='lire_les_symboles_sur_le_cote'><a href='#lire_les_symboles_sur_le_cote'>Lire les symboles sur le cot\u00e9<\/a><\/li><\/ol><li class='verifier_si_un_abonnement_est_mis_a_ma_disposition_par_le_reseau'><a href='#verifier_si_un_abonnement_est_mis_a_ma_disposition_par_le_reseau'>V\u00e9rifier si un abonnement est mis \u00e0 ma disposition par le r\u00e9seau<\/a><\/li><li class='quelques_elements_de_comparaison_des_collections'><a href='#quelques_elements_de_comparaison_des_collections'>Quelques \u00e9l\u00e9ments de comparaison des collections<\/a><\/li><li class='stoc-verifier-quun-autre-etablissement-du-reseau-na-pas-deja-active-une-collection-similaire'><a href='#stoc-verifier-quun-autre-etablissement-du-reseau-na-pas-deja-active-une-collection-similaire'>V\u00e9rifier qu&rsquo;un autre \u00e9tablissement du r\u00e9seau n&rsquo;a pas d\u00e9j\u00e0 activ\u00e9 une collection similaire<\/a><\/li><\/ol><\/li><\/div><!-- END OF Table of Contents --><\/div><\/p>\n<h2 id=\"chercher_une_collection_dans_la_kb\" id=\"chercher_une_collection_dans_la_kb\" class=\"wpig-heading\">Chercher une collection dans la KB<\/h2>\n\n\n\n<p>On peut chercher une collection \u00e9lectronique de 3 mani\u00e8re<\/p>\n\n\n\n<ul>\n<li>en cherchant une collection par ses caract\u00e9ristiques<\/li>\n\n\n\n<li>en cherchant une collection par les caract\u00e9ristiques d&rsquo;un de ses titres<\/li>\n\n\n\n<li>en cherchant une notice bibliographique de la collection ou du titre<\/li>\n<\/ul>\n\n\n\n<figure class=\"wp-block-table\"><table><thead><tr><th>Domaine de recherche<\/th><th>P\u00e9rim\u00e8tres<\/th><\/tr><\/thead><tbody><tr><td>collection \u00e9lectronique<\/td><td>institution\/CZ<\/td><\/tr><tr><td>portefolio \u00e9lectronique<\/td><td>institution\/CZ<\/td><\/tr><tr><td>titre \u00e9lectronique<\/td><td>institution\/CZ<\/td><\/tr><tr><td>tous les titres<\/td><td>institution\/r\u00e9seau\/CZ<\/td><\/tr><\/tbody><\/table><\/figure>\n\n\n\n<div class=\"is-layout-flex wp-container-3 wp-block-columns bord-bloc-reutilisable has-background\" style=\"background-color:#ffeec2\">\n<div class=\"is-layout-flow wp-block-column is-vertically-aligned-center\" style=\"flex-basis:7%\">\n<figure class=\"wp-block-image alignfull size-full is-style-default\"><img decoding=\"async\" loading=\"lazy\" width=\"512\" height=\"512\" src=\"https:\/\/rebub.u-bordeaux.fr\/wp-content\/uploads\/2024\/04\/nouvelles-idees-en-cours.png\" alt=\"\" class=\"wp-image-19897\" srcset=\"https:\/\/rebub.u-bordeaux.fr\/wp-content\/uploads\/2024\/04\/nouvelles-idees-en-cours.png 512w, https:\/\/rebub.u-bordeaux.fr\/wp-content\/uploads\/2024\/04\/nouvelles-idees-en-cours-300x300.png 300w, https:\/\/rebub.u-bordeaux.fr\/wp-content\/uploads\/2024\/04\/nouvelles-idees-en-cours-150x150.png 150w\" sizes=\"(max-width: 512px) 100vw, 512px\" \/><\/figure>\n<\/div>\n\n\n\n<div class=\"is-layout-flow wp-block-column is-vertically-aligned-center\" style=\"flex-basis:85%\">\n<p><strong>Note<\/strong> : une recherche r\u00e9seau est possible mais ne retourne que les ressources activ\u00e9es dans la zone r\u00e9seau<\/p>\n<\/div>\n<\/div>\n\n\n\n<div class=\"is-layout-flex wp-container-6 wp-block-columns bord-bloc-reutilisable has-background\" style=\"background-color:#ffeec2\">\n<div class=\"is-layout-flow wp-block-column is-vertically-aligned-center\" style=\"flex-basis:7%\">\n<figure class=\"wp-block-image alignfull size-full is-style-default\"><img decoding=\"async\" loading=\"lazy\" width=\"512\" height=\"512\" src=\"https:\/\/rebub.u-bordeaux.fr\/wp-content\/uploads\/2024\/04\/nouvelles-idees-en-cours.png\" alt=\"\" class=\"wp-image-19897\" srcset=\"https:\/\/rebub.u-bordeaux.fr\/wp-content\/uploads\/2024\/04\/nouvelles-idees-en-cours.png 512w, https:\/\/rebub.u-bordeaux.fr\/wp-content\/uploads\/2024\/04\/nouvelles-idees-en-cours-300x300.png 300w, https:\/\/rebub.u-bordeaux.fr\/wp-content\/uploads\/2024\/04\/nouvelles-idees-en-cours-150x150.png 150w\" sizes=\"(max-width: 512px) 100vw, 512px\" \/><\/figure>\n<\/div>\n\n\n\n<div class=\"is-layout-flow wp-block-column is-vertically-aligned-center\" style=\"flex-basis:85%\">\n<p><strong>Note<\/strong> : la documentation des index est encore en construction, le d\u00e9tail est \u00e0 venir.<\/p>\n<\/div>\n<\/div>\n\n\n\n<h3 id=\"infos_disponibles_dans_les_resultats_de_la_cz\" id=\"infos_disponibles_dans_les_resultats_de_la_cz\" class=\"wpig-heading\">Infos disponibles dans les r\u00e9sultats de la CZ<\/h3>\n\n\n\n<ul>\n<li>Le type de collection<\/li>\n\n\n\n<li>Le niveau de service disponible<\/li>\n\n\n\n<li>L&rsquo;interface associ\u00e9e \u00e0 la collection<\/li>\n\n\n\n<li>Le niveau du lien<\/li>\n\n\n\n<li>La date de cr\u00e9ation de la collection dans la CZ<\/li>\n\n\n\n<li>La date de modification de la collection \u21d2 ATTENTION, cette date ne rend compte que des modifications apport\u00e9es au niveau collection et non des mises \u00e0 jour \u00e9ventuelles des listes de titre associ\u00e9es aux collections<\/li>\n<\/ul>\n\n\n\n<p>Il est \u00e9galement possible d&rsquo;acc\u00e9der \u00e0 la notice MARC21 de la collection ainsi qu&rsquo;\u00e0 la liste des portefolios.<\/p>\n\n\n\n<div class=\"is-layout-flex wp-container-9 wp-block-columns bord-bloc-reutilisable has-background\" style=\"background-color:#ffeec2\">\n<div class=\"is-layout-flow wp-block-column is-vertically-aligned-center\" style=\"flex-basis:7%\">\n<figure class=\"wp-block-image alignfull size-full is-style-default\"><img decoding=\"async\" loading=\"lazy\" width=\"512\" height=\"512\" src=\"https:\/\/rebub.u-bordeaux.fr\/wp-content\/uploads\/2024\/04\/nouvelles-idees-en-cours.png\" alt=\"\" class=\"wp-image-19897\" srcset=\"https:\/\/rebub.u-bordeaux.fr\/wp-content\/uploads\/2024\/04\/nouvelles-idees-en-cours.png 512w, https:\/\/rebub.u-bordeaux.fr\/wp-content\/uploads\/2024\/04\/nouvelles-idees-en-cours-300x300.png 300w, https:\/\/rebub.u-bordeaux.fr\/wp-content\/uploads\/2024\/04\/nouvelles-idees-en-cours-150x150.png 150w\" sizes=\"(max-width: 512px) 100vw, 512px\" \/><\/figure>\n<\/div>\n\n\n\n<div class=\"is-layout-flow wp-block-column is-vertically-aligned-center\" style=\"flex-basis:85%\">\n<p><strong>Note<\/strong> : Si l&rsquo;on souhaite connaitre la date du dernier chargement d&rsquo;une collection Pour le moment, je n&rsquo;ai pas trouv\u00e9 d&rsquo;autre solution qu&rsquo;un export de la liste des portefolios et un tri ensuite sur la date de modification.<\/p>\n<\/div>\n<\/div>\n\n\n\n<h3 id=\"lire_les_symboles_sur_le_cote\" id=\"lire_les_symboles_sur_le_cote\" class=\"wpig-heading\">Lire les symboles sur le cot\u00e9<\/h3>\n\n\n\n<p><a href=\"https:\/\/knowledge.exlibrisgroup.com\/Alma\/Product_Documentation\/Alma_Online_Help_(Francais)\/010Pour_commencer\/010Interface_d'utilisateur_Alma_%E2%80%93_Informations_g%C3%A9n%C3%A9rales\/Effectuer_une_recherche_dans_Alma#section_24\" target=\"_blank\" rel=\"noreferrer noopener\">Lien vers la doc Ex Libris<\/a><\/p>\n\n\n\n<h2 id=\"verifier_si_un_abonnement_est_mis_a_ma_disposition_par_le_reseau\" id=\"verifier_si_un_abonnement_est_mis_a_ma_disposition_par_le_reseau\" class=\"wpig-heading\">V\u00e9rifier si un abonnement est mis \u00e0 ma disposition par le r\u00e9seau<\/h2>\n\n\n\n<p>Toute recherche de collection \u00e9lectronique dans l\u2019onglet \u2018R\u00e9seau\u2019 permet de voir les ressources qui ont \u00e9t\u00e9 activ\u00e9es au niveau r\u00e9seau.<\/p>\n\n\n\n<p>Le volet \u2018Disponible pour (X)\u2019 dans la page de r\u00e9sultat vous permet d\u2019afficher la liste des \u00e9tablissements pour lesquels la ressource a \u00e9t\u00e9 activ\u00e9e. Au niveau portefolio, il est possible de cliquer sur le bouton \u2018Consulter\u2019 pour v\u00e9rifier que son acc\u00e8s fonctionne correctement.<\/p>\n\n\n\n<div class=\"is-layout-flex wp-container-12 wp-block-columns bord-bloc-reutilisable has-background\" style=\"background-color:#ffeec2\">\n<div class=\"is-layout-flow wp-block-column is-vertically-aligned-center\" style=\"flex-basis:7%\">\n<figure class=\"wp-block-image alignfull size-full is-style-default\"><img decoding=\"async\" loading=\"lazy\" width=\"512\" height=\"512\" src=\"https:\/\/rebub.u-bordeaux.fr\/wp-content\/uploads\/2024\/04\/nouvelles-idees-en-cours.png\" alt=\"\" class=\"wp-image-19897\" srcset=\"https:\/\/rebub.u-bordeaux.fr\/wp-content\/uploads\/2024\/04\/nouvelles-idees-en-cours.png 512w, https:\/\/rebub.u-bordeaux.fr\/wp-content\/uploads\/2024\/04\/nouvelles-idees-en-cours-300x300.png 300w, https:\/\/rebub.u-bordeaux.fr\/wp-content\/uploads\/2024\/04\/nouvelles-idees-en-cours-150x150.png 150w\" sizes=\"(max-width: 512px) 100vw, 512px\" \/><\/figure>\n<\/div>\n\n\n\n<div class=\"is-layout-flow wp-block-column is-vertically-aligned-center\" style=\"flex-basis:85%\">\n<p><strong>Note<\/strong> : si seuls les portefolios ont \u00e9t\u00e9 activ\u00e9s (et pas la collection), les infos de disponibilit\u00e9 pour apparaitront uniquement au niveau des titres.<\/p>\n<\/div>\n<\/div>\n\n\n\n<div class=\"is-layout-flex wp-container-15 wp-block-columns bord-bloc-reutilisable has-background\" style=\"background-color:#ffeec2\">\n<div class=\"is-layout-flow wp-block-column is-vertically-aligned-center\" style=\"flex-basis:7%\">\n<figure class=\"wp-block-image alignfull size-full is-style-default\"><img decoding=\"async\" loading=\"lazy\" width=\"512\" height=\"512\" src=\"https:\/\/rebub.u-bordeaux.fr\/wp-content\/uploads\/2024\/04\/nouvelles-idees-en-cours.png\" alt=\"\" class=\"wp-image-19897\" srcset=\"https:\/\/rebub.u-bordeaux.fr\/wp-content\/uploads\/2024\/04\/nouvelles-idees-en-cours.png 512w, https:\/\/rebub.u-bordeaux.fr\/wp-content\/uploads\/2024\/04\/nouvelles-idees-en-cours-300x300.png 300w, https:\/\/rebub.u-bordeaux.fr\/wp-content\/uploads\/2024\/04\/nouvelles-idees-en-cours-150x150.png 150w\" sizes=\"(max-width: 512px) 100vw, 512px\" \/><\/figure>\n<\/div>\n\n\n\n<div class=\"is-layout-flow wp-block-column is-vertically-aligned-center\" style=\"flex-basis:85%\">\n<p><strong>Note<\/strong> : test \u00e0 faire \u21d2 est-ce qu\u2019une non-activation dans l\u2019institution peut permettre d\u2019enrichir les informations sans poser de probl\u00e8mes ?<\/p>\n<\/div>\n<\/div>\n\n\n\n<h2 id=\"quelques_elements_de_comparaison_des_collections\" id=\"quelques_elements_de_comparaison_des_collections\" class=\"wpig-heading\">Quelques \u00e9l\u00e9ments de comparaison des collections<\/h2>\n\n\n\n<p>Il est possible de v\u00e9rifier si 2 collections se recoupent bien en utilisant l&rsquo;analyse de recouvrement. Attention toutefois, cette analyse suppose qu&rsquo;au moins une des collections compar\u00e9es soit dans l&rsquo;institution. Il peut \u00eatre conseill\u00e9 de proc\u00e9der \u00e0 ces tests dans le bac \u00e0 sable pour pouvoir importer des ensembles.<\/p>\n\n\n\n<p>En utilisant le bac \u00e0 sable, il est \u00e9galement possible de proc\u00e9der avec cet outil \u00e0 une comparaison entre une liste de titre et une collection de la KB en cr\u00e9ant une collection locale dans le bac \u00e0 sable que l&rsquo;on compare ensuite avec une collection de la KB.<\/p>\n\n\n\n<h2 id=\"stoc-verifier-quun-autre-etablissement-du-reseau-na-pas-deja-active-une-collection-similaire\" class=\"wpig-heading\">V\u00e9rifier qu&rsquo;un autre \u00e9tablissement du r\u00e9seau n&rsquo;a pas d\u00e9j\u00e0 activ\u00e9 une collection similaire<\/h2>\n\n\n\n<p>Vous pouvez lancer une recherche &lsquo;Tous les titres&rsquo; dans le r\u00e9seau sur le nom de la collection et regarder qui poss\u00e8de la collection.<\/p>\n\n\n<div class=\"wp-block-image\">\n<figure class=\"aligncenter\"><a href=\"http:\/\/rebub.u-bordeaux.fr\/wp-content\/uploads\/2021\/06\/20181119_visibiliteaccesdocelec_sberthier.png\" target=\"_blank\" rel=\"noopener noreferrer\"><img decoding=\"async\" loading=\"lazy\" width=\"805\" height=\"392\" src=\"http:\/\/rebub.u-bordeaux.fr\/wp-content\/uploads\/2021\/06\/20181119_visibiliteaccesdocelec_sberthier.png\" alt=\"\" class=\"wp-image-12301\" srcset=\"https:\/\/rebub.u-bordeaux.fr\/wp-content\/uploads\/2021\/06\/20181119_visibiliteaccesdocelec_sberthier.png 805w, https:\/\/rebub.u-bordeaux.fr\/wp-content\/uploads\/2021\/06\/20181119_visibiliteaccesdocelec_sberthier-300x146.png 300w, https:\/\/rebub.u-bordeaux.fr\/wp-content\/uploads\/2021\/06\/20181119_visibiliteaccesdocelec_sberthier-768x374.png 768w\" sizes=\"(max-width: 805px) 100vw, 805px\" \/><\/a><\/figure><\/div>\n\n\n<p>Vous pouvez \u00e9galement consulter le rapport <a href=\"https:\/\/pudb-network.alma.exlibrisgroup.com\/infra\/report?path=Go@Options=fdr@path=%2Fshared%2FBordeaux+NZ+33PUDB_NETWORK%2Fdocelec%2F&amp;reportName=collections%20paratag%C3%A9es&amp;Action=Prompt\">Les collections du r\u00e9seau<\/a> qui liste toutes les collections activ\u00e9es dans le r\u00e9seau et par qui.<\/p>\n\n\n\n<div class=\"is-layout-flex wp-container-18 wp-block-columns bord-bloc-reutilisable has-background\" style=\"background-color:#ffeec2\">\n<div class=\"is-layout-flow wp-block-column is-vertically-aligned-center\" style=\"flex-basis:7%\">\n<figure class=\"wp-block-image alignfull size-full is-style-default\"><img decoding=\"async\" loading=\"lazy\" width=\"512\" height=\"512\" src=\"https:\/\/rebub.u-bordeaux.fr\/wp-content\/uploads\/2024\/04\/nouvelles-idees-en-cours.png\" alt=\"\" class=\"wp-image-19897\" srcset=\"https:\/\/rebub.u-bordeaux.fr\/wp-content\/uploads\/2024\/04\/nouvelles-idees-en-cours.png 512w, https:\/\/rebub.u-bordeaux.fr\/wp-content\/uploads\/2024\/04\/nouvelles-idees-en-cours-300x300.png 300w, https:\/\/rebub.u-bordeaux.fr\/wp-content\/uploads\/2024\/04\/nouvelles-idees-en-cours-150x150.png 150w\" sizes=\"(max-width: 512px) 100vw, 512px\" \/><\/figure>\n<\/div>\n\n\n\n<div class=\"is-layout-flow wp-block-column is-vertically-aligned-center\" style=\"flex-basis:85%\">\n<p><strong>Note<\/strong> : Pour acc\u00e9der \u00e0 ce rapport, il est n\u00e9cessaire d&rsquo;abord de s&rsquo;authentifier sur alma r\u00e9seau.<\/p>\n<\/div>\n<\/div>\n\n\n\n<div class=\"is-layout-flex wp-container-21 wp-block-columns bord-bloc-reutilisable has-background\" style=\"background-color:#ffeec2\">\n<div class=\"is-layout-flow wp-block-column is-vertically-aligned-center\" style=\"flex-basis:7%\">\n<figure class=\"wp-block-image alignfull size-full is-style-default\"><img decoding=\"async\" loading=\"lazy\" width=\"512\" height=\"512\" src=\"https:\/\/rebub.u-bordeaux.fr\/wp-content\/uploads\/2024\/04\/nouvelles-idees-en-cours.png\" alt=\"\" class=\"wp-image-19897\" srcset=\"https:\/\/rebub.u-bordeaux.fr\/wp-content\/uploads\/2024\/04\/nouvelles-idees-en-cours.png 512w, https:\/\/rebub.u-bordeaux.fr\/wp-content\/uploads\/2024\/04\/nouvelles-idees-en-cours-300x300.png 300w, https:\/\/rebub.u-bordeaux.fr\/wp-content\/uploads\/2024\/04\/nouvelles-idees-en-cours-150x150.png 150w\" sizes=\"(max-width: 512px) 100vw, 512px\" \/><\/figure>\n<\/div>\n\n\n\n<div class=\"is-layout-flow wp-block-column is-vertically-aligned-center\" style=\"flex-basis:85%\">\n<p><strong>Note<\/strong> : Faut-il tous choisir la m\u00eame collection ? Pour des questions de lisibilit\u00e9, il est recommand\u00e9 quand c&rsquo;est possible de choisir les m\u00eames collections pour les m\u00eames produits, cela permet de s&rsquo;assurer d&rsquo;un affichage correct. Cependant, si pour des besoins de gestion, l&rsquo;usage de collections diff\u00e9rentes \u00e9taient n\u00e9cessaire, il n&rsquo;est pas interdit. Pour s&rsquo;assurer d&rsquo;\u00e9viter les doublons \u00e0 l&rsquo;affichage, dans ce cas-l\u00e0, un analyse de recouvrement est conseill\u00e9 \u21d2 il est possible de corriger les disparit\u00e9s en associant les titres avec les m\u00eames notices bibliographiques.<\/p>\n<\/div>\n<\/div>\n\n\n\n<div class=\"is-layout-flex wp-container-27 wp-block-columns bord-bloc-reutilisable has-background\" style=\"background-color:#d9edf7\">\n<div class=\"is-layout-flow wp-block-column is-vertically-aligned-center\" style=\"font-size:15px;flex-basis:20%\">\n<p style=\"font-size:15px\"><strong>Date de publication<\/strong> <\/p>\n\n\n<div style=\"font-size:15px;\" class=\"wp-block-post-date\"><time datetime=\"2024-03-22T09:34:25+01:00\">22 mars 2024<\/time><\/div><\/div>\n\n\n\n<div class=\"is-layout-flow wp-block-column is-vertically-aligned-center\" style=\"font-size:15px;flex-basis:20%\">\n<p><strong>Mis \u00e0 jour le <\/strong><\/p>\n\n\n<div style=\"font-size:15px;\" class=\"wp-block-post-date\"><time datetime=\"2024-07-15T09:58:29+02:00\">15 juillet 2024<\/time><\/div><\/div>\n\n\n\n<div class=\"is-layout-flow wp-block-column is-vertically-aligned-center\" style=\"font-size:15px;flex-basis:40%\">\n<p><\/p>\n\n\n\n<p><strong>Attention ! <\/strong>Certains \u00e9tablissements utilisent parfois de proc\u00e9dures compl\u00e9mentaires <\/p>\n<\/div>\n\n\n\n<div class=\"is-layout-flow wp-block-column is-vertically-aligned-center\" style=\"font-size:15px;flex-basis:25%\">\n<div class=\"is-horizontal is-content-justification-center is-layout-flex wp-container-25 wp-block-buttons alignfull has-custom-font-size\" style=\"font-size:16px\">\n<div class=\"wp-block-button has-custom-width wp-block-button__width-75 has-custom-font-size is-style-fill\" style=\"font-size:15px\"><a class=\"wp-block-button__link has-white-color has-text-color has-background wp-element-button\" href=\"mailto:scoop@u-bordeaux.fr\" style=\"border-radius:65px;background-color:#000000db\"><strong>Signaler une erreur<\/strong><\/a><\/div>\n<\/div>\n<\/div>\n<\/div>\n","protected":false},"excerpt":{"rendered":"<p>Table des mati\u00e8res[ Show ]Chercher une collection dans la KBInfos disponibles dans les r\u00e9sultats de la CZLire les symboles sur le cot\u00e9V\u00e9rifier si un abonnement est mis \u00e0 ma disposition par le r\u00e9seauQuelques \u00e9l\u00e9ments de comparaison des collectionsV\u00e9rifier qu&rsquo;un autre&#8230;<\/p>\n","protected":false},"author":46,"featured_media":0,"parent":18670,"menu_order":1,"comment_status":"closed","ping_status":"closed","template":"","meta":[],"post_mailing_queue_ids":[],"_links":{"self":[{"href":"http:\/\/rebub.u-bordeaux.fr\/index.php\/wp-json\/wp\/v2\/pages\/18664"}],"collection":[{"href":"http:\/\/rebub.u-bordeaux.fr\/index.php\/wp-json\/wp\/v2\/pages"}],"about":[{"href":"http:\/\/rebub.u-bordeaux.fr\/index.php\/wp-json\/wp\/v2\/types\/page"}],"author":[{"embeddable":true,"href":"http:\/\/rebub.u-bordeaux.fr\/index.php\/wp-json\/wp\/v2\/users\/46"}],"replies":[{"embeddable":true,"href":"http:\/\/rebub.u-bordeaux.fr\/index.php\/wp-json\/wp\/v2\/comments?post=18664"}],"version-history":[{"count":9,"href":"http:\/\/rebub.u-bordeaux.fr\/index.php\/wp-json\/wp\/v2\/pages\/18664\/revisions"}],"predecessor-version":[{"id":22215,"href":"http:\/\/rebub.u-bordeaux.fr\/index.php\/wp-json\/wp\/v2\/pages\/18664\/revisions\/22215"}],"up":[{"embeddable":true,"href":"http:\/\/rebub.u-bordeaux.fr\/index.php\/wp-json\/wp\/v2\/pages\/18670"}],"wp:attachment":[{"href":"http:\/\/rebub.u-bordeaux.fr\/index.php\/wp-json\/wp\/v2\/media?parent=18664"}],"curies":[{"name":"wp","href":"https:\/\/api.w.org\/{rel}","templated":true}]}}