	{"id":18705,"date":"2024-03-22T09:35:08","date_gmt":"2024-03-22T08:35:08","guid":{"rendered":"https:\/\/rebub.u-bordeaux.fr\/?page_id=18705"},"modified":"2024-04-26T16:05:08","modified_gmt":"2024-04-26T14:05:08","slug":"test","status":"publish","type":"page","link":"http:\/\/rebub.u-bordeaux.fr\/index.php\/alma\/procedures\/acquisitions\/facturation\/test\/","title":{"rendered":"Cr\u00e9er un avoir \/ une transaction"},"content":{"rendered":"<div id='wpig-floatingbar' class='wpig-floatingbar'><div id='wpig-switch-wrapper' class='wpig-switch-wrapper'><span id='wpig-floating-switch' class='wpig-floating-switch'><img src='http:\/\/rebub.u-bordeaux.fr\/wp-content\/plugins\/sticky-toc-advance-table-of-contents\/\\assets\\menu.png'><\/span><\/div><\/div><p><\/p>\n<p>Il s\u2019agit de recr\u00e9diter le compte budg\u00e9taire du montant de l\u2019avoir re\u00e7u.<\/p>\n\n\n\n<p>Rechercher le compte.<\/p>\n\n\n\n<figure class=\"wp-block-image\"><a href=\"http:\/\/rebub.u-bordeaux.fr\/wp-content\/uploads\/2020\/02\/Recherche_Compte.png\" target=\"_blank\" rel=\"noopener noreferrer\"><img decoding=\"async\" loading=\"lazy\" width=\"818\" height=\"436\" src=\"http:\/\/rebub.u-bordeaux.fr\/wp-content\/uploads\/2020\/02\/Recherche_Compte.png\" alt=\"\" class=\"wp-image-7896\" srcset=\"https:\/\/rebub.u-bordeaux.fr\/wp-content\/uploads\/2020\/02\/Recherche_Compte.png 818w, https:\/\/rebub.u-bordeaux.fr\/wp-content\/uploads\/2020\/02\/Recherche_Compte-300x160.png 300w, https:\/\/rebub.u-bordeaux.fr\/wp-content\/uploads\/2020\/02\/Recherche_Compte-768x409.png 768w\" sizes=\"(max-width: 818px) 100vw, 818px\" \/><\/a><\/figure>\n\n\n\n<p>S\u00e9lectionner l&rsquo;onglet \u00ab\u00a0Transaction\u00a0\u00bb.<\/p>\n\n\n\n<p><a href=\"http:\/\/rebub.u-bordeaux.fr\/wp-content\/uploads\/2020\/02\/Onglet_Transaction.png\" target=\"_blank\" rel=\"noopener noreferrer\"><img decoding=\"async\" loading=\"lazy\" class=\"alignnone wp-image-7897 size-full\" src=\"http:\/\/rebub.u-bordeaux.fr\/wp-content\/uploads\/2020\/02\/Onglet_Transaction.png\" alt=\"\" width=\"676\" height=\"366\" srcset=\"https:\/\/rebub.u-bordeaux.fr\/wp-content\/uploads\/2020\/02\/Onglet_Transaction.png 676w, https:\/\/rebub.u-bordeaux.fr\/wp-content\/uploads\/2020\/02\/Onglet_Transaction-300x162.png 300w\" sizes=\"(max-width: 676px) 100vw, 676px\" \/><\/a>Cliquer sur \u00ab\u00a0Allouer des fonds\u00a0\u00bb.<\/p>\n\n\n\n<figure class=\"wp-block-image\"><a href=\"http:\/\/rebub.u-bordeaux.fr\/wp-content\/uploads\/2020\/02\/Allouer_des_Fonds.png\" target=\"_blank\" rel=\"noopener noreferrer\"><img decoding=\"async\" loading=\"lazy\" width=\"1484\" height=\"419\" src=\"http:\/\/rebub.u-bordeaux.fr\/wp-content\/uploads\/2020\/02\/Allouer_des_Fonds.png\" alt=\"\" class=\"wp-image-7898\" srcset=\"https:\/\/rebub.u-bordeaux.fr\/wp-content\/uploads\/2020\/02\/Allouer_des_Fonds.png 1484w, https:\/\/rebub.u-bordeaux.fr\/wp-content\/uploads\/2020\/02\/Allouer_des_Fonds-300x85.png 300w, https:\/\/rebub.u-bordeaux.fr\/wp-content\/uploads\/2020\/02\/Allouer_des_Fonds-1024x289.png 1024w, https:\/\/rebub.u-bordeaux.fr\/wp-content\/uploads\/2020\/02\/Allouer_des_Fonds-768x217.png 768w\" sizes=\"(max-width: 1484px) 100vw, 1484px\" \/><\/a><\/figure>\n\n\n\n<p>Saisir le montant de l\u2019avoir dans le montant de l\u2019allocation.<\/p>\n\n\n\n<p>Ajouter une note sur l\u2019allocation (AVOIR, motif, LBC, \u2026).<\/p>\n\n\n\n<p>Cliquer sur \u00ab\u00a0Ajouter une transaction d\u2019allocation\u00a0\u00bb.<\/p>\n\n\n\n<p>Pour consulter le contenu de la note cliquer sur \u00ab\u00a0\u2026\u00a0\u00bb puis \u00ab Consulter \u00bb.<\/p>\n\n\n\n<figure class=\"wp-block-image\"><a href=\"http:\/\/rebub.u-bordeaux.fr\/wp-content\/uploads\/2020\/02\/Creer_Transaction.png\" target=\"_blank\" rel=\"noopener noreferrer\"><img decoding=\"async\" loading=\"lazy\" width=\"1362\" height=\"716\" src=\"http:\/\/rebub.u-bordeaux.fr\/wp-content\/uploads\/2020\/02\/Creer_Transaction.png\" alt=\"\" class=\"wp-image-7900\" srcset=\"https:\/\/rebub.u-bordeaux.fr\/wp-content\/uploads\/2020\/02\/Creer_Transaction.png 1362w, https:\/\/rebub.u-bordeaux.fr\/wp-content\/uploads\/2020\/02\/Creer_Transaction-300x158.png 300w, https:\/\/rebub.u-bordeaux.fr\/wp-content\/uploads\/2020\/02\/Creer_Transaction-1024x538.png 1024w, https:\/\/rebub.u-bordeaux.fr\/wp-content\/uploads\/2020\/02\/Creer_Transaction-768x404.png 768w\" sizes=\"(max-width: 1362px) 100vw, 1362px\" \/><\/a><\/figure>\n\n\n\n<div class=\"is-layout-flex wp-container-6 wp-block-columns bord-bloc-reutilisable has-background\" style=\"background-color:#d9edf7\">\n<div class=\"is-layout-flow wp-block-column is-vertically-aligned-center\" style=\"font-size:15px;flex-basis:20%\">\n<p style=\"font-size:15px\"><strong>Date de publication<\/strong> <\/p>\n\n\n<div style=\"font-size:15px;\" class=\"wp-block-post-date\"><time datetime=\"2024-03-22T09:35:08+01:00\">22 mars 2024<\/time><\/div><\/div>\n\n\n\n<div class=\"is-layout-flow wp-block-column is-vertically-aligned-center\" style=\"font-size:15px;flex-basis:20%\">\n<p><strong>Mis \u00e0 jour le <\/strong><\/p>\n\n\n<div style=\"font-size:15px;\" class=\"wp-block-post-date\"><time datetime=\"2024-04-26T16:05:08+02:00\">26 avril 2024<\/time><\/div><\/div>\n\n\n\n<div class=\"is-layout-flow wp-block-column is-vertically-aligned-center\" style=\"font-size:15px;flex-basis:40%\">\n<p><\/p>\n\n\n\n<p><strong>Attention ! <\/strong>Certains \u00e9tablissements utilisent parfois de proc\u00e9dures compl\u00e9mentaires <\/p>\n<\/div>\n\n\n\n<div class=\"is-layout-flow wp-block-column is-vertically-aligned-center\" style=\"font-size:15px;flex-basis:25%\">\n<div class=\"is-horizontal is-content-justification-center is-layout-flex wp-container-4 wp-block-buttons alignfull has-custom-font-size\" style=\"font-size:16px\">\n<div class=\"wp-block-button has-custom-width wp-block-button__width-75 has-custom-font-size is-style-fill\" style=\"font-size:15px\"><a class=\"wp-block-button__link has-white-color has-text-color has-background wp-element-button\" href=\"mailto:scoop@u-bordeaux.fr\" style=\"border-radius:65px;background-color:#000000db\"><strong>Signaler une erreur<\/strong><\/a><\/div>\n<\/div>\n<\/div>\n<\/div>\n","protected":false},"excerpt":{"rendered":"<p>Il s\u2019agit de recr\u00e9diter le compte budg\u00e9taire du montant de l\u2019avoir re\u00e7u. Rechercher le compte. S\u00e9lectionner l&rsquo;onglet \u00ab\u00a0Transaction\u00a0\u00bb. Cliquer sur \u00ab\u00a0Allouer des fonds\u00a0\u00bb. Saisir le montant de l\u2019avoir dans le montant de l\u2019allocation. Ajouter une note sur l\u2019allocation (AVOIR, motif,&#8230;<\/p>\n","protected":false},"author":46,"featured_media":4793,"parent":18700,"menu_order":1,"comment_status":"closed","ping_status":"closed","template":"","meta":[],"post_mailing_queue_ids":[],"_links":{"self":[{"href":"http:\/\/rebub.u-bordeaux.fr\/index.php\/wp-json\/wp\/v2\/pages\/18705"}],"collection":[{"href":"http:\/\/rebub.u-bordeaux.fr\/index.php\/wp-json\/wp\/v2\/pages"}],"about":[{"href":"http:\/\/rebub.u-bordeaux.fr\/index.php\/wp-json\/wp\/v2\/types\/page"}],"author":[{"embeddable":true,"href":"http:\/\/rebub.u-bordeaux.fr\/index.php\/wp-json\/wp\/v2\/users\/46"}],"replies":[{"embeddable":true,"href":"http:\/\/rebub.u-bordeaux.fr\/index.php\/wp-json\/wp\/v2\/comments?post=18705"}],"version-history":[{"count":3,"href":"http:\/\/rebub.u-bordeaux.fr\/index.php\/wp-json\/wp\/v2\/pages\/18705\/revisions"}],"predecessor-version":[{"id":20632,"href":"http:\/\/rebub.u-bordeaux.fr\/index.php\/wp-json\/wp\/v2\/pages\/18705\/revisions\/20632"}],"up":[{"embeddable":true,"href":"http:\/\/rebub.u-bordeaux.fr\/index.php\/wp-json\/wp\/v2\/pages\/18700"}],"wp:featuredmedia":[{"embeddable":true,"href":"http:\/\/rebub.u-bordeaux.fr\/index.php\/wp-json\/wp\/v2\/media\/4793"}],"wp:attachment":[{"href":"http:\/\/rebub.u-bordeaux.fr\/index.php\/wp-json\/wp\/v2\/media?parent=18705"}],"curies":[{"name":"wp","href":"https:\/\/api.w.org\/{rel}","templated":true}]}}