	{"id":18731,"date":"2024-03-22T09:34:55","date_gmt":"2024-03-22T08:34:55","guid":{"rendered":"https:\/\/rebub.u-bordeaux.fr\/?page_id=18731"},"modified":"2024-04-26T15:26:38","modified_gmt":"2024-04-26T13:26:38","slug":"creer-un-modele-de-lignes-de-commande","status":"publish","type":"page","link":"http:\/\/rebub.u-bordeaux.fr\/index.php\/alma\/procedures\/acquisitions\/commandes\/creer-un-modele-de-lignes-de-commande\/","title":{"rendered":"Cr\u00e9er un mod\u00e8le de lignes de commande"},"content":{"rendered":"<div id='wpig-floatingbar' class='wpig-floatingbar'><div id='wpig-switch-wrapper' class='wpig-switch-wrapper'><span id='wpig-floating-switch' class='wpig-floating-switch'><img src='http:\/\/rebub.u-bordeaux.fr\/wp-content\/plugins\/sticky-toc-advance-table-of-contents\/\\assets\\menu.png'><\/span><\/div><\/div><p><\/p>\n<p>Lors de commandes manuelles, des zones de la LBC seront d\u00e9j\u00e0 remplies lorsqu\u2019on utilisera le mod\u00e8le.<\/p>\n\n\n\n<p>La cr\u00e9ation du mod\u00e8le se fait au moment de la cr\u00e9ation d\u2019une commande manuelle.<\/p>\n\n\n\n<p>Cr\u00e9er sa commande manuelle (proc\u00e9dure <a href=\"http:\/\/rebub.u-bordeaux.fr\/index.php\/alma\/procedures\/acquisitions\/commandes\/creer-une-notice-provisoire-dacquisition\/\" data-type=\"URL\" data-id=\"http:\/\/rebub.u-bordeaux.fr\/index.php\/alma\/procedures\/acquisitions\/commandes\/creer-une-notice-provisoire-dacquisition\/\">Cr\u00e9er une ligne de commande manuelle<\/a>).<\/p>\n\n\n\n<p>Renseigner les champs : type de mat\u00e9riel, regroupement manuel, fournisseur et financement.<\/p>\n\n\n<div class=\"wp-block-image\">\n<figure class=\"aligncenter\"><img decoding=\"async\" loading=\"lazy\" width=\"1537\" height=\"534\" src=\"https:\/\/rebub.u-bordeaux.fr\/wp-content\/uploads\/2023\/10\/modele1.png\" alt=\"\" class=\"wp-image-17164\" srcset=\"https:\/\/rebub.u-bordeaux.fr\/wp-content\/uploads\/2023\/10\/modele1.png 1537w, https:\/\/rebub.u-bordeaux.fr\/wp-content\/uploads\/2023\/10\/modele1-300x104.png 300w, https:\/\/rebub.u-bordeaux.fr\/wp-content\/uploads\/2023\/10\/modele1-1024x356.png 1024w, https:\/\/rebub.u-bordeaux.fr\/wp-content\/uploads\/2023\/10\/modele1-768x267.png 768w\" sizes=\"(max-width: 1537px) 100vw, 1537px\" \/><\/figure><\/div>\n\n\n<figure class=\"wp-block-image\"><img decoding=\"async\" loading=\"lazy\" width=\"1338\" height=\"735\" src=\"https:\/\/rebub.u-bordeaux.fr\/wp-content\/uploads\/2023\/10\/modele2.png\" alt=\"\" class=\"wp-image-17167\" srcset=\"https:\/\/rebub.u-bordeaux.fr\/wp-content\/uploads\/2023\/10\/modele2.png 1338w, https:\/\/rebub.u-bordeaux.fr\/wp-content\/uploads\/2023\/10\/modele2-300x165.png 300w, https:\/\/rebub.u-bordeaux.fr\/wp-content\/uploads\/2023\/10\/modele2-1024x563.png 1024w, https:\/\/rebub.u-bordeaux.fr\/wp-content\/uploads\/2023\/10\/modele2-768x422.png 768w\" sizes=\"(max-width: 1338px) 100vw, 1338px\" \/><\/figure>\n\n\n\n<p>Dans le menu du haut, cliquer sur le bouton <em>Enregistrer en tant que mod\u00e8le<\/em><\/p>\n\n\n<div class=\"wp-block-image\">\n<figure class=\"aligncenter\"><img decoding=\"async\" loading=\"lazy\" width=\"1211\" height=\"50\" src=\"https:\/\/rebub.u-bordeaux.fr\/wp-content\/uploads\/2023\/10\/enregistrer-en-tant-que.png\" alt=\"\" class=\"wp-image-17170\" srcset=\"https:\/\/rebub.u-bordeaux.fr\/wp-content\/uploads\/2023\/10\/enregistrer-en-tant-que.png 1211w, https:\/\/rebub.u-bordeaux.fr\/wp-content\/uploads\/2023\/10\/enregistrer-en-tant-que-300x12.png 300w, https:\/\/rebub.u-bordeaux.fr\/wp-content\/uploads\/2023\/10\/enregistrer-en-tant-que-1024x42.png 1024w, https:\/\/rebub.u-bordeaux.fr\/wp-content\/uploads\/2023\/10\/enregistrer-en-tant-que-768x32.png 768w\" sizes=\"(max-width: 1211px) 100vw, 1211px\" \/><\/figure><\/div>\n\n\n<p>S\u00e9lectionner Cr\u00e9er nouveau mod\u00e8le, nommer son mod\u00e8le et l&rsquo;enregistrer.<\/p>\n\n\n<div class=\"wp-block-image\">\n<figure class=\"aligncenter is-resized\"><img decoding=\"async\" loading=\"lazy\" src=\"https:\/\/rebub.u-bordeaux.fr\/wp-content\/uploads\/2023\/10\/enregistrer-comme-modele-2-300x197.png\" alt=\"\" class=\"wp-image-17171\" width=\"387\" height=\"254\" srcset=\"https:\/\/rebub.u-bordeaux.fr\/wp-content\/uploads\/2023\/10\/enregistrer-comme-modele-2-300x197.png 300w, https:\/\/rebub.u-bordeaux.fr\/wp-content\/uploads\/2023\/10\/enregistrer-comme-modele-2.png 450w\" sizes=\"(max-width: 387px) 100vw, 387px\" \/><\/figure><\/div>\n\n\n<p>Finir de renseigner sa LBC (quantit\u00e9, note de r\u00e9ception, etc).<\/p>\n\n\n\n<p><em>Enregistrer et continuer<\/em>.<\/p>\n\n\n\n<p>Lors d\u2019une prochaine commande, le mod\u00e8le pourra \u00eatre s\u00e9lectionn\u00e9 en amont :<\/p>\n\n\n\n<figure class=\"wp-block-image\"><a href=\"http:\/\/rebub.u-bordeaux.fr\/wp-content\/uploads\/2020\/02\/Creer_Un_Modele_De_Lignes_De_Commande_Selection_Du_Modele.png\" target=\"_blank\" rel=\"noopener noreferrer\"><img decoding=\"async\" loading=\"lazy\" width=\"787\" height=\"542\" src=\"http:\/\/rebub.u-bordeaux.fr\/wp-content\/uploads\/2020\/02\/Creer_Un_Modele_De_Lignes_De_Commande_Selection_Du_Modele.png\" alt=\"\" class=\"wp-image-7388\" srcset=\"https:\/\/rebub.u-bordeaux.fr\/wp-content\/uploads\/2020\/02\/Creer_Un_Modele_De_Lignes_De_Commande_Selection_Du_Modele.png 787w, https:\/\/rebub.u-bordeaux.fr\/wp-content\/uploads\/2020\/02\/Creer_Un_Modele_De_Lignes_De_Commande_Selection_Du_Modele-300x207.png 300w, https:\/\/rebub.u-bordeaux.fr\/wp-content\/uploads\/2020\/02\/Creer_Un_Modele_De_Lignes_De_Commande_Selection_Du_Modele-768x529.png 768w\" sizes=\"(max-width: 787px) 100vw, 787px\" \/><\/a><\/figure>\n\n\n\n<div class=\"is-layout-flex wp-container-6 wp-block-columns bord-bloc-reutilisable has-background\" style=\"background-color:#d9edf7\">\n<div class=\"is-layout-flow wp-block-column is-vertically-aligned-center\" style=\"font-size:15px;flex-basis:20%\">\n<p style=\"font-size:15px\"><strong>Date de publication<\/strong> <\/p>\n\n\n<div style=\"font-size:15px;\" class=\"wp-block-post-date\"><time datetime=\"2024-03-22T09:34:55+01:00\">22 mars 2024<\/time><\/div><\/div>\n\n\n\n<div class=\"is-layout-flow wp-block-column is-vertically-aligned-center\" style=\"font-size:15px;flex-basis:20%\">\n<p><strong>Mis \u00e0 jour le <\/strong><\/p>\n\n\n<div style=\"font-size:15px;\" class=\"wp-block-post-date\"><time datetime=\"2024-04-26T15:26:38+02:00\">26 avril 2024<\/time><\/div><\/div>\n\n\n\n<div class=\"is-layout-flow wp-block-column is-vertically-aligned-center\" style=\"font-size:15px;flex-basis:40%\">\n<p><\/p>\n\n\n\n<p><strong>Attention ! <\/strong>Certains \u00e9tablissements utilisent parfois de proc\u00e9dures compl\u00e9mentaires <\/p>\n<\/div>\n\n\n\n<div class=\"is-layout-flow wp-block-column is-vertically-aligned-center\" style=\"font-size:15px;flex-basis:25%\">\n<div class=\"is-horizontal is-content-justification-center is-layout-flex wp-container-4 wp-block-buttons alignfull has-custom-font-size\" style=\"font-size:16px\">\n<div class=\"wp-block-button has-custom-width wp-block-button__width-75 has-custom-font-size is-style-fill\" style=\"font-size:15px\"><a class=\"wp-block-button__link has-white-color has-text-color has-background wp-element-button\" href=\"mailto:scoop@u-bordeaux.fr\" style=\"border-radius:65px;background-color:#000000db\"><strong>Signaler une erreur<\/strong><\/a><\/div>\n<\/div>\n<\/div>\n<\/div>\n","protected":false},"excerpt":{"rendered":"<p>Lors de commandes manuelles, des zones de la LBC seront d\u00e9j\u00e0 remplies lorsqu\u2019on utilisera le mod\u00e8le. La cr\u00e9ation du mod\u00e8le se fait au moment de la cr\u00e9ation d\u2019une commande manuelle. Cr\u00e9er sa commande manuelle (proc\u00e9dure Cr\u00e9er une ligne de commande&#8230;<\/p>\n","protected":false},"author":46,"featured_media":4793,"parent":18698,"menu_order":0,"comment_status":"closed","ping_status":"closed","template":"","meta":[],"post_mailing_queue_ids":[],"_links":{"self":[{"href":"http:\/\/rebub.u-bordeaux.fr\/index.php\/wp-json\/wp\/v2\/pages\/18731"}],"collection":[{"href":"http:\/\/rebub.u-bordeaux.fr\/index.php\/wp-json\/wp\/v2\/pages"}],"about":[{"href":"http:\/\/rebub.u-bordeaux.fr\/index.php\/wp-json\/wp\/v2\/types\/page"}],"author":[{"embeddable":true,"href":"http:\/\/rebub.u-bordeaux.fr\/index.php\/wp-json\/wp\/v2\/users\/46"}],"replies":[{"embeddable":true,"href":"http:\/\/rebub.u-bordeaux.fr\/index.php\/wp-json\/wp\/v2\/comments?post=18731"}],"version-history":[{"count":3,"href":"http:\/\/rebub.u-bordeaux.fr\/index.php\/wp-json\/wp\/v2\/pages\/18731\/revisions"}],"predecessor-version":[{"id":20603,"href":"http:\/\/rebub.u-bordeaux.fr\/index.php\/wp-json\/wp\/v2\/pages\/18731\/revisions\/20603"}],"up":[{"embeddable":true,"href":"http:\/\/rebub.u-bordeaux.fr\/index.php\/wp-json\/wp\/v2\/pages\/18698"}],"wp:featuredmedia":[{"embeddable":true,"href":"http:\/\/rebub.u-bordeaux.fr\/index.php\/wp-json\/wp\/v2\/media\/4793"}],"wp:attachment":[{"href":"http:\/\/rebub.u-bordeaux.fr\/index.php\/wp-json\/wp\/v2\/media?parent=18731"}],"curies":[{"name":"wp","href":"https:\/\/api.w.org\/{rel}","templated":true}]}}