	{"id":18746,"date":"2024-03-22T09:35:04","date_gmt":"2024-03-22T08:35:04","guid":{"rendered":"https:\/\/rebub.u-bordeaux.fr\/?page_id=18746"},"modified":"2024-04-26T15:58:03","modified_gmt":"2024-04-26T13:58:03","slug":"annuler-une-reception","status":"publish","type":"page","link":"http:\/\/rebub.u-bordeaux.fr\/index.php\/alma\/procedures\/acquisitions\/reception\/annuler-une-reception\/","title":{"rendered":"Annuler une r\u00e9ception"},"content":{"rendered":"<div id='wpig-floatingbar' class='wpig-floatingbar'><div id='wpig-switch-wrapper' class='wpig-switch-wrapper'><span id='wpig-floating-switch' class='wpig-floating-switch'><img src='http:\/\/rebub.u-bordeaux.fr\/wp-content\/plugins\/sticky-toc-advance-table-of-contents\/\\assets\\menu.png'><\/span><\/div><\/div><p><\/p>\n<p>En cas d\u2019erreur de r\u00e9ception (par exemple r\u00e9ception de 3 exemplaires mais seulement 2 livr\u00e9s), il est possible de d&rsquo;annuler une r\u00e9ception.<\/p>\n\n\n\n<p>Dans le menu Acquisition s\u00e9lectionner \u00ab <strong>R\u00e9ceptionner <\/strong>\u00bb :<\/p>\n\n\n\n<figure class=\"wp-block-image\"><a href=\"http:\/\/rebub.u-bordeaux.fr\/wp-content\/uploads\/2020\/02\/Receptionner.png\" target=\"_blank\" rel=\"noopener noreferrer\"><img decoding=\"async\" loading=\"lazy\" width=\"592\" height=\"153\" src=\"http:\/\/rebub.u-bordeaux.fr\/wp-content\/uploads\/2020\/02\/Receptionner.png\" alt=\"\" class=\"wp-image-7830\" srcset=\"https:\/\/rebub.u-bordeaux.fr\/wp-content\/uploads\/2020\/02\/Receptionner.png 592w, https:\/\/rebub.u-bordeaux.fr\/wp-content\/uploads\/2020\/02\/Receptionner-300x78.png 300w\" sizes=\"(max-width: 592px) 100vw, 592px\" \/><\/a><\/figure>\n\n\n\n<p>Retrouver les LBC concern\u00e9es par une mauvaise r\u00e9ception (recherche ISBN, num\u00e9ro de LBC,\u2026).<\/p>\n\n\n\n<p>On les retrouve facilement en utilisant le filtre \u00ab <strong>Statut : En attente de facturation <\/strong>\u00bb :<\/p>\n\n\n\n<figure class=\"wp-block-image\"><a href=\"http:\/\/rebub.u-bordeaux.fr\/wp-content\/uploads\/2020\/02\/En_Attente_De_Facturation.png\" target=\"_blank\" rel=\"noopener noreferrer\"><img decoding=\"async\" loading=\"lazy\" width=\"820\" height=\"256\" src=\"http:\/\/rebub.u-bordeaux.fr\/wp-content\/uploads\/2020\/02\/En_Attente_De_Facturation.png\" alt=\"\" class=\"wp-image-7832\" srcset=\"https:\/\/rebub.u-bordeaux.fr\/wp-content\/uploads\/2020\/02\/En_Attente_De_Facturation.png 820w, https:\/\/rebub.u-bordeaux.fr\/wp-content\/uploads\/2020\/02\/En_Attente_De_Facturation-300x94.png 300w, https:\/\/rebub.u-bordeaux.fr\/wp-content\/uploads\/2020\/02\/En_Attente_De_Facturation-768x240.png 768w\" sizes=\"(max-width: 820px) 100vw, 820px\" \/><\/a><\/figure>\n\n\n\n<p>Passer par le menu <img decoding=\"async\" loading=\"lazy\" class=\"alignnone size-full wp-image-7785\" src=\"http:\/\/rebub.u-bordeaux.fr\/wp-content\/uploads\/2020\/02\/Bouton_Trois_Points_B.png\" alt=\"\" width=\"26\" height=\"22\">&nbsp;&nbsp;, s\u00e9lectionner&nbsp; <img decoding=\"async\" loading=\"lazy\" class=\"alignnone size-full wp-image-7833\" src=\"http:\/\/rebub.u-bordeaux.fr\/wp-content\/uploads\/2020\/02\/Bouton_Gerer_Les_Exemplaires.png\" alt=\"\" width=\"144\" height=\"27\">&nbsp;&nbsp;puis<img decoding=\"async\" loading=\"lazy\" class=\"alignnone size-full wp-image-7834\" src=\"http:\/\/rebub.u-bordeaux.fr\/wp-content\/uploads\/2020\/02\/Bouton_Annuler_Reception.png\" alt=\"\" width=\"152\" height=\"34\" srcset=\"https:\/\/rebub.u-bordeaux.fr\/wp-content\/uploads\/2020\/02\/Bouton_Annuler_Reception.png 152w, https:\/\/rebub.u-bordeaux.fr\/wp-content\/uploads\/2020\/02\/Bouton_Annuler_Reception-150x34.png 150w\" sizes=\"(max-width: 152px) 100vw, 152px\" \/><\/p>\n\n\n\n<p>Alma affiche un message d\u2019alerte : cliquer sur \u00ab <strong>Confirmer <\/strong>\u00bb<\/p>\n\n\n<div class=\"wp-block-image\">\n<figure class=\"aligncenter\"><a href=\"http:\/\/rebub.u-bordeaux.fr\/wp-content\/uploads\/2020\/02\/Annuler_Reception.png\" target=\"_blank\" rel=\"noopener noreferrer\"><img decoding=\"async\" loading=\"lazy\" width=\"536\" height=\"120\" src=\"http:\/\/rebub.u-bordeaux.fr\/wp-content\/uploads\/2020\/02\/Annuler_Reception.png\" alt=\"\" class=\"wp-image-7835\" srcset=\"https:\/\/rebub.u-bordeaux.fr\/wp-content\/uploads\/2020\/02\/Annuler_Reception.png 536w, https:\/\/rebub.u-bordeaux.fr\/wp-content\/uploads\/2020\/02\/Annuler_Reception-300x67.png 300w\" sizes=\"(max-width: 536px) 100vw, 536px\" \/><\/a><\/figure><\/div>\n\n\n<p>Un message confirme l\u2019op\u00e9ration :<\/p>\n\n\n<div class=\"wp-block-image\">\n<figure class=\"aligncenter\"><a href=\"http:\/\/rebub.u-bordeaux.fr\/wp-content\/uploads\/2020\/02\/Message_Annulation_Reception-300x85.png\" target=\"_blank\" rel=\"noopener noreferrer\"><img decoding=\"async\" loading=\"lazy\" width=\"332\" height=\"94\" src=\"http:\/\/rebub.u-bordeaux.fr\/wp-content\/uploads\/2020\/02\/Message_Annulation_Reception.png\" alt=\"\" class=\"wp-image-7836\" srcset=\"https:\/\/rebub.u-bordeaux.fr\/wp-content\/uploads\/2020\/02\/Message_Annulation_Reception.png 332w, https:\/\/rebub.u-bordeaux.fr\/wp-content\/uploads\/2020\/02\/Message_Annulation_Reception-300x85.png 300w\" sizes=\"(max-width: 332px) 100vw, 332px\" \/><\/a><\/figure><\/div>\n\n\n<p>La r\u00e9ception est d\u00e9faite et le document retrouve son statut \u00ab en commande \u00bb.&nbsp; La ligne de bon de commande du document retrouve son statut \u00ab envoy\u00e9 \u00bb.<\/p>\n\n\n\n<div class=\"is-layout-constrained wp-block-group bord-bloc-reutilisable\"><div class=\"wp-block-group__inner-container\">\n<div class=\"is-layout-flex wp-container-3 wp-block-columns alignfull bord-bloc-reutilisable has-background\" style=\"background-color:#ff303047\">\n<div class=\"is-layout-flow wp-block-column is-vertically-aligned-center\" style=\"flex-basis:7%\">\n<figure class=\"wp-block-image alignfull size-full\"><img decoding=\"async\" loading=\"lazy\" width=\"512\" height=\"512\" src=\"https:\/\/rebub.u-bordeaux.fr\/wp-content\/uploads\/2024\/04\/point-dexclamation.png\" alt=\"\" class=\"wp-image-19898\" srcset=\"https:\/\/rebub.u-bordeaux.fr\/wp-content\/uploads\/2024\/04\/point-dexclamation.png 512w, https:\/\/rebub.u-bordeaux.fr\/wp-content\/uploads\/2024\/04\/point-dexclamation-300x300.png 300w, https:\/\/rebub.u-bordeaux.fr\/wp-content\/uploads\/2024\/04\/point-dexclamation-150x150.png 150w\" sizes=\"(max-width: 512px) 100vw, 512px\" \/><\/figure>\n<\/div>\n\n\n\n<div class=\"is-layout-flow wp-block-column is-vertically-aligned-center\" style=\"flex-basis:85%\">\n<p><strong>Attention !<\/strong> Si vous avez d\u00e9j\u00e0 saisi le code-barres, il reste actif dans Alma, il est n\u00e9cessaire de le supprimer et de g\u00e9n\u00e9rer un code-barres fictif.<\/p>\n<\/div>\n<\/div>\n<\/div><\/div>\n\n\n\n<p>Dans ce cas partir de la LBC concern\u00e9e, retourner sur le menu puis \u00ab G\u00e9rer les exemplaires \u00bb et s\u00e9lectionner \u00ab Modifier exemplaire \u00bb.<\/p>\n\n\n\n<figure class=\"wp-block-image\"><a href=\"http:\/\/rebub.u-bordeaux.fr\/wp-content\/uploads\/2020\/02\/Modifuer_Exemplaire.png\" target=\"_blank\" rel=\"noopener noreferrer\"><img decoding=\"async\" loading=\"lazy\" width=\"1272\" height=\"162\" src=\"http:\/\/rebub.u-bordeaux.fr\/wp-content\/uploads\/2020\/02\/Modifuer_Exemplaire.png\" alt=\"\" class=\"wp-image-7868\" srcset=\"https:\/\/rebub.u-bordeaux.fr\/wp-content\/uploads\/2020\/02\/Modifuer_Exemplaire.png 1272w, https:\/\/rebub.u-bordeaux.fr\/wp-content\/uploads\/2020\/02\/Modifuer_Exemplaire-300x38.png 300w, https:\/\/rebub.u-bordeaux.fr\/wp-content\/uploads\/2020\/02\/Modifuer_Exemplaire-1024x130.png 1024w, https:\/\/rebub.u-bordeaux.fr\/wp-content\/uploads\/2020\/02\/Modifuer_Exemplaire-768x98.png 768w\" sizes=\"(max-width: 1272px) 100vw, 1272px\" \/><\/a><\/figure>\n\n\n\n<p>On bascule alors dans la notice exemplaire : cliquer sur \u00ab G\u00e9n\u00e9rer \u00bb au niveau de la zone du code-barres.<\/p>\n\n\n\n<figure class=\"wp-block-image\"><a href=\"http:\/\/rebub.u-bordeaux.fr\/wp-content\/uploads\/2020\/02\/Code_Barres_Fictif-300x26.png\" target=\"_blank\" rel=\"noopener noreferrer\"><img decoding=\"async\" loading=\"lazy\" width=\"870\" height=\"75\" src=\"http:\/\/rebub.u-bordeaux.fr\/wp-content\/uploads\/2020\/02\/Code_Barres_Fictif.png\" alt=\"\" class=\"wp-image-7872\" srcset=\"https:\/\/rebub.u-bordeaux.fr\/wp-content\/uploads\/2020\/02\/Code_Barres_Fictif.png 870w, https:\/\/rebub.u-bordeaux.fr\/wp-content\/uploads\/2020\/02\/Code_Barres_Fictif-300x26.png 300w, https:\/\/rebub.u-bordeaux.fr\/wp-content\/uploads\/2020\/02\/Code_Barres_Fictif-768x66.png 768w\" sizes=\"(max-width: 870px) 100vw, 870px\" \/><\/a><\/figure>\n\n\n\n<figure class=\"wp-block-image\"><a href=\"http:\/\/rebub.u-bordeaux.fr\/wp-content\/uploads\/2020\/02\/Generer_Code_Barres.png\" target=\"_blank\" rel=\"noopener noreferrer\"><img decoding=\"async\" loading=\"lazy\" width=\"795\" height=\"320\" src=\"http:\/\/rebub.u-bordeaux.fr\/wp-content\/uploads\/2020\/02\/Generer_Code_Barres.png\" alt=\"\" class=\"wp-image-7873\" srcset=\"https:\/\/rebub.u-bordeaux.fr\/wp-content\/uploads\/2020\/02\/Generer_Code_Barres.png 795w, https:\/\/rebub.u-bordeaux.fr\/wp-content\/uploads\/2020\/02\/Generer_Code_Barres-300x121.png 300w, https:\/\/rebub.u-bordeaux.fr\/wp-content\/uploads\/2020\/02\/Generer_Code_Barres-768x309.png 768w\" sizes=\"(max-width: 795px) 100vw, 795px\" \/><\/a><\/figure>\n\n\n\n<p>Alma g\u00e9n\u00e8re un code-barres fictif :<\/p>\n\n\n\n<figure class=\"wp-block-image\"><a href=\"http:\/\/rebub.u-bordeaux.fr\/wp-content\/uploads\/2020\/02\/Code_Barres_Fictif.png\" target=\"_blank\" rel=\"noopener noreferrer\"><img decoding=\"async\" loading=\"lazy\" width=\"870\" height=\"75\" src=\"http:\/\/rebub.u-bordeaux.fr\/wp-content\/uploads\/2020\/02\/Code_Barres_Fictif.png\" alt=\"\" class=\"wp-image-7872\" srcset=\"https:\/\/rebub.u-bordeaux.fr\/wp-content\/uploads\/2020\/02\/Code_Barres_Fictif.png 870w, https:\/\/rebub.u-bordeaux.fr\/wp-content\/uploads\/2020\/02\/Code_Barres_Fictif-300x26.png 300w, https:\/\/rebub.u-bordeaux.fr\/wp-content\/uploads\/2020\/02\/Code_Barres_Fictif-768x66.png 768w\" sizes=\"(max-width: 870px) 100vw, 870px\" \/><\/a><\/figure>\n\n\n\n<p>Cliquer sur \u00abEnregistrer\u00bb , Alma affiche un message de confirmation.<\/p>\n\n\n<div class=\"wp-block-image\">\n<figure class=\"aligncenter\"><a href=\"http:\/\/rebub.u-bordeaux.fr\/wp-content\/uploads\/2020\/02\/Message_Confirmation.png\" target=\"_blank\" rel=\"noopener noreferrer\"><img decoding=\"async\" loading=\"lazy\" width=\"466\" height=\"153\" src=\"http:\/\/rebub.u-bordeaux.fr\/wp-content\/uploads\/2020\/02\/Message_Confirmation.png\" alt=\"\" class=\"wp-image-7871\" srcset=\"https:\/\/rebub.u-bordeaux.fr\/wp-content\/uploads\/2020\/02\/Message_Confirmation.png 466w, https:\/\/rebub.u-bordeaux.fr\/wp-content\/uploads\/2020\/02\/Message_Confirmation-300x98.png 300w\" sizes=\"(max-width: 466px) 100vw, 466px\" \/><\/a><\/figure><\/div>\n\n\n<div class=\"is-layout-flex wp-container-10 wp-block-columns bord-bloc-reutilisable has-background\" style=\"background-color:#d9edf7\">\n<div class=\"is-layout-flow wp-block-column is-vertically-aligned-center\" style=\"font-size:15px;flex-basis:20%\">\n<p style=\"font-size:15px\"><strong>Date de publication<\/strong> <\/p>\n\n\n<div style=\"font-size:15px;\" class=\"wp-block-post-date\"><time datetime=\"2024-03-22T09:35:04+01:00\">22 mars 2024<\/time><\/div><\/div>\n\n\n\n<div class=\"is-layout-flow wp-block-column is-vertically-aligned-center\" style=\"font-size:15px;flex-basis:20%\">\n<p><strong>Mis \u00e0 jour le <\/strong><\/p>\n\n\n<div style=\"font-size:15px;\" class=\"wp-block-post-date\"><time datetime=\"2024-04-26T15:58:03+02:00\">26 avril 2024<\/time><\/div><\/div>\n\n\n\n<div class=\"is-layout-flow wp-block-column is-vertically-aligned-center\" style=\"font-size:15px;flex-basis:40%\">\n<p><\/p>\n\n\n\n<p><strong>Attention ! <\/strong>Certains \u00e9tablissements utilisent parfois de proc\u00e9dures compl\u00e9mentaires <\/p>\n<\/div>\n\n\n\n<div class=\"is-layout-flow wp-block-column is-vertically-aligned-center\" style=\"font-size:15px;flex-basis:25%\">\n<div class=\"is-horizontal is-content-justification-center is-layout-flex wp-container-8 wp-block-buttons alignfull has-custom-font-size\" style=\"font-size:16px\">\n<div class=\"wp-block-button has-custom-width wp-block-button__width-75 has-custom-font-size is-style-fill\" style=\"font-size:15px\"><a class=\"wp-block-button__link has-white-color has-text-color has-background wp-element-button\" href=\"mailto:scoop@u-bordeaux.fr\" style=\"border-radius:65px;background-color:#000000db\"><strong>Signaler une erreur<\/strong><\/a><\/div>\n<\/div>\n<\/div>\n<\/div>\n","protected":false},"excerpt":{"rendered":"<p>En cas d\u2019erreur de r\u00e9ception (par exemple r\u00e9ception de 3 exemplaires mais seulement 2 livr\u00e9s), il est possible de d&rsquo;annuler une r\u00e9ception. Dans le menu Acquisition s\u00e9lectionner \u00ab R\u00e9ceptionner \u00bb : Retrouver les LBC concern\u00e9es par une mauvaise r\u00e9ception (recherche&#8230;<\/p>\n","protected":false},"author":46,"featured_media":4793,"parent":18699,"menu_order":2,"comment_status":"closed","ping_status":"closed","template":"","meta":[],"post_mailing_queue_ids":[],"_links":{"self":[{"href":"http:\/\/rebub.u-bordeaux.fr\/index.php\/wp-json\/wp\/v2\/pages\/18746"}],"collection":[{"href":"http:\/\/rebub.u-bordeaux.fr\/index.php\/wp-json\/wp\/v2\/pages"}],"about":[{"href":"http:\/\/rebub.u-bordeaux.fr\/index.php\/wp-json\/wp\/v2\/types\/page"}],"author":[{"embeddable":true,"href":"http:\/\/rebub.u-bordeaux.fr\/index.php\/wp-json\/wp\/v2\/users\/46"}],"replies":[{"embeddable":true,"href":"http:\/\/rebub.u-bordeaux.fr\/index.php\/wp-json\/wp\/v2\/comments?post=18746"}],"version-history":[{"count":3,"href":"http:\/\/rebub.u-bordeaux.fr\/index.php\/wp-json\/wp\/v2\/pages\/18746\/revisions"}],"predecessor-version":[{"id":20627,"href":"http:\/\/rebub.u-bordeaux.fr\/index.php\/wp-json\/wp\/v2\/pages\/18746\/revisions\/20627"}],"up":[{"embeddable":true,"href":"http:\/\/rebub.u-bordeaux.fr\/index.php\/wp-json\/wp\/v2\/pages\/18699"}],"wp:featuredmedia":[{"embeddable":true,"href":"http:\/\/rebub.u-bordeaux.fr\/index.php\/wp-json\/wp\/v2\/media\/4793"}],"wp:attachment":[{"href":"http:\/\/rebub.u-bordeaux.fr\/index.php\/wp-json\/wp\/v2\/media?parent=18746"}],"curies":[{"name":"wp","href":"https:\/\/api.w.org\/{rel}","templated":true}]}}