	{"id":18765,"date":"2024-03-22T09:35:21","date_gmt":"2024-03-22T08:35:21","guid":{"rendered":"https:\/\/rebub.u-bordeaux.fr\/?page_id=18765"},"modified":"2024-05-06T11:38:06","modified_gmt":"2024-05-06T09:38:06","slug":"circuit-des-donnees-lecteurs","status":"publish","type":"page","link":"http:\/\/rebub.u-bordeaux.fr\/index.php\/alma\/configuration-administration\/services-aux-usagers\/gestion-des-lecteurs\/circuit-des-donnees-lecteurs\/","title":{"rendered":"Circuit des donn\u00e9es lecteurs"},"content":{"rendered":"<div id='wpig-floatingbar' class='wpig-floatingbar'><div id='wpig-switch-wrapper' class='wpig-switch-wrapper'><span id='wpig-floating-switch' class='wpig-floating-switch'><img src='http:\/\/rebub.u-bordeaux.fr\/wp-content\/plugins\/sticky-toc-advance-table-of-contents\/\\assets\\menu.png'><\/span><\/div><div id='wpig-contents' class='wpig-contents  wpig-sidebar-widget wpig-style-3'><span class='wpig-headline'>Table des mati\u00e8res<span><a data-action='show' class='wpig-btn-toggledisplay'>[ Show ]<\/a><\/span><\/span><!-- Table of Contents --><div id='wpig-table-of-content' class='wpig-table-of-content'><ol><li class='stoc-circuit-des-donnees-de-comptes-externes'><a href='#stoc-circuit-des-donnees-de-comptes-externes'>Circuit des donn\u00e9es de comptes externes<\/a><ol><li class='stoc-1-extraction-des-donnees-par-la-dsi'><a href='#stoc-1-extraction-des-donnees-par-la-dsi'>1. Extraction des donn\u00e9es par la DSI<\/a><\/li><li class='stoc-2-serveur-sftp-dsi-ub'><a href='#stoc-2-serveur-sftp-dsi-ub'>2. Serveur SFTP DSI UB<\/a><\/li><li class='stoc-3-le-chargeur-des-lecteurs-profil-dintegration-student-information-system-ou-sis-loader'><a href='#stoc-3-le-chargeur-des-lecteurs-profil-dintegration-student-information-system-ou-sis-loader'>3. Le chargeur des lecteurs : profil d&rsquo;int\u00e9gration Student information system ou SIS Loader<\/a><\/li><li class='stoc-4-envoi-des-informations-lecteurs-configuration-du-webhook'><a href='#stoc-4-envoi-des-informations-lecteurs-configuration-du-webhook'>4. Envoi des informations lecteurs : configuration du webhook<\/a><\/li><li class='stoc-5-distribution-des-comptes-dans-les-institutions'><a href='#stoc-5-distribution-des-comptes-dans-les-institutions'>5. Distribution des comptes dans les institutions <\/a><\/li><\/ol><li class='stoc-circuit-des-donnees-des-comptes-internes'><a href='#stoc-circuit-des-donnees-des-comptes-internes'>Circuit des donn\u00e9es des comptes internes<\/a><ol><li class='stoc-configuration-des-webhook'><a href='#stoc-configuration-des-webhook'>Configuration des webhook<\/a><\/li><li class='stoc-programme-de-distribution-des-comptes'><a href='#stoc-programme-de-distribution-des-comptes'>Programme de distribution des comptes<\/a><\/li><\/ol><\/li><\/li><\/div><!-- END OF Table of Contents --><\/div><\/div><p><div id='wpig-contents' class='wpig-contents  wpig-sidebar-widget wpig-style-1'><span class='wpig-headline'>Table des mati\u00e8res<span><a data-action='show' class='wpig-btn-toggledisplay'>[ Show ]<\/a><\/span><\/span><!-- Table of Contents --><div id='wpig-table-of-content' class='wpig-table-of-content' ><ol><li class='stoc-circuit-des-donnees-de-comptes-externes'><a href='#stoc-circuit-des-donnees-de-comptes-externes'>Circuit des donn\u00e9es de comptes externes<\/a><ol><li class='stoc-1-extraction-des-donnees-par-la-dsi'><a href='#stoc-1-extraction-des-donnees-par-la-dsi'>1. Extraction des donn\u00e9es par la DSI<\/a><\/li><li class='stoc-2-serveur-sftp-dsi-ub'><a href='#stoc-2-serveur-sftp-dsi-ub'>2. Serveur SFTP DSI UB<\/a><\/li><li class='stoc-3-le-chargeur-des-lecteurs-profil-dintegration-student-information-system-ou-sis-loader'><a href='#stoc-3-le-chargeur-des-lecteurs-profil-dintegration-student-information-system-ou-sis-loader'>3. Le chargeur des lecteurs : profil d&rsquo;int\u00e9gration Student information system ou SIS Loader<\/a><\/li><li class='stoc-4-envoi-des-informations-lecteurs-configuration-du-webhook'><a href='#stoc-4-envoi-des-informations-lecteurs-configuration-du-webhook'>4. Envoi des informations lecteurs : configuration du webhook<\/a><\/li><li class='stoc-5-distribution-des-comptes-dans-les-institutions'><a href='#stoc-5-distribution-des-comptes-dans-les-institutions'>5. Distribution des comptes dans les institutions <\/a><\/li><\/ol><li class='stoc-circuit-des-donnees-des-comptes-internes'><a href='#stoc-circuit-des-donnees-des-comptes-internes'>Circuit des donn\u00e9es des comptes internes<\/a><ol><li class='stoc-configuration-des-webhook'><a href='#stoc-configuration-des-webhook'>Configuration des webhook<\/a><\/li><li class='stoc-programme-de-distribution-des-comptes'><a href='#stoc-programme-de-distribution-des-comptes'>Programme de distribution des comptes<\/a><\/li><\/ol><\/li><\/li><\/div><!-- END OF Table of Contents --><\/div><\/p>\n<p>Dans Alma nous g\u00e9rons deux typologies de comtes : <\/p>\n\n\n\n<ul>\n<li>des <strong>comptes externes<\/strong> pour des individus membres de nos institutions<\/li>\n\n\n\n<li>des <strong>comptes internes<\/strong> pour des individus ext\u00e9rieurs \u00e0 nos biblioth\u00e8ques ou des comptes relatifs aux biblioth\u00e8ques emprunteuses du PEB.<\/li>\n<\/ul>\n\n\n<div class=\"wp-block-image\">\n<figure class=\"aligncenter size-large\"><img decoding=\"async\" loading=\"lazy\" width=\"1024\" height=\"559\" src=\"https:\/\/rebub.u-bordeaux.fr\/wp-content\/uploads\/2022\/09\/Compte-interne-1024x559.png\" alt=\"\" class=\"wp-image-14120\" srcset=\"https:\/\/rebub.u-bordeaux.fr\/wp-content\/uploads\/2022\/09\/Compte-interne-1024x559.png 1024w, https:\/\/rebub.u-bordeaux.fr\/wp-content\/uploads\/2022\/09\/Compte-interne-300x164.png 300w, https:\/\/rebub.u-bordeaux.fr\/wp-content\/uploads\/2022\/09\/Compte-interne-768x419.png 768w, https:\/\/rebub.u-bordeaux.fr\/wp-content\/uploads\/2022\/09\/Compte-interne-1536x839.png 1536w, https:\/\/rebub.u-bordeaux.fr\/wp-content\/uploads\/2022\/09\/Compte-interne.png 1665w\" sizes=\"(max-width: 1024px) 100vw, 1024px\" \/><figcaption class=\"wp-element-caption\">Compte interne dans Alma<\/figcaption><\/figure><\/div>\n\n<div class=\"wp-block-image\">\n<figure class=\"aligncenter size-large\"><img decoding=\"async\" loading=\"lazy\" width=\"1024\" height=\"559\" src=\"https:\/\/rebub.u-bordeaux.fr\/wp-content\/uploads\/2022\/09\/Compte-externes-1024x559.png\" alt=\"\" class=\"wp-image-14119\" srcset=\"https:\/\/rebub.u-bordeaux.fr\/wp-content\/uploads\/2022\/09\/Compte-externes-1024x559.png 1024w, https:\/\/rebub.u-bordeaux.fr\/wp-content\/uploads\/2022\/09\/Compte-externes-300x164.png 300w, https:\/\/rebub.u-bordeaux.fr\/wp-content\/uploads\/2022\/09\/Compte-externes-768x419.png 768w, https:\/\/rebub.u-bordeaux.fr\/wp-content\/uploads\/2022\/09\/Compte-externes-1536x839.png 1536w, https:\/\/rebub.u-bordeaux.fr\/wp-content\/uploads\/2022\/09\/Compte-externes.png 1665w\" sizes=\"(max-width: 1024px) 100vw, 1024px\" \/><figcaption class=\"wp-element-caption\">Compte externe dans Alma<\/figcaption><\/figure><\/div>\n\n\n<p class=\"has-text-align-left\"> A chaque type de compte correspond un circuit et un mode de gestion.<\/p>\n\n\n\n<figure class=\"wp-block-table is-style-regular\"><table class=\"has-fixed-layout\"><thead><tr><th><\/th><th><strong>Compte externe<\/strong><\/th><th>Compte interne<\/th><\/tr><\/thead><tbody><tr><td>\u00ab\u00a0<strong>Cat. de poste\u00a0\u00bb concern\u00e9e<\/strong><\/td><td>Personnel,Personnel h\u00e9berg\u00e9,\u00c9tudiant, Professionnel<\/td><td>Lecteur ext\u00e9rieur, Biblioth\u00e8que PEB<\/td><\/tr><tr><td><strong>Source des donn\u00e9es<\/strong><\/td><td>Syst\u00e8me d&rsquo;information (SI) des \u00e9tablissements (SI RH, Annuaire LDAP et SI scolarit\u00e9)<\/td><td>Saisie dans le syst\u00e8me par les biblioth\u00e9caires<\/td><\/tr><tr><td><strong>Instance d&rsquo;entr\u00e9e des donn\u00e9es <\/strong><\/td><td>Zone r\u00e9seau (SIS loader)<\/td><td>Zone institutionnel<\/td><\/tr><tr><td><strong>Mode d&rsquo;authentification du lecteur <\/strong><\/td><td>SAML (Syst\u00e8me d&rsquo;authentification des \u00e9tablissements)<\/td><td>Service d&rsquo;identit\u00e9 d&rsquo;Exlibris <\/td><\/tr><tr><td><strong>Le compte peut-il \u00eatre modifi\u00e9 par les biblioth\u00e9caires<\/strong><\/td><td>Non. Les modifications doivent redescendre du SI de l&rsquo;\u00e9tablissement.<\/td><td>Oui.<\/td><\/tr><\/tbody><\/table><\/figure>\n\n\n\n<p><\/p>\n\n\n\n<h2 id=\"stoc-circuit-des-donnees-de-comptes-externes\" class=\"wpig-heading\">Circuit des donn\u00e9es de comptes externes<\/h2>\n\n\n\n<p>Les comptes externes sont charg\u00e9s chaque nuit dans la zone r\u00e9seau \u00e0 partir d&rsquo;extractions des donn\u00e9es fournis par les DSI. D\u00e8s que le compte est cr\u00e9\u00e9 dans la zone r\u00e9seau il est automatiquement copi\u00e9 dans les institutions. <\/p>\n\n\n\n<figure class=\"wp-block-image size-large\"><img decoding=\"async\" loading=\"lazy\" width=\"785\" height=\"1024\" src=\"https:\/\/rebub.u-bordeaux.fr\/wp-content\/uploads\/2022\/09\/Circuit-Donees-lecteurs-compte-externes-785x1024.png\" alt=\"\" class=\"wp-image-14139\" srcset=\"https:\/\/rebub.u-bordeaux.fr\/wp-content\/uploads\/2022\/09\/Circuit-Donees-lecteurs-compte-externes-785x1024.png 785w, https:\/\/rebub.u-bordeaux.fr\/wp-content\/uploads\/2022\/09\/Circuit-Donees-lecteurs-compte-externes-230x300.png 230w, https:\/\/rebub.u-bordeaux.fr\/wp-content\/uploads\/2022\/09\/Circuit-Donees-lecteurs-compte-externes-768x1002.png 768w, https:\/\/rebub.u-bordeaux.fr\/wp-content\/uploads\/2022\/09\/Circuit-Donees-lecteurs-compte-externes.png 841w\" sizes=\"(max-width: 785px) 100vw, 785px\" \/><figcaption class=\"wp-element-caption\">Circuit des donn\u00e9es des lecteurs institutionnels<\/figcaption><\/figure>\n\n\n\n<h3 id=\"stoc-1-extraction-des-donnees-par-la-dsi\" class=\"wpig-heading\">1. Extraction des donn\u00e9es par la DSI<\/h3>\n\n\n\n<p>cf. <a href=\"https:\/\/rebub.u-bordeaux.fr\/index.php\/alma\/configuration-administration\/services-aux-usagers\/gestion-des-lecteurs\/les-imports-de-lecteurs\/\" data-type=\"page\">Les imports de lecteurs<\/a><\/p>\n\n\n\n<h3 id=\"stoc-2-serveur-sftp-dsi-ub\" class=\"wpig-heading\">2. Serveur SFTP DSI UB<\/h3>\n\n\n\n<p>Le serveur est configur\u00e9 dans la Zone r\u00e9seau (NZ) sous <strong>Configuration&gt;G\u00e9n\u00e9ral&gt;Syst\u00e8mes externes&gt;D\u00e9finitions S\/FTP<\/strong>. Le nom du serveur est <strong>depot.u-bordeaux.fr<\/strong>. D\u00e9clarer le r\u00e9pertoire D\u00e9p\u00f4t comme le r\u00e9pertoire racine du serveur.<\/p>\n\n\n\n<p><strong>Attention ! : <\/strong>Si vous travaillez dans le bac \u00e0 sable il est n\u00e9cessaire d&rsquo;autoriser le serveur dans <strong>Configuration&gt;G\u00e9n\u00e9ral&gt;Syst\u00e8mes externes&gt;Connexions S\/FTP autoris\u00e9es<\/strong>. Il est n\u00e9cessaire de red\u00e9finir ces autorisations apr\u00e8s chaque mise \u00e0 jour des bacs \u00e0 sable.<\/p>\n\n\n\n<h3 id=\"stoc-3-le-chargeur-des-lecteurs-profil-dintegration-student-information-system-ou-sis-loader\" class=\"wpig-heading\">3. Le chargeur des lecteurs : profil d&rsquo;int\u00e9gration Student information system ou SIS Loader<\/h3>\n\n\n\n<p>Le SIS Loader est configur\u00e9 dans la NZ <strong>Configuration&gt;G\u00e9n\u00e9ral&gt;Syst\u00e8mes externes&gt;Profils d&rsquo;int\u00e9gration<\/strong>&gt;<strong>Student information system<\/strong><\/p>\n\n\n\n<figure class=\"wp-block-image size-large\"><img decoding=\"async\" loading=\"lazy\" width=\"1024\" height=\"354\" src=\"https:\/\/rebub.u-bordeaux.fr\/wp-content\/uploads\/2022\/09\/image-1-1024x354.png\" alt=\"\" class=\"wp-image-14144\" srcset=\"https:\/\/rebub.u-bordeaux.fr\/wp-content\/uploads\/2022\/09\/image-1-1024x354.png 1024w, https:\/\/rebub.u-bordeaux.fr\/wp-content\/uploads\/2022\/09\/image-1-300x104.png 300w, https:\/\/rebub.u-bordeaux.fr\/wp-content\/uploads\/2022\/09\/image-1-768x265.png 768w, https:\/\/rebub.u-bordeaux.fr\/wp-content\/uploads\/2022\/09\/image-1.png 1221w\" sizes=\"(max-width: 1024px) 100vw, 1024px\" \/><figcaption class=\"wp-element-caption\">Configuration du SIS Loader<\/figcaption><\/figure>\n\n\n\n<p>Seul la parie <strong>SYNCHRONISER <\/strong>est \u00e0 configurer :<\/p>\n\n\n\n<ul>\n<li><strong>Active <\/strong>: Actif (<em>Profil acctiv\u00e9 ou d\u00e9sactiv\u00e9)<\/em><\/li>\n\n\n\n<li><strong>Type de notice : <\/strong>Public<\/li>\n\n\n\n<li><strong>Correspondance sur : <\/strong>Identifiant principale <em>(clef de recouvrement. Chez nous l&rsquo;EPPN<\/em>)<\/li>\n\n\n\n<li><strong>Notice sans correspondance  : <\/strong>Ajouter (Autoriser ou non le job \u00e0 cr\u00e9er des comptes)<\/li>\n\n\n\n<li><strong>Planification : <\/strong>Tous les jours 5h<\/li>\n<\/ul>\n\n\n\n<p><strong>A noter ! : <\/strong>Dans la section <strong>IMPORTER <\/strong>vous pouvez<strong> g\u00e9n\u00e9rer un \u00e9chantillon<\/strong> (1.) sur la base d&rsquo;un compte lecteur existant. Z<strong>iper<\/strong> le fichier ainsi obtenu avant de le d\u00e9poser sur le serveur FTP puis <strong>ex\u00e9cuter le profil de synchronisation (2.)<\/strong>.<\/p>\n\n\n\n<figure class=\"wp-block-image size-large\"><img decoding=\"async\" loading=\"lazy\" width=\"1024\" height=\"674\" src=\"https:\/\/rebub.u-bordeaux.fr\/wp-content\/uploads\/2022\/09\/Systeme-externe-1024x674.png\" alt=\"\" class=\"wp-image-14145\" srcset=\"https:\/\/rebub.u-bordeaux.fr\/wp-content\/uploads\/2022\/09\/Systeme-externe-1024x674.png 1024w, https:\/\/rebub.u-bordeaux.fr\/wp-content\/uploads\/2022\/09\/Systeme-externe-300x198.png 300w, https:\/\/rebub.u-bordeaux.fr\/wp-content\/uploads\/2022\/09\/Systeme-externe-768x506.png 768w, https:\/\/rebub.u-bordeaux.fr\/wp-content\/uploads\/2022\/09\/Systeme-externe.png 1151w\" sizes=\"(max-width: 1024px) 100vw, 1024px\" \/><figcaption class=\"wp-element-caption\">G\u00e9n\u00e9rer un \u00e9chantillon<\/figcaption><\/figure>\n\n\n\n<p><a href=\"https:\/\/knowledge.exlibrisgroup.com\/Alma\/Product_Documentation\/Alma_Online_Help_(Francais)\/130Int\u00e9grations_avec_des_syst\u00e8mes_externes\/050Gestion_des_utilisateurs\/010Syst\u00e8mes_d'Information_\u00c9tudiant\">https:\/\/knowledge.exlibrisgroup.com\/Alma\/Product_Documentation\/Alma_Online_Help_(Francais)\/130Int\u00e9grations_avec_des_syst\u00e8mes_externes\/050Gestion_des_utilisateurs\/010Syst\u00e8mes_d&rsquo;Information_\u00c9tudiant<\/a><\/p>\n\n\n\n<h3 id=\"stoc-4-envoi-des-informations-lecteurs-configuration-du-webhook\" class=\"wpig-heading\">4. Envoi des informations lecteurs : configuration du webhook<\/h3>\n\n\n\n<p>Le webhook va permettre de d\u00e9clencher une requ\u00eate HTTPS vers le serveur web du SCOOP \u00e0 chaque modification d&rsquo;un compte lecteur \u00c9tudiant ou Personnel. Les donn\u00e9es du lecteur accompagnent la requ\u00eate POST.<\/p>\n\n\n\n<p><a href=\"https:\/\/developers.exlibrisgroup.com\/alma\/integrations\/webhooks\/\">Pour en savoir plus sur les webhooks<\/a><\/p>\n\n\n\n<p>Le webhook est configur\u00e9 via le profil d&rsquo;int\u00e9gration WEBHOOKS_UTILISATEURS situ\u00e9 dans la Zone r\u00e9seau. <strong>Configuration&gt;G\u00e9n\u00e9ral&gt;Syst\u00e8mes externes&gt;Profils d&rsquo;int\u00e9gration&gt;WEBHOOKS_UTILISATEURS <\/strong><\/p>\n\n\n\n<ul>\n<li><strong>Url de l&rsquo;interlocuteur : <\/strong>https:\/\/scoop.u-bordeaux.fr\/lecteurs\/<\/li>\n\n\n\n<li><strong>Secret <\/strong>: la clef est stock\u00e9 dans une variable d&rsquo;environnement Apache sur le serveur (\/etc\/apache2\/envvars)<\/li>\n\n\n\n<li><strong>Abonnement : <\/strong>on n&rsquo;\u00e9coute les modifications des seuls comptes utilisateurs. On filtre en plus les lecteurs sur les groupes utilisateurs relatifs aux comptes institutionnels<\/li>\n<\/ul>\n\n\n\n<p><strong>A noter : <\/strong>A partir de la liste des profils d&rsquo;int\u00e9gration. Vous pouvez acc\u00e9der \u00e0 la liste des logs en cliquant sur <strong>&#8230;&gt;Consulter la trace<\/strong><\/p>\n\n\n\n<h3 id=\"stoc-5-distribution-des-comptes-dans-les-institutions\" class=\"wpig-heading\">5. Distribution des comptes dans les institutions <\/h3>\n\n\n\n<figure class=\"wp-block-image size-full\"><img decoding=\"async\" loading=\"lazy\" width=\"577\" height=\"448\" src=\"https:\/\/rebub.u-bordeaux.fr\/wp-content\/uploads\/2022\/09\/SCOOP_UTILS-Gestions-des-utilisateurs-Distribution-des-comptes-dans-les-institutions-Diagramme-simplifie.drawio.png\" alt=\"\" class=\"wp-image-14150\" srcset=\"https:\/\/rebub.u-bordeaux.fr\/wp-content\/uploads\/2022\/09\/SCOOP_UTILS-Gestions-des-utilisateurs-Distribution-des-comptes-dans-les-institutions-Diagramme-simplifie.drawio.png 577w, https:\/\/rebub.u-bordeaux.fr\/wp-content\/uploads\/2022\/09\/SCOOP_UTILS-Gestions-des-utilisateurs-Distribution-des-comptes-dans-les-institutions-Diagramme-simplifie.drawio-300x233.png 300w\" sizes=\"(max-width: 577px) 100vw, 577px\" \/><\/figure>\n\n\n\n<p>cf. <a href=\"https:\/\/github.com\/louxfaure\/gestions_lecteurs\">https:\/\/github.com\/louxfaure\/gestions_lecteurs<\/a><\/p>\n\n\n\n<h2 id=\"stoc-circuit-des-donnees-des-comptes-internes\" class=\"wpig-heading\">Circuit des donn\u00e9es des comptes internes<\/h2>\n\n\n\n<p>Les comptes relatifs aux lecteurs ext\u00e9rieurs et aux biblioth\u00e8ques emprunteuses du PEB sont cr\u00e9\u00e9s ou modifi\u00e9s manuellement par les biblioth\u00e9caires dans l\u2019institution o\u00f9 ces derniers  travaillent. Gr\u00e2ce au webhook et \u00e0 un programme maison les cr\u00e9ations ou modification sont imm\u00e9diatement distribu\u00e9es dans les institutions.<\/p>\n\n\n\n<h3 id=\"stoc-configuration-des-webhook\" class=\"wpig-heading\">Configuration des webhook<\/h3>\n\n\n\n<p>Les webhooks sont d\u00e9finis au niveau au niveau de chaque institution. Ils portent tous le m\u00eame nom, pointent vers la m\u00eame url et utilisent la m\u00eame clef.<\/p>\n\n\n\n<p><strong>Configuration&gt;G\u00e9n\u00e9ral&gt;Syst\u00e8mes externes&gt;Profils d&rsquo;int\u00e9gration&gt;WEBHOOKS_UTILISATEURS <\/strong><\/p>\n\n\n\n<p>Les comptes lecteurs sont filtr\u00e9s sur les groupes utilisateurs <strong>PEB <\/strong>et <strong>Lecteur ext\u00e9rieur.<\/strong><\/p>\n\n\n\n<h3 id=\"stoc-programme-de-distribution-des-comptes\" class=\"wpig-heading\">Programme de distribution des comptes<\/h3>\n\n\n\n<p>cf. <a href=\"https:\/\/github.com\/louxfaure\/gestions_lecteurs\">https:\/\/github.com\/louxfaure\/gestions_lecteurs<\/a><\/p>\n\n\n\n<div class=\"is-layout-flex wp-container-6 wp-block-columns bord-bloc-reutilisable has-background\" style=\"background-color:#d9edf7\">\n<div class=\"is-layout-flow wp-block-column is-vertically-aligned-center\" style=\"font-size:15px;flex-basis:20%\">\n<p style=\"font-size:15px\"><strong>Date de publication<\/strong> <\/p>\n\n\n<div style=\"font-size:15px;\" class=\"wp-block-post-date\"><time datetime=\"2024-03-22T09:35:21+01:00\">22 mars 2024<\/time><\/div><\/div>\n\n\n\n<div class=\"is-layout-flow wp-block-column is-vertically-aligned-center\" style=\"font-size:15px;flex-basis:20%\">\n<p><strong>Mis \u00e0 jour le <\/strong><\/p>\n\n\n<div style=\"font-size:15px;\" class=\"wp-block-post-date\"><time datetime=\"2024-05-06T11:38:06+02:00\">6 mai 2024<\/time><\/div><\/div>\n\n\n\n<div class=\"is-layout-flow wp-block-column is-vertically-aligned-center\" style=\"font-size:15px;flex-basis:40%\">\n<p><\/p>\n\n\n\n<p><strong>Attention ! <\/strong>Certains \u00e9tablissements utilisent parfois de proc\u00e9dures compl\u00e9mentaires <\/p>\n<\/div>\n\n\n\n<div class=\"is-layout-flow wp-block-column is-vertically-aligned-center\" style=\"font-size:15px;flex-basis:25%\">\n<div class=\"is-horizontal is-content-justification-center is-layout-flex wp-container-4 wp-block-buttons alignfull has-custom-font-size\" style=\"font-size:16px\">\n<div class=\"wp-block-button has-custom-width wp-block-button__width-75 has-custom-font-size is-style-fill\" style=\"font-size:15px\"><a class=\"wp-block-button__link has-white-color has-text-color has-background wp-element-button\" href=\"mailto:scoop@u-bordeaux.fr\" style=\"border-radius:65px;background-color:#000000db\"><strong>Signaler une erreur<\/strong><\/a><\/div>\n<\/div>\n<\/div>\n<\/div>\n","protected":false},"excerpt":{"rendered":"<p>Table des mati\u00e8res[ Show ]Circuit des donn\u00e9es de comptes externes1. Extraction des donn\u00e9es par la DSI2. Serveur SFTP DSI UB3. Le chargeur des lecteurs : profil d&rsquo;int\u00e9gration Student information system ou SIS Loader4. Envoi des informations lecteurs : configuration du&#8230;<\/p>\n","protected":false},"author":2,"featured_media":0,"parent":18750,"menu_order":0,"comment_status":"closed","ping_status":"closed","template":"","meta":[],"post_mailing_queue_ids":[],"_links":{"self":[{"href":"http:\/\/rebub.u-bordeaux.fr\/index.php\/wp-json\/wp\/v2\/pages\/18765"}],"collection":[{"href":"http:\/\/rebub.u-bordeaux.fr\/index.php\/wp-json\/wp\/v2\/pages"}],"about":[{"href":"http:\/\/rebub.u-bordeaux.fr\/index.php\/wp-json\/wp\/v2\/types\/page"}],"author":[{"embeddable":true,"href":"http:\/\/rebub.u-bordeaux.fr\/index.php\/wp-json\/wp\/v2\/users\/2"}],"replies":[{"embeddable":true,"href":"http:\/\/rebub.u-bordeaux.fr\/index.php\/wp-json\/wp\/v2\/comments?post=18765"}],"version-history":[{"count":3,"href":"http:\/\/rebub.u-bordeaux.fr\/index.php\/wp-json\/wp\/v2\/pages\/18765\/revisions"}],"predecessor-version":[{"id":20916,"href":"http:\/\/rebub.u-bordeaux.fr\/index.php\/wp-json\/wp\/v2\/pages\/18765\/revisions\/20916"}],"up":[{"embeddable":true,"href":"http:\/\/rebub.u-bordeaux.fr\/index.php\/wp-json\/wp\/v2\/pages\/18750"}],"wp:attachment":[{"href":"http:\/\/rebub.u-bordeaux.fr\/index.php\/wp-json\/wp\/v2\/media?parent=18765"}],"curies":[{"name":"wp","href":"https:\/\/api.w.org\/{rel}","templated":true}]}}