	{"id":18866,"date":"2024-03-22T09:33:34","date_gmt":"2024-03-22T08:33:34","guid":{"rendered":"https:\/\/rebub.u-bordeaux.fr\/?page_id=18866"},"modified":"2025-03-10T11:41:47","modified_gmt":"2025-03-10T10:41:47","slug":"traitement-des-doublons-de-notices-bibliographiques","status":"publish","type":"page","link":"http:\/\/rebub.u-bordeaux.fr\/index.php\/alma\/procedures\/gestion-des-ressources\/qualite-des-donnees\/traitement-des-doublons-de-notices-bibliographiques\/","title":{"rendered":"Traiter des doublons de notices bibliographiques"},"content":{"rendered":"<div id='wpig-floatingbar' class='wpig-floatingbar'><div id='wpig-switch-wrapper' class='wpig-switch-wrapper'><span id='wpig-floating-switch' class='wpig-floating-switch'><img src='http:\/\/rebub.u-bordeaux.fr\/wp-content\/plugins\/sticky-toc-advance-table-of-contents\/\\assets\\menu.png'><\/span><\/div><div id='wpig-contents' class='wpig-contents  wpig-sidebar-widget wpig-style-3'><span class='wpig-headline'>Table des mati\u00e8res<span><a data-action='show' class='wpig-btn-toggledisplay'>[ Show ]<\/a><\/span><\/span><!-- Table of Contents --><div id='wpig-table-of-content' class='wpig-table-of-content'><ol><li class='stoc-cas-demploi-de-la-procedure'><a href='#stoc-cas-demploi-de-la-procedure'>Cas d\u2019emploi de la proc\u00e9dure<\/a><\/li><li class='stoc-detection-dun-doublon-par-lutilisateur'><a href='#stoc-detection-dun-doublon-par-lutilisateur'>D\u00e9tection d\u2019un doublon par l\u2019utilisateur<\/a><\/li><li class='stoc-detection-dun-doublon-par-le-systeme'><a href='#stoc-detection-dun-doublon-par-le-systeme'>D\u00e9tection d&rsquo;un doublon par le syst\u00e8me <\/a><\/li><\/ol><\/div><!-- END OF Table of Contents --><\/div><\/div><p><div id='wpig-contents' class='wpig-contents  wpig-sidebar-widget wpig-style-1'><span class='wpig-headline'>Table des mati\u00e8res<span><a data-action='show' class='wpig-btn-toggledisplay'>[ Show ]<\/a><\/span><\/span><!-- Table of Contents --><div id='wpig-table-of-content' class='wpig-table-of-content' ><ol><li class='stoc-cas-demploi-de-la-procedure'><a href='#stoc-cas-demploi-de-la-procedure'>Cas d\u2019emploi de la proc\u00e9dure<\/a><\/li><li class='stoc-detection-dun-doublon-par-lutilisateur'><a href='#stoc-detection-dun-doublon-par-lutilisateur'>D\u00e9tection d\u2019un doublon par l\u2019utilisateur<\/a><\/li><li class='stoc-detection-dun-doublon-par-le-systeme'><a href='#stoc-detection-dun-doublon-par-le-systeme'>D\u00e9tection d&rsquo;un doublon par le syst\u00e8me <\/a><\/li><\/ol><\/div><!-- END OF Table of Contents --><\/div><\/p>\n<h2 id=\"stoc-cas-demploi-de-la-procedure\" class=\"wpig-heading\">Cas d\u2019emploi de la proc\u00e9dure<\/h2>\n\n\n\n<p>Lorsqu\u2019il y a pr\u00e9sence de doublons de notices bibliographiques dans Alma, les notices doivent \u00eatre fusionn\u00e9es au profit de la notice portant le PPN ad\u00e9quat, et notamment la plus r\u00e9cemment import\u00e9e si les deux notices portent le m\u00eame PPN.<\/p>\n\n\n\n<p>Le cas le plus fr\u00e9quemment rencontr\u00e9 est la coexistence d\u2019une notice d\u2019acquisition (avec notice de fonds et exemplaire d\u2019acquisition) et de la notice Sudoc avec PPN import\u00e9e sans exemplaire dans Alma.<\/p>\n\n\n\n<p>2 cas sont identifi\u00e9s :<\/p>\n\n\n\n<ul>\n<li>d\u00e9tection d\u2019un doublon par l\u2019utilisateur,<\/li>\n\n\n\n<li>d\u00e9tection d\u2019un doublon par Alma sous la forme d\u2019une alerte \u00e0 l\u2019utilisateur lors l\u2019insertion du n\u00b0 PPN dans la zone 035 de la notice d\u2019acquisition.<\/li>\n<\/ul>\n\n\n\n<h2 id=\"stoc-detection-dun-doublon-par-lutilisateur\" class=\"wpig-heading\">D\u00e9tection d\u2019un doublon par l\u2019utilisateur<\/h2>\n\n\n\n<p>Le cas le plus fr\u00e9quent est une notice avec n\u00b0 Electre (avec notice de fonds et exemplaire d\u2019acquisition) et une notice avec PPN import\u00e9e sans exemplaire (oubli d\u2019ajout ou de modification de la zone 035 au moment du catalogage).<\/p>\n\n\n\n<p>Mais d\u2019autres cas peuvent se pr\u00e9senter comme la fusion de notices dans le Sudoc n\u2019ayant pas \u00e9t\u00e9 r\u00e9percut\u00e9e dans Alma (pr\u00e9sence de notices doublons avec PPN en 035).<\/p>\n\n\n\n<p>La recherche (ISBN, mots cl\u00e9s) dans la zone r\u00e9seau permet de rep\u00e9rer d\u2019\u00e9ventuels doublons.<\/p>\n\n\n\n<figure class=\"wp-block-image\"><a href=\"http:\/\/rebub.u-bordeaux.fr\/wp-content\/uploads\/2020\/02\/Traitement_Des_Doublons_Recherche.png\" target=\"_blank\" rel=\"noopener noreferrer\"><img decoding=\"async\" loading=\"lazy\" width=\"892\" height=\"44\" src=\"http:\/\/rebub.u-bordeaux.fr\/wp-content\/uploads\/2020\/02\/Traitement_Des_Doublons_Recherche.png\" alt=\"\" class=\"wp-image-7659\" srcset=\"https:\/\/rebub.u-bordeaux.fr\/wp-content\/uploads\/2020\/02\/Traitement_Des_Doublons_Recherche.png 892w, https:\/\/rebub.u-bordeaux.fr\/wp-content\/uploads\/2020\/02\/Traitement_Des_Doublons_Recherche-300x15.png 300w, https:\/\/rebub.u-bordeaux.fr\/wp-content\/uploads\/2020\/02\/Traitement_Des_Doublons_Recherche-768x38.png 768w\" sizes=\"(max-width: 892px) 100vw, 892px\" \/><\/a><\/figure>\n\n\n\n<p><span style=\"font-size: 11.0pt;\">Par exemple, ici, recherche par ISBN : 2 notices : <\/span><\/p>\n\n\n\n<ul>\n<li><span style=\"font-size: 11.0pt;\">l\u2019une avec n\u00b0 Electre dans n\u00b0 de notice, <\/span><\/li>\n\n\n\n<li><span style=\"font-size: 11.0pt;\">l\u2019autre avec n\u00b0 PPN dans n\u00b0 de notice. <\/span><\/li>\n<\/ul>\n\n\n\n<figure class=\"wp-block-image size-large\"><img decoding=\"async\" loading=\"lazy\" width=\"1024\" height=\"342\" src=\"https:\/\/rebub.u-bordeaux.fr\/wp-content\/uploads\/2025\/03\/doublon-1024x342.png\" alt=\"\" class=\"wp-image-23418\" srcset=\"https:\/\/rebub.u-bordeaux.fr\/wp-content\/uploads\/2025\/03\/doublon-1024x342.png 1024w, https:\/\/rebub.u-bordeaux.fr\/wp-content\/uploads\/2025\/03\/doublon-300x100.png 300w, https:\/\/rebub.u-bordeaux.fr\/wp-content\/uploads\/2025\/03\/doublon-768x256.png 768w, https:\/\/rebub.u-bordeaux.fr\/wp-content\/uploads\/2025\/03\/doublon-1536x513.png 1536w, https:\/\/rebub.u-bordeaux.fr\/wp-content\/uploads\/2025\/03\/doublon.png 1915w\" sizes=\"(max-width: 1024px) 100vw, 1024px\" \/><\/figure>\n\n\n\n<p>Pour ce faire, s\u00e9lectionner les deux notices et cliquer sur \u00ab\u00a0D\u00e9placer vers l\u2019\u00e9diteur de m\u00e9tadonn\u00e9es\u00a0\u00bb\u00a0:<\/p>\n\n\n\n<figure class=\"wp-block-image size-large\"><img decoding=\"async\" loading=\"lazy\" width=\"1024\" height=\"393\" src=\"https:\/\/rebub.u-bordeaux.fr\/wp-content\/uploads\/2025\/03\/versEDM-1024x393.png\" alt=\"\" class=\"wp-image-23419\" srcset=\"https:\/\/rebub.u-bordeaux.fr\/wp-content\/uploads\/2025\/03\/versEDM-1024x393.png 1024w, https:\/\/rebub.u-bordeaux.fr\/wp-content\/uploads\/2025\/03\/versEDM-300x115.png 300w, https:\/\/rebub.u-bordeaux.fr\/wp-content\/uploads\/2025\/03\/versEDM-768x295.png 768w, https:\/\/rebub.u-bordeaux.fr\/wp-content\/uploads\/2025\/03\/versEDM-1536x589.png 1536w, https:\/\/rebub.u-bordeaux.fr\/wp-content\/uploads\/2025\/03\/versEDM.png 1559w\" sizes=\"(max-width: 1024px) 100vw, 1024px\" \/><\/figure>\n\n\n\n<p>Envoyer les 2 notices dans l\u2019\u00e9diteur de m\u00e9tadonn\u00e9es (modifier la notice pour chacune des notices).<\/p>\n\n\n\n<figure class=\"wp-block-image size-large\"><img decoding=\"async\" loading=\"lazy\" width=\"1024\" height=\"442\" src=\"https:\/\/rebub.u-bordeaux.fr\/wp-content\/uploads\/2025\/03\/dansEDM-1024x442.png\" alt=\"\" class=\"wp-image-23420\" srcset=\"https:\/\/rebub.u-bordeaux.fr\/wp-content\/uploads\/2025\/03\/dansEDM-1024x442.png 1024w, https:\/\/rebub.u-bordeaux.fr\/wp-content\/uploads\/2025\/03\/dansEDM-300x129.png 300w, https:\/\/rebub.u-bordeaux.fr\/wp-content\/uploads\/2025\/03\/dansEDM-768x331.png 768w, https:\/\/rebub.u-bordeaux.fr\/wp-content\/uploads\/2025\/03\/dansEDM-1536x662.png 1536w, https:\/\/rebub.u-bordeaux.fr\/wp-content\/uploads\/2025\/03\/dansEDM.png 1816w\" sizes=\"(max-width: 1024px) 100vw, 1024px\" \/><\/figure>\n\n\n\n<p>Se mettre sur la notice non pr\u00e9f\u00e9rentielle (ici, la notice Electre) et scinder l\u2019\u00e9cran de l\u2019\u00e9diteur de m\u00e9tadonn\u00e9es. Mettre \u00e0 droite la notice pr\u00e9f\u00e9rentielle (en cliquant sur le titre dans le menu de gauche).<\/p>\n\n\n\n<figure class=\"wp-block-image size-large\"><img decoding=\"async\" loading=\"lazy\" width=\"1024\" height=\"448\" src=\"https:\/\/rebub.u-bordeaux.fr\/wp-content\/uploads\/2025\/03\/ecrans-divise-1024x448.png\" alt=\"\" class=\"wp-image-23423\" srcset=\"https:\/\/rebub.u-bordeaux.fr\/wp-content\/uploads\/2025\/03\/ecrans-divise-1024x448.png 1024w, https:\/\/rebub.u-bordeaux.fr\/wp-content\/uploads\/2025\/03\/ecrans-divise-300x131.png 300w, https:\/\/rebub.u-bordeaux.fr\/wp-content\/uploads\/2025\/03\/ecrans-divise-768x336.png 768w, https:\/\/rebub.u-bordeaux.fr\/wp-content\/uploads\/2025\/03\/ecrans-divise-1536x673.png 1536w, https:\/\/rebub.u-bordeaux.fr\/wp-content\/uploads\/2025\/03\/ecrans-divise.png 1806w\" sizes=\"(max-width: 1024px) 100vw, 1024px\" \/><\/figure>\n\n\n\n<p>Aller dans le menu \u00ab\u00a0Actions de la notice\u00a0\u00bb, puis \u00ab\u00a0Fusionner &amp; combiner\u00a0\u00bb :<\/p>\n\n\n\n<figure class=\"wp-block-image size-large\"><img decoding=\"async\" loading=\"lazy\" width=\"1024\" height=\"441\" src=\"https:\/\/rebub.u-bordeaux.fr\/wp-content\/uploads\/2025\/03\/menufusion-1024x441.png\" alt=\"\" class=\"wp-image-23424\" srcset=\"https:\/\/rebub.u-bordeaux.fr\/wp-content\/uploads\/2025\/03\/menufusion-1024x441.png 1024w, https:\/\/rebub.u-bordeaux.fr\/wp-content\/uploads\/2025\/03\/menufusion-300x129.png 300w, https:\/\/rebub.u-bordeaux.fr\/wp-content\/uploads\/2025\/03\/menufusion-768x331.png 768w, https:\/\/rebub.u-bordeaux.fr\/wp-content\/uploads\/2025\/03\/menufusion-1536x662.png 1536w, https:\/\/rebub.u-bordeaux.fr\/wp-content\/uploads\/2025\/03\/menufusion.png 1818w\" sizes=\"(max-width: 1024px) 100vw, 1024px\" \/><\/figure>\n\n\n\n<p>Choisir Fusion Passerelle Sudoc dans la routine de fusion.<\/p>\n\n\n\n<p>Puis, Pr\u00e9visualiser la fusion.<\/p>\n\n\n\n<figure class=\"wp-block-image\"><a href=\"http:\/\/rebub.u-bordeaux.fr\/wp-content\/uploads\/2020\/02\/Traitement_Des_Doublons_Previsualisation_Fusion.png\" target=\"_blank\" rel=\"noopener noreferrer\"><img decoding=\"async\" loading=\"lazy\" width=\"480\" height=\"591\" src=\"http:\/\/rebub.u-bordeaux.fr\/wp-content\/uploads\/2020\/02\/Traitement_Des_Doublons_Previsualisation_Fusion.png\" alt=\"\" class=\"wp-image-7675\" srcset=\"https:\/\/rebub.u-bordeaux.fr\/wp-content\/uploads\/2020\/02\/Traitement_Des_Doublons_Previsualisation_Fusion.png 480w, https:\/\/rebub.u-bordeaux.fr\/wp-content\/uploads\/2020\/02\/Traitement_Des_Doublons_Previsualisation_Fusion-244x300.png 244w\" sizes=\"(max-width: 480px) 100vw, 480px\" \/><\/a><\/figure>\n\n\n\n<p>S\u2019assurer que la notice privil\u00e9gi\u00e9e est bien la notice pr\u00e9f\u00e9rentielle (ici, celle avec le PPN).<\/p>\n\n\n\n<figure class=\"wp-block-image\"><a href=\"http:\/\/rebub.u-bordeaux.fr\/wp-content\/uploads\/2020\/02\/Traitement_Des_Doublons_Verification_Notice_Preferentielle.png\" target=\"_blank\" rel=\"noopener noreferrer\"><img decoding=\"async\" loading=\"lazy\" width=\"1032\" height=\"537\" src=\"http:\/\/rebub.u-bordeaux.fr\/wp-content\/uploads\/2020\/02\/Traitement_Des_Doublons_Verification_Notice_Preferentielle.png\" alt=\"\" class=\"wp-image-7676\" srcset=\"https:\/\/rebub.u-bordeaux.fr\/wp-content\/uploads\/2020\/02\/Traitement_Des_Doublons_Verification_Notice_Preferentielle.png 1032w, https:\/\/rebub.u-bordeaux.fr\/wp-content\/uploads\/2020\/02\/Traitement_Des_Doublons_Verification_Notice_Preferentielle-300x156.png 300w, https:\/\/rebub.u-bordeaux.fr\/wp-content\/uploads\/2020\/02\/Traitement_Des_Doublons_Verification_Notice_Preferentielle-1024x533.png 1024w, https:\/\/rebub.u-bordeaux.fr\/wp-content\/uploads\/2020\/02\/Traitement_Des_Doublons_Verification_Notice_Preferentielle-768x400.png 768w\" sizes=\"(max-width: 1032px) 100vw, 1032px\" \/><\/a><\/figure>\n\n\n\n<p>Si oui, cliquer sur OK, puis encore OK.<\/p>\n\n\n\n<p>Une seule notice subsiste sous laquelle ont \u00e9t\u00e9 rapatri\u00e9s les notices de fonds et exemplaires de la notice d\u2019acquisition.<\/p>\n\n\n\n<figure class=\"wp-block-image size-large\"><img decoding=\"async\" loading=\"lazy\" width=\"1024\" height=\"442\" src=\"https:\/\/rebub.u-bordeaux.fr\/wp-content\/uploads\/2025\/03\/resultat-1024x442.png\" alt=\"\" class=\"wp-image-23425\" srcset=\"https:\/\/rebub.u-bordeaux.fr\/wp-content\/uploads\/2025\/03\/resultat-1024x442.png 1024w, https:\/\/rebub.u-bordeaux.fr\/wp-content\/uploads\/2025\/03\/resultat-300x129.png 300w, https:\/\/rebub.u-bordeaux.fr\/wp-content\/uploads\/2025\/03\/resultat-768x332.png 768w, https:\/\/rebub.u-bordeaux.fr\/wp-content\/uploads\/2025\/03\/resultat-1536x663.png 1536w, https:\/\/rebub.u-bordeaux.fr\/wp-content\/uploads\/2025\/03\/resultat.png 1814w\" sizes=\"(max-width: 1024px) 100vw, 1024px\" \/><\/figure>\n\n\n\n<p>Afin que toutes les modifications soient prises en compte, ne pas oublier d\u2019enregistrer et de d\u00e9bloquer les notices de l\u2019\u00e9diteur de m\u00e9tadonn\u00e9es. Pensez \u00e0 v\u00e9rifier le r\u00e9sultat de la fusion en reprenant la recherche de d\u00e9part par ISBN.<\/p>\n\n\n\n<h2 id=\"stoc-detection-dun-doublon-par-le-systeme\" class=\"wpig-heading\">D\u00e9tection d&rsquo;un doublon par le syst\u00e8me <\/h2>\n\n\n\n<p>La biblioth\u00e8que s\u2019est localis\u00e9e dans le Sudoc sans que le PPN ait \u00e9t\u00e9 enregistr\u00e9 dans la notice d\u2019acquisition.<\/p>\n\n\n\n<p>On a donc deux notices dans Alma : une pr\u00e9sente dans l\u2019institution (notice Electre avec un exemplaire et une commande) et l\u2019autre uniquement pr\u00e9sente dans la zone r\u00e9seau (puisque sans inventaire).<\/p>\n\n\n\n<p>La proc\u00e9dure est la m\u00eame.<\/p>\n\n\n\n<figure class=\"wp-block-image size-large\"><img decoding=\"async\" loading=\"lazy\" width=\"1024\" height=\"356\" src=\"https:\/\/rebub.u-bordeaux.fr\/wp-content\/uploads\/2025\/03\/doublmon2-1024x356.png\" alt=\"\" class=\"wp-image-23428\" srcset=\"https:\/\/rebub.u-bordeaux.fr\/wp-content\/uploads\/2025\/03\/doublmon2-1024x356.png 1024w, https:\/\/rebub.u-bordeaux.fr\/wp-content\/uploads\/2025\/03\/doublmon2-300x104.png 300w, https:\/\/rebub.u-bordeaux.fr\/wp-content\/uploads\/2025\/03\/doublmon2-768x267.png 768w, https:\/\/rebub.u-bordeaux.fr\/wp-content\/uploads\/2025\/03\/doublmon2-1536x534.png 1536w, https:\/\/rebub.u-bordeaux.fr\/wp-content\/uploads\/2025\/03\/doublmon2.png 1825w\" sizes=\"(max-width: 1024px) 100vw, 1024px\" \/><\/figure>\n\n\n\n<p>Dans l\u2019\u00e9diteur de m\u00e9tadonn\u00e9es, on souhaite modifier les informations en zone 035 de la notice Electre\u00a0:<\/p>\n\n\n\n<figure class=\"wp-block-image size-large\"><img decoding=\"async\" loading=\"lazy\" width=\"1024\" height=\"431\" src=\"https:\/\/rebub.u-bordeaux.fr\/wp-content\/uploads\/2025\/03\/dansEDM2-1024x431.png\" alt=\"\" class=\"wp-image-23429\" srcset=\"https:\/\/rebub.u-bordeaux.fr\/wp-content\/uploads\/2025\/03\/dansEDM2-1024x431.png 1024w, https:\/\/rebub.u-bordeaux.fr\/wp-content\/uploads\/2025\/03\/dansEDM2-300x126.png 300w, https:\/\/rebub.u-bordeaux.fr\/wp-content\/uploads\/2025\/03\/dansEDM2-768x323.png 768w, https:\/\/rebub.u-bordeaux.fr\/wp-content\/uploads\/2025\/03\/dansEDM2-1536x646.png 1536w, https:\/\/rebub.u-bordeaux.fr\/wp-content\/uploads\/2025\/03\/dansEDM2.png 1807w\" sizes=\"(max-width: 1024px) 100vw, 1024px\" \/><\/figure>\n\n\n\n<p>\u00c0 la saisie du PPN en tentant d\u2019enregistrer la notice, un message bloquant alerte de la pr\u00e9sence d\u2019un doublon.<\/p>\n\n\n\n<p>La recherche de correspondance se fonde sur le 035 et l\u2019ISBN exact.<\/p>\n\n\n\n<figure class=\"wp-block-image size-full\"><img decoding=\"async\" loading=\"lazy\" width=\"331\" height=\"197\" src=\"https:\/\/rebub.u-bordeaux.fr\/wp-content\/uploads\/2025\/03\/popup.png\" alt=\"\" class=\"wp-image-23430\" srcset=\"https:\/\/rebub.u-bordeaux.fr\/wp-content\/uploads\/2025\/03\/popup.png 331w, https:\/\/rebub.u-bordeaux.fr\/wp-content\/uploads\/2025\/03\/popup-300x179.png 300w\" sizes=\"(max-width: 331px) 100vw, 331px\" \/><\/figure>\n\n\n\n<p>Cliquer sur \u00ab\u00a0Oui\u00a0\u00bb.<\/p>\n\n\n\n<p>L\u2019\u00e9diteur affiche sur le panneau de droite la notice du doublon.<\/p>\n\n\n\n<p>Cliquer sur modifier.<\/p>\n\n\n\n<figure class=\"wp-block-image size-large\"><img decoding=\"async\" loading=\"lazy\" width=\"1024\" height=\"443\" src=\"https:\/\/rebub.u-bordeaux.fr\/wp-content\/uploads\/2025\/03\/vudoublon-1024x443.png\" alt=\"\" class=\"wp-image-23431\" srcset=\"https:\/\/rebub.u-bordeaux.fr\/wp-content\/uploads\/2025\/03\/vudoublon-1024x443.png 1024w, https:\/\/rebub.u-bordeaux.fr\/wp-content\/uploads\/2025\/03\/vudoublon-300x130.png 300w, https:\/\/rebub.u-bordeaux.fr\/wp-content\/uploads\/2025\/03\/vudoublon-768x332.png 768w, https:\/\/rebub.u-bordeaux.fr\/wp-content\/uploads\/2025\/03\/vudoublon-1536x664.png 1536w, https:\/\/rebub.u-bordeaux.fr\/wp-content\/uploads\/2025\/03\/vudoublon.png 1815w\" sizes=\"(max-width: 1024px) 100vw, 1024px\" \/><\/figure>\n\n\n\n<p>Suivre les instructions de fusion comme dans le 1<sup>er<\/sup> cas de figure&nbsp;:<\/p>\n\n\n\n<ul>\n<li>Action de la notice<\/li>\n\n\n\n<li>Fusionner et combiner<\/li>\n\n\n\n<li>S\u00e9lectionner \u00ab&nbsp;Fusion Passerelle Sudoc&nbsp;\u00bb<\/li>\n\n\n\n<li>Pr\u00e9visualiser la fusion<\/li>\n\n\n\n<li>Cliquer sur OK pour valider la pr\u00e9visualisation puis \u00e0 nouveau sur OK pour op\u00e9rer la fusion<\/li>\n\n\n\n<li>V\u00e9rifier le r\u00e9sultat de la fusion en r\u00e9interrogeant l\u2019ISBN<\/li>\n<\/ul>\n\n\n\n<div class=\"is-layout-flex wp-container-6 wp-block-columns bord-bloc-reutilisable has-background\" style=\"background-color:#d9edf7\">\n<div class=\"is-layout-flow wp-block-column is-vertically-aligned-center\" style=\"font-size:15px;flex-basis:20%\">\n<p style=\"font-size:15px\"><strong>Date de publication<\/strong> <\/p>\n\n\n<div style=\"font-size:15px;\" class=\"wp-block-post-date\"><time datetime=\"2024-03-22T09:33:34+01:00\">22 mars 2024<\/time><\/div><\/div>\n\n\n\n<div class=\"is-layout-flow wp-block-column is-vertically-aligned-center\" style=\"font-size:15px;flex-basis:20%\">\n<p><strong>Mis \u00e0 jour le <\/strong><\/p>\n\n\n<div style=\"font-size:15px;\" class=\"wp-block-post-date\"><time datetime=\"2025-03-10T11:41:47+01:00\">10 mars 2025<\/time><\/div><\/div>\n\n\n\n<div class=\"is-layout-flow wp-block-column is-vertically-aligned-center\" style=\"font-size:15px;flex-basis:40%\">\n<p><\/p>\n\n\n\n<p><strong>Attention ! <\/strong>Certains \u00e9tablissements utilisent parfois de proc\u00e9dures compl\u00e9mentaires <\/p>\n<\/div>\n\n\n\n<div class=\"is-layout-flow wp-block-column is-vertically-aligned-center\" style=\"font-size:15px;flex-basis:25%\">\n<div class=\"is-horizontal is-content-justification-center is-layout-flex wp-container-4 wp-block-buttons alignfull has-custom-font-size\" style=\"font-size:16px\">\n<div class=\"wp-block-button has-custom-width wp-block-button__width-75 has-custom-font-size is-style-fill\" style=\"font-size:15px\"><a class=\"wp-block-button__link has-white-color has-text-color has-background wp-element-button\" href=\"mailto:scoop@u-bordeaux.fr\" style=\"border-radius:65px;background-color:#000000db\"><strong>Signaler une erreur<\/strong><\/a><\/div>\n<\/div>\n<\/div>\n<\/div>\n","protected":false},"excerpt":{"rendered":"<p>Table des mati\u00e8res[ Show ]Cas d\u2019emploi de la proc\u00e9dureD\u00e9tection d\u2019un doublon par l\u2019utilisateurD\u00e9tection d&rsquo;un doublon par le syst\u00e8me Cas d\u2019emploi de la proc\u00e9dure Lorsqu\u2019il y a pr\u00e9sence de doublons de notices bibliographiques dans Alma, les notices doivent \u00eatre fusionn\u00e9es au&#8230;<\/p>\n","protected":false},"author":46,"featured_media":4793,"parent":18865,"menu_order":1,"comment_status":"closed","ping_status":"closed","template":"","meta":[],"post_mailing_queue_ids":[],"_links":{"self":[{"href":"http:\/\/rebub.u-bordeaux.fr\/index.php\/wp-json\/wp\/v2\/pages\/18866"}],"collection":[{"href":"http:\/\/rebub.u-bordeaux.fr\/index.php\/wp-json\/wp\/v2\/pages"}],"about":[{"href":"http:\/\/rebub.u-bordeaux.fr\/index.php\/wp-json\/wp\/v2\/types\/page"}],"author":[{"embeddable":true,"href":"http:\/\/rebub.u-bordeaux.fr\/index.php\/wp-json\/wp\/v2\/users\/46"}],"replies":[{"embeddable":true,"href":"http:\/\/rebub.u-bordeaux.fr\/index.php\/wp-json\/wp\/v2\/comments?post=18866"}],"version-history":[{"count":6,"href":"http:\/\/rebub.u-bordeaux.fr\/index.php\/wp-json\/wp\/v2\/pages\/18866\/revisions"}],"predecessor-version":[{"id":23432,"href":"http:\/\/rebub.u-bordeaux.fr\/index.php\/wp-json\/wp\/v2\/pages\/18866\/revisions\/23432"}],"up":[{"embeddable":true,"href":"http:\/\/rebub.u-bordeaux.fr\/index.php\/wp-json\/wp\/v2\/pages\/18865"}],"wp:featuredmedia":[{"embeddable":true,"href":"http:\/\/rebub.u-bordeaux.fr\/index.php\/wp-json\/wp\/v2\/media\/4793"}],"wp:attachment":[{"href":"http:\/\/rebub.u-bordeaux.fr\/index.php\/wp-json\/wp\/v2\/media?parent=18866"}],"curies":[{"name":"wp","href":"https:\/\/api.w.org\/{rel}","templated":true}]}}