	{"id":18867,"date":"2024-03-22T09:33:33","date_gmt":"2024-03-22T08:33:33","guid":{"rendered":"https:\/\/rebub.u-bordeaux.fr\/?page_id=18867"},"modified":"2024-04-26T09:03:12","modified_gmt":"2024-04-26T07:03:12","slug":"analyse-de-recouvrement","status":"publish","type":"page","link":"http:\/\/rebub.u-bordeaux.fr\/index.php\/alma\/procedures\/gestion-des-ressources\/qualite-des-donnees\/analyse-de-recouvrement\/","title":{"rendered":"Analyse de recouvrement"},"content":{"rendered":"<div id='wpig-floatingbar' class='wpig-floatingbar'><div id='wpig-switch-wrapper' class='wpig-switch-wrapper'><span id='wpig-floating-switch' class='wpig-floating-switch'><img src='http:\/\/rebub.u-bordeaux.fr\/wp-content\/plugins\/sticky-toc-advance-table-of-contents\/\\assets\\menu.png'><\/span><\/div><\/div><p><\/p>\n<p>Depuis <a href=\"https:\/\/knowledge.exlibrisgroup.com\/Alma\/Release_Notes\/2023\/Alma_2023_Release_Notes?mon=202305BASE\">mai 2023<\/a> \u00ab\u00a0l&rsquo;analyse de chevauchement et collection\u00a0\u00bb inclut les titres physiques en plus des titres \u00e9lectroniques. <\/p>\n\n\n\n<p>A partir d&rsquo;une liste de titres, cette analyse permet de v\u00e9rifier si ces titres existent dans les inventaires physique et\/ou \u00e9lectroniques de votre zone institution et\/ou zone r\u00e9seau et\/ou encore zone communautaire. <\/p>\n\n\n\n<p>Pour lancer cette analyse : <\/p>\n\n\n\n<p>Aller dans <em>Ressources\/Outils avanc\u00e9s : Analyse de chevauchement et collection<\/em> (les r\u00f4les suivants sont n\u00e9cessaires pour y avoir acc\u00e8s : op\u00e9rateur des achats, gestionnaire des achats, gestionnaire des r\u00e9f\u00e9rentiels et op\u00e9rateur d&rsquo;inventaire \u00e9lectronique). <\/p>\n\n\n\n<p>Cliquer sur <em>+ Nouvelle analyse<\/em> puis sur<em> Chercher des titres<\/em> <em>(Charger un fichier et v\u00e9rifier leur existence dans Alma)<\/em><\/p>\n\n\n\n<figure class=\"wp-block-image size-large\"><img decoding=\"async\" loading=\"lazy\" width=\"1024\" height=\"524\" src=\"https:\/\/rebub.u-bordeaux.fr\/wp-content\/uploads\/2023\/07\/Analyse-de-chevauchement-et-collection11-1024x524.png\" alt=\"\" class=\"wp-image-16717\" srcset=\"https:\/\/rebub.u-bordeaux.fr\/wp-content\/uploads\/2023\/07\/Analyse-de-chevauchement-et-collection11-1024x524.png 1024w, https:\/\/rebub.u-bordeaux.fr\/wp-content\/uploads\/2023\/07\/Analyse-de-chevauchement-et-collection11-300x154.png 300w, https:\/\/rebub.u-bordeaux.fr\/wp-content\/uploads\/2023\/07\/Analyse-de-chevauchement-et-collection11-768x393.png 768w, https:\/\/rebub.u-bordeaux.fr\/wp-content\/uploads\/2023\/07\/Analyse-de-chevauchement-et-collection11.png 1240w\" sizes=\"(max-width: 1024px) 100vw, 1024px\" \/><\/figure>\n\n\n\n<p>1. Il est conseill\u00e9 de rentrer une description de l&rsquo;analyse, en effet, tous les rapports produits sont visibles pour tous les utilisateurs Alma<\/p>\n\n\n\n<p>2. T\u00e9l\u00e9charger un fichier Excel contenant la liste des titres que vous souhaitez comparer. L&rsquo;ent\u00eate de la premi\u00e8re colonne doit \u00eatre un des \u00e9l\u00e9ments suivants : \u00ab\u00a0eISBN\/ISBN\u00a0\u00bb, \u00ab\u00a0eISSN\/ISSN\u00a0\u00bb ou \u00ab\u00a0TITRE\u00a0\u00bb<\/p>\n\n\n<div class=\"wp-block-image\">\n<figure class=\"aligncenter size-full is-resized\"><img decoding=\"async\" loading=\"lazy\" src=\"https:\/\/rebub.u-bordeaux.fr\/wp-content\/uploads\/2023\/07\/liste-excel.bmp\" alt=\"\" class=\"wp-image-16712\" width=\"145\" height=\"429\" srcset=\"https:\/\/rebub.u-bordeaux.fr\/wp-content\/uploads\/2023\/07\/liste-excel.bmp 175w, https:\/\/rebub.u-bordeaux.fr\/wp-content\/uploads\/2023\/07\/liste-excel-101x300.jpg 101w\" sizes=\"(max-width: 145px) 100vw, 145px\" \/><\/figure><\/div>\n\n\n<p>3. Choisir un ou plusieurs inventaires avec lesquels vous souhaitez comparer votre liste de titres.<\/p>\n\n\n\n<div class=\"is-layout-flex wp-container-3 wp-block-columns bord-bloc-reutilisable has-background\" style=\"background-color:#ffeec2\">\n<div class=\"is-layout-flow wp-block-column is-vertically-aligned-center\" style=\"flex-basis:7%\">\n<figure class=\"wp-block-image alignfull size-full is-style-default\"><img decoding=\"async\" loading=\"lazy\" width=\"512\" height=\"512\" src=\"https:\/\/rebub.u-bordeaux.fr\/wp-content\/uploads\/2024\/04\/nouvelles-idees-en-cours.png\" alt=\"\" class=\"wp-image-19897\" srcset=\"https:\/\/rebub.u-bordeaux.fr\/wp-content\/uploads\/2024\/04\/nouvelles-idees-en-cours.png 512w, https:\/\/rebub.u-bordeaux.fr\/wp-content\/uploads\/2024\/04\/nouvelles-idees-en-cours-300x300.png 300w, https:\/\/rebub.u-bordeaux.fr\/wp-content\/uploads\/2024\/04\/nouvelles-idees-en-cours-150x150.png 150w\" sizes=\"(max-width: 512px) 100vw, 512px\" \/><\/figure>\n<\/div>\n\n\n\n<div class=\"is-layout-flow wp-block-column is-vertically-aligned-center\" style=\"flex-basis:85%\">\n<p><strong>N<\/strong><strong>ouveaut\u00e9 d&rsquo;Ao\u00fbt 2023 <\/strong>: Une fois l&rsquo;inventaire s\u00e9lectionn\u00e9, l&rsquo;analyse de recouvrement propose deux param\u00e8tres de recherche suppl\u00e9mentaires : \u00ab\u00a0Inclure les indications de correspondances de titre physique dans les rapports \u00e9lectroniques\u00a0\u00bb et \u00ab\u00a0Inclure l&rsquo;indication relative aux titres associ\u00e9s\u00a0\u00bb. Dans le tableau des r\u00e9sultats de l&rsquo;analyse ces param\u00e8tres apparaitront sous deux colonnes suppl\u00e9mentaires \u00ab\u00a0Has Physical Matching\u00a0\u00bb et \u00ab\u00a0Has Related Physical Matching\u00a0\u00bb avec l&rsquo;indication de la relation le cas \u00e9ch\u00e9ant. <\/p>\n<\/div>\n<\/div>\n\n\n\n<p>Cliquer sur <em>G\u00e9n\u00e9rer<\/em> pour lancer l&rsquo;analyse de recouvrement.<\/p>\n\n\n\n<p>Une fois l\u2019analyse termin\u00e9e, cliquer sur le rapport pour l&rsquo;ouvrir, il existe autant de sous-rapports que d&rsquo;inventaires choisis pour l&rsquo;analyse de recouvrement (3.). Pour acc\u00e9der \u00e0 la liste des titres trouv\u00e9s, cliquer sur le logo de t\u00e9l\u00e9chargement : <\/p>\n\n\n\n<figure class=\"wp-block-image size-large\"><img decoding=\"async\" loading=\"lazy\" width=\"1024\" height=\"433\" src=\"https:\/\/rebub.u-bordeaux.fr\/wp-content\/uploads\/2023\/07\/resultats1-1-1024x433.png\" alt=\"\" class=\"wp-image-16719\" srcset=\"https:\/\/rebub.u-bordeaux.fr\/wp-content\/uploads\/2023\/07\/resultats1-1-1024x433.png 1024w, https:\/\/rebub.u-bordeaux.fr\/wp-content\/uploads\/2023\/07\/resultats1-1-300x127.png 300w, https:\/\/rebub.u-bordeaux.fr\/wp-content\/uploads\/2023\/07\/resultats1-1-768x325.png 768w, https:\/\/rebub.u-bordeaux.fr\/wp-content\/uploads\/2023\/07\/resultats1-1.png 1231w\" sizes=\"(max-width: 1024px) 100vw, 1024px\" \/><\/figure>\n\n\n\n<div class=\"is-layout-flex wp-container-9 wp-block-columns bord-bloc-reutilisable has-background\" style=\"background-color:#d9edf7\">\n<div class=\"is-layout-flow wp-block-column is-vertically-aligned-center\" style=\"font-size:15px;flex-basis:20%\">\n<p style=\"font-size:15px\"><strong>Date de publication<\/strong> <\/p>\n\n\n<div style=\"font-size:15px;\" class=\"wp-block-post-date\"><time datetime=\"2024-03-22T09:33:33+01:00\">22 mars 2024<\/time><\/div><\/div>\n\n\n\n<div class=\"is-layout-flow wp-block-column is-vertically-aligned-center\" style=\"font-size:15px;flex-basis:20%\">\n<p><strong>Mis \u00e0 jour le <\/strong><\/p>\n\n\n<div style=\"font-size:15px;\" class=\"wp-block-post-date\"><time datetime=\"2024-04-26T09:03:12+02:00\">26 avril 2024<\/time><\/div><\/div>\n\n\n\n<div class=\"is-layout-flow wp-block-column is-vertically-aligned-center\" style=\"font-size:15px;flex-basis:40%\">\n<p><\/p>\n\n\n\n<p><strong>Attention ! <\/strong>Certains \u00e9tablissements utilisent parfois de proc\u00e9dures compl\u00e9mentaires <\/p>\n<\/div>\n\n\n\n<div class=\"is-layout-flow wp-block-column is-vertically-aligned-center\" style=\"font-size:15px;flex-basis:25%\">\n<div class=\"is-horizontal is-content-justification-center is-layout-flex wp-container-7 wp-block-buttons alignfull has-custom-font-size\" style=\"font-size:16px\">\n<div class=\"wp-block-button has-custom-width wp-block-button__width-75 has-custom-font-size is-style-fill\" style=\"font-size:15px\"><a class=\"wp-block-button__link has-white-color has-text-color has-background wp-element-button\" href=\"mailto:scoop@u-bordeaux.fr\" style=\"border-radius:65px;background-color:#000000db\"><strong>Signaler une erreur<\/strong><\/a><\/div>\n<\/div>\n<\/div>\n<\/div>\n","protected":false},"excerpt":{"rendered":"<p>Depuis mai 2023 \u00ab\u00a0l&rsquo;analyse de chevauchement et collection\u00a0\u00bb inclut les titres physiques en plus des titres \u00e9lectroniques. A partir d&rsquo;une liste de titres, cette analyse permet de v\u00e9rifier si ces titres existent dans les inventaires physique et\/ou \u00e9lectroniques de votre&#8230;<\/p>\n","protected":false},"author":81,"featured_media":0,"parent":18865,"menu_order":0,"comment_status":"closed","ping_status":"closed","template":"","meta":[],"post_mailing_queue_ids":[],"_links":{"self":[{"href":"http:\/\/rebub.u-bordeaux.fr\/index.php\/wp-json\/wp\/v2\/pages\/18867"}],"collection":[{"href":"http:\/\/rebub.u-bordeaux.fr\/index.php\/wp-json\/wp\/v2\/pages"}],"about":[{"href":"http:\/\/rebub.u-bordeaux.fr\/index.php\/wp-json\/wp\/v2\/types\/page"}],"author":[{"embeddable":true,"href":"http:\/\/rebub.u-bordeaux.fr\/index.php\/wp-json\/wp\/v2\/users\/81"}],"replies":[{"embeddable":true,"href":"http:\/\/rebub.u-bordeaux.fr\/index.php\/wp-json\/wp\/v2\/comments?post=18867"}],"version-history":[{"count":4,"href":"http:\/\/rebub.u-bordeaux.fr\/index.php\/wp-json\/wp\/v2\/pages\/18867\/revisions"}],"predecessor-version":[{"id":20471,"href":"http:\/\/rebub.u-bordeaux.fr\/index.php\/wp-json\/wp\/v2\/pages\/18867\/revisions\/20471"}],"up":[{"embeddable":true,"href":"http:\/\/rebub.u-bordeaux.fr\/index.php\/wp-json\/wp\/v2\/pages\/18865"}],"wp:attachment":[{"href":"http:\/\/rebub.u-bordeaux.fr\/index.php\/wp-json\/wp\/v2\/media?parent=18867"}],"curies":[{"name":"wp","href":"https:\/\/api.w.org\/{rel}","templated":true}]}}