	{"id":18872,"date":"2024-03-22T09:37:38","date_gmt":"2024-03-22T08:37:38","guid":{"rendered":"https:\/\/rebub.u-bordeaux.fr\/?page_id=18872"},"modified":"2024-05-02T11:51:17","modified_gmt":"2024-05-02T09:51:17","slug":"naviguer-et-se-reperer-dans-babord","status":"publish","type":"page","link":"http:\/\/rebub.u-bordeaux.fr\/index.php\/babord\/procedures\/generalites\/naviguer-et-se-reperer-dans-babord\/","title":{"rendered":"Se rep\u00e9rer dans Babord +"},"content":{"rendered":"<div id='wpig-floatingbar' class='wpig-floatingbar'><div id='wpig-switch-wrapper' class='wpig-switch-wrapper'><span id='wpig-floating-switch' class='wpig-floating-switch'><img src='http:\/\/rebub.u-bordeaux.fr\/wp-content\/plugins\/sticky-toc-advance-table-of-contents\/\\assets\\menu.png'><\/span><\/div><\/div><p><\/p>\n<p>Les vues de Babord+ peuvent diff\u00e9rer l\u00e9g\u00e8rement selon les institutions notamment en ce qui concerne les fonctionnalit\u00e9s et les services propos\u00e9s, n\u00e9anmoins, la maquette g\u00e9n\u00e9rale est commune \u00e0 tous les \u00e9tablissements. <br>Sur la page d\u2019accueil (ici extraites du catalogue Babord+ de l\u2019Universit\u00e9 de Bordeaux) on trouve donc :<\/p>\n\n\n<div class=\"wp-block-image\">\n<figure class=\"aligncenter\"><a href=\"http:\/\/rebub.u-bordeaux.fr\/wp-content\/uploads\/2020\/04\/Interface-Babord.png\" target=\"_blank\" rel=\"noreferrer noopener\"><img decoding=\"async\" loading=\"lazy\" width=\"3909\" height=\"1726\" src=\"http:\/\/rebub.u-bordeaux.fr\/wp-content\/uploads\/2020\/04\/Interface-Babord.png\" alt=\"\" class=\"wp-image-8810\" srcset=\"https:\/\/rebub.u-bordeaux.fr\/wp-content\/uploads\/2020\/04\/Interface-Babord.png 3909w, https:\/\/rebub.u-bordeaux.fr\/wp-content\/uploads\/2020\/04\/Interface-Babord-300x132.png 300w, https:\/\/rebub.u-bordeaux.fr\/wp-content\/uploads\/2020\/04\/Interface-Babord-1024x452.png 1024w, https:\/\/rebub.u-bordeaux.fr\/wp-content\/uploads\/2020\/04\/Interface-Babord-768x339.png 768w, https:\/\/rebub.u-bordeaux.fr\/wp-content\/uploads\/2020\/04\/Interface-Babord-1536x678.png 1536w, https:\/\/rebub.u-bordeaux.fr\/wp-content\/uploads\/2020\/04\/Interface-Babord-2048x904.png 2048w\" sizes=\"(max-width: 3909px) 100vw, 3909px\" \/><\/a><\/figure><\/div>\n\n\n<ol>\n<li>Le <strong>logo de Babord + et de l&rsquo;\u00e9tablissement propri\u00e9taire de l&rsquo;interface<\/strong> : il est cliquable et permet de revenir \u00e0 la page d&rsquo;accueil.<\/li>\n\n\n\n<li>Un <strong>menu<\/strong> qui donne acc\u00e8s \u00e0 un certain nombre d&rsquo;options. Elle varient selon les \u00e9tablissements. Cela peut \u00eatre : \n<ol>\n<li>un A to Z des revues \u00e9lectroniques<\/li>\n\n\n\n<li>une recherche DOI\/PMID<\/li>\n\n\n\n<li>un acc\u00e8s aux sites institutionnels des biblioth\u00e8ques de leurs \u00e9tablissements<\/li>\n\n\n\n<li>un acc\u00e8s \u00e0 des formulaires de contact<\/li>\n\n\n\n<li>un \u201cDiscovery collection\u201d : sorte de pr\u00e9sentoir virtuel qui permet de proposer des s\u00e9lections de documents (nouveaut\u00e9s, s\u00e9lections th\u00e9matiques, s\u00e9lections dans le cadre d\u2019un \u00e9v\u00e9nement,\u2026)<\/li>\n<\/ol>\n<\/li>\n\n\n\n<li>&nbsp;<strong>L&rsquo;acc\u00e8s au compte lecteur et aux services<\/strong>. Depuis cette partie de la page d&rsquo;accueil, le lecteur peut :\n<ol>\n<li>Acc\u00e9der \u00e0 son historique de recherche en cliquant sur le bouton <img decoding=\"async\" loading=\"lazy\" src=\"http:\/\/rebub.u-bordeaux.fr\/wp-content\/uploads\/2020\/04\/Bouton-historique.png\" alt=\"\" width=\"39\" height=\"35\"> <\/li>\n\n\n\n<li>Acc\u00e9der \u00e0 ses notices favorites en cliquant sur <img decoding=\"async\" loading=\"lazy\" src=\"http:\/\/rebub.u-bordeaux.fr\/wp-content\/uploads\/2020\/04\/Bouton-favoris.png\" alt=\"\" width=\"39\" height=\"35\"> <\/li>\n\n\n\n<li>S\u2019identifier (s\u2019il n\u2019est pas connect\u00e9 \u00e0 son ENT) en cliquant sur \u00ab Invit\u00e9 \u00bb et acc\u00e9der \u00e0 son compte<\/li>\n\n\n\n<li>Changer la langue de l&rsquo;interface.<\/li>\n<\/ol>\n<\/li>\n\n\n\n<li>La <strong>barre de recherche<\/strong> (simple ou avanc\u00e9e).<\/li>\n\n\n\n<li>La partie centrale de la page d&rsquo;accueil qui est d\u00e9di\u00e9e \u00e0 la pr\u00e9sentation du catalogue, des informations g\u00e9n\u00e9rales, des tutoriels&#8230; Ce sont les \u00e9tablissements qui choisissent comment alimenter cette partie de la page d&rsquo;accueil.<\/li>\n<\/ol>\n\n\n\n<div class=\"is-layout-flex wp-container-6 wp-block-columns bord-bloc-reutilisable has-background\" style=\"background-color:#d9edf7\">\n<div class=\"is-layout-flow wp-block-column is-vertically-aligned-center\" style=\"font-size:15px;flex-basis:20%\">\n<p style=\"font-size:15px\"><strong>Date de publication<\/strong> <\/p>\n\n\n<div style=\"font-size:15px;\" class=\"wp-block-post-date\"><time datetime=\"2024-03-22T09:37:38+01:00\">22 mars 2024<\/time><\/div><\/div>\n\n\n\n<div class=\"is-layout-flow wp-block-column is-vertically-aligned-center\" style=\"font-size:15px;flex-basis:20%\">\n<p><strong>Mis \u00e0 jour le <\/strong><\/p>\n\n\n<div style=\"font-size:15px;\" class=\"wp-block-post-date\"><time datetime=\"2024-05-02T11:51:17+02:00\">2 mai 2024<\/time><\/div><\/div>\n\n\n\n<div class=\"is-layout-flow wp-block-column is-vertically-aligned-center\" style=\"font-size:15px;flex-basis:40%\">\n<p><\/p>\n\n\n\n<p><strong>Attention ! <\/strong>Certains \u00e9tablissements utilisent parfois de proc\u00e9dures compl\u00e9mentaires <\/p>\n<\/div>\n\n\n\n<div class=\"is-layout-flow wp-block-column is-vertically-aligned-center\" style=\"font-size:15px;flex-basis:25%\">\n<div class=\"is-horizontal is-content-justification-center is-layout-flex wp-container-4 wp-block-buttons alignfull has-custom-font-size\" style=\"font-size:16px\">\n<div class=\"wp-block-button has-custom-width wp-block-button__width-75 has-custom-font-size is-style-fill\" style=\"font-size:15px\"><a class=\"wp-block-button__link has-white-color has-text-color has-background wp-element-button\" href=\"mailto:scoop@u-bordeaux.fr\" style=\"border-radius:65px;background-color:#000000db\"><strong>Signaler une erreur<\/strong><\/a><\/div>\n<\/div>\n<\/div>\n<\/div>\n","protected":false},"excerpt":{"rendered":"<p>Les vues de Babord+ peuvent diff\u00e9rer l\u00e9g\u00e8rement selon les institutions notamment en ce qui concerne les fonctionnalit\u00e9s et les services propos\u00e9s, n\u00e9anmoins, la maquette g\u00e9n\u00e9rale est commune \u00e0 tous les \u00e9tablissements. Sur la page d\u2019accueil (ici extraites du catalogue Babord+&#8230;<\/p>\n","protected":false},"author":81,"featured_media":0,"parent":18422,"menu_order":2,"comment_status":"closed","ping_status":"closed","template":"","meta":[],"post_mailing_queue_ids":[],"_links":{"self":[{"href":"http:\/\/rebub.u-bordeaux.fr\/index.php\/wp-json\/wp\/v2\/pages\/18872"}],"collection":[{"href":"http:\/\/rebub.u-bordeaux.fr\/index.php\/wp-json\/wp\/v2\/pages"}],"about":[{"href":"http:\/\/rebub.u-bordeaux.fr\/index.php\/wp-json\/wp\/v2\/types\/page"}],"author":[{"embeddable":true,"href":"http:\/\/rebub.u-bordeaux.fr\/index.php\/wp-json\/wp\/v2\/users\/81"}],"replies":[{"embeddable":true,"href":"http:\/\/rebub.u-bordeaux.fr\/index.php\/wp-json\/wp\/v2\/comments?post=18872"}],"version-history":[{"count":3,"href":"http:\/\/rebub.u-bordeaux.fr\/index.php\/wp-json\/wp\/v2\/pages\/18872\/revisions"}],"predecessor-version":[{"id":20735,"href":"http:\/\/rebub.u-bordeaux.fr\/index.php\/wp-json\/wp\/v2\/pages\/18872\/revisions\/20735"}],"up":[{"embeddable":true,"href":"http:\/\/rebub.u-bordeaux.fr\/index.php\/wp-json\/wp\/v2\/pages\/18422"}],"wp:attachment":[{"href":"http:\/\/rebub.u-bordeaux.fr\/index.php\/wp-json\/wp\/v2\/media?parent=18872"}],"curies":[{"name":"wp","href":"https:\/\/api.w.org\/{rel}","templated":true}]}}