	{"id":18874,"date":"2024-03-22T09:37:39","date_gmt":"2024-03-22T08:37:39","guid":{"rendered":"https:\/\/rebub.u-bordeaux.fr\/?page_id=18874"},"modified":"2024-05-02T12:01:32","modified_gmt":"2024-05-02T10:01:32","slug":"introduction-a-primo","status":"publish","type":"page","link":"http:\/\/rebub.u-bordeaux.fr\/index.php\/babord\/procedures\/generalites\/introduction-a-primo\/","title":{"rendered":"Glossaire de Primo"},"content":{"rendered":"<div id='wpig-floatingbar' class='wpig-floatingbar'><div id='wpig-switch-wrapper' class='wpig-switch-wrapper'><span id='wpig-floating-switch' class='wpig-floating-switch'><img src='http:\/\/rebub.u-bordeaux.fr\/wp-content\/plugins\/sticky-toc-advance-table-of-contents\/\\assets\\menu.png'><\/span><\/div><div id='wpig-contents' class='wpig-contents  wpig-sidebar-widget wpig-style-3'><span class='wpig-headline'>Table des mati\u00e8res<span><a data-action='show' class='wpig-btn-toggledisplay'>[ Show ]<\/a><\/span><\/span><!-- Table of Contents --><div id='wpig-table-of-content' class='wpig-table-of-content'><ol><li class='dedoublonnage_dedup'><a href='#dedoublonnage_dedup'>D\u00e9doublonnage ou Dedup<\/a><\/li><li class='did_you_mean'><a href='#did_you_mean'>Did you mean ?<\/a><\/li><li class='enrichissement'><a href='#enrichissement'>Enrichissement<\/a><\/li><li class='frbrisation'><a href='#frbrisation'>FRBRisation<\/a><\/li><li class='moissonnage'><a href='#moissonnage'>Moissonnage<\/a><\/li><li class='normalisation'><a href='#normalisation'>Normalisation<\/a><\/li><li class='pipes'><a href='#pipes'>Pipes<\/a><\/li><li class='pnx'><a href='#pnx'>PNX<\/a><\/li><li class='les_ressources_locales'><a href='#les_ressources_locales'>Les ressources locales<\/a><\/li><li class='les_scopes'><a href='#les_scopes'>Les scopes<\/a><ol><li class='les_scopes_de_recherche_search_scopes'><a href='#les_scopes_de_recherche_search_scopes'>Les scopes de recherche (search scopes)<\/a><\/li><li class='les_scopes_de_recherche_restreints'><a href='#les_scopes_de_recherche_restreints'>Les scopes de recherche restreints<\/a><\/li><li class='les_scopes_de_disponibilites_restreintes_restricted_delivery_scopes'><a href='#les_scopes_de_disponibilites_restreintes_restricted_delivery_scopes'>Les scopes de disponibilit\u00e9s restreintes (Restricted delivery scopes)<\/a><\/li><\/ol><li class='les_vues'><a href='#les_vues'>Les vues<\/a><\/li><\/ol><\/li><\/div><!-- END OF Table of Contents --><\/div><\/div><p><div id='wpig-contents' class='wpig-contents  wpig-sidebar-widget wpig-style-1'><span class='wpig-headline'>Table des mati\u00e8res<span><a data-action='show' class='wpig-btn-toggledisplay'>[ Show ]<\/a><\/span><\/span><!-- Table of Contents --><div id='wpig-table-of-content' class='wpig-table-of-content' ><ol><li class='dedoublonnage_dedup'><a href='#dedoublonnage_dedup'>D\u00e9doublonnage ou Dedup<\/a><\/li><li class='did_you_mean'><a href='#did_you_mean'>Did you mean ?<\/a><\/li><li class='enrichissement'><a href='#enrichissement'>Enrichissement<\/a><\/li><li class='frbrisation'><a href='#frbrisation'>FRBRisation<\/a><\/li><li class='moissonnage'><a href='#moissonnage'>Moissonnage<\/a><\/li><li class='normalisation'><a href='#normalisation'>Normalisation<\/a><\/li><li class='pipes'><a href='#pipes'>Pipes<\/a><\/li><li class='pnx'><a href='#pnx'>PNX<\/a><\/li><li class='les_ressources_locales'><a href='#les_ressources_locales'>Les ressources locales<\/a><\/li><li class='les_scopes'><a href='#les_scopes'>Les scopes<\/a><ol><li class='les_scopes_de_recherche_search_scopes'><a href='#les_scopes_de_recherche_search_scopes'>Les scopes de recherche (search scopes)<\/a><\/li><li class='les_scopes_de_recherche_restreints'><a href='#les_scopes_de_recherche_restreints'>Les scopes de recherche restreints<\/a><\/li><li class='les_scopes_de_disponibilites_restreintes_restricted_delivery_scopes'><a href='#les_scopes_de_disponibilites_restreintes_restricted_delivery_scopes'>Les scopes de disponibilit\u00e9s restreintes (Restricted delivery scopes)<\/a><\/li><\/ol><li class='les_vues'><a href='#les_vues'>Les vues<\/a><\/li><\/ol><\/li><\/div><!-- END OF Table of Contents --><\/div><\/p>\n<h2 id=\"dedoublonnage_dedup\" id=\"dedoublonnage_dedup\" class=\"wpig-heading\"><a href=\"http:\/\/rebub.u-bordeaux.fr\/index.php\/babord\/configuration-administration\/signalement\/fusion-et-frbr\/dedup\/\" data-type=\"URL\" data-id=\"http:\/\/rebub.u-bordeaux.fr\/index.php\/babord\/configuration-administration\/signalement\/fusion-et-frbr\/dedup\/\">D\u00e9doublonnage ou Dedup<\/a><\/h2>\n\n\n\n<p>Primo peut d\u00e9doublonner des notices en provenance de sources distinctes. L&rsquo;algorithme de d\u00e9doublonnage s&rsquo;appuie sur des clefs d\u00e9finies dans chaque notice PNX.<\/p>\n\n\n\n<h2 id=\"did_you_mean\" id=\"did_you_mean\" class=\"wpig-heading\">Did you mean ?<\/h2>\n\n\n\n<p>Lorsqu&rsquo;une requ\u00eate renvoie moins de 50 (param\u00e8tre configurable) r\u00e9sultats hors r\u00e9sultats de Primo Central, Primo va proposer une correction orthographique.<\/p>\n\n\n\n<figure class=\"wp-block-image\"><a href=\"http:\/\/rebub.u-bordeaux.fr\/wp-content\/uploads\/2020\/08\/didyoumean.png\" target=\"_blank\" rel=\"noopener noreferrer\"><img decoding=\"async\" loading=\"lazy\" width=\"1148\" height=\"283\" src=\"http:\/\/rebub.u-bordeaux.fr\/wp-content\/uploads\/2020\/08\/didyoumean.png\" alt=\"\" class=\"wp-image-9396\" srcset=\"https:\/\/rebub.u-bordeaux.fr\/wp-content\/uploads\/2020\/08\/didyoumean.png 1148w, https:\/\/rebub.u-bordeaux.fr\/wp-content\/uploads\/2020\/08\/didyoumean-300x74.png 300w, https:\/\/rebub.u-bordeaux.fr\/wp-content\/uploads\/2020\/08\/didyoumean-1024x252.png 1024w, https:\/\/rebub.u-bordeaux.fr\/wp-content\/uploads\/2020\/08\/didyoumean-768x189.png 768w\" sizes=\"(max-width: 1148px) 100vw, 1148px\" \/><\/a><\/figure>\n\n\n\n<p>La correction orthographique s&rsquo;appuie sur le principe math\u00e9matique de la <a class=\"urlextern\" title=\"https:\/\/fr.wikipedia.org\/wiki\/Distance_de_Levenshtein\" href=\"https:\/\/fr.wikipedia.org\/wiki\/Distance_de_Levenshtein\" rel=\"nofollow\">Distance de Levenshtein<\/a>. Ce principe permet de calculer le co\u00fbt minimal pour transformer un terme en un autre en effectuant des traitements \u00e9l\u00e9mentaires sur les cha\u00eenes de caract\u00e8res (substitution, insertion ou suppression d&rsquo;un caract\u00e8re). Ainsi, lorsqu&rsquo;une requ\u00eate retourne moins de 50 r\u00e9sultats, Primo va comparer les termes de la requ\u00eate avec les entr\u00e9es d&rsquo;un dictionnaire et calcule pour chaque comparaison la distance de Levenshtein. Il proposera le terme du dictionnaire le plus proche (ie ayant un co\u00fbt de transformation le plus faible) du terme saisi.<\/p>\n\n\n\n<h2 id=\"enrichissement\" id=\"enrichissement\" class=\"wpig-heading\">Enrichissement<\/h2>\n\n\n\n<p>L&rsquo;enrichissement est le processus par lequel Primo peut ajouter des donn\u00e9es \u00e0 des notices via un service tiers. Par exemple, c&rsquo;est \u00e0 cette \u00e9tape de traitement que nous pourrons ajouter les r\u00e9sum\u00e9s obtenus depuis le service Zebris.<\/p>\n\n\n\n<h2 id=\"frbrisation\" id=\"frbrisation\" class=\"wpig-heading\"><a href=\"http:\/\/rebub.u-bordeaux.fr\/index.php\/babord\/configuration-administration\/signalement\/fusion-et-frbr\/frbr\/\" data-type=\"URL\" data-id=\"http:\/\/rebub.u-bordeaux.fr\/index.php\/babord\/configuration-administration\/signalement\/fusion-et-frbr\/frbr\/\">FRBRisation<\/a><\/h2>\n\n\n\n<p>Le processus de FRBRisation dans Primo est bas\u00e9 sur les principes des Fonctionnalit\u00e9s requises des notices bibliographiques arr\u00eat\u00e9s par le groupe du m\u00eame nom \u00e0 l&rsquo;IFLA.<br>Sur la base d\u2019\u00e9l\u00e9ments pr\u00e9cis pr\u00e9sents dans les notices en entr\u00e9e et stock\u00e9es dans le bloc frbr de la notice PNX, le syst\u00e8me construit des groupes, qui repr\u00e9sentent une \u0153uvre. Les notices qui d\u00e9crivent les diff\u00e9rentes expressions et manifestations d\u2019une m\u00eame \u0153uvre sont donc rassembl\u00e9es dans un m\u00eame groupe. A l&rsquo;affichage, l&rsquo;utilisateur ne verra qu&rsquo;une seule notice. Cette notice peut \u00eatre la notice pr\u00e9f\u00e9r\u00e9e du groupement FRBR (celle qui a eu le score le plus \u00e9lev\u00e9 lors du processus de regroupement) (fig.A) ou une notice g\u00e9n\u00e9r\u00e9e \u00e0 partir des \u00e9l\u00e9ments communs \u00e0 toutes les notices (fig. B). Dans ce deuxi\u00e8me cas, la disponibilit\u00e9 du document et les services d&rsquo;ajout de la notice au panier ne seront pas affich\u00e9s.<\/p>\n\n\n\n<p id=\"fig_a\">Fig. A<\/p>\n\n\n\n<figure class=\"wp-block-image\"><a href=\"http:\/\/rebub.u-bordeaux.fr\/wp-content\/uploads\/2020\/08\/frbr.png\" target=\"_blank\" rel=\"noopener noreferrer\"><img decoding=\"async\" loading=\"lazy\" width=\"955\" height=\"154\" src=\"http:\/\/rebub.u-bordeaux.fr\/wp-content\/uploads\/2020\/08\/frbr.png\" alt=\"\" class=\"wp-image-9398\" srcset=\"https:\/\/rebub.u-bordeaux.fr\/wp-content\/uploads\/2020\/08\/frbr.png 955w, https:\/\/rebub.u-bordeaux.fr\/wp-content\/uploads\/2020\/08\/frbr-300x48.png 300w, https:\/\/rebub.u-bordeaux.fr\/wp-content\/uploads\/2020\/08\/frbr-768x124.png 768w\" sizes=\"(max-width: 955px) 100vw, 955px\" \/><\/a><\/figure>\n\n\n\n<p><a href=\"https:\/\/cite-sciences-primo.hosted.exlibrisgroup.com\/primo-explore\/search?query=any,contains,La%20Cit%C3%A9%20des%20sciences%20et%20de%20l%27industrie%20:%20une%20aventure%20architecturale&amp;tab=default_tab&amp;search_scope=csi_all&amp;vid=33CSI_VU1&amp;lang=fr_FR&amp;offset=0\">Voir l&rsquo;exemple en live<\/a><\/p>\n\n\n\n<p id=\"fig_b\">Fig. B<\/p>\n\n\n\n<figure class=\"wp-block-image\"><a href=\"http:\/\/rebub.u-bordeaux.fr\/wp-content\/uploads\/2020\/08\/frbr2.png\" target=\"_blank\" rel=\"noopener noreferrer\"><img decoding=\"async\" loading=\"lazy\" width=\"921\" height=\"139\" src=\"http:\/\/rebub.u-bordeaux.fr\/wp-content\/uploads\/2020\/08\/frbr2.png\" alt=\"\" class=\"wp-image-9399\" srcset=\"https:\/\/rebub.u-bordeaux.fr\/wp-content\/uploads\/2020\/08\/frbr2.png 921w, https:\/\/rebub.u-bordeaux.fr\/wp-content\/uploads\/2020\/08\/frbr2-300x45.png 300w, https:\/\/rebub.u-bordeaux.fr\/wp-content\/uploads\/2020\/08\/frbr2-768x116.png 768w\" sizes=\"(max-width: 921px) 100vw, 921px\" \/><\/a><\/figure>\n\n\n\n<p><a href=\"http:\/\/limo.libis.be\/primo-explore\/search?query=any,contains,hamlet&amp;tab=all_content_tab&amp;search_scope=ALL_CONTENT&amp;vid=KULeuven_UX&amp;lang=en_US&amp;offset=0\">Voir l&rsquo;exemple en live<\/a><\/p>\n\n\n\n<h2 id=\"moissonnage\" id=\"moissonnage\" class=\"wpig-heading\">Moissonnage<\/h2>\n\n\n\n<p>Le Moissonnage est l&rsquo;\u00e9tape de traitement durant laquelle Primo va r\u00e9cup\u00e9rer les notices fournies par une source externe. Ces notices peuvent \u00eatre mises \u00e0 disposition via un entrep\u00f4t OAI-PMH ou par un d\u00e9p\u00f4t de fichiers sur un serveur FTP (File Transfer Protocol). La source signale \u00e0 Primo les notices cr\u00e9\u00e9es, modifi\u00e9es ou supprim\u00e9es depuis le dernier chargement.<\/p>\n\n\n\n<h2 id=\"normalisation\" id=\"normalisation\" class=\"wpig-heading\">Normalisation<\/h2>\n\n\n\n<p>Le processus de normalisation est le traitement par lequel Primo transforme des notices dans leur format d&rsquo;origine en format PNX. Des r\u00e8gles standards de normalisation sont d\u00e9finies pour chaque source moissonn\u00e9e. A titre d&rsquo;exemple voici <a href=\"https:\/\/knowledge.exlibrisgroup.com\/Primo\/Product_Documentation\/Technical_Guide\/160Mapping_to_the_Normalized_Record\/140Generic_UNIMARC\" data-type=\"URL\" data-id=\"https:\/\/knowledge.exlibrisgroup.com\/Primo\/Product_Documentation\/Technical_Guide\/160Mapping_to_the_Normalized_Record\/140Generic_UNIMARC\">les r\u00e8gles de normalisation types appliqu\u00e9es par Ex Libris \u00e0 des notices au format Unimarc<\/a>.<br>Ces r\u00e8gles sont enti\u00e8rement configurables pour exposer au mieux nos donn\u00e9es :<\/p>\n\n\n\n<ul>\n<li>Pour l\u2019affichage<\/li>\n\n\n\n<li>Pour les rebonds propos\u00e9s<\/li>\n\n\n\n<li>Pour l&rsquo;indexation et particuli\u00e8rement les facettes<\/li>\n\n\n\n<li>Pour l\u2019enrichissement des donn\u00e9es<\/li>\n\n\n\n<li>Pour la recherche<\/li>\n\n\n\n<li>Pour le tri<\/li>\n\n\n\n<li>Pour d\u00e9doublonner et \u2018frbriser\u2019<\/li>\n\n\n\n<li>Pour les donn\u00e9es de contr\u00f4le et l\u2019acc\u00e8s au document<\/li>\n<\/ul>\n\n\n\n<h2 id=\"pipes\" id=\"pipes\" class=\"wpig-heading\">Pipes<\/h2>\n\n\n\n<p>Un pipe est la s\u00e9rie de traitements qui permettent de charger des notices dans Primo \u00e0 partir d&rsquo;une source externe (SIGB, Biblioth\u00e8que num\u00e9rique, AOI, Plateforme d&rsquo;apprentissage virtuelle, \u2026). Un pipe comporte 4 \u00e9tapes de traitement :<\/p>\n\n\n<div class=\"wp-block-image\">\n<figure class=\"aligncenter\"><a href=\"http:\/\/rebub.u-bordeaux.fr\/wp-content\/uploads\/2020\/08\/primo_pipe.png\" target=\"_blank\" rel=\"noopener noreferrer\"><img decoding=\"async\" loading=\"lazy\" width=\"389\" height=\"543\" src=\"http:\/\/rebub.u-bordeaux.fr\/wp-content\/uploads\/2020\/08\/primo_pipe.png\" alt=\"\" class=\"wp-image-9401\" srcset=\"https:\/\/rebub.u-bordeaux.fr\/wp-content\/uploads\/2020\/08\/primo_pipe.png 389w, https:\/\/rebub.u-bordeaux.fr\/wp-content\/uploads\/2020\/08\/primo_pipe-215x300.png 215w\" sizes=\"(max-width: 389px) 100vw, 389px\" \/><\/a><\/figure><\/div>\n\n\n<ol>\n<li> Le moissonnage <\/li>\n\n\n\n<li> La normalisation <\/li>\n\n\n\n<li> L&rsquo;enrichissement <\/li>\n\n\n\n<li> Le chargement <\/li>\n<\/ol>\n\n\n\n<h2 id=\"pnx\" id=\"pnx\" class=\"wpig-heading\">PNX<\/h2>\n\n\n\n<p>Format xml standard d&rsquo;enregistrement des notices bibliographiques dans Primo. La notice PNX est divis\u00e9e en plusieurs blocs.<\/p>\n\n\n\n<ul>\n<li>Le bloc <strong>&lt;control&gt;<\/strong> comprend tous les identifiants de la notice<\/li>\n\n\n\n<li>Le bloc <strong>&lt;display&gt;<\/strong> comprend toutes les informations disponibles pour l&rsquo;affichage<\/li>\n\n\n\n<li>Le bloc <strong>&lt;links&gt;<\/strong> comprend tous les rebonds propos\u00e9s<\/li>\n\n\n\n<li>Le bloc <strong>&lt;search&gt;<\/strong> comprend tous les champs index\u00e9s<\/li>\n\n\n\n<li>Le bloc <strong>&lt;sort&gt;<\/strong> comprend tous les champs utilis\u00e9s pour le tri des r\u00e9sultats<\/li>\n\n\n\n<li>Le bloc <strong>&lt;facets&gt;<\/strong> comprend toutes les facettes propos\u00e9es pour la notice<\/li>\n\n\n\n<li>Le bloc <strong>&lt;dedup&gt;<\/strong> comprend toutes les clefs utilisables par l&rsquo;algorithme de d\u00e9doublonnage<\/li>\n\n\n\n<li>Le bloc <strong>&lt;frbr&gt;<\/strong> comprend toutes les clefs utilisables pour la frb\u00e9risation<\/li>\n\n\n\n<li>Le bloc <strong>&lt;delivery&gt;<\/strong> comprend toutes les informations n\u00e9cessaires au calcul de la disponibilit\u00e9<\/li>\n\n\n\n<li>Le bloc <strong>&lt;ranking&gt;<\/strong> comprend les boosters affect\u00e9s \u00e0 la notice pour impacter son rang d&rsquo;affichage dans le tri par pertinence.<\/li>\n\n\n\n<li>Le bloc <strong>&lt;addata&gt;<\/strong> comprend les donn\u00e9es utilis\u00e9es par des services de Primo non pr\u00e9sentes dans d&rsquo;autres blocs. Les donn\u00e9es renvoy\u00e9es par les fonctions d&rsquo;export bibliographiques (RIS, BIBTEXT,\u2026) sont g\u00e9n\u00e9ralement tir\u00e9es de cette section.<\/li>\n\n\n\n<li>Le bloc <strong>&lt;browse&gt;<\/strong> comprend les entr\u00e9es propos\u00e9es pour la recherche parcourir.<\/li>\n<\/ul>\n\n\n\n<p>La notice PNX permet de voir comment les donn\u00e9es sont trait\u00e9es dans Primo. Toutes ces donn\u00e9es sont construites lors du processus de normalisation.<\/p>\n\n\n\n<p>Lire l&rsquo;article <a href=\"http:\/\/rebub.u-bordeaux.fr\/index.php\/babord\/configuration-administration\/signalement\/normalisation\/champs-personnalises\/\" data-type=\"URL\" data-id=\"http:\/\/rebub.u-bordeaux.fr\/index.php\/babord\/configuration-administration\/signalement\/normalisation\/champs-personnalises\/\">suivant<\/a> au sujet des personnalisations r\u00e9seau des champs PNX.<\/p>\n\n\n\n<h2 id=\"les_ressources_locales\" id=\"les_ressources_locales\" class=\"wpig-heading\">Les ressources locales<\/h2>\n\n\n\n<p>Les ressources locales sont toutes les sources moissonn\u00e9es par le Primo de l&rsquo;institution et dont les donn\u00e9es sont index\u00e9es et stock\u00e9es sur le serveur de l&rsquo;institution. Elles sont mat\u00e9rialis\u00e9es en vert sur le diagramme ci-dessous.<\/p>\n\n\n\n<figure class=\"wp-block-image\"><a href=\"http:\/\/rebub.u-bordeaux.fr\/wp-content\/uploads\/2020\/08\/fonctionnement_primo.png\" target=\"_blank\" rel=\"noopener noreferrer\"><img decoding=\"async\" loading=\"lazy\" width=\"1188\" height=\"690\" src=\"http:\/\/rebub.u-bordeaux.fr\/wp-content\/uploads\/2020\/08\/fonctionnement_primo.png\" alt=\"\" class=\"wp-image-9404\" srcset=\"https:\/\/rebub.u-bordeaux.fr\/wp-content\/uploads\/2020\/08\/fonctionnement_primo.png 1188w, https:\/\/rebub.u-bordeaux.fr\/wp-content\/uploads\/2020\/08\/fonctionnement_primo-300x174.png 300w, https:\/\/rebub.u-bordeaux.fr\/wp-content\/uploads\/2020\/08\/fonctionnement_primo-1024x595.png 1024w, https:\/\/rebub.u-bordeaux.fr\/wp-content\/uploads\/2020\/08\/fonctionnement_primo-768x446.png 768w\" sizes=\"(max-width: 1188px) 100vw, 1188px\" \/><\/a><\/figure>\n\n\n\n<h2 id=\"les_scopes\" id=\"les_scopes\" class=\"wpig-heading\">Les scopes<\/h2>\n\n\n\n<p>Les scopes sont un regroupement de ressources. Primo distingue 3 types de scopes.<\/p>\n\n\n\n<h3 id=\"les_scopes_de_recherche_search_scopes\" id=\"les_scopes_de_recherche_search_scopes\" class=\"wpig-heading\">Les scopes de recherche (search scopes)<\/h3>\n\n\n\n<p>Il s&rsquo;agit de l&rsquo;ensemble des ressources propos\u00e9es dans un contexte de recherche. Une vue peut proposer plusieurs contextes de recherche. Ces derniers sont alors propos\u00e9s \u00e0 l&rsquo;utilisateur de la mani\u00e8re suivante.<\/p>\n\n\n\n<figure class=\"wp-block-image\"><a href=\"http:\/\/rebub.u-bordeaux.fr\/wp-content\/uploads\/2020\/08\/search_scope.png\" target=\"_blank\" rel=\"noopener noreferrer\"><img decoding=\"async\" loading=\"lazy\" width=\"883\" height=\"147\" src=\"http:\/\/rebub.u-bordeaux.fr\/wp-content\/uploads\/2020\/08\/search_scope.png\" alt=\"\" class=\"wp-image-9395\" srcset=\"https:\/\/rebub.u-bordeaux.fr\/wp-content\/uploads\/2020\/08\/search_scope.png 883w, https:\/\/rebub.u-bordeaux.fr\/wp-content\/uploads\/2020\/08\/search_scope-300x50.png 300w, https:\/\/rebub.u-bordeaux.fr\/wp-content\/uploads\/2020\/08\/search_scope-768x128.png 768w\" sizes=\"(max-width: 883px) 100vw, 883px\" \/><\/a><\/figure>\n\n\n\n<p>Un scope peut regrouper des ressources locales et des ressources distantes (Primo central index ou EBSCO API (Apllication Programming interface)). Au niveau des ressources locales, il est possible de proposer l&rsquo;acc\u00e8s \u00e0 l&rsquo;ensemble des ressources index\u00e9es pour l&rsquo;institution ou de restreindre le scope :<\/p>\n\n\n\n<ul>\n<li>En fonction de la source des donn\u00e9es (par exemple nous pouvons proposer un scope \u201cBiblioth\u00e8que num\u00e9rique\u201d qui limiterait la recherche aux seuls notices en provenance de Babordnum et 1886).<\/li>\n\n\n\n<li>En fonction d&rsquo;une ou plusieurs collection Alma : dans Alma il est possible de r\u00e9aliser des regroupements de notices bibliographiques sous forme de collection.<\/li>\n\n\n\n<li>En fonction de crit\u00e8res plus fin : par exemple nous pourrions proposer un scope de recherche centr\u00e9 sur les travaux universitaires en incluant toutes les notices en provenance d&rsquo;Alma dont les postions 4, 5, 6 ou 7 de la zone 105$a sont \u00e9gales \u00e0 \u201cm\u201d et ajouter toutes les th\u00e8ses d&rsquo;exercice moissonn\u00e9es depuis Dumas.<\/li>\n<\/ul>\n\n\n\n<h3 id=\"les_scopes_de_recherche_restreints\" id=\"les_scopes_de_recherche_restreints\" class=\"wpig-heading\">Les scopes de recherche restreints<\/h3>\n\n\n\n<p>Il est possible d&rsquo;exposer \u00e0 la recherche un groupe de notices \u00e0 des utilisateurs sp\u00e9cifiques.<\/p>\n\n\n\n<h3 id=\"les_scopes_de_disponibilites_restreintes_restricted_delivery_scopes\" id=\"les_scopes_de_disponibilites_restreintes_restricted_delivery_scopes\" class=\"wpig-heading\">Les scopes de disponibilit\u00e9s restreintes (Restricted delivery scopes)<\/h3>\n\n\n\n<p>Il s&rsquo;agit dans ce cas de groupes de ressources qui seront affich\u00e9es comme disponibles en fonction du type d&rsquo;utilisateur ou de son contexte de consultation du catalogue.<\/p>\n\n\n\n<h2 id=\"les_vues\" id=\"les_vues\" class=\"wpig-heading\">Les vues<\/h2>\n\n\n\n<p>La vue est l&rsquo;interface utilisateurs. Chaque institution peut disposer de plusieurs vues auxquelles elle peut lier diff\u00e9rents scopes. Chaque vue dispose de ses propres fichiers de configuration graphique (css, javascript), ses propres contenus html et ses propres fichiers de traductions des \u00e9l\u00e9ments de l&rsquo;interface.<\/p>\n\n\n\n<div class=\"is-layout-flex wp-container-6 wp-block-columns bord-bloc-reutilisable has-background\" style=\"background-color:#d9edf7\">\n<div class=\"is-layout-flow wp-block-column is-vertically-aligned-center\" style=\"font-size:15px;flex-basis:20%\">\n<p style=\"font-size:15px\"><strong>Date de publication<\/strong> <\/p>\n\n\n<div style=\"font-size:15px;\" class=\"wp-block-post-date\"><time datetime=\"2024-03-22T09:37:39+01:00\">22 mars 2024<\/time><\/div><\/div>\n\n\n\n<div class=\"is-layout-flow wp-block-column is-vertically-aligned-center\" style=\"font-size:15px;flex-basis:20%\">\n<p><strong>Mis \u00e0 jour le <\/strong><\/p>\n\n\n<div style=\"font-size:15px;\" class=\"wp-block-post-date\"><time datetime=\"2024-05-02T12:01:32+02:00\">2 mai 2024<\/time><\/div><\/div>\n\n\n\n<div class=\"is-layout-flow wp-block-column is-vertically-aligned-center\" style=\"font-size:15px;flex-basis:40%\">\n<p><\/p>\n\n\n\n<p><strong>Attention ! <\/strong>Certains \u00e9tablissements utilisent parfois de proc\u00e9dures compl\u00e9mentaires <\/p>\n<\/div>\n\n\n\n<div class=\"is-layout-flow wp-block-column is-vertically-aligned-center\" style=\"font-size:15px;flex-basis:25%\">\n<div class=\"is-horizontal is-content-justification-center is-layout-flex wp-container-4 wp-block-buttons alignfull has-custom-font-size\" style=\"font-size:16px\">\n<div class=\"wp-block-button has-custom-width wp-block-button__width-75 has-custom-font-size is-style-fill\" style=\"font-size:15px\"><a class=\"wp-block-button__link has-white-color has-text-color has-background wp-element-button\" href=\"mailto:scoop@u-bordeaux.fr\" style=\"border-radius:65px;background-color:#000000db\"><strong>Signaler une erreur<\/strong><\/a><\/div>\n<\/div>\n<\/div>\n<\/div>\n","protected":false},"excerpt":{"rendered":"<p>Table des mati\u00e8res[ Show ]D\u00e9doublonnage ou DedupDid you mean ?EnrichissementFRBRisationMoissonnageNormalisationPipesPNXLes ressources localesLes scopesLes scopes de recherche (search scopes)Les scopes de recherche restreintsLes scopes de disponibilit\u00e9s restreintes (Restricted delivery scopes)Les vuesD\u00e9doublonnage ou Dedup Primo peut d\u00e9doublonner des notices en provenance de&#8230;<\/p>\n","protected":false},"author":81,"featured_media":0,"parent":18422,"menu_order":4,"comment_status":"closed","ping_status":"closed","template":"","meta":[],"post_mailing_queue_ids":[],"_links":{"self":[{"href":"http:\/\/rebub.u-bordeaux.fr\/index.php\/wp-json\/wp\/v2\/pages\/18874"}],"collection":[{"href":"http:\/\/rebub.u-bordeaux.fr\/index.php\/wp-json\/wp\/v2\/pages"}],"about":[{"href":"http:\/\/rebub.u-bordeaux.fr\/index.php\/wp-json\/wp\/v2\/types\/page"}],"author":[{"embeddable":true,"href":"http:\/\/rebub.u-bordeaux.fr\/index.php\/wp-json\/wp\/v2\/users\/81"}],"replies":[{"embeddable":true,"href":"http:\/\/rebub.u-bordeaux.fr\/index.php\/wp-json\/wp\/v2\/comments?post=18874"}],"version-history":[{"count":6,"href":"http:\/\/rebub.u-bordeaux.fr\/index.php\/wp-json\/wp\/v2\/pages\/18874\/revisions"}],"predecessor-version":[{"id":20746,"href":"http:\/\/rebub.u-bordeaux.fr\/index.php\/wp-json\/wp\/v2\/pages\/18874\/revisions\/20746"}],"up":[{"embeddable":true,"href":"http:\/\/rebub.u-bordeaux.fr\/index.php\/wp-json\/wp\/v2\/pages\/18422"}],"wp:attachment":[{"href":"http:\/\/rebub.u-bordeaux.fr\/index.php\/wp-json\/wp\/v2\/media?parent=18874"}],"curies":[{"name":"wp","href":"https:\/\/api.w.org\/{rel}","templated":true}]}}