	{"id":18881,"date":"2024-03-22T09:37:45","date_gmt":"2024-03-22T08:37:45","guid":{"rendered":"https:\/\/rebub.u-bordeaux.fr\/?page_id=18881"},"modified":"2024-07-02T10:47:36","modified_gmt":"2024-07-02T08:47:36","slug":"prolonger-le-pret-dun-document","status":"publish","type":"page","link":"http:\/\/rebub.u-bordeaux.fr\/index.php\/babord\/procedures\/services-aux-usagers\/prolonger-le-pret-dun-document\/","title":{"rendered":"Prolonger le pr\u00eat d\u2019un document"},"content":{"rendered":"<div id='wpig-floatingbar' class='wpig-floatingbar'><div id='wpig-switch-wrapper' class='wpig-switch-wrapper'><span id='wpig-floating-switch' class='wpig-floating-switch'><img src='http:\/\/rebub.u-bordeaux.fr\/wp-content\/plugins\/sticky-toc-advance-table-of-contents\/\\assets\\menu.png'><\/span><\/div><div id='wpig-contents' class='wpig-contents  wpig-sidebar-widget wpig-style-3'><span class='wpig-headline'>Table des mati\u00e8res<span><a data-action='show' class='wpig-btn-toggledisplay'>[ Show ]<\/a><\/span><\/span><!-- Table of Contents --><div id='wpig-table-of-content' class='wpig-table-of-content'><ol><li class='stoc-le-principe-du-renouvellement'><a href='#stoc-le-principe-du-renouvellement'>Le principe du renouvellement<\/a><\/li><li class='stoc-renouveler-le-pret-dun-document'><a href='#stoc-renouveler-le-pret-dun-document'>Renouveler le pr\u00eat d&rsquo;un document<\/a><\/li><\/div><!-- END OF Table of Contents --><\/div><\/div><p><div id='wpig-contents' class='wpig-contents  wpig-sidebar-widget wpig-style-1'><span class='wpig-headline'>Table des mati\u00e8res<span><a data-action='show' class='wpig-btn-toggledisplay'>[ Show ]<\/a><\/span><\/span><!-- Table of Contents --><div id='wpig-table-of-content' class='wpig-table-of-content' ><ol><li class='stoc-le-principe-du-renouvellement'><a href='#stoc-le-principe-du-renouvellement'>Le principe du renouvellement<\/a><\/li><li class='stoc-renouveler-le-pret-dun-document'><a href='#stoc-renouveler-le-pret-dun-document'>Renouveler le pr\u00eat d&rsquo;un document<\/a><\/li><\/div><!-- END OF Table of Contents --><\/div><\/p>\n<div class=\"is-layout-constrained wp-block-group bord-bloc-reutilisable\"><div class=\"wp-block-group__inner-container\">\n<div class=\"is-layout-flex wp-container-3 wp-block-columns alignfull bord-bloc-reutilisable has-background\" style=\"background-color:#ff303047\">\n<div class=\"is-layout-flow wp-block-column is-vertically-aligned-center\" style=\"flex-basis:7%\">\n<figure class=\"wp-block-image alignfull size-full\"><img decoding=\"async\" loading=\"lazy\" width=\"512\" height=\"512\" src=\"https:\/\/rebub.u-bordeaux.fr\/wp-content\/uploads\/2024\/04\/point-dexclamation.png\" alt=\"\" class=\"wp-image-19898\" srcset=\"https:\/\/rebub.u-bordeaux.fr\/wp-content\/uploads\/2024\/04\/point-dexclamation.png 512w, https:\/\/rebub.u-bordeaux.fr\/wp-content\/uploads\/2024\/04\/point-dexclamation-300x300.png 300w, https:\/\/rebub.u-bordeaux.fr\/wp-content\/uploads\/2024\/04\/point-dexclamation-150x150.png 150w\" sizes=\"(max-width: 512px) 100vw, 512px\" \/><\/figure>\n<\/div>\n\n\n\n<div class=\"is-layout-flow wp-block-column is-vertically-aligned-center\" style=\"flex-basis:85%\">\n<p><strong>Attention !<\/strong> Certaines informations de cet article ne sont pas \u00e0 jour. <\/p>\n<\/div>\n<\/div>\n<\/div><\/div>\n\n\n\n<figure class=\"wp-block-image size-large\"><img decoding=\"async\" loading=\"lazy\" width=\"1024\" height=\"431\" src=\"https:\/\/rebub.u-bordeaux.fr\/wp-content\/uploads\/2024\/01\/Babord-Universite-de-Bordeaux-Mon-Compte-lecteur-Prets-1024x431.png\" alt=\"\" class=\"wp-image-17875\" srcset=\"https:\/\/rebub.u-bordeaux.fr\/wp-content\/uploads\/2024\/01\/Babord-Universite-de-Bordeaux-Mon-Compte-lecteur-Prets-1024x431.png 1024w, https:\/\/rebub.u-bordeaux.fr\/wp-content\/uploads\/2024\/01\/Babord-Universite-de-Bordeaux-Mon-Compte-lecteur-Prets-300x126.png 300w, https:\/\/rebub.u-bordeaux.fr\/wp-content\/uploads\/2024\/01\/Babord-Universite-de-Bordeaux-Mon-Compte-lecteur-Prets-768x323.png 768w, https:\/\/rebub.u-bordeaux.fr\/wp-content\/uploads\/2024\/01\/Babord-Universite-de-Bordeaux-Mon-Compte-lecteur-Prets.png 1148w\" sizes=\"(max-width: 1024px) 100vw, 1024px\" \/><\/figure>\n\n\n\n<h2 id=\"stoc-le-principe-du-renouvellement\" class=\"wpig-heading\">Le principe du renouvellement<\/h2>\n\n\n\n<p>Pour acc\u00e9der au service de renouvellement des pr\u00eats il faut \u00eatre authentifi\u00e9.<\/p>\n\n\n\n<p>Alma renouvelle le pr\u00eat en fixant une date de retour maximal \u00e9gale \u00e0 : date de retour fix\u00e9e lors du pr\u00eat + 7 jours (ouvr\u00e9s)<\/p>\n\n\n\n<p>Mais la date du retour va aussi d\u00e9pendre du moment o\u00f9 l\u2019on effectue le renouvellement.<\/p>\n\n\n\n<p>Concr\u00e8tement, pour un document dont le pr\u00eat initial de 2 mois et emprunt\u00e9 le 3 octobre, la date de retour est le 3 d\u00e9cembre&nbsp;:<\/p>\n\n\n\n<ul>\n<li>Renouveler le pr\u00eat d\u00e8s le lendemain (le 4 octobre)&nbsp;: la date de retour sera repouss\u00e9e au 4 d\u00e9cembre<\/li>\n\n\n\n<li>Renouveler le pr\u00eat le 8 octobre&nbsp;: la date de retour sera repouss\u00e9e au 8 d\u00e9cembre<\/li>\n\n\n\n<li>Renouveler le pr\u00eat le 10 octobre&nbsp;: le pr\u00eat sera repouss\u00e9 le 10 d\u00e9cembre<\/li>\n\n\n\n<li>Renouveler le pr\u00eat le 10 novembre&nbsp;: le pr\u00eat sera repouss\u00e9 le 10 d\u00e9cembre<\/li>\n<\/ul>\n\n\n<div class=\"wp-block-image\">\n<figure class=\"aligncenter\"><a href=\"http:\/\/rebub.u-bordeaux.fr\/wp-content\/uploads\/2018\/12\/Principe-de-renouvellement.png\" target=\"_blank\" rel=\"noreferrer noopener\"><img decoding=\"async\" loading=\"lazy\" width=\"1600\" height=\"957\" src=\"http:\/\/rebub.u-bordeaux.fr\/wp-content\/uploads\/2018\/12\/Principe-de-renouvellement.png\" alt=\"\" class=\"wp-image-5074\" srcset=\"https:\/\/rebub.u-bordeaux.fr\/wp-content\/uploads\/2018\/12\/Principe-de-renouvellement.png 1600w, https:\/\/rebub.u-bordeaux.fr\/wp-content\/uploads\/2018\/12\/Principe-de-renouvellement-300x179.png 300w, https:\/\/rebub.u-bordeaux.fr\/wp-content\/uploads\/2018\/12\/Principe-de-renouvellement-768x459.png 768w, https:\/\/rebub.u-bordeaux.fr\/wp-content\/uploads\/2018\/12\/Principe-de-renouvellement-1024x612.png 1024w\" sizes=\"(max-width: 1600px) 100vw, 1600px\" \/><\/a><\/figure><\/div>\n\n\n<p>Afin de b\u00e9n\u00e9ficier de la dur\u00e9e maximale suppl\u00e9mentaire de pr\u00eat (une semaine), le lecteur devra effectuer l\u2019op\u00e9ration au moins une semaine apr\u00e8s le pr\u00eat.<\/p>\n\n\n\n<h2 id=\"stoc-renouveler-le-pret-dun-document\" class=\"wpig-heading\">Renouveler le pr\u00eat d&rsquo;un document<\/h2>\n\n\n\n<p>Depuis la page du compte lecteur, se positionner sur l&rsquo;onglet \u00ab\u00a0Pr\u00eats\u00a0\u00bb :<\/p>\n\n\n<div class=\"wp-block-image\">\n<figure class=\"aligncenter\"><a href=\"http:\/\/rebub.u-bordeaux.fr\/wp-content\/uploads\/2020\/04\/Prolonger_Onglet-pr\u00eats.png\" target=\"_blank\" rel=\"noreferrer noopener\"><img decoding=\"async\" loading=\"lazy\" width=\"3911\" height=\"1597\" src=\"http:\/\/rebub.u-bordeaux.fr\/wp-content\/uploads\/2020\/04\/Prolonger_Onglet-pr\u00eats.png\" alt=\"\" class=\"wp-image-8765\" srcset=\"https:\/\/rebub.u-bordeaux.fr\/wp-content\/uploads\/2020\/04\/Prolonger_Onglet-pr\u00eats.png 3911w, https:\/\/rebub.u-bordeaux.fr\/wp-content\/uploads\/2020\/04\/Prolonger_Onglet-pr\u00eats-300x123.png 300w, https:\/\/rebub.u-bordeaux.fr\/wp-content\/uploads\/2020\/04\/Prolonger_Onglet-pr\u00eats-1024x418.png 1024w, https:\/\/rebub.u-bordeaux.fr\/wp-content\/uploads\/2020\/04\/Prolonger_Onglet-pr\u00eats-768x314.png 768w, https:\/\/rebub.u-bordeaux.fr\/wp-content\/uploads\/2020\/04\/Prolonger_Onglet-pr\u00eats-1536x627.png 1536w, https:\/\/rebub.u-bordeaux.fr\/wp-content\/uploads\/2020\/04\/Prolonger_Onglet-pr\u00eats-2048x836.png 2048w\" sizes=\"(max-width: 3911px) 100vw, 3911px\" \/><\/a><\/figure><\/div>\n\n\n<p>Depuis la liste des pr\u00eats, cliquer sur le bouton \u00ab\u00a0Prolonger de 7 jours\u00a0\u00bb sur la ligne du document \u00e0 prolonger :<\/p>\n\n\n<div class=\"wp-block-image\">\n<figure class=\"aligncenter\"><a href=\"http:\/\/rebub.u-bordeaux.fr\/wp-content\/uploads\/2020\/04\/Prolonger_Prolonger-un-pr\u00eat.png\" target=\"_blank\" rel=\"noreferrer noopener\"><img decoding=\"async\" loading=\"lazy\" width=\"3897\" height=\"1592\" src=\"http:\/\/rebub.u-bordeaux.fr\/wp-content\/uploads\/2020\/04\/Prolonger_Prolonger-un-pr\u00eat.png\" alt=\"\" class=\"wp-image-8767\" srcset=\"https:\/\/rebub.u-bordeaux.fr\/wp-content\/uploads\/2020\/04\/Prolonger_Prolonger-un-pr\u00eat.png 3897w, https:\/\/rebub.u-bordeaux.fr\/wp-content\/uploads\/2020\/04\/Prolonger_Prolonger-un-pr\u00eat-300x123.png 300w, https:\/\/rebub.u-bordeaux.fr\/wp-content\/uploads\/2020\/04\/Prolonger_Prolonger-un-pr\u00eat-1024x418.png 1024w, https:\/\/rebub.u-bordeaux.fr\/wp-content\/uploads\/2020\/04\/Prolonger_Prolonger-un-pr\u00eat-768x314.png 768w, https:\/\/rebub.u-bordeaux.fr\/wp-content\/uploads\/2020\/04\/Prolonger_Prolonger-un-pr\u00eat-1536x627.png 1536w, https:\/\/rebub.u-bordeaux.fr\/wp-content\/uploads\/2020\/04\/Prolonger_Prolonger-un-pr\u00eat-2048x837.png 2048w\" sizes=\"(max-width: 3897px) 100vw, 3897px\" \/><\/a><\/figure><\/div>\n\n\n<p>Si le lecteur souhaite prolonger tous ses documents, cliquer sur \u00ab\u00a0Tout prolonger de 7 jours\u00a0\u00bb :<\/p>\n\n\n<div class=\"wp-block-image\">\n<figure class=\"aligncenter\"><a href=\"http:\/\/rebub.u-bordeaux.fr\/wp-content\/uploads\/2020\/04\/Prolonger_Tout-prolonger.png\" target=\"_blank\" rel=\"noreferrer noopener\"><img decoding=\"async\" loading=\"lazy\" width=\"3899\" height=\"1592\" src=\"http:\/\/rebub.u-bordeaux.fr\/wp-content\/uploads\/2020\/04\/Prolonger_Tout-prolonger.png\" alt=\"\" class=\"wp-image-8768\" srcset=\"https:\/\/rebub.u-bordeaux.fr\/wp-content\/uploads\/2020\/04\/Prolonger_Tout-prolonger.png 3899w, https:\/\/rebub.u-bordeaux.fr\/wp-content\/uploads\/2020\/04\/Prolonger_Tout-prolonger-300x122.png 300w, https:\/\/rebub.u-bordeaux.fr\/wp-content\/uploads\/2020\/04\/Prolonger_Tout-prolonger-1024x418.png 1024w, https:\/\/rebub.u-bordeaux.fr\/wp-content\/uploads\/2020\/04\/Prolonger_Tout-prolonger-768x314.png 768w, https:\/\/rebub.u-bordeaux.fr\/wp-content\/uploads\/2020\/04\/Prolonger_Tout-prolonger-1536x627.png 1536w, https:\/\/rebub.u-bordeaux.fr\/wp-content\/uploads\/2020\/04\/Prolonger_Tout-prolonger-2048x836.png 2048w\" sizes=\"(max-width: 3899px) 100vw, 3899px\" \/><\/a><\/figure><\/div>\n\n\n<p>Il est \u00e9galement possible de prolonger tous les documents depuis l&rsquo;onglet \u00ab\u00a0Aper\u00e7u\u00a0\u00bb du compte lecteur. Le bouton \u00ab\u00a0Tout prolonger de 7 jours\u00a0\u00bb est \u00e9galement disponible :<\/p>\n\n\n<div class=\"wp-block-image\">\n<figure class=\"aligncenter\"><a href=\"http:\/\/rebub.u-bordeaux.fr\/wp-content\/uploads\/2020\/04\/Prolonger_Aper\u00e7u.png\" target=\"_blank\" rel=\"noreferrer noopener\"><img decoding=\"async\" loading=\"lazy\" width=\"3897\" height=\"1718\" src=\"http:\/\/rebub.u-bordeaux.fr\/wp-content\/uploads\/2020\/04\/Prolonger_Aper\u00e7u.png\" alt=\"\" class=\"wp-image-8764\" srcset=\"https:\/\/rebub.u-bordeaux.fr\/wp-content\/uploads\/2020\/04\/Prolonger_Aper\u00e7u.png 3897w, https:\/\/rebub.u-bordeaux.fr\/wp-content\/uploads\/2020\/04\/Prolonger_Aper\u00e7u-300x132.png 300w, https:\/\/rebub.u-bordeaux.fr\/wp-content\/uploads\/2020\/04\/Prolonger_Aper\u00e7u-1024x451.png 1024w, https:\/\/rebub.u-bordeaux.fr\/wp-content\/uploads\/2020\/04\/Prolonger_Aper\u00e7u-768x339.png 768w, https:\/\/rebub.u-bordeaux.fr\/wp-content\/uploads\/2020\/04\/Prolonger_Aper\u00e7u-1536x677.png 1536w, https:\/\/rebub.u-bordeaux.fr\/wp-content\/uploads\/2020\/04\/Prolonger_Aper\u00e7u-2048x903.png 2048w\" sizes=\"(max-width: 3897px) 100vw, 3897px\" \/><\/a><\/figure><\/div>\n\n\n<p>Le ou les documents qui ont \u00e9t\u00e9 prolong\u00e9s sont marqu\u00e9s \u00ab\u00a0Prolong\u00e9\u00a0\u00bb.<\/p>\n\n\n\n<p>Le bouton \u00ab\u00a0Prolonger de 7 jours\u00a0\u00bb appara\u00eet \u00e0 partir d&rsquo;une semaine de pr\u00eat afin que le lecteur b\u00e9n\u00e9ficie du maximum de jour de prolongation.<\/p>\n\n\n\n<p>Si un lecteur est en retard sur un ou plusieurs documents, il n&rsquo;aura pas la possibilit\u00e9 de prolonger.<\/p>\n\n\n\n<p>Prolonger le pr\u00eat d\u2019un document<br>Depuis son compte, le lecteur va pouvoir prolonger la date de retour du pr\u00eat.<br>Depuis l\u2019onglet pr\u00eat<br>Le lecteur peut prolonger un \u00e0 un ses pr\u00eats en cliquant sur le bouton \u00ab\u00a0Prolonger de 14 jours\u201d<br>ou \u201cProlonger de 7 jours\u201d en fonction des \u00e9tablissements.<\/p>\n\n\n<div class=\"wp-block-image\">\n<figure class=\"aligncenter size-full\"><img decoding=\"async\" loading=\"lazy\" width=\"692\" height=\"250\" src=\"https:\/\/rebub.u-bordeaux.fr\/wp-content\/uploads\/2024\/01\/image-15.png\" alt=\"\" class=\"wp-image-17834\" srcset=\"https:\/\/rebub.u-bordeaux.fr\/wp-content\/uploads\/2024\/01\/image-15.png 692w, https:\/\/rebub.u-bordeaux.fr\/wp-content\/uploads\/2024\/01\/image-15-300x108.png 300w\" sizes=\"(max-width: 692px) 100vw, 692px\" \/><\/figure><\/div>\n\n\n<p>Il peut \u00e9galement prolonger tous ses pr\u00eats en cliquant sur \u201cTout prolonger de 14 jours\u201d ou<br>\u201cTout prolonger de 7 jours\u201d<\/p>\n\n\n<div class=\"wp-block-image\">\n<figure class=\"aligncenter size-full\"><img decoding=\"async\" loading=\"lazy\" width=\"698\" height=\"445\" src=\"https:\/\/rebub.u-bordeaux.fr\/wp-content\/uploads\/2024\/01\/image-16.png\" alt=\"\" class=\"wp-image-17835\" srcset=\"https:\/\/rebub.u-bordeaux.fr\/wp-content\/uploads\/2024\/01\/image-16.png 698w, https:\/\/rebub.u-bordeaux.fr\/wp-content\/uploads\/2024\/01\/image-16-300x191.png 300w\" sizes=\"(max-width: 698px) 100vw, 698px\" \/><\/figure><\/div>\n\n\n<p>Depuis l\u2019onglet \u201cAper\u00e7u\u201d<br>Le lecteur peut tout prolonger en cliquant sur \u201cTout prolonger de 14 jours\u201d ou \u201cTout prolonger<br>de 7 jours\u00a0\u00bb<\/p>\n\n\n<div class=\"wp-block-image\">\n<figure class=\"aligncenter size-full\"><img decoding=\"async\" loading=\"lazy\" width=\"478\" height=\"509\" src=\"https:\/\/rebub.u-bordeaux.fr\/wp-content\/uploads\/2024\/01\/image-17.png\" alt=\"\" class=\"wp-image-17836\" srcset=\"https:\/\/rebub.u-bordeaux.fr\/wp-content\/uploads\/2024\/01\/image-17.png 478w, https:\/\/rebub.u-bordeaux.fr\/wp-content\/uploads\/2024\/01\/image-17-282x300.png 282w\" sizes=\"(max-width: 478px) 100vw, 478px\" \/><\/figure><\/div>\n\n\n<p>Lorsqu\u2019il a atteint son d\u00e9lai de prolongation, Babord+ indique que \u201cProlongation impossible\u201d.<\/p>\n\n\n<div class=\"wp-block-image\">\n<figure class=\"aligncenter size-full\"><img decoding=\"async\" loading=\"lazy\" width=\"693\" height=\"114\" src=\"https:\/\/rebub.u-bordeaux.fr\/wp-content\/uploads\/2024\/01\/image-18.png\" alt=\"\" class=\"wp-image-17837\" srcset=\"https:\/\/rebub.u-bordeaux.fr\/wp-content\/uploads\/2024\/01\/image-18.png 693w, https:\/\/rebub.u-bordeaux.fr\/wp-content\/uploads\/2024\/01\/image-18-300x49.png 300w\" sizes=\"(max-width: 693px) 100vw, 693px\" \/><\/figure><\/div>\n\n\n<div class=\"is-layout-flex wp-container-10 wp-block-columns bord-bloc-reutilisable has-background\" style=\"background-color:#d9edf7\">\n<div class=\"is-layout-flow wp-block-column is-vertically-aligned-center\" style=\"font-size:15px;flex-basis:20%\">\n<p style=\"font-size:15px\"><strong>Date de publication<\/strong> <\/p>\n\n\n<div style=\"font-size:15px;\" class=\"wp-block-post-date\"><time datetime=\"2024-03-22T09:37:45+01:00\">22 mars 2024<\/time><\/div><\/div>\n\n\n\n<div class=\"is-layout-flow wp-block-column is-vertically-aligned-center\" style=\"font-size:15px;flex-basis:20%\">\n<p><strong>Mis \u00e0 jour le <\/strong><\/p>\n\n\n<div style=\"font-size:15px;\" class=\"wp-block-post-date\"><time datetime=\"2024-07-02T10:47:36+02:00\">2 juillet 2024<\/time><\/div><\/div>\n\n\n\n<div class=\"is-layout-flow wp-block-column is-vertically-aligned-center\" style=\"font-size:15px;flex-basis:40%\">\n<p><\/p>\n\n\n\n<p><strong>Attention ! <\/strong>Certains \u00e9tablissements utilisent parfois de proc\u00e9dures compl\u00e9mentaires <\/p>\n<\/div>\n\n\n\n<div class=\"is-layout-flow wp-block-column is-vertically-aligned-center\" style=\"font-size:15px;flex-basis:25%\">\n<div class=\"is-horizontal is-content-justification-center is-layout-flex wp-container-8 wp-block-buttons alignfull has-custom-font-size\" style=\"font-size:16px\">\n<div class=\"wp-block-button has-custom-width wp-block-button__width-75 has-custom-font-size is-style-fill\" style=\"font-size:15px\"><a class=\"wp-block-button__link has-white-color has-text-color has-background wp-element-button\" href=\"mailto:scoop@u-bordeaux.fr\" style=\"border-radius:65px;background-color:#000000db\"><strong>Signaler une erreur<\/strong><\/a><\/div>\n<\/div>\n<\/div>\n<\/div>\n","protected":false},"excerpt":{"rendered":"<p>Table des mati\u00e8res[ Show ]Le principe du renouvellementRenouveler le pr\u00eat d&rsquo;un documentAttention ! Certaines informations de cet article ne sont pas \u00e0 jour. Le principe du renouvellement Pour acc\u00e9der au service de renouvellement des pr\u00eats il faut \u00eatre authentifi\u00e9. Alma&#8230;<\/p>\n","protected":false},"author":81,"featured_media":0,"parent":18426,"menu_order":1,"comment_status":"closed","ping_status":"closed","template":"","meta":[],"post_mailing_queue_ids":[],"_links":{"self":[{"href":"http:\/\/rebub.u-bordeaux.fr\/index.php\/wp-json\/wp\/v2\/pages\/18881"}],"collection":[{"href":"http:\/\/rebub.u-bordeaux.fr\/index.php\/wp-json\/wp\/v2\/pages"}],"about":[{"href":"http:\/\/rebub.u-bordeaux.fr\/index.php\/wp-json\/wp\/v2\/types\/page"}],"author":[{"embeddable":true,"href":"http:\/\/rebub.u-bordeaux.fr\/index.php\/wp-json\/wp\/v2\/users\/81"}],"replies":[{"embeddable":true,"href":"http:\/\/rebub.u-bordeaux.fr\/index.php\/wp-json\/wp\/v2\/comments?post=18881"}],"version-history":[{"count":3,"href":"http:\/\/rebub.u-bordeaux.fr\/index.php\/wp-json\/wp\/v2\/pages\/18881\/revisions"}],"predecessor-version":[{"id":20750,"href":"http:\/\/rebub.u-bordeaux.fr\/index.php\/wp-json\/wp\/v2\/pages\/18881\/revisions\/20750"}],"up":[{"embeddable":true,"href":"http:\/\/rebub.u-bordeaux.fr\/index.php\/wp-json\/wp\/v2\/pages\/18426"}],"wp:attachment":[{"href":"http:\/\/rebub.u-bordeaux.fr\/index.php\/wp-json\/wp\/v2\/media?parent=18881"}],"curies":[{"name":"wp","href":"https:\/\/api.w.org\/{rel}","templated":true}]}}