	{"id":18884,"date":"2024-03-22T09:37:47","date_gmt":"2024-03-22T08:37:47","guid":{"rendered":"https:\/\/rebub.u-bordeaux.fr\/?page_id=18884"},"modified":"2024-05-02T12:16:23","modified_gmt":"2024-05-02T10:16:23","slug":"enregistrer-une-recherche","status":"publish","type":"page","link":"http:\/\/rebub.u-bordeaux.fr\/index.php\/babord\/procedures\/services-aux-usagers\/enregistrer-une-recherche\/","title":{"rendered":"Enregistrer une recherche"},"content":{"rendered":"<div id='wpig-floatingbar' class='wpig-floatingbar'><div id='wpig-switch-wrapper' class='wpig-switch-wrapper'><span id='wpig-floating-switch' class='wpig-floating-switch'><img src='http:\/\/rebub.u-bordeaux.fr\/wp-content\/plugins\/sticky-toc-advance-table-of-contents\/\\assets\\menu.png'><\/span><\/div><\/div><p><\/p>\n<p>Depuis la page de r\u00e9sultats il est possible d&rsquo;enregistrer ses recherches pour les rejouer ult\u00e9rieurement.<br>Pour enregistrer sa recherche, il faut cliquer sur le bouton \u201cEnregistrer la recherche\u201d.<\/p>\n\n\n\n<figure class=\"wp-block-image size-full\"><img decoding=\"async\" loading=\"lazy\" width=\"942\" height=\"195\" src=\"https:\/\/rebub.u-bordeaux.fr\/wp-content\/uploads\/2024\/01\/image-21.png\" alt=\"\" class=\"wp-image-17848\" srcset=\"https:\/\/rebub.u-bordeaux.fr\/wp-content\/uploads\/2024\/01\/image-21.png 942w, https:\/\/rebub.u-bordeaux.fr\/wp-content\/uploads\/2024\/01\/image-21-300x62.png 300w, https:\/\/rebub.u-bordeaux.fr\/wp-content\/uploads\/2024\/01\/image-21-768x159.png 768w\" sizes=\"(max-width: 942px) 100vw, 942px\" \/><\/figure>\n\n\n\n<p><br>Le lecteur retrouve ses recherches enregistr\u00e9es dans son historique de recherche en cliquant sur sur le bouton en forme d\u2019horloge ou en cliquant sur \u201cMon historique de recherche\u201d sur son compte lecteur.<\/p>\n\n\n<div class=\"wp-block-image\">\n<figure class=\"aligncenter size-full\"><img decoding=\"async\" loading=\"lazy\" width=\"329\" height=\"76\" src=\"https:\/\/rebub.u-bordeaux.fr\/wp-content\/uploads\/2024\/01\/image-28.png\" alt=\"\" class=\"wp-image-17869\" srcset=\"https:\/\/rebub.u-bordeaux.fr\/wp-content\/uploads\/2024\/01\/image-28.png 329w, https:\/\/rebub.u-bordeaux.fr\/wp-content\/uploads\/2024\/01\/image-28-300x69.png 300w\" sizes=\"(max-width: 329px) 100vw, 329px\" \/><\/figure><\/div>\n\n<div class=\"wp-block-image\">\n<figure class=\"aligncenter size-full is-resized\"><img decoding=\"async\" loading=\"lazy\" src=\"https:\/\/rebub.u-bordeaux.fr\/wp-content\/uploads\/2024\/01\/image-22.png\" alt=\"\" class=\"wp-image-17849\" width=\"262\" height=\"355\" srcset=\"https:\/\/rebub.u-bordeaux.fr\/wp-content\/uploads\/2024\/01\/image-22.png 319w, https:\/\/rebub.u-bordeaux.fr\/wp-content\/uploads\/2024\/01\/image-22-221x300.png 221w\" sizes=\"(max-width: 262px) 100vw, 262px\" \/><\/figure><\/div>\n\n\n<p>Depuis la page d\u2019historique, il peut aller sur l\u2019onglet \u201cRecherches enregistr\u00e9es\u201d pour les retrouver.<\/p>\n\n\n\n<figure class=\"wp-block-image size-large is-resized\"><img decoding=\"async\" loading=\"lazy\" src=\"https:\/\/rebub.u-bordeaux.fr\/wp-content\/uploads\/2024\/01\/image-23-1024x268.png\" alt=\"\" class=\"wp-image-17850\" width=\"840\" height=\"219\" srcset=\"https:\/\/rebub.u-bordeaux.fr\/wp-content\/uploads\/2024\/01\/image-23-1024x268.png 1024w, https:\/\/rebub.u-bordeaux.fr\/wp-content\/uploads\/2024\/01\/image-23-300x79.png 300w, https:\/\/rebub.u-bordeaux.fr\/wp-content\/uploads\/2024\/01\/image-23-768x201.png 768w, https:\/\/rebub.u-bordeaux.fr\/wp-content\/uploads\/2024\/01\/image-23.png 1360w\" sizes=\"(max-width: 840px) 100vw, 840px\" \/><\/figure>\n\n\n\n<p>Depuis une recherche enregistr\u00e9e, le lecteur a acc\u00e8s \u00e0 diff\u00e9rentes options :<\/p>\n\n\n<div class=\"wp-block-image\">\n<figure class=\"aligncenter\"><a href=\"http:\/\/rebub.u-bordeaux.fr\/wp-content\/uploads\/2018\/07\/Primo_options-recherches-enregistr\u00e9es.png\" target=\"_blank\" rel=\"noreferrer noopener\"><img decoding=\"async\" loading=\"lazy\" width=\"1577\" height=\"97\" src=\"http:\/\/rebub.u-bordeaux.fr\/wp-content\/uploads\/2018\/07\/Primo_options-recherches-enregistr\u00e9es.png\" alt=\"\" class=\"wp-image-4096\" srcset=\"https:\/\/rebub.u-bordeaux.fr\/wp-content\/uploads\/2018\/07\/Primo_options-recherches-enregistr\u00e9es.png 1577w, https:\/\/rebub.u-bordeaux.fr\/wp-content\/uploads\/2018\/07\/Primo_options-recherches-enregistr\u00e9es-300x18.png 300w, https:\/\/rebub.u-bordeaux.fr\/wp-content\/uploads\/2018\/07\/Primo_options-recherches-enregistr\u00e9es-768x47.png 768w, https:\/\/rebub.u-bordeaux.fr\/wp-content\/uploads\/2018\/07\/Primo_options-recherches-enregistr\u00e9es-1024x63.png 1024w\" sizes=\"(max-width: 1577px) 100vw, 1577px\" \/><\/a><\/figure><\/div>\n\n\n<ul>\n<li>&nbsp;le bouton <img decoding=\"async\" loading=\"lazy\" src=\"http:\/\/rebub.u-bordeaux.fr\/wp-content\/uploads\/2018\/07\/Primo_bouton-flux-rss.png\" alt=\"\" width=\"37\" height=\"35\"> permet de cr\u00e9er un flux RSS : en cliquant le lecteur obtient l&rsquo;URL de la recherche qu&rsquo;il peut copier dans son gestionnaire de flux RSS<\/li>\n\n\n\n<li>&nbsp;le bouton <img decoding=\"async\" loading=\"lazy\" src=\"http:\/\/rebub.u-bordeaux.fr\/wp-content\/uploads\/2018\/07\/Primo_bouton-alerte.png\" alt=\"\" width=\"35\" height=\"38\"> permet au lecteur d&rsquo;\u00eatre alert\u00e9 par mail d\u00e8s qu&rsquo;il y a une nouvelle r\u00e9f\u00e9rence correspondant aux crit\u00e8res de la recherche enregistr\u00e9e. Lorsque le lecteur clique sur ce bouton, ce dernier change de couleur et l&rsquo;adresse d&rsquo;envoi est confirm\u00e9e (elle peut \u00eatre modifier en cliquant sur \u00ab\u00a0Changer l&rsquo;adresse de courriel\u00a0\u00bb).<\/li>\n\n\n\n<li>&nbsp;le bouton <img decoding=\"async\" loading=\"lazy\" src=\"http:\/\/rebub.u-bordeaux.fr\/wp-content\/uploads\/2018\/07\/Primo_bouton-suppression.png\" alt=\"\" width=\"35\" height=\"36\"> permet de supprimer sa recherche des recherches enregistr\u00e9es.<\/li>\n<\/ul>\n\n\n\n<div class=\"is-layout-flex wp-container-6 wp-block-columns bord-bloc-reutilisable has-background\" style=\"background-color:#d9edf7\">\n<div class=\"is-layout-flow wp-block-column is-vertically-aligned-center\" style=\"font-size:15px;flex-basis:20%\">\n<p style=\"font-size:15px\"><strong>Date de publication<\/strong> <\/p>\n\n\n<div style=\"font-size:15px;\" class=\"wp-block-post-date\"><time datetime=\"2024-03-22T09:37:47+01:00\">22 mars 2024<\/time><\/div><\/div>\n\n\n\n<div class=\"is-layout-flow wp-block-column is-vertically-aligned-center\" style=\"font-size:15px;flex-basis:20%\">\n<p><strong>Mis \u00e0 jour le <\/strong><\/p>\n\n\n<div style=\"font-size:15px;\" class=\"wp-block-post-date\"><time datetime=\"2024-05-02T12:16:23+02:00\">2 mai 2024<\/time><\/div><\/div>\n\n\n\n<div class=\"is-layout-flow wp-block-column is-vertically-aligned-center\" style=\"font-size:15px;flex-basis:40%\">\n<p><\/p>\n\n\n\n<p><strong>Attention ! <\/strong>Certains \u00e9tablissements utilisent parfois de proc\u00e9dures compl\u00e9mentaires <\/p>\n<\/div>\n\n\n\n<div class=\"is-layout-flow wp-block-column is-vertically-aligned-center\" style=\"font-size:15px;flex-basis:25%\">\n<div class=\"is-horizontal is-content-justification-center is-layout-flex wp-container-4 wp-block-buttons alignfull has-custom-font-size\" style=\"font-size:16px\">\n<div class=\"wp-block-button has-custom-width wp-block-button__width-75 has-custom-font-size is-style-fill\" style=\"font-size:15px\"><a class=\"wp-block-button__link has-white-color has-text-color has-background wp-element-button\" href=\"mailto:scoop@u-bordeaux.fr\" style=\"border-radius:65px;background-color:#000000db\"><strong>Signaler une erreur<\/strong><\/a><\/div>\n<\/div>\n<\/div>\n<\/div>\n","protected":false},"excerpt":{"rendered":"<p>Depuis la page de r\u00e9sultats il est possible d&rsquo;enregistrer ses recherches pour les rejouer ult\u00e9rieurement.Pour enregistrer sa recherche, il faut cliquer sur le bouton \u201cEnregistrer la recherche\u201d. Le lecteur retrouve ses recherches enregistr\u00e9es dans son historique de recherche en cliquant&#8230;<\/p>\n","protected":false},"author":81,"featured_media":0,"parent":18426,"menu_order":4,"comment_status":"closed","ping_status":"closed","template":"","meta":[],"post_mailing_queue_ids":[],"_links":{"self":[{"href":"http:\/\/rebub.u-bordeaux.fr\/index.php\/wp-json\/wp\/v2\/pages\/18884"}],"collection":[{"href":"http:\/\/rebub.u-bordeaux.fr\/index.php\/wp-json\/wp\/v2\/pages"}],"about":[{"href":"http:\/\/rebub.u-bordeaux.fr\/index.php\/wp-json\/wp\/v2\/types\/page"}],"author":[{"embeddable":true,"href":"http:\/\/rebub.u-bordeaux.fr\/index.php\/wp-json\/wp\/v2\/users\/81"}],"replies":[{"embeddable":true,"href":"http:\/\/rebub.u-bordeaux.fr\/index.php\/wp-json\/wp\/v2\/comments?post=18884"}],"version-history":[{"count":4,"href":"http:\/\/rebub.u-bordeaux.fr\/index.php\/wp-json\/wp\/v2\/pages\/18884\/revisions"}],"predecessor-version":[{"id":20760,"href":"http:\/\/rebub.u-bordeaux.fr\/index.php\/wp-json\/wp\/v2\/pages\/18884\/revisions\/20760"}],"up":[{"embeddable":true,"href":"http:\/\/rebub.u-bordeaux.fr\/index.php\/wp-json\/wp\/v2\/pages\/18426"}],"wp:attachment":[{"href":"http:\/\/rebub.u-bordeaux.fr\/index.php\/wp-json\/wp\/v2\/media?parent=18884"}],"curies":[{"name":"wp","href":"https:\/\/api.w.org\/{rel}","templated":true}]}}