	{"id":18885,"date":"2024-03-22T09:37:48","date_gmt":"2024-03-22T08:37:48","guid":{"rendered":"https:\/\/rebub.u-bordeaux.fr\/?page_id=18885"},"modified":"2024-05-02T12:16:55","modified_gmt":"2024-05-02T10:16:55","slug":"mettre-des-notices-dans-ses-favoris","status":"publish","type":"page","link":"http:\/\/rebub.u-bordeaux.fr\/index.php\/babord\/procedures\/services-aux-usagers\/mettre-des-notices-dans-ses-favoris\/","title":{"rendered":"Mettre des notices dans ses favoris"},"content":{"rendered":"<div id='wpig-floatingbar' class='wpig-floatingbar'><div id='wpig-switch-wrapper' class='wpig-switch-wrapper'><span id='wpig-floating-switch' class='wpig-floating-switch'><img src='http:\/\/rebub.u-bordeaux.fr\/wp-content\/plugins\/sticky-toc-advance-table-of-contents\/\\assets\\menu.png'><\/span><\/div><\/div><p><\/p>\n<p>Le lecteur peut enregistrer des notices dans son compte lecteur.<br>Depuis la page des r\u00e9sultats ou depuis une notice de ressource, le lecteur cliquera sur la petite \u00e9pingle pour l\u2019enregistrer.<\/p>\n\n\n\n<figure class=\"wp-block-image size-full\"><img decoding=\"async\" loading=\"lazy\" width=\"936\" height=\"134\" src=\"https:\/\/rebub.u-bordeaux.fr\/wp-content\/uploads\/2024\/01\/image-24.png\" alt=\"\" class=\"wp-image-17854\" srcset=\"https:\/\/rebub.u-bordeaux.fr\/wp-content\/uploads\/2024\/01\/image-24.png 936w, https:\/\/rebub.u-bordeaux.fr\/wp-content\/uploads\/2024\/01\/image-24-300x43.png 300w, https:\/\/rebub.u-bordeaux.fr\/wp-content\/uploads\/2024\/01\/image-24-768x110.png 768w\" sizes=\"(max-width: 936px) 100vw, 936px\" \/><\/figure>\n\n\n\n<figure class=\"wp-block-image size-large\"><img decoding=\"async\" loading=\"lazy\" width=\"1024\" height=\"234\" src=\"https:\/\/rebub.u-bordeaux.fr\/wp-content\/uploads\/2024\/01\/image-25-1024x234.png\" alt=\"\" class=\"wp-image-17855\" srcset=\"https:\/\/rebub.u-bordeaux.fr\/wp-content\/uploads\/2024\/01\/image-25-1024x234.png 1024w, https:\/\/rebub.u-bordeaux.fr\/wp-content\/uploads\/2024\/01\/image-25-300x68.png 300w, https:\/\/rebub.u-bordeaux.fr\/wp-content\/uploads\/2024\/01\/image-25-768x175.png 768w, https:\/\/rebub.u-bordeaux.fr\/wp-content\/uploads\/2024\/01\/image-25.png 1486w\" sizes=\"(max-width: 1024px) 100vw, 1024px\" \/><\/figure>\n\n\n\n<p>Il retrouve ces notices en cliquant sur le bouton \u00e9pingle en haut de la page d\u2019accueil de Babord + ou en cliquant sur \u201cMes notices enregistr\u00e9es\u201d dans son compte lecteur.<\/p>\n\n\n<div class=\"wp-block-image\">\n<figure class=\"aligncenter size-full is-resized\"><img decoding=\"async\" loading=\"lazy\" src=\"https:\/\/rebub.u-bordeaux.fr\/wp-content\/uploads\/2024\/01\/image-26.png\" alt=\"\" class=\"wp-image-17856\" width=\"307\" height=\"79\" srcset=\"https:\/\/rebub.u-bordeaux.fr\/wp-content\/uploads\/2024\/01\/image-26.png 325w, https:\/\/rebub.u-bordeaux.fr\/wp-content\/uploads\/2024\/01\/image-26-300x78.png 300w, https:\/\/rebub.u-bordeaux.fr\/wp-content\/uploads\/2024\/01\/image-26-321x84.png 321w\" sizes=\"(max-width: 307px) 100vw, 307px\" \/><\/figure><\/div>\n\n<div class=\"wp-block-image\">\n<figure class=\"aligncenter size-full is-resized\"><img decoding=\"async\" loading=\"lazy\" src=\"https:\/\/rebub.u-bordeaux.fr\/wp-content\/uploads\/2024\/01\/image-27.png\" alt=\"\" class=\"wp-image-17857\" width=\"305\" height=\"408\" srcset=\"https:\/\/rebub.u-bordeaux.fr\/wp-content\/uploads\/2024\/01\/image-27.png 325w, https:\/\/rebub.u-bordeaux.fr\/wp-content\/uploads\/2024\/01\/image-27-224x300.png 224w\" sizes=\"(max-width: 305px) 100vw, 305px\" \/><\/figure><\/div>\n\n\n<p>Depuis ses notices favorites, le lecteur va pouvoir faire un certain nombre d\u2019actions :<\/p>\n\n\n\n<ul>\n<li>les retirer en cliquant sur l\u2019\u00e9pingle<\/li>\n\n\n\n<li>ajouter des tags (mots cl\u00e9s) qui permettent de les filtrer \u00e0 l\u2019int\u00e9rieur de sa pages de notices enregistr\u00e9es<\/li>\n\n\n\n<li>exploiter les notices \u00e0 l\u2019aide de toutes les options que l\u2019on verra en suivant.<\/li>\n<\/ul>\n\n\n\n<div class=\"is-layout-flex wp-container-6 wp-block-columns bord-bloc-reutilisable has-background\" style=\"background-color:#d9edf7\">\n<div class=\"is-layout-flow wp-block-column is-vertically-aligned-center\" style=\"font-size:15px;flex-basis:20%\">\n<p style=\"font-size:15px\"><strong>Date de publication<\/strong> <\/p>\n\n\n<div style=\"font-size:15px;\" class=\"wp-block-post-date\"><time datetime=\"2024-03-22T09:37:48+01:00\">22 mars 2024<\/time><\/div><\/div>\n\n\n\n<div class=\"is-layout-flow wp-block-column is-vertically-aligned-center\" style=\"font-size:15px;flex-basis:20%\">\n<p><strong>Mis \u00e0 jour le <\/strong><\/p>\n\n\n<div style=\"font-size:15px;\" class=\"wp-block-post-date\"><time datetime=\"2024-05-02T12:16:55+02:00\">2 mai 2024<\/time><\/div><\/div>\n\n\n\n<div class=\"is-layout-flow wp-block-column is-vertically-aligned-center\" style=\"font-size:15px;flex-basis:40%\">\n<p><\/p>\n\n\n\n<p><strong>Attention ! <\/strong>Certains \u00e9tablissements utilisent parfois de proc\u00e9dures compl\u00e9mentaires <\/p>\n<\/div>\n\n\n\n<div class=\"is-layout-flow wp-block-column is-vertically-aligned-center\" style=\"font-size:15px;flex-basis:25%\">\n<div class=\"is-horizontal is-content-justification-center is-layout-flex wp-container-4 wp-block-buttons alignfull has-custom-font-size\" style=\"font-size:16px\">\n<div class=\"wp-block-button has-custom-width wp-block-button__width-75 has-custom-font-size is-style-fill\" style=\"font-size:15px\"><a class=\"wp-block-button__link has-white-color has-text-color has-background wp-element-button\" href=\"mailto:scoop@u-bordeaux.fr\" style=\"border-radius:65px;background-color:#000000db\"><strong>Signaler une erreur<\/strong><\/a><\/div>\n<\/div>\n<\/div>\n<\/div>\n","protected":false},"excerpt":{"rendered":"<p>Le lecteur peut enregistrer des notices dans son compte lecteur.Depuis la page des r\u00e9sultats ou depuis une notice de ressource, le lecteur cliquera sur la petite \u00e9pingle pour l\u2019enregistrer. Il retrouve ces notices en cliquant sur le bouton \u00e9pingle en&#8230;<\/p>\n","protected":false},"author":81,"featured_media":0,"parent":18426,"menu_order":5,"comment_status":"closed","ping_status":"closed","template":"","meta":[],"post_mailing_queue_ids":[],"_links":{"self":[{"href":"http:\/\/rebub.u-bordeaux.fr\/index.php\/wp-json\/wp\/v2\/pages\/18885"}],"collection":[{"href":"http:\/\/rebub.u-bordeaux.fr\/index.php\/wp-json\/wp\/v2\/pages"}],"about":[{"href":"http:\/\/rebub.u-bordeaux.fr\/index.php\/wp-json\/wp\/v2\/types\/page"}],"author":[{"embeddable":true,"href":"http:\/\/rebub.u-bordeaux.fr\/index.php\/wp-json\/wp\/v2\/users\/81"}],"replies":[{"embeddable":true,"href":"http:\/\/rebub.u-bordeaux.fr\/index.php\/wp-json\/wp\/v2\/comments?post=18885"}],"version-history":[{"count":4,"href":"http:\/\/rebub.u-bordeaux.fr\/index.php\/wp-json\/wp\/v2\/pages\/18885\/revisions"}],"predecessor-version":[{"id":20762,"href":"http:\/\/rebub.u-bordeaux.fr\/index.php\/wp-json\/wp\/v2\/pages\/18885\/revisions\/20762"}],"up":[{"embeddable":true,"href":"http:\/\/rebub.u-bordeaux.fr\/index.php\/wp-json\/wp\/v2\/pages\/18426"}],"wp:attachment":[{"href":"http:\/\/rebub.u-bordeaux.fr\/index.php\/wp-json\/wp\/v2\/media?parent=18885"}],"curies":[{"name":"wp","href":"https:\/\/api.w.org\/{rel}","templated":true}]}}