	{"id":18886,"date":"2024-03-22T09:37:49","date_gmt":"2024-03-22T08:37:49","guid":{"rendered":"https:\/\/rebub.u-bordeaux.fr\/?page_id=18886"},"modified":"2024-05-02T12:17:46","modified_gmt":"2024-05-02T10:17:46","slug":"les-services-non-authentifies","status":"publish","type":"page","link":"http:\/\/rebub.u-bordeaux.fr\/index.php\/babord\/procedures\/services-aux-usagers\/les-services-non-authentifies\/","title":{"rendered":"Les services non authentifi\u00e9s"},"content":{"rendered":"<div id='wpig-floatingbar' class='wpig-floatingbar'><div id='wpig-switch-wrapper' class='wpig-switch-wrapper'><span id='wpig-floating-switch' class='wpig-floating-switch'><img src='http:\/\/rebub.u-bordeaux.fr\/wp-content\/plugins\/sticky-toc-advance-table-of-contents\/\\assets\\menu.png'><\/span><\/div><div id='wpig-contents' class='wpig-contents  wpig-sidebar-widget wpig-style-3'><span class='wpig-headline'>Table des mati\u00e8res<span><a data-action='show' class='wpig-btn-toggledisplay'>[ Show ]<\/a><\/span><\/span><!-- Table of Contents --><div id='wpig-table-of-content' class='wpig-table-of-content'><ol><li class='stoc-enregistrer-des-recherches-et-des-notices'><a href='#stoc-enregistrer-des-recherches-et-des-notices'>Enregistrer des recherches et des notices<\/a><\/li><li class='stoc-exploiter-des-notices'><a href='#stoc-exploiter-des-notices'>Exploiter des notices<\/a><\/li><\/div><!-- END OF Table of Contents --><\/div><\/div><p><div id='wpig-contents' class='wpig-contents  wpig-sidebar-widget wpig-style-1'><span class='wpig-headline'>Table des mati\u00e8res<span><a data-action='show' class='wpig-btn-toggledisplay'>[ Show ]<\/a><\/span><\/span><!-- Table of Contents --><div id='wpig-table-of-content' class='wpig-table-of-content' ><ol><li class='stoc-enregistrer-des-recherches-et-des-notices'><a href='#stoc-enregistrer-des-recherches-et-des-notices'>Enregistrer des recherches et des notices<\/a><\/li><li class='stoc-exploiter-des-notices'><a href='#stoc-exploiter-des-notices'>Exploiter des notices<\/a><\/li><\/div><!-- END OF Table of Contents --><\/div><\/p>\n<p>Un certain nombre de services ou options sont disponibles sans \u00eatre authentifi\u00e9s dans Babord+.<\/p>\n\n\n\n<h2 id=\"stoc-enregistrer-des-recherches-et-des-notices\" class=\"wpig-heading\">Enregistrer des recherches et des notices<\/h2>\n\n\n\n<p>Sans \u00eatre authentifi\u00e9, il est \u00e9galement possible d\u2019<a href=\"http:\/\/rebub.u-bordeaux.fr\/index.php\/babord\/procedures\/services-aux-usagers\/enregistrer-une-recherche\/\" data-type=\"URL\" data-id=\"http:\/\/rebub.u-bordeaux.fr\/index.php\/babord\/procedures\/services-aux-usagers\/enregistrer-une-recherche\/\">enregistrer ses recherches<\/a> et des notices. Ses enregistrements ne seront valables que le temps de la session.<\/p>\n\n\n\n<h2 id=\"stoc-exploiter-des-notices\" class=\"wpig-heading\">Exploiter des notices<\/h2>\n\n\n\n<p>Des options sont disponibles afin d\u2019exploiter les notices sous diff\u00e9rentes formes :<\/p>\n\n\n\n<ul>\n<li>depuis la page de r\u00e9sultats<\/li>\n\n\n\n<li>depuis une notice de ressource<\/li>\n\n\n\n<li>depuis les favoris<\/li>\n<\/ul>\n\n\n\n<p>Ces options sont les suivantes :<\/p>\n\n\n\n<ul>\n<li><strong>Export Ris<\/strong> : exporte les notices dans un format compatible avec Zotero.<\/li>\n\n\n\n<li><strong>Citation<\/strong> : permet d\u2019obtenir la r\u00e9f\u00e9rence bibliographique de la ressource. Diff\u00e9rentes normes sont disponibles<\/li>\n\n\n\n<li><strong>Lien permanent <\/strong>: donne l\u2019URL d\u2019acc\u00e8s \u00e0 la notice<\/li>\n\n\n\n<li><strong>Imprimer <\/strong>: permet d\u2019imprimer la notice<\/li>\n\n\n\n<li><strong>Envoyer par mail <\/strong>: permet d\u2019envoyer la notice par mail<\/li>\n\n\n\n<li><strong>ZoteroBib<\/strong> : permet de g\u00e9n\u00e9rer la r\u00e9f\u00e9rence du document directement dans ZoteroBib<\/li>\n<\/ul>\n\n\n\n<div class=\"is-layout-flex wp-container-6 wp-block-columns bord-bloc-reutilisable has-background\" style=\"background-color:#d9edf7\">\n<div class=\"is-layout-flow wp-block-column is-vertically-aligned-center\" style=\"font-size:15px;flex-basis:20%\">\n<p style=\"font-size:15px\"><strong>Date de publication<\/strong> <\/p>\n\n\n<div style=\"font-size:15px;\" class=\"wp-block-post-date\"><time datetime=\"2024-03-22T09:37:49+01:00\">22 mars 2024<\/time><\/div><\/div>\n\n\n\n<div class=\"is-layout-flow wp-block-column is-vertically-aligned-center\" style=\"font-size:15px;flex-basis:20%\">\n<p><strong>Mis \u00e0 jour le <\/strong><\/p>\n\n\n<div style=\"font-size:15px;\" class=\"wp-block-post-date\"><time datetime=\"2024-05-02T12:17:46+02:00\">2 mai 2024<\/time><\/div><\/div>\n\n\n\n<div class=\"is-layout-flow wp-block-column is-vertically-aligned-center\" style=\"font-size:15px;flex-basis:40%\">\n<p><\/p>\n\n\n\n<p><strong>Attention ! <\/strong>Certains \u00e9tablissements utilisent parfois de proc\u00e9dures compl\u00e9mentaires <\/p>\n<\/div>\n\n\n\n<div class=\"is-layout-flow wp-block-column is-vertically-aligned-center\" style=\"font-size:15px;flex-basis:25%\">\n<div class=\"is-horizontal is-content-justification-center is-layout-flex wp-container-4 wp-block-buttons alignfull has-custom-font-size\" style=\"font-size:16px\">\n<div class=\"wp-block-button has-custom-width wp-block-button__width-75 has-custom-font-size is-style-fill\" style=\"font-size:15px\"><a class=\"wp-block-button__link has-white-color has-text-color has-background wp-element-button\" href=\"mailto:scoop@u-bordeaux.fr\" style=\"border-radius:65px;background-color:#000000db\"><strong>Signaler une erreur<\/strong><\/a><\/div>\n<\/div>\n<\/div>\n<\/div>\n","protected":false},"excerpt":{"rendered":"<p>Table des mati\u00e8res[ Show ]Enregistrer des recherches et des noticesExploiter des noticesUn certain nombre de services ou options sont disponibles sans \u00eatre authentifi\u00e9s dans Babord+. Enregistrer des recherches et des notices Sans \u00eatre authentifi\u00e9, il est \u00e9galement possible d\u2019enregistrer ses&#8230;<\/p>\n","protected":false},"author":81,"featured_media":0,"parent":18426,"menu_order":6,"comment_status":"closed","ping_status":"closed","template":"","meta":[],"post_mailing_queue_ids":[],"_links":{"self":[{"href":"http:\/\/rebub.u-bordeaux.fr\/index.php\/wp-json\/wp\/v2\/pages\/18886"}],"collection":[{"href":"http:\/\/rebub.u-bordeaux.fr\/index.php\/wp-json\/wp\/v2\/pages"}],"about":[{"href":"http:\/\/rebub.u-bordeaux.fr\/index.php\/wp-json\/wp\/v2\/types\/page"}],"author":[{"embeddable":true,"href":"http:\/\/rebub.u-bordeaux.fr\/index.php\/wp-json\/wp\/v2\/users\/81"}],"replies":[{"embeddable":true,"href":"http:\/\/rebub.u-bordeaux.fr\/index.php\/wp-json\/wp\/v2\/comments?post=18886"}],"version-history":[{"count":4,"href":"http:\/\/rebub.u-bordeaux.fr\/index.php\/wp-json\/wp\/v2\/pages\/18886\/revisions"}],"predecessor-version":[{"id":20764,"href":"http:\/\/rebub.u-bordeaux.fr\/index.php\/wp-json\/wp\/v2\/pages\/18886\/revisions\/20764"}],"up":[{"embeddable":true,"href":"http:\/\/rebub.u-bordeaux.fr\/index.php\/wp-json\/wp\/v2\/pages\/18426"}],"wp:attachment":[{"href":"http:\/\/rebub.u-bordeaux.fr\/index.php\/wp-json\/wp\/v2\/media?parent=18886"}],"curies":[{"name":"wp","href":"https:\/\/api.w.org\/{rel}","templated":true}]}}