	{"id":18897,"date":"2024-03-22T09:37:59","date_gmt":"2024-03-22T08:37:59","guid":{"rendered":"https:\/\/rebub.u-bordeaux.fr\/?page_id=18897"},"modified":"2024-05-02T13:01:24","modified_gmt":"2024-05-02T11:01:24","slug":"les-ressources-disponibles-dans-babord","status":"publish","type":"page","link":"http:\/\/rebub.u-bordeaux.fr\/index.php\/babord\/procedures\/signalement\/les-ressources-disponibles-dans-babord\/","title":{"rendered":"Identifier la provenance de la notice dans Babord +"},"content":{"rendered":"<div id='wpig-floatingbar' class='wpig-floatingbar'><div id='wpig-switch-wrapper' class='wpig-switch-wrapper'><span id='wpig-floating-switch' class='wpig-floating-switch'><img src='http:\/\/rebub.u-bordeaux.fr\/wp-content\/plugins\/sticky-toc-advance-table-of-contents\/\\assets\\menu.png'><\/span><\/div><div id='wpig-contents' class='wpig-contents  wpig-sidebar-widget wpig-style-3'><span class='wpig-headline'>Table des mati\u00e8res<span><a data-action='show' class='wpig-btn-toggledisplay'>[ Show ]<\/a><\/span><\/span><!-- Table of Contents --><div id='wpig-table-of-content' class='wpig-table-of-content'><ol><li class='stoc-les-ressources-provenant-dalma'><a href='#stoc-les-ressources-provenant-dalma'>Les ressources provenant d\u2019Alma<\/a><\/li><li class='stoc-les-ressources-provenant-de-cdi'><a href='#stoc-les-ressources-provenant-de-cdi'>Les ressources provenant de CDI<\/a><\/li><li class='stoc-les-ressources-provenant-des-entrepots-institutionnels'><a href='#stoc-les-ressources-provenant-des-entrepots-institutionnels'>Les ressources provenant des entrep\u00f4ts institutionnels<\/a><\/li><\/ol><\/div><!-- END OF Table of Contents --><\/div><\/div><p><div id='wpig-contents' class='wpig-contents  wpig-sidebar-widget wpig-style-1'><span class='wpig-headline'>Table des mati\u00e8res<span><a data-action='show' class='wpig-btn-toggledisplay'>[ Show ]<\/a><\/span><\/span><!-- Table of Contents --><div id='wpig-table-of-content' class='wpig-table-of-content' ><ol><li class='stoc-les-ressources-provenant-dalma'><a href='#stoc-les-ressources-provenant-dalma'>Les ressources provenant d\u2019Alma<\/a><\/li><li class='stoc-les-ressources-provenant-de-cdi'><a href='#stoc-les-ressources-provenant-de-cdi'>Les ressources provenant de CDI<\/a><\/li><li class='stoc-les-ressources-provenant-des-entrepots-institutionnels'><a href='#stoc-les-ressources-provenant-des-entrepots-institutionnels'>Les ressources provenant des entrep\u00f4ts institutionnels<\/a><\/li><\/ol><\/div><!-- END OF Table of Contents --><\/div><\/p>\n<p>Les ressources disponibles dans Babord + proviennent de trois sources :<\/p>\n\n\n\n<ul>\n<li>d&rsquo;Alma<\/li>\n\n\n\n<li>de CDI (Central Discovery Index)<\/li>\n\n\n\n<li>d&rsquo;entrep\u00f4ts institutionnels<\/li>\n<\/ul>\n\n\n\n<h2 id=\"stoc-les-ressources-provenant-dalma\" class=\"wpig-heading\">Les ressources provenant d\u2019Alma<\/h2>\n\n\n\n<p>Parmi les ressources provenant d\u2019Alma, on trouve :<\/p>\n\n\n\n<ul>\n<li>des notices de ressources imprim\u00e9es (monographies et p\u00e9riodiques)<\/li>\n\n\n\n<li>des notices de ressources \u00e9lectroniques issues du Sudoc ou de la base de connaissance d\u2019Alma (la zone communautaire) pour les ressources que les \u00e9tablissements ont activ\u00e9es<\/li>\n<\/ul>\n\n\n\n<p>On peut v\u00e9rifier la provenance de la notice dans son lien permanent :<\/p>\n\n\n\n<ul>\n<li>ressource imprim\u00e9e :<\/li>\n<\/ul>\n\n\n\n<figure class=\"wp-block-image size-large\"><img decoding=\"async\" loading=\"lazy\" width=\"1024\" height=\"136\" src=\"https:\/\/rebub.u-bordeaux.fr\/wp-content\/uploads\/2024\/01\/image-1024x136.png\" alt=\"\" class=\"wp-image-17787\" srcset=\"https:\/\/rebub.u-bordeaux.fr\/wp-content\/uploads\/2024\/01\/image-1024x136.png 1024w, https:\/\/rebub.u-bordeaux.fr\/wp-content\/uploads\/2024\/01\/image-300x40.png 300w, https:\/\/rebub.u-bordeaux.fr\/wp-content\/uploads\/2024\/01\/image-768x102.png 768w, https:\/\/rebub.u-bordeaux.fr\/wp-content\/uploads\/2024\/01\/image.png 1291w\" sizes=\"(max-width: 1024px) 100vw, 1024px\" \/><\/figure>\n\n\n\n<ul>\n<li>ressource \u00e9lectronique issue de la base de connaissance :<\/li>\n<\/ul>\n\n\n\n<figure class=\"wp-block-image size-large\"><img decoding=\"async\" loading=\"lazy\" width=\"1024\" height=\"131\" src=\"https:\/\/rebub.u-bordeaux.fr\/wp-content\/uploads\/2024\/01\/image-1-1024x131.png\" alt=\"\" class=\"wp-image-17788\" srcset=\"https:\/\/rebub.u-bordeaux.fr\/wp-content\/uploads\/2024\/01\/image-1-1024x131.png 1024w, https:\/\/rebub.u-bordeaux.fr\/wp-content\/uploads\/2024\/01\/image-1-300x38.png 300w, https:\/\/rebub.u-bordeaux.fr\/wp-content\/uploads\/2024\/01\/image-1-768x98.png 768w, https:\/\/rebub.u-bordeaux.fr\/wp-content\/uploads\/2024\/01\/image-1.png 1305w\" sizes=\"(max-width: 1024px) 100vw, 1024px\" \/><\/figure>\n\n\n\n<h2 id=\"stoc-les-ressources-provenant-de-cdi\" class=\"wpig-heading\">Les ressources provenant de CDI<\/h2>\n\n\n\n<p>CDI (Central Discovery Index) est un entrep\u00f4t de m\u00e9tadonn\u00e9es de d\u00e9pouillement (niveau article) de ressources \u00e9lectroniques. Cet entrep\u00f4t est aliment\u00e9 et g\u00e9r\u00e9 par le prestataire Ex-Libris qui r\u00e9cup\u00e8re ces m\u00e9tadonn\u00e9es aupr\u00e8s des \u00e9diteurs ou agr\u00e9gateurs de contenu.<br>Cet entrep\u00f4t est compos\u00e9 d\u2019articles, de chapitres d&rsquo;ouvrages, de communications dans des congr\u00e8s,\u2026<br>Cet entrep\u00f4t nous est fourni en l\u2019\u00e9tat et il n\u2019est pas possible d\u2019intervenir sur son contenu.<br>Les notices disponibles dans l\u2019interface publique sont celles des ressources que l\u2019on a choisi d\u2019activer sachant que chaque \u00e9tablissement peut choisir d\u2019activer les ressources pour la recherche uniquement et\/ou pour le texte int\u00e9gral.<br>On reconna\u00eet une notice provenant de CDI \u00e0 son lien p\u00e9renne :<\/p>\n\n\n\n<figure class=\"wp-block-image size-full\"><img decoding=\"async\" loading=\"lazy\" width=\"816\" height=\"104\" src=\"https:\/\/rebub.u-bordeaux.fr\/wp-content\/uploads\/2024\/01\/image-2.png\" alt=\"\" class=\"wp-image-17789\" srcset=\"https:\/\/rebub.u-bordeaux.fr\/wp-content\/uploads\/2024\/01\/image-2.png 816w, https:\/\/rebub.u-bordeaux.fr\/wp-content\/uploads\/2024\/01\/image-2-300x38.png 300w, https:\/\/rebub.u-bordeaux.fr\/wp-content\/uploads\/2024\/01\/image-2-768x98.png 768w\" sizes=\"(max-width: 816px) 100vw, 816px\" \/><\/figure>\n\n\n\n<h2 id=\"stoc-les-ressources-provenant-des-entrepots-institutionnels\" class=\"wpig-heading\">Les ressources provenant des entrep\u00f4ts institutionnels<\/h2>\n\n\n\n<p>Primo permet \u00e9galement de moissonner des ressources issues d\u2019entrep\u00f4ts locaux (archives num\u00e9riques, archives institutionnelles, environnements d\u2019apprentissage virtuels, biblioth\u00e8ques num\u00e9riques\u2026) et de les afficher ind\u00e9pendamment dans chaque vue Babord+. <br>Comme pour les pr\u00e9c\u00e9dentes ressources, ces notices sont identifiables \u00e0 partir de leur lien p\u00e9renne :<\/p>\n\n\n\n<figure class=\"wp-block-image size-large\"><img decoding=\"async\" loading=\"lazy\" width=\"1024\" height=\"96\" src=\"https:\/\/rebub.u-bordeaux.fr\/wp-content\/uploads\/2024\/01\/image-3-1024x96.png\" alt=\"\" class=\"wp-image-17790\" srcset=\"https:\/\/rebub.u-bordeaux.fr\/wp-content\/uploads\/2024\/01\/image-3-1024x96.png 1024w, https:\/\/rebub.u-bordeaux.fr\/wp-content\/uploads\/2024\/01\/image-3-300x28.png 300w, https:\/\/rebub.u-bordeaux.fr\/wp-content\/uploads\/2024\/01\/image-3-768x72.png 768w, https:\/\/rebub.u-bordeaux.fr\/wp-content\/uploads\/2024\/01\/image-3.png 1285w\" sizes=\"(max-width: 1024px) 100vw, 1024px\" \/><\/figure>\n\n\n\n<div class=\"is-layout-flex wp-container-6 wp-block-columns bord-bloc-reutilisable has-background\" style=\"background-color:#d9edf7\">\n<div class=\"is-layout-flow wp-block-column is-vertically-aligned-center\" style=\"font-size:15px;flex-basis:20%\">\n<p style=\"font-size:15px\"><strong>Date de publication<\/strong> <\/p>\n\n\n<div style=\"font-size:15px;\" class=\"wp-block-post-date\"><time datetime=\"2024-03-22T09:37:59+01:00\">22 mars 2024<\/time><\/div><\/div>\n\n\n\n<div class=\"is-layout-flow wp-block-column is-vertically-aligned-center\" style=\"font-size:15px;flex-basis:20%\">\n<p><strong>Mis \u00e0 jour le <\/strong><\/p>\n\n\n<div style=\"font-size:15px;\" class=\"wp-block-post-date\"><time datetime=\"2024-05-02T13:01:24+02:00\">2 mai 2024<\/time><\/div><\/div>\n\n\n\n<div class=\"is-layout-flow wp-block-column is-vertically-aligned-center\" style=\"font-size:15px;flex-basis:40%\">\n<p><\/p>\n\n\n\n<p><strong>Attention ! <\/strong>Certains \u00e9tablissements utilisent parfois de proc\u00e9dures compl\u00e9mentaires <\/p>\n<\/div>\n\n\n\n<div class=\"is-layout-flow wp-block-column is-vertically-aligned-center\" style=\"font-size:15px;flex-basis:25%\">\n<div class=\"is-horizontal is-content-justification-center is-layout-flex wp-container-4 wp-block-buttons alignfull has-custom-font-size\" style=\"font-size:16px\">\n<div class=\"wp-block-button has-custom-width wp-block-button__width-75 has-custom-font-size is-style-fill\" style=\"font-size:15px\"><a class=\"wp-block-button__link has-white-color has-text-color has-background wp-element-button\" href=\"mailto:scoop@u-bordeaux.fr\" style=\"border-radius:65px;background-color:#000000db\"><strong>Signaler une erreur<\/strong><\/a><\/div>\n<\/div>\n<\/div>\n<\/div>\n","protected":false},"excerpt":{"rendered":"<p>Table des mati\u00e8res[ Show ]Les ressources provenant d\u2019AlmaLes ressources provenant de CDILes ressources provenant des entrep\u00f4ts institutionnelsLes ressources disponibles dans Babord + proviennent de trois sources : Les ressources provenant d\u2019Alma Parmi les ressources provenant d\u2019Alma, on trouve : On&#8230;<\/p>\n","protected":false},"author":81,"featured_media":0,"parent":18428,"menu_order":0,"comment_status":"closed","ping_status":"closed","template":"","meta":[],"post_mailing_queue_ids":[],"_links":{"self":[{"href":"http:\/\/rebub.u-bordeaux.fr\/index.php\/wp-json\/wp\/v2\/pages\/18897"}],"collection":[{"href":"http:\/\/rebub.u-bordeaux.fr\/index.php\/wp-json\/wp\/v2\/pages"}],"about":[{"href":"http:\/\/rebub.u-bordeaux.fr\/index.php\/wp-json\/wp\/v2\/types\/page"}],"author":[{"embeddable":true,"href":"http:\/\/rebub.u-bordeaux.fr\/index.php\/wp-json\/wp\/v2\/users\/81"}],"replies":[{"embeddable":true,"href":"http:\/\/rebub.u-bordeaux.fr\/index.php\/wp-json\/wp\/v2\/comments?post=18897"}],"version-history":[{"count":4,"href":"http:\/\/rebub.u-bordeaux.fr\/index.php\/wp-json\/wp\/v2\/pages\/18897\/revisions"}],"predecessor-version":[{"id":20784,"href":"http:\/\/rebub.u-bordeaux.fr\/index.php\/wp-json\/wp\/v2\/pages\/18897\/revisions\/20784"}],"up":[{"embeddable":true,"href":"http:\/\/rebub.u-bordeaux.fr\/index.php\/wp-json\/wp\/v2\/pages\/18428"}],"wp:attachment":[{"href":"http:\/\/rebub.u-bordeaux.fr\/index.php\/wp-json\/wp\/v2\/media?parent=18897"}],"curies":[{"name":"wp","href":"https:\/\/api.w.org\/{rel}","templated":true}]}}