	{"id":18898,"date":"2024-03-22T09:38:00","date_gmt":"2024-03-22T08:38:00","guid":{"rendered":"https:\/\/rebub.u-bordeaux.fr\/?page_id=18898"},"modified":"2024-05-02T13:04:44","modified_gmt":"2024-05-02T11:04:44","slug":"les-types-de-documents-dans-babord","status":"publish","type":"page","link":"http:\/\/rebub.u-bordeaux.fr\/index.php\/babord\/procedures\/signalement\/les-types-de-documents-dans-babord\/","title":{"rendered":"Les types de documents dans Babord +"},"content":{"rendered":"<div id='wpig-floatingbar' class='wpig-floatingbar'><div id='wpig-switch-wrapper' class='wpig-switch-wrapper'><span id='wpig-floating-switch' class='wpig-floating-switch'><img src='http:\/\/rebub.u-bordeaux.fr\/wp-content\/plugins\/sticky-toc-advance-table-of-contents\/\\assets\\menu.png'><\/span><\/div><\/div><p><\/p>\n<p>Retrouvez dans le tableau ci-dessous les diff\u00e9rents types de documents et la source des donn\u00e9es :<\/p>\n\n\n\n<table id=\"tablepress-150\" class=\"tablepress tablepress-id-150\">\n<thead>\n<tr class=\"row-1 odd\">\n\t<th class=\"column-1\">Facettes<\/th><th class=\"column-2\">Nom sur la notice<\/th><th class=\"column-3\">Recherche avanc\u00e9e<\/th><th class=\"column-4\">Concerne des ressources en ligne<\/th><th class=\"column-5\">Concerne des supports physique<\/th><th class=\"column-6\">Provenance des donn\u00e9es<\/th>\n<\/tr>\n<\/thead>\n<tbody class=\"row-hover\">\n<tr class=\"row-2 even\">\n\t<td class=\"column-1\">Actes de conf\u00e9rence<\/td><td class=\"column-2\">ACTE DE CONFERENCE<\/td><td class=\"column-3\"><span style=\"color:#FF0000;\"><strong>Non<\/strong><\/span><\/td><td class=\"column-4\">Oui<\/td><td class=\"column-5\"><span style=\"color:#FF0000;\"><strong>Non<\/strong><\/span><\/td><td class=\"column-6\">CDI<\/td>\n<\/tr>\n<tr class=\"row-3 odd\">\n\t<td class=\"column-1\">Articles<\/td><td class=\"column-2\">ARTICLE<\/td><td class=\"column-3\">Oui<\/td><td class=\"column-4\">Oui<\/td><td class=\"column-5\"><span style=\"color:#FF0000;\"><strong>Non<\/strong><\/span><\/td><td class=\"column-6\">CDI<br \/>\n<span><i>Alma (Unimarc) ?<\/i><\/span><\/td>\n<\/tr>\n<tr class=\"row-4 even\">\n\t<td class=\"column-1\">Articles de journaux<\/td><td class=\"column-2\">ARTICLE DE JOURNAL<\/td><td class=\"column-3\"><span style=\"color:#FF0000;\"><strong>Non<\/strong><\/span><\/td><td class=\"column-4\">Oui<\/td><td class=\"column-5\"><span style=\"color:#FF0000;\"><strong>Non<\/strong><\/span><\/td><td class=\"column-6\">CDI<\/td>\n<\/tr>\n<tr class=\"row-5 odd\">\n\t<td class=\"column-1\">Articles de magazine<\/td><td class=\"column-2\">ARTICLE DE MAGAZINE<\/td><td class=\"column-3\"><span style=\"color:#FF0000;\"><strong>Non<\/strong><\/span><\/td><td class=\"column-4\">Oui<\/td><td class=\"column-5\"><span style=\"color:#FF0000;\"><strong>Non<\/strong><\/span><\/td><td class=\"column-6\">CDI<\/td>\n<\/tr>\n<tr class=\"row-6 even\">\n\t<td class=\"column-1\">Articles de newsletter  <\/td><td class=\"column-2\">ARTICLES DE NEWLETTER <\/td><td class=\"column-3\"><span style=\"color:#FF0000;\"><strong>Non<\/strong><\/span><\/td><td class=\"column-4\">Oui<\/td><td class=\"column-5\"><span style=\"color:#FF0000;\"><strong>Non<\/strong><\/span><\/td><td class=\"column-6\">CDI<\/td>\n<\/tr>\n<tr class=\"row-7 odd\">\n\t<td class=\"column-1\">Articles d&rsquo;encyclop\u00e9die<\/td><td class=\"column-2\">ARTICLE D&rsquo;ENCYCLOPEDIE<\/td><td class=\"column-3\"><span style=\"color:#FF0000;\"><strong>Non<\/strong><\/span><\/td><td class=\"column-4\">Oui<\/td><td class=\"column-5\"><span style=\"color:#FF0000;\"><strong>Non<\/strong><\/span><\/td><td class=\"column-6\">CDI<\/td>\n<\/tr>\n<tr class=\"row-8 even\">\n\t<td class=\"column-1\">Audio<\/td><td class=\"column-2\">CD AUDIO<\/td><td class=\"column-3\">Oui<\/td><td class=\"column-4\">Oui<\/td><td class=\"column-5\">Oui<\/td><td class=\"column-6\">CDI<br \/>\nAlma (Unimarc)<br \/>\nAlma (Marc)<\/td>\n<\/tr>\n<tr class=\"row-9 odd\">\n\t<td class=\"column-1\">Autres<\/td><td class=\"column-2\">AUTRE<\/td><td class=\"column-3\"><span style=\"color:#FF0000;\"><strong>Non<\/strong><\/span><\/td><td class=\"column-4\">Oui<\/td><td class=\"column-5\">Oui<\/td><td class=\"column-6\">CDI<br \/>\nAlma (Unimarc)<br \/>\nAlma (Marc)<\/td>\n<\/tr>\n<tr class=\"row-10 even\">\n\t<td class=\"column-1\">Bandes dessin\u00e9es<\/td><td class=\"column-2\">BANDE DESSINEE<\/td><td class=\"column-3\">Oui<\/td><td class=\"column-4\">Oui<\/td><td class=\"column-5\">Oui<\/td><td class=\"column-6\">Alma (Unimarc)<\/td>\n<\/tr>\n<tr class=\"row-11 odd\">\n\t<td class=\"column-1\">Bases de donn\u00e9es<\/td><td class=\"column-2\">BASE DE DONNEES<\/td><td class=\"column-3\"><span style=\"color:#FF0000;\"><strong>Non<\/strong><\/span><\/td><td class=\"column-4\">Oui<\/td><td class=\"column-5\"><span style=\"color:#FF0000;\"><strong>Non<\/strong><\/span><\/td><td class=\"column-6\">CDI<br \/>\nAlma (Unimarc)<br \/>\nAlma (Marc)<\/td>\n<\/tr>\n<tr class=\"row-12 even\">\n\t<td class=\"column-1\">Brevets<\/td><td class=\"column-2\">BREVET<\/td><td class=\"column-3\"><span style=\"color:#FF0000;\"><strong>Non<\/strong><\/span><\/td><td class=\"column-4\">Oui<\/td><td class=\"column-5\"><span style=\"color:#FF0000;\"><strong>Non<\/strong><\/span><\/td><td class=\"column-6\">CDI<\/td>\n<\/tr>\n<tr class=\"row-13 odd\">\n\t<td class=\"column-1\">Cartes<\/td><td class=\"column-2\">CARTE<\/td><td class=\"column-3\">Oui<\/td><td class=\"column-4\">Oui<\/td><td class=\"column-5\">Oui<\/td><td class=\"column-6\">CDI<br \/>\nAlma (Unimarc)<br \/>\nAlma (Marc)<br \/>\n1886<\/td>\n<\/tr>\n<tr class=\"row-14 even\">\n\t<td class=\"column-1\">Chapitres de livres<\/td><td class=\"column-2\">CHAPITRE DE LIVRE<\/td><td class=\"column-3\"><span style=\"color:#FF0000;\"><strong>Non<\/strong><\/span><\/td><td class=\"column-4\">Oui<\/td><td class=\"column-5\"><span style=\"color:#FF0000;\"><strong>Non<\/strong><\/span><\/td><td class=\"column-6\">CDI<\/td>\n<\/tr>\n<tr class=\"row-15 odd\">\n\t<td class=\"column-1\">Comptes rendus d&rsquo;ouvrage<\/td><td class=\"column-2\">COMPTE RENDU D&rsquo;OUVRAGE<\/td><td class=\"column-3\"><span style=\"color:#FF0000;\"><strong>Non<\/strong><\/span><\/td><td class=\"column-4\">Oui<\/td><td class=\"column-5\"><span style=\"color:#FF0000;\"><strong>Non<\/strong><\/span><\/td><td class=\"column-6\">CDI<\/td>\n<\/tr>\n<tr class=\"row-16 even\">\n\t<td class=\"column-1\">Documents gouvernementaux<\/td><td class=\"column-2\">DOCUMENT GOUVERNEMENTAL<\/td><td class=\"column-3\"><span style=\"color:#FF0000;\"><strong>Non<\/strong><\/span><\/td><td class=\"column-4\">Oui<\/td><td class=\"column-5\"><span style=\"color:#FF0000;\"><strong>Non<\/strong><\/span><\/td><td class=\"column-6\">CDI<\/td>\n<\/tr>\n<tr class=\"row-17 odd\">\n\t<td class=\"column-1\">Documents p\u00e9dagogiques <\/td><td class=\"column-2\">DOCUMENT PEDAGOGIQUE<\/td><td class=\"column-3\"><span style=\"color:#FF0000;\"><strong>Non<\/strong><\/span><\/td><td class=\"column-4\">Oui<\/td><td class=\"column-5\"><span style=\"color:#FF0000;\"><strong>Non<\/strong><\/span><\/td><td class=\"column-6\">Canal U <\/td>\n<\/tr>\n<tr class=\"row-18 even\">\n\t<td class=\"column-1\">Ensembles de donn\u00e9es<\/td><td class=\"column-2\">ENSEMBLES DE DONNEES<\/td><td class=\"column-3\"><span style=\"color:#FF0000;\"><strong>Non<\/strong><\/span><\/td><td class=\"column-4\">Oui<\/td><td class=\"column-5\"><span style=\"color:#FF0000;\"><strong>Non<\/strong><\/span><\/td><td class=\"column-6\">CDI<\/td>\n<\/tr>\n<tr class=\"row-19 odd\">\n\t<td class=\"column-1\">Images<\/td><td class=\"column-2\">IMAGE<\/td><td class=\"column-3\">Oui<\/td><td class=\"column-4\">Oui<\/td><td class=\"column-5\">Oui<\/td><td class=\"column-6\">CDI<br \/>\nAlma (Unimarc)<br \/>\nAlma (Marc)<br \/>\n1886<\/td>\n<\/tr>\n<tr class=\"row-20 even\">\n\t<td class=\"column-1\">Jeux<\/td><td class=\"column-2\">JEU<\/td><td class=\"column-3\">Oui<\/td><td class=\"column-4\"><span style=\"color:#FF0000;\"><strong>Non<\/strong><\/span><\/td><td class=\"column-5\">Oui<\/td><td class=\"column-6\">\tAlma (Unimarc)<\/td>\n<\/tr>\n<tr class=\"row-21 odd\">\n\t<td class=\"column-1\">Livres<\/td><td class=\"column-2\">LIVRE<\/td><td class=\"column-3\">Oui<\/td><td class=\"column-4\">Oui<\/td><td class=\"column-5\">Oui<\/td><td class=\"column-6\">CDI<br \/>\nAlma (Unimarc)<br \/>\nAlma (Marc)<br \/>\nBabordNum<br \/>\n1886<\/td>\n<\/tr>\n<tr class=\"row-22 even\">\n\t<td class=\"column-1\">Mat\u00e9riel d&rsquo;Archive\/Manuscrits<\/td><td class=\"column-2\">MATERIEL D&rsquo;ARCHIVE \/ MANUSCRITS<\/td><td class=\"column-3\"><span style=\"color:#FF0000;\"><strong>Non<\/strong><\/span><\/td><td class=\"column-4\">Oui<\/td><td class=\"column-5\"><span style=\"color:#FF0000;\"><strong>Non<\/strong><\/span><\/td><td class=\"column-6\">CDI<\/td>\n<\/tr>\n<tr class=\"row-23 odd\">\n\t<td class=\"column-1\">Partitions<\/td><td class=\"column-2\">PARTITION<\/td><td class=\"column-3\">Oui<\/td><td class=\"column-4\">Oui<\/td><td class=\"column-5\">Oui<\/td><td class=\"column-6\">CDI<br \/>\nAlma (Unimarc)<br \/>\nAlma (Marc)<\/td>\n<\/tr>\n<tr class=\"row-24 even\">\n\t<td class=\"column-1\">Rapports<\/td><td class=\"column-2\">RAPPORT<\/td><td class=\"column-3\"><span style=\"color:#FF0000;\"><strong>Non<\/strong><\/span><\/td><td class=\"column-4\">Oui<\/td><td class=\"column-5\"><span style=\"color:#FF0000;\"><strong>Non<\/strong><\/span><\/td><td class=\"column-6\">CDI<\/td>\n<\/tr>\n<tr class=\"row-25 odd\">\n\t<td class=\"column-1\">Ressources textuelles<\/td><td class=\"column-2\">RESSOURCE TEXTUELLE<\/td><td class=\"column-3\"><span style=\"color:#FF0000;\"><strong>Non<\/strong><\/span><\/td><td class=\"column-4\">Oui<\/td><td class=\"column-5\">Oui<\/td><td class=\"column-6\">CDI<br \/>\nAlma (Marc)<\/td>\n<\/tr>\n<tr class=\"row-26 even\">\n\t<td class=\"column-1\">Ressources Web<\/td><td class=\"column-2\">RESSOURCE WEB<\/td><td class=\"column-3\"><span style=\"color:#FF0000;\"><strong>Non<\/strong><\/span><\/td><td class=\"column-4\">Oui<\/td><td class=\"column-5\"><span style=\"color:#FF0000;\"><strong>Non<\/strong><\/span><\/td><td class=\"column-6\">CDI<\/td>\n<\/tr>\n<tr class=\"row-27 odd\">\n\t<td class=\"column-1\">Revues<\/td><td class=\"column-2\">REVUE<\/td><td class=\"column-3\">Oui<\/td><td class=\"column-4\">Oui<\/td><td class=\"column-5\">Oui<\/td><td class=\"column-6\">CDI<br \/>\nAlma (Unimarc)<br \/>\nAlma (Marc)<br \/>\n1886<\/td>\n<\/tr>\n<tr class=\"row-28 even\">\n\t<td class=\"column-1\">Tests Psychotechniques<\/td><td class=\"column-2\">TEST PSYCHOTECHNIQUE<\/td><td class=\"column-3\">Oui<\/td><td class=\"column-4\"><span style=\"color:#FF0000;\"><strong>Non<\/strong><\/span><\/td><td class=\"column-5\">Oui<\/td><td class=\"column-6\">\tAlma (Unimarc)<\/td>\n<\/tr>\n<tr class=\"row-29 odd\">\n\t<td class=\"column-1\">Travaux universitaires<\/td><td class=\"column-2\">TRAVAUX UNIVERSITAIRE<\/td><td class=\"column-3\">Oui<\/td><td class=\"column-4\">Oui<\/td><td class=\"column-5\">Oui<\/td><td class=\"column-6\">CDI<br \/>\nAlma (Unimarc)<\/td>\n<\/tr>\n<tr class=\"row-30 even\">\n\t<td class=\"column-1\">Vid\u00e9os<\/td><td class=\"column-2\">VIDEO<\/td><td class=\"column-3\">Oui<\/td><td class=\"column-4\">Oui<\/td><td class=\"column-5\">Oui<\/td><td class=\"column-6\">CDI<br \/>\nAlma (Unimarc)<br \/>\nAlma (Marc)<\/td>\n<\/tr>\n<\/tbody>\n<\/table>\n<!-- #tablepress-150 from cache -->\n\n\n<p>Pour m\u00e9moire, il y a trois sources de donn\u00e9es dans Babord + :<\/p>\n\n\n\n<ul>\n<li>&nbsp;<strong>Alma<\/strong> : documents localis\u00e9s dans le Sudoc et abonnements \u00e9lectroniques (revues et livres \u00e9lectroniques)<\/li>\n\n\n\n<li>&nbsp;<strong>Index central<\/strong> : articles et chapitres en ligne essentiellement. A noter qu&rsquo;Ebsco est interrog\u00e9 via une API sp\u00e9cifique.<\/li>\n\n\n\n<li>&nbsp;<strong>Ressources externes<\/strong> : biblioth\u00e8ques num\u00e9riques (1886, Babord-Num), Apprentoile, Canal U<\/li>\n<\/ul>\n\n\n\n<p>Une <a href=\"http:\/\/rebub.u-bordeaux.fr\/index.php\/babord\/procedures\/signalement\/les-ressources-disponibles-dans-babord\/\" data-type=\"URL\" data-id=\"http:\/\/rebub.u-bordeaux.fr\/index.php\/babord\/procedures\/signalement\/les-ressources-disponibles-dans-babord\/\">page du blog<\/a> est \u00e9galement d\u00e9di\u00e9e aux sources de donn\u00e9es dans Babord +<\/p>\n\n\n\n<div class=\"is-layout-flex wp-container-6 wp-block-columns bord-bloc-reutilisable has-background\" style=\"background-color:#d9edf7\">\n<div class=\"is-layout-flow wp-block-column is-vertically-aligned-center\" style=\"font-size:15px;flex-basis:20%\">\n<p style=\"font-size:15px\"><strong>Date de publication<\/strong> <\/p>\n\n\n<div style=\"font-size:15px;\" class=\"wp-block-post-date\"><time datetime=\"2024-03-22T09:38:00+01:00\">22 mars 2024<\/time><\/div><\/div>\n\n\n\n<div class=\"is-layout-flow wp-block-column is-vertically-aligned-center\" style=\"font-size:15px;flex-basis:20%\">\n<p><strong>Mis \u00e0 jour le <\/strong><\/p>\n\n\n<div style=\"font-size:15px;\" class=\"wp-block-post-date\"><time datetime=\"2024-05-02T13:04:44+02:00\">2 mai 2024<\/time><\/div><\/div>\n\n\n\n<div class=\"is-layout-flow wp-block-column is-vertically-aligned-center\" style=\"font-size:15px;flex-basis:40%\">\n<p><\/p>\n\n\n\n<p><strong>Attention ! <\/strong>Certains \u00e9tablissements utilisent parfois de proc\u00e9dures compl\u00e9mentaires <\/p>\n<\/div>\n\n\n\n<div class=\"is-layout-flow wp-block-column is-vertically-aligned-center\" style=\"font-size:15px;flex-basis:25%\">\n<div class=\"is-horizontal is-content-justification-center is-layout-flex wp-container-4 wp-block-buttons alignfull has-custom-font-size\" style=\"font-size:16px\">\n<div class=\"wp-block-button has-custom-width wp-block-button__width-75 has-custom-font-size is-style-fill\" style=\"font-size:15px\"><a class=\"wp-block-button__link has-white-color has-text-color has-background wp-element-button\" href=\"mailto:scoop@u-bordeaux.fr\" style=\"border-radius:65px;background-color:#000000db\"><strong>Signaler une erreur<\/strong><\/a><\/div>\n<\/div>\n<\/div>\n<\/div>\n","protected":false},"excerpt":{"rendered":"<p>Retrouvez dans le tableau ci-dessous les diff\u00e9rents types de documents et la source des donn\u00e9es : Pour m\u00e9moire, il y a trois sources de donn\u00e9es dans Babord + : Une page du blog est \u00e9galement d\u00e9di\u00e9e aux sources de donn\u00e9es&#8230;<\/p>\n","protected":false},"author":46,"featured_media":0,"parent":18428,"menu_order":1,"comment_status":"closed","ping_status":"closed","template":"","meta":[],"post_mailing_queue_ids":[],"_links":{"self":[{"href":"http:\/\/rebub.u-bordeaux.fr\/index.php\/wp-json\/wp\/v2\/pages\/18898"}],"collection":[{"href":"http:\/\/rebub.u-bordeaux.fr\/index.php\/wp-json\/wp\/v2\/pages"}],"about":[{"href":"http:\/\/rebub.u-bordeaux.fr\/index.php\/wp-json\/wp\/v2\/types\/page"}],"author":[{"embeddable":true,"href":"http:\/\/rebub.u-bordeaux.fr\/index.php\/wp-json\/wp\/v2\/users\/46"}],"replies":[{"embeddable":true,"href":"http:\/\/rebub.u-bordeaux.fr\/index.php\/wp-json\/wp\/v2\/comments?post=18898"}],"version-history":[{"count":4,"href":"http:\/\/rebub.u-bordeaux.fr\/index.php\/wp-json\/wp\/v2\/pages\/18898\/revisions"}],"predecessor-version":[{"id":20786,"href":"http:\/\/rebub.u-bordeaux.fr\/index.php\/wp-json\/wp\/v2\/pages\/18898\/revisions\/20786"}],"up":[{"embeddable":true,"href":"http:\/\/rebub.u-bordeaux.fr\/index.php\/wp-json\/wp\/v2\/pages\/18428"}],"wp:attachment":[{"href":"http:\/\/rebub.u-bordeaux.fr\/index.php\/wp-json\/wp\/v2\/media?parent=18898"}],"curies":[{"name":"wp","href":"https:\/\/api.w.org\/{rel}","templated":true}]}}