	{"id":18899,"date":"2024-03-22T09:37:53","date_gmt":"2024-03-22T08:37:53","guid":{"rendered":"https:\/\/rebub.u-bordeaux.fr\/?page_id=18899"},"modified":"2024-05-02T12:50:27","modified_gmt":"2024-05-02T10:50:27","slug":"cdi-presentation","status":"publish","type":"page","link":"http:\/\/rebub.u-bordeaux.fr\/index.php\/babord\/procedures\/cdi\/cdi-presentation\/","title":{"rendered":"CDI : Pr\u00e9sentation"},"content":{"rendered":"<div id='wpig-floatingbar' class='wpig-floatingbar'><div id='wpig-switch-wrapper' class='wpig-switch-wrapper'><span id='wpig-floating-switch' class='wpig-floating-switch'><img src='http:\/\/rebub.u-bordeaux.fr\/wp-content\/plugins\/sticky-toc-advance-table-of-contents\/\\assets\\menu.png'><\/span><\/div><div id='wpig-contents' class='wpig-contents  wpig-sidebar-widget wpig-style-3'><span class='wpig-headline'>Table des mati\u00e8res<span><a data-action='show' class='wpig-btn-toggledisplay'>[ Show ]<\/a><\/span><\/span><!-- Table of Contents --><div id='wpig-table-of-content' class='wpig-table-of-content'><ol><li class='stoc-historique-de-primo-central-index-a-central-discovery-index'><a href='#stoc-historique-de-primo-central-index-a-central-discovery-index'>Historique : de Primo Central Index \u00e0 Central Discovery Index<\/a><ol><li class='stoc-les-changements-pour-nos-utilisateurs'><a href='#stoc-les-changements-pour-nos-utilisateurs'>Les changements pour nos utilisateurs :<\/a><\/li><li class='stoc-le-changements-pour-les-gestionnaires'><a href='#stoc-le-changements-pour-les-gestionnaires'>Le changements pour les gestionnaires :<\/a><\/li><\/ol><\/li><\/div><!-- END OF Table of Contents --><\/div><\/div><p><div id='wpig-contents' class='wpig-contents  wpig-sidebar-widget wpig-style-1'><span class='wpig-headline'>Table des mati\u00e8res<span><a data-action='show' class='wpig-btn-toggledisplay'>[ Show ]<\/a><\/span><\/span><!-- Table of Contents --><div id='wpig-table-of-content' class='wpig-table-of-content' ><ol><li class='stoc-historique-de-primo-central-index-a-central-discovery-index'><a href='#stoc-historique-de-primo-central-index-a-central-discovery-index'>Historique : de Primo Central Index \u00e0 Central Discovery Index<\/a><ol><li class='stoc-les-changements-pour-nos-utilisateurs'><a href='#stoc-les-changements-pour-nos-utilisateurs'>Les changements pour nos utilisateurs :<\/a><\/li><li class='stoc-le-changements-pour-les-gestionnaires'><a href='#stoc-le-changements-pour-les-gestionnaires'>Le changements pour les gestionnaires :<\/a><\/li><\/ol><\/li><\/div><!-- END OF Table of Contents --><\/div><\/p>\n<p>Central Discovery Index (CDI) est un index unique g\u00e9r\u00e9 par Ex Libris dans lequel sont rassembl\u00e9es les m\u00e9tadonn\u00e9es d\u00e9crivant des centaines de millions de documents \u00e9lectroniques fournis par les \u00e9diteurs, par les agr\u00e9gateurs de contenus et par les entrep\u00f4ts institutionnels. On y trouve des chapitres d\u2019ebooks, des articles de revues, des rapports et autres formes de contenus avec :<\/p>\n\n\n\n<ul>\n<li>des donn\u00e9es bibliographiques<\/li>\n\n\n\n<li>des r\u00e9sum\u00e9s<\/li>\n\n\n\n<li>de l&rsquo;indexation en texte int\u00e9gral<\/li>\n\n\n\n<li>des mots clefs.<\/li>\n<\/ul>\n\n\n\n<p>Le p\u00e9rim\u00e8tre de recherche de l&rsquo;index central est en constante \u00e9volution. Il est restreint par la biblioth\u00e8que en fonction :<\/p>\n\n\n\n<ul>\n<li>Des bouquets d\u2019agr\u00e9gateurs activ\u00e9s dans Alma (pour lesquels l\u2019institution indique proposer du texte int\u00e9gral).<\/li>\n\n\n\n<li>Des bases de donn\u00e9es d\u2019\u00e9diteurs, des contenus en Open Access et des ressources d\u2019autres biblioth\u00e8ques que l\u2019institution a fait le choix de proposer \u00e0 la recherche.<\/li>\n<\/ul>\n\n\n\n<p>CDI est interrogeable depuis Babord+. Ainsi, lorsqu\u2019un lecteur lance une recherche \u00e0 partir de nos catalogues, cette derni\u00e8re va porter sur nos ressources locales et sur les m\u00e9tadonn\u00e9es de CDI. Dans l\u2019index central la recherche sera par d\u00e9faut limit\u00e9e aux ressources accessibles en texte int\u00e9gral et activ\u00e9es par la biblioth\u00e8que.<br>S\u2019il le souhaite, le lecteur pourra \u00e9tendre la recherche au document non disponible en texte int\u00e9gral.<\/p>\n\n\n\n<p>Les r\u00e9sultats de recherche sont int\u00e9gr\u00e9s les uns aux autres, ils partagent la m\u00eame liste de r\u00e9sultat et les m\u00eame facettes. Toutefois un r\u00e9sultat en provenance de l\u2019index local ne peut pas \u00eatre fusionn\u00e9 avec un r\u00e9sultat de l\u2019index central.<\/p>\n\n\n\n<h2 id=\"stoc-historique-de-primo-central-index-a-central-discovery-index\" class=\"wpig-heading\">Historique : de Primo Central Index \u00e0 Central Discovery Index<\/h2>\n\n\n\n<h3 id=\"stoc-les-changements-pour-nos-utilisateurs\" class=\"wpig-heading\">Les changements pour nos utilisateurs :<\/h3>\n\n\n\n<ul>\n<li>Une meilleure identification du type de contenu avec l\u2019ajout de nouveaux types de documents (voir l&rsquo;article sur les types de documents)<\/li>\n\n\n\n<li>La fusion des notices d\u00e9crivant des r\u00e9sultats similaires : d\u00e9sormais, lorsque deux notices de l\u2019index central d\u00e9crivent le m\u00eame document elles sont fusionn\u00e9es au lieu d\u2019\u00eatre regroup\u00e9es.<\/li>\n<\/ul>\n\n\n\n<h3 id=\"stoc-le-changements-pour-les-gestionnaires\" class=\"wpig-heading\">Le changements pour les gestionnaires :<\/h3>\n\n\n\n<p>D\u00e9sormais la gestion du p\u00e9rim\u00e8tre de recherche s\u2019effectue \u00e0 partir d\u2019Alma. Les gestionnaires vont donc voir apparaitre de nouvelles collections \u00e9lectroniques uniquement d\u00e9di\u00e9es \u00e0 l&rsquo;activation de la recherche dans CDI.<\/p>\n\n\n\n<div class=\"is-layout-flex wp-container-6 wp-block-columns bord-bloc-reutilisable has-background\" style=\"background-color:#d9edf7\">\n<div class=\"is-layout-flow wp-block-column is-vertically-aligned-center\" style=\"font-size:15px;flex-basis:20%\">\n<p style=\"font-size:15px\"><strong>Date de publication<\/strong> <\/p>\n\n\n<div style=\"font-size:15px;\" class=\"wp-block-post-date\"><time datetime=\"2024-03-22T09:37:53+01:00\">22 mars 2024<\/time><\/div><\/div>\n\n\n\n<div class=\"is-layout-flow wp-block-column is-vertically-aligned-center\" style=\"font-size:15px;flex-basis:20%\">\n<p><strong>Mis \u00e0 jour le <\/strong><\/p>\n\n\n<div style=\"font-size:15px;\" class=\"wp-block-post-date\"><time datetime=\"2024-05-02T12:50:27+02:00\">2 mai 2024<\/time><\/div><\/div>\n\n\n\n<div class=\"is-layout-flow wp-block-column is-vertically-aligned-center\" style=\"font-size:15px;flex-basis:40%\">\n<p><\/p>\n\n\n\n<p><strong>Attention ! <\/strong>Certains \u00e9tablissements utilisent parfois de proc\u00e9dures compl\u00e9mentaires <\/p>\n<\/div>\n\n\n\n<div class=\"is-layout-flow wp-block-column is-vertically-aligned-center\" style=\"font-size:15px;flex-basis:25%\">\n<div class=\"is-horizontal is-content-justification-center is-layout-flex wp-container-4 wp-block-buttons alignfull has-custom-font-size\" style=\"font-size:16px\">\n<div class=\"wp-block-button has-custom-width wp-block-button__width-75 has-custom-font-size is-style-fill\" style=\"font-size:15px\"><a class=\"wp-block-button__link has-white-color has-text-color has-background wp-element-button\" href=\"mailto:scoop@u-bordeaux.fr\" style=\"border-radius:65px;background-color:#000000db\"><strong>Signaler une erreur<\/strong><\/a><\/div>\n<\/div>\n<\/div>\n<\/div>\n","protected":false},"excerpt":{"rendered":"<p>Table des mati\u00e8res[ Show ]Historique : de Primo Central Index \u00e0 Central Discovery IndexLes changements pour nos utilisateurs :Le changements pour les gestionnaires :Central Discovery Index (CDI) est un index unique g\u00e9r\u00e9 par Ex Libris dans lequel sont rassembl\u00e9es les&#8230;<\/p>\n","protected":false},"author":81,"featured_media":0,"parent":18427,"menu_order":0,"comment_status":"closed","ping_status":"closed","template":"","meta":[],"post_mailing_queue_ids":[],"_links":{"self":[{"href":"http:\/\/rebub.u-bordeaux.fr\/index.php\/wp-json\/wp\/v2\/pages\/18899"}],"collection":[{"href":"http:\/\/rebub.u-bordeaux.fr\/index.php\/wp-json\/wp\/v2\/pages"}],"about":[{"href":"http:\/\/rebub.u-bordeaux.fr\/index.php\/wp-json\/wp\/v2\/types\/page"}],"author":[{"embeddable":true,"href":"http:\/\/rebub.u-bordeaux.fr\/index.php\/wp-json\/wp\/v2\/users\/81"}],"replies":[{"embeddable":true,"href":"http:\/\/rebub.u-bordeaux.fr\/index.php\/wp-json\/wp\/v2\/comments?post=18899"}],"version-history":[{"count":4,"href":"http:\/\/rebub.u-bordeaux.fr\/index.php\/wp-json\/wp\/v2\/pages\/18899\/revisions"}],"predecessor-version":[{"id":20766,"href":"http:\/\/rebub.u-bordeaux.fr\/index.php\/wp-json\/wp\/v2\/pages\/18899\/revisions\/20766"}],"up":[{"embeddable":true,"href":"http:\/\/rebub.u-bordeaux.fr\/index.php\/wp-json\/wp\/v2\/pages\/18427"}],"wp:attachment":[{"href":"http:\/\/rebub.u-bordeaux.fr\/index.php\/wp-json\/wp\/v2\/media?parent=18899"}],"curies":[{"name":"wp","href":"https:\/\/api.w.org\/{rel}","templated":true}]}}