	{"id":18900,"date":"2024-03-22T09:37:53","date_gmt":"2024-03-22T08:37:53","guid":{"rendered":"https:\/\/rebub.u-bordeaux.fr\/?page_id=18900"},"modified":"2024-05-02T12:54:41","modified_gmt":"2024-05-02T10:54:41","slug":"cdi-fonctionnement","status":"publish","type":"page","link":"http:\/\/rebub.u-bordeaux.fr\/index.php\/babord\/procedures\/cdi\/cdi-fonctionnement\/","title":{"rendered":"CDI : Fonctionnement"},"content":{"rendered":"<div id='wpig-floatingbar' class='wpig-floatingbar'><div id='wpig-switch-wrapper' class='wpig-switch-wrapper'><span id='wpig-floating-switch' class='wpig-floating-switch'><img src='http:\/\/rebub.u-bordeaux.fr\/wp-content\/plugins\/sticky-toc-advance-table-of-contents\/\\assets\\menu.png'><\/span><\/div><div id='wpig-contents' class='wpig-contents  wpig-sidebar-widget wpig-style-3'><span class='wpig-headline'>Table des mati\u00e8res<span><a data-action='show' class='wpig-btn-toggledisplay'>[ Show ]<\/a><\/span><\/span><!-- Table of Contents --><div id='wpig-table-of-content' class='wpig-table-of-content'><ol><li class='stoc-principe-de-base-du-fonctionnement-de-cdi'><a href='#stoc-principe-de-base-du-fonctionnement-de-cdi'>Principe de base du fonctionnement de CDI<\/a><\/li><li class='stoc-niveau-dactivation-de-la-collection-electronique'><a href='#stoc-niveau-dactivation-de-la-collection-electronique'>Niveau d&rsquo;activation de la collection \u00e9lectronique<\/a><ol><li class='stoc-activation-de-lacces-au-texte-integral'><a href='#stoc-activation-de-lacces-au-texte-integral'>Activation de l&rsquo;acc\u00e8s au texte int\u00e9gral<\/a><\/li><li class='stoc-activation-de-la-recherche-dans-cdi'><a href='#stoc-activation-de-la-recherche-dans-cdi'>Activation de la recherche dans CDI<\/a><\/li><li class='stoc-droit-dacces-au-texte-integral'><a href='#stoc-droit-dacces-au-texte-integral'>Droit d&rsquo;acc\u00e8s au texte int\u00e9gral<\/a><\/li><li class='stoc-liaison-de-texte-integral'><a href='#stoc-liaison-de-texte-integral'>Liaison de texte int\u00e9gral<\/a><\/li><li class='stoc-recherche-filtree-ou-recherche-etendue'><a href='#stoc-recherche-filtree-ou-recherche-etendue'>Recherche filtr\u00e9e ou recherche \u00e9tendue<\/a><\/li><\/ol><\/li><\/div><!-- END OF Table of Contents --><\/div><\/div><p><div id='wpig-contents' class='wpig-contents  wpig-sidebar-widget wpig-style-1'><span class='wpig-headline'>Table des mati\u00e8res<span><a data-action='show' class='wpig-btn-toggledisplay'>[ Show ]<\/a><\/span><\/span><!-- Table of Contents --><div id='wpig-table-of-content' class='wpig-table-of-content' ><ol><li class='stoc-principe-de-base-du-fonctionnement-de-cdi'><a href='#stoc-principe-de-base-du-fonctionnement-de-cdi'>Principe de base du fonctionnement de CDI<\/a><\/li><li class='stoc-niveau-dactivation-de-la-collection-electronique'><a href='#stoc-niveau-dactivation-de-la-collection-electronique'>Niveau d&rsquo;activation de la collection \u00e9lectronique<\/a><ol><li class='stoc-activation-de-lacces-au-texte-integral'><a href='#stoc-activation-de-lacces-au-texte-integral'>Activation de l&rsquo;acc\u00e8s au texte int\u00e9gral<\/a><\/li><li class='stoc-activation-de-la-recherche-dans-cdi'><a href='#stoc-activation-de-la-recherche-dans-cdi'>Activation de la recherche dans CDI<\/a><\/li><li class='stoc-droit-dacces-au-texte-integral'><a href='#stoc-droit-dacces-au-texte-integral'>Droit d&rsquo;acc\u00e8s au texte int\u00e9gral<\/a><\/li><li class='stoc-liaison-de-texte-integral'><a href='#stoc-liaison-de-texte-integral'>Liaison de texte int\u00e9gral<\/a><\/li><li class='stoc-recherche-filtree-ou-recherche-etendue'><a href='#stoc-recherche-filtree-ou-recherche-etendue'>Recherche filtr\u00e9e ou recherche \u00e9tendue<\/a><\/li><\/ol><\/li><\/div><!-- END OF Table of Contents --><\/div><\/p>\n<h2 id=\"stoc-principe-de-base-du-fonctionnement-de-cdi\" class=\"wpig-heading\">Principe de base du fonctionnement de CDI<\/h2>\n\n\n<div class=\"wp-block-image\">\n<figure class=\"aligncenter size-full is-resized\"><img decoding=\"async\" loading=\"lazy\" src=\"https:\/\/rebub.u-bordeaux.fr\/wp-content\/uploads\/2023\/12\/Image1.png\" alt=\"\" class=\"wp-image-17624\" width=\"728\" height=\"552\" srcset=\"https:\/\/rebub.u-bordeaux.fr\/wp-content\/uploads\/2023\/12\/Image1.png 834w, https:\/\/rebub.u-bordeaux.fr\/wp-content\/uploads\/2023\/12\/Image1-300x227.png 300w, https:\/\/rebub.u-bordeaux.fr\/wp-content\/uploads\/2023\/12\/Image1-768x582.png 768w\" sizes=\"(max-width: 728px) 100vw, 728px\" \/><\/figure><\/div>\n\n\n<p class=\"has-medium-font-size\"><strong>P\u00e9rim\u00e8tre de recherche<\/strong><\/p>\n\n\n<div class=\"wp-block-image\">\n<figure class=\"aligncenter size-full\"><img decoding=\"async\" loading=\"lazy\" width=\"671\" height=\"399\" src=\"https:\/\/rebub.u-bordeaux.fr\/wp-content\/uploads\/2023\/12\/Le-perimetre-de-recherche.png\" alt=\"\" class=\"wp-image-17625\" srcset=\"https:\/\/rebub.u-bordeaux.fr\/wp-content\/uploads\/2023\/12\/Le-perimetre-de-recherche.png 671w, https:\/\/rebub.u-bordeaux.fr\/wp-content\/uploads\/2023\/12\/Le-perimetre-de-recherche-300x178.png 300w\" sizes=\"(max-width: 671px) 100vw, 671px\" \/><\/figure><\/div>\n\n\n<p>La construction du p\u00e9rim\u00e8tre de recherche de CDI et le mode d&rsquo;acc\u00e8s au texte int\u00e9gral via Babord + va d\u00e9pendre d&rsquo;un certain nombre de caract\u00e9ristiques des collections \u00e9lectroniques dans Alma et de leur niveau d&rsquo;activation dans Alma.<\/p>\n\n\n\n<h2 id=\"stoc-niveau-dactivation-de-la-collection-electronique\" class=\"wpig-heading\">Niveau d&rsquo;activation de la collection \u00e9lectronique<\/h2>\n\n\n\n<h3 id=\"stoc-activation-de-lacces-au-texte-integral\" class=\"wpig-heading\">Activation de l&rsquo;acc\u00e8s au texte int\u00e9gral<\/h3>\n\n\n\n<p>L\u2019activation de l\u2019acc\u00e8s au texte int\u00e9gral est le fait d\u2019activer un service d\u2019acc\u00e8s vers le texte int\u00e9gral pour une ressource \u00e9lectronique dans Alma, soit \u00e0 l\u2019\u00e9chelle d\u2019une collection enti\u00e8re, soit \u00e0 l\u2019\u00e9chelle d\u2019un titre.&nbsp; Cette action est r\u00e9alis\u00e9e par les gestionnaires de la documentation \u00e9lectronique.  <\/p>\n\n\n\n<p>Elle permet d&rsquo;indiquer dans Babord + que les titres pr\u00e9sents dans cette collection sont disponibles en texte int\u00e9gral. Elle permet aussi au r\u00e9solveur de lien de rediriger l&rsquo;utilisateur vers la plateforme de l&rsquo;\u00e9diteur lorsqu&rsquo;il est appel\u00e9 via une OpenUrl identifiant un document pr\u00e9sent dans la collection.<\/p>\n\n\n\n<p>Une collection active pour le texte int\u00e9gral est automatiquement \u00ab\u00a0cherchable\u00a0\u00bb dans CDI.<\/p>\n\n\n\n<p>Lorsqu&rsquo;une collection est active pour l&rsquo;acc\u00e8s au texte int\u00e9gral, le pictogramme indiquant s&rsquo;il s&rsquo;agit d&rsquo;une ressource de la KB ou une ressource locale est bleut\u00e9. Dans la notice descriptive, le champ \u00ab\u00a0Services\u00a0\u00bb contient  \u00ab\u00a0Full Text (Available)\u00a0\u00bb :<\/p>\n\n\n\n<figure class=\"wp-block-image size-large\"><a href=\"http:\/\/rebub.u-bordeaux.fr\/wp-content\/uploads\/2020\/07\/Screenshot-2020-7-1-Alma-UB.png\" target=\"_blank\" rel=\"noreferrer noopener\"><img decoding=\"async\" loading=\"lazy\" width=\"1024\" height=\"181\" src=\"http:\/\/rebub.u-bordeaux.fr\/wp-content\/uploads\/2020\/07\/Screenshot-2020-7-1-Alma-UB-1024x181.png\" alt=\"\" class=\"wp-image-9254\" srcset=\"https:\/\/rebub.u-bordeaux.fr\/wp-content\/uploads\/2020\/07\/Screenshot-2020-7-1-Alma-UB-1024x181.png 1024w, https:\/\/rebub.u-bordeaux.fr\/wp-content\/uploads\/2020\/07\/Screenshot-2020-7-1-Alma-UB-300x53.png 300w, https:\/\/rebub.u-bordeaux.fr\/wp-content\/uploads\/2020\/07\/Screenshot-2020-7-1-Alma-UB-768x136.png 768w, https:\/\/rebub.u-bordeaux.fr\/wp-content\/uploads\/2020\/07\/Screenshot-2020-7-1-Alma-UB.png 1402w\" sizes=\"(max-width: 1024px) 100vw, 1024px\" \/><\/a><figcaption class=\"wp-element-caption\">Collection \u00e9lectronique active pour le texte int\u00e9gral <\/figcaption><\/figure>\n\n\n\n<p class=\"has-medium-font-size\"><strong>Recherche dans Alma <\/strong><\/p>\n\n\n\n<ul>\n<li><strong>Domaine<\/strong> : Collections \u00e9lectroniques<\/li>\n\n\n\n<li><strong>P\u00e9rim\u00e8tre<\/strong> : Institution<\/li>\n\n\n\n<li><strong>Recherche avanc\u00e9e<\/strong><\/li>\n\n\n\n<li><strong>Crit\u00e8re<\/strong> : Disponibilit\u00e9 = Disponible<\/li>\n<\/ul>\n\n\n\n<figure class=\"wp-block-image size-full\"><img decoding=\"async\" loading=\"lazy\" width=\"963\" height=\"146\" src=\"https:\/\/rebub.u-bordeaux.fr\/wp-content\/uploads\/2023\/12\/Rercherche-5.png\" alt=\"\" class=\"wp-image-17627\" srcset=\"https:\/\/rebub.u-bordeaux.fr\/wp-content\/uploads\/2023\/12\/Rercherche-5.png 963w, https:\/\/rebub.u-bordeaux.fr\/wp-content\/uploads\/2023\/12\/Rercherche-5-300x45.png 300w, https:\/\/rebub.u-bordeaux.fr\/wp-content\/uploads\/2023\/12\/Rercherche-5-768x116.png 768w\" sizes=\"(max-width: 963px) 100vw, 963px\" \/><\/figure>\n\n\n\n<h3 id=\"stoc-activation-de-la-recherche-dans-cdi\" class=\"wpig-heading\">Activation de la recherche dans CDI<\/h3>\n\n\n\n<p>Une collection activ\u00e9e pour la recherche dans CDI est ajout\u00e9e dans un d\u00e9lai de 48h au p\u00e9rim\u00e8tre de recherche de l&rsquo;index central. A l&rsquo;issue du d\u00e9lai d&rsquo;activation, son contenu devient \u00ab\u00a0cherchable\u00a0\u00bb dans Babord+. <\/p>\n\n\n\n<p>Lorsqu&rsquo;une collection est active que pour la recherche dans CDI, le pictogramme indiquant s&rsquo;il s&rsquo;agit d&rsquo;une ressource de la KB ou une ressource locale est gris\u00e9 :<\/p>\n\n\n\n<figure class=\"wp-block-image size-large\"><a href=\"http:\/\/rebub.u-bordeaux.fr\/wp-content\/uploads\/2020\/07\/Screenshot-2020-7-1-Alma-UB1.png\" target=\"_blank\" rel=\"noreferrer noopener\"><img decoding=\"async\" loading=\"lazy\" width=\"1024\" height=\"153\" src=\"http:\/\/rebub.u-bordeaux.fr\/wp-content\/uploads\/2020\/07\/Screenshot-2020-7-1-Alma-UB1-1024x153.png\" alt=\"\" class=\"wp-image-9257\" srcset=\"https:\/\/rebub.u-bordeaux.fr\/wp-content\/uploads\/2020\/07\/Screenshot-2020-7-1-Alma-UB1-1024x153.png 1024w, https:\/\/rebub.u-bordeaux.fr\/wp-content\/uploads\/2020\/07\/Screenshot-2020-7-1-Alma-UB1-300x45.png 300w, https:\/\/rebub.u-bordeaux.fr\/wp-content\/uploads\/2020\/07\/Screenshot-2020-7-1-Alma-UB1-768x115.png 768w, https:\/\/rebub.u-bordeaux.fr\/wp-content\/uploads\/2020\/07\/Screenshot-2020-7-1-Alma-UB1-1536x229.png 1536w, https:\/\/rebub.u-bordeaux.fr\/wp-content\/uploads\/2020\/07\/Screenshot-2020-7-1-Alma-UB1.png 1660w\" sizes=\"(max-width: 1024px) 100vw, 1024px\" \/><\/a><figcaption class=\"wp-element-caption\"> Collection \u00e9lectronique active pour la recherche dans CDI<\/figcaption><\/figure>\n\n\n\n<p class=\"has-medium-font-size\"><strong>Recherche dans Alma <\/strong><\/p>\n\n\n\n<ul>\n<li><strong>Domaine<\/strong> : Collections \u00e9lectroniques<\/li>\n\n\n\n<li><strong>P\u00e9rim\u00e8tre<\/strong> : Institution<\/li>\n\n\n\n<li><strong>Recherche avanc\u00e9e<\/strong><\/li>\n\n\n\n<li><strong>Crit\u00e8re<\/strong> : Dans CDI = Oui<\/li>\n\n\n\n<li><strong>Facette : <\/strong>Activation de recherche CDI = Actif pour la recherche<\/li>\n<\/ul>\n\n\n\n<figure class=\"wp-block-image size-large\"><img decoding=\"async\" loading=\"lazy\" width=\"1024\" height=\"165\" src=\"https:\/\/rebub.u-bordeaux.fr\/wp-content\/uploads\/2023\/12\/Rerc-1024x165.png\" alt=\"\" class=\"wp-image-17629\" srcset=\"https:\/\/rebub.u-bordeaux.fr\/wp-content\/uploads\/2023\/12\/Rerc-1024x165.png 1024w, https:\/\/rebub.u-bordeaux.fr\/wp-content\/uploads\/2023\/12\/Rerc-300x48.png 300w, https:\/\/rebub.u-bordeaux.fr\/wp-content\/uploads\/2023\/12\/Rerc-768x123.png 768w, https:\/\/rebub.u-bordeaux.fr\/wp-content\/uploads\/2023\/12\/Rerc.png 1282w\" sizes=\"(max-width: 1024px) 100vw, 1024px\" \/><\/figure>\n\n\n\n<h3 id=\"stoc-droit-dacces-au-texte-integral\" class=\"wpig-heading\">Droit d&rsquo;acc\u00e8s au texte int\u00e9gral<\/h3>\n\n\n\n<p>CDI va identifier les collections selon les droits d&rsquo;acc\u00e8s au texte int\u00e9gral. Il existe 3 cat\u00e9gories de droits d&rsquo;acc\u00e8s :<\/p>\n\n\n\n<ul>\n<li><strong>Abonnement (au niveau du titre)<\/strong>&nbsp;: Il s&rsquo;agit de collections \u00e9lectroniques dont l&rsquo;acc\u00e8s au texte int\u00e9gral et soumis \u00e0 abonnement pour lesquels l&rsquo;activation peut \u00eatre r\u00e9alis\u00e9e au niveau du portfolio.<\/li>\n\n\n\n<li><strong>Abonnement (au niveau de la collection)<\/strong> : Il s&rsquo;agit de collections \u00e9lectroniques dont l&rsquo;acc\u00e8s au texte int\u00e9gral et soumis \u00e0 abonnement pour lesquels l&rsquo;activation ne peut \u00eatre r\u00e9alis\u00e9e qu&rsquo;au  niveau de la collection. Il s\u2019agit essentiellement de collections de type \u00ab\u00a0bases de donn\u00e9es\u00a0\u00bb.<\/li>\n\n\n\n<li><strong>Open Access<\/strong><\/li>\n<\/ul>\n\n\n\n<p class=\"has-medium-font-size\"><strong>Recherche dans Alma en fonction du droit d&rsquo;acc\u00e8s<\/strong><\/p>\n\n\n\n<ul>\n<li><strong>Domaine<\/strong> : Collections \u00e9lectroniques<\/li>\n\n\n\n<li><strong>P\u00e9rim\u00e8tre<\/strong> : Institution<\/li>\n\n\n\n<li><strong>Recherche avanc\u00e9e<\/strong><\/li>\n\n\n\n<li><strong>Crit\u00e8re<\/strong> : Droit de texte int\u00e9gral = <\/li>\n<\/ul>\n\n\n\n<figure class=\"wp-block-image size-full\"><img decoding=\"async\" loading=\"lazy\" width=\"959\" height=\"294\" src=\"https:\/\/rebub.u-bordeaux.fr\/wp-content\/uploads\/2023\/12\/Rerherche6.png\" alt=\"\" class=\"wp-image-17632\" srcset=\"https:\/\/rebub.u-bordeaux.fr\/wp-content\/uploads\/2023\/12\/Rerherche6.png 959w, https:\/\/rebub.u-bordeaux.fr\/wp-content\/uploads\/2023\/12\/Rerherche6-300x92.png 300w, https:\/\/rebub.u-bordeaux.fr\/wp-content\/uploads\/2023\/12\/Rerherche6-768x235.png 768w\" sizes=\"(max-width: 959px) 100vw, 959px\" \/><\/figure>\n\n\n\n<h3 id=\"stoc-liaison-de-texte-integral\" class=\"wpig-heading\">Liaison de texte int\u00e9gral<\/h3>\n\n\n\n<p>Cette caract\u00e9ristique de la collection va indiquer comment CDI va rediriger l&rsquo;utilisateur vers le texte int\u00e9gral depuis la notice de r\u00e9sultat. Il existe deux valeurs possibles :<\/p>\n\n\n\n<ul>\n<li><strong>Linkresolver<\/strong> : CDI va appeler le r\u00e9solveur de liens d&rsquo;Alma et proposer au lecteur via B+ les diff\u00e9rents services disponibles pour la ressource. <\/li>\n<\/ul>\n\n\n\n<figure class=\"wp-block-image size-large\"><a href=\"http:\/\/rebub.u-bordeaux.fr\/wp-content\/uploads\/2020\/07\/Screenshot-2020-7-1-Has-the-Accuracy-of-Energy-Projections-in-OECD-Countries-Improved-since-the-1970s-Universit\u00e9-de-Borde....png\" target=\"_blank\" rel=\"noreferrer noopener\"><img decoding=\"async\" loading=\"lazy\" width=\"1024\" height=\"558\" src=\"http:\/\/rebub.u-bordeaux.fr\/wp-content\/uploads\/2020\/07\/Screenshot-2020-7-1-Has-the-Accuracy-of-Energy-Projections-in-OECD-Countries-Improved-since-the-1970s-Universit\u00e9-de-Borde...-1024x558.png\" alt=\"\" class=\"wp-image-9264\" srcset=\"https:\/\/rebub.u-bordeaux.fr\/wp-content\/uploads\/2020\/07\/Screenshot-2020-7-1-Has-the-Accuracy-of-Energy-Projections-in-OECD-Countries-Improved-since-the-1970s-Universit\u00e9-de-Borde...-1024x558.png 1024w, https:\/\/rebub.u-bordeaux.fr\/wp-content\/uploads\/2020\/07\/Screenshot-2020-7-1-Has-the-Accuracy-of-Energy-Projections-in-OECD-Countries-Improved-since-the-1970s-Universit\u00e9-de-Borde...-300x164.png 300w, https:\/\/rebub.u-bordeaux.fr\/wp-content\/uploads\/2020\/07\/Screenshot-2020-7-1-Has-the-Accuracy-of-Energy-Projections-in-OECD-Countries-Improved-since-the-1970s-Universit\u00e9-de-Borde...-768x419.png 768w, https:\/\/rebub.u-bordeaux.fr\/wp-content\/uploads\/2020\/07\/Screenshot-2020-7-1-Has-the-Accuracy-of-Energy-Projections-in-OECD-Countries-Improved-since-the-1970s-Universit\u00e9-de-Borde...-1536x837.png 1536w, https:\/\/rebub.u-bordeaux.fr\/wp-content\/uploads\/2020\/07\/Screenshot-2020-7-1-Has-the-Accuracy-of-Energy-Projections-in-OECD-Countries-Improved-since-the-1970s-Universit\u00e9-de-Borde....png 1680w\" sizes=\"(max-width: 1024px) 100vw, 1024px\" \/><\/a><figcaption class=\"wp-element-caption\">Lien d&rsquo;acc\u00e8s au texte int\u00e9gral via le r\u00e9solveur de lien <\/figcaption><\/figure>\n\n\n\n<ul>\n<li><strong>Lier dans la notice :<\/strong> B+ va rediriger directement l&rsquo;utilisateur via le lien contenu dans la notice de r\u00e9sultat. Si le droit d&rsquo;acc\u00e8s au texte int\u00e9gral pour la collection est soumis \u00e0 abonnement, le lien d&rsquo;acc\u00e8s sera proxyfi\u00e9. <\/li>\n<\/ul>\n\n\n\n<figure class=\"wp-block-image size-large\"><a href=\"http:\/\/rebub.u-bordeaux.fr\/wp-content\/uploads\/2020\/07\/A-critical-review-of-IEA-s-oil-demand-forecast-for-China-Universit\u00e9-de-Bordeaux.png\" target=\"_blank\" rel=\"noreferrer noopener\"><img decoding=\"async\" loading=\"lazy\" width=\"1024\" height=\"554\" src=\"http:\/\/rebub.u-bordeaux.fr\/wp-content\/uploads\/2020\/07\/A-critical-review-of-IEA-s-oil-demand-forecast-for-China-Universit\u00e9-de-Bordeaux-1024x554.png\" alt=\"\" class=\"wp-image-9265\" srcset=\"https:\/\/rebub.u-bordeaux.fr\/wp-content\/uploads\/2020\/07\/A-critical-review-of-IEA-s-oil-demand-forecast-for-China-Universit\u00e9-de-Bordeaux-1024x554.png 1024w, https:\/\/rebub.u-bordeaux.fr\/wp-content\/uploads\/2020\/07\/A-critical-review-of-IEA-s-oil-demand-forecast-for-China-Universit\u00e9-de-Bordeaux-300x162.png 300w, https:\/\/rebub.u-bordeaux.fr\/wp-content\/uploads\/2020\/07\/A-critical-review-of-IEA-s-oil-demand-forecast-for-China-Universit\u00e9-de-Bordeaux-768x416.png 768w, https:\/\/rebub.u-bordeaux.fr\/wp-content\/uploads\/2020\/07\/A-critical-review-of-IEA-s-oil-demand-forecast-for-China-Universit\u00e9-de-Bordeaux-1536x832.png 1536w, https:\/\/rebub.u-bordeaux.fr\/wp-content\/uploads\/2020\/07\/A-critical-review-of-IEA-s-oil-demand-forecast-for-China-Universit\u00e9-de-Bordeaux.png 1666w\" sizes=\"(max-width: 1024px) 100vw, 1024px\" \/><\/a><\/figure>\n\n\n\n<h3 id=\"stoc-recherche-filtree-ou-recherche-etendue\" class=\"wpig-heading\">Recherche filtr\u00e9e ou recherche \u00e9tendue<\/h3>\n\n\n\n<p>Il existe deux niveaux de recherche dans l&rsquo;index central.<\/p>\n\n\n\n<p>Par d\u00e9faut, CDI ne va retourner que les r\u00e9sultats normalement accessibles depuis l&rsquo;institution du catalogue (pour lesquels le texte int\u00e9gral est disponible ou pour lesquels il n&rsquo;y a pas de restriction d&rsquo;acc\u00e8s). C&rsquo;est la <strong>\u00ab\u00a0recherche filtr\u00e9e\u00a0\u00bb<\/strong>.<\/p>\n\n\n<div class=\"wp-block-image\">\n<figure class=\"aligncenter size-large\"><a href=\"http:\/\/rebub.u-bordeaux.fr\/wp-content\/uploads\/2020\/07\/Babord-Toute-la-documentation-des-universit\u00e9s-de-Bordeaux.png\" target=\"_blank\" rel=\"noreferrer noopener\"><img decoding=\"async\" loading=\"lazy\" width=\"265\" height=\"56\" src=\"http:\/\/rebub.u-bordeaux.fr\/wp-content\/uploads\/2020\/07\/Babord-Toute-la-documentation-des-universit\u00e9s-de-Bordeaux.png\" alt=\"\" class=\"wp-image-9253\"\/><\/a><figcaption class=\"wp-element-caption\">Bouton \u00ab\u00a0\u00c9tendre la recherche\u00a0\u00bb<\/figcaption><\/figure><\/div>\n\n\n<p>L&rsquo;utilisateur peut faire le choix d&rsquo;\u00e9tendre la recherche \u00e0 tout le contenu actif pour la recherche dans CDI. Il se verra alors proposer des r\u00e9sultats non accessibles depuis son institution. C&rsquo;est la <strong>\u00ab\u00a0recherche \u00e9tendue\u00a0\u00bb.<\/strong><\/p>\n\n\n\n<div class=\"is-layout-flex wp-container-6 wp-block-columns bord-bloc-reutilisable has-background\" style=\"background-color:#d9edf7\">\n<div class=\"is-layout-flow wp-block-column is-vertically-aligned-center\" style=\"font-size:15px;flex-basis:20%\">\n<p style=\"font-size:15px\"><strong>Date de publication<\/strong> <\/p>\n\n\n<div style=\"font-size:15px;\" class=\"wp-block-post-date\"><time datetime=\"2024-03-22T09:37:53+01:00\">22 mars 2024<\/time><\/div><\/div>\n\n\n\n<div class=\"is-layout-flow wp-block-column is-vertically-aligned-center\" style=\"font-size:15px;flex-basis:20%\">\n<p><strong>Mis \u00e0 jour le <\/strong><\/p>\n\n\n<div style=\"font-size:15px;\" class=\"wp-block-post-date\"><time datetime=\"2024-05-02T12:54:41+02:00\">2 mai 2024<\/time><\/div><\/div>\n\n\n\n<div class=\"is-layout-flow wp-block-column is-vertically-aligned-center\" style=\"font-size:15px;flex-basis:40%\">\n<p><\/p>\n\n\n\n<p><strong>Attention ! <\/strong>Certains \u00e9tablissements utilisent parfois de proc\u00e9dures compl\u00e9mentaires <\/p>\n<\/div>\n\n\n\n<div class=\"is-layout-flow wp-block-column is-vertically-aligned-center\" style=\"font-size:15px;flex-basis:25%\">\n<div class=\"is-horizontal is-content-justification-center is-layout-flex wp-container-4 wp-block-buttons alignfull has-custom-font-size\" style=\"font-size:16px\">\n<div class=\"wp-block-button has-custom-width wp-block-button__width-75 has-custom-font-size is-style-fill\" style=\"font-size:15px\"><a class=\"wp-block-button__link has-white-color has-text-color has-background wp-element-button\" href=\"mailto:scoop@u-bordeaux.fr\" style=\"border-radius:65px;background-color:#000000db\"><strong>Signaler une erreur<\/strong><\/a><\/div>\n<\/div>\n<\/div>\n<\/div>\n","protected":false},"excerpt":{"rendered":"<p>Table des mati\u00e8res[ Show ]Principe de base du fonctionnement de CDINiveau d&rsquo;activation de la collection \u00e9lectroniqueActivation de l&rsquo;acc\u00e8s au texte int\u00e9gralActivation de la recherche dans CDIDroit d&rsquo;acc\u00e8s au texte int\u00e9gralLiaison de texte int\u00e9gralRecherche filtr\u00e9e ou recherche \u00e9tenduePrincipe de base du&#8230;<\/p>\n","protected":false},"author":81,"featured_media":0,"parent":18427,"menu_order":1,"comment_status":"closed","ping_status":"closed","template":"","meta":[],"post_mailing_queue_ids":[],"_links":{"self":[{"href":"http:\/\/rebub.u-bordeaux.fr\/index.php\/wp-json\/wp\/v2\/pages\/18900"}],"collection":[{"href":"http:\/\/rebub.u-bordeaux.fr\/index.php\/wp-json\/wp\/v2\/pages"}],"about":[{"href":"http:\/\/rebub.u-bordeaux.fr\/index.php\/wp-json\/wp\/v2\/types\/page"}],"author":[{"embeddable":true,"href":"http:\/\/rebub.u-bordeaux.fr\/index.php\/wp-json\/wp\/v2\/users\/81"}],"replies":[{"embeddable":true,"href":"http:\/\/rebub.u-bordeaux.fr\/index.php\/wp-json\/wp\/v2\/comments?post=18900"}],"version-history":[{"count":5,"href":"http:\/\/rebub.u-bordeaux.fr\/index.php\/wp-json\/wp\/v2\/pages\/18900\/revisions"}],"predecessor-version":[{"id":20773,"href":"http:\/\/rebub.u-bordeaux.fr\/index.php\/wp-json\/wp\/v2\/pages\/18900\/revisions\/20773"}],"up":[{"embeddable":true,"href":"http:\/\/rebub.u-bordeaux.fr\/index.php\/wp-json\/wp\/v2\/pages\/18427"}],"wp:attachment":[{"href":"http:\/\/rebub.u-bordeaux.fr\/index.php\/wp-json\/wp\/v2\/media?parent=18900"}],"curies":[{"name":"wp","href":"https:\/\/api.w.org\/{rel}","templated":true}]}}